{"id":1499,"date":"2024-08-17T23:35:34","date_gmt":"2024-08-17T23:35:34","guid":{"rendered":"https:\/\/bizautom.com\/?page_id=1499"},"modified":"2024-08-19T18:55:35","modified_gmt":"2024-08-19T18:55:35","slug":"affordable-scada-systems","status":"publish","type":"page","link":"https:\/\/bizautom.com\/es\/affordable-scada-systems\/","title":{"rendered":"Sistemas SCADA asequibles"},"content":{"rendered":"<h3 class=\"wp-block-heading\">El compromiso de BizAutom con las soluciones rentables<\/h3>\n\n\n\n<p>En BizAutom, nos dedicamos a suministrar m\u00e1quinas autom\u00e1ticas de pesaje, medici\u00f3n y envasado rentables y de alta calidad que satisfacen las diversas necesidades de las empresas, independientemente de su tama\u00f1o. Entendemos que la eficiencia y la precisi\u00f3n son fundamentales para mantener una ventaja competitiva en el vertiginoso mercado actual. Por eso nuestras soluciones est\u00e1n dise\u00f1adas espec\u00edficamente para agilizar sus operaciones, reducir los gastos generales y mejorar la productividad.<\/p>\n\n\n\n<p>Nuestras m\u00e1quinas est\u00e1n construidas con las \u00faltimas innovaciones en automatizaci\u00f3n y est\u00e1n dise\u00f1adas para ser escalables, garantizando que puedan crecer junto con su negocio. Tanto si se trata de una peque\u00f1a empresa que busca optimizar unos pocos procesos como de una gran corporaci\u00f3n que pretende renovar su l\u00ednea de producci\u00f3n, BizAutom tiene la soluci\u00f3n adecuada para usted.<\/p>\n\n\n\n<h3 class=\"wp-block-heading\">Aprovechar la tecnolog\u00eda SCADA para obtener un rendimiento superior<\/h3>\n\n\n\n<p>Una piedra angular de nuestra tecnolog\u00eda es la integraci\u00f3n de sistemas SCADA (Supervisi\u00f3n, Control y Adquisici\u00f3n de Datos). SCADA es una potente herramienta que permite supervisar y controlar en tiempo real los procesos industriales. Se utiliza ampliamente en industrias como la fabricaci\u00f3n, la energ\u00eda, el tratamiento de aguas y el transporte, donde la eficiencia, la precisi\u00f3n y la fiabilidad son primordiales.<\/p>\n\n\n\n<h3 class=\"wp-block-heading\">\u00bfQu\u00e9 es SCADA?<\/h3>\n\n\n\n<p>SCADA es un sistema avanzado que recopila datos de sensores y dispositivos situados en toda una instalaci\u00f3n de producci\u00f3n. A continuaci\u00f3n, estos datos se procesan y se muestran en una interfaz f\u00e1cil de usar, lo que permite a los operarios supervisar el rendimiento de los equipos, realizar un seguimiento de las m\u00e9tricas de producci\u00f3n y responder a los problemas en tiempo real. Los sistemas SCADA tambi\u00e9n pueden automatizar tareas rutinarias, reduciendo la necesidad de intervenci\u00f3n manual y minimizando el riesgo de error humano.<\/p>\n\n\n\n<h3 class=\"wp-block-heading\">C\u00f3mo beneficia SCADA a nuestros clientes<\/h3>\n\n\n\n<ol class=\"wp-block-list\">\n<li><strong>Mayor eficiencia:<\/strong> Los sistemas SCADA permiten recopilar y analizar datos en tiempo real, lo que permite a las empresas optimizar los procesos, reducir los tiempos de inactividad y aumentar la eficacia general.<\/li>\n\n\n\n<li><strong>Precisi\u00f3n mejorada:<\/strong> Al automatizar la recogida y el an\u00e1lisis de datos, SCADA reduce la posibilidad de errores, garantizando que las mediciones sean precisas y fiables.<\/li>\n\n\n\n<li><strong>Ahorro de costes:<\/strong> La automatizaci\u00f3n mediante SCADA minimiza la necesidad de mano de obra y reduce la probabilidad de cometer errores costosos, lo que se traduce en un importante ahorro de costes a lo largo del tiempo.<\/li>\n\n\n\n<li><strong>Escalabilidad:<\/strong> Los sistemas SCADA son altamente escalables, lo que los hace adecuados para empresas de todos los tama\u00f1os. A medida que crecen sus operaciones, SCADA puede adaptarse f\u00e1cilmente para gestionar mayores requisitos de datos y control.<\/li>\n\n\n\n<li><strong>Supervisi\u00f3n y control remotos:<\/strong> SCADA permite supervisar y controlar los equipos a distancia, lo que aporta flexibilidad y garantiza que los procesos puedan gestionarse desde cualquier lugar y en cualquier momento.<\/li>\n\n\n\n<li><strong>Toma de decisiones basada en datos:<\/strong> Con SCADA, las empresas pueden aprovechar el poder de los datos para tomar decisiones informadas, optimizar la asignaci\u00f3n de recursos y mejorar el rendimiento operativo general.<\/li>\n<\/ol>\n\n\n\n<p>En BizAutom, nos comprometemos a ayudar a nuestros clientes a aprovechar las ventajas de la tecnolog\u00eda SCADA para alcanzar sus objetivos operativos. Nuestras m\u00e1quinas no solo son rentables, sino que tambi\u00e9n est\u00e1n dise\u00f1adas para integrarse a la perfecci\u00f3n con los sistemas SCADA, proporcion\u00e1ndole una soluci\u00f3n integral que impulsa la eficiencia, la precisi\u00f3n y el crecimiento.<\/p>\n\n\n\n<p>Deje que BizAutom sea su socio en la construcci\u00f3n de un futuro m\u00e1s inteligente y eficiente para su empresa.<\/p>","protected":false},"excerpt":{"rendered":"<p>BizAutom&#8217;s Commitment to Cost-Effective Solutions At BizAutom, we are dedicated to delivering high-quality, cost-effective automatic weighing, measuring, and packing machines that cater to the diverse needs of businesses, regardless of their size. We understand that efficiency and precision are critical to maintaining a competitive edge in today&#8217;s fast-paced market. That&#8217;s why our solutions are specifically [&hellip;]<\/p>\n","protected":false},"author":1,"featured_media":0,"parent":0,"menu_order":0,"comment_status":"closed","ping_status":"closed","template":"","meta":{"footnotes":""},"class_list":["post-1499","page","type-page","status-publish","hentry"],"yoast_head":"<!-- This site is optimized with the Yoast SEO plugin v27.3 - https:\/\/yoast.com\/product\/yoast-seo-wordpress\/ -->\n<title>Affordable SCADA Systems for Efficient Automation Solutions<\/title>\n<meta name=\"description\" content=\"Explore our cost-effective SCADA systems designed to streamline industrial automation, enhance monitoring, &amp; boost productivity with advanced technology!\" \/>\n<meta name=\"robots\" content=\"index, follow, max-snippet:-1, max-image-preview:large, max-video-preview:-1\" \/>\n<link rel=\"canonical\" href=\"https:\/\/bizautom.com\/es\/affordable-scada-systems\/\" \/>\n<meta property=\"og:locale\" content=\"es_MX\" \/>\n<meta property=\"og:type\" content=\"article\" \/>\n<meta property=\"og:title\" content=\"Affordable SCADA Systems for Efficient Automation Solutions\" \/>\n<meta property=\"og:description\" content=\"Explore our cost-effective SCADA systems designed to streamline industrial automation, enhance monitoring, &amp; boost productivity with advanced technology!\" \/>\n<meta property=\"og:url\" content=\"https:\/\/bizautom.com\/es\/affordable-scada-systems\/\" \/>\n<meta property=\"og:site_name\" content=\"BizAutom\" \/>\n<meta property=\"article:publisher\" content=\"https:\/\/www.facebook.com\/people\/TINGCHEN-BizAutom\/61565746662873\/\" \/>\n<meta property=\"article:modified_time\" content=\"2024-08-19T18:55:35+00:00\" \/>\n<meta name=\"twitter:card\" content=\"summary_large_image\" \/>\n<meta name=\"twitter:label1\" content=\"Tiempo de lectura\" \/>\n\t<meta name=\"twitter:data1\" content=\"3 minutos\" \/>\n<!-- \/ Yoast SEO plugin. -->","yoast_head_json":{"title":"Affordable SCADA Systems for Efficient Automation Solutions","description":"Explore our cost-effective SCADA systems designed to streamline industrial automation, enhance monitoring, & boost productivity with advanced technology!","robots":{"index":"index","follow":"follow","max-snippet":"max-snippet:-1","max-image-preview":"max-image-preview:large","max-video-preview":"max-video-preview:-1"},"canonical":"https:\/\/bizautom.com\/es\/affordable-scada-systems\/","og_locale":"es_MX","og_type":"article","og_title":"Affordable SCADA Systems for Efficient Automation Solutions","og_description":"Explore our cost-effective SCADA systems designed to streamline industrial automation, enhance monitoring, & boost productivity with advanced technology!","og_url":"https:\/\/bizautom.com\/es\/affordable-scada-systems\/","og_site_name":"BizAutom","article_publisher":"https:\/\/www.facebook.com\/people\/TINGCHEN-BizAutom\/61565746662873\/","article_modified_time":"2024-08-19T18:55:35+00:00","twitter_card":"summary_large_image","twitter_misc":{"Tiempo de lectura":"3 minutos"},"schema":{"@context":"https:\/\/schema.org","@graph":[{"@type":"WebPage","@id":"https:\/\/bizautom.com\/affordable-scada-systems\/","url":"https:\/\/bizautom.com\/affordable-scada-systems\/","name":"Affordable SCADA Systems for Efficient Automation Solutions","isPartOf":{"@id":"https:\/\/bizautom.com\/#website"},"datePublished":"2024-08-17T23:35:34+00:00","dateModified":"2024-08-19T18:55:35+00:00","description":"Explore our cost-effective SCADA systems designed to streamline industrial automation, enhance monitoring, & boost productivity with advanced technology!","breadcrumb":{"@id":"https:\/\/bizautom.com\/affordable-scada-systems\/#breadcrumb"},"inLanguage":"es","potentialAction":[{"@type":"ReadAction","target":["https:\/\/bizautom.com\/affordable-scada-systems\/"]}]},{"@type":"BreadcrumbList","@id":"https:\/\/bizautom.com\/affordable-scada-systems\/#breadcrumb","itemListElement":[{"@type":"ListItem","position":1,"name":"Home","item":"https:\/\/bizautom.com\/"},{"@type":"ListItem","position":2,"name":"Affordable SCADA Systems"}]},{"@type":"WebSite","@id":"https:\/\/bizautom.com\/#website","url":"https:\/\/bizautom.com\/","name":"BizAutom","description":"R\u00e1pido. Preciso. Inteligente.","publisher":{"@id":"https:\/\/bizautom.com\/#organization"},"potentialAction":[{"@type":"SearchAction","target":{"@type":"EntryPoint","urlTemplate":"https:\/\/bizautom.com\/?s={search_term_string}"},"query-input":{"@type":"PropertyValueSpecification","valueRequired":true,"valueName":"search_term_string"}}],"inLanguage":"es"},{"@type":"Organization","@id":"https:\/\/bizautom.com\/#organization","name":"BizAutom","url":"https:\/\/bizautom.com\/","logo":{"@type":"ImageObject","inLanguage":"es","@id":"https:\/\/bizautom.com\/#\/schema\/logo\/image\/","url":"https:\/\/bizautom.com\/wp-content\/uploads\/2025\/04\/BizAutom_Logo_1.webp","contentUrl":"https:\/\/bizautom.com\/wp-content\/uploads\/2025\/04\/BizAutom_Logo_1.webp","width":455,"height":326,"caption":"BizAutom"},"image":{"@id":"https:\/\/bizautom.com\/#\/schema\/logo\/image\/"},"sameAs":["https:\/\/www.facebook.com\/people\/TINGCHEN-BizAutom\/61565746662873\/"]}]}},"jetpack-related-posts":[{"id":353,"url":"https:\/\/bizautom.com\/es\/bizautom\/","url_meta":{"origin":1499,"position":0},"title":"BizAutom","author":"admin","date":"junio 13, 2023","format":false,"excerpt":"About BizAutom Advanced Equipment Redefined with AI Integration In the realm of cutting-edge technology, BizAutom has emerged as a leading brand synonymous with state-of-the-art equipment seamlessly integrated with artificial intelligence (AI) functions. Our products not only boast advanced features but also possess the ability to \"think,\" \"learn,\" and execute commands\u2026","rel":"","context":"Entrada similar ","block_context":{"text":"Entrada similar ","link":""},"img":{"alt_text":"","src":"","width":0,"height":0},"classes":[]},{"id":2930,"url":"https:\/\/bizautom.com\/es\/landing-page\/","url_meta":{"origin":1499,"position":1},"title":"Landing page","author":"admin","date":"marzo 27, 2025","format":false,"excerpt":"Welcome to BizAutom Revolutionizing Business Automation Empowering Your Business with Cutting-Edge Monitoring Solutions At BizAutom, we specialize in affordable, smart, and efficient automation solutions designed to streamline your operations. From precision weighing, measuring, and packing systems to cutting-edge SCADA technology, our products cater to businesses of all sizes. Whether you're\u2026","rel":"","context":"Entrada similar ","block_context":{"text":"Entrada similar ","link":""},"img":{"alt_text":"","src":"https:\/\/bizautom.com\/wp-content\/uploads\/2025\/03\/222-1024x683.avif","width":350,"height":200,"srcset":"https:\/\/bizautom.com\/wp-content\/uploads\/2025\/03\/222-1024x683.avif 1x, https:\/\/bizautom.com\/wp-content\/uploads\/2025\/03\/222-1024x683.avif 1.5x, https:\/\/bizautom.com\/wp-content\/uploads\/2025\/03\/222-1024x683.avif 2x"},"classes":[]},{"id":2061,"url":"https:\/\/bizautom.com\/es\/shop-2\/","url_meta":{"origin":1499,"position":2},"title":"Tienda","author":"Hitesh Sonwane","date":"marzo 3, 2025","format":false,"excerpt":"Products search Home Elevate Your Business with BizAutom - Your Precision Partner in Weighing Solutions Welcome to BizAutom, where precision meets innovation in the world of industrial, farm, medical, and software solutions. As your premier destination for cutting-edge weighing equipment. We understand the crucial role accurate measurements play in the\u2026","rel":"","context":"Entrada similar ","block_context":{"text":"Entrada similar ","link":""},"img":{"alt_text":"","src":"","width":0,"height":0},"classes":[]},{"id":1476,"url":"https:\/\/bizautom.com\/es\/our-story\/","url_meta":{"origin":1499,"position":3},"title":"Nuestra historia","author":"admin","date":"julio 14, 2024","format":false,"excerpt":"Our Story The BizAutom Story: From Scale to SCADA The Early Days: Mastering the Scale In the fast-paced world of industrial automation, few companies have navigated the landscape as successfully as BizAutom. From its humble beginnings focusing on weight scales to becoming a key player in SCADA (Supervisory Control and\u2026","rel":"","context":"Entrada similar ","block_context":{"text":"Entrada similar ","link":""},"img":{"alt_text":"","src":"","width":0,"height":0},"classes":[]},{"id":80,"url":"https:\/\/bizautom.com\/es\/about\/","url_meta":{"origin":1499,"position":4},"title":"Acerca de","author":"admin","date":"junio 4, 2023","format":false,"excerpt":"About Us Home At BizAutom, we pride ourselves on manufacturing cost-effective automatic weighing, measuring, and packing machines. Focusing on precision, efficiency, and reliability, our cutting-edge technology is designed to cater to businesses of all sizes.With years of industry experience, we understand our customers' diverse needs and challenges. Our mission is\u2026","rel":"","context":"Entrada similar ","block_context":{"text":"Entrada similar ","link":""},"img":{"alt_text":"","src":"","width":0,"height":0},"classes":[]},{"id":3561,"url":"https:\/\/bizautom.com\/es\/talk-to-our-expert\/","url_meta":{"origin":1499,"position":5},"title":"Hable con nuestro experto","author":"Hitesh Sonwane","date":"abril 3, 2025","format":false,"excerpt":"Precision Care for Peak Performance Core Body Temperature MonitoringEstrus MonitoringHealth MonitoringHerd MonitoringManagement Software Have questions or need assistance? Get in touch with BizAutom \u2013 we're here to help you streamline your business with smart automation solutions! Our Expert Panel and Q\/A Connect with our experts at BizAutom for tailored automation\u2026","rel":"","context":"Entrada similar ","block_context":{"text":"Entrada similar ","link":""},"img":{"alt_text":"","src":"https:\/\/i0.wp.com\/bizautom.com\/wp-content\/uploads\/2025\/04\/BoviVitals_logo_white-150x150.webp?resize=350%2C200&ssl=1","width":350,"height":200},"classes":[]}],"jetpack_sharing_enabled":true,"_links":{"self":[{"href":"https:\/\/bizautom.com\/es\/wp-json\/wp\/v2\/pages\/1499","targetHints":{"allow":["GET"]}}],"collection":[{"href":"https:\/\/bizautom.com\/es\/wp-json\/wp\/v2\/pages"}],"about":[{"href":"https:\/\/bizautom.com\/es\/wp-json\/wp\/v2\/types\/page"}],"author":[{"embeddable":true,"href":"https:\/\/bizautom.com\/es\/wp-json\/wp\/v2\/users\/1"}],"replies":[{"embeddable":true,"href":"https:\/\/bizautom.com\/es\/wp-json\/wp\/v2\/comments?post=1499"}],"version-history":[{"count":1,"href":"https:\/\/bizautom.com\/es\/wp-json\/wp\/v2\/pages\/1499\/revisions"}],"predecessor-version":[{"id":1500,"href":"https:\/\/bizautom.com\/es\/wp-json\/wp\/v2\/pages\/1499\/revisions\/1500"}],"wp:attachment":[{"href":"https:\/\/bizautom.com\/es\/wp-json\/wp\/v2\/media?parent=1499"}],"curies":[{"name":"wp","href":"https:\/\/api.w.org\/{rel}","templated":true}]}}