{"id":2409,"date":"2025-03-19T05:49:41","date_gmt":"2025-03-19T09:49:41","guid":{"rendered":"https:\/\/bizautom.com\/?page_id=2409"},"modified":"2025-03-24T07:55:25","modified_gmt":"2025-03-24T11:55:25","slug":"applications-case-studies","status":"publish","type":"page","link":"https:\/\/bizautom.com\/es\/applications-case-studies\/","title":{"rendered":"Aplicaciones\/Estudios de casos"},"content":{"rendered":"<div data-elementor-type=\"wp-page\" data-elementor-id=\"2409\" class=\"elementor elementor-2409\" data-elementor-post-type=\"page\">\n\t\t\t\t<div class=\"elementor-element elementor-element-53fcf86 e-flex e-con-boxed e-con e-parent\" data-id=\"53fcf86\" data-element_type=\"container\" data-e-type=\"container\">\n\t\t\t\t\t<div class=\"e-con-inner\">\n\t\t\t\t<div class=\"elementor-element elementor-element-a70c5fe elementor-widget elementor-widget-heading\" data-id=\"a70c5fe\" data-element_type=\"widget\" data-e-type=\"widget\" data-widget_type=\"heading.default\">\n\t\t\t\t\t<h2 class=\"elementor-heading-title elementor-size-default\"><span class=\"ez-toc-section\" id=\"ApplicationsCase_Studies\"><\/span>Aplicaciones\/Estudios de casos\n<span class=\"ez-toc-section-end\"><\/span><\/h2>\t\t\t\t<\/div>\n\t\t\t\t<div class=\"elementor-element elementor-element-7078a4a elementor-widget elementor-widget-spacer\" data-id=\"7078a4a\" data-element_type=\"widget\" data-e-type=\"widget\" data-widget_type=\"spacer.default\">\n\t\t\t\t\t\t\t<div class=\"elementor-spacer\">\n\t\t\t<div class=\"elementor-spacer-inner\"><\/div>\n\t\t<\/div>\n\t\t\t\t\t\t<\/div>\n\t\t\t\t\t<\/div>\n\t\t\t\t<\/div>\n\t\t<div class=\"elementor-element elementor-element-2c9786d e-flex e-con-boxed e-con e-parent\" data-id=\"2c9786d\" data-element_type=\"container\" data-e-type=\"container\">\n\t\t\t\t\t<div class=\"e-con-inner\">\n\t\t<div class=\"elementor-element elementor-element-5c59225 e-con-full e-flex e-con e-child\" data-id=\"5c59225\" data-element_type=\"container\" data-e-type=\"container\" data-settings=\"{&quot;background_background&quot;:&quot;classic&quot;}\">\n\t\t\t\t<div class=\"elementor-element elementor-element-b162c5e elementor-widget elementor-widget-image\" data-id=\"b162c5e\" data-element_type=\"widget\" data-e-type=\"widget\" data-widget_type=\"image.default\">\n\t\t\t\t\t\t\t\t\t\t\t\t\t\t\t<img fetchpriority=\"high\" decoding=\"async\" width=\"800\" height=\"600\" src=\"https:\/\/bizautom.com\/wp-content\/uploads\/2025\/02\/20250219_161055-1024x768.jpg\" class=\"elementor-animation-float attachment-large size-large wp-image-2029\" alt=\"8\u2019x8\u2032 Floor Scale\" srcset=\"https:\/\/bizautom.com\/wp-content\/uploads\/2025\/02\/20250219_161055-1024x768.jpg 1024w, https:\/\/bizautom.com\/wp-content\/uploads\/2025\/02\/20250219_161055-300x225.jpg 300w, https:\/\/bizautom.com\/wp-content\/uploads\/2025\/02\/20250219_161055-768x576.jpg 768w, https:\/\/bizautom.com\/wp-content\/uploads\/2025\/02\/20250219_161055-1536x1152.jpg 1536w, https:\/\/bizautom.com\/wp-content\/uploads\/2025\/02\/20250219_161055-2048x1536.jpg 2048w, https:\/\/bizautom.com\/wp-content\/uploads\/2025\/02\/20250219_161055-1320x990.jpg 1320w, https:\/\/bizautom.com\/wp-content\/uploads\/2025\/02\/20250219_161055-600x450.jpg 600w, https:\/\/bizautom.com\/wp-content\/uploads\/2025\/02\/20250219_161055-64x48.jpg 64w\" sizes=\"(max-width: 800px) 100vw, 800px\" \/>\t\t\t\t\t\t\t\t\t\t\t\t\t\t\t<\/div>\n\t\t\t\t<div class=\"elementor-element elementor-element-6ffb98f elementor-widget elementor-widget-spacer\" data-id=\"6ffb98f\" data-element_type=\"widget\" data-e-type=\"widget\" data-widget_type=\"spacer.default\">\n\t\t\t\t\t\t\t<div class=\"elementor-spacer\">\n\t\t\t<div class=\"elementor-spacer-inner\"><\/div>\n\t\t<\/div>\n\t\t\t\t\t\t<\/div>\n\t\t\t\t<div class=\"elementor-element elementor-element-76a7453 elementor-widget elementor-widget-heading\" data-id=\"76a7453\" data-element_type=\"widget\" data-e-type=\"widget\" data-widget_type=\"heading.default\">\n\t\t\t\t\t<h2 class=\"elementor-heading-title elementor-size-default\"><span class=\"ez-toc-section\" id=\"Installation_and_Integration_of_8x8%E2%80%B2_Floor_Scale_in_Texas_February_2025_%E2%80%93_A_Comprehensive_Overview\"><\/span>Instalaci\u00f3n e integraci\u00f3n de una b\u00e1scula de suelo de 8'x8\u2032 en Texas, febrero de 2025 - Panorama general<span class=\"ez-toc-section-end\"><\/span><\/h2>\t\t\t\t<\/div>\n\t\t\t\t<div class=\"elementor-element elementor-element-eff7b06 elementor-widget elementor-widget-spacer\" data-id=\"eff7b06\" data-element_type=\"widget\" data-e-type=\"widget\" data-widget_type=\"spacer.default\">\n\t\t\t\t\t\t\t<div class=\"elementor-spacer\">\n\t\t\t<div class=\"elementor-spacer-inner\"><\/div>\n\t\t<\/div>\n\t\t\t\t\t\t<\/div>\n\t\t\t\t<div class=\"elementor-element elementor-element-75c2ae8 elementor-widget elementor-widget-button\" data-id=\"75c2ae8\" data-element_type=\"widget\" data-e-type=\"widget\" data-widget_type=\"button.default\">\n\t\t\t\t\t\t\t\t\t\t<a class=\"elementor-button elementor-button-link elementor-size-sm elementor-animation-float\" href=\"https:\/\/bizautom.com\/es\/installation-and-integration-of-8x8-floor-scale-in-texas-february-2025-a-comprehensive-overview\/\" target=\"_blank\">\n\t\t\t\t\t\t<span class=\"elementor-button-content-wrapper\">\n\t\t\t\t\t\t\t\t\t<span class=\"elementor-button-text\">LEER M\u00c1S<\/span>\n\t\t\t\t\t<\/span>\n\t\t\t\t\t<\/a>\n\t\t\t\t\t\t\t\t<\/div>\n\t\t\t\t<\/div>\n\t\t<div class=\"elementor-element elementor-element-34f0128 e-con-full e-flex e-con e-child\" data-id=\"34f0128\" data-element_type=\"container\" data-e-type=\"container\" data-settings=\"{&quot;background_background&quot;:&quot;classic&quot;}\">\n\t\t\t\t<div class=\"elementor-element elementor-element-622f226 elementor-widget elementor-widget-image\" data-id=\"622f226\" data-element_type=\"widget\" data-e-type=\"widget\" data-widget_type=\"image.default\">\n\t\t\t\t\t\t\t\t\t\t\t\t\t\t\t<img decoding=\"async\" width=\"800\" height=\"800\" src=\"https:\/\/bizautom.com\/wp-content\/uploads\/2024\/04\/SiloMonitoringApollo-1024x1024.jpg\" class=\"elementor-animation-float attachment-large size-large wp-image-1273\" alt=\"Wireless Silo Monitoring System\" srcset=\"https:\/\/bizautom.com\/wp-content\/uploads\/2024\/04\/SiloMonitoringApollo-1024x1024.jpg 1024w, https:\/\/bizautom.com\/wp-content\/uploads\/2024\/04\/SiloMonitoringApollo-300x300.jpg 300w, https:\/\/bizautom.com\/wp-content\/uploads\/2024\/04\/SiloMonitoringApollo-150x150.jpg 150w, https:\/\/bizautom.com\/wp-content\/uploads\/2024\/04\/SiloMonitoringApollo-768x768.jpg 768w, https:\/\/bizautom.com\/wp-content\/uploads\/2024\/04\/SiloMonitoringApollo-1536x1536.jpg 1536w, https:\/\/bizautom.com\/wp-content\/uploads\/2024\/04\/SiloMonitoringApollo-2048x2048.jpg 2048w, https:\/\/bizautom.com\/wp-content\/uploads\/2024\/04\/SiloMonitoringApollo-12x12.jpg 12w, https:\/\/bizautom.com\/wp-content\/uploads\/2024\/04\/SiloMonitoringApollo-1320x1320.jpg 1320w, https:\/\/bizautom.com\/wp-content\/uploads\/2024\/04\/SiloMonitoringApollo-600x600.jpg 600w, https:\/\/bizautom.com\/wp-content\/uploads\/2024\/04\/SiloMonitoringApollo-100x100.jpg 100w\" sizes=\"(max-width: 800px) 100vw, 800px\" \/>\t\t\t\t\t\t\t\t\t\t\t\t\t\t\t<\/div>\n\t\t\t\t<div class=\"elementor-element elementor-element-3e3cfbd elementor-widget elementor-widget-spacer\" data-id=\"3e3cfbd\" data-element_type=\"widget\" data-e-type=\"widget\" data-widget_type=\"spacer.default\">\n\t\t\t\t\t\t\t<div class=\"elementor-spacer\">\n\t\t\t<div class=\"elementor-spacer-inner\"><\/div>\n\t\t<\/div>\n\t\t\t\t\t\t<\/div>\n\t\t\t\t<div class=\"elementor-element elementor-element-ae038e0 elementor-widget elementor-widget-heading\" data-id=\"ae038e0\" data-element_type=\"widget\" data-e-type=\"widget\" data-widget_type=\"heading.default\">\n\t\t\t\t\t<h2 class=\"elementor-heading-title elementor-size-default\"><span class=\"ez-toc-section\" id=\"Wireless_Silo_Monitoring_System\"><\/span>Sistema inal\u00e1mbrico de control de silos<span class=\"ez-toc-section-end\"><\/span><\/h2>\t\t\t\t<\/div>\n\t\t\t\t<div class=\"elementor-element elementor-element-cf39493 elementor-widget elementor-widget-spacer\" data-id=\"cf39493\" data-element_type=\"widget\" data-e-type=\"widget\" data-widget_type=\"spacer.default\">\n\t\t\t\t\t\t\t<div class=\"elementor-spacer\">\n\t\t\t<div class=\"elementor-spacer-inner\"><\/div>\n\t\t<\/div>\n\t\t\t\t\t\t<\/div>\n\t\t\t\t<div class=\"elementor-element elementor-element-3340d79 elementor-widget elementor-widget-button\" data-id=\"3340d79\" data-element_type=\"widget\" data-e-type=\"widget\" data-widget_type=\"button.default\">\n\t\t\t\t\t\t\t\t\t\t<a class=\"elementor-button elementor-button-link elementor-size-sm elementor-animation-float\" href=\"https:\/\/bizautom.com\/es\/wireless-silo-monitoring-system\/\">\n\t\t\t\t\t\t<span class=\"elementor-button-content-wrapper\">\n\t\t\t\t\t\t\t\t\t<span class=\"elementor-button-text\">LEER M\u00c1S<\/span>\n\t\t\t\t\t<\/span>\n\t\t\t\t\t<\/a>\n\t\t\t\t\t\t\t\t<\/div>\n\t\t\t\t<\/div>\n\t\t\t\t\t<\/div>\n\t\t\t\t<\/div>\n\t\t<div class=\"elementor-element elementor-element-2cdff11 e-flex e-con-boxed e-con e-parent\" data-id=\"2cdff11\" data-element_type=\"container\" data-e-type=\"container\">\n\t\t\t\t\t<div class=\"e-con-inner\">\n\t\t\t\t<div class=\"elementor-element elementor-element-0854ba8 elementor-widget elementor-widget-spacer\" data-id=\"0854ba8\" data-element_type=\"widget\" data-e-type=\"widget\" data-widget_type=\"spacer.default\">\n\t\t\t\t\t\t\t<div class=\"elementor-spacer\">\n\t\t\t<div class=\"elementor-spacer-inner\"><\/div>\n\t\t<\/div>\n\t\t\t\t\t\t<\/div>\n\t\t\t\t\t<\/div>\n\t\t\t\t<\/div>\n\t\t\t\t<\/div>","protected":false},"excerpt":{"rendered":"<p>Aplicaciones\/Estudios de caso Instalaci\u00f3n e integraci\u00f3n de una b\u00e1scula de suelo de 8'x8\u2032 en Texas, febrero de 2025 - Una visi\u00f3n global LEER M\u00c1S Sistema inal\u00e1mbrico de monitorizaci\u00f3n de silos LEER M\u00c1S<\/p>","protected":false},"author":4,"featured_media":0,"parent":0,"menu_order":0,"comment_status":"closed","ping_status":"closed","template":"","meta":{"footnotes":""},"class_list":["post-2409","page","type-page","status-publish","hentry"],"yoast_head":"<!-- This site is optimized with the Yoast SEO plugin v27.3 - https:\/\/yoast.com\/product\/yoast-seo-wordpress\/ -->\n<title>Applications\/Case Studies - BizAutom<\/title>\n<meta name=\"robots\" content=\"index, follow, max-snippet:-1, max-image-preview:large, max-video-preview:-1\" \/>\n<link rel=\"canonical\" href=\"https:\/\/bizautom.com\/es\/applications-case-studies\/\" \/>\n<meta property=\"og:locale\" content=\"es_MX\" \/>\n<meta property=\"og:type\" content=\"article\" \/>\n<meta property=\"og:title\" content=\"Applications\/Case Studies - BizAutom\" \/>\n<meta property=\"og:description\" content=\"Applications\/Case Studies Installation and Integration of 8\u2019x8\u2032 Floor Scale in Texas, February 2025 \u2013 A Comprehensive Overview READ MORE Wireless Silo Monitoring System READ MORE\" \/>\n<meta property=\"og:url\" content=\"https:\/\/bizautom.com\/es\/applications-case-studies\/\" \/>\n<meta property=\"og:site_name\" content=\"BizAutom\" \/>\n<meta property=\"article:publisher\" content=\"https:\/\/www.facebook.com\/people\/TINGCHEN-BizAutom\/61565746662873\/\" \/>\n<meta property=\"article:modified_time\" content=\"2025-03-24T11:55:25+00:00\" \/>\n<meta property=\"og:image\" content=\"https:\/\/bizautom.com\/wp-content\/uploads\/2025\/02\/20250219_161055.jpg\" \/>\n\t<meta property=\"og:image:width\" content=\"2560\" \/>\n\t<meta property=\"og:image:height\" content=\"1920\" \/>\n\t<meta property=\"og:image:type\" content=\"image\/jpeg\" \/>\n<meta name=\"twitter:card\" content=\"summary_large_image\" \/>\n<meta name=\"twitter:label1\" content=\"Tiempo de lectura\" \/>\n\t<meta name=\"twitter:data1\" content=\"1 minuto\" \/>\n<!-- \/ Yoast SEO plugin. -->","yoast_head_json":{"title":"Applications\/Case Studies - BizAutom","robots":{"index":"index","follow":"follow","max-snippet":"max-snippet:-1","max-image-preview":"max-image-preview:large","max-video-preview":"max-video-preview:-1"},"canonical":"https:\/\/bizautom.com\/es\/applications-case-studies\/","og_locale":"es_MX","og_type":"article","og_title":"Applications\/Case Studies - BizAutom","og_description":"Applications\/Case Studies Installation and Integration of 8\u2019x8\u2032 Floor Scale in Texas, February 2025 \u2013 A Comprehensive Overview READ MORE Wireless Silo Monitoring System READ MORE","og_url":"https:\/\/bizautom.com\/es\/applications-case-studies\/","og_site_name":"BizAutom","article_publisher":"https:\/\/www.facebook.com\/people\/TINGCHEN-BizAutom\/61565746662873\/","article_modified_time":"2025-03-24T11:55:25+00:00","og_image":[{"width":2560,"height":1920,"url":"https:\/\/bizautom.com\/wp-content\/uploads\/2025\/02\/20250219_161055.jpg","type":"image\/jpeg"}],"twitter_card":"summary_large_image","twitter_misc":{"Tiempo de lectura":"1 minuto"},"schema":{"@context":"https:\/\/schema.org","@graph":[{"@type":"WebPage","@id":"https:\/\/bizautom.com\/applications-case-studies\/","url":"https:\/\/bizautom.com\/applications-case-studies\/","name":"Applications\/Case Studies - BizAutom","isPartOf":{"@id":"https:\/\/bizautom.com\/#website"},"primaryImageOfPage":{"@id":"https:\/\/bizautom.com\/applications-case-studies\/#primaryimage"},"image":{"@id":"https:\/\/bizautom.com\/applications-case-studies\/#primaryimage"},"thumbnailUrl":"https:\/\/bizautom.com\/wp-content\/uploads\/2025\/02\/20250219_161055-1024x768.jpg","datePublished":"2025-03-19T09:49:41+00:00","dateModified":"2025-03-24T11:55:25+00:00","breadcrumb":{"@id":"https:\/\/bizautom.com\/applications-case-studies\/#breadcrumb"},"inLanguage":"es","potentialAction":[{"@type":"ReadAction","target":["https:\/\/bizautom.com\/applications-case-studies\/"]}]},{"@type":"ImageObject","inLanguage":"es","@id":"https:\/\/bizautom.com\/applications-case-studies\/#primaryimage","url":"https:\/\/bizautom.com\/wp-content\/uploads\/2025\/02\/20250219_161055-1024x768.jpg","contentUrl":"https:\/\/bizautom.com\/wp-content\/uploads\/2025\/02\/20250219_161055-1024x768.jpg"},{"@type":"BreadcrumbList","@id":"https:\/\/bizautom.com\/applications-case-studies\/#breadcrumb","itemListElement":[{"@type":"ListItem","position":1,"name":"Home","item":"https:\/\/bizautom.com\/"},{"@type":"ListItem","position":2,"name":"Applications\/Case Studies"}]},{"@type":"WebSite","@id":"https:\/\/bizautom.com\/#website","url":"https:\/\/bizautom.com\/","name":"BizAutom","description":"R\u00e1pido. Preciso. Inteligente.","publisher":{"@id":"https:\/\/bizautom.com\/#organization"},"potentialAction":[{"@type":"SearchAction","target":{"@type":"EntryPoint","urlTemplate":"https:\/\/bizautom.com\/?s={search_term_string}"},"query-input":{"@type":"PropertyValueSpecification","valueRequired":true,"valueName":"search_term_string"}}],"inLanguage":"es"},{"@type":"Organization","@id":"https:\/\/bizautom.com\/#organization","name":"BizAutom","url":"https:\/\/bizautom.com\/","logo":{"@type":"ImageObject","inLanguage":"es","@id":"https:\/\/bizautom.com\/#\/schema\/logo\/image\/","url":"https:\/\/bizautom.com\/wp-content\/uploads\/2025\/04\/BizAutom_Logo_1.webp","contentUrl":"https:\/\/bizautom.com\/wp-content\/uploads\/2025\/04\/BizAutom_Logo_1.webp","width":455,"height":326,"caption":"BizAutom"},"image":{"@id":"https:\/\/bizautom.com\/#\/schema\/logo\/image\/"},"sameAs":["https:\/\/www.facebook.com\/people\/TINGCHEN-BizAutom\/61565746662873\/"]}]}},"jetpack-related-posts":[{"id":2751,"url":"https:\/\/bizautom.com\/es\/elementor-2751\/","url_meta":{"origin":2409,"position":0},"title":"Elementor #2751","author":"Hitesh Sonwane","date":"marzo 22, 2025","format":false,"excerpt":"Fast, Accurate, And Smart Industrial Equipment Welcome to BizAutom, where precision meets innovation in the world of industrial solutions. Our Industrial Equipment Product Page is your gateway to a vast array of cutting-edge solutions designed to redefine efficiency.\u00a0At BizAutom, we understand the crucial role that fast, accurate, and smart industrial\u2026","rel":"","context":"Entrada similar ","block_context":{"text":"Entrada similar ","link":""},"img":{"alt_text":"","src":"","width":0,"height":0},"classes":[]},{"id":2092,"url":"https:\/\/bizautom.com\/es\/elementor-2092\/","url_meta":{"origin":2409,"position":1},"title":"Elementor #2092","author":"Hitesh Sonwane","date":"marzo 4, 2025","format":false,"excerpt":"Industrial Equipment Fast, Accurate, And Smart Industrial Equipment Welcome to BizAutom, where precision meets innovation in the world of industrial solutions. Our Industrial Equipment Product Page is your gateway to a vast array of cutting-edge solutions designed to redefine efficiency.\u00a0 At BizAutom, we understand the crucial role that fast, accurate,\u2026","rel":"","context":"Entrada similar ","block_context":{"text":"Entrada similar ","link":""},"img":{"alt_text":"","src":"","width":0,"height":0},"classes":[]},{"id":4364,"url":"https:\/\/bizautom.com\/es\/prime-systems\/","url_meta":{"origin":2409,"position":2},"title":"Sistemas primarios","author":"admin","date":"julio 22, 2025","format":false,"excerpt":"Welcome to Prime Systems Your Trusted Source for Precision Weighing Solutions At Prime Systems, we specialize in delivering high-performance, industrial-grade weighing solutions tailored for commercial, agricultural, logistics, and medical applications.Our products combine accuracy, durability, and cutting-edge technology to ensure optimal performance for every business need. Get In Touch Why Choose\u2026","rel":"","context":"Entrada similar ","block_context":{"text":"Entrada similar ","link":""},"img":{"alt_text":"ps-in202 calibration","src":"https:\/\/i0.wp.com\/bizautom.com\/wp-content\/uploads\/2024\/01\/SuperCount-1024x1024.jpg?resize=350%2C200&ssl=1","width":350,"height":200,"srcset":"https:\/\/i0.wp.com\/bizautom.com\/wp-content\/uploads\/2024\/01\/SuperCount-1024x1024.jpg?resize=350%2C200&ssl=1 1x, https:\/\/i0.wp.com\/bizautom.com\/wp-content\/uploads\/2024\/01\/SuperCount-1024x1024.jpg?resize=525%2C300&ssl=1 1.5x, https:\/\/i0.wp.com\/bizautom.com\/wp-content\/uploads\/2024\/01\/SuperCount-1024x1024.jpg?resize=700%2C400&ssl=1 2x"},"classes":[]},{"id":830,"url":"https:\/\/bizautom.com\/es\/terms-of-service\/","url_meta":{"origin":2409,"position":3},"title":"Condiciones de servicio","author":"admin","date":"julio 18, 2023","format":false,"excerpt":"Terms of Service \u00a0 \u00a0 \u00a0Please read these Terms of Service (\"Terms\") carefully before using our website BizAutom.com. These Terms govern your access to and use of the website and its services. By accessing or using our website, you agree to be bound by these Terms. If you do not\u2026","rel":"","context":"Entrada similar ","block_context":{"text":"Entrada similar ","link":""},"img":{"alt_text":"","src":"","width":0,"height":0},"classes":[]},{"id":836,"url":"https:\/\/bizautom.com\/es\/shipping-policy\/","url_meta":{"origin":2409,"position":4},"title":"Pol\u00edtica de env\u00edos","author":"admin","date":"julio 18, 2023","format":false,"excerpt":"Shipping Policy: Thank you for choosing to shop with us. This Shipping Policy outlines the terms and conditions regarding the shipment and delivery of products purchased from our website BizAutom.com. By placing an order with us, you agree to comply with this Shipping Policy. Processing Time: 1.1 Order Processing: We\u2026","rel":"","context":"Entrada similar ","block_context":{"text":"Entrada similar ","link":""},"img":{"alt_text":"","src":"https:\/\/i0.wp.com\/bizautom.com\/wp-content\/uploads\/2025\/03\/Welcome-Shipping-Store-Header.jpg?resize=350%2C200&ssl=1","width":350,"height":200,"srcset":"https:\/\/i0.wp.com\/bizautom.com\/wp-content\/uploads\/2025\/03\/Welcome-Shipping-Store-Header.jpg?resize=350%2C200&ssl=1 1x, https:\/\/i0.wp.com\/bizautom.com\/wp-content\/uploads\/2025\/03\/Welcome-Shipping-Store-Header.jpg?resize=525%2C300&ssl=1 1.5x, https:\/\/i0.wp.com\/bizautom.com\/wp-content\/uploads\/2025\/03\/Welcome-Shipping-Store-Header.jpg?resize=700%2C400&ssl=1 2x, https:\/\/i0.wp.com\/bizautom.com\/wp-content\/uploads\/2025\/03\/Welcome-Shipping-Store-Header.jpg?resize=1050%2C600&ssl=1 3x, https:\/\/i0.wp.com\/bizautom.com\/wp-content\/uploads\/2025\/03\/Welcome-Shipping-Store-Header.jpg?resize=1400%2C800&ssl=1 4x"},"classes":[]},{"id":361,"url":"https:\/\/bizautom.com\/es\/prime-scales\/","url_meta":{"origin":2409,"position":5},"title":"Escalas principales","author":"admin","date":"junio 13, 2023","format":false,"excerpt":"About Prime Scales Introducing Prime Scales: Unparalleled Quality and Affordability in Industrial Weighing Equipment Prime Scales, the foundation upon which all our other brands were built, has established itself as a renowned name in the realm of industrial weighing equipment. Recognizing the vital role these products play in daily business\u2026","rel":"","context":"Entrada similar ","block_context":{"text":"Entrada similar ","link":""},"img":{"alt_text":"","src":"https:\/\/i0.wp.com\/bizautom.com\/wp-content\/uploads\/2023\/06\/Logo_wo_PS.jpg?resize=350%2C200&ssl=1","width":350,"height":200},"classes":[]}],"jetpack_sharing_enabled":true,"_links":{"self":[{"href":"https:\/\/bizautom.com\/es\/wp-json\/wp\/v2\/pages\/2409","targetHints":{"allow":["GET"]}}],"collection":[{"href":"https:\/\/bizautom.com\/es\/wp-json\/wp\/v2\/pages"}],"about":[{"href":"https:\/\/bizautom.com\/es\/wp-json\/wp\/v2\/types\/page"}],"author":[{"embeddable":true,"href":"https:\/\/bizautom.com\/es\/wp-json\/wp\/v2\/users\/4"}],"replies":[{"embeddable":true,"href":"https:\/\/bizautom.com\/es\/wp-json\/wp\/v2\/comments?post=2409"}],"version-history":[{"count":67,"href":"https:\/\/bizautom.com\/es\/wp-json\/wp\/v2\/pages\/2409\/revisions"}],"predecessor-version":[{"id":2811,"href":"https:\/\/bizautom.com\/es\/wp-json\/wp\/v2\/pages\/2409\/revisions\/2811"}],"wp:attachment":[{"href":"https:\/\/bizautom.com\/es\/wp-json\/wp\/v2\/media?parent=2409"}],"curies":[{"name":"wp","href":"https:\/\/api.w.org\/{rel}","templated":true}]}}