{"id":836,"date":"2023-07-18T04:25:36","date_gmt":"2023-07-18T04:25:36","guid":{"rendered":"https:\/\/bizautom.com\/?page_id=836"},"modified":"2025-03-17T06:41:25","modified_gmt":"2025-03-17T10:41:25","slug":"shipping-policy","status":"publish","type":"page","link":"https:\/\/bizautom.com\/es\/shipping-policy\/","title":{"rendered":"Pol\u00edtica de env\u00edos"},"content":{"rendered":"<div data-elementor-type=\"wp-page\" data-elementor-id=\"836\" class=\"elementor elementor-836\" data-elementor-post-type=\"page\">\n\t\t\t\t<div class=\"elementor-element elementor-element-16b1e53 e-flex e-con-boxed e-con e-parent\" data-id=\"16b1e53\" data-element_type=\"container\" data-e-type=\"container\">\n\t\t\t\t\t<div class=\"e-con-inner\">\n\t\t\t\t<div class=\"elementor-element elementor-element-bf17e9e elementor-widget elementor-widget-image\" data-id=\"bf17e9e\" data-element_type=\"widget\" data-e-type=\"widget\" data-widget_type=\"image.default\">\n\t\t\t\t\t\t\t\t\t\t\t\t\t\t\t<img fetchpriority=\"high\" decoding=\"async\" width=\"2076\" height=\"360\" src=\"https:\/\/bizautom.com\/wp-content\/uploads\/2025\/03\/Welcome-Shipping-Store-Header.jpg\" class=\"attachment-full size-full wp-image-2361\" alt=\"\" srcset=\"https:\/\/bizautom.com\/wp-content\/uploads\/2025\/03\/Welcome-Shipping-Store-Header.jpg 2076w, https:\/\/bizautom.com\/wp-content\/uploads\/2025\/03\/Welcome-Shipping-Store-Header-300x52.jpg 300w, https:\/\/bizautom.com\/wp-content\/uploads\/2025\/03\/Welcome-Shipping-Store-Header-1024x178.jpg 1024w, https:\/\/bizautom.com\/wp-content\/uploads\/2025\/03\/Welcome-Shipping-Store-Header-768x133.jpg 768w, https:\/\/bizautom.com\/wp-content\/uploads\/2025\/03\/Welcome-Shipping-Store-Header-1536x266.jpg 1536w, https:\/\/bizautom.com\/wp-content\/uploads\/2025\/03\/Welcome-Shipping-Store-Header-2048x355.jpg 2048w, https:\/\/bizautom.com\/wp-content\/uploads\/2025\/03\/Welcome-Shipping-Store-Header-18x3.jpg 18w, https:\/\/bizautom.com\/wp-content\/uploads\/2025\/03\/Welcome-Shipping-Store-Header-1320x229.jpg 1320w, https:\/\/bizautom.com\/wp-content\/uploads\/2025\/03\/Welcome-Shipping-Store-Header-600x104.jpg 600w, https:\/\/bizautom.com\/wp-content\/uploads\/2025\/03\/Welcome-Shipping-Store-Header-64x11.jpg 64w\" sizes=\"(max-width: 2076px) 100vw, 2076px\" \/>\t\t\t\t\t\t\t\t\t\t\t\t\t\t\t<\/div>\n\t\t\t\t\t<\/div>\n\t\t\t\t<\/div>\n\t\t\t\t<section class=\"elementor-section elementor-top-section elementor-element elementor-element-589b691e elementor-section-boxed elementor-section-height-default elementor-section-height-default\" data-id=\"589b691e\" data-element_type=\"section\" data-e-type=\"section\">\n\t\t\t\t\t\t<div class=\"elementor-container elementor-column-gap-default\">\n\t\t\t\t\t<div class=\"elementor-column elementor-col-100 elementor-top-column elementor-element elementor-element-2e32614a\" data-id=\"2e32614a\" data-element_type=\"column\" data-e-type=\"column\">\n\t\t\t<div class=\"elementor-widget-wrap elementor-element-populated\">\n\t\t\t\t\t\t<div class=\"elementor-element elementor-element-5e88b179 elementor-widget elementor-widget-text-editor\" data-id=\"5e88b179\" data-element_type=\"widget\" data-e-type=\"widget\" data-widget_type=\"text-editor.default\">\n\t\t\t\t\t\t\t\t\t\n<h1><span class=\"ez-toc-section\" id=\"Shipping_Policy\"><\/span>Pol\u00edtica de env\u00edos:<span class=\"ez-toc-section-end\"><\/span><\/h1>\n<p>Gracias por elegir comprar con nosotros. Esta Pol\u00edtica de env\u00edos describe los t\u00e9rminos y condiciones relativos al env\u00edo y la entrega de los productos adquiridos en nuestro sitio web BizAutom.com. Al realizar un pedido con nosotros, usted acepta cumplir con esta Pol\u00edtica de Env\u00edo.<\/p>\n\n<h2><span class=\"ez-toc-section\" id=\"Processing_Time\"><\/span>Tiempo de tramitaci\u00f3n:<span class=\"ez-toc-section-end\"><\/span><\/h2>\n<p><strong><br \/>1.1 Tramitaci\u00f3n de pedidos:<\/strong> Nos esforzamos por procesar y satisfacer los pedidos con prontitud. Los pedidos se procesan normalmente en el plazo de un d\u00eda laborable (excluidos fines de semana y festivos) tras la verificaci\u00f3n del pago.<\/p>\n\n<p><strong>1.2 Confirmaci\u00f3n del pedido:<\/strong> Una vez que su pedido se haya procesado correctamente, recibir\u00e1 un correo electr\u00f3nico de confirmaci\u00f3n con los datos del pedido, incluida la direcci\u00f3n de env\u00edo facilitada durante el proceso de pago.<\/p>\n\n<h2><span class=\"ez-toc-section\" id=\"Shipping_Methods_and_Delivery\"><\/span>M\u00e9todos de env\u00edo y entrega:<span class=\"ez-toc-section-end\"><\/span><\/h2>\n<p><strong>2.1 Proveedores de transporte:<\/strong> Colaboramos con transportistas de confianza, como FedEx Freight, para garantizar una entrega fiable y puntual de sus productos. El transportista para su pedido se determinar\u00e1 en funci\u00f3n de factores como el destino, el tama\u00f1o del paquete y el peso.<\/p>\n\n<p><strong>2.2 Opciones de env\u00edo:<\/strong> Durante el proceso de pago, tendr\u00e1 la oportunidad de seleccionar el m\u00e9todo de env\u00edo que prefiera entre las opciones disponibles, incluido el env\u00edo gratuito para los pedidos que cumplan los requisitos. Tenga en cuenta que los plazos de entrega estimados son aproximados y pueden variar en funci\u00f3n de factores ajenos a nuestra voluntad.<\/p>\n\n<p><strong>2.3 Hora l\u00edmite:<\/strong> Los pedidos realizados antes de las 12 pm PST se procesar\u00e1n el mismo d\u00eda. Los pedidos realizados despu\u00e9s de esta hora se procesar\u00e1n el siguiente d\u00eda laborable.<\/p>\n\n<p><strong>2.4 Manipulaci\u00f3n y tiempo de tr\u00e1nsito:<\/strong> El tiempo de manipulaci\u00f3n suele ser de 1 d\u00eda laborable. El tiempo de tr\u00e1nsito para la entrega oscila entre 1 y 7 d\u00edas, dependiendo del destino. Todos los plazos se basan en la zona horaria PST.<\/p>\n\n<p><strong>2.5 Informaci\u00f3n de seguimiento:<\/strong> Una vez enviado su pedido, le facilitaremos un n\u00famero de seguimiento, si procede. Puede utilizar este n\u00famero de seguimiento para supervisar el progreso de su env\u00edo a trav\u00e9s del sitio web del transportista o del portal de seguimiento.<\/p>\n\n<p><strong>2.6 Direcci\u00f3n de entrega:<\/strong> Es su responsabilidad asegurarse de que la direcci\u00f3n de env\u00edo proporcionada durante el proceso de compra es correcta y completa. No nos hacemos responsables de los retrasos o fallos en la entrega derivados de una direcci\u00f3n incorrecta o incompleta.<\/p>\n\n<p><strong>2.7 Entrega de camiones:<\/strong> Para los productos que pesen m\u00e1s de 100 libras, se enviar\u00e1n por servicio LTL de cami\u00f3n. Se requiere una direcci\u00f3n comercial o se a\u00f1adir\u00e1 una tarifa adicional a su pedido. Para la entrega residencial, se requiere un n\u00famero de tel\u00e9fono v\u00e1lido durante la compra.<\/p>\n\n<p><strong>2.8 Retrasos en la entrega:<\/strong> Aunque hacemos todo lo posible para garantizar una entrega r\u00e1pida, tenga en cuenta que circunstancias imprevistas, como las condiciones meteorol\u00f3gicas o los retrasos del transportista, pueden afectar al plazo de entrega. Le agradecemos su paciencia en estas situaciones.<\/p>\n\n<h2><span class=\"ez-toc-section\" id=\"International_Shipping\"><\/span>Env\u00edos internacionales:<span class=\"ez-toc-section-end\"><\/span><\/h2>\n<p><strong>3.1 Aduanas y aranceles:<\/strong> Para pedidos internacionales, tenga en cuenta que pueden aplicarse tasas de aduana, derechos de importaci\u00f3n, impuestos y otros cargos. Estos gastos son responsabilidad del destinatario y no est\u00e1n incluidos en el precio del producto ni en los gastos de env\u00edo. Consulte con su oficina de aduanas local para obtener informaci\u00f3n sobre las tasas aplicables antes de realizar un pedido.<\/p>\n\n<p><strong>3.2 Plazo de entrega:<\/strong> Los env\u00edos internacionales pueden requerir un tiempo adicional para el despacho de aduanas y la entrega. Los plazos de entrega pueden variar en funci\u00f3n del pa\u00eds de destino y de los servicios postales locales.<\/p>\n\n<h2><span class=\"ez-toc-section\" id=\"Order_Tracking_and_Status\"><\/span>Seguimiento y estado de los pedidos:<span class=\"ez-toc-section-end\"><\/span><\/h2>\n<p><strong>4.1 Actualizaci\u00f3n de pedidos:<\/strong> Puede seguir el estado de su pedido utilizando el n\u00famero de seguimiento proporcionado y visitando el sitio web del transportista. Tambi\u00e9n puede ponerse en contacto con nuestro equipo de atenci\u00f3n al cliente para que le ayuden a hacer el seguimiento de su pedido.<\/p>\n\n<h2><span class=\"ez-toc-section\" id=\"Shipping_Restrictions\"><\/span>Restricciones de env\u00edo:<span class=\"ez-toc-section-end\"><\/span><\/h2>\n<p><strong>5.1 Zonas restringidas:<\/strong> Nos reservamos el derecho a rechazar el env\u00edo a determinados lugares o direcciones que no puedan ser atendidos por nuestros transportistas. Si no podemos cumplir con su pedido debido a las restricciones de env\u00edo, se lo notificaremos con prontitud y le proporcionaremos un reembolso completo.<\/p>\n\n<h2><span class=\"ez-toc-section\" id=\"Lost_or_Damaged_Shipments\"><\/span>Env\u00edos perdidos o da\u00f1ados:<span class=\"ez-toc-section-end\"><\/span><\/h2>\n<p><strong>6.1 Env\u00edos perdidos:<\/strong> En el caso poco frecuente de que su env\u00edo se pierda durante el transporte, p\u00f3ngase en contacto con nuestro equipo de atenci\u00f3n al cliente. Trabajaremos con el transportista para iniciar una investigaci\u00f3n y tomar las medidas adecuadas para resolver el problema.<\/p>\n\n<p><strong>6.2 Env\u00edos da\u00f1ados:<\/strong> Si recibe un paquete da\u00f1ado, notif\u00edquenoslo inmediatamente. Es posible que necesitemos pruebas, como fotograf\u00edas, para tramitar una reclamaci\u00f3n al transportista. Trabajaremos con usted para resolver la situaci\u00f3n y garantizar su satisfacci\u00f3n.<\/p>\n\n<h2><span class=\"ez-toc-section\" id=\"Contact_Us\"><\/span>P\u00f3ngase en contacto con nosotros:<span class=\"ez-toc-section-end\"><\/span><\/h2>\n<p><strong>7.1<\/strong> Si tiene alguna pregunta o duda sobre nuestra pol\u00edtica de env\u00edos, p\u00f3ngase en contacto con nuestro equipo de atenci\u00f3n al cliente en <strong><a>admin@bizautom.com<\/a>.<\/strong> Estaremos encantados de ayudarle y proporcionarle m\u00e1s aclaraciones.<\/p>\n\n<p>Tenga en cuenta que esta Pol\u00edtica de env\u00edos est\u00e1 sujeta a cambios sin previo aviso. Es su responsabilidad revisar esta pol\u00edtica peri\u00f3dicamente para mantenerse informado sobre cualquier actualizaci\u00f3n.<\/p>\n\n<p>Al realizar un pedido con nosotros, usted reconoce que ha le\u00eddo, entendido y acordado cumplir con esta Pol\u00edtica de Env\u00edos.<\/p>\n\t\t\t\t\t\t\t\t<\/div>\n\t\t\t\t\t<\/div>\n\t\t<\/div>\n\t\t\t\t\t<\/div>\n\t\t<\/section>\n\t\t\t\t<\/div>","protected":false},"excerpt":{"rendered":"<p>Shipping Policy: Thank you for choosing to shop with us. This Shipping Policy outlines the terms and conditions regarding the shipment and delivery of products purchased from our website BizAutom.com. By placing an order with us, you agree to comply with this Shipping Policy. Processing Time: 1.1 Order Processing: We strive to process and fulfill [&hellip;]<\/p>\n","protected":false},"author":1,"featured_media":0,"parent":0,"menu_order":0,"comment_status":"closed","ping_status":"closed","template":"","meta":{"footnotes":""},"class_list":["post-836","page","type-page","status-publish","hentry"],"yoast_head":"<!-- This site is optimized with the Yoast SEO plugin v27.4 - https:\/\/yoast.com\/product\/yoast-seo-wordpress\/ -->\n<title>Understanding Our Shipping Procedures for Your Peace of Mind<\/title>\n<meta name=\"description\" content=\"Discover our shipping policy for seamless deliveries and ensure a smooth transaction process with clear guidelines. Visit our website for more details now!\" \/>\n<meta name=\"robots\" content=\"index, follow, max-snippet:-1, max-image-preview:large, max-video-preview:-1\" \/>\n<link rel=\"canonical\" href=\"https:\/\/bizautom.com\/es\/shipping-policy\/\" \/>\n<meta property=\"og:locale\" content=\"es_MX\" \/>\n<meta property=\"og:type\" content=\"article\" \/>\n<meta property=\"og:title\" content=\"Understanding Our Shipping Procedures for Your Peace of Mind\" \/>\n<meta property=\"og:description\" content=\"Discover our shipping policy for seamless deliveries and ensure a smooth transaction process with clear guidelines. Visit our website for more details now!\" \/>\n<meta property=\"og:url\" content=\"https:\/\/bizautom.com\/es\/shipping-policy\/\" \/>\n<meta property=\"og:site_name\" content=\"BizAutom\" \/>\n<meta property=\"article:publisher\" content=\"https:\/\/www.facebook.com\/people\/TINGCHEN-BizAutom\/61565746662873\/\" \/>\n<meta property=\"article:modified_time\" content=\"2025-03-17T10:41:25+00:00\" \/>\n<meta property=\"og:image\" content=\"https:\/\/bizautom.com\/wp-content\/uploads\/2025\/03\/Welcome-Shipping-Store-Header.jpg\" \/>\n<meta name=\"twitter:card\" content=\"summary_large_image\" \/>\n<meta name=\"twitter:label1\" content=\"Tiempo de lectura\" \/>\n\t<meta name=\"twitter:data1\" content=\"4 minutos\" \/>\n<!-- \/ Yoast SEO plugin. -->","yoast_head_json":{"title":"Understanding Our Shipping Procedures for Your Peace of Mind","description":"Discover our shipping policy for seamless deliveries and ensure a smooth transaction process with clear guidelines. Visit our website for more details now!","robots":{"index":"index","follow":"follow","max-snippet":"max-snippet:-1","max-image-preview":"max-image-preview:large","max-video-preview":"max-video-preview:-1"},"canonical":"https:\/\/bizautom.com\/es\/shipping-policy\/","og_locale":"es_MX","og_type":"article","og_title":"Understanding Our Shipping Procedures for Your Peace of Mind","og_description":"Discover our shipping policy for seamless deliveries and ensure a smooth transaction process with clear guidelines. Visit our website for more details now!","og_url":"https:\/\/bizautom.com\/es\/shipping-policy\/","og_site_name":"BizAutom","article_publisher":"https:\/\/www.facebook.com\/people\/TINGCHEN-BizAutom\/61565746662873\/","article_modified_time":"2025-03-17T10:41:25+00:00","og_image":[{"url":"https:\/\/bizautom.com\/wp-content\/uploads\/2025\/03\/Welcome-Shipping-Store-Header.jpg","type":"","width":"","height":""}],"twitter_card":"summary_large_image","twitter_misc":{"Tiempo de lectura":"4 minutos"},"schema":{"@context":"https:\/\/schema.org","@graph":[{"@type":"WebPage","@id":"https:\/\/bizautom.com\/shipping-policy\/","url":"https:\/\/bizautom.com\/shipping-policy\/","name":"Understanding Our Shipping Procedures for Your Peace of Mind","isPartOf":{"@id":"https:\/\/bizautom.com\/#website"},"primaryImageOfPage":{"@id":"https:\/\/bizautom.com\/shipping-policy\/#primaryimage"},"image":{"@id":"https:\/\/bizautom.com\/shipping-policy\/#primaryimage"},"thumbnailUrl":"https:\/\/bizautom.com\/wp-content\/uploads\/2025\/03\/Welcome-Shipping-Store-Header.jpg","datePublished":"2023-07-18T04:25:36+00:00","dateModified":"2025-03-17T10:41:25+00:00","description":"Discover our shipping policy for seamless deliveries and ensure a smooth transaction process with clear guidelines. Visit our website for more details now!","breadcrumb":{"@id":"https:\/\/bizautom.com\/shipping-policy\/#breadcrumb"},"inLanguage":"es","potentialAction":[{"@type":"ReadAction","target":["https:\/\/bizautom.com\/shipping-policy\/"]}]},{"@type":"ImageObject","inLanguage":"es","@id":"https:\/\/bizautom.com\/shipping-policy\/#primaryimage","url":"https:\/\/bizautom.com\/wp-content\/uploads\/2025\/03\/Welcome-Shipping-Store-Header.jpg","contentUrl":"https:\/\/bizautom.com\/wp-content\/uploads\/2025\/03\/Welcome-Shipping-Store-Header.jpg"},{"@type":"BreadcrumbList","@id":"https:\/\/bizautom.com\/shipping-policy\/#breadcrumb","itemListElement":[{"@type":"ListItem","position":1,"name":"Home","item":"https:\/\/bizautom.com\/"},{"@type":"ListItem","position":2,"name":"Shipping Policy"}]},{"@type":"WebSite","@id":"https:\/\/bizautom.com\/#website","url":"https:\/\/bizautom.com\/","name":"BizAutom","description":"R\u00e1pido. Preciso. Inteligente.","publisher":{"@id":"https:\/\/bizautom.com\/#organization"},"potentialAction":[{"@type":"SearchAction","target":{"@type":"EntryPoint","urlTemplate":"https:\/\/bizautom.com\/?s={search_term_string}"},"query-input":{"@type":"PropertyValueSpecification","valueRequired":true,"valueName":"search_term_string"}}],"inLanguage":"es"},{"@type":"Organization","@id":"https:\/\/bizautom.com\/#organization","name":"BizAutom","url":"https:\/\/bizautom.com\/","logo":{"@type":"ImageObject","inLanguage":"es","@id":"https:\/\/bizautom.com\/#\/schema\/logo\/image\/","url":"https:\/\/bizautom.com\/wp-content\/uploads\/2025\/04\/BizAutom_Logo_1.webp","contentUrl":"https:\/\/bizautom.com\/wp-content\/uploads\/2025\/04\/BizAutom_Logo_1.webp","width":455,"height":326,"caption":"BizAutom"},"image":{"@id":"https:\/\/bizautom.com\/#\/schema\/logo\/image\/"},"sameAs":["https:\/\/www.facebook.com\/people\/TINGCHEN-BizAutom\/61565746662873\/"]}]}},"jetpack-related-posts":[{"id":9,"url":"https:\/\/bizautom.com\/es\/refund-returns\/","url_meta":{"origin":836,"position":0},"title":"Pol\u00edtica de devoluciones y reembolsos","author":"admin","date":"julio 18, 2023","format":false,"excerpt":"Refund and Return Policy Overview Our refund and returns policy lasts 30 days. If 30 days have passed since your purchase, we can\u2019t offer you a full refund or exchange. To be eligible for a return, your item must be unused and in the same condition that you received it.\u2026","rel":"","context":"Entrada similar ","block_context":{"text":"Entrada similar ","link":""},"img":{"alt_text":"","src":"","width":0,"height":0},"classes":[]},{"id":3,"url":"https:\/\/bizautom.com\/es\/privacy-policy\/","url_meta":{"origin":836,"position":1},"title":"Pol\u00edtica de privacidad","author":"admin","date":"junio 4, 2023","format":false,"excerpt":"Privacy Policy \u00a0 \u00a0 \u00a0Thank you for visiting our website. This Privacy Policy outlines how we collect, use, disclose, and protect your personal information when you use our website BizAutom.com. We are committed to protecting your privacy and ensuring the security of your personal information. By accessing and using our\u2026","rel":"","context":"Entrada similar ","block_context":{"text":"Entrada similar ","link":""},"img":{"alt_text":"","src":"","width":0,"height":0},"classes":[]},{"id":373,"url":"https:\/\/bizautom.com\/es\/prime-station\/","url_meta":{"origin":836,"position":2},"title":"Estaci\u00f3n Prime","author":"admin","date":"junio 13, 2023","format":false,"excerpt":"About Prime Station Empowering Business Growth: Prime Station's Revolutionary Software Solutions In the ever-evolving digital landscape, maintaining a competitive edge in business requires relentless effort and staying ahead of the curve. Merely having a skilled team and quality products or services is no longer sufficient. To streamline your business growth\u2026","rel":"","context":"Entrada similar ","block_context":{"text":"Entrada similar ","link":""},"img":{"alt_text":"","src":"","width":0,"height":0},"classes":[]},{"id":3767,"url":"https:\/\/bizautom.com\/es\/ba-ds2424-auto-version\/","url_meta":{"origin":836,"position":3},"title":"BA-DS2424 Versi\u00f3n autom\u00e1tica","author":"Hitesh Sonwane","date":"abril 9, 2025","format":false,"excerpt":"Introducing.. BA-DS2424 Shipstation Version The ultimate automated shipping integration designed to revolutionize your order fulfillment process. By seamlessly integrating with ShipStation, this advanced system automates weighing, dimension capturing, and label printing, significantly reducing manual labor and boosting warehouse efficiency. Add To Cart Key Features Automatic ShipStation Sync Real-time order retrieval\u2026","rel":"","context":"Entrada similar ","block_context":{"text":"Entrada similar ","link":""},"img":{"alt_text":"","src":"https:\/\/i0.wp.com\/bizautom.com\/wp-content\/uploads\/2025\/04\/BA-DS2424-Auto__1_-removebg-preview-1.png?resize=350%2C200&ssl=1","width":350,"height":200},"classes":[]},{"id":4364,"url":"https:\/\/bizautom.com\/es\/prime-systems\/","url_meta":{"origin":836,"position":4},"title":"Sistemas primarios","author":"admin","date":"julio 22, 2025","format":false,"excerpt":"Welcome to Prime Systems Your Trusted Source for Precision Weighing Solutions At Prime Systems, we specialize in delivering high-performance, industrial-grade weighing solutions tailored for commercial, agricultural, logistics, and medical applications.Our products combine accuracy, durability, and cutting-edge technology to ensure optimal performance for every business need. Get In Touch Why Choose\u2026","rel":"","context":"Entrada similar ","block_context":{"text":"Entrada similar ","link":""},"img":{"alt_text":"ps-in202 calibration","src":"https:\/\/i0.wp.com\/bizautom.com\/wp-content\/uploads\/2024\/01\/SuperCount-1024x1024.jpg?resize=350%2C200&ssl=1","width":350,"height":200,"srcset":"https:\/\/i0.wp.com\/bizautom.com\/wp-content\/uploads\/2024\/01\/SuperCount-1024x1024.jpg?resize=350%2C200&ssl=1 1x, https:\/\/i0.wp.com\/bizautom.com\/wp-content\/uploads\/2024\/01\/SuperCount-1024x1024.jpg?resize=525%2C300&ssl=1 1.5x, https:\/\/i0.wp.com\/bizautom.com\/wp-content\/uploads\/2024\/01\/SuperCount-1024x1024.jpg?resize=700%2C400&ssl=1 2x"},"classes":[]},{"id":2515,"url":"https:\/\/bizautom.com\/es\/techtalk\/","url_meta":{"origin":836,"position":5},"title":"TechTalk","author":"Hitesh Sonwane","date":"marzo 19, 2025","format":false,"excerpt":"TechTalk How To Choose The Best Medical Scale For Your Healthcare Facility READ MORE Simple and Effective Maintenance Tips for Farm Equipment and Scales READ MORE Strategic Cost Reduction through Precision Weighing READ MORE The Role of Checkweighers in Quality Control READ MORE Mastering DIM Weight \u2013 Save Big on\u2026","rel":"","context":"Entrada similar ","block_context":{"text":"Entrada similar ","link":""},"img":{"alt_text":"Medical Scales","src":"https:\/\/i0.wp.com\/bizautom.com\/wp-content\/uploads\/2025\/03\/QP-Medical-Scale-660lb-x-10g_20g_50g-High-Accuracy-Medical-Grade-Scale-Scale-for-Body-Weight-with-Stainless-Steel-Platform-Digital-Weight-Scale-Switchable-kg_oz_lb-Battery-AC-Adapter-Included.jpg?resize=350%2C200&ssl=1","width":350,"height":200,"srcset":"https:\/\/i0.wp.com\/bizautom.com\/wp-content\/uploads\/2025\/03\/QP-Medical-Scale-660lb-x-10g_20g_50g-High-Accuracy-Medical-Grade-Scale-Scale-for-Body-Weight-with-Stainless-Steel-Platform-Digital-Weight-Scale-Switchable-kg_oz_lb-Battery-AC-Adapter-Included.jpg?resize=350%2C200&ssl=1 1x, https:\/\/i0.wp.com\/bizautom.com\/wp-content\/uploads\/2025\/03\/QP-Medical-Scale-660lb-x-10g_20g_50g-High-Accuracy-Medical-Grade-Scale-Scale-for-Body-Weight-with-Stainless-Steel-Platform-Digital-Weight-Scale-Switchable-kg_oz_lb-Battery-AC-Adapter-Included.jpg?resize=525%2C300&ssl=1 1.5x, https:\/\/i0.wp.com\/bizautom.com\/wp-content\/uploads\/2025\/03\/QP-Medical-Scale-660lb-x-10g_20g_50g-High-Accuracy-Medical-Grade-Scale-Scale-for-Body-Weight-with-Stainless-Steel-Platform-Digital-Weight-Scale-Switchable-kg_oz_lb-Battery-AC-Adapter-Included.jpg?resize=700%2C400&ssl=1 2x"},"classes":[]}],"jetpack_sharing_enabled":true,"_links":{"self":[{"href":"https:\/\/bizautom.com\/es\/wp-json\/wp\/v2\/pages\/836","targetHints":{"allow":["GET"]}}],"collection":[{"href":"https:\/\/bizautom.com\/es\/wp-json\/wp\/v2\/pages"}],"about":[{"href":"https:\/\/bizautom.com\/es\/wp-json\/wp\/v2\/types\/page"}],"author":[{"embeddable":true,"href":"https:\/\/bizautom.com\/es\/wp-json\/wp\/v2\/users\/1"}],"replies":[{"embeddable":true,"href":"https:\/\/bizautom.com\/es\/wp-json\/wp\/v2\/comments?post=836"}],"version-history":[{"count":30,"href":"https:\/\/bizautom.com\/es\/wp-json\/wp\/v2\/pages\/836\/revisions"}],"predecessor-version":[{"id":2371,"href":"https:\/\/bizautom.com\/es\/wp-json\/wp\/v2\/pages\/836\/revisions\/2371"}],"wp:attachment":[{"href":"https:\/\/bizautom.com\/es\/wp-json\/wp\/v2\/media?parent=836"}],"curies":[{"name":"wp","href":"https:\/\/api.w.org\/{rel}","templated":true}]}}