{"id":1004,"date":"2023-07-20T00:01:19","date_gmt":"2023-07-20T00:01:19","guid":{"rendered":"https:\/\/bizautom.com\/?post_type=product&#038;p=1004"},"modified":"2024-05-28T10:31:10","modified_gmt":"2024-05-28T10:31:10","slug":"prime-scales-ps-4kcs-cattle-scale-livestock-scale-calf-scale-with-indicator","status":"publish","type":"product","link":"https:\/\/bizautom.com\/es\/producto\/prime-scales-ps-4kcs-cattle-scale-livestock-scale-calf-scale-with-indicator\/","title":{"rendered":"Prime Scales PS-4KCS | PS-4KCS-L Balanza para Ganado | Balanza Ganadera | Balanza para Terneros con Indicador"},"content":{"rendered":"<h2>Ventajas del pesaje regular del ganado y de la b\u00e1scula para ganado PS-4KCS<\/h2>\n<h2>Identifica el momento \u00f3ptimo de cr\u00eda con las b\u00e1sculas de peso del ganado<\/h2>\n<p>Determinar el momento ideal para la reproducci\u00f3n es una decisi\u00f3n fundamental en cualquier explotaci\u00f3n ganadera. Mediante la evaluaci\u00f3n de los datos de salud y peso del reba\u00f1o utilizando un\u00a0<strong>Balanzas para ganado<\/strong>puede determinar f\u00e1cilmente el momento \u00f3ptimo de cr\u00eda de los animales. Este enfoque proactivo ayuda a prevenir futuras complicaciones y garantiza terneros m\u00e1s sanos en el reba\u00f1o.<\/p>\n<h2>Ayuda a determinar la cantidad de alimento con las mejores balanzas para ganado<\/h2>\n<p>Pesa regularmente a tus animales, preferiblemente con el\u00a0<strong>Mejor Balanza Ganadera<\/strong>permite conocer su estado de salud. Los datos de peso recogidos le permiten ajustar la cantidad de alimento en consecuencia, asegur\u00e1ndose de que reciben la cantidad adecuada de nutrici\u00f3n. Esta informaci\u00f3n tambi\u00e9n ayuda a sugerir modificaciones de la dieta y recomendar nutrientes adicionales, lo que lleva a una tasa de conversi\u00f3n de alimento \u00f3ptima y tasas de crecimiento objetivo.<\/p>\n<h2>F\u00e1cil control de la salud de los animales con la plataforma de b\u00e1sculas ganaderas<\/h2>\n<p>Mantener la salud de los animales de una granja es una tarea dif\u00edcil pero crucial. Las b\u00e1sculas de pesaje de ganado, como la\u00a0<strong>Plataforma de b\u00e1scula para ganado<\/strong>simplifican esta tarea al facilitar el seguimiento de la salud del animal. La p\u00e9rdida repentina de peso puede detectarse r\u00e1pidamente, lo que indica posibles enfermedades o problemas de salud. La detecci\u00f3n precoz permite solicitar asistencia veterinaria y administrar el tratamiento adecuado antes de que el problema se extienda a otros animales.<\/p>\n<h2>Ayuda para elegir el momento del destete con la b\u00e1scula para ganado en venta<\/h2>\n<p>Pesar a los terneros es igualmente importante, ya que influye en su integraci\u00f3n en el reba\u00f1o. Analizar los datos de peso y el gr\u00e1fico de rendimiento de los terneros, preferiblemente con un\u00a0<strong>Balanza Ganadera en Venta<\/strong>le ayuda a determinar el momento \u00f3ptimo del destete. Este enfoque basado en datos garantiza el rendimiento global de su reba\u00f1o.<\/p>\n<h2>Eval\u00faa el rendimiento de la cr\u00eda con la balanza ganadera<\/h2>\n<p>El pesaje regular de los animales le permite evaluar la idoneidad de las distintas razas para su explotaci\u00f3n. Las razas que muestran un aumento de peso constante son las preferidas para la cr\u00eda, ya que dan lugar a terneros m\u00e1s sanos y a una mayor rentabilidad de la inversi\u00f3n. Adem\u00e1s, puede considerar la posibilidad de cruzar los animales m\u00e1s sanos bas\u00e1ndose en los datos de pesaje recopilados a lo largo del tiempo.<\/p>\n<p>Adem\u00e1s, el pesaje regular del ganado, especialmente con una b\u00e1scula especializada como la\u00a0<strong>PS-4KCS<\/strong>contribuye a reducir el impacto de la volatilidad de los precios del ganado en su negocio. Maximiza la producci\u00f3n, minimiza los costes y los residuos, y le permite satisfacer los requisitos espec\u00edficos de sus compradores de ganado, consiguiendo potencialmente primas en los precios.<\/p>\n<h2>Caracter\u00edsticas principales de la balanza para ganado PS-4KCS<\/h2>\n<ul>\n<li><strong>Capacidad:<\/strong>\u00a04.000 libras x 0,5<\/li>\n<li><strong>Tama\u00f1o:<\/strong>\u00a030\u2033x84\u2033x4\u2033 | 30\u2033x96\u2033x4\u2033 (L) Bastidor de acero dulce<\/li>\n<li>Equipado con 4 c\u00e9lulas de carga de acero aleado para vigas de cizallamiento<\/li>\n<li>Textura antideslizante con corte de diamante para mayor seguridad<\/li>\n<li>Desconector de indicador r\u00e1pido para facilitar el manejo y la portabilidad<\/li>\n<\/ul>\n<p>Invierta en el bienestar de su ganado con la precisi\u00f3n y fiabilidad de la B\u00e1scula Ganadera PS-4KCS.<\/p>\n<div class=\"\"><a href=\"https:\/\/bizautom.com\/wp-content\/uploads\/2023\/07\/4KCS_Installation.pdf\" target=\"_blank\" class=\"emd_dl_red_darker\">Manual de instalaci\u00f3n<\/a><\/div>    <style>            \r\n    .emd_dl_red_darker {\r\n        -moz-box-shadow:inset 0px 1px 0px 0px #f5978e;\r\n        -webkit-box-shadow:inset 0px 1px 0px 0px #f5978e;\r\n        box-shadow:inset 0px 1px 0px 0px #f5978e;\r\n        background:-webkit-gradient( linear, left top, left bottom, color-stop(0.05, #f24537), color-stop(1, #c62d1f) );\r\n        background:-moz-linear-gradient( center top, #f24537 5%, #c62d1f 100% );\r\n        filter:progid:DXImageTransform.Microsoft.gradient(startColorstr='#f24537', endColorstr='#c62d1f');\r\n        background-color:#f24537;\r\n        -webkit-border-top-left-radius:0px;\r\n        -moz-border-radius-topleft:0px;\r\n        border-top-left-radius:0px;\r\n        -webkit-border-top-right-radius:0px;\r\n        -moz-border-radius-topright:0px;\r\n        border-top-right-radius:0px;\r\n        -webkit-border-bottom-right-radius:0px;\r\n        -moz-border-radius-bottomright:0px;\r\n        border-bottom-right-radius:0px;\r\n        -webkit-border-bottom-left-radius:0px;\r\n        -moz-border-radius-bottomleft:0px;\r\n        border-bottom-left-radius:0px;\r\n        text-indent:0;\r\n        border:1px solid #d02718;\r\n        display:inline-block;\r\n        color:#ffffff !important;\r\n        font-family:Georgia;\r\n        font-size:15px;\r\n        font-weight:bold;\r\n        font-style:normal;\r\n        height:41px;\r\n        line-height:41px;\r\n        width:180px;\r\n        text-decoration:none;\r\n        text-align:center;\r\n        text-shadow:1px 1px 0px #810e05;\r\n    }\r\n    .emd_dl_red_darker:hover {\r\n        background:-webkit-gradient( linear, left top, left bottom, color-stop(0.05, #c62d1f), color-stop(1, #f24537) );\r\n        background:-moz-linear-gradient( center top, #c62d1f 5%, #f24537 100% );\r\n        filter:progid:DXImageTransform.Microsoft.gradient(startColorstr='#c62d1f', endColorstr='#f24537');\r\n        background-color:#c62d1f;\r\n    }.emd_dl_red_darker:active {\r\n        position:relative;\r\n        top:1px;\r\n    }<\/style>","protected":false},"excerpt":{"rendered":"<p>El pesaje del ganado desempe\u00f1a un papel crucial en cualquier granja, ya que es una herramienta vital para garantizar el bienestar de los animales a lo largo de sus etapas de crecimiento. Las b\u00e1sculas para ganado resultan inestimables para optimizar el rendimiento de sus animales.<\/p>","protected":false},"featured_media":1006,"comment_status":"open","ping_status":"closed","template":"","meta":[],"product_brand":[41],"product_cat":[31],"product_tag":[],"class_list":{"0":"post-1004","1":"product","2":"type-product","3":"status-publish","4":"has-post-thumbnail","6":"product_brand-prime-scales","7":"product_cat-farm-equipment","9":"first","10":"instock","11":"taxable","12":"shipping-taxable","13":"purchasable","14":"product-type-variable"},"yoast_head":"<!-- This site is optimized with the Yoast SEO plugin v27.4 - https:\/\/yoast.com\/product\/yoast-seo-wordpress\/ -->\n<title>Best Cattle Weight Scale | Cattle Scale Platform | BizAutom<\/title>\n<meta name=\"description\" content=\"Find the best cattle scale for accurate livestock weighing at BizAutom. The Prime Scales PS-4KCS is the perfect cattle scale platform for sale. Book order now!\" \/>\n<meta name=\"robots\" content=\"index, follow, max-snippet:-1, max-image-preview:large, max-video-preview:-1\" \/>\n<link rel=\"canonical\" href=\"https:\/\/bizautom.com\/es\/producto\/prime-scales-ps-4kcs-cattle-scale-livestock-scale-calf-scale-with-indicator\/\" \/>\n<meta property=\"og:locale\" content=\"es_MX\" \/>\n<meta property=\"og:type\" content=\"article\" \/>\n<meta property=\"og:title\" content=\"Best Cattle Weight Scale | Cattle Scale Platform | BizAutom\" \/>\n<meta property=\"og:description\" content=\"Find the best cattle scale for accurate livestock weighing at BizAutom. The Prime Scales PS-4KCS is the perfect cattle scale platform for sale. Book order now!\" \/>\n<meta property=\"og:url\" content=\"https:\/\/bizautom.com\/es\/producto\/prime-scales-ps-4kcs-cattle-scale-livestock-scale-calf-scale-with-indicator\/\" \/>\n<meta property=\"og:site_name\" content=\"BizAutom\" \/>\n<meta property=\"article:publisher\" content=\"https:\/\/www.facebook.com\/people\/TINGCHEN-BizAutom\/61565746662873\/\" \/>\n<meta property=\"article:modified_time\" content=\"2024-05-28T10:31:10+00:00\" \/>\n<meta property=\"og:image\" content=\"https:\/\/bizautom.com\/wp-content\/uploads\/2023\/07\/PS-4KCS.jpg\" \/>\n\t<meta property=\"og:image:width\" content=\"1866\" \/>\n\t<meta property=\"og:image:height\" content=\"1866\" \/>\n\t<meta property=\"og:image:type\" content=\"image\/jpeg\" \/>\n<meta name=\"twitter:card\" content=\"summary_large_image\" \/>\n<meta name=\"twitter:label1\" content=\"Tiempo de lectura\" \/>\n\t<meta name=\"twitter:data1\" content=\"3 minutos\" \/>\n<!-- \/ Yoast SEO plugin. -->","yoast_head_json":{"title":"Best Cattle Weight Scale | Cattle Scale Platform | BizAutom","description":"Find the best cattle scale for accurate livestock weighing at BizAutom. The Prime Scales PS-4KCS is the perfect cattle scale platform for sale. Book order now!","robots":{"index":"index","follow":"follow","max-snippet":"max-snippet:-1","max-image-preview":"max-image-preview:large","max-video-preview":"max-video-preview:-1"},"canonical":"https:\/\/bizautom.com\/es\/producto\/prime-scales-ps-4kcs-cattle-scale-livestock-scale-calf-scale-with-indicator\/","og_locale":"es_MX","og_type":"article","og_title":"Best Cattle Weight Scale | Cattle Scale Platform | BizAutom","og_description":"Find the best cattle scale for accurate livestock weighing at BizAutom. The Prime Scales PS-4KCS is the perfect cattle scale platform for sale. Book order now!","og_url":"https:\/\/bizautom.com\/es\/producto\/prime-scales-ps-4kcs-cattle-scale-livestock-scale-calf-scale-with-indicator\/","og_site_name":"BizAutom","article_publisher":"https:\/\/www.facebook.com\/people\/TINGCHEN-BizAutom\/61565746662873\/","article_modified_time":"2024-05-28T10:31:10+00:00","og_image":[{"width":1866,"height":1866,"url":"https:\/\/bizautom.com\/wp-content\/uploads\/2023\/07\/PS-4KCS.jpg","type":"image\/jpeg"}],"twitter_card":"summary_large_image","twitter_misc":{"Tiempo de lectura":"3 minutos"},"schema":{"@context":"https:\/\/schema.org","@graph":[{"@type":"WebPage","@id":"https:\/\/bizautom.com\/product\/prime-scales-ps-4kcs-cattle-scale-livestock-scale-calf-scale-with-indicator\/","url":"https:\/\/bizautom.com\/product\/prime-scales-ps-4kcs-cattle-scale-livestock-scale-calf-scale-with-indicator\/","name":"Best Cattle Weight Scale | Cattle Scale Platform | BizAutom","isPartOf":{"@id":"https:\/\/bizautom.com\/#website"},"primaryImageOfPage":{"@id":"https:\/\/bizautom.com\/product\/prime-scales-ps-4kcs-cattle-scale-livestock-scale-calf-scale-with-indicator\/#primaryimage"},"image":{"@id":"https:\/\/bizautom.com\/product\/prime-scales-ps-4kcs-cattle-scale-livestock-scale-calf-scale-with-indicator\/#primaryimage"},"thumbnailUrl":"https:\/\/bizautom.com\/wp-content\/uploads\/2023\/07\/PS-4KCS.jpg","datePublished":"2023-07-20T00:01:19+00:00","dateModified":"2024-05-28T10:31:10+00:00","description":"Find the best cattle scale for accurate livestock weighing at BizAutom. The Prime Scales PS-4KCS is the perfect cattle scale platform for sale. Book order now!","breadcrumb":{"@id":"https:\/\/bizautom.com\/product\/prime-scales-ps-4kcs-cattle-scale-livestock-scale-calf-scale-with-indicator\/#breadcrumb"},"inLanguage":"es","potentialAction":[{"@type":"ReadAction","target":["https:\/\/bizautom.com\/product\/prime-scales-ps-4kcs-cattle-scale-livestock-scale-calf-scale-with-indicator\/"]}]},{"@type":"ImageObject","inLanguage":"es","@id":"https:\/\/bizautom.com\/product\/prime-scales-ps-4kcs-cattle-scale-livestock-scale-calf-scale-with-indicator\/#primaryimage","url":"https:\/\/bizautom.com\/wp-content\/uploads\/2023\/07\/PS-4KCS.jpg","contentUrl":"https:\/\/bizautom.com\/wp-content\/uploads\/2023\/07\/PS-4KCS.jpg","width":1866,"height":1866,"caption":"Veteinary Floor Scale"},{"@type":"BreadcrumbList","@id":"https:\/\/bizautom.com\/product\/prime-scales-ps-4kcs-cattle-scale-livestock-scale-calf-scale-with-indicator\/#breadcrumb","itemListElement":[{"@type":"ListItem","position":1,"name":"Home","item":"https:\/\/bizautom.com\/"},{"@type":"ListItem","position":2,"name":"Shop","item":"https:\/\/bizautom.com\/shop-2\/"},{"@type":"ListItem","position":3,"name":"Prime Scales PS-4KCS | PS-4KCS-L Cattle Scale | Livestock Scale | Calf Scale with Indicator"}]},{"@type":"WebSite","@id":"https:\/\/bizautom.com\/#website","url":"https:\/\/bizautom.com\/","name":"BizAutom","description":"R\u00e1pido. Preciso. Inteligente.","publisher":{"@id":"https:\/\/bizautom.com\/#organization"},"potentialAction":[{"@type":"SearchAction","target":{"@type":"EntryPoint","urlTemplate":"https:\/\/bizautom.com\/?s={search_term_string}"},"query-input":{"@type":"PropertyValueSpecification","valueRequired":true,"valueName":"search_term_string"}}],"inLanguage":"es"},{"@type":"Organization","@id":"https:\/\/bizautom.com\/#organization","name":"BizAutom","url":"https:\/\/bizautom.com\/","logo":{"@type":"ImageObject","inLanguage":"es","@id":"https:\/\/bizautom.com\/#\/schema\/logo\/image\/","url":"https:\/\/bizautom.com\/wp-content\/uploads\/2025\/04\/BizAutom_Logo_1.webp","contentUrl":"https:\/\/bizautom.com\/wp-content\/uploads\/2025\/04\/BizAutom_Logo_1.webp","width":455,"height":326,"caption":"BizAutom"},"image":{"@id":"https:\/\/bizautom.com\/#\/schema\/logo\/image\/"},"sameAs":["https:\/\/www.facebook.com\/people\/TINGCHEN-BizAutom\/61565746662873\/"]}]}},"jetpack-related-posts":[{"id":1488,"url":"https:\/\/bizautom.com\/es\/producto\/bizautom-livestox-caged-cattle-scale-with-bio-microchip-thermometer-and-scada-system\/","url_meta":{"origin":1004,"position":0},"title":"BizAutom LivestoX Balanza para ganado en jaula con term\u00f3metro Bio Microchip y sistema SCADA","author":"admin","date":"agosto 14, 2024","format":false,"excerpt":"La b\u00e1scula para ganado en jaula BizAutom LivestoX con term\u00f3metro Bio Microchip y sistema SCADA es una inversi\u00f3n esencial para los ganaderos que buscan mejorar sus pr\u00e1cticas de gesti\u00f3n ganadera con tecnolog\u00eda de vanguardia.","rel":"","context":"Entrada similar ","block_context":{"text":"Entrada similar ","link":""},"img":{"alt_text":"","src":"https:\/\/i0.wp.com\/bizautom.com\/wp-content\/uploads\/2024\/08\/LiveStoX-scaled.jpg?resize=350%2C200&ssl=1","width":350,"height":200,"srcset":"https:\/\/i0.wp.com\/bizautom.com\/wp-content\/uploads\/2024\/08\/LiveStoX-scaled.jpg?resize=350%2C200&ssl=1 1x, https:\/\/i0.wp.com\/bizautom.com\/wp-content\/uploads\/2024\/08\/LiveStoX-scaled.jpg?resize=525%2C300&ssl=1 1.5x, https:\/\/i0.wp.com\/bizautom.com\/wp-content\/uploads\/2024\/08\/LiveStoX-scaled.jpg?resize=700%2C400&ssl=1 2x, https:\/\/i0.wp.com\/bizautom.com\/wp-content\/uploads\/2024\/08\/LiveStoX-scaled.jpg?resize=1050%2C600&ssl=1 3x, https:\/\/i0.wp.com\/bizautom.com\/wp-content\/uploads\/2024\/08\/LiveStoX-scaled.jpg?resize=1400%2C800&ssl=1 4x"},"classes":[]},{"id":992,"url":"https:\/\/bizautom.com\/es\/producto\/ps-wb\/","url_meta":{"origin":1004,"position":1},"title":"Prime Scales PS-WB Juegos de barras de carga \/ pesaje con indicador","author":"admin","date":"julio 19, 2023","format":false,"excerpt":"Convierta su tolva de ganado, pal\u00e9 o cualquier otro equipo en una b\u00e1scula fiable con nuestras barras de pesaje. Con una plataforma para aplicarlas, puede convertir f\u00e1cilmente las configuraciones existentes en sistemas de pesaje precisos.","rel":"","context":"Entrada similar ","block_context":{"text":"Entrada similar ","link":""},"img":{"alt_text":"","src":"https:\/\/i0.wp.com\/bizautom.com\/wp-content\/uploads\/2023\/07\/PS-WB.jpg?resize=350%2C200&ssl=1","width":350,"height":200,"srcset":"https:\/\/i0.wp.com\/bizautom.com\/wp-content\/uploads\/2023\/07\/PS-WB.jpg?resize=350%2C200&ssl=1 1x, https:\/\/i0.wp.com\/bizautom.com\/wp-content\/uploads\/2023\/07\/PS-WB.jpg?resize=525%2C300&ssl=1 1.5x, https:\/\/i0.wp.com\/bizautom.com\/wp-content\/uploads\/2023\/07\/PS-WB.jpg?resize=700%2C400&ssl=1 2x"},"classes":[]},{"id":1596,"url":"https:\/\/bizautom.com\/es\/producto\/bizautom-livestox-caged-cattle-scale\/","url_meta":{"origin":1004,"position":2},"title":"BizAutom LivestoX Balanza para Ganado en Jaula con Indicador High End","author":"admin","date":"octubre 20, 2024","format":false,"excerpt":"La b\u00e1scula para ganado en jaula BizAutom LivestoX es una inversi\u00f3n esencial para los ganaderos que buscan mejorar sus pr\u00e1cticas de gesti\u00f3n ganadera con tecnolog\u00eda de vanguardia.","rel":"","context":"Entrada similar ","block_context":{"text":"Entrada similar ","link":""},"img":{"alt_text":"","src":"https:\/\/i0.wp.com\/bizautom.com\/wp-content\/uploads\/2024\/10\/LiveStoX202-scaled.jpg?resize=350%2C200&ssl=1","width":350,"height":200,"srcset":"https:\/\/i0.wp.com\/bizautom.com\/wp-content\/uploads\/2024\/10\/LiveStoX202-scaled.jpg?resize=350%2C200&ssl=1 1x, https:\/\/i0.wp.com\/bizautom.com\/wp-content\/uploads\/2024\/10\/LiveStoX202-scaled.jpg?resize=525%2C300&ssl=1 1.5x, https:\/\/i0.wp.com\/bizautom.com\/wp-content\/uploads\/2024\/10\/LiveStoX202-scaled.jpg?resize=700%2C400&ssl=1 2x, https:\/\/i0.wp.com\/bizautom.com\/wp-content\/uploads\/2024\/10\/LiveStoX202-scaled.jpg?resize=1050%2C600&ssl=1 3x, https:\/\/i0.wp.com\/bizautom.com\/wp-content\/uploads\/2024\/10\/LiveStoX202-scaled.jpg?resize=1400%2C800&ssl=1 4x"},"classes":[]},{"id":1001,"url":"https:\/\/bizautom.com\/es\/producto\/prime-scales-ps-700as4422-livestock-scale-veterinary-scale-with-indicator\/","url_meta":{"origin":1004,"position":3},"title":"Prime Scales PS-700AS4422 Balanza Ganadera | Balanza Veterinaria con Indicador","author":"admin","date":"julio 19, 2023","format":false,"excerpt":"Garantice un control preciso y eficaz de la salud de los animales en las distintas fases de crecimiento con el uso de b\u00e1sculas para ganado. El pesaje de los animales es un aspecto crucial de las operaciones de la granja, ya que ayuda a mantener un rendimiento \u00f3ptimo y a garantizar su bienestar.","rel":"","context":"Entrada similar ","block_context":{"text":"Entrada similar ","link":""},"img":{"alt_text":"","src":"https:\/\/i0.wp.com\/bizautom.com\/wp-content\/uploads\/2023\/07\/CloudAnimalScale-Pig.jpg?resize=350%2C200&ssl=1","width":350,"height":200,"srcset":"https:\/\/i0.wp.com\/bizautom.com\/wp-content\/uploads\/2023\/07\/CloudAnimalScale-Pig.jpg?resize=350%2C200&ssl=1 1x, https:\/\/i0.wp.com\/bizautom.com\/wp-content\/uploads\/2023\/07\/CloudAnimalScale-Pig.jpg?resize=525%2C300&ssl=1 1.5x, https:\/\/i0.wp.com\/bizautom.com\/wp-content\/uploads\/2023\/07\/CloudAnimalScale-Pig.jpg?resize=700%2C400&ssl=1 2x, https:\/\/i0.wp.com\/bizautom.com\/wp-content\/uploads\/2023\/07\/CloudAnimalScale-Pig.jpg?resize=1050%2C600&ssl=1 3x, https:\/\/i0.wp.com\/bizautom.com\/wp-content\/uploads\/2023\/07\/CloudAnimalScale-Pig.jpg?resize=1400%2C800&ssl=1 4x"},"classes":[]},{"id":4327,"url":"https:\/\/bizautom.com\/es\/producto\/prime-scales-ps-in202s-stainless-steel-ntep-legal-for-trade-indicator\/","url_meta":{"origin":1004,"position":4},"title":"Prime Scales PS-IN202S Acero inoxidable NTEP Indicador legal para el comercio","author":"admin","date":"mayo 21, 2025","format":false,"excerpt":"The PS-IN202S is the ideal solution for operations demanding precision, durability, and regulatory compliance. Whether you\u2019re upgrading existing equipment or setting up a new industrial scale system, the PS-IN202S offers rugged performance with seamless connectivity.","rel":"","context":"Entrada similar ","block_context":{"text":"Entrada similar ","link":""},"img":{"alt_text":"","src":"https:\/\/i0.wp.com\/bizautom.com\/wp-content\/uploads\/2025\/05\/PS-IN202S-scaled.jpg?resize=350%2C200&ssl=1","width":350,"height":200,"srcset":"https:\/\/i0.wp.com\/bizautom.com\/wp-content\/uploads\/2025\/05\/PS-IN202S-scaled.jpg?resize=350%2C200&ssl=1 1x, https:\/\/i0.wp.com\/bizautom.com\/wp-content\/uploads\/2025\/05\/PS-IN202S-scaled.jpg?resize=525%2C300&ssl=1 1.5x, https:\/\/i0.wp.com\/bizautom.com\/wp-content\/uploads\/2025\/05\/PS-IN202S-scaled.jpg?resize=700%2C400&ssl=1 2x, https:\/\/i0.wp.com\/bizautom.com\/wp-content\/uploads\/2025\/05\/PS-IN202S-scaled.jpg?resize=1050%2C600&ssl=1 3x, https:\/\/i0.wp.com\/bizautom.com\/wp-content\/uploads\/2025\/05\/PS-IN202S-scaled.jpg?resize=1400%2C800&ssl=1 4x"},"classes":[]},{"id":823,"url":"https:\/\/bizautom.com\/es\/producto\/prime-scales-row-on-weigh-pallet-jack-floor-scale-with-ps-in202-indicator\/","url_meta":{"origin":1004,"position":5},"title":"Prime Scales B\u00e1scula con indicador de peso para transpaletas con ruedas PS-IN202","author":"admin","date":"julio 18, 2023","format":false,"excerpt":"Cuando se trata de pesar estos objetos, una rampa es esencial, y nuestras b\u00e1sculas Roll On Weigh ofrecen precisamente eso. Su innovador dise\u00f1o garantiza que, cuando las ruedas de la transpaleta, la plataforma rodante, el carro o la silla de ruedas tocan la rampa, esta desciende suavemente hasta el suelo, soportando el peso de forma segura.","rel":"","context":"Entrada similar ","block_context":{"text":"Entrada similar ","link":""},"img":{"alt_text":"","src":"https:\/\/i0.wp.com\/bizautom.com\/wp-content\/uploads\/2023\/07\/PS-ROWPalletJack-scaled.jpg?resize=350%2C200&ssl=1","width":350,"height":200,"srcset":"https:\/\/i0.wp.com\/bizautom.com\/wp-content\/uploads\/2023\/07\/PS-ROWPalletJack-scaled.jpg?resize=350%2C200&ssl=1 1x, https:\/\/i0.wp.com\/bizautom.com\/wp-content\/uploads\/2023\/07\/PS-ROWPalletJack-scaled.jpg?resize=525%2C300&ssl=1 1.5x, https:\/\/i0.wp.com\/bizautom.com\/wp-content\/uploads\/2023\/07\/PS-ROWPalletJack-scaled.jpg?resize=700%2C400&ssl=1 2x, https:\/\/i0.wp.com\/bizautom.com\/wp-content\/uploads\/2023\/07\/PS-ROWPalletJack-scaled.jpg?resize=1050%2C600&ssl=1 3x, https:\/\/i0.wp.com\/bizautom.com\/wp-content\/uploads\/2023\/07\/PS-ROWPalletJack-scaled.jpg?resize=1400%2C800&ssl=1 4x"},"classes":[]}],"jetpack_sharing_enabled":true,"_links":{"self":[{"href":"https:\/\/bizautom.com\/es\/wp-json\/wp\/v2\/product\/1004","targetHints":{"allow":["GET"]}}],"collection":[{"href":"https:\/\/bizautom.com\/es\/wp-json\/wp\/v2\/product"}],"about":[{"href":"https:\/\/bizautom.com\/es\/wp-json\/wp\/v2\/types\/product"}],"replies":[{"embeddable":true,"href":"https:\/\/bizautom.com\/es\/wp-json\/wp\/v2\/comments?post=1004"}],"version-history":[{"count":1,"href":"https:\/\/bizautom.com\/es\/wp-json\/wp\/v2\/product\/1004\/revisions"}],"predecessor-version":[{"id":1149,"href":"https:\/\/bizautom.com\/es\/wp-json\/wp\/v2\/product\/1004\/revisions\/1149"}],"wp:featuredmedia":[{"embeddable":true,"href":"https:\/\/bizautom.com\/es\/wp-json\/wp\/v2\/media\/1006"}],"wp:attachment":[{"href":"https:\/\/bizautom.com\/es\/wp-json\/wp\/v2\/media?parent=1004"}],"wp:term":[{"taxonomy":"product_brand","embeddable":true,"href":"https:\/\/bizautom.com\/es\/wp-json\/wp\/v2\/product_brand?post=1004"},{"taxonomy":"product_cat","embeddable":true,"href":"https:\/\/bizautom.com\/es\/wp-json\/wp\/v2\/product_cat?post=1004"},{"taxonomy":"product_tag","embeddable":true,"href":"https:\/\/bizautom.com\/es\/wp-json\/wp\/v2\/product_tag?post=1004"}],"curies":[{"name":"wp","href":"https:\/\/api.w.org\/{rel}","templated":true}]}}