{"id":1024,"date":"2023-07-20T01:16:38","date_gmt":"2023-07-20T01:16:38","guid":{"rendered":"https:\/\/bizautom.com\/?post_type=product&#038;p=1024"},"modified":"2024-04-09T08:58:30","modified_gmt":"2024-04-09T08:58:30","slug":"prime-scales-ps-in202ss-stainless-steel-ntep-indicator-trade-legal","status":"publish","type":"product","link":"https:\/\/bizautom.com\/es\/producto\/prime-scales-ps-in202ss-stainless-steel-ntep-indicator-trade-legal\/","title":{"rendered":"Prime Scales PS-IN202SS Indicador NTEP de acero inoxidable - Trade Legal"},"content":{"rendered":"<p>El indicador Prime PS-IN202SS es un dispositivo legal para el comercio (aprobado por NTEP) de calidad profesional que ofrece una salida serie para impresoras o PC. Alojado en una duradera carcasa de acero inoxidable 304 con un grado de impermeabilidad IP-67, est\u00e1 dise\u00f1ado para soportar entornos exigentes. Este indicador est\u00e1 ampliamente reconocido como la mejor opci\u00f3n para b\u00e1sculas de suelo, b\u00e1sculas para camiones peque\u00f1os, tolvas, etc.<\/p>\n<p>Caracter\u00edsticas principales:<br \/>\nPantalla LED de 1,5\u2033 supergrande y brillante<br \/>\nVelocidad de medici\u00f3n de anal\u00f3gico a digital configurable<br \/>\nAlimentaci\u00f3n para hasta ocho c\u00e9lulas de carga de 350 ohmios<br \/>\nCalibraci\u00f3n digital completa con rango completo<br \/>\nModos de visualizaci\u00f3n del peso NETO o del peso BRUTO<br \/>\nDetecci\u00f3n de movimiento y mantenimiento cero autom\u00e1tico<br \/>\nImpresora y salida continua de datos<br \/>\nCinco botones para un control sencillo<br \/>\nSoporte mural o inclinable para una instalaci\u00f3n vers\u00e1til<br \/>\nAlimentaci\u00f3n mediante adaptador de 110 V CA\/CC<br \/>\nTama\u00f1o compacto: 9,3\u2033 (L) x 2,8\u2033 (P) x 6,5\u2033 (H) (con soporte)<br \/>\nNTEP COC# 12-112<\/p>\n<div class=\"\"><a href=\"https:\/\/bizautom.com\/wp-content\/uploads\/2023\/07\/PS-IN202SS_Operators_Manual_EnglishSpanish.pdf\" target=\"_blank\" class=\"emd_dl_red_darker\">Manual de instalaci\u00f3n<\/a><\/div>    <style>            \r\n    .emd_dl_red_darker {\r\n        -moz-box-shadow:inset 0px 1px 0px 0px #f5978e;\r\n        -webkit-box-shadow:inset 0px 1px 0px 0px #f5978e;\r\n        box-shadow:inset 0px 1px 0px 0px #f5978e;\r\n        background:-webkit-gradient( linear, left top, left bottom, color-stop(0.05, #f24537), color-stop(1, #c62d1f) );\r\n        background:-moz-linear-gradient( center top, #f24537 5%, #c62d1f 100% );\r\n        filter:progid:DXImageTransform.Microsoft.gradient(startColorstr='#f24537', endColorstr='#c62d1f');\r\n        background-color:#f24537;\r\n        -webkit-border-top-left-radius:0px;\r\n        -moz-border-radius-topleft:0px;\r\n        border-top-left-radius:0px;\r\n        -webkit-border-top-right-radius:0px;\r\n        -moz-border-radius-topright:0px;\r\n        border-top-right-radius:0px;\r\n        -webkit-border-bottom-right-radius:0px;\r\n        -moz-border-radius-bottomright:0px;\r\n        border-bottom-right-radius:0px;\r\n        -webkit-border-bottom-left-radius:0px;\r\n        -moz-border-radius-bottomleft:0px;\r\n        border-bottom-left-radius:0px;\r\n        text-indent:0;\r\n        border:1px solid #d02718;\r\n        display:inline-block;\r\n        color:#ffffff !important;\r\n        font-family:Georgia;\r\n        font-size:15px;\r\n        font-weight:bold;\r\n        font-style:normal;\r\n        height:41px;\r\n        line-height:41px;\r\n        width:180px;\r\n        text-decoration:none;\r\n        text-align:center;\r\n        text-shadow:1px 1px 0px #810e05;\r\n    }\r\n    .emd_dl_red_darker:hover {\r\n        background:-webkit-gradient( linear, left top, left bottom, color-stop(0.05, #c62d1f), color-stop(1, #f24537) );\r\n        background:-moz-linear-gradient( center top, #c62d1f 5%, #f24537 100% );\r\n        filter:progid:DXImageTransform.Microsoft.gradient(startColorstr='#c62d1f', endColorstr='#f24537');\r\n        background-color:#c62d1f;\r\n    }.emd_dl_red_darker:active {\r\n        position:relative;\r\n        top:1px;\r\n    }<\/style>\n<div class=\"\"><a href=\"https:\/\/bizautom.com\/wp-content\/uploads\/2023\/07\/PS-IN202dataFormat-Protocols-1.pdf\" target=\"_blank\" class=\"emd_dl_red_darker\">Formato de los datos<\/a><\/div>    <style>            \r\n    .emd_dl_red_darker {\r\n        -moz-box-shadow:inset 0px 1px 0px 0px #f5978e;\r\n        -webkit-box-shadow:inset 0px 1px 0px 0px #f5978e;\r\n        box-shadow:inset 0px 1px 0px 0px #f5978e;\r\n        background:-webkit-gradient( linear, left top, left bottom, color-stop(0.05, #f24537), color-stop(1, #c62d1f) );\r\n        background:-moz-linear-gradient( center top, #f24537 5%, #c62d1f 100% );\r\n        filter:progid:DXImageTransform.Microsoft.gradient(startColorstr='#f24537', endColorstr='#c62d1f');\r\n        background-color:#f24537;\r\n        -webkit-border-top-left-radius:0px;\r\n        -moz-border-radius-topleft:0px;\r\n        border-top-left-radius:0px;\r\n        -webkit-border-top-right-radius:0px;\r\n        -moz-border-radius-topright:0px;\r\n        border-top-right-radius:0px;\r\n        -webkit-border-bottom-right-radius:0px;\r\n        -moz-border-radius-bottomright:0px;\r\n        border-bottom-right-radius:0px;\r\n        -webkit-border-bottom-left-radius:0px;\r\n        -moz-border-radius-bottomleft:0px;\r\n        border-bottom-left-radius:0px;\r\n        text-indent:0;\r\n        border:1px solid #d02718;\r\n        display:inline-block;\r\n        color:#ffffff !important;\r\n        font-family:Georgia;\r\n        font-size:15px;\r\n        font-weight:bold;\r\n        font-style:normal;\r\n        height:41px;\r\n        line-height:41px;\r\n        width:180px;\r\n        text-decoration:none;\r\n        text-align:center;\r\n        text-shadow:1px 1px 0px #810e05;\r\n    }\r\n    .emd_dl_red_darker:hover {\r\n        background:-webkit-gradient( linear, left top, left bottom, color-stop(0.05, #c62d1f), color-stop(1, #f24537) );\r\n        background:-moz-linear-gradient( center top, #c62d1f 5%, #f24537 100% );\r\n        filter:progid:DXImageTransform.Microsoft.gradient(startColorstr='#c62d1f', endColorstr='#f24537');\r\n        background-color:#c62d1f;\r\n    }.emd_dl_red_darker:active {\r\n        position:relative;\r\n        top:1px;\r\n    }<\/style>","protected":false},"excerpt":{"rendered":"<p>El indicador Prime PS-IN202SS es un dispositivo legal para el comercio (aprobado por NTEP), equipado con compatibilidad de salida serie para impresoras o PC. Alojado en una robusta carcasa de acero inoxidable 304 con grado de impermeabilidad IP-67, garantiza durabilidad y protecci\u00f3n. Reconocida como la mejor opci\u00f3n para b\u00e1sculas de suelo, b\u00e1sculas para camiones peque\u00f1os, tolvas y aplicaciones similares, se ha ganado su popularidad entre los usuarios.<\/p>","protected":false},"featured_media":1025,"comment_status":"open","ping_status":"closed","template":"","meta":[],"product_brand":[41],"product_cat":[32],"product_tag":[61],"class_list":{"0":"post-1024","1":"product","2":"type-product","3":"status-publish","4":"has-post-thumbnail","6":"product_brand-prime-scales","7":"product_cat-instruments-parts","8":"product_tag-stainless-steel-indicator","10":"first","11":"instock","12":"taxable","13":"shipping-taxable","14":"purchasable","15":"product-type-simple"},"yoast_head":"<!-- This site is optimized with the Yoast SEO plugin v27.4 - https:\/\/yoast.com\/product\/yoast-seo-wordpress\/ -->\n<title>Prime Scales PS-IN202SS Stainless Steel NTEP Indicator<\/title>\n<meta name=\"description\" content=\"Discover the versatility and precision of Prime Scales PS-IN202SS stainless steel indicator. Perfect for trade-legal weighing. Visit our website for more!\" \/>\n<meta name=\"robots\" content=\"index, follow, max-snippet:-1, max-image-preview:large, max-video-preview:-1\" \/>\n<link rel=\"canonical\" href=\"https:\/\/bizautom.com\/es\/producto\/prime-scales-ps-in202ss-stainless-steel-ntep-indicator-trade-legal\/\" \/>\n<meta property=\"og:locale\" content=\"es_MX\" \/>\n<meta property=\"og:type\" content=\"article\" \/>\n<meta property=\"og:title\" content=\"Prime Scales PS-IN202SS Stainless Steel NTEP Indicator\" \/>\n<meta property=\"og:description\" content=\"Discover the versatility and precision of Prime Scales PS-IN202SS stainless steel indicator. Perfect for trade-legal weighing. Visit our website for more!\" \/>\n<meta property=\"og:url\" content=\"https:\/\/bizautom.com\/es\/producto\/prime-scales-ps-in202ss-stainless-steel-ntep-indicator-trade-legal\/\" \/>\n<meta property=\"og:site_name\" content=\"BizAutom\" \/>\n<meta property=\"article:publisher\" content=\"https:\/\/www.facebook.com\/people\/TINGCHEN-BizAutom\/61565746662873\/\" \/>\n<meta property=\"article:modified_time\" content=\"2024-04-09T08:58:30+00:00\" \/>\n<meta property=\"og:image\" content=\"https:\/\/bizautom.com\/wp-content\/uploads\/2023\/07\/PS-IN202SS.jpg\" \/>\n\t<meta property=\"og:image:width\" content=\"1440\" \/>\n\t<meta property=\"og:image:height\" content=\"1440\" \/>\n\t<meta property=\"og:image:type\" content=\"image\/jpeg\" \/>\n<meta name=\"twitter:card\" content=\"summary_large_image\" \/>\n<meta name=\"twitter:label1\" content=\"Tiempo de lectura\" \/>\n\t<meta name=\"twitter:data1\" content=\"1 minuto\" \/>\n<!-- \/ Yoast SEO plugin. -->","yoast_head_json":{"title":"Prime Scales PS-IN202SS Stainless Steel NTEP Indicator","description":"Discover the versatility and precision of Prime Scales PS-IN202SS stainless steel indicator. Perfect for trade-legal weighing. Visit our website for more!","robots":{"index":"index","follow":"follow","max-snippet":"max-snippet:-1","max-image-preview":"max-image-preview:large","max-video-preview":"max-video-preview:-1"},"canonical":"https:\/\/bizautom.com\/es\/producto\/prime-scales-ps-in202ss-stainless-steel-ntep-indicator-trade-legal\/","og_locale":"es_MX","og_type":"article","og_title":"Prime Scales PS-IN202SS Stainless Steel NTEP Indicator","og_description":"Discover the versatility and precision of Prime Scales PS-IN202SS stainless steel indicator. Perfect for trade-legal weighing. Visit our website for more!","og_url":"https:\/\/bizautom.com\/es\/producto\/prime-scales-ps-in202ss-stainless-steel-ntep-indicator-trade-legal\/","og_site_name":"BizAutom","article_publisher":"https:\/\/www.facebook.com\/people\/TINGCHEN-BizAutom\/61565746662873\/","article_modified_time":"2024-04-09T08:58:30+00:00","og_image":[{"width":1440,"height":1440,"url":"https:\/\/bizautom.com\/wp-content\/uploads\/2023\/07\/PS-IN202SS.jpg","type":"image\/jpeg"}],"twitter_card":"summary_large_image","twitter_misc":{"Tiempo de lectura":"1 minuto"},"schema":{"@context":"https:\/\/schema.org","@graph":[{"@type":"WebPage","@id":"https:\/\/bizautom.com\/product\/prime-scales-ps-in202ss-stainless-steel-ntep-indicator-trade-legal\/","url":"https:\/\/bizautom.com\/product\/prime-scales-ps-in202ss-stainless-steel-ntep-indicator-trade-legal\/","name":"Prime Scales PS-IN202SS Stainless Steel NTEP Indicator","isPartOf":{"@id":"https:\/\/bizautom.com\/#website"},"primaryImageOfPage":{"@id":"https:\/\/bizautom.com\/product\/prime-scales-ps-in202ss-stainless-steel-ntep-indicator-trade-legal\/#primaryimage"},"image":{"@id":"https:\/\/bizautom.com\/product\/prime-scales-ps-in202ss-stainless-steel-ntep-indicator-trade-legal\/#primaryimage"},"thumbnailUrl":"https:\/\/bizautom.com\/wp-content\/uploads\/2023\/07\/PS-IN202SS.jpg","datePublished":"2023-07-20T01:16:38+00:00","dateModified":"2024-04-09T08:58:30+00:00","description":"Discover the versatility and precision of Prime Scales PS-IN202SS stainless steel indicator. Perfect for trade-legal weighing. Visit our website for more!","breadcrumb":{"@id":"https:\/\/bizautom.com\/product\/prime-scales-ps-in202ss-stainless-steel-ntep-indicator-trade-legal\/#breadcrumb"},"inLanguage":"es","potentialAction":[{"@type":"ReadAction","target":["https:\/\/bizautom.com\/product\/prime-scales-ps-in202ss-stainless-steel-ntep-indicator-trade-legal\/"]}]},{"@type":"ImageObject","inLanguage":"es","@id":"https:\/\/bizautom.com\/product\/prime-scales-ps-in202ss-stainless-steel-ntep-indicator-trade-legal\/#primaryimage","url":"https:\/\/bizautom.com\/wp-content\/uploads\/2023\/07\/PS-IN202SS.jpg","contentUrl":"https:\/\/bizautom.com\/wp-content\/uploads\/2023\/07\/PS-IN202SS.jpg","width":1440,"height":1440,"caption":"prime scales ps-in202"},{"@type":"BreadcrumbList","@id":"https:\/\/bizautom.com\/product\/prime-scales-ps-in202ss-stainless-steel-ntep-indicator-trade-legal\/#breadcrumb","itemListElement":[{"@type":"ListItem","position":1,"name":"Home","item":"https:\/\/bizautom.com\/"},{"@type":"ListItem","position":2,"name":"Shop","item":"https:\/\/bizautom.com\/shop-2\/"},{"@type":"ListItem","position":3,"name":"Prime Scales PS-IN202SS Stainless Steel NTEP Indicator &#8211; Trade Legal"}]},{"@type":"WebSite","@id":"https:\/\/bizautom.com\/#website","url":"https:\/\/bizautom.com\/","name":"BizAutom","description":"R\u00e1pido. Preciso. Inteligente.","publisher":{"@id":"https:\/\/bizautom.com\/#organization"},"potentialAction":[{"@type":"SearchAction","target":{"@type":"EntryPoint","urlTemplate":"https:\/\/bizautom.com\/?s={search_term_string}"},"query-input":{"@type":"PropertyValueSpecification","valueRequired":true,"valueName":"search_term_string"}}],"inLanguage":"es"},{"@type":"Organization","@id":"https:\/\/bizautom.com\/#organization","name":"BizAutom","url":"https:\/\/bizautom.com\/","logo":{"@type":"ImageObject","inLanguage":"es","@id":"https:\/\/bizautom.com\/#\/schema\/logo\/image\/","url":"https:\/\/bizautom.com\/wp-content\/uploads\/2025\/04\/BizAutom_Logo_1.webp","contentUrl":"https:\/\/bizautom.com\/wp-content\/uploads\/2025\/04\/BizAutom_Logo_1.webp","width":455,"height":326,"caption":"BizAutom"},"image":{"@id":"https:\/\/bizautom.com\/#\/schema\/logo\/image\/"},"sameAs":["https:\/\/www.facebook.com\/people\/TINGCHEN-BizAutom\/61565746662873\/"]}]}},"jetpack-related-posts":[{"id":4327,"url":"https:\/\/bizautom.com\/es\/producto\/prime-scales-ps-in202s-stainless-steel-ntep-legal-for-trade-indicator\/","url_meta":{"origin":1024,"position":0},"title":"Prime Scales PS-IN202S Acero inoxidable NTEP Indicador legal para el comercio","author":"admin","date":"mayo 21, 2025","format":false,"excerpt":"The PS-IN202S is the ideal solution for operations demanding precision, durability, and regulatory compliance. Whether you\u2019re upgrading existing equipment or setting up a new industrial scale system, the PS-IN202S offers rugged performance with seamless connectivity.","rel":"","context":"Entrada similar ","block_context":{"text":"Entrada similar ","link":""},"img":{"alt_text":"","src":"https:\/\/i0.wp.com\/bizautom.com\/wp-content\/uploads\/2025\/05\/PS-IN202S-scaled.jpg?resize=350%2C200&ssl=1","width":350,"height":200,"srcset":"https:\/\/i0.wp.com\/bizautom.com\/wp-content\/uploads\/2025\/05\/PS-IN202S-scaled.jpg?resize=350%2C200&ssl=1 1x, https:\/\/i0.wp.com\/bizautom.com\/wp-content\/uploads\/2025\/05\/PS-IN202S-scaled.jpg?resize=525%2C300&ssl=1 1.5x, https:\/\/i0.wp.com\/bizautom.com\/wp-content\/uploads\/2025\/05\/PS-IN202S-scaled.jpg?resize=700%2C400&ssl=1 2x, https:\/\/i0.wp.com\/bizautom.com\/wp-content\/uploads\/2025\/05\/PS-IN202S-scaled.jpg?resize=1050%2C600&ssl=1 3x, https:\/\/i0.wp.com\/bizautom.com\/wp-content\/uploads\/2025\/05\/PS-IN202S-scaled.jpg?resize=1400%2C800&ssl=1 4x"},"classes":[]},{"id":957,"url":"https:\/\/bizautom.com\/es\/producto\/prime-scales-ps-in202-digital-indicator-with-rs232-signal-output\/","url_meta":{"origin":1024,"position":1},"title":"Prime Scales PS-IN202 Indicador digital con salida de se\u00f1al RS232","author":"admin","date":"julio 18, 2023","format":false,"excerpt":"Tanto si actualmente necesita un indicador b\u00e1sico como si prev\u00e9 la necesidad de conectar su b\u00e1scula con la red BizAutom en el futuro, el PS-IN202 es una opci\u00f3n ideal.","rel":"","context":"Entrada similar ","block_context":{"text":"Entrada similar ","link":""},"img":{"alt_text":"","src":"https:\/\/i0.wp.com\/bizautom.com\/wp-content\/uploads\/2023\/07\/PS-IN202.jpg?resize=350%2C200&ssl=1","width":350,"height":200,"srcset":"https:\/\/i0.wp.com\/bizautom.com\/wp-content\/uploads\/2023\/07\/PS-IN202.jpg?resize=350%2C200&ssl=1 1x, https:\/\/i0.wp.com\/bizautom.com\/wp-content\/uploads\/2023\/07\/PS-IN202.jpg?resize=525%2C300&ssl=1 1.5x, https:\/\/i0.wp.com\/bizautom.com\/wp-content\/uploads\/2023\/07\/PS-IN202.jpg?resize=700%2C400&ssl=1 2x"},"classes":[]},{"id":3667,"url":"https:\/\/bizautom.com\/es\/producto\/prime-scales-ps-b99ss-stainless-steel-portion-scale\/","url_meta":{"origin":1024,"position":2},"title":"Prime Scales PS-B99SS Balanza porcionadora de acero inoxidable","author":"admin","date":"abril 3, 2025","format":false,"excerpt":"Upgrade your weighing system with the PS-B99SS and experience the perfect balance of accuracy, durability, and convenience!","rel":"","context":"Entrada similar ","block_context":{"text":"Entrada similar ","link":""},"img":{"alt_text":"","src":"https:\/\/i0.wp.com\/bizautom.com\/wp-content\/uploads\/2025\/04\/PS-B99SS-scaled.webp?resize=350%2C200&ssl=1","width":350,"height":200,"srcset":"https:\/\/i0.wp.com\/bizautom.com\/wp-content\/uploads\/2025\/04\/PS-B99SS-scaled.webp?resize=350%2C200&ssl=1 1x, https:\/\/i0.wp.com\/bizautom.com\/wp-content\/uploads\/2025\/04\/PS-B99SS-scaled.webp?resize=525%2C300&ssl=1 1.5x, https:\/\/i0.wp.com\/bizautom.com\/wp-content\/uploads\/2025\/04\/PS-B99SS-scaled.webp?resize=700%2C400&ssl=1 2x, https:\/\/i0.wp.com\/bizautom.com\/wp-content\/uploads\/2025\/04\/PS-B99SS-scaled.webp?resize=1050%2C600&ssl=1 3x, https:\/\/i0.wp.com\/bizautom.com\/wp-content\/uploads\/2025\/04\/PS-B99SS-scaled.webp?resize=1400%2C800&ssl=1 4x"},"classes":[]},{"id":823,"url":"https:\/\/bizautom.com\/es\/producto\/prime-scales-row-on-weigh-pallet-jack-floor-scale-with-ps-in202-indicator\/","url_meta":{"origin":1024,"position":3},"title":"Prime Scales B\u00e1scula con indicador de peso para transpaletas con ruedas PS-IN202","author":"admin","date":"julio 18, 2023","format":false,"excerpt":"Cuando se trata de pesar estos objetos, una rampa es esencial, y nuestras b\u00e1sculas Roll On Weigh ofrecen precisamente eso. Su innovador dise\u00f1o garantiza que, cuando las ruedas de la transpaleta, la plataforma rodante, el carro o la silla de ruedas tocan la rampa, esta desciende suavemente hasta el suelo, soportando el peso de forma segura.","rel":"","context":"Entrada similar ","block_context":{"text":"Entrada similar ","link":""},"img":{"alt_text":"","src":"https:\/\/i0.wp.com\/bizautom.com\/wp-content\/uploads\/2023\/07\/PS-ROWPalletJack-scaled.jpg?resize=350%2C200&ssl=1","width":350,"height":200,"srcset":"https:\/\/i0.wp.com\/bizautom.com\/wp-content\/uploads\/2023\/07\/PS-ROWPalletJack-scaled.jpg?resize=350%2C200&ssl=1 1x, https:\/\/i0.wp.com\/bizautom.com\/wp-content\/uploads\/2023\/07\/PS-ROWPalletJack-scaled.jpg?resize=525%2C300&ssl=1 1.5x, https:\/\/i0.wp.com\/bizautom.com\/wp-content\/uploads\/2023\/07\/PS-ROWPalletJack-scaled.jpg?resize=700%2C400&ssl=1 2x, https:\/\/i0.wp.com\/bizautom.com\/wp-content\/uploads\/2023\/07\/PS-ROWPalletJack-scaled.jpg?resize=1050%2C600&ssl=1 3x, https:\/\/i0.wp.com\/bizautom.com\/wp-content\/uploads\/2023\/07\/PS-ROWPalletJack-scaled.jpg?resize=1400%2C800&ssl=1 4x"},"classes":[]},{"id":3127,"url":"https:\/\/bizautom.com\/es\/producto\/prime-scales-ps-45-wide-format-thermal-label-paper-serial-printer\/","url_meta":{"origin":1024,"position":4},"title":"Prime Scales PS-45 Impresora t\u00e9rmica de gran formato de etiquetas \/ papel en serie","author":"admin","date":"marzo 30, 2025","format":false,"excerpt":"La PS-45 es nuestra impresora de formato m\u00e1s ancho, que ofrece impresiones instant\u00e1neas con s\u00f3lo pulsar un bot\u00f3n. Imprime sin esfuerzo datos de peso, texto, c\u00f3digos de barras, c\u00f3digos QR y n\u00fameros de serie en rollos de papel t\u00e9rmico, etiquetas est\u00e1ndar o etiquetas continuas de hasta 4,5\" de ancho.","rel":"","context":"Entrada similar ","block_context":{"text":"Entrada similar ","link":""},"img":{"alt_text":"","src":"https:\/\/i0.wp.com\/bizautom.com\/wp-content\/uploads\/2025\/03\/PS-45.jpg?resize=350%2C200&ssl=1","width":350,"height":200,"srcset":"https:\/\/i0.wp.com\/bizautom.com\/wp-content\/uploads\/2025\/03\/PS-45.jpg?resize=350%2C200&ssl=1 1x, https:\/\/i0.wp.com\/bizautom.com\/wp-content\/uploads\/2025\/03\/PS-45.jpg?resize=525%2C300&ssl=1 1.5x, https:\/\/i0.wp.com\/bizautom.com\/wp-content\/uploads\/2025\/03\/PS-45.jpg?resize=700%2C400&ssl=1 2x, https:\/\/i0.wp.com\/bizautom.com\/wp-content\/uploads\/2025\/03\/PS-45.jpg?resize=1050%2C600&ssl=1 3x, https:\/\/i0.wp.com\/bizautom.com\/wp-content\/uploads\/2025\/03\/PS-45.jpg?resize=1400%2C800&ssl=1 4x"},"classes":[]},{"id":1074,"url":"https:\/\/bizautom.com\/es\/producto\/prime-scales-ps-35-thermal-label-paper-serial-printer\/","url_meta":{"origin":1024,"position":5},"title":"Prime Scales PS-35 Impresora t\u00e9rmica de etiquetas \/ papel en serie","author":"admin","date":"julio 31, 2023","format":false,"excerpt":"La impresora PS-35 es la m\u00e1s avanzada de nuestra gama. Con solo pulsar un bot\u00f3n, puede imprimir al instante informaci\u00f3n sobre el peso en rollos de papel t\u00e9rmico, etiquetas normales o etiquetas sin soporte con un grosor m\u00ednimo de 0,2 mm.","rel":"","context":"Entrada similar ","block_context":{"text":"Entrada similar ","link":""},"img":{"alt_text":"","src":"https:\/\/i0.wp.com\/bizautom.com\/wp-content\/uploads\/2023\/07\/Main.jpg?resize=350%2C200&ssl=1","width":350,"height":200,"srcset":"https:\/\/i0.wp.com\/bizautom.com\/wp-content\/uploads\/2023\/07\/Main.jpg?resize=350%2C200&ssl=1 1x, https:\/\/i0.wp.com\/bizautom.com\/wp-content\/uploads\/2023\/07\/Main.jpg?resize=525%2C300&ssl=1 1.5x, https:\/\/i0.wp.com\/bizautom.com\/wp-content\/uploads\/2023\/07\/Main.jpg?resize=700%2C400&ssl=1 2x, https:\/\/i0.wp.com\/bizautom.com\/wp-content\/uploads\/2023\/07\/Main.jpg?resize=1050%2C600&ssl=1 3x, https:\/\/i0.wp.com\/bizautom.com\/wp-content\/uploads\/2023\/07\/Main.jpg?resize=1400%2C800&ssl=1 4x"},"classes":[]}],"jetpack_sharing_enabled":true,"_links":{"self":[{"href":"https:\/\/bizautom.com\/es\/wp-json\/wp\/v2\/product\/1024","targetHints":{"allow":["GET"]}}],"collection":[{"href":"https:\/\/bizautom.com\/es\/wp-json\/wp\/v2\/product"}],"about":[{"href":"https:\/\/bizautom.com\/es\/wp-json\/wp\/v2\/types\/product"}],"replies":[{"embeddable":true,"href":"https:\/\/bizautom.com\/es\/wp-json\/wp\/v2\/comments?post=1024"}],"version-history":[{"count":0,"href":"https:\/\/bizautom.com\/es\/wp-json\/wp\/v2\/product\/1024\/revisions"}],"wp:featuredmedia":[{"embeddable":true,"href":"https:\/\/bizautom.com\/es\/wp-json\/wp\/v2\/media\/1025"}],"wp:attachment":[{"href":"https:\/\/bizautom.com\/es\/wp-json\/wp\/v2\/media?parent=1024"}],"wp:term":[{"taxonomy":"product_brand","embeddable":true,"href":"https:\/\/bizautom.com\/es\/wp-json\/wp\/v2\/product_brand?post=1024"},{"taxonomy":"product_cat","embeddable":true,"href":"https:\/\/bizautom.com\/es\/wp-json\/wp\/v2\/product_cat?post=1024"},{"taxonomy":"product_tag","embeddable":true,"href":"https:\/\/bizautom.com\/es\/wp-json\/wp\/v2\/product_tag?post=1024"}],"curies":[{"name":"wp","href":"https:\/\/api.w.org\/{rel}","templated":true}]}}