{"id":1026,"date":"2023-07-20T04:07:55","date_gmt":"2023-07-20T04:07:55","guid":{"rendered":"https:\/\/bizautom.com\/?post_type=product&#038;p=1026"},"modified":"2025-01-02T14:42:30","modified_gmt":"2025-01-02T19:42:30","slug":"prime-station-erp-software","status":"publish","type":"product","link":"https:\/\/bizautom.com\/es\/producto\/prime-station-erp-software\/","title":{"rendered":"Software ERP Prime Station"},"content":{"rendered":"<header>\n<h2>ERP Prime Station: Eleve las operaciones de su empresa<\/h2>\n<\/header>\n<section>\n<h3>Descubra la potencia de Prime Station ERP<\/h3>\n<p>Explore las capacidades de Prime Station ERP, un sistema integral basado en la nube con aplicaciones m\u00f3viles de pedidos y picking dise\u00f1adas para operaciones sobre la marcha sin problemas. Este innovador software se integra con los datos en la nube de Prime Station Gateway, mejorando la eficiencia con informaci\u00f3n incorporada sobre pesos y medidas.<\/p>\n<\/section>\n<section>\n<h3>Software ERP de gesti\u00f3n de inventario<\/h3>\n<p>Experimente la comodidad de la funcionalidad CRM integrada que le permite categorizar contactos de terceros, facilitando una gesti\u00f3n superior de las relaciones con los clientes. La automatizaci\u00f3n del marketing, impulsada por Mautic y sincronizada con la base de datos CRM, le permite ejecutar campa\u00f1as de correo masivo eficaces y campa\u00f1as de interacci\u00f3n entre Mautic y WordPress.<\/p>\n<\/section>\n<section>\n<h3>Software ERP basado en proyectos<\/h3>\n<p>Vaya m\u00e1s all\u00e1 de las capacidades tradicionales de ERP con Nuestro Software ERP, que ofrece un sitio web de carrito de compras impulsado por WordPress y WooCommerce. Benef\u00edciese de bases de datos sincronizadas de productos y CRM, que permiten la sincronizaci\u00f3n autom\u00e1tica de pedidos entre ERP y WooCommerce. Integraci\u00f3n perfecta con mercados en l\u00ednea como Amazon, eBay y otros.<\/p>\n<\/section>\n<section>\n<h3>Software ERP para comercio electr\u00f3nico<\/h3>\n<p>Libere el potencial de la sincronizaci\u00f3n autom\u00e1tica de productos (listados) entre el ERP y los mercados en l\u00ednea, entre una mir\u00edada de otras funciones adaptadas a sus necesidades espec\u00edficas. Nuestro software ERP est\u00e1 dise\u00f1ado para ser flexible: elimine las funciones innecesarias para optimizar la utilizaci\u00f3n de los recursos y mejorar el rendimiento general del sistema.<\/p>\n<\/section>\n<section>\n<h3>Descubra la diferencia<\/h3>\n<p>Experimente la diferencia que Prime Station ERP puede suponer para su negocio. P\u00f3ngase en contacto con nosotros hoy mismo para programar una demostraci\u00f3n y obtener una ventaja injusta sobre sus competidores con nuestra potente soluci\u00f3n todo en uno - garantizado. Eleve su negocio con nuestro software ERP y experimente el futuro de las operaciones integradas, eficientes y racionalizadas.<\/p>\n<\/section>\n<p>Aqu\u00ed tienes algunas capturas de pantalla:<\/p>\n<p><img fetchpriority=\"high\" decoding=\"async\" class=\"alignnone wp-image-1081\" src=\"https:\/\/bizautom.com\/wp-content\/uploads\/2023\/07\/Screenshot-from-2023-08-01-13-57-07-300x152.png\" alt=\"\" width=\"600\" height=\"304\" srcset=\"https:\/\/bizautom.com\/wp-content\/uploads\/2023\/07\/Screenshot-from-2023-08-01-13-57-07-300x152.png 300w, https:\/\/bizautom.com\/wp-content\/uploads\/2023\/07\/Screenshot-from-2023-08-01-13-57-07-1024x517.png 1024w, https:\/\/bizautom.com\/wp-content\/uploads\/2023\/07\/Screenshot-from-2023-08-01-13-57-07-768x388.png 768w, https:\/\/bizautom.com\/wp-content\/uploads\/2023\/07\/Screenshot-from-2023-08-01-13-57-07-600x303.png 600w, https:\/\/bizautom.com\/wp-content\/uploads\/2023\/07\/Screenshot-from-2023-08-01-13-57-07.png 1271w\" sizes=\"(max-width: 600px) 100vw, 600px\" \/><\/p>\n<p><img decoding=\"async\" class=\"alignnone wp-image-1082\" src=\"https:\/\/bizautom.com\/wp-content\/uploads\/2023\/07\/Screenshot-from-2023-08-01-13-57-23-300x150.png\" alt=\"\" width=\"600\" height=\"300\" srcset=\"https:\/\/bizautom.com\/wp-content\/uploads\/2023\/07\/Screenshot-from-2023-08-01-13-57-23-300x150.png 300w, https:\/\/bizautom.com\/wp-content\/uploads\/2023\/07\/Screenshot-from-2023-08-01-13-57-23-1024x512.png 1024w, https:\/\/bizautom.com\/wp-content\/uploads\/2023\/07\/Screenshot-from-2023-08-01-13-57-23-768x384.png 768w, https:\/\/bizautom.com\/wp-content\/uploads\/2023\/07\/Screenshot-from-2023-08-01-13-57-23-600x300.png 600w, https:\/\/bizautom.com\/wp-content\/uploads\/2023\/07\/Screenshot-from-2023-08-01-13-57-23.png 1267w\" sizes=\"(max-width: 600px) 100vw, 600px\" \/><\/p>\n<p><img decoding=\"async\" class=\"alignnone wp-image-1083\" src=\"https:\/\/bizautom.com\/wp-content\/uploads\/2023\/07\/Screenshot-from-2023-08-01-13-58-07-300x152.png\" alt=\"\" width=\"600\" height=\"304\" srcset=\"https:\/\/bizautom.com\/wp-content\/uploads\/2023\/07\/Screenshot-from-2023-08-01-13-58-07-300x152.png 300w, https:\/\/bizautom.com\/wp-content\/uploads\/2023\/07\/Screenshot-from-2023-08-01-13-58-07-1024x518.png 1024w, https:\/\/bizautom.com\/wp-content\/uploads\/2023\/07\/Screenshot-from-2023-08-01-13-58-07-768x388.png 768w, https:\/\/bizautom.com\/wp-content\/uploads\/2023\/07\/Screenshot-from-2023-08-01-13-58-07-600x303.png 600w, https:\/\/bizautom.com\/wp-content\/uploads\/2023\/07\/Screenshot-from-2023-08-01-13-58-07.png 1272w\" sizes=\"(max-width: 600px) 100vw, 600px\" \/><\/p>\n<p><img loading=\"lazy\" decoding=\"async\" class=\"alignnone wp-image-1084\" src=\"https:\/\/bizautom.com\/wp-content\/uploads\/2023\/07\/Screenshot-from-2023-08-01-14-01-47-300x144.png\" alt=\"\" width=\"600\" height=\"288\" srcset=\"https:\/\/bizautom.com\/wp-content\/uploads\/2023\/07\/Screenshot-from-2023-08-01-14-01-47-300x144.png 300w, https:\/\/bizautom.com\/wp-content\/uploads\/2023\/07\/Screenshot-from-2023-08-01-14-01-47-1024x491.png 1024w, https:\/\/bizautom.com\/wp-content\/uploads\/2023\/07\/Screenshot-from-2023-08-01-14-01-47-768x368.png 768w, https:\/\/bizautom.com\/wp-content\/uploads\/2023\/07\/Screenshot-from-2023-08-01-14-01-47-600x287.png 600w, https:\/\/bizautom.com\/wp-content\/uploads\/2023\/07\/Screenshot-from-2023-08-01-14-01-47.png 1267w\" sizes=\"(max-width: 600px) 100vw, 600px\" \/><\/p>\n<p>Una vez que env\u00ede la suscripci\u00f3n, nuestro agente se pondr\u00e1 en contacto con usted para la instalaci\u00f3n.<\/p>","protected":false},"excerpt":{"rendered":"<p>Si actualmente dirige una empresa, hay una raz\u00f3n de peso para plantearse utilizar una soluci\u00f3n ERP completa que incorpore varias funciones esenciales. Ah\u00ed es donde entra en juego el software ERP de Prime Station. Al consolidar ERP, contabilidad, CRM, automatizaci\u00f3n de marketing, integraci\u00f3n de comercio electr\u00f3nico e integraci\u00f3n de env\u00edos en una \u00fanica plataforma, puede desbloquear numerosos beneficios para usted y sus empleados.<\/p>","protected":false},"featured_media":1027,"comment_status":"open","ping_status":"closed","template":"","meta":[],"product_brand":[62],"product_cat":[33],"product_tag":[63],"class_list":{"0":"post-1026","1":"product","2":"type-product","3":"status-publish","4":"has-post-thumbnail","6":"product_brand-prime-station","7":"product_cat-quality-softwares","8":"product_tag-erp","10":"first","11":"instock","12":"downloadable","13":"taxable","14":"shipping-taxable","15":"product-type-subscription"},"yoast_head":"<!-- This site is optimized with the Yoast SEO plugin v27.4 - https:\/\/yoast.com\/product\/yoast-seo-wordpress\/ -->\n<title>Prime Station ERP Software: Empowering Businesses | Bizautom<\/title>\n<meta name=\"description\" content=\"Revolutionize your business operations with Prime Station ERP software. Simplify complexities, improve accuracy, and drive success. Visit our website for more!\" \/>\n<meta name=\"robots\" content=\"index, follow, max-snippet:-1, max-image-preview:large, max-video-preview:-1\" \/>\n<link rel=\"canonical\" href=\"https:\/\/bizautom.com\/es\/producto\/prime-station-erp-software\/\" \/>\n<meta property=\"og:locale\" content=\"es_MX\" \/>\n<meta property=\"og:type\" content=\"article\" \/>\n<meta property=\"og:title\" content=\"Prime Station ERP Software: Empowering Businesses | Bizautom\" \/>\n<meta property=\"og:description\" content=\"Revolutionize your business operations with Prime Station ERP software. Simplify complexities, improve accuracy, and drive success. Visit our website for more!\" \/>\n<meta property=\"og:url\" content=\"https:\/\/bizautom.com\/es\/producto\/prime-station-erp-software\/\" \/>\n<meta property=\"og:site_name\" content=\"BizAutom\" \/>\n<meta property=\"article:publisher\" content=\"https:\/\/www.facebook.com\/people\/TINGCHEN-BizAutom\/61565746662873\/\" \/>\n<meta property=\"article:modified_time\" content=\"2025-01-02T19:42:30+00:00\" \/>\n<meta property=\"og:image\" content=\"https:\/\/bizautom.com\/wp-content\/uploads\/2023\/07\/ERP.jpg\" \/>\n\t<meta property=\"og:image:width\" content=\"1827\" \/>\n\t<meta property=\"og:image:height\" content=\"1827\" \/>\n\t<meta property=\"og:image:type\" content=\"image\/jpeg\" \/>\n<meta name=\"twitter:card\" content=\"summary_large_image\" \/>\n<meta name=\"twitter:label1\" content=\"Tiempo de lectura\" \/>\n\t<meta name=\"twitter:data1\" content=\"3 minutos\" \/>\n<!-- \/ Yoast SEO plugin. -->","yoast_head_json":{"title":"Prime Station ERP Software: Empowering Businesses | Bizautom","description":"Revolutionize your business operations with Prime Station ERP software. Simplify complexities, improve accuracy, and drive success. Visit our website for more!","robots":{"index":"index","follow":"follow","max-snippet":"max-snippet:-1","max-image-preview":"max-image-preview:large","max-video-preview":"max-video-preview:-1"},"canonical":"https:\/\/bizautom.com\/es\/producto\/prime-station-erp-software\/","og_locale":"es_MX","og_type":"article","og_title":"Prime Station ERP Software: Empowering Businesses | Bizautom","og_description":"Revolutionize your business operations with Prime Station ERP software. Simplify complexities, improve accuracy, and drive success. Visit our website for more!","og_url":"https:\/\/bizautom.com\/es\/producto\/prime-station-erp-software\/","og_site_name":"BizAutom","article_publisher":"https:\/\/www.facebook.com\/people\/TINGCHEN-BizAutom\/61565746662873\/","article_modified_time":"2025-01-02T19:42:30+00:00","og_image":[{"width":1827,"height":1827,"url":"https:\/\/bizautom.com\/wp-content\/uploads\/2023\/07\/ERP.jpg","type":"image\/jpeg"}],"twitter_card":"summary_large_image","twitter_misc":{"Tiempo de lectura":"3 minutos"},"schema":{"@context":"https:\/\/schema.org","@graph":[{"@type":"WebPage","@id":"https:\/\/bizautom.com\/product\/prime-station-erp-software\/","url":"https:\/\/bizautom.com\/product\/prime-station-erp-software\/","name":"Prime Station ERP Software: Empowering Businesses | Bizautom","isPartOf":{"@id":"https:\/\/bizautom.com\/#website"},"primaryImageOfPage":{"@id":"https:\/\/bizautom.com\/product\/prime-station-erp-software\/#primaryimage"},"image":{"@id":"https:\/\/bizautom.com\/product\/prime-station-erp-software\/#primaryimage"},"thumbnailUrl":"https:\/\/bizautom.com\/wp-content\/uploads\/2023\/07\/ERP.jpg","datePublished":"2023-07-20T04:07:55+00:00","dateModified":"2025-01-02T19:42:30+00:00","description":"Revolutionize your business operations with Prime Station ERP software. Simplify complexities, improve accuracy, and drive success. Visit our website for more!","breadcrumb":{"@id":"https:\/\/bizautom.com\/product\/prime-station-erp-software\/#breadcrumb"},"inLanguage":"es","potentialAction":[{"@type":"ReadAction","target":["https:\/\/bizautom.com\/product\/prime-station-erp-software\/"]}]},{"@type":"ImageObject","inLanguage":"es","@id":"https:\/\/bizautom.com\/product\/prime-station-erp-software\/#primaryimage","url":"https:\/\/bizautom.com\/wp-content\/uploads\/2023\/07\/ERP.jpg","contentUrl":"https:\/\/bizautom.com\/wp-content\/uploads\/2023\/07\/ERP.jpg","width":1827,"height":1827},{"@type":"BreadcrumbList","@id":"https:\/\/bizautom.com\/product\/prime-station-erp-software\/#breadcrumb","itemListElement":[{"@type":"ListItem","position":1,"name":"Home","item":"https:\/\/bizautom.com\/"},{"@type":"ListItem","position":2,"name":"Shop","item":"https:\/\/bizautom.com\/shop-2\/"},{"@type":"ListItem","position":3,"name":"Prime Station ERP Software"}]},{"@type":"WebSite","@id":"https:\/\/bizautom.com\/#website","url":"https:\/\/bizautom.com\/","name":"BizAutom","description":"R\u00e1pido. Preciso. Inteligente.","publisher":{"@id":"https:\/\/bizautom.com\/#organization"},"potentialAction":[{"@type":"SearchAction","target":{"@type":"EntryPoint","urlTemplate":"https:\/\/bizautom.com\/?s={search_term_string}"},"query-input":{"@type":"PropertyValueSpecification","valueRequired":true,"valueName":"search_term_string"}}],"inLanguage":"es"},{"@type":"Organization","@id":"https:\/\/bizautom.com\/#organization","name":"BizAutom","url":"https:\/\/bizautom.com\/","logo":{"@type":"ImageObject","inLanguage":"es","@id":"https:\/\/bizautom.com\/#\/schema\/logo\/image\/","url":"https:\/\/bizautom.com\/wp-content\/uploads\/2025\/04\/BizAutom_Logo_1.webp","contentUrl":"https:\/\/bizautom.com\/wp-content\/uploads\/2025\/04\/BizAutom_Logo_1.webp","width":455,"height":326,"caption":"BizAutom"},"image":{"@id":"https:\/\/bizautom.com\/#\/schema\/logo\/image\/"},"sameAs":["https:\/\/www.facebook.com\/people\/TINGCHEN-BizAutom\/61565746662873\/"]}]}},"jetpack-related-posts":[{"id":1045,"url":"https:\/\/bizautom.com\/es\/producto\/prime-station-gateway-software-connect-store-distribute-machine-data-through-cloud-server\/","url_meta":{"origin":1026,"position":0},"title":"Software Prime Station Gateway Conectar\/Almacenar\/Distribuir Datos de M\u00e1quinas a trav\u00e9s de Servidor Cloud","author":"admin","date":"julio 20, 2023","format":false,"excerpt":"Prime Station Gateway es la soluci\u00f3n de referencia para el tratamiento automatizado de datos y el almacenamiento en la nube, que transforma sus equipos en m\u00e1quinas generadoras de datos adaptadas a las necesidades espec\u00edficas de su sector.","rel":"","context":"Entrada similar ","block_context":{"text":"Entrada similar ","link":""},"img":{"alt_text":"","src":"https:\/\/i0.wp.com\/bizautom.com\/wp-content\/uploads\/2023\/07\/GatewayScreenshot01.png?resize=350%2C200&ssl=1","width":350,"height":200,"srcset":"https:\/\/i0.wp.com\/bizautom.com\/wp-content\/uploads\/2023\/07\/GatewayScreenshot01.png?resize=350%2C200&ssl=1 1x, https:\/\/i0.wp.com\/bizautom.com\/wp-content\/uploads\/2023\/07\/GatewayScreenshot01.png?resize=525%2C300&ssl=1 1.5x, https:\/\/i0.wp.com\/bizautom.com\/wp-content\/uploads\/2023\/07\/GatewayScreenshot01.png?resize=700%2C400&ssl=1 2x"},"classes":[]},{"id":4337,"url":"https:\/\/bizautom.com\/es\/producto\/bizautom-cubeweigh-dimensioner-and-scale-system\/","url_meta":{"origin":1026,"position":1},"title":"Dimensionador y balanza BizAutom BA-CBW CubeWeigh","author":"admin","date":"junio 10, 2025","format":false,"excerpt":"Eficaz. Preciso. Integrado.","rel":"","context":"Entrada similar ","block_context":{"text":"Entrada similar ","link":""},"img":{"alt_text":"","src":"https:\/\/i0.wp.com\/bizautom.com\/wp-content\/uploads\/2025\/06\/CubeWeigh.jpg?resize=350%2C200&ssl=1","width":350,"height":200,"srcset":"https:\/\/i0.wp.com\/bizautom.com\/wp-content\/uploads\/2025\/06\/CubeWeigh.jpg?resize=350%2C200&ssl=1 1x, https:\/\/i0.wp.com\/bizautom.com\/wp-content\/uploads\/2025\/06\/CubeWeigh.jpg?resize=525%2C300&ssl=1 1.5x, https:\/\/i0.wp.com\/bizautom.com\/wp-content\/uploads\/2025\/06\/CubeWeigh.jpg?resize=700%2C400&ssl=1 2x, https:\/\/i0.wp.com\/bizautom.com\/wp-content\/uploads\/2025\/06\/CubeWeigh.jpg?resize=1050%2C600&ssl=1 3x, https:\/\/i0.wp.com\/bizautom.com\/wp-content\/uploads\/2025\/06\/CubeWeigh.jpg?resize=1400%2C800&ssl=1 4x"},"classes":[]},{"id":1052,"url":"https:\/\/bizautom.com\/es\/producto\/prime-station-ps-interface-bridge-software-connecting-rs232-devices-with-pc\/","url_meta":{"origin":1026,"position":2},"title":"Software Prime Station PS-INTERFACE Bridge Conexi\u00f3n de dispositivos RS232 con el PC","author":"admin","date":"julio 20, 2023","format":false,"excerpt":"Prime Interface Software combines intuitive design with extensive functionality, making it an indispensable tool for efficient weight management. From customizable display settings to flexible data storage and export options, this software is designed to streamline processes and maintain data accuracy across a variety of applications. Make Prime Station Interface Software\u2026","rel":"","context":"Entrada similar ","block_context":{"text":"Entrada similar ","link":""},"img":{"alt_text":"","src":"https:\/\/i0.wp.com\/bizautom.com\/wp-content\/uploads\/2023\/07\/PrimeInterface_main.jpg?resize=350%2C200&ssl=1","width":350,"height":200,"srcset":"https:\/\/i0.wp.com\/bizautom.com\/wp-content\/uploads\/2023\/07\/PrimeInterface_main.jpg?resize=350%2C200&ssl=1 1x, https:\/\/i0.wp.com\/bizautom.com\/wp-content\/uploads\/2023\/07\/PrimeInterface_main.jpg?resize=525%2C300&ssl=1 1.5x, https:\/\/i0.wp.com\/bizautom.com\/wp-content\/uploads\/2023\/07\/PrimeInterface_main.jpg?resize=700%2C400&ssl=1 2x, https:\/\/i0.wp.com\/bizautom.com\/wp-content\/uploads\/2023\/07\/PrimeInterface_main.jpg?resize=1050%2C600&ssl=1 3x"},"classes":[]},{"id":4160,"url":"https:\/\/bizautom.com\/es\/producto\/prime-scales-pi-scale-wrap-and-weigh-in-one-seamless-step\/","url_meta":{"origin":1026,"position":3},"title":"B\u00e1scula Prime Scales PI: Envolver y pesar en un solo paso","author":"admin","date":"abril 20, 2025","format":false,"excerpt":"Elimine la doble manipulaci\u00f3n, acelere el flujo de trabajo y reduzca el tiempo de funcionamiento hasta en 40%, todo ello con una sencilla actualizaci\u00f3n.","rel":"","context":"Entrada similar ","block_context":{"text":"Entrada similar ","link":""},"img":{"alt_text":"","src":"https:\/\/i0.wp.com\/bizautom.com\/wp-content\/uploads\/2025\/04\/PS-PiScale.jpg?resize=350%2C200&ssl=1","width":350,"height":200,"srcset":"https:\/\/i0.wp.com\/bizautom.com\/wp-content\/uploads\/2025\/04\/PS-PiScale.jpg?resize=350%2C200&ssl=1 1x, https:\/\/i0.wp.com\/bizautom.com\/wp-content\/uploads\/2025\/04\/PS-PiScale.jpg?resize=525%2C300&ssl=1 1.5x, https:\/\/i0.wp.com\/bizautom.com\/wp-content\/uploads\/2025\/04\/PS-PiScale.jpg?resize=700%2C400&ssl=1 2x, https:\/\/i0.wp.com\/bizautom.com\/wp-content\/uploads\/2025\/04\/PS-PiScale.jpg?resize=1050%2C600&ssl=1 3x"},"classes":[]},{"id":4345,"url":"https:\/\/bizautom.com\/es\/producto\/bizautom-ba-dc130-dual-counting-scale-with-data-storage-and-software-integration\/","url_meta":{"origin":1026,"position":4},"title":"BizAutom BA-DC130 Balanza cuentapiezas doble con almacenamiento de datos e integraci\u00f3n de software","author":"admin","date":"junio 17, 2025","format":false,"excerpt":"The BizAutom BA-DC130 Dual Counting Scale is more than just a counting device\u2014it\u2019s a versatile, smart, and scalable system designed to simplify complex inventory and production tasks. Whether you're counting thousands of small components or managing heavy parts across large platforms, the BA-DC130 delivers the speed, accuracy, and connectivity modern\u2026","rel":"","context":"Entrada similar ","block_context":{"text":"Entrada similar ","link":""},"img":{"alt_text":"","src":"https:\/\/i0.wp.com\/bizautom.com\/wp-content\/uploads\/2025\/06\/DualCountScaleFloorScale.jpg?resize=350%2C200&ssl=1","width":350,"height":200,"srcset":"https:\/\/i0.wp.com\/bizautom.com\/wp-content\/uploads\/2025\/06\/DualCountScaleFloorScale.jpg?resize=350%2C200&ssl=1 1x, https:\/\/i0.wp.com\/bizautom.com\/wp-content\/uploads\/2025\/06\/DualCountScaleFloorScale.jpg?resize=525%2C300&ssl=1 1.5x, https:\/\/i0.wp.com\/bizautom.com\/wp-content\/uploads\/2025\/06\/DualCountScaleFloorScale.jpg?resize=700%2C400&ssl=1 2x, https:\/\/i0.wp.com\/bizautom.com\/wp-content\/uploads\/2025\/06\/DualCountScaleFloorScale.jpg?resize=1050%2C600&ssl=1 3x, https:\/\/i0.wp.com\/bizautom.com\/wp-content\/uploads\/2025\/06\/DualCountScaleFloorScale.jpg?resize=1400%2C800&ssl=1 4x"},"classes":[]},{"id":957,"url":"https:\/\/bizautom.com\/es\/producto\/prime-scales-ps-in202-digital-indicator-with-rs232-signal-output\/","url_meta":{"origin":1026,"position":5},"title":"Prime Scales PS-IN202 Indicador digital con salida de se\u00f1al RS232","author":"admin","date":"julio 18, 2023","format":false,"excerpt":"Tanto si actualmente necesita un indicador b\u00e1sico como si prev\u00e9 la necesidad de conectar su b\u00e1scula con la red BizAutom en el futuro, el PS-IN202 es una opci\u00f3n ideal.","rel":"","context":"Entrada similar ","block_context":{"text":"Entrada similar ","link":""},"img":{"alt_text":"","src":"https:\/\/i0.wp.com\/bizautom.com\/wp-content\/uploads\/2023\/07\/PS-IN202.jpg?resize=350%2C200&ssl=1","width":350,"height":200,"srcset":"https:\/\/i0.wp.com\/bizautom.com\/wp-content\/uploads\/2023\/07\/PS-IN202.jpg?resize=350%2C200&ssl=1 1x, https:\/\/i0.wp.com\/bizautom.com\/wp-content\/uploads\/2023\/07\/PS-IN202.jpg?resize=525%2C300&ssl=1 1.5x, https:\/\/i0.wp.com\/bizautom.com\/wp-content\/uploads\/2023\/07\/PS-IN202.jpg?resize=700%2C400&ssl=1 2x"},"classes":[]}],"jetpack_sharing_enabled":true,"_links":{"self":[{"href":"https:\/\/bizautom.com\/es\/wp-json\/wp\/v2\/product\/1026","targetHints":{"allow":["GET"]}}],"collection":[{"href":"https:\/\/bizautom.com\/es\/wp-json\/wp\/v2\/product"}],"about":[{"href":"https:\/\/bizautom.com\/es\/wp-json\/wp\/v2\/types\/product"}],"replies":[{"embeddable":true,"href":"https:\/\/bizautom.com\/es\/wp-json\/wp\/v2\/comments?post=1026"}],"version-history":[{"count":1,"href":"https:\/\/bizautom.com\/es\/wp-json\/wp\/v2\/product\/1026\/revisions"}],"predecessor-version":[{"id":1085,"href":"https:\/\/bizautom.com\/es\/wp-json\/wp\/v2\/product\/1026\/revisions\/1085"}],"wp:featuredmedia":[{"embeddable":true,"href":"https:\/\/bizautom.com\/es\/wp-json\/wp\/v2\/media\/1027"}],"wp:attachment":[{"href":"https:\/\/bizautom.com\/es\/wp-json\/wp\/v2\/media?parent=1026"}],"wp:term":[{"taxonomy":"product_brand","embeddable":true,"href":"https:\/\/bizautom.com\/es\/wp-json\/wp\/v2\/product_brand?post=1026"},{"taxonomy":"product_cat","embeddable":true,"href":"https:\/\/bizautom.com\/es\/wp-json\/wp\/v2\/product_cat?post=1026"},{"taxonomy":"product_tag","embeddable":true,"href":"https:\/\/bizautom.com\/es\/wp-json\/wp\/v2\/product_tag?post=1026"}],"curies":[{"name":"wp","href":"https:\/\/api.w.org\/{rel}","templated":true}]}}