{"id":1045,"date":"2023-07-20T17:35:12","date_gmt":"2023-07-20T17:35:12","guid":{"rendered":"https:\/\/bizautom.com\/?post_type=product&#038;p=1045"},"modified":"2024-10-27T08:50:49","modified_gmt":"2024-10-27T12:50:49","slug":"prime-station-gateway-software-connect-store-distribute-machine-data-through-cloud-server","status":"publish","type":"product","link":"https:\/\/bizautom.com\/es\/producto\/prime-station-gateway-software-connect-store-distribute-machine-data-through-cloud-server\/","title":{"rendered":"Software Prime Station Gateway Conectar\/Almacenar\/Distribuir Datos de M\u00e1quinas a trav\u00e9s de Servidor Cloud"},"content":{"rendered":"<p>En <strong>Pasarela Prime Station<\/strong> es un software transformador dise\u00f1ado para modernizar la recopilaci\u00f3n de datos, agilizando el proceso desde la introducci\u00f3n de datos de la m\u00e1quina hasta el almacenamiento seguro en la nube. Ideal para empresas de todos los tama\u00f1os, Prime Station Gateway elimina la necesidad del registro manual de datos al capturar autom\u00e1ticamente las mediciones y almacenarlas en un servidor en la nube. Esta soluci\u00f3n permite acceder a los datos, mejorar su precisi\u00f3n y compartirlos sin esfuerzo, por lo que resulta muy valiosa para sectores como la agricultura, la sanidad, la fabricaci\u00f3n y la log\u00edstica.<\/p>\n<p>Prime Station Gateway es adaptable y f\u00e1cil de usar, con opciones de personalizaci\u00f3n de variables para necesidades empresariales espec\u00edficas. Ya se trate del seguimiento del peso del ganado en una granja, de los datos de los pacientes en la atenci\u00f3n sanitaria o de las mediciones de inventario en un almac\u00e9n, este software garantiza que los datos se almacenan de forma segura y c\u00f3moda. A continuaci\u00f3n se ofrece una visi\u00f3n general de las s\u00f3lidas funciones que hacen de Prime Station Gateway un activo esencial para las industrias impulsadas por los datos.<\/p>\n<h3>Principales caracter\u00edsticas y ventajas<\/h3>\n<ul>\n<li><strong>Integraci\u00f3n perfecta de m\u00e1quinas<\/strong><br \/>\nSe conecta directamente a su equipo mediante puertos USB, lo que permite la transferencia autom\u00e1tica de datos sin necesidad de introducirlos manualmente. Esto elimina errores y agiliza la adquisici\u00f3n de datos, por lo que es ideal para entornos de alta precisi\u00f3n.<\/li>\n<li><strong>Variables de datos personalizables<\/strong><br \/>\nDefina sus propias variables, como ID de pedido, ID de pal\u00e9\/caja, ID de producto\/ganado, nombre de paciente, etc. Personalice los campos de datos para adaptarlos a los requisitos espec\u00edficos del sector, lo que proporciona flexibilidad para aplicaciones en campos como la agricultura, la sanidad y la log\u00edstica.<\/li>\n<li><strong>Visualizaci\u00f3n de datos en tiempo real<\/strong><br \/>\nSupervise todos los datos en tiempo real en una sola p\u00e1gina, lo que facilita la supervisi\u00f3n de las operaciones y la obtenci\u00f3n de informaci\u00f3n instant\u00e1nea sobre sus mediciones. Esta funci\u00f3n simplifica la toma de decisiones en tiempo real y mejora la visibilidad de todas las operaciones.<\/li>\n<li><strong>Carga de datos en la nube<\/strong><br \/>\nCargue datos directamente en un sistema ERP basado en la nube o en un servidor seguro con un solo clic, lo que permite el acceso remoto y la gesti\u00f3n centralizada de datos. Al almacenar los datos en la nube, los usuarios pueden mantener una copia de seguridad segura y simplificar el intercambio de datos entre equipos.<\/li>\n<li><strong>Edici\u00f3n y visualizaci\u00f3n flexible de datos<\/strong><br \/>\nAcceda a los datos almacenados y modif\u00edquelos directamente en el servidor en la nube, garantizando la precisi\u00f3n y flexibilidad de los datos. Edite la informaci\u00f3n seg\u00fan sea necesario, facilitando el mantenimiento de registros actualizados sin depender del almacenamiento f\u00edsico de datos.<\/li>\n<li><strong>Generaci\u00f3n de etiquetas de medici\u00f3n<\/strong><br \/>\nGenere etiquetas de datos de medici\u00f3n individuales para facilitar el etiquetado y mejorar la organizaci\u00f3n y la trazabilidad. Esta funci\u00f3n es especialmente \u00fatil en sectores que requieren el etiquetado con fines de inventario o de cumplimiento de normativas.<\/li>\n<li><strong>Impresi\u00f3n de informes exhaustivos<\/strong><br \/>\nImprima informes de medici\u00f3n detallados en papel est\u00e1ndar para obtener una visi\u00f3n completa de las tendencias y perspectivas de los datos. Esta funci\u00f3n permite realizar an\u00e1lisis exhaustivos y ayuda a mantener registros con fines de auditor\u00eda o de cumplimiento normativo.<\/li>\n<li><strong>Asistencia ilimitada a los usuarios<\/strong><br \/>\nComparta datos sin problemas entre un n\u00famero ilimitado de usuarios, mejorando la colaboraci\u00f3n y garantizando que todos los miembros del equipo tengan acceso a informaci\u00f3n precisa y actualizada. Ideal para empresas con equipos distribuidos o varios departamentos.<\/li>\n<\/ul>\n<h3>Aplicaciones y casos pr\u00e1cticos<\/h3>\n<ul>\n<li><strong>Agricultura<\/strong><br \/>\nRealice un seguimiento del peso del ganado estableciendo ID para cada animal, lo que permite a los ganaderos controlar la salud y el crecimiento en tiempo real. Almacena los datos al instante en la nube, lo que facilita el acceso y evita la p\u00e9rdida de datos.<\/li>\n<li><strong>Sanidad<\/strong><br \/>\nGestione los datos de los pacientes mediante la asignaci\u00f3n de identificadores \u00fanicos, como el nombre o el ID del paciente, lo que permite una gesti\u00f3n eficaz de los historiales de los pacientes y el almacenamiento en la nube para el historial m\u00e9dico y el seguimiento.<\/li>\n<li><strong>Fabricaci\u00f3n y log\u00edstica<\/strong><br \/>\nSupervise los pesos de los productos o paquetes, las identificaciones de las cajas y los detalles de los env\u00edos, todo ello almacenado de forma segura y disponible para su revisi\u00f3n, lo que facilita la fluidez de las operaciones y la gesti\u00f3n precisa del inventario.<\/li>\n<\/ul>","protected":false},"excerpt":{"rendered":"<p>Prime Station Gateway es la soluci\u00f3n de referencia para el tratamiento automatizado de datos y el almacenamiento en la nube, que transforma sus equipos en m\u00e1quinas generadoras de datos adaptadas a las necesidades espec\u00edficas de su sector.<\/p>","protected":false},"featured_media":1048,"comment_status":"open","ping_status":"closed","template":"","meta":[],"product_brand":[62],"product_cat":[33],"product_tag":[64],"class_list":{"0":"post-1045","1":"product","2":"type-product","3":"status-publish","4":"has-post-thumbnail","6":"product_brand-prime-station","7":"product_cat-quality-softwares","8":"product_tag-prime-station-gateway","10":"first","11":"instock","12":"downloadable","13":"purchasable","14":"product-type-simple"},"yoast_head":"<!-- This site is optimized with the Yoast SEO plugin v27.4 - https:\/\/yoast.com\/product\/yoast-seo-wordpress\/ -->\n<title>PS Gateway Software Manage Machine Data Through Cloud Server<\/title>\n<meta name=\"description\" content=\"PS Gateway, a crucial software designed to streamline a simple yet vital task, collecting data from your machines &amp; securely storing it in a cloud server. Call us!\" \/>\n<meta name=\"robots\" content=\"index, follow, max-snippet:-1, max-image-preview:large, max-video-preview:-1\" \/>\n<link rel=\"canonical\" href=\"https:\/\/bizautom.com\/es\/producto\/prime-station-gateway-software-connect-store-distribute-machine-data-through-cloud-server\/\" \/>\n<meta property=\"og:locale\" content=\"es_MX\" \/>\n<meta property=\"og:type\" content=\"article\" \/>\n<meta property=\"og:title\" content=\"PS Gateway Software Manage Machine Data Through Cloud Server\" \/>\n<meta property=\"og:description\" content=\"PS Gateway, a crucial software designed to streamline a simple yet vital task, collecting data from your machines &amp; securely storing it in a cloud server. Call us!\" \/>\n<meta property=\"og:url\" content=\"https:\/\/bizautom.com\/es\/producto\/prime-station-gateway-software-connect-store-distribute-machine-data-through-cloud-server\/\" \/>\n<meta property=\"og:site_name\" content=\"BizAutom\" \/>\n<meta property=\"article:publisher\" content=\"https:\/\/www.facebook.com\/people\/TINGCHEN-BizAutom\/61565746662873\/\" \/>\n<meta property=\"article:modified_time\" content=\"2024-10-27T12:50:49+00:00\" \/>\n<meta property=\"og:image\" content=\"https:\/\/bizautom.com\/wp-content\/uploads\/2023\/07\/GatewayScreenshot01.png\" \/>\n\t<meta property=\"og:image:width\" content=\"980\" \/>\n\t<meta property=\"og:image:height\" content=\"507\" \/>\n\t<meta property=\"og:image:type\" content=\"image\/png\" \/>\n<meta name=\"twitter:card\" content=\"summary_large_image\" \/>\n<meta name=\"twitter:label1\" content=\"Tiempo de lectura\" \/>\n\t<meta name=\"twitter:data1\" content=\"3 minutos\" \/>\n<!-- \/ Yoast SEO plugin. -->","yoast_head_json":{"title":"PS Gateway Software Manage Machine Data Through Cloud Server","description":"PS Gateway, a crucial software designed to streamline a simple yet vital task, collecting data from your machines & securely storing it in a cloud server. Call us!","robots":{"index":"index","follow":"follow","max-snippet":"max-snippet:-1","max-image-preview":"max-image-preview:large","max-video-preview":"max-video-preview:-1"},"canonical":"https:\/\/bizautom.com\/es\/producto\/prime-station-gateway-software-connect-store-distribute-machine-data-through-cloud-server\/","og_locale":"es_MX","og_type":"article","og_title":"PS Gateway Software Manage Machine Data Through Cloud Server","og_description":"PS Gateway, a crucial software designed to streamline a simple yet vital task, collecting data from your machines & securely storing it in a cloud server. Call us!","og_url":"https:\/\/bizautom.com\/es\/producto\/prime-station-gateway-software-connect-store-distribute-machine-data-through-cloud-server\/","og_site_name":"BizAutom","article_publisher":"https:\/\/www.facebook.com\/people\/TINGCHEN-BizAutom\/61565746662873\/","article_modified_time":"2024-10-27T12:50:49+00:00","og_image":[{"width":980,"height":507,"url":"https:\/\/bizautom.com\/wp-content\/uploads\/2023\/07\/GatewayScreenshot01.png","type":"image\/png"}],"twitter_card":"summary_large_image","twitter_misc":{"Tiempo de lectura":"3 minutos"},"schema":{"@context":"https:\/\/schema.org","@graph":[{"@type":"WebPage","@id":"https:\/\/bizautom.com\/es\/producto\/prime-station-gateway-software-connect-store-distribute-machine-data-through-cloud-server\/","url":"https:\/\/bizautom.com\/es\/producto\/prime-station-gateway-software-connect-store-distribute-machine-data-through-cloud-server\/","name":"PS Gateway Software Manage Machine Data Through Cloud Server","isPartOf":{"@id":"https:\/\/bizautom.com\/#website"},"primaryImageOfPage":{"@id":"https:\/\/bizautom.com\/es\/producto\/prime-station-gateway-software-connect-store-distribute-machine-data-through-cloud-server\/#primaryimage"},"image":{"@id":"https:\/\/bizautom.com\/es\/producto\/prime-station-gateway-software-connect-store-distribute-machine-data-through-cloud-server\/#primaryimage"},"thumbnailUrl":"https:\/\/bizautom.com\/wp-content\/uploads\/2023\/07\/GatewayScreenshot01.png","datePublished":"2023-07-20T17:35:12+00:00","dateModified":"2024-10-27T12:50:49+00:00","description":"PS Gateway, a crucial software designed to streamline a simple yet vital task, collecting data from your machines & securely storing it in a cloud server. Call us!","breadcrumb":{"@id":"https:\/\/bizautom.com\/es\/producto\/prime-station-gateway-software-connect-store-distribute-machine-data-through-cloud-server\/#breadcrumb"},"inLanguage":"es","potentialAction":[{"@type":"ReadAction","target":["https:\/\/bizautom.com\/es\/producto\/prime-station-gateway-software-connect-store-distribute-machine-data-through-cloud-server\/"]}]},{"@type":"ImageObject","inLanguage":"es","@id":"https:\/\/bizautom.com\/es\/producto\/prime-station-gateway-software-connect-store-distribute-machine-data-through-cloud-server\/#primaryimage","url":"https:\/\/bizautom.com\/wp-content\/uploads\/2023\/07\/GatewayScreenshot01.png","contentUrl":"https:\/\/bizautom.com\/wp-content\/uploads\/2023\/07\/GatewayScreenshot01.png","width":980,"height":507},{"@type":"BreadcrumbList","@id":"https:\/\/bizautom.com\/es\/producto\/prime-station-gateway-software-connect-store-distribute-machine-data-through-cloud-server\/#breadcrumb","itemListElement":[{"@type":"ListItem","position":1,"name":"Home","item":"https:\/\/bizautom.com\/"},{"@type":"ListItem","position":2,"name":"Shop","item":"https:\/\/bizautom.com\/shop-2\/"},{"@type":"ListItem","position":3,"name":"Prime Station Gateway Software Connect\/Store\/Distribute Machine Data Through Cloud Server"}]},{"@type":"WebSite","@id":"https:\/\/bizautom.com\/#website","url":"https:\/\/bizautom.com\/","name":"BizAutom","description":"R\u00e1pido. Preciso. Inteligente.","publisher":{"@id":"https:\/\/bizautom.com\/#organization"},"potentialAction":[{"@type":"SearchAction","target":{"@type":"EntryPoint","urlTemplate":"https:\/\/bizautom.com\/?s={search_term_string}"},"query-input":{"@type":"PropertyValueSpecification","valueRequired":true,"valueName":"search_term_string"}}],"inLanguage":"es"},{"@type":"Organization","@id":"https:\/\/bizautom.com\/#organization","name":"BizAutom","url":"https:\/\/bizautom.com\/","logo":{"@type":"ImageObject","inLanguage":"es","@id":"https:\/\/bizautom.com\/#\/schema\/logo\/image\/","url":"https:\/\/bizautom.com\/wp-content\/uploads\/2025\/04\/BizAutom_Logo_1.webp","contentUrl":"https:\/\/bizautom.com\/wp-content\/uploads\/2025\/04\/BizAutom_Logo_1.webp","width":455,"height":326,"caption":"BizAutom"},"image":{"@id":"https:\/\/bizautom.com\/#\/schema\/logo\/image\/"},"sameAs":["https:\/\/www.facebook.com\/people\/TINGCHEN-BizAutom\/61565746662873\/"]}]}},"jetpack-related-posts":[{"id":1026,"url":"https:\/\/bizautom.com\/es\/producto\/prime-station-erp-software\/","url_meta":{"origin":1045,"position":0},"title":"Software ERP Prime Station","author":"admin","date":"julio 20, 2023","format":false,"excerpt":"If you're currently operating a business, there's a compelling reason to consider using a comprehensive ERP solution that incorporates various essential functions. That's where Prime Station ERP Software comes in. By consolidating ERP, Bookkeeping, CRM, Marketing Automation, e-commerce integration, and shipping integration into a single platform, you can unlock numerous\u2026","rel":"","context":"Entrada similar ","block_context":{"text":"Entrada similar ","link":""},"img":{"alt_text":"","src":"https:\/\/i0.wp.com\/bizautom.com\/wp-content\/uploads\/2023\/07\/ERP.jpg?resize=350%2C200&ssl=1","width":350,"height":200,"srcset":"https:\/\/i0.wp.com\/bizautom.com\/wp-content\/uploads\/2023\/07\/ERP.jpg?resize=350%2C200&ssl=1 1x, https:\/\/i0.wp.com\/bizautom.com\/wp-content\/uploads\/2023\/07\/ERP.jpg?resize=525%2C300&ssl=1 1.5x, https:\/\/i0.wp.com\/bizautom.com\/wp-content\/uploads\/2023\/07\/ERP.jpg?resize=700%2C400&ssl=1 2x, https:\/\/i0.wp.com\/bizautom.com\/wp-content\/uploads\/2023\/07\/ERP.jpg?resize=1050%2C600&ssl=1 3x, https:\/\/i0.wp.com\/bizautom.com\/wp-content\/uploads\/2023\/07\/ERP.jpg?resize=1400%2C800&ssl=1 4x"},"classes":[]},{"id":1052,"url":"https:\/\/bizautom.com\/es\/producto\/prime-station-ps-interface-bridge-software-connecting-rs232-devices-with-pc\/","url_meta":{"origin":1045,"position":1},"title":"Software Prime Station PS-INTERFACE Bridge Conexi\u00f3n de dispositivos RS232 con el PC","author":"admin","date":"julio 20, 2023","format":false,"excerpt":"Prime Interface Software combines intuitive design with extensive functionality, making it an indispensable tool for efficient weight management. From customizable display settings to flexible data storage and export options, this software is designed to streamline processes and maintain data accuracy across a variety of applications. Make Prime Station Interface Software\u2026","rel":"","context":"Entrada similar ","block_context":{"text":"Entrada similar ","link":""},"img":{"alt_text":"","src":"https:\/\/i0.wp.com\/bizautom.com\/wp-content\/uploads\/2023\/07\/PrimeInterface_main.jpg?resize=350%2C200&ssl=1","width":350,"height":200,"srcset":"https:\/\/i0.wp.com\/bizautom.com\/wp-content\/uploads\/2023\/07\/PrimeInterface_main.jpg?resize=350%2C200&ssl=1 1x, https:\/\/i0.wp.com\/bizautom.com\/wp-content\/uploads\/2023\/07\/PrimeInterface_main.jpg?resize=525%2C300&ssl=1 1.5x, https:\/\/i0.wp.com\/bizautom.com\/wp-content\/uploads\/2023\/07\/PrimeInterface_main.jpg?resize=700%2C400&ssl=1 2x, https:\/\/i0.wp.com\/bizautom.com\/wp-content\/uploads\/2023\/07\/PrimeInterface_main.jpg?resize=1050%2C600&ssl=1 3x"},"classes":[]},{"id":2894,"url":"https:\/\/bizautom.com\/es\/producto\/fulinks-data-gateway-flxc-100\/","url_meta":{"origin":1045,"position":2},"title":"PASARELA DE DATOS (FLXC-100)","author":"Hitesh Sonwane","date":"marzo 26, 2025","format":false,"excerpt":"Responsable del acceso a la plataforma en la nube de Internet.","rel":"","context":"Entrada similar ","block_context":{"text":"Entrada similar ","link":""},"img":{"alt_text":"","src":"https:\/\/i0.wp.com\/bizautom.com\/wp-content\/uploads\/2025\/03\/gtw.png?resize=350%2C200&ssl=1","width":350,"height":200},"classes":[]},{"id":957,"url":"https:\/\/bizautom.com\/es\/producto\/prime-scales-ps-in202-digital-indicator-with-rs232-signal-output\/","url_meta":{"origin":1045,"position":3},"title":"Prime Scales PS-IN202 Indicador digital con salida de se\u00f1al RS232","author":"admin","date":"julio 18, 2023","format":false,"excerpt":"Tanto si actualmente necesita un indicador b\u00e1sico como si prev\u00e9 la necesidad de conectar su b\u00e1scula con la red BizAutom en el futuro, el PS-IN202 es una opci\u00f3n ideal.","rel":"","context":"Entrada similar ","block_context":{"text":"Entrada similar ","link":""},"img":{"alt_text":"","src":"https:\/\/i0.wp.com\/bizautom.com\/wp-content\/uploads\/2023\/07\/PS-IN202.jpg?resize=350%2C200&ssl=1","width":350,"height":200,"srcset":"https:\/\/i0.wp.com\/bizautom.com\/wp-content\/uploads\/2023\/07\/PS-IN202.jpg?resize=350%2C200&ssl=1 1x, https:\/\/i0.wp.com\/bizautom.com\/wp-content\/uploads\/2023\/07\/PS-IN202.jpg?resize=525%2C300&ssl=1 1.5x, https:\/\/i0.wp.com\/bizautom.com\/wp-content\/uploads\/2023\/07\/PS-IN202.jpg?resize=700%2C400&ssl=1 2x"},"classes":[]},{"id":2892,"url":"https:\/\/bizautom.com\/es\/producto\/fulinks-collector-flcc-100\/","url_meta":{"origin":1045,"position":4},"title":"COLECTOR (FLCC-100)","author":"Hitesh Sonwane","date":"marzo 26, 2025","format":false,"excerpt":"Se utiliza para recoger se\u00f1ales de datos de sensores y cargarlas.","rel":"","context":"Entrada similar ","block_context":{"text":"Entrada similar ","link":""},"img":{"alt_text":"","src":"https:\/\/i0.wp.com\/bizautom.com\/wp-content\/uploads\/2025\/03\/cc.png?resize=350%2C200&ssl=1","width":350,"height":200},"classes":[]},{"id":1472,"url":"https:\/\/bizautom.com\/es\/producto\/bizautom-pc-1-pc-based-controller-weight-indicator-combo\/","url_meta":{"origin":1045,"position":5},"title":"BizAutom PC-1 Combo Controlador\/Indicador de peso basado en PC","author":"admin","date":"julio 14, 2024","format":false,"excerpt":"Presentamos el controlador BizAutom Mainstream, dise\u00f1ado para satisfacer las necesidades de una amplia gama de proyectos gracias a su robusta funcionalidad y versatilidad.","rel":"","context":"Entrada similar ","block_context":{"text":"Entrada similar ","link":""},"img":{"alt_text":"","src":"https:\/\/i0.wp.com\/bizautom.com\/wp-content\/uploads\/2024\/07\/PC-1-scaled.jpg?resize=350%2C200&ssl=1","width":350,"height":200,"srcset":"https:\/\/i0.wp.com\/bizautom.com\/wp-content\/uploads\/2024\/07\/PC-1-scaled.jpg?resize=350%2C200&ssl=1 1x, https:\/\/i0.wp.com\/bizautom.com\/wp-content\/uploads\/2024\/07\/PC-1-scaled.jpg?resize=525%2C300&ssl=1 1.5x, https:\/\/i0.wp.com\/bizautom.com\/wp-content\/uploads\/2024\/07\/PC-1-scaled.jpg?resize=700%2C400&ssl=1 2x, https:\/\/i0.wp.com\/bizautom.com\/wp-content\/uploads\/2024\/07\/PC-1-scaled.jpg?resize=1050%2C600&ssl=1 3x, https:\/\/i0.wp.com\/bizautom.com\/wp-content\/uploads\/2024\/07\/PC-1-scaled.jpg?resize=1400%2C800&ssl=1 4x"},"classes":[]}],"jetpack_sharing_enabled":true,"_links":{"self":[{"href":"https:\/\/bizautom.com\/es\/wp-json\/wp\/v2\/product\/1045","targetHints":{"allow":["GET"]}}],"collection":[{"href":"https:\/\/bizautom.com\/es\/wp-json\/wp\/v2\/product"}],"about":[{"href":"https:\/\/bizautom.com\/es\/wp-json\/wp\/v2\/types\/product"}],"replies":[{"embeddable":true,"href":"https:\/\/bizautom.com\/es\/wp-json\/wp\/v2\/comments?post=1045"}],"version-history":[{"count":1,"href":"https:\/\/bizautom.com\/es\/wp-json\/wp\/v2\/product\/1045\/revisions"}],"predecessor-version":[{"id":1640,"href":"https:\/\/bizautom.com\/es\/wp-json\/wp\/v2\/product\/1045\/revisions\/1640"}],"wp:featuredmedia":[{"embeddable":true,"href":"https:\/\/bizautom.com\/es\/wp-json\/wp\/v2\/media\/1048"}],"wp:attachment":[{"href":"https:\/\/bizautom.com\/es\/wp-json\/wp\/v2\/media?parent=1045"}],"wp:term":[{"taxonomy":"product_brand","embeddable":true,"href":"https:\/\/bizautom.com\/es\/wp-json\/wp\/v2\/product_brand?post=1045"},{"taxonomy":"product_cat","embeddable":true,"href":"https:\/\/bizautom.com\/es\/wp-json\/wp\/v2\/product_cat?post=1045"},{"taxonomy":"product_tag","embeddable":true,"href":"https:\/\/bizautom.com\/es\/wp-json\/wp\/v2\/product_tag?post=1045"}],"curies":[{"name":"wp","href":"https:\/\/api.w.org\/{rel}","templated":true}]}}