{"id":1052,"date":"2023-07-20T18:01:16","date_gmt":"2023-07-20T18:01:16","guid":{"rendered":"https:\/\/bizautom.com\/?post_type=product&#038;p=1052"},"modified":"2024-10-27T08:47:47","modified_gmt":"2024-10-27T12:47:47","slug":"prime-station-ps-interface-bridge-software-connecting-rs232-devices-with-pc","status":"publish","type":"product","link":"https:\/\/bizautom.com\/es\/producto\/prime-station-ps-interface-bridge-software-connecting-rs232-devices-with-pc\/","title":{"rendered":"Software Prime Station PS-INTERFACE Bridge Conexi\u00f3n de dispositivos RS232 con el PC"},"content":{"rendered":"<p>En <strong>Software de interfaz Prime Station<\/strong> es una herramienta avanzada y f\u00e1cil de usar dise\u00f1ada para conectar su B\u00e1scula Inteligente con varias aplicaciones, proporcionando una gesti\u00f3n de datos perfecta y un control eficiente. Construido para la precisi\u00f3n y la comodidad, este software es esencial para aquellos que requieren una soluci\u00f3n potente y personalizable para visualizar, registrar y gestionar las lecturas de peso sin esfuerzo. El software de interfaz Prime Station mejora el flujo de trabajo y optimiza la gesti\u00f3n de datos, lo que lo convierte en la opci\u00f3n ideal para sectores como la fabricaci\u00f3n, el almacenamiento y los laboratorios, en los que es crucial realizar un seguimiento preciso del peso.<\/p>\n<p>Con una serie de funciones dise\u00f1adas para mejorar la experiencia del usuario, el software de interfaz Prime Station ofrece todo lo necesario para una gesti\u00f3n exhaustiva de los datos, desde opciones de visualizaci\u00f3n en tiempo real hasta una sencilla copia de seguridad de los datos. Este software est\u00e1 dise\u00f1ado para garantizar que siempre tengas el control de tus datos de pesaje, permitiendo un acceso r\u00e1pido y un almacenamiento seguro.<\/p>\n<h3>Principales caracter\u00edsticas y ventajas<\/h3>\n<ul>\n<li><strong>Visualizaci\u00f3n del peso en tiempo real<\/strong><br \/>\nVea las lecturas de peso de su B\u00e1scula Inteligente directamente en la pantalla de su ordenador, proporcionando una visualizaci\u00f3n de datos precisa e inmediata que le permite controlar y responder a los cambios en tiempo real.<\/li>\n<li><strong>Opciones de visualizaci\u00f3n personalizables<\/strong><br \/>\nAjuste el estilo y el tama\u00f1o de la fuente seg\u00fan sus necesidades, creando una interfaz que maximiza la legibilidad y la comodidad del usuario, lo que resulta especialmente \u00fatil en entornos de alta actividad o en largas sesiones de supervisi\u00f3n.<\/li>\n<li><strong>Ventana de registro en tiempo real<\/strong><br \/>\nOpte por activar la ventana de registro en tiempo real para realizar un seguimiento exhaustivo de los cambios de peso, mejorando la transparencia y ofreciendo una visi\u00f3n detallada de la actividad para un an\u00e1lisis en profundidad.<\/li>\n<li><strong>Almacenamiento flexible de datos en formato CSV<\/strong><br \/>\nElija entre las opciones de almacenamiento de datos manual o autom\u00e1tico, con todos los datos guardados en archivos CSV de f\u00e1cil acceso. Esto permite importar datos sin esfuerzo a herramientas de an\u00e1lisis u hojas de c\u00e1lculo para su posterior procesamiento.<\/li>\n<li><strong>Intervalos de guardado autom\u00e1tico configurables<\/strong><br \/>\nConfigure los intervalos de autoguardado seg\u00fan sus necesidades espec\u00edficas, garantizando que los datos se guarden de forma coherente y proporcionando flexibilidad para adaptarse al ritmo de su flujo de trabajo.<\/li>\n<li><strong>Borrado de datos y guardado de copias de seguridad con un solo bot\u00f3n<\/strong><br \/>\nBorra o guarda datos r\u00e1pidamente con un solo clic. Esta funci\u00f3n permite una gesti\u00f3n r\u00e1pida de los datos y mejora su integridad al permitir realizar copias de seguridad sencillas y seguras.<\/li>\n<li><strong>Pegado de datos con teclas de acceso r\u00e1pido mediante emulaci\u00f3n de teclado<\/strong><br \/>\nConfigure teclas de acceso r\u00e1pido personalizadas para pegar datos de forma eficaz mediante emulaci\u00f3n de teclado, lo que facilita la introducci\u00f3n de datos de peso directamente en documentos o aplicaciones de forma r\u00e1pida y precisa.<\/li>\n<li><strong>Configuraci\u00f3n de conectividad sin fisuras<\/strong><br \/>\nAjuste los puertos COM y las velocidades en baudios para una conectividad \u00f3ptima, lo que facilita la vinculaci\u00f3n del software con su Smart Scale para una comunicaci\u00f3n fiable.<\/li>\n<\/ul>\n<h3>Aplicaciones y casos de uso ideales<\/h3>\n<ul>\n<li><strong>Fabricaci\u00f3n y producci\u00f3n<\/strong><br \/>\nRealice un seguimiento de los pesos en tiempo real durante la producci\u00f3n, lo que permite a los operarios mantener la precisi\u00f3n y la coherencia en el procesamiento de lotes, la gesti\u00f3n de inventarios y el control de calidad.<\/li>\n<li><strong>Gesti\u00f3n de almacenes e inventarios<\/strong><br \/>\nSupervise las entradas y salidas de existencias, con almacenamiento de datos CSV para facilitar el seguimiento del inventario y la posibilidad de ajustar los intervalos de autoguardado en funci\u00f3n de la frecuencia de movimiento de las existencias.<\/li>\n<li><strong>Laboratorio e investigaci\u00f3n<\/strong><br \/>\nPara los laboratorios de investigaci\u00f3n que requieren un control preciso del peso y un seguimiento de los datos, las opciones de visualizaci\u00f3n personalizables y la ventana de registro en tiempo real ofrecen una visi\u00f3n clara de los cambios en las muestras, mientras que la funci\u00f3n de almacenamiento de datos simplifica el mantenimiento de registros.<\/li>\n<li><strong>Producci\u00f3n de alimentos y bebidas<\/strong><br \/>\nSupervise y registre con precisi\u00f3n los pesos de los ingredientes para la estandarizaci\u00f3n de recetas y el cumplimiento de la normativa, con exportaci\u00f3n CSV que permite una integraci\u00f3n sin problemas en los sistemas de control de calidad.<\/li>\n<\/ul>\n<p>Aqu\u00ed est\u00e1 el v\u00eddeo de configuraci\u00f3n, que tambi\u00e9n muestra la mayor\u00eda de las funciones que salen del software:<\/p>\n<p><iframe title=\"Software Puente Prime Station PS-INTERFACE Conexi\u00f3n de dispositivos RS232 | Balanzas con PC\" width=\"800\" height=\"450\" src=\"https:\/\/www.youtube.com\/embed\/nUNIzmH5-Ts?feature=oembed\" frameborder=\"0\" allow=\"accelerometer; autoplay; clipboard-write; encrypted-media; gyroscope; picture-in-picture; web-share\" referrerpolicy=\"strict-origin-when-cross-origin\" allowfullscreen><\/iframe><\/p>","protected":false},"excerpt":{"rendered":"<p>El software Prime Interface combina un dise\u00f1o intuitivo con una amplia funcionalidad, lo que lo convierte en una herramienta indispensable para una gesti\u00f3n eficaz del peso. Desde ajustes de pantalla personalizables hasta opciones flexibles de almacenamiento y exportaci\u00f3n de datos, este software est\u00e1 dise\u00f1ado para agilizar los procesos y mantener la precisi\u00f3n de los datos en una gran variedad de aplicaciones. Convierta el software de interfaz Prime Station en la columna vertebral de su gesti\u00f3n de datos de pesaje, garantizando un control preciso y un f\u00e1cil acceso a todas las mediciones de su Smart Scale.<\/p>","protected":false},"featured_media":1638,"comment_status":"open","ping_status":"closed","template":"","meta":[],"product_brand":[62],"product_cat":[33],"product_tag":[65],"class_list":{"0":"post-1052","1":"product","2":"type-product","3":"status-publish","4":"has-post-thumbnail","6":"product_brand-prime-station","7":"product_cat-quality-softwares","8":"product_tag-interface","10":"first","11":"instock","12":"downloadable","13":"purchasable","14":"product-type-simple"},"yoast_head":"<!-- This site is optimized with the Yoast SEO plugin v27.3 - https:\/\/yoast.com\/product\/yoast-seo-wordpress\/ -->\n<title>PS-INTERFACE Bridge Software Connecting RS232 Devices With PC<\/title>\n<meta name=\"description\" content=\"Prime Station PS Interface Bridge software simplifies RS232 device communication, facilitating seamless data exchange between devices and your PC. Order now!\" \/>\n<meta name=\"robots\" content=\"index, follow, max-snippet:-1, max-image-preview:large, max-video-preview:-1\" \/>\n<link rel=\"canonical\" href=\"https:\/\/bizautom.com\/es\/producto\/prime-station-ps-interface-bridge-software-connecting-rs232-devices-with-pc\/\" \/>\n<meta property=\"og:locale\" content=\"es_MX\" \/>\n<meta property=\"og:type\" content=\"article\" \/>\n<meta property=\"og:title\" content=\"PS-INTERFACE Bridge Software Connecting RS232 Devices With PC\" \/>\n<meta property=\"og:description\" content=\"Prime Station PS Interface Bridge software simplifies RS232 device communication, facilitating seamless data exchange between devices and your PC. Order now!\" \/>\n<meta property=\"og:url\" content=\"https:\/\/bizautom.com\/es\/producto\/prime-station-ps-interface-bridge-software-connecting-rs232-devices-with-pc\/\" \/>\n<meta property=\"og:site_name\" content=\"BizAutom\" \/>\n<meta property=\"article:publisher\" content=\"https:\/\/www.facebook.com\/people\/TINGCHEN-BizAutom\/61565746662873\/\" \/>\n<meta property=\"article:modified_time\" content=\"2024-10-27T12:47:47+00:00\" \/>\n<meta property=\"og:image\" content=\"https:\/\/bizautom.com\/wp-content\/uploads\/2023\/07\/PrimeInterface_main.jpg\" \/>\n\t<meta property=\"og:image:width\" content=\"1194\" \/>\n\t<meta property=\"og:image:height\" content=\"978\" \/>\n\t<meta property=\"og:image:type\" content=\"image\/jpeg\" \/>\n<meta name=\"twitter:card\" content=\"summary_large_image\" \/>\n<meta name=\"twitter:label1\" content=\"Tiempo de lectura\" \/>\n\t<meta name=\"twitter:data1\" content=\"3 minutos\" \/>\n<!-- \/ Yoast SEO plugin. -->","yoast_head_json":{"title":"PS-INTERFACE Bridge Software Connecting RS232 Devices With PC","description":"Prime Station PS Interface Bridge software simplifies RS232 device communication, facilitating seamless data exchange between devices and your PC. Order now!","robots":{"index":"index","follow":"follow","max-snippet":"max-snippet:-1","max-image-preview":"max-image-preview:large","max-video-preview":"max-video-preview:-1"},"canonical":"https:\/\/bizautom.com\/es\/producto\/prime-station-ps-interface-bridge-software-connecting-rs232-devices-with-pc\/","og_locale":"es_MX","og_type":"article","og_title":"PS-INTERFACE Bridge Software Connecting RS232 Devices With PC","og_description":"Prime Station PS Interface Bridge software simplifies RS232 device communication, facilitating seamless data exchange between devices and your PC. Order now!","og_url":"https:\/\/bizautom.com\/es\/producto\/prime-station-ps-interface-bridge-software-connecting-rs232-devices-with-pc\/","og_site_name":"BizAutom","article_publisher":"https:\/\/www.facebook.com\/people\/TINGCHEN-BizAutom\/61565746662873\/","article_modified_time":"2024-10-27T12:47:47+00:00","og_image":[{"width":1194,"height":978,"url":"https:\/\/bizautom.com\/wp-content\/uploads\/2023\/07\/PrimeInterface_main.jpg","type":"image\/jpeg"}],"twitter_card":"summary_large_image","twitter_misc":{"Tiempo de lectura":"3 minutos"},"schema":{"@context":"https:\/\/schema.org","@graph":[{"@type":"WebPage","@id":"https:\/\/bizautom.com\/product\/prime-station-ps-interface-bridge-software-connecting-rs232-devices-with-pc\/","url":"https:\/\/bizautom.com\/product\/prime-station-ps-interface-bridge-software-connecting-rs232-devices-with-pc\/","name":"PS-INTERFACE Bridge Software Connecting RS232 Devices With PC","isPartOf":{"@id":"https:\/\/bizautom.com\/#website"},"primaryImageOfPage":{"@id":"https:\/\/bizautom.com\/product\/prime-station-ps-interface-bridge-software-connecting-rs232-devices-with-pc\/#primaryimage"},"image":{"@id":"https:\/\/bizautom.com\/product\/prime-station-ps-interface-bridge-software-connecting-rs232-devices-with-pc\/#primaryimage"},"thumbnailUrl":"https:\/\/bizautom.com\/wp-content\/uploads\/2023\/07\/PrimeInterface_main.jpg","datePublished":"2023-07-20T18:01:16+00:00","dateModified":"2024-10-27T12:47:47+00:00","description":"Prime Station PS Interface Bridge software simplifies RS232 device communication, facilitating seamless data exchange between devices and your PC. Order now!","breadcrumb":{"@id":"https:\/\/bizautom.com\/product\/prime-station-ps-interface-bridge-software-connecting-rs232-devices-with-pc\/#breadcrumb"},"inLanguage":"es","potentialAction":[{"@type":"ReadAction","target":["https:\/\/bizautom.com\/product\/prime-station-ps-interface-bridge-software-connecting-rs232-devices-with-pc\/"]}]},{"@type":"ImageObject","inLanguage":"es","@id":"https:\/\/bizautom.com\/product\/prime-station-ps-interface-bridge-software-connecting-rs232-devices-with-pc\/#primaryimage","url":"https:\/\/bizautom.com\/wp-content\/uploads\/2023\/07\/PrimeInterface_main.jpg","contentUrl":"https:\/\/bizautom.com\/wp-content\/uploads\/2023\/07\/PrimeInterface_main.jpg","width":1194,"height":978},{"@type":"BreadcrumbList","@id":"https:\/\/bizautom.com\/product\/prime-station-ps-interface-bridge-software-connecting-rs232-devices-with-pc\/#breadcrumb","itemListElement":[{"@type":"ListItem","position":1,"name":"Home","item":"https:\/\/bizautom.com\/"},{"@type":"ListItem","position":2,"name":"Shop","item":"https:\/\/bizautom.com\/shop-2\/"},{"@type":"ListItem","position":3,"name":"Prime Station PS-INTERFACE Bridge Software Connecting RS232 Devices with PC"}]},{"@type":"WebSite","@id":"https:\/\/bizautom.com\/#website","url":"https:\/\/bizautom.com\/","name":"BizAutom","description":"R\u00e1pido. Preciso. Inteligente.","publisher":{"@id":"https:\/\/bizautom.com\/#organization"},"potentialAction":[{"@type":"SearchAction","target":{"@type":"EntryPoint","urlTemplate":"https:\/\/bizautom.com\/?s={search_term_string}"},"query-input":{"@type":"PropertyValueSpecification","valueRequired":true,"valueName":"search_term_string"}}],"inLanguage":"es"},{"@type":"Organization","@id":"https:\/\/bizautom.com\/#organization","name":"BizAutom","url":"https:\/\/bizautom.com\/","logo":{"@type":"ImageObject","inLanguage":"es","@id":"https:\/\/bizautom.com\/#\/schema\/logo\/image\/","url":"https:\/\/bizautom.com\/wp-content\/uploads\/2025\/04\/BizAutom_Logo_1.webp","contentUrl":"https:\/\/bizautom.com\/wp-content\/uploads\/2025\/04\/BizAutom_Logo_1.webp","width":455,"height":326,"caption":"BizAutom"},"image":{"@id":"https:\/\/bizautom.com\/#\/schema\/logo\/image\/"},"sameAs":["https:\/\/www.facebook.com\/people\/TINGCHEN-BizAutom\/61565746662873\/"]}]}},"jetpack-related-posts":[{"id":1045,"url":"https:\/\/bizautom.com\/es\/producto\/prime-station-gateway-software-connect-store-distribute-machine-data-through-cloud-server\/","url_meta":{"origin":1052,"position":0},"title":"Software Prime Station Gateway Conectar\/Almacenar\/Distribuir Datos de M\u00e1quinas a trav\u00e9s de Servidor Cloud","author":"admin","date":"julio 20, 2023","format":false,"excerpt":"Prime Station Gateway es la soluci\u00f3n de referencia para el tratamiento automatizado de datos y el almacenamiento en la nube, que transforma sus equipos en m\u00e1quinas generadoras de datos adaptadas a las necesidades espec\u00edficas de su sector.","rel":"","context":"Entrada similar ","block_context":{"text":"Entrada similar ","link":""},"img":{"alt_text":"","src":"https:\/\/i0.wp.com\/bizautom.com\/wp-content\/uploads\/2023\/07\/GatewayScreenshot01.png?resize=350%2C200&ssl=1","width":350,"height":200,"srcset":"https:\/\/i0.wp.com\/bizautom.com\/wp-content\/uploads\/2023\/07\/GatewayScreenshot01.png?resize=350%2C200&ssl=1 1x, https:\/\/i0.wp.com\/bizautom.com\/wp-content\/uploads\/2023\/07\/GatewayScreenshot01.png?resize=525%2C300&ssl=1 1.5x, https:\/\/i0.wp.com\/bizautom.com\/wp-content\/uploads\/2023\/07\/GatewayScreenshot01.png?resize=700%2C400&ssl=1 2x"},"classes":[]},{"id":1026,"url":"https:\/\/bizautom.com\/es\/producto\/prime-station-erp-software\/","url_meta":{"origin":1052,"position":1},"title":"Software ERP Prime Station","author":"admin","date":"julio 20, 2023","format":false,"excerpt":"If you're currently operating a business, there's a compelling reason to consider using a comprehensive ERP solution that incorporates various essential functions. That's where Prime Station ERP Software comes in. By consolidating ERP, Bookkeeping, CRM, Marketing Automation, e-commerce integration, and shipping integration into a single platform, you can unlock numerous\u2026","rel":"","context":"Entrada similar ","block_context":{"text":"Entrada similar ","link":""},"img":{"alt_text":"","src":"https:\/\/i0.wp.com\/bizautom.com\/wp-content\/uploads\/2023\/07\/ERP.jpg?resize=350%2C200&ssl=1","width":350,"height":200,"srcset":"https:\/\/i0.wp.com\/bizautom.com\/wp-content\/uploads\/2023\/07\/ERP.jpg?resize=350%2C200&ssl=1 1x, https:\/\/i0.wp.com\/bizautom.com\/wp-content\/uploads\/2023\/07\/ERP.jpg?resize=525%2C300&ssl=1 1.5x, https:\/\/i0.wp.com\/bizautom.com\/wp-content\/uploads\/2023\/07\/ERP.jpg?resize=700%2C400&ssl=1 2x, https:\/\/i0.wp.com\/bizautom.com\/wp-content\/uploads\/2023\/07\/ERP.jpg?resize=1050%2C600&ssl=1 3x, https:\/\/i0.wp.com\/bizautom.com\/wp-content\/uploads\/2023\/07\/ERP.jpg?resize=1400%2C800&ssl=1 4x"},"classes":[]},{"id":1635,"url":"https:\/\/bizautom.com\/es\/producto\/bizautom-nine-scale-software-comprehensive-real-time-scale-monitoring-solution\/","url_meta":{"origin":1052,"position":2},"title":"Software BizAutom Nine-Scale: Soluci\u00f3n integral de supervisi\u00f3n de escalas en tiempo real","author":"admin","date":"octubre 26, 2024","format":false,"excerpt":"With its user-friendly interface, reliable connectivity options, and highly customizable scale configurations, the BizAutom Nine-Scale Software is a smart investment for businesses looking to enhance operational oversight and control. Ideal for industries where weight tracking and inventory control are critical, this software simplifies complex multi-scale monitoring, allowing you to focus\u2026","rel":"","context":"Entrada similar ","block_context":{"text":"Entrada similar ","link":""},"img":{"alt_text":"","src":"https:\/\/i0.wp.com\/bizautom.com\/wp-content\/uploads\/2024\/10\/ScreenShot-scaled.jpg?resize=350%2C200&ssl=1","width":350,"height":200,"srcset":"https:\/\/i0.wp.com\/bizautom.com\/wp-content\/uploads\/2024\/10\/ScreenShot-scaled.jpg?resize=350%2C200&ssl=1 1x, https:\/\/i0.wp.com\/bizautom.com\/wp-content\/uploads\/2024\/10\/ScreenShot-scaled.jpg?resize=525%2C300&ssl=1 1.5x, https:\/\/i0.wp.com\/bizautom.com\/wp-content\/uploads\/2024\/10\/ScreenShot-scaled.jpg?resize=700%2C400&ssl=1 2x, https:\/\/i0.wp.com\/bizautom.com\/wp-content\/uploads\/2024\/10\/ScreenShot-scaled.jpg?resize=1050%2C600&ssl=1 3x, https:\/\/i0.wp.com\/bizautom.com\/wp-content\/uploads\/2024\/10\/ScreenShot-scaled.jpg?resize=1400%2C800&ssl=1 4x"},"classes":[]},{"id":957,"url":"https:\/\/bizautom.com\/es\/producto\/prime-scales-ps-in202-digital-indicator-with-rs232-signal-output\/","url_meta":{"origin":1052,"position":3},"title":"Prime Scales PS-IN202 Indicador digital con salida de se\u00f1al RS232","author":"admin","date":"julio 18, 2023","format":false,"excerpt":"Tanto si actualmente necesita un indicador b\u00e1sico como si prev\u00e9 la necesidad de conectar su b\u00e1scula con la red BizAutom en el futuro, el PS-IN202 es una opci\u00f3n ideal.","rel":"","context":"Entrada similar ","block_context":{"text":"Entrada similar ","link":""},"img":{"alt_text":"","src":"https:\/\/i0.wp.com\/bizautom.com\/wp-content\/uploads\/2023\/07\/PS-IN202.jpg?resize=350%2C200&ssl=1","width":350,"height":200,"srcset":"https:\/\/i0.wp.com\/bizautom.com\/wp-content\/uploads\/2023\/07\/PS-IN202.jpg?resize=350%2C200&ssl=1 1x, https:\/\/i0.wp.com\/bizautom.com\/wp-content\/uploads\/2023\/07\/PS-IN202.jpg?resize=525%2C300&ssl=1 1.5x, https:\/\/i0.wp.com\/bizautom.com\/wp-content\/uploads\/2023\/07\/PS-IN202.jpg?resize=700%2C400&ssl=1 2x"},"classes":[]},{"id":1472,"url":"https:\/\/bizautom.com\/es\/producto\/bizautom-pc-1-pc-based-controller-weight-indicator-combo\/","url_meta":{"origin":1052,"position":4},"title":"BizAutom PC-1 Combo Controlador\/Indicador de peso basado en PC","author":"admin","date":"julio 14, 2024","format":false,"excerpt":"Presentamos el controlador BizAutom Mainstream, dise\u00f1ado para satisfacer las necesidades de una amplia gama de proyectos gracias a su robusta funcionalidad y versatilidad.","rel":"","context":"Entrada similar ","block_context":{"text":"Entrada similar ","link":""},"img":{"alt_text":"","src":"https:\/\/i0.wp.com\/bizautom.com\/wp-content\/uploads\/2024\/07\/PC-1-scaled.jpg?resize=350%2C200&ssl=1","width":350,"height":200,"srcset":"https:\/\/i0.wp.com\/bizautom.com\/wp-content\/uploads\/2024\/07\/PC-1-scaled.jpg?resize=350%2C200&ssl=1 1x, https:\/\/i0.wp.com\/bizautom.com\/wp-content\/uploads\/2024\/07\/PC-1-scaled.jpg?resize=525%2C300&ssl=1 1.5x, https:\/\/i0.wp.com\/bizautom.com\/wp-content\/uploads\/2024\/07\/PC-1-scaled.jpg?resize=700%2C400&ssl=1 2x, https:\/\/i0.wp.com\/bizautom.com\/wp-content\/uploads\/2024\/07\/PC-1-scaled.jpg?resize=1050%2C600&ssl=1 3x, https:\/\/i0.wp.com\/bizautom.com\/wp-content\/uploads\/2024\/07\/PC-1-scaled.jpg?resize=1400%2C800&ssl=1 4x"},"classes":[]},{"id":4345,"url":"https:\/\/bizautom.com\/es\/producto\/bizautom-ba-dc130-dual-counting-scale-with-data-storage-and-software-integration\/","url_meta":{"origin":1052,"position":5},"title":"BizAutom BA-DC130 Balanza cuentapiezas doble con almacenamiento de datos e integraci\u00f3n de software","author":"admin","date":"junio 17, 2025","format":false,"excerpt":"The BizAutom BA-DC130 Dual Counting Scale is more than just a counting device\u2014it\u2019s a versatile, smart, and scalable system designed to simplify complex inventory and production tasks. Whether you're counting thousands of small components or managing heavy parts across large platforms, the BA-DC130 delivers the speed, accuracy, and connectivity modern\u2026","rel":"","context":"Entrada similar ","block_context":{"text":"Entrada similar ","link":""},"img":{"alt_text":"","src":"https:\/\/i0.wp.com\/bizautom.com\/wp-content\/uploads\/2025\/06\/DualCountScaleFloorScale.jpg?resize=350%2C200&ssl=1","width":350,"height":200,"srcset":"https:\/\/i0.wp.com\/bizautom.com\/wp-content\/uploads\/2025\/06\/DualCountScaleFloorScale.jpg?resize=350%2C200&ssl=1 1x, https:\/\/i0.wp.com\/bizautom.com\/wp-content\/uploads\/2025\/06\/DualCountScaleFloorScale.jpg?resize=525%2C300&ssl=1 1.5x, https:\/\/i0.wp.com\/bizautom.com\/wp-content\/uploads\/2025\/06\/DualCountScaleFloorScale.jpg?resize=700%2C400&ssl=1 2x, https:\/\/i0.wp.com\/bizautom.com\/wp-content\/uploads\/2025\/06\/DualCountScaleFloorScale.jpg?resize=1050%2C600&ssl=1 3x, https:\/\/i0.wp.com\/bizautom.com\/wp-content\/uploads\/2025\/06\/DualCountScaleFloorScale.jpg?resize=1400%2C800&ssl=1 4x"},"classes":[]}],"jetpack_sharing_enabled":true,"_links":{"self":[{"href":"https:\/\/bizautom.com\/es\/wp-json\/wp\/v2\/product\/1052","targetHints":{"allow":["GET"]}}],"collection":[{"href":"https:\/\/bizautom.com\/es\/wp-json\/wp\/v2\/product"}],"about":[{"href":"https:\/\/bizautom.com\/es\/wp-json\/wp\/v2\/types\/product"}],"replies":[{"embeddable":true,"href":"https:\/\/bizautom.com\/es\/wp-json\/wp\/v2\/comments?post=1052"}],"version-history":[{"count":1,"href":"https:\/\/bizautom.com\/es\/wp-json\/wp\/v2\/product\/1052\/revisions"}],"predecessor-version":[{"id":1054,"href":"https:\/\/bizautom.com\/es\/wp-json\/wp\/v2\/product\/1052\/revisions\/1054"}],"wp:featuredmedia":[{"embeddable":true,"href":"https:\/\/bizautom.com\/es\/wp-json\/wp\/v2\/media\/1638"}],"wp:attachment":[{"href":"https:\/\/bizautom.com\/es\/wp-json\/wp\/v2\/media?parent=1052"}],"wp:term":[{"taxonomy":"product_brand","embeddable":true,"href":"https:\/\/bizautom.com\/es\/wp-json\/wp\/v2\/product_brand?post=1052"},{"taxonomy":"product_cat","embeddable":true,"href":"https:\/\/bizautom.com\/es\/wp-json\/wp\/v2\/product_cat?post=1052"},{"taxonomy":"product_tag","embeddable":true,"href":"https:\/\/bizautom.com\/es\/wp-json\/wp\/v2\/product_tag?post=1052"}],"curies":[{"name":"wp","href":"https:\/\/api.w.org\/{rel}","templated":true}]}}