{"id":1068,"date":"2023-07-28T18:45:33","date_gmt":"2023-07-28T18:45:33","guid":{"rendered":"https:\/\/bizautom.com\/?post_type=product&#038;p=1068"},"modified":"2025-03-20T17:56:36","modified_gmt":"2025-03-20T21:56:36","slug":"bizautom-12x12-stainless-steel-static-checkweigher-with-stack-light-buzzer","status":"publish","type":"product","link":"https:\/\/bizautom.com\/es\/producto\/bizautom-12x12-stainless-steel-static-checkweigher-with-stack-light-buzzer\/","title":{"rendered":"BizAutom 12\u2033x12\u2033 controladora de peso est\u00e1tica de acero inoxidable con luz de pila \/ zumbador"},"content":{"rendered":"<p><span style=\"font-weight: 400;\">Est\u00e1 harto de procesos de pesaje manuales que llevan demasiado tiempo, son propensos a errores y le hacen perder tiempo? \u00a1Diga adi\u00f3s a las preocupaciones por el pesaje con la b\u00e1scula de control est\u00e1tica avanzada BizAutom\u2122!\u00a0<\/span><\/p>\n<p><span style=\"font-weight: 400;\">Esta innovadora soluci\u00f3n de pesaje est\u00e1 dise\u00f1ada para transformar su sistema de gesti\u00f3n del peso, haciendo que sus operaciones sean m\u00e1s fluidas y productivas que nunca. Con BizAutom\u2122, podr\u00e1 olvidarse del tedioso pesaje manual, reducir los retrasos en la producci\u00f3n y centrarse en lo m\u00e1s importante: hacer crecer su negocio.\u00a0<\/span><\/p>\n<p><span style=\"font-weight: 400;\">Si automatiza su proceso de pesaje, podr\u00e1 tomar decisiones con conocimiento de causa, mejorar la calidad de sus productos y hacer m\u00e1s felices a sus clientes.<\/span><\/p>\n<h2><b>Caracter\u00edsticas principales<\/b><\/h2>\n<p><span style=\"font-weight: 400;\">Nuestra controladora de peso est\u00e1 dise\u00f1ada para ayudar a que las l\u00edneas de producci\u00f3n modernas funcionen mejor y est\u00e1 cargada de nuevas tecnolog\u00edas que mejorar\u00e1n sus procesos de pesaje. Desde resultados superprecisos hasta velocidades r\u00e1pidas, exploremos las caracter\u00edsticas clave que hacen destacar a la BizAutom\u2122.<\/span><\/p>\n<ul>\n<li style=\"font-weight: 400;\" aria-level=\"1\"><b>Superprecisa: <\/b><span style=\"font-weight: 400;\">El BizAutom\u2122 BA-SCW1212 utiliza sensores avanzados y matem\u00e1ticas inteligentes para dar lecturas de peso s\u00faper precisas para cada producto que pasa a trav\u00e9s de su fuerte plataforma.<\/span><\/li>\n<li style=\"font-weight: 400;\" aria-level=\"1\"><b>R\u00e1pido y fiable: <\/b><span style=\"font-weight: 400;\">Esta controladora de peso puede manejar muchos art\u00edculos r\u00e1pidamente sin perder precisi\u00f3n. Esto significa que puede fabricar m\u00e1s productos y reducir los retrasos.<\/span><\/li>\n<li style=\"font-weight: 400;\" aria-level=\"1\"><b>Resultados instant\u00e1neos: <\/b><span style=\"font-weight: 400;\">La luz de tres colores y el zumbador indican al operario de inmediato si el producto tiene el peso correcto, es demasiado pesado o demasiado ligero. Todo ello sin que el operario tenga que mirar la b\u00e1scula.<\/span><\/li>\n<li style=\"font-weight: 400;\" aria-level=\"1\"><b>F\u00e1cil de usar:<\/b><span style=\"font-weight: 400;\"> El BizAutom\u2122 est\u00e1 dise\u00f1ado para ser f\u00e1cil de usar. Los sencillos controles y la clara pantalla facilitan la configuraci\u00f3n, el ajuste y la supervisi\u00f3n, ahorr\u00e1ndole tiempo y esfuerzo.<\/span><\/li>\n<li style=\"font-weight: 400;\" aria-level=\"1\"><b>F\u00e1cil configuraci\u00f3n del producto: <\/b><span style=\"font-weight: 400;\">Los 100 rangos de peso de producto preestablecidos facilitan la tarea del operador. Basta con introducir el ID o el nombre del producto, \u00a1y la b\u00e1scula est\u00e1 lista para funcionar!<\/span><\/li>\n<li style=\"font-weight: 400;\" aria-level=\"1\"><b>Resistente y duradero:<\/b><span style=\"font-weight: 400;\"> El BizAutom\u2122 est\u00e1 fabricado en acero inoxidable de alta calidad y construido para durar en entornos industriales dif\u00edciles. Seguir\u00e1 funcionando bien incluso en condiciones dif\u00edciles.<\/span><\/li>\n<li style=\"font-weight: 400;\" aria-level=\"1\"><b>Peque\u00f1o pero poderoso: <\/b><span style=\"font-weight: 400;\">El BizAutom\u2122 es compacto (12\u2033x12\u2033) y f\u00e1cil de encajar en las \u00e1reas de producci\u00f3n existentes, aprovechando al m\u00e1ximo su espacio sin perder funcionalidad.<\/span><\/li>\n<li style=\"font-weight: 400;\" aria-level=\"1\"><b>Datos detallados: <\/b><span style=\"font-weight: 400;\">El BizAutom\u2122 realiza un seguimiento de los datos y elabora informes, ayud\u00e1ndole a tomar decisiones informadas para mejorar sus operaciones.<\/span><\/li>\n<li style=\"font-weight: 400;\" aria-level=\"1\"><b>16 E\/S: <\/b><span style=\"font-weight: 400;\">Puede controlar 15 m\u00e1quinas adicionales adem\u00e1s de la luz. Esta caracter\u00edstica hace que su sistema de pesaje sea muy flexible.<\/span><\/li>\n<\/ul>\n<h2><b>Aplicaciones<\/b><\/h2>\n<p><span style=\"font-weight: 400;\">Se utiliza en diversas aplicaciones en las que un pesaje preciso es crucial. Analicemos algunas de las \u00e1reas clave en las que marca la diferencia.<\/span><\/p>\n<ul>\n<li style=\"font-weight: 400;\" aria-level=\"1\"><b>Comida y bebida: <\/b><span style=\"font-weight: 400;\">Garantice un envasado exacto y pesos constantes de los productos para garantizar el cumplimiento de la normativa y evitar el llenado insuficiente o excesivo.<\/span><\/li>\n<li style=\"font-weight: 400;\" aria-level=\"1\"><b>Farmac\u00e9utica: <\/b><span style=\"font-weight: 400;\">Garantice la seguridad del paciente verificando las dosis precisas y evitando desviaciones que podr\u00edan tener graves consecuencias.<\/span><\/li>\n<li style=\"font-weight: 400;\" aria-level=\"1\"><b>Log\u00edstica y distribuci\u00f3n:<\/b><span style=\"font-weight: 400;\"> Optimice el cumplimiento de los pedidos pesando los paquetes con precisi\u00f3n, reduciendo los errores de env\u00edo y aumentando la eficacia.<\/span><\/li>\n<li style=\"font-weight: 400;\" aria-level=\"1\"><b>Cosm\u00e9ticos y cuidado personal:<\/b><span style=\"font-weight: 400;\"> Mantener la confianza y la satisfacci\u00f3n de los clientes verificando el peso de los productos, asegur\u00e1ndose de que cumplen las normas de calidad y previniendo los defectos.<\/span><\/li>\n<\/ul>\n<h2><b>Preguntas m\u00e1s frecuentes (FAQ)<\/b><\/h2>\n<h3><b>P1: \u00bfCu\u00e1l es el rango de pesaje t\u00edpico de la controladora de peso BizAutom?\u00a0<\/b><\/h3>\n<p><span style=\"font-weight: 400;\">Esta controladora de peso puede pesar productos de 1 g a 50 kg, lo que la hace adecuada para una amplia gama de aplicaciones.<\/span><\/p>\n<h3><b>P2: \u00bfC\u00f3mo gestiona su controladora de peso productos con tama\u00f1os y formas diferentes?\u00a0<\/b><\/h3>\n<p><span style=\"font-weight: 400;\">La BizAutom\u2122 cuenta con plataformas de pesaje ajustables y zonas de pesaje personalizables para acomodar productos de diferentes tama\u00f1os y formas.<\/span><\/p>\n<h3><b>P3: \u00bfSe puede utilizar esta controladora de peso est\u00e1tica en entornos dif\u00edciles?\u00a0<\/b><\/h3>\n<p><span style=\"font-weight: 400;\">S\u00ed, nuestra controladora de peso est\u00e1 dise\u00f1ada para soportar entornos industriales y puede funcionar a temperaturas que oscilan entre 0 \u00b0C y 40 \u00b0C.<\/span><\/p>\n<h3><b>P4: \u00bfCon qu\u00e9 frecuencia requiere calibraci\u00f3n esta controladora de peso?\u00a0<\/b><\/h3>\n<p><span style=\"font-weight: 400;\">La BizAutom\u2122 cuenta con calibraci\u00f3n autom\u00e1tica y comprobaciones de diagn\u00f3stico, lo que garantiza un pesaje preciso y minimiza la necesidad de calibraci\u00f3n manual.<\/span><\/p>\n<h3><b>P5: \u00bfQu\u00e9 tipo de datos se pueden recopilar y analizar con la BizAutom\u2122 Static Checkweigher?\u00a0<\/b><\/h3>\n<p><span style=\"font-weight: 400;\">El BizAutom\u2122 puede recopilar y analizar datos sobre el peso del producto, los n\u00fameros de lote, las fechas de producci\u00f3n y mucho m\u00e1s, proporcionando informaci\u00f3n valiosa para la optimizaci\u00f3n del proceso y el control de calidad.<\/span><\/p>\n<p><span style=\"font-weight: 400;\">Mejore su negocio con la controladora de peso de BizAutom. Le ayuda a pesar productos de forma r\u00e1pida y precisa, haciendo felices a sus clientes y ahorrando tiempo. \u00a1P\u00f3ngase en contacto con nosotros ahora para obtener m\u00e1s informaci\u00f3n y hacer crecer su negocio!<\/span><\/p>","protected":false},"excerpt":{"rendered":"<p>Actualice su proceso de pesaje con la controladora de peso est\u00e1tica BizAutom\u2122 y experimente una eficiencia, precisi\u00f3n y fiabilidad sin precedentes. \u00danase a innumerables clientes satisfechos que han transformado sus operaciones con esta innovadora soluci\u00f3n. \u00a1Invierta hoy mismo en el \u00e9xito de su negocio!<\/p>","protected":false},"featured_media":1069,"comment_status":"open","ping_status":"closed","template":"","meta":[],"product_brand":[51],"product_cat":[31,15,30],"product_tag":[],"class_list":{"0":"post-1068","1":"product","2":"type-product","3":"status-publish","4":"has-post-thumbnail","6":"product_brand-bizautom","7":"product_cat-farm-equipment","8":"product_cat-industrial-equipment","9":"product_cat-industrial-scales","11":"first","12":"instock","13":"featured","14":"taxable","15":"shipping-taxable","16":"purchasable","17":"product-type-simple"},"yoast_head":"<!-- This site is optimized with the Yoast SEO plugin v27.4 - https:\/\/yoast.com\/product\/yoast-seo-wordpress\/ -->\n<title>BizAutom Stainless Steel Static Checkweigher With Stack Light<\/title>\n<meta name=\"description\" content=\"Tired of manual weighing? Get BizAutom Static Checkweigher! Boost productivity &amp; streamline your weight management system. Visit our website for more!\" \/>\n<meta name=\"robots\" content=\"index, follow, max-snippet:-1, max-image-preview:large, max-video-preview:-1\" \/>\n<link rel=\"canonical\" href=\"https:\/\/bizautom.com\/es\/producto\/bizautom-12x12-stainless-steel-static-checkweigher-with-stack-light-buzzer\/\" \/>\n<meta property=\"og:locale\" content=\"es_MX\" \/>\n<meta property=\"og:type\" content=\"article\" \/>\n<meta property=\"og:title\" content=\"BizAutom Stainless Steel Static Checkweigher With Stack Light\" \/>\n<meta property=\"og:description\" content=\"Tired of manual weighing? Get BizAutom Static Checkweigher! Boost productivity &amp; streamline your weight management system. Visit our website for more!\" \/>\n<meta property=\"og:url\" content=\"https:\/\/bizautom.com\/es\/producto\/bizautom-12x12-stainless-steel-static-checkweigher-with-stack-light-buzzer\/\" \/>\n<meta property=\"og:site_name\" content=\"BizAutom\" \/>\n<meta property=\"article:publisher\" content=\"https:\/\/www.facebook.com\/people\/TINGCHEN-BizAutom\/61565746662873\/\" \/>\n<meta property=\"article:modified_time\" content=\"2025-03-20T21:56:36+00:00\" \/>\n<meta property=\"og:image\" content=\"https:\/\/bizautom.com\/wp-content\/uploads\/2023\/07\/BA-SCW1212.jpg\" \/>\n\t<meta property=\"og:image:width\" content=\"1800\" \/>\n\t<meta property=\"og:image:height\" content=\"1800\" \/>\n\t<meta property=\"og:image:type\" content=\"image\/jpeg\" \/>\n<meta name=\"twitter:card\" content=\"summary_large_image\" \/>\n<meta name=\"twitter:label1\" content=\"Tiempo de lectura\" \/>\n\t<meta name=\"twitter:data1\" content=\"4 minutos\" \/>\n<!-- \/ Yoast SEO plugin. -->","yoast_head_json":{"title":"BizAutom Stainless Steel Static Checkweigher With Stack Light","description":"Tired of manual weighing? Get BizAutom Static Checkweigher! Boost productivity & streamline your weight management system. Visit our website for more!","robots":{"index":"index","follow":"follow","max-snippet":"max-snippet:-1","max-image-preview":"max-image-preview:large","max-video-preview":"max-video-preview:-1"},"canonical":"https:\/\/bizautom.com\/es\/producto\/bizautom-12x12-stainless-steel-static-checkweigher-with-stack-light-buzzer\/","og_locale":"es_MX","og_type":"article","og_title":"BizAutom Stainless Steel Static Checkweigher With Stack Light","og_description":"Tired of manual weighing? Get BizAutom Static Checkweigher! Boost productivity & streamline your weight management system. Visit our website for more!","og_url":"https:\/\/bizautom.com\/es\/producto\/bizautom-12x12-stainless-steel-static-checkweigher-with-stack-light-buzzer\/","og_site_name":"BizAutom","article_publisher":"https:\/\/www.facebook.com\/people\/TINGCHEN-BizAutom\/61565746662873\/","article_modified_time":"2025-03-20T21:56:36+00:00","og_image":[{"width":1800,"height":1800,"url":"https:\/\/bizautom.com\/wp-content\/uploads\/2023\/07\/BA-SCW1212.jpg","type":"image\/jpeg"}],"twitter_card":"summary_large_image","twitter_misc":{"Tiempo de lectura":"4 minutos"},"schema":{"@context":"https:\/\/schema.org","@graph":[{"@type":"WebPage","@id":"https:\/\/bizautom.com\/product\/bizautom-12x12-stainless-steel-static-checkweigher-with-stack-light-buzzer\/","url":"https:\/\/bizautom.com\/product\/bizautom-12x12-stainless-steel-static-checkweigher-with-stack-light-buzzer\/","name":"BizAutom Stainless Steel Static Checkweigher With Stack Light","isPartOf":{"@id":"https:\/\/bizautom.com\/#website"},"primaryImageOfPage":{"@id":"https:\/\/bizautom.com\/product\/bizautom-12x12-stainless-steel-static-checkweigher-with-stack-light-buzzer\/#primaryimage"},"image":{"@id":"https:\/\/bizautom.com\/product\/bizautom-12x12-stainless-steel-static-checkweigher-with-stack-light-buzzer\/#primaryimage"},"thumbnailUrl":"https:\/\/bizautom.com\/wp-content\/uploads\/2023\/07\/BA-SCW1212.jpg","datePublished":"2023-07-28T18:45:33+00:00","dateModified":"2025-03-20T21:56:36+00:00","description":"Tired of manual weighing? Get BizAutom Static Checkweigher! Boost productivity & streamline your weight management system. Visit our website for more!","breadcrumb":{"@id":"https:\/\/bizautom.com\/product\/bizautom-12x12-stainless-steel-static-checkweigher-with-stack-light-buzzer\/#breadcrumb"},"inLanguage":"es","potentialAction":[{"@type":"ReadAction","target":["https:\/\/bizautom.com\/product\/bizautom-12x12-stainless-steel-static-checkweigher-with-stack-light-buzzer\/"]}]},{"@type":"ImageObject","inLanguage":"es","@id":"https:\/\/bizautom.com\/product\/bizautom-12x12-stainless-steel-static-checkweigher-with-stack-light-buzzer\/#primaryimage","url":"https:\/\/bizautom.com\/wp-content\/uploads\/2023\/07\/BA-SCW1212.jpg","contentUrl":"https:\/\/bizautom.com\/wp-content\/uploads\/2023\/07\/BA-SCW1212.jpg","width":1800,"height":1800},{"@type":"BreadcrumbList","@id":"https:\/\/bizautom.com\/product\/bizautom-12x12-stainless-steel-static-checkweigher-with-stack-light-buzzer\/#breadcrumb","itemListElement":[{"@type":"ListItem","position":1,"name":"Home","item":"https:\/\/bizautom.com\/"},{"@type":"ListItem","position":2,"name":"Shop","item":"https:\/\/bizautom.com\/shop-2\/"},{"@type":"ListItem","position":3,"name":"BizAutom 12&#8243;x12&#8243; Stainless Steel Static Checkweigher with Stack Light \/ Buzzer"}]},{"@type":"WebSite","@id":"https:\/\/bizautom.com\/#website","url":"https:\/\/bizautom.com\/","name":"BizAutom","description":"R\u00e1pido. Preciso. Inteligente.","publisher":{"@id":"https:\/\/bizautom.com\/#organization"},"potentialAction":[{"@type":"SearchAction","target":{"@type":"EntryPoint","urlTemplate":"https:\/\/bizautom.com\/?s={search_term_string}"},"query-input":{"@type":"PropertyValueSpecification","valueRequired":true,"valueName":"search_term_string"}}],"inLanguage":"es"},{"@type":"Organization","@id":"https:\/\/bizautom.com\/#organization","name":"BizAutom","url":"https:\/\/bizautom.com\/","logo":{"@type":"ImageObject","inLanguage":"es","@id":"https:\/\/bizautom.com\/#\/schema\/logo\/image\/","url":"https:\/\/bizautom.com\/wp-content\/uploads\/2025\/04\/BizAutom_Logo_1.webp","contentUrl":"https:\/\/bizautom.com\/wp-content\/uploads\/2025\/04\/BizAutom_Logo_1.webp","width":455,"height":326,"caption":"BizAutom"},"image":{"@id":"https:\/\/bizautom.com\/#\/schema\/logo\/image\/"},"sameAs":["https:\/\/www.facebook.com\/people\/TINGCHEN-BizAutom\/61565746662873\/"]}]}},"jetpack-related-posts":[{"id":815,"url":"https:\/\/bizautom.com\/es\/producto\/bizautom-ba-acw-checkweigher-system-with-pushing-arm\/","url_meta":{"origin":1068,"position":0},"title":"BizAutom BA-ACW Sistema autom\u00e1tico de control din\u00e1mico de peso en l\u00ednea con brazo de empuje neum\u00e1tico","author":"admin","date":"julio 18, 2023","format":false,"excerpt":"Tanto si pertenece al sector de la alimentaci\u00f3n y bebidas como al farmac\u00e9utico, log\u00edstico o cualquier otro que requiera una verificaci\u00f3n precisa del peso, nuestra b\u00e1scula de control de peso en l\u00ednea es la soluci\u00f3n ideal. Ofrece una precisi\u00f3n, fiabilidad y eficiencia inigualables, ayud\u00e1ndole a optimizar sus procesos de producci\u00f3n y a cumplir las normas de control de calidad con confianza.","rel":"","context":"Entrada similar ","block_context":{"text":"Entrada similar ","link":""},"img":{"alt_text":"","src":"https:\/\/i0.wp.com\/bizautom.com\/wp-content\/uploads\/2023\/07\/BA-CW.jpg?resize=350%2C200&ssl=1","width":350,"height":200,"srcset":"https:\/\/i0.wp.com\/bizautom.com\/wp-content\/uploads\/2023\/07\/BA-CW.jpg?resize=350%2C200&ssl=1 1x, https:\/\/i0.wp.com\/bizautom.com\/wp-content\/uploads\/2023\/07\/BA-CW.jpg?resize=525%2C300&ssl=1 1.5x, https:\/\/i0.wp.com\/bizautom.com\/wp-content\/uploads\/2023\/07\/BA-CW.jpg?resize=700%2C400&ssl=1 2x, https:\/\/i0.wp.com\/bizautom.com\/wp-content\/uploads\/2023\/07\/BA-CW.jpg?resize=1050%2C600&ssl=1 3x, https:\/\/i0.wp.com\/bizautom.com\/wp-content\/uploads\/2023\/07\/BA-CW.jpg?resize=1400%2C800&ssl=1 4x"},"classes":[]},{"id":2085,"url":"https:\/\/bizautom.com\/es\/producto\/bizautom-pc-1-tt-totalizer-indicator-advanced-weighing-and-totalizing-solution\/","url_meta":{"origin":1068,"position":1},"title":"Indicador totalizador BizAutom PC-1-TT - Soluci\u00f3n avanzada de pesaje y totalizaci\u00f3n","author":"admin","date":"marzo 3, 2025","format":false,"excerpt":"The BizAutom PC-1 Totalizer Indicator is the perfect solution for businesses that require accurate totalization, clear visual alerts, and industrial-grade durability in their weighing processes.","rel":"","context":"Entrada similar ","block_context":{"text":"Entrada similar ","link":""},"img":{"alt_text":"","src":"https:\/\/i0.wp.com\/bizautom.com\/wp-content\/uploads\/2025\/03\/Totalizer_Indicator.jpg?resize=350%2C200&ssl=1","width":350,"height":200,"srcset":"https:\/\/i0.wp.com\/bizautom.com\/wp-content\/uploads\/2025\/03\/Totalizer_Indicator.jpg?resize=350%2C200&ssl=1 1x, https:\/\/i0.wp.com\/bizautom.com\/wp-content\/uploads\/2025\/03\/Totalizer_Indicator.jpg?resize=525%2C300&ssl=1 1.5x, https:\/\/i0.wp.com\/bizautom.com\/wp-content\/uploads\/2025\/03\/Totalizer_Indicator.jpg?resize=700%2C400&ssl=1 2x, https:\/\/i0.wp.com\/bizautom.com\/wp-content\/uploads\/2025\/03\/Totalizer_Indicator.jpg?resize=1050%2C600&ssl=1 3x, https:\/\/i0.wp.com\/bizautom.com\/wp-content\/uploads\/2025\/03\/Totalizer_Indicator.jpg?resize=1400%2C800&ssl=1 4x"},"classes":[]},{"id":2031,"url":"https:\/\/bizautom.com\/es\/producto\/bizautom-pi-ii-scale-the-ultimate-round-weighing-solution\/","url_meta":{"origin":1068,"position":2},"title":"B\u00e1scula BizAutom PI-II: La soluci\u00f3n definitiva para el pesaje redondo","author":"admin","date":"febrero 28, 2025","format":false,"excerpt":"Introducing the BizAutom PI-II Scale \u2013 a game-changing innovation for modern weighing applications. Designed with versatility, efficiency, and durability in mind, the PI-II Scale is the perfect solution for operations requiring seamless integration with turntable stretch wrappers or as a standalone floor scale.","rel":"","context":"Entrada similar ","block_context":{"text":"Entrada similar ","link":""},"img":{"alt_text":"","src":"https:\/\/i0.wp.com\/bizautom.com\/wp-content\/uploads\/2025\/02\/PIPS-IN202SSP.jpg?resize=350%2C200&ssl=1","width":350,"height":200,"srcset":"https:\/\/i0.wp.com\/bizautom.com\/wp-content\/uploads\/2025\/02\/PIPS-IN202SSP.jpg?resize=350%2C200&ssl=1 1x, https:\/\/i0.wp.com\/bizautom.com\/wp-content\/uploads\/2025\/02\/PIPS-IN202SSP.jpg?resize=525%2C300&ssl=1 1.5x, https:\/\/i0.wp.com\/bizautom.com\/wp-content\/uploads\/2025\/02\/PIPS-IN202SSP.jpg?resize=700%2C400&ssl=1 2x, https:\/\/i0.wp.com\/bizautom.com\/wp-content\/uploads\/2025\/02\/PIPS-IN202SSP.jpg?resize=1050%2C600&ssl=1 3x, https:\/\/i0.wp.com\/bizautom.com\/wp-content\/uploads\/2025\/02\/PIPS-IN202SSP.jpg?resize=1400%2C800&ssl=1 4x"},"classes":[]},{"id":1522,"url":"https:\/\/bizautom.com\/es\/producto\/bizautom-row-on-weigh-scale-with-hand-rails\/","url_meta":{"origin":1068,"position":3},"title":"B\u00e1scula Roll On BizAutom con ra\u00edles manuales","author":"admin","date":"agosto 29, 2024","format":false,"excerpt":"B\u00e1scula de pesaje BizAutom Row On con ra\u00edles para las manos, meticulosamente dise\u00f1ada para medir con precisi\u00f3n a personas sentadas en distintos tipos de sillas de ruedas, incluidas las el\u00e9ctricas.","rel":"","context":"Entrada similar ","block_context":{"text":"Entrada similar ","link":""},"img":{"alt_text":"","src":"https:\/\/i0.wp.com\/bizautom.com\/wp-content\/uploads\/2024\/08\/BA-WCS-HD_ElectricWheelchair.jpg?resize=350%2C200&ssl=1","width":350,"height":200,"srcset":"https:\/\/i0.wp.com\/bizautom.com\/wp-content\/uploads\/2024\/08\/BA-WCS-HD_ElectricWheelchair.jpg?resize=350%2C200&ssl=1 1x, https:\/\/i0.wp.com\/bizautom.com\/wp-content\/uploads\/2024\/08\/BA-WCS-HD_ElectricWheelchair.jpg?resize=525%2C300&ssl=1 1.5x, https:\/\/i0.wp.com\/bizautom.com\/wp-content\/uploads\/2024\/08\/BA-WCS-HD_ElectricWheelchair.jpg?resize=700%2C400&ssl=1 2x, https:\/\/i0.wp.com\/bizautom.com\/wp-content\/uploads\/2024\/08\/BA-WCS-HD_ElectricWheelchair.jpg?resize=1050%2C600&ssl=1 3x"},"classes":[]},{"id":4337,"url":"https:\/\/bizautom.com\/es\/producto\/bizautom-cubeweigh-dimensioner-and-scale-system\/","url_meta":{"origin":1068,"position":4},"title":"Dimensionador y balanza BizAutom BA-CBW CubeWeigh","author":"admin","date":"junio 10, 2025","format":false,"excerpt":"Eficaz. Preciso. Integrado.","rel":"","context":"Entrada similar ","block_context":{"text":"Entrada similar ","link":""},"img":{"alt_text":"","src":"https:\/\/i0.wp.com\/bizautom.com\/wp-content\/uploads\/2025\/06\/CubeWeigh.jpg?resize=350%2C200&ssl=1","width":350,"height":200,"srcset":"https:\/\/i0.wp.com\/bizautom.com\/wp-content\/uploads\/2025\/06\/CubeWeigh.jpg?resize=350%2C200&ssl=1 1x, https:\/\/i0.wp.com\/bizautom.com\/wp-content\/uploads\/2025\/06\/CubeWeigh.jpg?resize=525%2C300&ssl=1 1.5x, https:\/\/i0.wp.com\/bizautom.com\/wp-content\/uploads\/2025\/06\/CubeWeigh.jpg?resize=700%2C400&ssl=1 2x, https:\/\/i0.wp.com\/bizautom.com\/wp-content\/uploads\/2025\/06\/CubeWeigh.jpg?resize=1050%2C600&ssl=1 3x, https:\/\/i0.wp.com\/bizautom.com\/wp-content\/uploads\/2025\/06\/CubeWeigh.jpg?resize=1400%2C800&ssl=1 4x"},"classes":[]},{"id":1212,"url":"https:\/\/bizautom.com\/es\/producto\/bizautom-ba-k120s-g4-versatile-stretch-wrap-machine-with-integrated-3-dimensional-weight-scale-and-label-printer\/","url_meta":{"origin":1068,"position":5},"title":"Enfajadora vers\u00e1til BizAutom BA-K120S G4 con b\u00e1scula tridimensional e impresora de etiquetas integradas","author":"admin","date":"enero 22, 2024","format":false,"excerpt":"Presentamos la primera enfardadora del mundo que incorpora una b\u00e1scula de peso tridimensional integrada. Esta vers\u00e1til m\u00e1quina puede envolver, pesar, medir, imprimir y transmitir en una sola operaci\u00f3n, optimizando tanto el tiempo como el ahorro de costes para usted.","rel":"","context":"Entrada similar ","block_context":{"text":"Entrada similar ","link":""},"img":{"alt_text":"","src":"https:\/\/i0.wp.com\/bizautom.com\/wp-content\/uploads\/2024\/01\/BA-K120S-WrappingMachineG4Color.jpg?resize=350%2C200&ssl=1","width":350,"height":200,"srcset":"https:\/\/i0.wp.com\/bizautom.com\/wp-content\/uploads\/2024\/01\/BA-K120S-WrappingMachineG4Color.jpg?resize=350%2C200&ssl=1 1x, https:\/\/i0.wp.com\/bizautom.com\/wp-content\/uploads\/2024\/01\/BA-K120S-WrappingMachineG4Color.jpg?resize=525%2C300&ssl=1 1.5x, https:\/\/i0.wp.com\/bizautom.com\/wp-content\/uploads\/2024\/01\/BA-K120S-WrappingMachineG4Color.jpg?resize=700%2C400&ssl=1 2x"},"classes":[]}],"jetpack_sharing_enabled":true,"_links":{"self":[{"href":"https:\/\/bizautom.com\/es\/wp-json\/wp\/v2\/product\/1068","targetHints":{"allow":["GET"]}}],"collection":[{"href":"https:\/\/bizautom.com\/es\/wp-json\/wp\/v2\/product"}],"about":[{"href":"https:\/\/bizautom.com\/es\/wp-json\/wp\/v2\/types\/product"}],"replies":[{"embeddable":true,"href":"https:\/\/bizautom.com\/es\/wp-json\/wp\/v2\/comments?post=1068"}],"version-history":[{"count":2,"href":"https:\/\/bizautom.com\/es\/wp-json\/wp\/v2\/product\/1068\/revisions"}],"predecessor-version":[{"id":2618,"href":"https:\/\/bizautom.com\/es\/wp-json\/wp\/v2\/product\/1068\/revisions\/2618"}],"wp:featuredmedia":[{"embeddable":true,"href":"https:\/\/bizautom.com\/es\/wp-json\/wp\/v2\/media\/1069"}],"wp:attachment":[{"href":"https:\/\/bizautom.com\/es\/wp-json\/wp\/v2\/media?parent=1068"}],"wp:term":[{"taxonomy":"product_brand","embeddable":true,"href":"https:\/\/bizautom.com\/es\/wp-json\/wp\/v2\/product_brand?post=1068"},{"taxonomy":"product_cat","embeddable":true,"href":"https:\/\/bizautom.com\/es\/wp-json\/wp\/v2\/product_cat?post=1068"},{"taxonomy":"product_tag","embeddable":true,"href":"https:\/\/bizautom.com\/es\/wp-json\/wp\/v2\/product_tag?post=1068"}],"curies":[{"name":"wp","href":"https:\/\/api.w.org\/{rel}","templated":true}]}}