{"id":1074,"date":"2023-07-31T20:31:11","date_gmt":"2023-07-31T20:31:11","guid":{"rendered":"https:\/\/bizautom.com\/?post_type=product&#038;p=1074"},"modified":"2026-05-04T15:17:10","modified_gmt":"2026-05-04T19:17:10","slug":"prime-scales-ps-35-thermal-label-paper-serial-printer","status":"publish","type":"product","link":"https:\/\/bizautom.com\/es\/producto\/prime-scales-ps-35-thermal-label-paper-serial-printer\/","title":{"rendered":"Prime Scales PS-35 Impresora t\u00e9rmica de etiquetas \/ papel en serie"},"content":{"rendered":"<p>Presentamos nuestra impresora PS-35: la c\u00faspide de la tecnolog\u00eda de impresi\u00f3n avanzada. Con solo pulsar un bot\u00f3n, esta impresora de \u00faltima generaci\u00f3n puede producir al instante informaci\u00f3n sobre el peso en papel t\u00e9rmico en rollo, etiquetas normales o etiquetas sin soporte, todas ellas con un grosor m\u00ednimo de 0,2 mm.<\/p>\n<p>La versatilidad est\u00e1 en su n\u00facleo: la PS-35 es totalmente compatible con las b\u00e1sculas Prime PS-IN202 y PS-IN202SS. Adem\u00e1s, las opciones de personalizaci\u00f3n abundan, ya que puede programar f\u00e1cilmente la impresora para incluir la hora, el peso, la fecha e incluso el logotipo de su empresa en la etiqueta.<\/p>\n<p>Estas son algunas de sus caracter\u00edsticas m\u00e1s destacadas:<\/p>\n<p>- Anchura de impresi\u00f3n de 58 mm, que garantiza una impresi\u00f3n clara y concisa.<br \/>\n- Funciones de alarma de papel, alimentaci\u00f3n y sobrecalentamiento para mantenerle informado y evitar interrupciones.<br \/>\n- Gesti\u00f3n inteligente de la energ\u00eda con modo de espera y activaci\u00f3n autom\u00e1ticos, lo que reduce significativamente el consumo de energ\u00eda.<br \/>\n- M\u00faltiples interfaces disponibles, incluidas USB y serie RS232, que garantizan una conectividad perfecta.<br \/>\n- La c\u00f3moda programaci\u00f3n sobre el terreno permite actualizar f\u00e1cilmente el firmware, descargar fuentes e integrar logotipos mediante un cable USB.<\/p>\n<p>La impresora PS-35 es la personificaci\u00f3n de la eficacia, la adaptabilidad y la facilidad de uso, lo que la convierte en el complemento perfecto para cualquier empresa que busque una soluci\u00f3n de impresi\u00f3n de gama alta.<\/p>\n<p><strong>Especificaciones:<\/strong><\/p>\n<table cellspacing=\"0\" cellpadding=\"0\">\n<tbody>\n<tr class=\"firstRow\">\n<td rowspan=\"6\" width=\"107\">Impresi\u00f3n<\/td>\n<td width=\"155\">M\u00e9todo de impresi\u00f3n<\/td>\n<td width=\"306\">L\u00ednea t\u00e9rmica<\/td>\n<\/tr>\n<tr>\n<td width=\"155\">Resoluci\u00f3n<\/td>\n<td width=\"306\">8 puntos\/mm, 664 puntos\/l\u00ednea, 203ppp<\/td>\n<\/tr>\n<tr>\n<td width=\"155\">Anchura de impresi\u00f3n v\u00e1lida<\/td>\n<td width=\"306\">58 mm (m\u00e1x.)<\/td>\n<\/tr>\n<tr>\n<td width=\"155\">Velocidad de impresi\u00f3n<\/td>\n<td width=\"306\">58 mm\/s<\/td>\n<\/tr>\n<tr>\n<td rowspan=\"2\" width=\"155\">Memoria<\/td>\n<td width=\"306\">FLASH : 8MB, RAM: 32MB<\/td>\n<\/tr>\n<tr>\n<td width=\"306\">B\u00fafer de recepci\u00f3n: 32 MB<\/td>\n<\/tr>\n<tr>\n<td rowspan=\"6\" width=\"107\">Papel<\/td>\n<td width=\"155\">Tipo de papel<\/td>\n<td width=\"306\">Papel t\u00e9rmico en rollo, etiqueta t\u00e9rmica normal<\/td>\n<\/tr>\n<tr>\n<td width=\"155\">Anchura del papel<\/td>\n<td width=\"306\">57,5\u00b10,5mm<\/td>\n<\/tr>\n<tr>\n<td width=\"155\">Grosor del papel<\/td>\n<td width=\"306\">0,06\uff5e0,13mm<\/td>\n<\/tr>\n<tr>\n<td width=\"155\">Di\u00e1metro del rollo<\/td>\n<td width=\"306\">\u044450mm(exterior)\/\u044413mm(Interior)<\/td>\n<\/tr>\n<tr>\n<td width=\"155\">M\u00e9todo de carga del papel<\/td>\n<td width=\"306\">Carga f\u00e1cil<\/td>\n<\/tr>\n<tr>\n<td width=\"155\">M\u00e9todo de corte del papel<\/td>\n<td width=\"306\">Arranque manual del papel<\/td>\n<\/tr>\n<tr>\n<td rowspan=\"5\" width=\"107\">Contenido<\/td>\n<td width=\"155\">Car\u00e1cter occidental<\/td>\n<td width=\"306\">12\u00d724,9\u00d724, varios idiomas opcionales<\/td>\n<\/tr>\n<tr>\n<td width=\"155\">Car\u00e1cter chino<\/td>\n<td width=\"306\">GB18030, 24\u00d724<\/td>\n<\/tr>\n<tr>\n<td rowspan=\"2\" width=\"155\">C\u00f3digo de barras<\/td>\n<td width=\"306\">1D: UPC-A\/ UPC-E\/ EAN-13\/ EAN-8\/ CODE39\/ ITF25 \/CODABAR\/ CODE93\/ CODE128<\/td>\n<\/tr>\n<tr>\n<td width=\"306\">2D: PDF417\u3001C\u00f3digo QR\u3001Matriz de datos<\/td>\n<\/tr>\n<tr>\n<td width=\"155\">Car\u00e1cter dise\u00f1ado por el usuario, BMP<\/td>\n<td width=\"306\">Ayuda<\/td>\n<\/tr>\n<tr>\n<td width=\"107\">Detecci\u00f3n<\/td>\n<td width=\"155\"><\/td>\n<td width=\"306\">Alarma por zumbador, papel agotado, alimentaci\u00f3n y sobrecalentamiento, detecci\u00f3n de marcas negras, modo de espera autom\u00e1tico<\/td>\n<\/tr>\n<tr>\n<td rowspan=\"3\" width=\"107\">Interfaz persona-ordenador<\/td>\n<td width=\"155\">Bot\u00f3n<\/td>\n<td width=\"306\">POWER,FEED y MODE<\/td>\n<\/tr>\n<tr>\n<td width=\"155\">Indicaci\u00f3n LED<\/td>\n<td width=\"306\">2<\/td>\n<\/tr>\n<tr>\n<td width=\"155\">Mostrar contenido<\/td>\n<td width=\"306\">Estado de la impresora (serie, impresi\u00f3n, papel agotado, error, alimentaci\u00f3n)<\/td>\n<\/tr>\n<tr>\n<td rowspan=\"2\" width=\"107\">Interfaz<\/td>\n<td width=\"155\">Alambre<\/td>\n<td width=\"306\">RS232 serie+USB<\/td>\n<\/tr>\n<tr>\n<td width=\"155\">Inal\u00e1mbrico<\/td>\n<td width=\"306\">Bluetooth<\/td>\n<\/tr>\n<tr>\n<td width=\"107\">Actualizar<\/td>\n<td width=\"155\">Actualizaci\u00f3n del firmware<\/td>\n<td width=\"306\">por USB<\/td>\n<\/tr>\n<tr>\n<td rowspan=\"6\" width=\"107\">Potencia<\/td>\n<td width=\"155\">Cargador<\/td>\n<td width=\"306\">12V\/2A<\/td>\n<\/tr>\n<tr>\n<td width=\"155\">Bater\u00eda<\/td>\n<td width=\"306\">N\/A<\/td>\n<\/tr>\n<tr>\n<td width=\"155\">Tiempo de carga<\/td>\n<td width=\"306\">N\/A<\/td>\n<\/tr>\n<tr>\n<td width=\"155\">Duraci\u00f3n de impresi\u00f3n de la bater\u00eda<\/td>\n<td width=\"306\">N\/A<\/td>\n<\/tr>\n<tr>\n<td width=\"155\">Duraci\u00f3n de la bater\u00eda en espera<\/td>\n<td width=\"306\">N\/A<\/td>\n<\/tr>\n<tr>\n<td width=\"155\">Alarma de potencia<\/td>\n<td width=\"306\">N\/A<\/td>\n<\/tr>\n<tr>\n<td rowspan=\"4\" width=\"107\">Software (opcional)<\/td>\n<td width=\"155\">Comando<\/td>\n<td width=\"306\">ESC\/POS<\/td>\n<\/tr>\n<tr>\n<td width=\"155\">Conductor<\/td>\n<td width=\"306\">Windows \/LINUX de 32 y 64 bits<\/td>\n<\/tr>\n<tr>\n<td width=\"155\">SDK<\/td>\n<td width=\"306\">WinCE,Windows Mobile, Andriod, IOS<\/td>\n<\/tr>\n<tr>\n<td width=\"155\">Herramienta de ajuste<\/td>\n<td width=\"306\">S\u00ed (descarga de bmp, velocidad en baudios, fuente, velocidad, densidad, contrase\u00f1a, marca negra, configuraci\u00f3n de Bluetooth)<\/td>\n<\/tr>\n<tr>\n<td rowspan=\"6\" width=\"107\">caracter\u00edsticas f\u00edsicas<\/td>\n<td width=\"155\">Funcionamiento<\/td>\n<td width=\"306\">0\uff5e50\u2103\/10\uff5e80\uff05<\/td>\n<\/tr>\n<tr>\n<td width=\"155\">Almacenamiento<\/td>\n<td width=\"306\">-20\uff5e60\u2103\/10\uff5e90\uff05<\/td>\n<\/tr>\n<tr>\n<td width=\"155\">Drop-off<\/td>\n<td width=\"306\">1.5m<\/td>\n<\/tr>\n<tr>\n<td width=\"155\">Norma IP<\/td>\n<td width=\"306\">IP54<\/td>\n<\/tr>\n<tr>\n<td width=\"155\">Dimensi\u00f3n<\/td>\n<td width=\"306\">130x120x57mm<\/td>\n<\/tr>\n<tr>\n<td width=\"155\">Peso<\/td>\n<td width=\"306\">600 g aprox.<\/td>\n<\/tr>\n<tr>\n<td width=\"107\">Fiabilidad<\/td>\n<td width=\"155\">THP<\/td>\n<td width=\"306\">100 km<\/td>\n<\/tr>\n<tr>\n<td rowspan=\"2\" width=\"107\">Accesorios<\/td>\n<td width=\"155\">Est\u00e1ndar<\/td>\n<td width=\"306\">Papel, adaptador de corriente, cable serie<\/td>\n<\/tr>\n<tr>\n<td width=\"155\">Opci\u00f3n<\/td>\n<td width=\"306\">Cargador de reserva, CD-ROM, cable USB<\/td>\n<\/tr>\n<\/tbody>\n<\/table>\n<div class=\"\"><a href=\"https:\/\/bizautom.com\/wp-content\/uploads\/2023\/07\/PS-35_Manual.pdf\" target=\"_blank\" class=\"emd_dl_red_darker\">Manual de instrucciones<\/a><\/div>    <style>            \r\n    .emd_dl_red_darker {\r\n        -moz-box-shadow:inset 0px 1px 0px 0px #f5978e;\r\n        -webkit-box-shadow:inset 0px 1px 0px 0px #f5978e;\r\n        box-shadow:inset 0px 1px 0px 0px #f5978e;\r\n        background:-webkit-gradient( linear, left top, left bottom, color-stop(0.05, #f24537), color-stop(1, #c62d1f) );\r\n        background:-moz-linear-gradient( center top, #f24537 5%, #c62d1f 100% );\r\n        filter:progid:DXImageTransform.Microsoft.gradient(startColorstr='#f24537', endColorstr='#c62d1f');\r\n        background-color:#f24537;\r\n        -webkit-border-top-left-radius:0px;\r\n        -moz-border-radius-topleft:0px;\r\n        border-top-left-radius:0px;\r\n        -webkit-border-top-right-radius:0px;\r\n        -moz-border-radius-topright:0px;\r\n        border-top-right-radius:0px;\r\n        -webkit-border-bottom-right-radius:0px;\r\n        -moz-border-radius-bottomright:0px;\r\n        border-bottom-right-radius:0px;\r\n        -webkit-border-bottom-left-radius:0px;\r\n        -moz-border-radius-bottomleft:0px;\r\n        border-bottom-left-radius:0px;\r\n        text-indent:0;\r\n        border:1px solid #d02718;\r\n        display:inline-block;\r\n        color:#ffffff !important;\r\n        font-family:Georgia;\r\n        font-size:15px;\r\n        font-weight:bold;\r\n        font-style:normal;\r\n        height:41px;\r\n        line-height:41px;\r\n        width:180px;\r\n        text-decoration:none;\r\n        text-align:center;\r\n        text-shadow:1px 1px 0px #810e05;\r\n    }\r\n    .emd_dl_red_darker:hover {\r\n        background:-webkit-gradient( linear, left top, left bottom, color-stop(0.05, #c62d1f), color-stop(1, #f24537) );\r\n        background:-moz-linear-gradient( center top, #c62d1f 5%, #f24537 100% );\r\n        filter:progid:DXImageTransform.Microsoft.gradient(startColorstr='#c62d1f', endColorstr='#f24537');\r\n        background-color:#c62d1f;\r\n    }.emd_dl_red_darker:active {\r\n        position:relative;\r\n        top:1px;\r\n    }<\/style>","protected":false},"excerpt":{"rendered":"<p>La impresora PS-35 es la m\u00e1s avanzada de nuestra gama. Con solo pulsar un bot\u00f3n, puede imprimir al instante informaci\u00f3n sobre el peso en rollos de papel t\u00e9rmico, etiquetas normales o etiquetas sin soporte con un grosor m\u00ednimo de 0,2 mm.<\/p>","protected":false},"featured_media":1076,"comment_status":"open","ping_status":"closed","template":"","meta":[],"product_brand":[41],"product_cat":[32],"product_tag":[69],"class_list":{"0":"post-1074","1":"product","2":"type-product","3":"status-publish","4":"has-post-thumbnail","6":"product_brand-prime-scales","7":"product_cat-instruments-parts","8":"product_tag-printer","10":"first","11":"instock","12":"taxable","13":"shipping-taxable","14":"product-type-simple"},"yoast_head":"<!-- This site is optimized with the Yoast SEO plugin v27.5 - https:\/\/yoast.com\/product\/yoast-seo-wordpress\/ -->\n<title>Prime Scales PS-35 Thermal Label Printer | Bizautom<\/title>\n<meta name=\"description\" content=\"Enhance efficiency with Prime Scales PS-35 Thermal Label Printer. Fast, reliable, and versatile, it&#039;s the ultimate solution for your labeling needs. Visit us!\" \/>\n<meta name=\"robots\" content=\"index, follow, max-snippet:-1, max-image-preview:large, max-video-preview:-1\" \/>\n<link rel=\"canonical\" href=\"https:\/\/bizautom.com\/es\/producto\/prime-scales-ps-35-thermal-label-paper-serial-printer\/\" \/>\n<meta property=\"og:locale\" content=\"es_MX\" \/>\n<meta property=\"og:type\" content=\"article\" \/>\n<meta property=\"og:title\" content=\"Prime Scales PS-35 Thermal Label Printer | Bizautom\" \/>\n<meta property=\"og:description\" content=\"Enhance efficiency with Prime Scales PS-35 Thermal Label Printer. Fast, reliable, and versatile, it&#039;s the ultimate solution for your labeling needs. Visit us!\" \/>\n<meta property=\"og:url\" content=\"https:\/\/bizautom.com\/es\/producto\/prime-scales-ps-35-thermal-label-paper-serial-printer\/\" \/>\n<meta property=\"og:site_name\" content=\"BizAutom\" \/>\n<meta property=\"article:publisher\" content=\"https:\/\/www.facebook.com\/people\/TINGCHEN-BizAutom\/61565746662873\/\" \/>\n<meta property=\"article:modified_time\" content=\"2026-05-04T19:17:10+00:00\" \/>\n<meta property=\"og:image\" content=\"https:\/\/bizautom.com\/wp-content\/uploads\/2023\/07\/Main.jpg\" \/>\n\t<meta property=\"og:image:width\" content=\"1546\" \/>\n\t<meta property=\"og:image:height\" content=\"1546\" \/>\n\t<meta property=\"og:image:type\" content=\"image\/jpeg\" \/>\n<meta name=\"twitter:card\" content=\"summary_large_image\" \/>\n<meta name=\"twitter:label1\" content=\"Tiempo de lectura\" \/>\n\t<meta name=\"twitter:data1\" content=\"2 minutos\" \/>\n<!-- \/ Yoast SEO plugin. -->","yoast_head_json":{"title":"Prime Scales PS-35 Thermal Label Printer | Bizautom","description":"Enhance efficiency with Prime Scales PS-35 Thermal Label Printer. Fast, reliable, and versatile, it's the ultimate solution for your labeling needs. Visit us!","robots":{"index":"index","follow":"follow","max-snippet":"max-snippet:-1","max-image-preview":"max-image-preview:large","max-video-preview":"max-video-preview:-1"},"canonical":"https:\/\/bizautom.com\/es\/producto\/prime-scales-ps-35-thermal-label-paper-serial-printer\/","og_locale":"es_MX","og_type":"article","og_title":"Prime Scales PS-35 Thermal Label Printer | Bizautom","og_description":"Enhance efficiency with Prime Scales PS-35 Thermal Label Printer. Fast, reliable, and versatile, it's the ultimate solution for your labeling needs. Visit us!","og_url":"https:\/\/bizautom.com\/es\/producto\/prime-scales-ps-35-thermal-label-paper-serial-printer\/","og_site_name":"BizAutom","article_publisher":"https:\/\/www.facebook.com\/people\/TINGCHEN-BizAutom\/61565746662873\/","article_modified_time":"2026-05-04T19:17:10+00:00","og_image":[{"width":1546,"height":1546,"url":"https:\/\/bizautom.com\/wp-content\/uploads\/2023\/07\/Main.jpg","type":"image\/jpeg"}],"twitter_card":"summary_large_image","twitter_misc":{"Tiempo de lectura":"2 minutos"},"schema":{"@context":"https:\/\/schema.org","@graph":[{"@type":"WebPage","@id":"https:\/\/bizautom.com\/product\/prime-scales-ps-35-thermal-label-paper-serial-printer\/","url":"https:\/\/bizautom.com\/product\/prime-scales-ps-35-thermal-label-paper-serial-printer\/","name":"Prime Scales PS-35 Thermal Label Printer | Bizautom","isPartOf":{"@id":"https:\/\/bizautom.com\/#website"},"primaryImageOfPage":{"@id":"https:\/\/bizautom.com\/product\/prime-scales-ps-35-thermal-label-paper-serial-printer\/#primaryimage"},"image":{"@id":"https:\/\/bizautom.com\/product\/prime-scales-ps-35-thermal-label-paper-serial-printer\/#primaryimage"},"thumbnailUrl":"https:\/\/bizautom.com\/wp-content\/uploads\/2023\/07\/Main.jpg","datePublished":"2023-07-31T20:31:11+00:00","dateModified":"2026-05-04T19:17:10+00:00","description":"Enhance efficiency with Prime Scales PS-35 Thermal Label Printer. Fast, reliable, and versatile, it's the ultimate solution for your labeling needs. Visit us!","breadcrumb":{"@id":"https:\/\/bizautom.com\/product\/prime-scales-ps-35-thermal-label-paper-serial-printer\/#breadcrumb"},"inLanguage":"es","potentialAction":[{"@type":"ReadAction","target":["https:\/\/bizautom.com\/product\/prime-scales-ps-35-thermal-label-paper-serial-printer\/"]}]},{"@type":"ImageObject","inLanguage":"es","@id":"https:\/\/bizautom.com\/product\/prime-scales-ps-35-thermal-label-paper-serial-printer\/#primaryimage","url":"https:\/\/bizautom.com\/wp-content\/uploads\/2023\/07\/Main.jpg","contentUrl":"https:\/\/bizautom.com\/wp-content\/uploads\/2023\/07\/Main.jpg","width":1546,"height":1546},{"@type":"BreadcrumbList","@id":"https:\/\/bizautom.com\/product\/prime-scales-ps-35-thermal-label-paper-serial-printer\/#breadcrumb","itemListElement":[{"@type":"ListItem","position":1,"name":"Home","item":"https:\/\/bizautom.com\/"},{"@type":"ListItem","position":2,"name":"Shop","item":"https:\/\/bizautom.com\/shop-2\/"},{"@type":"ListItem","position":3,"name":"Prime Scales PS-35 Thermal Label \/ Paper Serial Printer"}]},{"@type":"WebSite","@id":"https:\/\/bizautom.com\/#website","url":"https:\/\/bizautom.com\/","name":"BizAutom","description":"R\u00e1pido. Preciso. Inteligente.","publisher":{"@id":"https:\/\/bizautom.com\/#organization"},"potentialAction":[{"@type":"SearchAction","target":{"@type":"EntryPoint","urlTemplate":"https:\/\/bizautom.com\/?s={search_term_string}"},"query-input":{"@type":"PropertyValueSpecification","valueRequired":true,"valueName":"search_term_string"}}],"inLanguage":"es"},{"@type":"Organization","@id":"https:\/\/bizautom.com\/#organization","name":"BizAutom","url":"https:\/\/bizautom.com\/","logo":{"@type":"ImageObject","inLanguage":"es","@id":"https:\/\/bizautom.com\/#\/schema\/logo\/image\/","url":"https:\/\/bizautom.com\/wp-content\/uploads\/2025\/04\/BizAutom_Logo_1.webp","contentUrl":"https:\/\/bizautom.com\/wp-content\/uploads\/2025\/04\/BizAutom_Logo_1.webp","width":455,"height":326,"caption":"BizAutom"},"image":{"@id":"https:\/\/bizautom.com\/#\/schema\/logo\/image\/"},"sameAs":["https:\/\/www.facebook.com\/people\/TINGCHEN-BizAutom\/61565746662873\/"]}]}},"jetpack-related-posts":[{"id":3127,"url":"https:\/\/bizautom.com\/es\/producto\/prime-scales-ps-45-wide-format-thermal-label-paper-serial-printer\/","url_meta":{"origin":1074,"position":0},"title":"Prime Scales PS-45 Impresora t\u00e9rmica de gran formato de etiquetas \/ papel en serie","author":"admin","date":"marzo 30, 2025","format":false,"excerpt":"La PS-45 es nuestra impresora de formato m\u00e1s ancho, que ofrece impresiones instant\u00e1neas con s\u00f3lo pulsar un bot\u00f3n. Imprime sin esfuerzo datos de peso, texto, c\u00f3digos de barras, c\u00f3digos QR y n\u00fameros de serie en rollos de papel t\u00e9rmico, etiquetas est\u00e1ndar o etiquetas continuas de hasta 4,5\" de ancho.","rel":"","context":"Entrada similar ","block_context":{"text":"Entrada similar ","link":""},"img":{"alt_text":"","src":"https:\/\/i0.wp.com\/bizautom.com\/wp-content\/uploads\/2025\/03\/PS-45.jpg?resize=350%2C200&ssl=1","width":350,"height":200,"srcset":"https:\/\/i0.wp.com\/bizautom.com\/wp-content\/uploads\/2025\/03\/PS-45.jpg?resize=350%2C200&ssl=1 1x, https:\/\/i0.wp.com\/bizautom.com\/wp-content\/uploads\/2025\/03\/PS-45.jpg?resize=525%2C300&ssl=1 1.5x, https:\/\/i0.wp.com\/bizautom.com\/wp-content\/uploads\/2025\/03\/PS-45.jpg?resize=700%2C400&ssl=1 2x, https:\/\/i0.wp.com\/bizautom.com\/wp-content\/uploads\/2025\/03\/PS-45.jpg?resize=1050%2C600&ssl=1 3x, https:\/\/i0.wp.com\/bizautom.com\/wp-content\/uploads\/2025\/03\/PS-45.jpg?resize=1400%2C800&ssl=1 4x"},"classes":[]},{"id":2035,"url":"https:\/\/bizautom.com\/es\/producto\/prime-systems-ps-k120s-g3-semi-automatic-stretch-wrap-machine-with-weight-and-height-measurement-and-printer\/","url_meta":{"origin":1074,"position":1},"title":"Prime Systems PS-K120S G3 Enfardadora semiautom\u00e1tica con medici\u00f3n de peso y altura e impresora","author":"admin","date":"marzo 2, 2025","format":false,"excerpt":"Enhance Your Shipping Efficiency & Cut Costs with the Prime Systems PS-K120S G3!","rel":"","context":"Entrada similar ","block_context":{"text":"Entrada similar ","link":""},"img":{"alt_text":"","src":"https:\/\/i0.wp.com\/bizautom.com\/wp-content\/uploads\/2025\/03\/K120S-G3.jpg?resize=350%2C200&ssl=1","width":350,"height":200,"srcset":"https:\/\/i0.wp.com\/bizautom.com\/wp-content\/uploads\/2025\/03\/K120S-G3.jpg?resize=350%2C200&ssl=1 1x, https:\/\/i0.wp.com\/bizautom.com\/wp-content\/uploads\/2025\/03\/K120S-G3.jpg?resize=525%2C300&ssl=1 1.5x, https:\/\/i0.wp.com\/bizautom.com\/wp-content\/uploads\/2025\/03\/K120S-G3.jpg?resize=700%2C400&ssl=1 2x, https:\/\/i0.wp.com\/bizautom.com\/wp-content\/uploads\/2025\/03\/K120S-G3.jpg?resize=1050%2C600&ssl=1 3x, https:\/\/i0.wp.com\/bizautom.com\/wp-content\/uploads\/2025\/03\/K120S-G3.jpg?resize=1400%2C800&ssl=1 4x"},"classes":[]},{"id":1024,"url":"https:\/\/bizautom.com\/es\/producto\/prime-scales-ps-in202ss-stainless-steel-ntep-indicator-trade-legal\/","url_meta":{"origin":1074,"position":2},"title":"Prime Scales PS-IN202SS Indicador NTEP de acero inoxidable - Trade Legal","author":"admin","date":"julio 20, 2023","format":false,"excerpt":"The Prime PS-IN202SS indicator stands as a Legal For Trade (NTEP approved) device, equipped with serial output compatibility for printers or PCs. Encased in a robust 304 stainless steel enclosure with an IP-67 waterproof rating, it guarantees durability and protection. Renowned as the top choice for floor scales, small truck\u2026","rel":"","context":"Entrada similar ","block_context":{"text":"Entrada similar ","link":""},"img":{"alt_text":"prime scales ps-in202","src":"https:\/\/i0.wp.com\/bizautom.com\/wp-content\/uploads\/2023\/07\/PS-IN202SS.jpg?resize=350%2C200&ssl=1","width":350,"height":200,"srcset":"https:\/\/i0.wp.com\/bizautom.com\/wp-content\/uploads\/2023\/07\/PS-IN202SS.jpg?resize=350%2C200&ssl=1 1x, https:\/\/i0.wp.com\/bizautom.com\/wp-content\/uploads\/2023\/07\/PS-IN202SS.jpg?resize=525%2C300&ssl=1 1.5x, https:\/\/i0.wp.com\/bizautom.com\/wp-content\/uploads\/2023\/07\/PS-IN202SS.jpg?resize=700%2C400&ssl=1 2x, https:\/\/i0.wp.com\/bizautom.com\/wp-content\/uploads\/2023\/07\/PS-IN202SS.jpg?resize=1050%2C600&ssl=1 3x, https:\/\/i0.wp.com\/bizautom.com\/wp-content\/uploads\/2023\/07\/PS-IN202SS.jpg?resize=1400%2C800&ssl=1 4x"},"classes":[]},{"id":4337,"url":"https:\/\/bizautom.com\/es\/producto\/bizautom-cubeweigh-dimensioner-and-scale-system\/","url_meta":{"origin":1074,"position":3},"title":"Dimensionador y balanza BizAutom BA-CBW CubeWeigh","author":"admin","date":"junio 10, 2025","format":false,"excerpt":"Eficaz. Preciso. Integrado.","rel":"","context":"Entrada similar ","block_context":{"text":"Entrada similar ","link":""},"img":{"alt_text":"","src":"https:\/\/i0.wp.com\/bizautom.com\/wp-content\/uploads\/2025\/06\/CubeWeigh.jpg?resize=350%2C200&ssl=1","width":350,"height":200,"srcset":"https:\/\/i0.wp.com\/bizautom.com\/wp-content\/uploads\/2025\/06\/CubeWeigh.jpg?resize=350%2C200&ssl=1 1x, https:\/\/i0.wp.com\/bizautom.com\/wp-content\/uploads\/2025\/06\/CubeWeigh.jpg?resize=525%2C300&ssl=1 1.5x, https:\/\/i0.wp.com\/bizautom.com\/wp-content\/uploads\/2025\/06\/CubeWeigh.jpg?resize=700%2C400&ssl=1 2x, https:\/\/i0.wp.com\/bizautom.com\/wp-content\/uploads\/2025\/06\/CubeWeigh.jpg?resize=1050%2C600&ssl=1 3x, https:\/\/i0.wp.com\/bizautom.com\/wp-content\/uploads\/2025\/06\/CubeWeigh.jpg?resize=1400%2C800&ssl=1 4x"},"classes":[]},{"id":957,"url":"https:\/\/bizautom.com\/es\/producto\/prime-scales-ps-in202-digital-indicator-with-rs232-signal-output\/","url_meta":{"origin":1074,"position":4},"title":"Prime Scales PS-IN202 Indicador digital con salida de se\u00f1al RS232","author":"admin","date":"julio 18, 2023","format":false,"excerpt":"Tanto si actualmente necesita un indicador b\u00e1sico como si prev\u00e9 la necesidad de conectar su b\u00e1scula con la red BizAutom en el futuro, el PS-IN202 es una opci\u00f3n ideal.","rel":"","context":"Entrada similar ","block_context":{"text":"Entrada similar ","link":""},"img":{"alt_text":"","src":"https:\/\/i0.wp.com\/bizautom.com\/wp-content\/uploads\/2023\/07\/PS-IN202.jpg?resize=350%2C200&ssl=1","width":350,"height":200,"srcset":"https:\/\/i0.wp.com\/bizautom.com\/wp-content\/uploads\/2023\/07\/PS-IN202.jpg?resize=350%2C200&ssl=1 1x, https:\/\/i0.wp.com\/bizautom.com\/wp-content\/uploads\/2023\/07\/PS-IN202.jpg?resize=525%2C300&ssl=1 1.5x, https:\/\/i0.wp.com\/bizautom.com\/wp-content\/uploads\/2023\/07\/PS-IN202.jpg?resize=700%2C400&ssl=1 2x"},"classes":[]},{"id":2031,"url":"https:\/\/bizautom.com\/es\/producto\/bizautom-pi-ii-scale-the-ultimate-round-weighing-solution\/","url_meta":{"origin":1074,"position":5},"title":"B\u00e1scula BizAutom PI-II: La soluci\u00f3n definitiva para el pesaje redondo","author":"admin","date":"febrero 28, 2025","format":false,"excerpt":"Introducing the BizAutom PI-II Scale \u2013 a game-changing innovation for modern weighing applications. Designed with versatility, efficiency, and durability in mind, the PI-II Scale is the perfect solution for operations requiring seamless integration with turntable stretch wrappers or as a standalone floor scale.","rel":"","context":"Entrada similar ","block_context":{"text":"Entrada similar ","link":""},"img":{"alt_text":"","src":"https:\/\/i0.wp.com\/bizautom.com\/wp-content\/uploads\/2025\/02\/PIPS-IN202SSP.jpg?resize=350%2C200&ssl=1","width":350,"height":200,"srcset":"https:\/\/i0.wp.com\/bizautom.com\/wp-content\/uploads\/2025\/02\/PIPS-IN202SSP.jpg?resize=350%2C200&ssl=1 1x, https:\/\/i0.wp.com\/bizautom.com\/wp-content\/uploads\/2025\/02\/PIPS-IN202SSP.jpg?resize=525%2C300&ssl=1 1.5x, https:\/\/i0.wp.com\/bizautom.com\/wp-content\/uploads\/2025\/02\/PIPS-IN202SSP.jpg?resize=700%2C400&ssl=1 2x, https:\/\/i0.wp.com\/bizautom.com\/wp-content\/uploads\/2025\/02\/PIPS-IN202SSP.jpg?resize=1050%2C600&ssl=1 3x, https:\/\/i0.wp.com\/bizautom.com\/wp-content\/uploads\/2025\/02\/PIPS-IN202SSP.jpg?resize=1400%2C800&ssl=1 4x"},"classes":[]}],"jetpack_sharing_enabled":true,"_links":{"self":[{"href":"https:\/\/bizautom.com\/es\/wp-json\/wp\/v2\/product\/1074","targetHints":{"allow":["GET"]}}],"collection":[{"href":"https:\/\/bizautom.com\/es\/wp-json\/wp\/v2\/product"}],"about":[{"href":"https:\/\/bizautom.com\/es\/wp-json\/wp\/v2\/types\/product"}],"replies":[{"embeddable":true,"href":"https:\/\/bizautom.com\/es\/wp-json\/wp\/v2\/comments?post=1074"}],"version-history":[{"count":2,"href":"https:\/\/bizautom.com\/es\/wp-json\/wp\/v2\/product\/1074\/revisions"}],"predecessor-version":[{"id":5853,"href":"https:\/\/bizautom.com\/es\/wp-json\/wp\/v2\/product\/1074\/revisions\/5853"}],"wp:featuredmedia":[{"embeddable":true,"href":"https:\/\/bizautom.com\/es\/wp-json\/wp\/v2\/media\/1076"}],"wp:attachment":[{"href":"https:\/\/bizautom.com\/es\/wp-json\/wp\/v2\/media?parent=1074"}],"wp:term":[{"taxonomy":"product_brand","embeddable":true,"href":"https:\/\/bizautom.com\/es\/wp-json\/wp\/v2\/product_brand?post=1074"},{"taxonomy":"product_cat","embeddable":true,"href":"https:\/\/bizautom.com\/es\/wp-json\/wp\/v2\/product_cat?post=1074"},{"taxonomy":"product_tag","embeddable":true,"href":"https:\/\/bizautom.com\/es\/wp-json\/wp\/v2\/product_tag?post=1074"}],"curies":[{"name":"wp","href":"https:\/\/api.w.org\/{rel}","templated":true}]}}