{"id":1172,"date":"2023-12-29T07:30:44","date_gmt":"2023-12-29T07:30:44","guid":{"rendered":"https:\/\/bizautom.com\/?post_type=product&#038;p=1172"},"modified":"2025-04-11T18:07:41","modified_gmt":"2025-04-11T22:07:41","slug":"bizautom-ba-dws2424-laser-dimensional-scale-500x0-1lb-cap-with-printer-software","status":"publish","type":"product","link":"https:\/\/bizautom.com\/es\/producto\/bizautom-ba-dws2424-laser-dimensional-scale-500x0-1lb-cap-with-printer-software\/","title":{"rendered":"BizAutom BA-DS2424 B\u00e1scula dimensional l\u00e1ser 500\u00d70.1lb Cap. con c\u00e1mara, esc\u00e1ner, impresora y software"},"content":{"rendered":"<p><span style=\"font-weight: 400;\">Enviar mercanc\u00edas de forma correcta y asequible es clave para cualquier empresa. Si s\u00f3lo utiliza el peso para fijar los gastos de env\u00edo, puede acabar pagando m\u00e1s, sobre todo por art\u00edculos grandes pero ligeros. Ah\u00ed es donde el <\/span><b>B\u00e1scula dimensional l\u00e1ser BA-DS2424<\/b><span style=\"font-weight: 400;\"> de BizAutom. Le ayuda a ahorrar dinero y mejorar la precisi\u00f3n midiendo tanto el peso como el tama\u00f1o.<\/span><\/p>\n<p><span style=\"font-weight: 400;\">El BA-DS2424 es una herramienta sencilla y asequible que utiliza tecnolog\u00eda l\u00e1ser para medir dimensiones y peso. Tiene una capacidad de 500 lb y una resoluci\u00f3n de 0,1 lb, lo que la hace adecuada para distintos tama\u00f1os de paquetes.<\/span><\/p>\n<h2><b>Por qu\u00e9 es importante el peso dimensional<\/b><\/h2>\n<p><span style=\"font-weight: 400;\">El peso dimensional (peso DIM) es importante a la hora de enviar paquetes porque afecta al coste. Este m\u00e9todo tiene en cuenta tanto el peso como el tama\u00f1o de un paquete para calcular los gastos de env\u00edo.\u00a0<\/span><\/p>\n<p><span style=\"font-weight: 400;\">Ayuda a las empresas a evitar pagar demasiado por art\u00edculos grandes y ligeros. Los transportistas como FedEx y UPS suelen cobrar en funci\u00f3n del peso DIM, por lo que hacerlo bien puede ahorrar dinero.<\/span><\/p>\n<p><span style=\"font-weight: 400;\">La b\u00e1scula l\u00e1ser dimensional ayuda a su negocio calculando el peso DIM con precisi\u00f3n. De esta forma, solo pagar\u00e1 el coste de env\u00edo real en funci\u00f3n tanto del peso como del tama\u00f1o de cada paquete.<\/span><\/p>\n<h2><b>Caracter\u00edstica principal<\/b><\/h2>\n<p><span style=\"font-weight: 400;\">La b\u00e1scula BA-DS2424 tiene muchas caracter\u00edsticas que la convierten en una gran herramienta para las empresas. Estas son las caracter\u00edsticas clave:<\/span><\/p>\n<h3><b>Medici\u00f3n precisa del peso<\/b><\/h3>\n<p><span style=\"font-weight: 400;\">Dispone de c\u00e9lulas de carga de alta calidad que garantizan una medici\u00f3n precisa del peso. Puede pesar paquetes de hasta 500 lb con una resoluci\u00f3n de 0,1 lb. Esto ayuda a calcular con precisi\u00f3n los costes de env\u00edo.<\/span><\/p>\n<h3><b>Tecnolog\u00eda l\u00e1ser para la medici\u00f3n dimensional<\/b><\/h3>\n<p><span style=\"font-weight: 400;\">En lugar de medir manualmente, esta b\u00e1scula utiliza tecnolog\u00eda l\u00e1ser para medir la anchura, profundidad y altura de paquetes de hasta 20\u2033 x 20\u2033 x 30\u2033. Esto ahorra tiempo y elimina el riesgo de error humano.<\/span><\/p>\n<h3><b>C\u00e1lculo instant\u00e1neo del peso dimensional<\/b><\/h3>\n<p><span style=\"font-weight: 400;\">La b\u00e1scula calcula autom\u00e1ticamente el peso dimensional. Basta con introducir las dimensiones y el peso, y el software calcula r\u00e1pidamente el peso dimensional bas\u00e1ndose en las normas del transportista. Esto ayuda a evitar sobrecargos en los env\u00edos.<\/span><\/p>\n<h3><b>Integraci\u00f3n de software f\u00e1cil de usar<\/b><\/h3>\n<p><span style=\"font-weight: 400;\">La b\u00e1scula incluye un software que facilita los env\u00edos. Genera albaranes detallados para cada paquete y almacena los datos digitalmente. Tambi\u00e9n funciona con otras <a href=\"https:\/\/bizautom.com\/es\/categoria-producto\/quality-softwares\/\">sistemas inform\u00e1ticos<\/a> para mejorar el flujo de trabajo y el acceso a los datos.<\/span><\/p>\n<h3><b>Duradero y vers\u00e1til<\/b><\/h3>\n<p><span style=\"font-weight: 400;\">La b\u00e1scula est\u00e1 construida para durar y puede manejar muchos tipos de paquetes. Es perfecta para almacenes, centros de distribuci\u00f3n o comercios minoristas. Ofrece la durabilidad y versatilidad que necesita para realizar env\u00edos.<\/span><\/p>\n<h2><b>Ventajas de la b\u00e1scula BA-DS2424 para su empresa<\/b><\/h2>\n<p><span style=\"font-weight: 400;\">La b\u00e1scula es algo m\u00e1s que un equipo: es una inversi\u00f3n en su negocio. Mejora la precisi\u00f3n y la velocidad de sus env\u00edos. Gracias a la tecnolog\u00eda SCADA, la b\u00e1scula ayuda a reducir costes calculando con precisi\u00f3n el peso dimensional.<\/span><\/p>\n<p><span style=\"font-weight: 400;\">Con esta b\u00e1scula, su empresa puede evitar gastos de env\u00edo adicionales, ahorrar espacio y aumentar la eficacia de los env\u00edos. Se conecta f\u00e1cilmente a su software actual, lo que simplifica la gesti\u00f3n de datos y mejora su flujo de trabajo.<\/span><\/p>\n<h3><b>Principales ventajas<\/b><\/h3>\n<ul>\n<li style=\"font-weight: 400;\" aria-level=\"1\"><b>Ahorre dinero en gastos de env\u00edo: <\/b><span style=\"font-weight: 400;\">Evite recargos con c\u00e1lculos de peso precisos.<\/span><\/li>\n<li style=\"font-weight: 400;\" aria-level=\"1\"><b>F\u00e1cil de usar: <\/b><span style=\"font-weight: 400;\">La tecnolog\u00eda l\u00e1ser y el sencillo software simplifican el proceso.<\/span><\/li>\n<li style=\"font-weight: 400;\" aria-level=\"1\"><b>Aumente la eficiencia:<\/b><span style=\"font-weight: 400;\"> La automatizaci\u00f3n del proceso le permite gestionar m\u00e1s paquetes con menos esfuerzo.<\/span><\/li>\n<li style=\"font-weight: 400;\" aria-level=\"1\"><b>Duradero y fiable:<\/b><span style=\"font-weight: 400;\"> Construido para un uso intensivo, dura mucho tiempo.<\/span><\/li>\n<li style=\"font-weight: 400;\" aria-level=\"1\"><b>Vers\u00e1til: <\/b><span style=\"font-weight: 400;\">Sirve para empresas de todos los tama\u00f1os y de muchos sectores.<\/span><\/li>\n<\/ul>\n<h2><b>Preguntas m\u00e1s frecuentes (FAQ)<\/b><\/h2>\n<ul>\n<li aria-level=\"1\">\n<h3><b>\u00bfQu\u00e9 es el peso dimensional y c\u00f3mo afecta a mis gastos de env\u00edo?<\/b><\/h3>\n<\/li>\n<\/ul>\n<p><span style=\"font-weight: 400;\">Es una forma de calcular los gastos de env\u00edo en funci\u00f3n del tama\u00f1o y el peso del paquete. Le garantiza que pagar\u00e1 por el espacio que ocupa su paquete, no solo por su peso.<\/span><\/p>\n<ul>\n<li aria-level=\"1\">\n<h3><b>\u00bfC\u00f3mo ayuda la b\u00e1scula BA-DS2424 con los gastos de env\u00edo?<\/b><\/h3>\n<\/li>\n<\/ul>\n<p><span style=\"font-weight: 400;\">La b\u00e1scula mide tanto el peso como el tama\u00f1o, calculando el peso dimensional en tiempo real. Esto le ayuda a pagar la cantidad correcta, evitando cargos adicionales.<\/span><\/p>\n<ul>\n<li aria-level=\"1\">\n<h3><b>\u00bfPuede el BA-DS2424 manejar objetos grandes?<\/b><\/h3>\n<\/li>\n<\/ul>\n<p><span style=\"font-weight: 400;\">S\u00ed, puede medir paquetes de hasta 20\u2033 x 20\u2033 x 30\u2033, por lo que sirve tanto para art\u00edculos peque\u00f1os como grandes.<\/span><\/p>\n<ul>\n<li aria-level=\"1\">\n<h3><b>\u00bfEs f\u00e1cil utilizar el software con el BA-DS2424?<\/b><\/h3>\n<\/li>\n<\/ul>\n<p><span style=\"font-weight: 400;\">S\u00ed, el software es sencillo. Calcula autom\u00e1ticamente el peso dimensional y crea tickets de env\u00edo, lo que facilita el proceso.<\/span><\/p>\n<ul>\n<li aria-level=\"1\">\n<h3><b>\u00bfPuedo integrar la b\u00e1scula en mis sistemas actuales?<\/b><\/h3>\n<\/li>\n<\/ul>\n<p><span style=\"font-weight: 400;\">S\u00ed, el software puede conectarse f\u00e1cilmente con sus sistemas actuales, ayud\u00e1ndole a mantener organizados sus datos de env\u00edo.<\/span><\/p>\n<ul>\n<li aria-level=\"1\">\n<h3><b>\u00bfEs duradera esta b\u00e1scula?<\/b><\/h3>\n<\/li>\n<\/ul>\n<p><span style=\"font-weight: 400;\">Esta b\u00e1scula est\u00e1 fabricada para durar y puede soportar entornos de env\u00edo de gran volumen para un uso a largo plazo.<\/span><\/p>\n<h2><b>Comprar ahora<\/b><\/h2>\n<p><span style=\"font-weight: 400;\">La b\u00e1scula l\u00e1ser dimensional BA-DS2424 de BizAutom es perfecta para empresas que desean mejorar la precisi\u00f3n de sus env\u00edos y reducir costes. Utiliza tecnolog\u00eda l\u00e1ser avanzada para determinar el peso y las dimensiones con precisi\u00f3n.\u00a0<\/span><\/p>\n<p><span style=\"font-weight: 400;\">Con un software sencillo y f\u00e1cil de usar, esta b\u00e1scula ayuda a agilizar las operaciones, ahorrar dinero y aumentar la eficacia. Tanto si env\u00eda art\u00edculos peque\u00f1os como grandes, es una forma fiable y rentable de mejorar su proceso de env\u00edo.<\/span><\/p>\n<p>&nbsp;<\/p>\n<div style=\"width: 800px;\" class=\"wp-video\"><video class=\"wp-video-shortcode\" id=\"video-1172-1\" width=\"800\" height=\"450\" preload=\"metadata\" controls=\"controls\"><source type=\"video\/mp4\" src=\"https:\/\/bizautom.com\/wp-content\/uploads\/2023\/12\/Dim-Scale-Introduction.mp4?_=1\" \/><a href=\"https:\/\/bizautom.com\/wp-content\/uploads\/2023\/12\/Dim-Scale-Introduction.mp4\">https:\/\/bizautom.com\/wp-content\/uploads\/2023\/12\/Dim-Scale-Introduction.mp4<\/a><\/video><\/div>","protected":false},"excerpt":{"rendered":"<p>En <strong>BizAutom Balanza l\u00e1ser dimensional<\/strong> est\u00e1 dise\u00f1ada para aportar precisi\u00f3n y eficacia a sus procesos de env\u00edo. Esta innovadora b\u00e1scula combina tecnolog\u00eda avanzada de medici\u00f3n de peso y dimensiones, lo que agiliza la gesti\u00f3n de los costes de env\u00edo y mejora la precisi\u00f3n general.<\/p>","protected":false},"featured_media":1645,"comment_status":"open","ping_status":"closed","template":"","meta":[],"product_brand":[51],"product_cat":[15,30],"product_tag":[81],"class_list":{"0":"post-1172","1":"product","2":"type-product","3":"status-publish","4":"has-post-thumbnail","6":"product_brand-bizautom","7":"product_cat-industrial-equipment","8":"product_cat-industrial-scales","9":"product_tag-dimensional-weight-scale","11":"first","12":"instock","13":"taxable","14":"shipping-taxable","15":"purchasable","16":"product-type-simple"},"yoast_head":"<!-- This site is optimized with the Yoast SEO plugin v27.4 - https:\/\/yoast.com\/product\/yoast-seo-wordpress\/ -->\n<title>BizAutom BA-DWS2424 Laser Dimensional Scale With Printer &amp; SW<\/title>\n<meta name=\"description\" content=\"Experience precision and efficiency with the BizAutom Laser Dimensional Scale, a cost-effective solution designed to optimize your shipping cost management.\" \/>\n<meta name=\"robots\" content=\"index, follow, max-snippet:-1, max-image-preview:large, max-video-preview:-1\" \/>\n<link rel=\"canonical\" href=\"https:\/\/bizautom.com\/es\/producto\/bizautom-ba-dws2424-laser-dimensional-scale-500x0-1lb-cap-with-printer-software\/\" \/>\n<meta property=\"og:locale\" content=\"es_MX\" \/>\n<meta property=\"og:type\" content=\"article\" \/>\n<meta property=\"og:title\" content=\"BizAutom BA-DWS2424 Laser Dimensional Scale With Printer &amp; SW\" \/>\n<meta property=\"og:description\" content=\"Experience precision and efficiency with the BizAutom Laser Dimensional Scale, a cost-effective solution designed to optimize your shipping cost management.\" \/>\n<meta property=\"og:url\" content=\"https:\/\/bizautom.com\/es\/producto\/bizautom-ba-dws2424-laser-dimensional-scale-500x0-1lb-cap-with-printer-software\/\" \/>\n<meta property=\"og:site_name\" content=\"BizAutom\" \/>\n<meta property=\"article:publisher\" content=\"https:\/\/www.facebook.com\/people\/TINGCHEN-BizAutom\/61565746662873\/\" \/>\n<meta property=\"article:modified_time\" content=\"2025-04-11T22:07:41+00:00\" \/>\n<meta property=\"og:image\" content=\"https:\/\/bizautom.com\/wp-content\/uploads\/2023\/12\/BA-DS2424-scaled.jpg\" \/>\n\t<meta property=\"og:image:width\" content=\"2560\" \/>\n\t<meta property=\"og:image:height\" content=\"2560\" \/>\n\t<meta property=\"og:image:type\" content=\"image\/jpeg\" \/>\n<meta name=\"twitter:card\" content=\"summary_large_image\" \/>\n<meta name=\"twitter:label1\" content=\"Tiempo de lectura\" \/>\n\t<meta name=\"twitter:data1\" content=\"4 minutos\" \/>\n<!-- \/ Yoast SEO plugin. -->","yoast_head_json":{"title":"BizAutom BA-DWS2424 Laser Dimensional Scale With Printer & SW","description":"Experience precision and efficiency with the BizAutom Laser Dimensional Scale, a cost-effective solution designed to optimize your shipping cost management.","robots":{"index":"index","follow":"follow","max-snippet":"max-snippet:-1","max-image-preview":"max-image-preview:large","max-video-preview":"max-video-preview:-1"},"canonical":"https:\/\/bizautom.com\/es\/producto\/bizautom-ba-dws2424-laser-dimensional-scale-500x0-1lb-cap-with-printer-software\/","og_locale":"es_MX","og_type":"article","og_title":"BizAutom BA-DWS2424 Laser Dimensional Scale With Printer & SW","og_description":"Experience precision and efficiency with the BizAutom Laser Dimensional Scale, a cost-effective solution designed to optimize your shipping cost management.","og_url":"https:\/\/bizautom.com\/es\/producto\/bizautom-ba-dws2424-laser-dimensional-scale-500x0-1lb-cap-with-printer-software\/","og_site_name":"BizAutom","article_publisher":"https:\/\/www.facebook.com\/people\/TINGCHEN-BizAutom\/61565746662873\/","article_modified_time":"2025-04-11T22:07:41+00:00","og_image":[{"width":2560,"height":2560,"url":"https:\/\/bizautom.com\/wp-content\/uploads\/2023\/12\/BA-DS2424-scaled.jpg","type":"image\/jpeg"}],"twitter_card":"summary_large_image","twitter_misc":{"Tiempo de lectura":"4 minutos"},"schema":{"@context":"https:\/\/schema.org","@graph":[{"@type":"WebPage","@id":"https:\/\/bizautom.com\/product\/bizautom-ba-dws2424-laser-dimensional-scale-500x0-1lb-cap-with-printer-software\/","url":"https:\/\/bizautom.com\/product\/bizautom-ba-dws2424-laser-dimensional-scale-500x0-1lb-cap-with-printer-software\/","name":"BizAutom BA-DWS2424 Laser Dimensional Scale With Printer & SW","isPartOf":{"@id":"https:\/\/bizautom.com\/#website"},"primaryImageOfPage":{"@id":"https:\/\/bizautom.com\/product\/bizautom-ba-dws2424-laser-dimensional-scale-500x0-1lb-cap-with-printer-software\/#primaryimage"},"image":{"@id":"https:\/\/bizautom.com\/product\/bizautom-ba-dws2424-laser-dimensional-scale-500x0-1lb-cap-with-printer-software\/#primaryimage"},"thumbnailUrl":"https:\/\/bizautom.com\/wp-content\/uploads\/2023\/12\/BA-DS2424-scaled.jpg","datePublished":"2023-12-29T07:30:44+00:00","dateModified":"2025-04-11T22:07:41+00:00","description":"Experience precision and efficiency with the BizAutom Laser Dimensional Scale, a cost-effective solution designed to optimize your shipping cost management.","breadcrumb":{"@id":"https:\/\/bizautom.com\/product\/bizautom-ba-dws2424-laser-dimensional-scale-500x0-1lb-cap-with-printer-software\/#breadcrumb"},"inLanguage":"es","potentialAction":[{"@type":"ReadAction","target":["https:\/\/bizautom.com\/product\/bizautom-ba-dws2424-laser-dimensional-scale-500x0-1lb-cap-with-printer-software\/"]}]},{"@type":"ImageObject","inLanguage":"es","@id":"https:\/\/bizautom.com\/product\/bizautom-ba-dws2424-laser-dimensional-scale-500x0-1lb-cap-with-printer-software\/#primaryimage","url":"https:\/\/bizautom.com\/wp-content\/uploads\/2023\/12\/BA-DS2424-scaled.jpg","contentUrl":"https:\/\/bizautom.com\/wp-content\/uploads\/2023\/12\/BA-DS2424-scaled.jpg","width":2560,"height":2560,"caption":"industrial smart scales"},{"@type":"BreadcrumbList","@id":"https:\/\/bizautom.com\/product\/bizautom-ba-dws2424-laser-dimensional-scale-500x0-1lb-cap-with-printer-software\/#breadcrumb","itemListElement":[{"@type":"ListItem","position":1,"name":"Home","item":"https:\/\/bizautom.com\/"},{"@type":"ListItem","position":2,"name":"Shop","item":"https:\/\/bizautom.com\/shop-2\/"},{"@type":"ListItem","position":3,"name":"BizAutom BA-DS2424 Laser Dimensional Scale 500&#215;0.1lb Cap. with Camera, Scanner, Printer &#038; Software"}]},{"@type":"WebSite","@id":"https:\/\/bizautom.com\/#website","url":"https:\/\/bizautom.com\/","name":"BizAutom","description":"R\u00e1pido. Preciso. Inteligente.","publisher":{"@id":"https:\/\/bizautom.com\/#organization"},"potentialAction":[{"@type":"SearchAction","target":{"@type":"EntryPoint","urlTemplate":"https:\/\/bizautom.com\/?s={search_term_string}"},"query-input":{"@type":"PropertyValueSpecification","valueRequired":true,"valueName":"search_term_string"}}],"inLanguage":"es"},{"@type":"Organization","@id":"https:\/\/bizautom.com\/#organization","name":"BizAutom","url":"https:\/\/bizautom.com\/","logo":{"@type":"ImageObject","inLanguage":"es","@id":"https:\/\/bizautom.com\/#\/schema\/logo\/image\/","url":"https:\/\/bizautom.com\/wp-content\/uploads\/2025\/04\/BizAutom_Logo_1.webp","contentUrl":"https:\/\/bizautom.com\/wp-content\/uploads\/2025\/04\/BizAutom_Logo_1.webp","width":455,"height":326,"caption":"BizAutom"},"image":{"@id":"https:\/\/bizautom.com\/#\/schema\/logo\/image\/"},"sameAs":["https:\/\/www.facebook.com\/people\/TINGCHEN-BizAutom\/61565746662873\/"]}]}},"jetpack-related-posts":[{"id":1212,"url":"https:\/\/bizautom.com\/es\/producto\/bizautom-ba-k120s-g4-versatile-stretch-wrap-machine-with-integrated-3-dimensional-weight-scale-and-label-printer\/","url_meta":{"origin":1172,"position":0},"title":"Enfajadora vers\u00e1til BizAutom BA-K120S G4 con b\u00e1scula tridimensional e impresora de etiquetas integradas","author":"admin","date":"enero 22, 2024","format":false,"excerpt":"Presentamos la primera enfardadora del mundo que incorpora una b\u00e1scula de peso tridimensional integrada. Esta vers\u00e1til m\u00e1quina puede envolver, pesar, medir, imprimir y transmitir en una sola operaci\u00f3n, optimizando tanto el tiempo como el ahorro de costes para usted.","rel":"","context":"Entrada similar ","block_context":{"text":"Entrada similar ","link":""},"img":{"alt_text":"","src":"https:\/\/i0.wp.com\/bizautom.com\/wp-content\/uploads\/2024\/01\/BA-K120S-WrappingMachineG4Color.jpg?resize=350%2C200&ssl=1","width":350,"height":200,"srcset":"https:\/\/i0.wp.com\/bizautom.com\/wp-content\/uploads\/2024\/01\/BA-K120S-WrappingMachineG4Color.jpg?resize=350%2C200&ssl=1 1x, https:\/\/i0.wp.com\/bizautom.com\/wp-content\/uploads\/2024\/01\/BA-K120S-WrappingMachineG4Color.jpg?resize=525%2C300&ssl=1 1.5x, https:\/\/i0.wp.com\/bizautom.com\/wp-content\/uploads\/2024\/01\/BA-K120S-WrappingMachineG4Color.jpg?resize=700%2C400&ssl=1 2x"},"classes":[]},{"id":4337,"url":"https:\/\/bizautom.com\/es\/producto\/bizautom-cubeweigh-dimensioner-and-scale-system\/","url_meta":{"origin":1172,"position":1},"title":"Dimensionador y balanza BizAutom BA-CBW CubeWeigh","author":"admin","date":"junio 10, 2025","format":false,"excerpt":"Eficaz. Preciso. Integrado.","rel":"","context":"Entrada similar ","block_context":{"text":"Entrada similar ","link":""},"img":{"alt_text":"","src":"https:\/\/i0.wp.com\/bizautom.com\/wp-content\/uploads\/2025\/06\/CubeWeigh.jpg?resize=350%2C200&ssl=1","width":350,"height":200,"srcset":"https:\/\/i0.wp.com\/bizautom.com\/wp-content\/uploads\/2025\/06\/CubeWeigh.jpg?resize=350%2C200&ssl=1 1x, https:\/\/i0.wp.com\/bizautom.com\/wp-content\/uploads\/2025\/06\/CubeWeigh.jpg?resize=525%2C300&ssl=1 1.5x, https:\/\/i0.wp.com\/bizautom.com\/wp-content\/uploads\/2025\/06\/CubeWeigh.jpg?resize=700%2C400&ssl=1 2x, https:\/\/i0.wp.com\/bizautom.com\/wp-content\/uploads\/2025\/06\/CubeWeigh.jpg?resize=1050%2C600&ssl=1 3x, https:\/\/i0.wp.com\/bizautom.com\/wp-content\/uploads\/2025\/06\/CubeWeigh.jpg?resize=1400%2C800&ssl=1 4x"},"classes":[]},{"id":3763,"url":"https:\/\/bizautom.com\/es\/producto\/ba-ds2424-shipstation-version-automated-shipping-integration-that-saves-big-on-labor\/","url_meta":{"origin":1172,"position":2},"title":"BA-DS2424-Auto - B\u00e1scula dimensional automatizada con integraci\u00f3n de env\u00edo que ahorra mucha mano de obra","author":"admin","date":"abril 8, 2025","format":false,"excerpt":"\ud83d\udee0\ufe0f Ready to Save Time and Labor? If your team is still doing shipping the manual way, it\u2019s time to level up. The BA-DS2424 Shipstation Version can reduce your processing time by over 60% per order, eliminate repetitive data entry, and help your warehouse ship more with fewer hands. Stop\u2026","rel":"","context":"Entrada similar ","block_context":{"text":"Entrada similar ","link":""},"img":{"alt_text":"","src":"https:\/\/i0.wp.com\/bizautom.com\/wp-content\/uploads\/2025\/04\/BA-DS2424-Auto-scaled.webp?resize=350%2C200&ssl=1","width":350,"height":200,"srcset":"https:\/\/i0.wp.com\/bizautom.com\/wp-content\/uploads\/2025\/04\/BA-DS2424-Auto-scaled.webp?resize=350%2C200&ssl=1 1x, https:\/\/i0.wp.com\/bizautom.com\/wp-content\/uploads\/2025\/04\/BA-DS2424-Auto-scaled.webp?resize=525%2C300&ssl=1 1.5x, https:\/\/i0.wp.com\/bizautom.com\/wp-content\/uploads\/2025\/04\/BA-DS2424-Auto-scaled.webp?resize=700%2C400&ssl=1 2x, https:\/\/i0.wp.com\/bizautom.com\/wp-content\/uploads\/2025\/04\/BA-DS2424-Auto-scaled.webp?resize=1050%2C600&ssl=1 3x, https:\/\/i0.wp.com\/bizautom.com\/wp-content\/uploads\/2025\/04\/BA-DS2424-Auto-scaled.webp?resize=1400%2C800&ssl=1 4x"},"classes":[]},{"id":4345,"url":"https:\/\/bizautom.com\/es\/producto\/bizautom-ba-dc130-dual-counting-scale-with-data-storage-and-software-integration\/","url_meta":{"origin":1172,"position":3},"title":"BizAutom BA-DC130 Balanza cuentapiezas doble con almacenamiento de datos e integraci\u00f3n de software","author":"admin","date":"junio 17, 2025","format":false,"excerpt":"The BizAutom BA-DC130 Dual Counting Scale is more than just a counting device\u2014it\u2019s a versatile, smart, and scalable system designed to simplify complex inventory and production tasks. Whether you're counting thousands of small components or managing heavy parts across large platforms, the BA-DC130 delivers the speed, accuracy, and connectivity modern\u2026","rel":"","context":"Entrada similar ","block_context":{"text":"Entrada similar ","link":""},"img":{"alt_text":"","src":"https:\/\/i0.wp.com\/bizautom.com\/wp-content\/uploads\/2025\/06\/DualCountScaleFloorScale.jpg?resize=350%2C200&ssl=1","width":350,"height":200,"srcset":"https:\/\/i0.wp.com\/bizautom.com\/wp-content\/uploads\/2025\/06\/DualCountScaleFloorScale.jpg?resize=350%2C200&ssl=1 1x, https:\/\/i0.wp.com\/bizautom.com\/wp-content\/uploads\/2025\/06\/DualCountScaleFloorScale.jpg?resize=525%2C300&ssl=1 1.5x, https:\/\/i0.wp.com\/bizautom.com\/wp-content\/uploads\/2025\/06\/DualCountScaleFloorScale.jpg?resize=700%2C400&ssl=1 2x, https:\/\/i0.wp.com\/bizautom.com\/wp-content\/uploads\/2025\/06\/DualCountScaleFloorScale.jpg?resize=1050%2C600&ssl=1 3x, https:\/\/i0.wp.com\/bizautom.com\/wp-content\/uploads\/2025\/06\/DualCountScaleFloorScale.jpg?resize=1400%2C800&ssl=1 4x"},"classes":[]},{"id":1575,"url":"https:\/\/bizautom.com\/es\/producto\/bizautom-ba-sbm4-tank-scale-kit-load-cell-module-kit\/","url_meta":{"origin":1172,"position":4},"title":"BizAutom BA-LCM-SB Conjunto de montaje a escala de tanque de silo","author":"admin","date":"septiembre 28, 2024","format":false,"excerpt":"Equip your facility with the BizAutom BA-LCM-SBS Silo Tank Scale Mount Assembly for seamless, accurate weight management, essential for inventory control and production efficiency. This assembly\u2019s robust design and flexible applications make it a reliable choice across diverse sectors, delivering consistent and precise weight data to support your operation\u2019s success.","rel":"","context":"Entrada similar ","block_context":{"text":"Entrada similar ","link":""},"img":{"alt_text":"","src":"https:\/\/i0.wp.com\/bizautom.com\/wp-content\/uploads\/2024\/09\/BA-LCM-SB-scaled.jpg?resize=350%2C200&ssl=1","width":350,"height":200,"srcset":"https:\/\/i0.wp.com\/bizautom.com\/wp-content\/uploads\/2024\/09\/BA-LCM-SB-scaled.jpg?resize=350%2C200&ssl=1 1x, https:\/\/i0.wp.com\/bizautom.com\/wp-content\/uploads\/2024\/09\/BA-LCM-SB-scaled.jpg?resize=525%2C300&ssl=1 1.5x, https:\/\/i0.wp.com\/bizautom.com\/wp-content\/uploads\/2024\/09\/BA-LCM-SB-scaled.jpg?resize=700%2C400&ssl=1 2x, https:\/\/i0.wp.com\/bizautom.com\/wp-content\/uploads\/2024\/09\/BA-LCM-SB-scaled.jpg?resize=1050%2C600&ssl=1 3x, https:\/\/i0.wp.com\/bizautom.com\/wp-content\/uploads\/2024\/09\/BA-LCM-SB-scaled.jpg?resize=1400%2C800&ssl=1 4x"},"classes":[]},{"id":1628,"url":"https:\/\/bizautom.com\/es\/producto\/bizautom-ba-lcm-sb-silo-tank-scale-mount-assembly-kit-4-module-set\/","url_meta":{"origin":1172,"position":5},"title":"BizAutom BA-LCM-SB-4 Kit de montaje a escala de tanque de silo (juego de 4 m\u00f3dulos)","author":"admin","date":"octubre 26, 2024","format":false,"excerpt":"The all-include kit of BizAutom BA-LCM-SB Silo Tank Scale Mount Assembly for seamless, accurate weight management, essential for inventory control and production efficiency. It includes 4 load cell modules, 1 indicator, 1 junction box and other accessories.","rel":"","context":"Entrada similar ","block_context":{"text":"Entrada similar ","link":""},"img":{"alt_text":"","src":"https:\/\/i0.wp.com\/bizautom.com\/wp-content\/uploads\/2024\/09\/LoadcellModules-1-scaled.jpg?resize=350%2C200&ssl=1","width":350,"height":200,"srcset":"https:\/\/i0.wp.com\/bizautom.com\/wp-content\/uploads\/2024\/09\/LoadcellModules-1-scaled.jpg?resize=350%2C200&ssl=1 1x, https:\/\/i0.wp.com\/bizautom.com\/wp-content\/uploads\/2024\/09\/LoadcellModules-1-scaled.jpg?resize=525%2C300&ssl=1 1.5x, https:\/\/i0.wp.com\/bizautom.com\/wp-content\/uploads\/2024\/09\/LoadcellModules-1-scaled.jpg?resize=700%2C400&ssl=1 2x, https:\/\/i0.wp.com\/bizautom.com\/wp-content\/uploads\/2024\/09\/LoadcellModules-1-scaled.jpg?resize=1050%2C600&ssl=1 3x, https:\/\/i0.wp.com\/bizautom.com\/wp-content\/uploads\/2024\/09\/LoadcellModules-1-scaled.jpg?resize=1400%2C800&ssl=1 4x"},"classes":[]}],"jetpack_sharing_enabled":true,"_links":{"self":[{"href":"https:\/\/bizautom.com\/es\/wp-json\/wp\/v2\/product\/1172","targetHints":{"allow":["GET"]}}],"collection":[{"href":"https:\/\/bizautom.com\/es\/wp-json\/wp\/v2\/product"}],"about":[{"href":"https:\/\/bizautom.com\/es\/wp-json\/wp\/v2\/types\/product"}],"replies":[{"embeddable":true,"href":"https:\/\/bizautom.com\/es\/wp-json\/wp\/v2\/comments?post=1172"}],"version-history":[{"count":4,"href":"https:\/\/bizautom.com\/es\/wp-json\/wp\/v2\/product\/1172\/revisions"}],"predecessor-version":[{"id":4150,"href":"https:\/\/bizautom.com\/es\/wp-json\/wp\/v2\/product\/1172\/revisions\/4150"}],"wp:featuredmedia":[{"embeddable":true,"href":"https:\/\/bizautom.com\/es\/wp-json\/wp\/v2\/media\/1645"}],"wp:attachment":[{"href":"https:\/\/bizautom.com\/es\/wp-json\/wp\/v2\/media?parent=1172"}],"wp:term":[{"taxonomy":"product_brand","embeddable":true,"href":"https:\/\/bizautom.com\/es\/wp-json\/wp\/v2\/product_brand?post=1172"},{"taxonomy":"product_cat","embeddable":true,"href":"https:\/\/bizautom.com\/es\/wp-json\/wp\/v2\/product_cat?post=1172"},{"taxonomy":"product_tag","embeddable":true,"href":"https:\/\/bizautom.com\/es\/wp-json\/wp\/v2\/product_tag?post=1172"}],"curies":[{"name":"wp","href":"https:\/\/api.w.org\/{rel}","templated":true}]}}