{"id":1178,"date":"2024-01-11T18:42:41","date_gmt":"2024-01-11T18:42:41","guid":{"rendered":"https:\/\/bizautom.com\/?post_type=product&#038;p=1178"},"modified":"2025-03-20T17:54:59","modified_gmt":"2025-03-20T21:54:59","slug":"bizautom-anti-bulging-bagging-scale","status":"publish","type":"product","link":"https:\/\/bizautom.com\/es\/producto\/bizautom-anti-bulging-bagging-scale\/","title":{"rendered":"Balanza ensacadora BizAutom Anti-Bulging"},"content":{"rendered":"<p><span style=\"font-weight: 400;\">\u00bfEst\u00e1 cansado de tener que lidiar con bolsas abultadas que son un engorro para apilar y requieren un esfuerzo extra para volver a darles forma? No busque m\u00e1s. BizAutom le ofrece su b\u00e1scula de ensacado antiabultamiento, una soluci\u00f3n revolucionaria para el ensacado eficaz de part\u00edculas.\u00a0<\/span><\/p>\n<p><span style=\"font-weight: 400;\">Nuestra innovadora b\u00e1scula est\u00e1 dise\u00f1ada para mantener la forma de sus bolsas durante el proceso de llenado, lo que elimina la necesidad de volver a dar forma a las bolsas y le ahorra hasta 20% de tiempo de funcionamiento. Con nuestra b\u00e1scula, puede aumentar su productividad, reducir los costes de mano de obra y mejorar su proceso general de envasado.<\/span><\/p>\n<p><span style=\"font-weight: 400;\">Esta b\u00e1scula est\u00e1 equipada con un sistema de b\u00e1scula integrado que indica al controlador de dosificaci\u00f3n que detenga el llenado una vez que la bolsa est\u00e1 llena. A continuaci\u00f3n, el bastidor superior se inclina para facilitar el sellado. Tras el sellado, basta con deslizar la bolsa hacia fuera para apilarla c\u00f3modamente. Ya no tendr\u00e1 que luchar con bolsas abultadas ni perder el tiempo d\u00e1ndoles nueva forma.<\/span><\/p>\n<h2><b>Integraci\u00f3n perfecta con el controlador de pesaje CT-1<\/b><\/h2>\n<p><span style=\"font-weight: 400;\">Combine nuestra b\u00e1scula ensacadora con nuestro controlador de pesaje CT-1 opcional y dispondr\u00e1 de un completo sistema de dosificaci\u00f3n que se integra sin esfuerzo en cualquier configuraci\u00f3n de dosificaci\u00f3n. Esta vers\u00e1til soluci\u00f3n es perfecta para diversas aplicaciones, proporcion\u00e1ndole la flexibilidad que necesita para agilizar sus operaciones.<\/span><\/p>\n<h2><b>Caracter\u00edsticas principales<\/b><\/h2>\n<p><span style=\"font-weight: 400;\">Estas son algunas de las principales caracter\u00edsticas de nuestra b\u00e1scula antiengrosamiento:<\/span><\/p>\n<ul>\n<li style=\"font-weight: 400;\" aria-level=\"1\"><b>Medici\u00f3n precisa del peso: <\/b><span style=\"font-weight: 400;\">Nuestra b\u00e1scula proporciona mediciones de peso precisas, garantizando que sus bolsas se llenen siempre con el peso correcto.<\/span><\/li>\n<li style=\"font-weight: 400;\" aria-level=\"1\"><b>\u00c1ngulo de inclinaci\u00f3n ajustable:<\/b><span style=\"font-weight: 400;\"> El marco superior puede ajustarse a un \u00e1ngulo de inclinaci\u00f3n de 30-90 grados, lo que facilita el sellado y la extracci\u00f3n de la bolsa.<\/span><\/li>\n<li style=\"font-weight: 400;\" aria-level=\"1\"><b>Construcci\u00f3n duradera: <\/b><span style=\"font-weight: 400;\">Nuestra b\u00e1scula est\u00e1 fabricada para durar, con un armaz\u00f3n resistente y componentes de alta calidad que soportan un uso intensivo.<\/span><\/li>\n<li style=\"font-weight: 400;\" aria-level=\"1\"><b>F\u00e1cil de limpiar:<\/b><span style=\"font-weight: 400;\"> La b\u00e1scula est\u00e1 dise\u00f1ada para facilitar su limpieza, con una superficie lisa y m\u00ednimas hendiduras donde puedan acumularse part\u00edculas.<\/span><\/li>\n<li style=\"font-weight: 400;\" aria-level=\"1\"><b>Opciones de personalizaci\u00f3n: <\/b><span style=\"font-weight: 400;\">Ofrecemos opciones de personalizaci\u00f3n para adaptar nuestra b\u00e1scula a las necesidades espec\u00edficas de su aplicaci\u00f3n.<\/span><\/li>\n<\/ul>\n<h2><b>Aplicaciones<\/b><\/h2>\n<p><span style=\"font-weight: 400;\">Nuestra vers\u00e1til b\u00e1scula ensacadora es un producto innovador que tiene aplicaciones en diversos campos:<\/span><\/p>\n<ul>\n<li style=\"font-weight: 400;\" aria-level=\"1\"><b>Procesado de alimentos: <\/b><span style=\"font-weight: 400;\">Nuestra b\u00e1scula ensacadora es perfecta para aplicaciones de procesamiento de alimentos, incluido el envasado de granos, polvos y otros productos secos.<\/span><\/li>\n<li style=\"font-weight: 400;\" aria-level=\"1\"><b>Productos farmac\u00e9uticos:<\/b><span style=\"font-weight: 400;\"> La balanza BizAutom es ideal para aplicaciones farmac\u00e9uticas, en las que la precisi\u00f3n de las mediciones de peso y la eficacia del envasado son fundamentales.<\/span><\/li>\n<li style=\"font-weight: 400;\" aria-level=\"1\"><b>Productos qu\u00edmicos: <\/b><span style=\"font-weight: 400;\">Nuestra balanza es adecuada para aplicaciones qu\u00edmicas, incluido el envasado de polvos, gr\u00e1nulos y otros productos qu\u00edmicos secos.<\/span><\/li>\n<li style=\"font-weight: 400;\" aria-level=\"1\"><b>Agricultura: <\/b><span style=\"font-weight: 400;\">Nuestra balanza es una gran soluci\u00f3n para aplicaciones agr\u00edcolas, incluido el envasado de semillas, fertilizantes y otros productos secos.<\/span><\/li>\n<\/ul>\n<h2><b>Especificaciones<\/b><\/h2>\n<p><span style=\"font-weight: 400;\">Nuestra b\u00e1scula se ha dise\u00f1ado pensando en la precisi\u00f3n y la eficacia. Estas son las especificaciones clave:<\/span><\/p>\n<ul>\n<li style=\"font-weight: 400;\" aria-level=\"1\"><span style=\"font-weight: 400;\">Tama\u00f1o 24 \"x24<\/span><\/li>\n<li style=\"font-weight: 400;\" aria-level=\"1\"><span style=\"font-weight: 400;\">1000\u00d70,02 libras de capacidad<\/span><\/li>\n<li style=\"font-weight: 400;\" aria-level=\"1\"><span style=\"font-weight: 400;\">\u00c1ngulo de inclinaci\u00f3n de 30-90 grados<\/span><\/li>\n<\/ul>\n<h2><b>Mejore su proceso de embolsado<\/b><\/h2>\n<p><span style=\"font-weight: 400;\">No deje que las bolsas abultadas le frenen m\u00e1s. Actualice su proceso de ensacado con la b\u00e1scula antiabultamiento BizAutom y experimente las ventajas de unas operaciones eficientes y sin complicaciones. Con nuestra soluci\u00f3n creativa, podr\u00e1:<\/span><\/p>\n<ul>\n<li style=\"font-weight: 400;\" aria-level=\"1\"><span style=\"font-weight: 400;\">Ahorra hasta 20% de tiempo de funcionamiento<\/span><\/li>\n<li style=\"font-weight: 400;\" aria-level=\"1\"><span style=\"font-weight: 400;\">Reducir los costes laborales<\/span><\/li>\n<li style=\"font-weight: 400;\" aria-level=\"1\"><span style=\"font-weight: 400;\">Aumentar la productividad<\/span><\/li>\n<li style=\"font-weight: 400;\" aria-level=\"1\"><span style=\"font-weight: 400;\">Mejorar el apilamiento y almacenamiento de bolsas<\/span><\/li>\n<\/ul>\n<h2><b>Preguntas m\u00e1s frecuentes (FAQ)<\/b><\/h2>\n<h3><b>1: \u00bfPuedo personalizar el tama\u00f1o de la b\u00e1scula para adaptarla a mis necesidades espec\u00edficas?<\/b><\/h3>\n<p><span style=\"font-weight: 400;\">S\u00ed, ofrecemos opciones de personalizaci\u00f3n para adaptar la b\u00e1scula a las necesidades espec\u00edficas de su aplicaci\u00f3n.<\/span><\/p>\n<h3><b>2: \u00bfC\u00f3mo evita la b\u00e1scula que se abulten las bolsas?<\/b><\/h3>\n<p><span style=\"font-weight: 400;\">El sistema de b\u00e1scula integrado indica al controlador de dosificaci\u00f3n que detenga el llenado cuando la bolsa est\u00e9 llena, lo que permite inclinar el bastidor superior para facilitar el sellado. Esto evita que la bolsa se abulte y facilita su apilamiento.<\/span><\/p>\n<h3><b>3: \u00bfEs compatible su b\u00e1scula con otros sistemas de dosificaci\u00f3n?<\/b><\/h3>\n<p><span style=\"font-weight: 400;\">S\u00ed, nuestra b\u00e1scula ensacadora se puede emparejar con nuestro controlador de pesaje CT-1 opcional y se integra perfectamente en cualquier configuraci\u00f3n de dosificaci\u00f3n.<\/span><\/p>\n<h3><b>4: \u00bfPuedo utilizar la b\u00e1scula BizAutom para diferentes tipos de part\u00edculas?<\/b><\/h3>\n<p><span style=\"font-weight: 400;\">S\u00ed, nuestra b\u00e1scula est\u00e1 dise\u00f1ada para manipular diversos tipos de part\u00edculas, incluidos polvos, gr\u00e1nulos y m\u00e1s.<\/span><\/p>\n<h3><b>5: \u00bfQu\u00e9 tipo de mantenimiento requiere la b\u00e1scula?<\/b><\/h3>\n<p><span style=\"font-weight: 400;\">Nuestra b\u00e1scula ha sido dise\u00f1ada para que requiera poco mantenimiento y sea f\u00e1cil de limpiar. Basta con limpiarla con un pa\u00f1o h\u00famedo y realizar comprobaciones rutinarias para garantizar un rendimiento \u00f3ptimo.<\/span><\/p>\n<p><span style=\"font-weight: 400;\">Esperamos que haya disfrutado conociendo la b\u00e1scula anti-bolsas abultadas BizAutom. Recuerde, con nuestra innovadora soluci\u00f3n, puede decir adi\u00f3s a las bolsas abultadas y hola a las operaciones eficientes y sin complicaciones. Visite ahora nuestra p\u00e1gina web y consiga la b\u00e1scula que desea.<\/span><\/p>","protected":false},"excerpt":{"rendered":"<p>Are you tired of dealing with bulging bags that are a hassle to stack and require extra effort to reshape? Look no further! BizAutom has its Anti-Bulging Bagging Scale, a game-changing solution for efficient particle bagging.\u00a0 Our innovative scale is designed to maintain the shape of your bags during the filling process, eliminating the need [&hellip;]<\/p>\n","protected":false},"featured_media":1181,"comment_status":"open","ping_status":"closed","template":"","meta":[],"product_brand":[51],"product_cat":[31,15,30],"product_tag":[82],"class_list":{"0":"post-1178","1":"product","2":"type-product","3":"status-publish","4":"has-post-thumbnail","6":"product_brand-bizautom","7":"product_cat-farm-equipment","8":"product_cat-industrial-equipment","9":"product_cat-industrial-scales","10":"product_tag-bagging-scale","12":"first","13":"instock","14":"taxable","15":"shipping-taxable","16":"purchasable","17":"product-type-simple"},"yoast_head":"<!-- This site is optimized with the Yoast SEO plugin v27.4 - https:\/\/yoast.com\/product\/yoast-seo-wordpress\/ -->\n<title>BizAutom Anti-Bulging Bagging Scale | Efficient Weighing<\/title>\n<meta name=\"description\" content=\"Transform your packaging workflow with BizAutom&#039;s anti-bulging bagging scale. Optimize efficiency, accuracy, and product presentation. Visit our website!\" \/>\n<meta name=\"robots\" content=\"index, follow, max-snippet:-1, max-image-preview:large, max-video-preview:-1\" \/>\n<link rel=\"canonical\" href=\"https:\/\/bizautom.com\/es\/producto\/bizautom-anti-bulging-bagging-scale\/\" \/>\n<meta property=\"og:locale\" content=\"es_MX\" \/>\n<meta property=\"og:type\" content=\"article\" \/>\n<meta property=\"og:title\" content=\"BizAutom Anti-Bulging Bagging Scale | Efficient Weighing\" \/>\n<meta property=\"og:description\" content=\"Transform your packaging workflow with BizAutom&#039;s anti-bulging bagging scale. Optimize efficiency, accuracy, and product presentation. Visit our website!\" \/>\n<meta property=\"og:url\" content=\"https:\/\/bizautom.com\/es\/producto\/bizautom-anti-bulging-bagging-scale\/\" \/>\n<meta property=\"og:site_name\" content=\"BizAutom\" \/>\n<meta property=\"article:publisher\" content=\"https:\/\/www.facebook.com\/people\/TINGCHEN-BizAutom\/61565746662873\/\" \/>\n<meta property=\"article:modified_time\" content=\"2025-03-20T21:54:59+00:00\" \/>\n<meta property=\"og:image\" content=\"https:\/\/bizautom.com\/wp-content\/uploads\/2024\/01\/BA-BG2424_Bag-scaled.jpg\" \/>\n\t<meta property=\"og:image:width\" content=\"2560\" \/>\n\t<meta property=\"og:image:height\" content=\"2560\" \/>\n\t<meta property=\"og:image:type\" content=\"image\/jpeg\" \/>\n<meta name=\"twitter:card\" content=\"summary_large_image\" \/>\n<meta name=\"twitter:label1\" content=\"Tiempo de lectura\" \/>\n\t<meta name=\"twitter:data1\" content=\"4 minutos\" \/>\n<!-- \/ Yoast SEO plugin. -->","yoast_head_json":{"title":"BizAutom Anti-Bulging Bagging Scale | Efficient Weighing","description":"Transform your packaging workflow with BizAutom's anti-bulging bagging scale. Optimize efficiency, accuracy, and product presentation. Visit our website!","robots":{"index":"index","follow":"follow","max-snippet":"max-snippet:-1","max-image-preview":"max-image-preview:large","max-video-preview":"max-video-preview:-1"},"canonical":"https:\/\/bizautom.com\/es\/producto\/bizautom-anti-bulging-bagging-scale\/","og_locale":"es_MX","og_type":"article","og_title":"BizAutom Anti-Bulging Bagging Scale | Efficient Weighing","og_description":"Transform your packaging workflow with BizAutom's anti-bulging bagging scale. Optimize efficiency, accuracy, and product presentation. Visit our website!","og_url":"https:\/\/bizautom.com\/es\/producto\/bizautom-anti-bulging-bagging-scale\/","og_site_name":"BizAutom","article_publisher":"https:\/\/www.facebook.com\/people\/TINGCHEN-BizAutom\/61565746662873\/","article_modified_time":"2025-03-20T21:54:59+00:00","og_image":[{"width":2560,"height":2560,"url":"https:\/\/bizautom.com\/wp-content\/uploads\/2024\/01\/BA-BG2424_Bag-scaled.jpg","type":"image\/jpeg"}],"twitter_card":"summary_large_image","twitter_misc":{"Tiempo de lectura":"4 minutos"},"schema":{"@context":"https:\/\/schema.org","@graph":[{"@type":"WebPage","@id":"https:\/\/bizautom.com\/product\/bizautom-anti-bulging-bagging-scale\/","url":"https:\/\/bizautom.com\/product\/bizautom-anti-bulging-bagging-scale\/","name":"BizAutom Anti-Bulging Bagging Scale | Efficient Weighing","isPartOf":{"@id":"https:\/\/bizautom.com\/#website"},"primaryImageOfPage":{"@id":"https:\/\/bizautom.com\/product\/bizautom-anti-bulging-bagging-scale\/#primaryimage"},"image":{"@id":"https:\/\/bizautom.com\/product\/bizautom-anti-bulging-bagging-scale\/#primaryimage"},"thumbnailUrl":"https:\/\/bizautom.com\/wp-content\/uploads\/2024\/01\/BA-BG2424_Bag-scaled.jpg","datePublished":"2024-01-11T18:42:41+00:00","dateModified":"2025-03-20T21:54:59+00:00","description":"Transform your packaging workflow with BizAutom's anti-bulging bagging scale. Optimize efficiency, accuracy, and product presentation. Visit our website!","breadcrumb":{"@id":"https:\/\/bizautom.com\/product\/bizautom-anti-bulging-bagging-scale\/#breadcrumb"},"inLanguage":"es","potentialAction":[{"@type":"ReadAction","target":["https:\/\/bizautom.com\/product\/bizautom-anti-bulging-bagging-scale\/"]}]},{"@type":"ImageObject","inLanguage":"es","@id":"https:\/\/bizautom.com\/product\/bizautom-anti-bulging-bagging-scale\/#primaryimage","url":"https:\/\/bizautom.com\/wp-content\/uploads\/2024\/01\/BA-BG2424_Bag-scaled.jpg","contentUrl":"https:\/\/bizautom.com\/wp-content\/uploads\/2024\/01\/BA-BG2424_Bag-scaled.jpg","width":2560,"height":2560},{"@type":"BreadcrumbList","@id":"https:\/\/bizautom.com\/product\/bizautom-anti-bulging-bagging-scale\/#breadcrumb","itemListElement":[{"@type":"ListItem","position":1,"name":"Home","item":"https:\/\/bizautom.com\/"},{"@type":"ListItem","position":2,"name":"Shop","item":"https:\/\/bizautom.com\/shop-2\/"},{"@type":"ListItem","position":3,"name":"BizAutom Anti-Bulging Bagging Scale"}]},{"@type":"WebSite","@id":"https:\/\/bizautom.com\/#website","url":"https:\/\/bizautom.com\/","name":"BizAutom","description":"R\u00e1pido. Preciso. Inteligente.","publisher":{"@id":"https:\/\/bizautom.com\/#organization"},"potentialAction":[{"@type":"SearchAction","target":{"@type":"EntryPoint","urlTemplate":"https:\/\/bizautom.com\/?s={search_term_string}"},"query-input":{"@type":"PropertyValueSpecification","valueRequired":true,"valueName":"search_term_string"}}],"inLanguage":"es"},{"@type":"Organization","@id":"https:\/\/bizautom.com\/#organization","name":"BizAutom","url":"https:\/\/bizautom.com\/","logo":{"@type":"ImageObject","inLanguage":"es","@id":"https:\/\/bizautom.com\/#\/schema\/logo\/image\/","url":"https:\/\/bizautom.com\/wp-content\/uploads\/2025\/04\/BizAutom_Logo_1.webp","contentUrl":"https:\/\/bizautom.com\/wp-content\/uploads\/2025\/04\/BizAutom_Logo_1.webp","width":455,"height":326,"caption":"BizAutom"},"image":{"@id":"https:\/\/bizautom.com\/#\/schema\/logo\/image\/"},"sameAs":["https:\/\/www.facebook.com\/people\/TINGCHEN-BizAutom\/61565746662873\/"]}]}},"jetpack-related-posts":[{"id":1635,"url":"https:\/\/bizautom.com\/es\/producto\/bizautom-nine-scale-software-comprehensive-real-time-scale-monitoring-solution\/","url_meta":{"origin":1178,"position":0},"title":"Software BizAutom Nine-Scale: Soluci\u00f3n integral de supervisi\u00f3n de escalas en tiempo real","author":"admin","date":"octubre 26, 2024","format":false,"excerpt":"With its user-friendly interface, reliable connectivity options, and highly customizable scale configurations, the BizAutom Nine-Scale Software is a smart investment for businesses looking to enhance operational oversight and control. Ideal for industries where weight tracking and inventory control are critical, this software simplifies complex multi-scale monitoring, allowing you to focus\u2026","rel":"","context":"Entrada similar ","block_context":{"text":"Entrada similar ","link":""},"img":{"alt_text":"","src":"https:\/\/i0.wp.com\/bizautom.com\/wp-content\/uploads\/2024\/10\/ScreenShot-scaled.jpg?resize=350%2C200&ssl=1","width":350,"height":200,"srcset":"https:\/\/i0.wp.com\/bizautom.com\/wp-content\/uploads\/2024\/10\/ScreenShot-scaled.jpg?resize=350%2C200&ssl=1 1x, https:\/\/i0.wp.com\/bizautom.com\/wp-content\/uploads\/2024\/10\/ScreenShot-scaled.jpg?resize=525%2C300&ssl=1 1.5x, https:\/\/i0.wp.com\/bizautom.com\/wp-content\/uploads\/2024\/10\/ScreenShot-scaled.jpg?resize=700%2C400&ssl=1 2x, https:\/\/i0.wp.com\/bizautom.com\/wp-content\/uploads\/2024\/10\/ScreenShot-scaled.jpg?resize=1050%2C600&ssl=1 3x, https:\/\/i0.wp.com\/bizautom.com\/wp-content\/uploads\/2024\/10\/ScreenShot-scaled.jpg?resize=1400%2C800&ssl=1 4x"},"classes":[]},{"id":4337,"url":"https:\/\/bizautom.com\/es\/producto\/bizautom-cubeweigh-dimensioner-and-scale-system\/","url_meta":{"origin":1178,"position":1},"title":"Dimensionador y balanza BizAutom BA-CBW CubeWeigh","author":"admin","date":"junio 10, 2025","format":false,"excerpt":"Eficaz. Preciso. Integrado.","rel":"","context":"Entrada similar ","block_context":{"text":"Entrada similar ","link":""},"img":{"alt_text":"","src":"https:\/\/i0.wp.com\/bizautom.com\/wp-content\/uploads\/2025\/06\/CubeWeigh.jpg?resize=350%2C200&ssl=1","width":350,"height":200,"srcset":"https:\/\/i0.wp.com\/bizautom.com\/wp-content\/uploads\/2025\/06\/CubeWeigh.jpg?resize=350%2C200&ssl=1 1x, https:\/\/i0.wp.com\/bizautom.com\/wp-content\/uploads\/2025\/06\/CubeWeigh.jpg?resize=525%2C300&ssl=1 1.5x, https:\/\/i0.wp.com\/bizautom.com\/wp-content\/uploads\/2025\/06\/CubeWeigh.jpg?resize=700%2C400&ssl=1 2x, https:\/\/i0.wp.com\/bizautom.com\/wp-content\/uploads\/2025\/06\/CubeWeigh.jpg?resize=1050%2C600&ssl=1 3x, https:\/\/i0.wp.com\/bizautom.com\/wp-content\/uploads\/2025\/06\/CubeWeigh.jpg?resize=1400%2C800&ssl=1 4x"},"classes":[]},{"id":2031,"url":"https:\/\/bizautom.com\/es\/producto\/bizautom-pi-ii-scale-the-ultimate-round-weighing-solution\/","url_meta":{"origin":1178,"position":2},"title":"B\u00e1scula BizAutom PI-II: La soluci\u00f3n definitiva para el pesaje redondo","author":"admin","date":"febrero 28, 2025","format":false,"excerpt":"Introducing the BizAutom PI-II Scale \u2013 a game-changing innovation for modern weighing applications. Designed with versatility, efficiency, and durability in mind, the PI-II Scale is the perfect solution for operations requiring seamless integration with turntable stretch wrappers or as a standalone floor scale.","rel":"","context":"Entrada similar ","block_context":{"text":"Entrada similar ","link":""},"img":{"alt_text":"","src":"https:\/\/i0.wp.com\/bizautom.com\/wp-content\/uploads\/2025\/02\/PIPS-IN202SSP.jpg?resize=350%2C200&ssl=1","width":350,"height":200,"srcset":"https:\/\/i0.wp.com\/bizautom.com\/wp-content\/uploads\/2025\/02\/PIPS-IN202SSP.jpg?resize=350%2C200&ssl=1 1x, https:\/\/i0.wp.com\/bizautom.com\/wp-content\/uploads\/2025\/02\/PIPS-IN202SSP.jpg?resize=525%2C300&ssl=1 1.5x, https:\/\/i0.wp.com\/bizautom.com\/wp-content\/uploads\/2025\/02\/PIPS-IN202SSP.jpg?resize=700%2C400&ssl=1 2x, https:\/\/i0.wp.com\/bizautom.com\/wp-content\/uploads\/2025\/02\/PIPS-IN202SSP.jpg?resize=1050%2C600&ssl=1 3x, https:\/\/i0.wp.com\/bizautom.com\/wp-content\/uploads\/2025\/02\/PIPS-IN202SSP.jpg?resize=1400%2C800&ssl=1 4x"},"classes":[]},{"id":1596,"url":"https:\/\/bizautom.com\/es\/producto\/bizautom-livestox-caged-cattle-scale\/","url_meta":{"origin":1178,"position":3},"title":"BizAutom LivestoX Balanza para Ganado en Jaula con Indicador High End","author":"admin","date":"octubre 20, 2024","format":false,"excerpt":"La b\u00e1scula para ganado en jaula BizAutom LivestoX es una inversi\u00f3n esencial para los ganaderos que buscan mejorar sus pr\u00e1cticas de gesti\u00f3n ganadera con tecnolog\u00eda de vanguardia.","rel":"","context":"Entrada similar ","block_context":{"text":"Entrada similar ","link":""},"img":{"alt_text":"","src":"https:\/\/i0.wp.com\/bizautom.com\/wp-content\/uploads\/2024\/10\/LiveStoX202-scaled.jpg?resize=350%2C200&ssl=1","width":350,"height":200,"srcset":"https:\/\/i0.wp.com\/bizautom.com\/wp-content\/uploads\/2024\/10\/LiveStoX202-scaled.jpg?resize=350%2C200&ssl=1 1x, https:\/\/i0.wp.com\/bizautom.com\/wp-content\/uploads\/2024\/10\/LiveStoX202-scaled.jpg?resize=525%2C300&ssl=1 1.5x, https:\/\/i0.wp.com\/bizautom.com\/wp-content\/uploads\/2024\/10\/LiveStoX202-scaled.jpg?resize=700%2C400&ssl=1 2x, https:\/\/i0.wp.com\/bizautom.com\/wp-content\/uploads\/2024\/10\/LiveStoX202-scaled.jpg?resize=1050%2C600&ssl=1 3x, https:\/\/i0.wp.com\/bizautom.com\/wp-content\/uploads\/2024\/10\/LiveStoX202-scaled.jpg?resize=1400%2C800&ssl=1 4x"},"classes":[]},{"id":1522,"url":"https:\/\/bizautom.com\/es\/producto\/bizautom-row-on-weigh-scale-with-hand-rails\/","url_meta":{"origin":1178,"position":4},"title":"B\u00e1scula Roll On BizAutom con ra\u00edles manuales","author":"admin","date":"agosto 29, 2024","format":false,"excerpt":"B\u00e1scula de pesaje BizAutom Row On con ra\u00edles para las manos, meticulosamente dise\u00f1ada para medir con precisi\u00f3n a personas sentadas en distintos tipos de sillas de ruedas, incluidas las el\u00e9ctricas.","rel":"","context":"Entrada similar ","block_context":{"text":"Entrada similar ","link":""},"img":{"alt_text":"","src":"https:\/\/i0.wp.com\/bizautom.com\/wp-content\/uploads\/2024\/08\/BA-WCS-HD_ElectricWheelchair.jpg?resize=350%2C200&ssl=1","width":350,"height":200,"srcset":"https:\/\/i0.wp.com\/bizautom.com\/wp-content\/uploads\/2024\/08\/BA-WCS-HD_ElectricWheelchair.jpg?resize=350%2C200&ssl=1 1x, https:\/\/i0.wp.com\/bizautom.com\/wp-content\/uploads\/2024\/08\/BA-WCS-HD_ElectricWheelchair.jpg?resize=525%2C300&ssl=1 1.5x, https:\/\/i0.wp.com\/bizautom.com\/wp-content\/uploads\/2024\/08\/BA-WCS-HD_ElectricWheelchair.jpg?resize=700%2C400&ssl=1 2x, https:\/\/i0.wp.com\/bizautom.com\/wp-content\/uploads\/2024\/08\/BA-WCS-HD_ElectricWheelchair.jpg?resize=1050%2C600&ssl=1 3x"},"classes":[]},{"id":1172,"url":"https:\/\/bizautom.com\/es\/producto\/bizautom-ba-dws2424-laser-dimensional-scale-500x0-1lb-cap-with-printer-software\/","url_meta":{"origin":1178,"position":5},"title":"BizAutom BA-DS2424 B\u00e1scula dimensional l\u00e1ser 500\u00d70.1lb Cap. con c\u00e1mara, esc\u00e1ner, impresora y software","author":"admin","date":"diciembre 29, 2023","format":false,"excerpt":"The BizAutom Laser Dimensional Scale is designed to bring precision and efficiency to your shipping processes. This innovative scale combines advanced weight and dimension measurement technology, streamlining shipping cost management and enhancing overall accuracy.","rel":"","context":"Entrada similar ","block_context":{"text":"Entrada similar ","link":""},"img":{"alt_text":"industrial smart scales","src":"https:\/\/i0.wp.com\/bizautom.com\/wp-content\/uploads\/2023\/12\/BA-DS2424-scaled.jpg?resize=350%2C200&ssl=1","width":350,"height":200,"srcset":"https:\/\/i0.wp.com\/bizautom.com\/wp-content\/uploads\/2023\/12\/BA-DS2424-scaled.jpg?resize=350%2C200&ssl=1 1x, https:\/\/i0.wp.com\/bizautom.com\/wp-content\/uploads\/2023\/12\/BA-DS2424-scaled.jpg?resize=525%2C300&ssl=1 1.5x, https:\/\/i0.wp.com\/bizautom.com\/wp-content\/uploads\/2023\/12\/BA-DS2424-scaled.jpg?resize=700%2C400&ssl=1 2x, https:\/\/i0.wp.com\/bizautom.com\/wp-content\/uploads\/2023\/12\/BA-DS2424-scaled.jpg?resize=1050%2C600&ssl=1 3x, https:\/\/i0.wp.com\/bizautom.com\/wp-content\/uploads\/2023\/12\/BA-DS2424-scaled.jpg?resize=1400%2C800&ssl=1 4x"},"classes":[]}],"jetpack_sharing_enabled":true,"_links":{"self":[{"href":"https:\/\/bizautom.com\/es\/wp-json\/wp\/v2\/product\/1178","targetHints":{"allow":["GET"]}}],"collection":[{"href":"https:\/\/bizautom.com\/es\/wp-json\/wp\/v2\/product"}],"about":[{"href":"https:\/\/bizautom.com\/es\/wp-json\/wp\/v2\/types\/product"}],"replies":[{"embeddable":true,"href":"https:\/\/bizautom.com\/es\/wp-json\/wp\/v2\/comments?post=1178"}],"version-history":[{"count":2,"href":"https:\/\/bizautom.com\/es\/wp-json\/wp\/v2\/product\/1178\/revisions"}],"predecessor-version":[{"id":2616,"href":"https:\/\/bizautom.com\/es\/wp-json\/wp\/v2\/product\/1178\/revisions\/2616"}],"wp:featuredmedia":[{"embeddable":true,"href":"https:\/\/bizautom.com\/es\/wp-json\/wp\/v2\/media\/1181"}],"wp:attachment":[{"href":"https:\/\/bizautom.com\/es\/wp-json\/wp\/v2\/media?parent=1178"}],"wp:term":[{"taxonomy":"product_brand","embeddable":true,"href":"https:\/\/bizautom.com\/es\/wp-json\/wp\/v2\/product_brand?post=1178"},{"taxonomy":"product_cat","embeddable":true,"href":"https:\/\/bizautom.com\/es\/wp-json\/wp\/v2\/product_cat?post=1178"},{"taxonomy":"product_tag","embeddable":true,"href":"https:\/\/bizautom.com\/es\/wp-json\/wp\/v2\/product_tag?post=1178"}],"curies":[{"name":"wp","href":"https:\/\/api.w.org\/{rel}","templated":true}]}}