{"id":1628,"date":"2024-10-26T20:40:51","date_gmt":"2024-10-27T00:40:51","guid":{"rendered":"https:\/\/bizautom.com\/?post_type=product&#038;p=1628"},"modified":"2024-10-26T21:04:09","modified_gmt":"2024-10-27T01:04:09","slug":"bizautom-ba-lcm-sb-silo-tank-scale-mount-assembly-kit-4-module-set","status":"publish","type":"product","link":"https:\/\/bizautom.com\/es\/producto\/bizautom-ba-lcm-sb-silo-tank-scale-mount-assembly-kit-4-module-set\/","title":{"rendered":"BizAutom BA-LCM-SB-4 Kit de montaje a escala de tanque de silo (juego de 4 m\u00f3dulos)"},"content":{"rendered":"<p>En <strong>BizAutom BA-LCM-SB<\/strong>\u00a0El conjunto de montaje de b\u00e1scula para tanques de silo ofrece una soluci\u00f3n robusta y muy precisa para pesar tanques de silo, tolvas y dep\u00f3sitos en una gran variedad de industrias. Este vers\u00e1til conjunto est\u00e1 dise\u00f1ado para facilitar la instalaci\u00f3n, por lo que es ideal para aplicaciones agr\u00edcolas e industriales en las que es esencial una gesti\u00f3n del peso eficaz y fiable. Perfecto para su uso en la agricultura, la alimentaci\u00f3n del ganado, el almacenamiento de l\u00edquidos, etc., este sistema est\u00e1 dise\u00f1ado para manejar requisitos de carga peque\u00f1os y grandes, que van desde 500 lb hasta unas impresionantes 5.000 lb por c\u00e9lula de carga.<\/p>\n<p>Fabricado en acero de aleaci\u00f3n de alta resistencia, el BA-LCM-SB cuenta con un soporte de arandela esf\u00e9rica autoalineable, que no s\u00f3lo permite un movimiento controlado, sino que tambi\u00e9n garantiza que el soporte se centre autom\u00e1ticamente despu\u00e9s de descargar el material. Esta caracter\u00edstica, junto con su robusta construcci\u00f3n, hace que el BA-LCM-SBS sea una opci\u00f3n estable y duradera para el uso a largo plazo en entornos exigentes. Adem\u00e1s, la placa superior de 5\u2033x5\u2033 con cuatro orificios de 1\/2\u2033 de di\u00e1metro y el sistema de montaje seguro en el suelo (seis orificios de 1\/2\u2033 de di\u00e1metro) facilitan la instalaci\u00f3n debajo de cada pata de su dep\u00f3sito o tolva, proporcionando flexibilidad y seguridad para diversas capacidades de carga.<\/p>\n<p>La BA-LCM-SBS est\u00e1 equipada con una c\u00e9lula de carga de alta calidad, que garantiza mediciones de peso precisas seleccionando la c\u00e9lula de carga adecuada para el peso y la carga de material de su dep\u00f3sito. Con un ajuste sencillo y una estabilidad fiable, este conjunto de montaje de b\u00e1scula es ideal para sectores que dependen de mediciones precisas de almacenamiento a granel, como la agricultura, el procesamiento de alimentos, la producci\u00f3n qu\u00edmica, la fabricaci\u00f3n de cemento, los pl\u00e1sticos, la alimentaci\u00f3n animal, los productos farmac\u00e9uticos y las industrias de biomasa.<\/p>\n<h3>Principales caracter\u00edsticas y ventajas:<\/h3>\n<ul>\n<li><strong>Amplia gama de cargas<\/strong>: Cada c\u00e9lula de carga del conjunto BA-LCM-SB puede soportar cargas de 500 lb a 5.000 lb, adapt\u00e1ndose a diversas aplicaciones industriales y de almacenamiento.<\/li>\n<li><strong>Construcci\u00f3n duradera de aleaci\u00f3n de acero<\/strong>: Fabricado en acero de aleaci\u00f3n de alta resistencia, este conjunto est\u00e1 construido para soportar los rigores del uso intensivo, garantizando una larga durabilidad en entornos exigentes.<\/li>\n<li><strong>Soporte de arandela esf\u00e9rica autoalineable<\/strong>: El innovador soporte de arandela esf\u00e9rica permite un movimiento controlado y un recentrado autom\u00e1tico tras la descarga, lo que mejora la estabilidad y reduce la tensi\u00f3n en el sistema.<\/li>\n<li><strong>F\u00e1cil instalaci\u00f3n<\/strong>: Equipado con una placa superior de 5\u2033x5\u2033 con cuatro orificios de 1\/2\u2033 de di\u00e1metro, este conjunto se puede montar f\u00e1cilmente debajo de cada silo, tolva o pata de contenedor. Para el montaje en el suelo, seis orificios adicionales de 1\/2\u2033 de di\u00e1metro proporcionan una fijaci\u00f3n segura y estable.<\/li>\n<li><strong>Tornillo de nivelaci\u00f3n ajustable<\/strong>: Un tornillo largo de 1\/2-20 permite ajustes precisos de nivelaci\u00f3n, incluso en superficies irregulares, garantizando una medici\u00f3n de peso estable y precisa.<\/li>\n<li><strong>Aplicaciones vers\u00e1tiles<\/strong>: Adecuado para una amplia gama de industrias, como agricultura, procesamiento de alimentos, producci\u00f3n qu\u00edmica, construcci\u00f3n (cemento), pl\u00e1sticos, alimentaci\u00f3n animal, productos farmac\u00e9uticos y biomasa, ofreciendo flexibilidad para diversas necesidades de almacenamiento.<\/li>\n<li><strong>Gesti\u00f3n precisa de la carga<\/strong>: El conjunto BA-LCM-SBS incluye una c\u00e9lula de carga shear beam compatible. Los usuarios pueden seleccionar f\u00e1cilmente una c\u00e9lula de carga adaptada al peso del dep\u00f3sito y a la carga de material, optimizando la precisi\u00f3n al dividir el peso total entre el n\u00famero de patas que soportan la unidad de almacenamiento.<\/li>\n<li><strong>Mayor estabilidad y seguridad<\/strong>: Al distribuir la carga uniformemente, este sistema de montaje reduce los riesgos asociados a la sobrecarga y garantiza una gesti\u00f3n segura del peso.<\/li>\n<\/ul>\n<h3>Usos ideales:<\/h3>\n<ul>\n<li><strong>Agricultura y almacenamiento de cereales<\/strong>: Para granjas, f\u00e1bricas de piensos e instalaciones de grano, garantizando una gesti\u00f3n precisa del inventario y el control de calidad.<\/li>\n<li><strong>Procesado de alimentos y bebidas<\/strong>: Gestione los ingredientes a granel, como la harina, el az\u00facar y la malta, con precisi\u00f3n para obtener una calidad de producci\u00f3n constante.<\/li>\n<li><strong>Producci\u00f3n de productos qu\u00edmicos y fertilizantes<\/strong>: Almacenar y controlar con seguridad los materiales a granel en las instalaciones de producci\u00f3n qu\u00edmica.<\/li>\n<li><strong>Cemento y construcci\u00f3n<\/strong>: Perfecta para la dosificaci\u00f3n de hormig\u00f3n y el almacenamiento de \u00e1ridos, garantizando mediciones de peso precisas para una mezcla homog\u00e9nea.<\/li>\n<li><strong>Pl\u00e1sticos y pol\u00edmeros<\/strong>: Almacenar y medir con precisi\u00f3n resinas a granel y granulados en la producci\u00f3n de pl\u00e1sticos.<\/li>\n<li><strong>Alimentaci\u00f3n animal y productos farmac\u00e9uticos<\/strong>: Consiga una formulaci\u00f3n coherente de los ingredientes en la producci\u00f3n de piensos y la fabricaci\u00f3n de productos farmac\u00e9uticos.<\/li>\n<\/ul>","protected":false},"excerpt":{"rendered":"<p>El kit todo incluido de <strong>BizAutom BA-LCM-SB Conjunto de montaje a escala de tanque de silo<\/strong> para una gesti\u00f3n del peso precisa y sin fisuras, esencial para el control de inventarios y la eficiencia de la producci\u00f3n. Incluye 4 m\u00f3dulos de c\u00e9lula de carga, 1 indicador, 1 caja de conexiones y otros accesorios.<\/p>","protected":false},"featured_media":1625,"comment_status":"open","ping_status":"closed","template":"","meta":[],"product_brand":[],"product_cat":[15,30,32],"product_tag":[],"class_list":{"0":"post-1628","1":"product","2":"type-product","3":"status-publish","4":"has-post-thumbnail","6":"product_cat-industrial-equipment","7":"product_cat-industrial-scales","8":"product_cat-instruments-parts","10":"first","11":"instock","12":"taxable","13":"shipping-taxable","14":"purchasable","15":"product-type-variable"},"yoast_head":"<!-- This site is optimized with the Yoast SEO plugin v27.4 - https:\/\/yoast.com\/product\/yoast-seo-wordpress\/ -->\n<title>BizAutom BA-LCM-SB-4 Silo Tank Scale Mount Assembly Kit (4-Module Set) - BizAutom<\/title>\n<meta name=\"robots\" content=\"index, follow, max-snippet:-1, max-image-preview:large, max-video-preview:-1\" \/>\n<link rel=\"canonical\" href=\"https:\/\/bizautom.com\/es\/producto\/bizautom-ba-lcm-sb-silo-tank-scale-mount-assembly-kit-4-module-set\/\" \/>\n<meta property=\"og:locale\" content=\"es_MX\" \/>\n<meta property=\"og:type\" content=\"article\" \/>\n<meta property=\"og:title\" content=\"BizAutom BA-LCM-SB-4 Silo Tank Scale Mount Assembly Kit (4-Module Set) - BizAutom\" \/>\n<meta property=\"og:description\" content=\"The all-include kit of BizAutom BA-LCM-SB Silo Tank Scale Mount Assembly for seamless, accurate weight management, essential for inventory control and production efficiency. It includes 4 load cell modules, 1 indicator, 1 junction box and other accessories.\" \/>\n<meta property=\"og:url\" content=\"https:\/\/bizautom.com\/es\/producto\/bizautom-ba-lcm-sb-silo-tank-scale-mount-assembly-kit-4-module-set\/\" \/>\n<meta property=\"og:site_name\" content=\"BizAutom\" \/>\n<meta property=\"article:publisher\" content=\"https:\/\/www.facebook.com\/people\/TINGCHEN-BizAutom\/61565746662873\/\" \/>\n<meta property=\"article:modified_time\" content=\"2024-10-27T01:04:09+00:00\" \/>\n<meta property=\"og:image\" content=\"https:\/\/bizautom.com\/wp-content\/uploads\/2024\/09\/LoadcellModules-1-scaled.jpg\" \/>\n\t<meta property=\"og:image:width\" content=\"2560\" \/>\n\t<meta property=\"og:image:height\" content=\"2560\" \/>\n\t<meta property=\"og:image:type\" content=\"image\/jpeg\" \/>\n<meta name=\"twitter:card\" content=\"summary_large_image\" \/>\n<meta name=\"twitter:label1\" content=\"Tiempo de lectura\" \/>\n\t<meta name=\"twitter:data1\" content=\"3 minutos\" \/>\n<!-- \/ Yoast SEO plugin. -->","yoast_head_json":{"title":"BizAutom BA-LCM-SB-4 Silo Tank Scale Mount Assembly Kit (4-Module Set) - BizAutom","robots":{"index":"index","follow":"follow","max-snippet":"max-snippet:-1","max-image-preview":"max-image-preview:large","max-video-preview":"max-video-preview:-1"},"canonical":"https:\/\/bizautom.com\/es\/producto\/bizautom-ba-lcm-sb-silo-tank-scale-mount-assembly-kit-4-module-set\/","og_locale":"es_MX","og_type":"article","og_title":"BizAutom BA-LCM-SB-4 Silo Tank Scale Mount Assembly Kit (4-Module Set) - BizAutom","og_description":"The all-include kit of BizAutom BA-LCM-SB Silo Tank Scale Mount Assembly for seamless, accurate weight management, essential for inventory control and production efficiency. It includes 4 load cell modules, 1 indicator, 1 junction box and other accessories.","og_url":"https:\/\/bizautom.com\/es\/producto\/bizautom-ba-lcm-sb-silo-tank-scale-mount-assembly-kit-4-module-set\/","og_site_name":"BizAutom","article_publisher":"https:\/\/www.facebook.com\/people\/TINGCHEN-BizAutom\/61565746662873\/","article_modified_time":"2024-10-27T01:04:09+00:00","og_image":[{"width":2560,"height":2560,"url":"https:\/\/bizautom.com\/wp-content\/uploads\/2024\/09\/LoadcellModules-1-scaled.jpg","type":"image\/jpeg"}],"twitter_card":"summary_large_image","twitter_misc":{"Tiempo de lectura":"3 minutos"},"schema":{"@context":"https:\/\/schema.org","@graph":[{"@type":"WebPage","@id":"https:\/\/bizautom.com\/product\/bizautom-ba-lcm-sb-silo-tank-scale-mount-assembly-kit-4-module-set\/","url":"https:\/\/bizautom.com\/product\/bizautom-ba-lcm-sb-silo-tank-scale-mount-assembly-kit-4-module-set\/","name":"BizAutom BA-LCM-SB-4 Silo Tank Scale Mount Assembly Kit (4-Module Set) - BizAutom","isPartOf":{"@id":"https:\/\/bizautom.com\/#website"},"primaryImageOfPage":{"@id":"https:\/\/bizautom.com\/product\/bizautom-ba-lcm-sb-silo-tank-scale-mount-assembly-kit-4-module-set\/#primaryimage"},"image":{"@id":"https:\/\/bizautom.com\/product\/bizautom-ba-lcm-sb-silo-tank-scale-mount-assembly-kit-4-module-set\/#primaryimage"},"thumbnailUrl":"https:\/\/bizautom.com\/wp-content\/uploads\/2024\/09\/LoadcellModules-1-scaled.jpg","datePublished":"2024-10-27T00:40:51+00:00","dateModified":"2024-10-27T01:04:09+00:00","breadcrumb":{"@id":"https:\/\/bizautom.com\/product\/bizautom-ba-lcm-sb-silo-tank-scale-mount-assembly-kit-4-module-set\/#breadcrumb"},"inLanguage":"es","potentialAction":[{"@type":"ReadAction","target":["https:\/\/bizautom.com\/product\/bizautom-ba-lcm-sb-silo-tank-scale-mount-assembly-kit-4-module-set\/"]}]},{"@type":"ImageObject","inLanguage":"es","@id":"https:\/\/bizautom.com\/product\/bizautom-ba-lcm-sb-silo-tank-scale-mount-assembly-kit-4-module-set\/#primaryimage","url":"https:\/\/bizautom.com\/wp-content\/uploads\/2024\/09\/LoadcellModules-1-scaled.jpg","contentUrl":"https:\/\/bizautom.com\/wp-content\/uploads\/2024\/09\/LoadcellModules-1-scaled.jpg","width":2560,"height":2560},{"@type":"BreadcrumbList","@id":"https:\/\/bizautom.com\/product\/bizautom-ba-lcm-sb-silo-tank-scale-mount-assembly-kit-4-module-set\/#breadcrumb","itemListElement":[{"@type":"ListItem","position":1,"name":"Home","item":"https:\/\/bizautom.com\/"},{"@type":"ListItem","position":2,"name":"Shop","item":"https:\/\/bizautom.com\/shop-2\/"},{"@type":"ListItem","position":3,"name":"BizAutom BA-LCM-SB-4 Silo Tank Scale Mount Assembly Kit (4-Module Set)"}]},{"@type":"WebSite","@id":"https:\/\/bizautom.com\/#website","url":"https:\/\/bizautom.com\/","name":"BizAutom","description":"R\u00e1pido. Preciso. Inteligente.","publisher":{"@id":"https:\/\/bizautom.com\/#organization"},"potentialAction":[{"@type":"SearchAction","target":{"@type":"EntryPoint","urlTemplate":"https:\/\/bizautom.com\/?s={search_term_string}"},"query-input":{"@type":"PropertyValueSpecification","valueRequired":true,"valueName":"search_term_string"}}],"inLanguage":"es"},{"@type":"Organization","@id":"https:\/\/bizautom.com\/#organization","name":"BizAutom","url":"https:\/\/bizautom.com\/","logo":{"@type":"ImageObject","inLanguage":"es","@id":"https:\/\/bizautom.com\/#\/schema\/logo\/image\/","url":"https:\/\/bizautom.com\/wp-content\/uploads\/2025\/04\/BizAutom_Logo_1.webp","contentUrl":"https:\/\/bizautom.com\/wp-content\/uploads\/2025\/04\/BizAutom_Logo_1.webp","width":455,"height":326,"caption":"BizAutom"},"image":{"@id":"https:\/\/bizautom.com\/#\/schema\/logo\/image\/"},"sameAs":["https:\/\/www.facebook.com\/people\/TINGCHEN-BizAutom\/61565746662873\/"]}]}},"jetpack-related-posts":[{"id":1631,"url":"https:\/\/bizautom.com\/es\/producto\/bizautom-ba-lcm-sb-silo-tank-scale-mount-assembly-kit-3-module-set\/","url_meta":{"origin":1628,"position":0},"title":"BizAutom BA-LCM-SB-3 Kit de montaje a escala de tanque de silo (juego de 3 m\u00f3dulos)","author":"admin","date":"octubre 26, 2024","format":false,"excerpt":"The all-include kit of BizAutom BA-LCM-SBS Silo Tank Scale Mount Assembly for seamless, accurate weight management, essential for inventory control and production efficiency. It includes 3 load cell modules, 1 indicator, 1 junction box and other accessories.","rel":"","context":"Entrada similar ","block_context":{"text":"Entrada similar ","link":""},"img":{"alt_text":"","src":"https:\/\/i0.wp.com\/bizautom.com\/wp-content\/uploads\/2024\/10\/BA-LCM-SB-3-scaled.jpg?resize=350%2C200&ssl=1","width":350,"height":200,"srcset":"https:\/\/i0.wp.com\/bizautom.com\/wp-content\/uploads\/2024\/10\/BA-LCM-SB-3-scaled.jpg?resize=350%2C200&ssl=1 1x, https:\/\/i0.wp.com\/bizautom.com\/wp-content\/uploads\/2024\/10\/BA-LCM-SB-3-scaled.jpg?resize=525%2C300&ssl=1 1.5x, https:\/\/i0.wp.com\/bizautom.com\/wp-content\/uploads\/2024\/10\/BA-LCM-SB-3-scaled.jpg?resize=700%2C400&ssl=1 2x, https:\/\/i0.wp.com\/bizautom.com\/wp-content\/uploads\/2024\/10\/BA-LCM-SB-3-scaled.jpg?resize=1050%2C600&ssl=1 3x, https:\/\/i0.wp.com\/bizautom.com\/wp-content\/uploads\/2024\/10\/BA-LCM-SB-3-scaled.jpg?resize=1400%2C800&ssl=1 4x"},"classes":[]},{"id":1575,"url":"https:\/\/bizautom.com\/es\/producto\/bizautom-ba-sbm4-tank-scale-kit-load-cell-module-kit\/","url_meta":{"origin":1628,"position":1},"title":"BizAutom BA-LCM-SB Conjunto de montaje a escala de tanque de silo","author":"admin","date":"septiembre 28, 2024","format":false,"excerpt":"Equip your facility with the BizAutom BA-LCM-SBS Silo Tank Scale Mount Assembly for seamless, accurate weight management, essential for inventory control and production efficiency. This assembly\u2019s robust design and flexible applications make it a reliable choice across diverse sectors, delivering consistent and precise weight data to support your operation\u2019s success.","rel":"","context":"Entrada similar ","block_context":{"text":"Entrada similar ","link":""},"img":{"alt_text":"","src":"https:\/\/i0.wp.com\/bizautom.com\/wp-content\/uploads\/2024\/09\/BA-LCM-SB-scaled.jpg?resize=350%2C200&ssl=1","width":350,"height":200,"srcset":"https:\/\/i0.wp.com\/bizautom.com\/wp-content\/uploads\/2024\/09\/BA-LCM-SB-scaled.jpg?resize=350%2C200&ssl=1 1x, https:\/\/i0.wp.com\/bizautom.com\/wp-content\/uploads\/2024\/09\/BA-LCM-SB-scaled.jpg?resize=525%2C300&ssl=1 1.5x, https:\/\/i0.wp.com\/bizautom.com\/wp-content\/uploads\/2024\/09\/BA-LCM-SB-scaled.jpg?resize=700%2C400&ssl=1 2x, https:\/\/i0.wp.com\/bizautom.com\/wp-content\/uploads\/2024\/09\/BA-LCM-SB-scaled.jpg?resize=1050%2C600&ssl=1 3x, https:\/\/i0.wp.com\/bizautom.com\/wp-content\/uploads\/2024\/09\/BA-LCM-SB-scaled.jpg?resize=1400%2C800&ssl=1 4x"},"classes":[]},{"id":1172,"url":"https:\/\/bizautom.com\/es\/producto\/bizautom-ba-dws2424-laser-dimensional-scale-500x0-1lb-cap-with-printer-software\/","url_meta":{"origin":1628,"position":2},"title":"BizAutom BA-DS2424 B\u00e1scula dimensional l\u00e1ser 500\u00d70.1lb Cap. con c\u00e1mara, esc\u00e1ner, impresora y software","author":"admin","date":"diciembre 29, 2023","format":false,"excerpt":"The BizAutom Laser Dimensional Scale is designed to bring precision and efficiency to your shipping processes. This innovative scale combines advanced weight and dimension measurement technology, streamlining shipping cost management and enhancing overall accuracy.","rel":"","context":"Entrada similar ","block_context":{"text":"Entrada similar ","link":""},"img":{"alt_text":"industrial smart scales","src":"https:\/\/i0.wp.com\/bizautom.com\/wp-content\/uploads\/2023\/12\/BA-DS2424-scaled.jpg?resize=350%2C200&ssl=1","width":350,"height":200,"srcset":"https:\/\/i0.wp.com\/bizautom.com\/wp-content\/uploads\/2023\/12\/BA-DS2424-scaled.jpg?resize=350%2C200&ssl=1 1x, https:\/\/i0.wp.com\/bizautom.com\/wp-content\/uploads\/2023\/12\/BA-DS2424-scaled.jpg?resize=525%2C300&ssl=1 1.5x, https:\/\/i0.wp.com\/bizautom.com\/wp-content\/uploads\/2023\/12\/BA-DS2424-scaled.jpg?resize=700%2C400&ssl=1 2x, https:\/\/i0.wp.com\/bizautom.com\/wp-content\/uploads\/2023\/12\/BA-DS2424-scaled.jpg?resize=1050%2C600&ssl=1 3x, https:\/\/i0.wp.com\/bizautom.com\/wp-content\/uploads\/2023\/12\/BA-DS2424-scaled.jpg?resize=1400%2C800&ssl=1 4x"},"classes":[]},{"id":4345,"url":"https:\/\/bizautom.com\/es\/producto\/bizautom-ba-dc130-dual-counting-scale-with-data-storage-and-software-integration\/","url_meta":{"origin":1628,"position":3},"title":"BizAutom BA-DC130 Balanza cuentapiezas doble con almacenamiento de datos e integraci\u00f3n de software","author":"admin","date":"junio 17, 2025","format":false,"excerpt":"The BizAutom BA-DC130 Dual Counting Scale is more than just a counting device\u2014it\u2019s a versatile, smart, and scalable system designed to simplify complex inventory and production tasks. Whether you're counting thousands of small components or managing heavy parts across large platforms, the BA-DC130 delivers the speed, accuracy, and connectivity modern\u2026","rel":"","context":"Entrada similar ","block_context":{"text":"Entrada similar ","link":""},"img":{"alt_text":"","src":"https:\/\/i0.wp.com\/bizautom.com\/wp-content\/uploads\/2025\/06\/DualCountScaleFloorScale.jpg?resize=350%2C200&ssl=1","width":350,"height":200,"srcset":"https:\/\/i0.wp.com\/bizautom.com\/wp-content\/uploads\/2025\/06\/DualCountScaleFloorScale.jpg?resize=350%2C200&ssl=1 1x, https:\/\/i0.wp.com\/bizautom.com\/wp-content\/uploads\/2025\/06\/DualCountScaleFloorScale.jpg?resize=525%2C300&ssl=1 1.5x, https:\/\/i0.wp.com\/bizautom.com\/wp-content\/uploads\/2025\/06\/DualCountScaleFloorScale.jpg?resize=700%2C400&ssl=1 2x, https:\/\/i0.wp.com\/bizautom.com\/wp-content\/uploads\/2025\/06\/DualCountScaleFloorScale.jpg?resize=1050%2C600&ssl=1 3x, https:\/\/i0.wp.com\/bizautom.com\/wp-content\/uploads\/2025\/06\/DualCountScaleFloorScale.jpg?resize=1400%2C800&ssl=1 4x"},"classes":[]},{"id":1212,"url":"https:\/\/bizautom.com\/es\/producto\/bizautom-ba-k120s-g4-versatile-stretch-wrap-machine-with-integrated-3-dimensional-weight-scale-and-label-printer\/","url_meta":{"origin":1628,"position":4},"title":"Enfajadora vers\u00e1til BizAutom BA-K120S G4 con b\u00e1scula tridimensional e impresora de etiquetas integradas","author":"admin","date":"enero 22, 2024","format":false,"excerpt":"Presentamos la primera enfardadora del mundo que incorpora una b\u00e1scula de peso tridimensional integrada. Esta vers\u00e1til m\u00e1quina puede envolver, pesar, medir, imprimir y transmitir en una sola operaci\u00f3n, optimizando tanto el tiempo como el ahorro de costes para usted.","rel":"","context":"Entrada similar ","block_context":{"text":"Entrada similar ","link":""},"img":{"alt_text":"","src":"https:\/\/i0.wp.com\/bizautom.com\/wp-content\/uploads\/2024\/01\/BA-K120S-WrappingMachineG4Color.jpg?resize=350%2C200&ssl=1","width":350,"height":200,"srcset":"https:\/\/i0.wp.com\/bizautom.com\/wp-content\/uploads\/2024\/01\/BA-K120S-WrappingMachineG4Color.jpg?resize=350%2C200&ssl=1 1x, https:\/\/i0.wp.com\/bizautom.com\/wp-content\/uploads\/2024\/01\/BA-K120S-WrappingMachineG4Color.jpg?resize=525%2C300&ssl=1 1.5x, https:\/\/i0.wp.com\/bizautom.com\/wp-content\/uploads\/2024\/01\/BA-K120S-WrappingMachineG4Color.jpg?resize=700%2C400&ssl=1 2x"},"classes":[]},{"id":5608,"url":"https:\/\/bizautom.com\/es\/producto\/airport-luggage-check-scale-with-dual-ramps\/","url_meta":{"origin":1628,"position":5},"title":"BizAutom BA-1KF_WCS Airport Luggage Check Scale with Dual Ramps","author":"admin","date":"abril 7, 2026","format":false,"excerpt":"Ensure fast, accurate, and hassle-free baggage screening with our Airport Luggage Check Scale\u2014designed specifically for airlines to verify that passenger luggage meets the standard 50 lb weight limit.","rel":"","context":"Entrada similar ","block_context":{"text":"Entrada similar ","link":""},"img":{"alt_text":"","src":"https:\/\/i0.wp.com\/bizautom.com\/wp-content\/uploads\/2026\/04\/BA-1KF.jpg?resize=350%2C200&ssl=1","width":350,"height":200,"srcset":"https:\/\/i0.wp.com\/bizautom.com\/wp-content\/uploads\/2026\/04\/BA-1KF.jpg?resize=350%2C200&ssl=1 1x, https:\/\/i0.wp.com\/bizautom.com\/wp-content\/uploads\/2026\/04\/BA-1KF.jpg?resize=525%2C300&ssl=1 1.5x, https:\/\/i0.wp.com\/bizautom.com\/wp-content\/uploads\/2026\/04\/BA-1KF.jpg?resize=700%2C400&ssl=1 2x, https:\/\/i0.wp.com\/bizautom.com\/wp-content\/uploads\/2026\/04\/BA-1KF.jpg?resize=1050%2C600&ssl=1 3x, https:\/\/i0.wp.com\/bizautom.com\/wp-content\/uploads\/2026\/04\/BA-1KF.jpg?resize=1400%2C800&ssl=1 4x"},"classes":[]}],"jetpack_sharing_enabled":true,"_links":{"self":[{"href":"https:\/\/bizautom.com\/es\/wp-json\/wp\/v2\/product\/1628","targetHints":{"allow":["GET"]}}],"collection":[{"href":"https:\/\/bizautom.com\/es\/wp-json\/wp\/v2\/product"}],"about":[{"href":"https:\/\/bizautom.com\/es\/wp-json\/wp\/v2\/types\/product"}],"replies":[{"embeddable":true,"href":"https:\/\/bizautom.com\/es\/wp-json\/wp\/v2\/comments?post=1628"}],"version-history":[{"count":0,"href":"https:\/\/bizautom.com\/es\/wp-json\/wp\/v2\/product\/1628\/revisions"}],"wp:featuredmedia":[{"embeddable":true,"href":"https:\/\/bizautom.com\/es\/wp-json\/wp\/v2\/media\/1625"}],"wp:attachment":[{"href":"https:\/\/bizautom.com\/es\/wp-json\/wp\/v2\/media?parent=1628"}],"wp:term":[{"taxonomy":"product_brand","embeddable":true,"href":"https:\/\/bizautom.com\/es\/wp-json\/wp\/v2\/product_brand?post=1628"},{"taxonomy":"product_cat","embeddable":true,"href":"https:\/\/bizautom.com\/es\/wp-json\/wp\/v2\/product_cat?post=1628"},{"taxonomy":"product_tag","embeddable":true,"href":"https:\/\/bizautom.com\/es\/wp-json\/wp\/v2\/product_tag?post=1628"}],"curies":[{"name":"wp","href":"https:\/\/api.w.org\/{rel}","templated":true}]}}