{"id":178,"date":"2023-06-04T02:49:46","date_gmt":"2023-06-04T02:49:46","guid":{"rendered":"http:\/\/fellix"},"modified":"2026-05-04T15:23:22","modified_gmt":"2026-05-04T19:23:22","slug":"wcs","status":"publish","type":"product","link":"https:\/\/bizautom.com\/es\/producto\/wcs\/","title":{"rendered":"Prime Scales PS-WCS B\u00e1scula m\u00e9dica para silla de ruedas de 1000 lb con indicador de lectura"},"content":{"rendered":"<p>La b\u00e1scula para sillas de ruedas PS-WCS es perfecta para cualquier entorno m\u00e9dico o dom\u00e9stico.<\/p>\n<p>Esta b\u00e1scula ultraport\u00e1til puede pesar hasta 1000 lb con una precisi\u00f3n de 0,1 lb y s\u00f3lo pesa 50 lb por s\u00ed misma, lo que facilita su traslado de un espacio a otro. Se adapta a la mayor\u00eda de las sillas de ruedas est\u00e1ndar y cuenta con una estructura de perfil bajo con dos asas y dos ruedas para levantar y mover con facilidad.<\/p>\n<p>La superficie plana de pesaje mide 25\u2033 y la unidad completa, incluidas las rampas, mide 31\u2033 de ancho y 33\u2033 de largo, lo que proporciona un tama\u00f1o excepcionalmente c\u00f3modo que no ocupar\u00e1 demasiado espacio.<\/p>\n<p>La b\u00e1scula PS-WCS dispone de paredes laterales para evitar que la silla de ruedas se baje lateralmente de la b\u00e1scula.<\/p>\n<p>Es m\u00e1s, esta b\u00e1scula tiene cuatro c\u00e9lulas de carga de aleaci\u00f3n de aluminio montadas en placas de acero de 1\/2\" de grosor y cables de c\u00e9lula de carga de longitud completa conectados a la caja de conexiones ABS a trav\u00e9s de los tubos, por lo que no hay cables expuestos, lo que aumenta a\u00fan m\u00e1s su durabilidad. Con este dise\u00f1o duradero y la portabilidad en mente, la b\u00e1scula para sillas de ruedas PS-WCS es una gran adici\u00f3n a cualquier entorno m\u00e9dico o dom\u00e9stico.<\/p>\n<p>Dimensiones de la superficie plana: 31\u2033Ax25\u2033L<\/p>\n<div class=\"\"><a href=\"https:\/\/bizautom.com\/wp-content\/uploads\/2023\/12\/PS-WCS_InstallationGuide.pdf\" target=\"_blank\" class=\"emd_dl_red_darker\">Manual de instalaci\u00f3n<\/a><\/div>    <style>            \r\n    .emd_dl_red_darker {\r\n        -moz-box-shadow:inset 0px 1px 0px 0px #f5978e;\r\n        -webkit-box-shadow:inset 0px 1px 0px 0px #f5978e;\r\n        box-shadow:inset 0px 1px 0px 0px #f5978e;\r\n        background:-webkit-gradient( linear, left top, left bottom, color-stop(0.05, #f24537), color-stop(1, #c62d1f) );\r\n        background:-moz-linear-gradient( center top, #f24537 5%, #c62d1f 100% );\r\n        filter:progid:DXImageTransform.Microsoft.gradient(startColorstr='#f24537', endColorstr='#c62d1f');\r\n        background-color:#f24537;\r\n        -webkit-border-top-left-radius:0px;\r\n        -moz-border-radius-topleft:0px;\r\n        border-top-left-radius:0px;\r\n        -webkit-border-top-right-radius:0px;\r\n        -moz-border-radius-topright:0px;\r\n        border-top-right-radius:0px;\r\n        -webkit-border-bottom-right-radius:0px;\r\n        -moz-border-radius-bottomright:0px;\r\n        border-bottom-right-radius:0px;\r\n        -webkit-border-bottom-left-radius:0px;\r\n        -moz-border-radius-bottomleft:0px;\r\n        border-bottom-left-radius:0px;\r\n        text-indent:0;\r\n        border:1px solid #d02718;\r\n        display:inline-block;\r\n        color:#ffffff !important;\r\n        font-family:Georgia;\r\n        font-size:15px;\r\n        font-weight:bold;\r\n        font-style:normal;\r\n        height:41px;\r\n        line-height:41px;\r\n        width:180px;\r\n        text-decoration:none;\r\n        text-align:center;\r\n        text-shadow:1px 1px 0px #810e05;\r\n    }\r\n    .emd_dl_red_darker:hover {\r\n        background:-webkit-gradient( linear, left top, left bottom, color-stop(0.05, #c62d1f), color-stop(1, #f24537) );\r\n        background:-moz-linear-gradient( center top, #c62d1f 5%, #f24537 100% );\r\n        filter:progid:DXImageTransform.Microsoft.gradient(startColorstr='#c62d1f', endColorstr='#f24537');\r\n        background-color:#c62d1f;\r\n    }.emd_dl_red_darker:active {\r\n        position:relative;\r\n        top:1px;\r\n    }<\/style>","protected":false},"excerpt":{"rendered":"<p>Entendemos los retos a los que se enfrentan las personas que utilizan sillas de ruedas, por lo que hemos dise\u00f1ado una b\u00e1scula para sillas de ruedas que proporciona informaci\u00f3n sobre el peso de forma r\u00e1pida, segura y c\u00f3moda. Nuestra b\u00e1scula para sillas de ruedas est\u00e1 dise\u00f1ada espec\u00edficamente para sillas de ruedas de empuje manual. Aseg\u00farese de explorar nuestros otros listados de sillas de ruedas el\u00e9ctricas.<\/p>","protected":false},"featured_media":1170,"comment_status":"open","ping_status":"closed","template":"","meta":[],"product_brand":[41],"product_cat":[29],"product_tag":[],"class_list":{"0":"post-178","1":"product","2":"type-product","3":"status-publish","4":"has-post-thumbnail","6":"product_brand-prime-scales","7":"product_cat-medical-equipment-scales","9":"first","10":"instock","11":"taxable","12":"shipping-taxable","13":"product-type-simple"},"yoast_head":"<!-- This site is optimized with the Yoast SEO plugin v27.6 - https:\/\/yoast.com\/product\/yoast-seo-wordpress\/ -->\n<title>PS-WCS 1000lb Wheelchair Medical Scale With Reading Indicator<\/title>\n<meta name=\"description\" content=\"PS-WCS Wheelchair Scale is ultra-portable &amp; can weigh up to 1000 lbs with 0.1lb accuracy. is has a low-profile structure with handles &amp; wheels for easy moving!\" \/>\n<meta name=\"robots\" content=\"index, follow, max-snippet:-1, max-image-preview:large, max-video-preview:-1\" \/>\n<link rel=\"canonical\" href=\"https:\/\/bizautom.com\/es\/producto\/wcs\/\" \/>\n<meta property=\"og:locale\" content=\"es_MX\" \/>\n<meta property=\"og:type\" content=\"article\" \/>\n<meta property=\"og:title\" content=\"PS-WCS 1000lb Wheelchair Medical Scale With Reading Indicator\" \/>\n<meta property=\"og:description\" content=\"PS-WCS Wheelchair Scale is ultra-portable &amp; can weigh up to 1000 lbs with 0.1lb accuracy. is has a low-profile structure with handles &amp; wheels for easy moving!\" \/>\n<meta property=\"og:url\" content=\"https:\/\/bizautom.com\/es\/producto\/wcs\/\" \/>\n<meta property=\"og:site_name\" content=\"BizAutom\" \/>\n<meta property=\"article:publisher\" content=\"https:\/\/www.facebook.com\/people\/TINGCHEN-BizAutom\/61565746662873\/\" \/>\n<meta property=\"article:modified_time\" content=\"2026-05-04T19:23:22+00:00\" \/>\n<meta property=\"og:image\" content=\"https:\/\/bizautom.com\/wp-content\/uploads\/2023\/06\/PS-WCS-N.jpg\" \/>\n\t<meta property=\"og:image:width\" content=\"1440\" \/>\n\t<meta property=\"og:image:height\" content=\"1440\" \/>\n\t<meta property=\"og:image:type\" content=\"image\/jpeg\" \/>\n<meta name=\"twitter:card\" content=\"summary_large_image\" \/>\n<meta name=\"twitter:label1\" content=\"Tiempo de lectura\" \/>\n\t<meta name=\"twitter:data1\" content=\"2 minutos\" \/>\n<!-- \/ Yoast SEO plugin. -->","yoast_head_json":{"title":"PS-WCS 1000lb Wheelchair Medical Scale With Reading Indicator","description":"PS-WCS Wheelchair Scale is ultra-portable & can weigh up to 1000 lbs with 0.1lb accuracy. is has a low-profile structure with handles & wheels for easy moving!","robots":{"index":"index","follow":"follow","max-snippet":"max-snippet:-1","max-image-preview":"max-image-preview:large","max-video-preview":"max-video-preview:-1"},"canonical":"https:\/\/bizautom.com\/es\/producto\/wcs\/","og_locale":"es_MX","og_type":"article","og_title":"PS-WCS 1000lb Wheelchair Medical Scale With Reading Indicator","og_description":"PS-WCS Wheelchair Scale is ultra-portable & can weigh up to 1000 lbs with 0.1lb accuracy. is has a low-profile structure with handles & wheels for easy moving!","og_url":"https:\/\/bizautom.com\/es\/producto\/wcs\/","og_site_name":"BizAutom","article_publisher":"https:\/\/www.facebook.com\/people\/TINGCHEN-BizAutom\/61565746662873\/","article_modified_time":"2026-05-04T19:23:22+00:00","og_image":[{"width":1440,"height":1440,"url":"https:\/\/bizautom.com\/wp-content\/uploads\/2023\/06\/PS-WCS-N.jpg","type":"image\/jpeg"}],"twitter_card":"summary_large_image","twitter_misc":{"Tiempo de lectura":"2 minutos"},"schema":{"@context":"https:\/\/schema.org","@graph":[{"@type":"WebPage","@id":"https:\/\/bizautom.com\/product\/wcs\/","url":"https:\/\/bizautom.com\/product\/wcs\/","name":"PS-WCS 1000lb Wheelchair Medical Scale With Reading Indicator","isPartOf":{"@id":"https:\/\/bizautom.com\/#website"},"primaryImageOfPage":{"@id":"https:\/\/bizautom.com\/product\/wcs\/#primaryimage"},"image":{"@id":"https:\/\/bizautom.com\/product\/wcs\/#primaryimage"},"thumbnailUrl":"https:\/\/bizautom.com\/wp-content\/uploads\/2023\/06\/PS-WCS-N.jpg","datePublished":"2023-06-04T02:49:46+00:00","dateModified":"2026-05-04T19:23:22+00:00","description":"PS-WCS Wheelchair Scale is ultra-portable & can weigh up to 1000 lbs with 0.1lb accuracy. is has a low-profile structure with handles & wheels for easy moving!","breadcrumb":{"@id":"https:\/\/bizautom.com\/product\/wcs\/#breadcrumb"},"inLanguage":"es","potentialAction":[{"@type":"ReadAction","target":["https:\/\/bizautom.com\/product\/wcs\/"]}]},{"@type":"ImageObject","inLanguage":"es","@id":"https:\/\/bizautom.com\/product\/wcs\/#primaryimage","url":"https:\/\/bizautom.com\/wp-content\/uploads\/2023\/06\/PS-WCS-N.jpg","contentUrl":"https:\/\/bizautom.com\/wp-content\/uploads\/2023\/06\/PS-WCS-N.jpg","width":1440,"height":1440},{"@type":"BreadcrumbList","@id":"https:\/\/bizautom.com\/product\/wcs\/#breadcrumb","itemListElement":[{"@type":"ListItem","position":1,"name":"Home","item":"https:\/\/bizautom.com\/"},{"@type":"ListItem","position":2,"name":"Shop","item":"https:\/\/bizautom.com\/shop-2\/"},{"@type":"ListItem","position":3,"name":"Prime Scales PS-WCS 1000lb Wheelchair Medical Scale with Reading Indicator"}]},{"@type":"WebSite","@id":"https:\/\/bizautom.com\/#website","url":"https:\/\/bizautom.com\/","name":"BizAutom","description":"R\u00e1pido. Preciso. Inteligente.","publisher":{"@id":"https:\/\/bizautom.com\/#organization"},"potentialAction":[{"@type":"SearchAction","target":{"@type":"EntryPoint","urlTemplate":"https:\/\/bizautom.com\/?s={search_term_string}"},"query-input":{"@type":"PropertyValueSpecification","valueRequired":true,"valueName":"search_term_string"}}],"inLanguage":"es"},{"@type":"Organization","@id":"https:\/\/bizautom.com\/#organization","name":"BizAutom","url":"https:\/\/bizautom.com\/","logo":{"@type":"ImageObject","inLanguage":"es","@id":"https:\/\/bizautom.com\/#\/schema\/logo\/image\/","url":"https:\/\/bizautom.com\/wp-content\/uploads\/2025\/04\/BizAutom_Logo_1.webp","contentUrl":"https:\/\/bizautom.com\/wp-content\/uploads\/2025\/04\/BizAutom_Logo_1.webp","width":455,"height":326,"caption":"BizAutom"},"image":{"@id":"https:\/\/bizautom.com\/#\/schema\/logo\/image\/"},"sameAs":["https:\/\/www.facebook.com\/people\/TINGCHEN-BizAutom\/61565746662873\/"]}]}},"jetpack-related-posts":[{"id":4341,"url":"https:\/\/bizautom.com\/es\/producto\/ps-wcs-pro-premium-wheelchair-scale-with-enhanced-safety-and-stability\/","url_meta":{"origin":178,"position":0},"title":"PS-WCS-Pro - B\u00e1scula para silla de ruedas Premium con seguridad y estabilidad mejoradas","author":"admin","date":"junio 12, 2025","format":false,"excerpt":"With its advanced safety features, improved ramp integration, and durable construction, the PS-WCS-Pro redefines wheelchair weighing. Whether in a medical facility or at home, this scale delivers the performance and peace of mind you can count on.","rel":"","context":"Entrada similar ","block_context":{"text":"Entrada similar ","link":""},"img":{"alt_text":"","src":"https:\/\/i0.wp.com\/bizautom.com\/wp-content\/uploads\/2025\/06\/PS-WCS-Pro.jpg?resize=350%2C200&ssl=1","width":350,"height":200,"srcset":"https:\/\/i0.wp.com\/bizautom.com\/wp-content\/uploads\/2025\/06\/PS-WCS-Pro.jpg?resize=350%2C200&ssl=1 1x, https:\/\/i0.wp.com\/bizautom.com\/wp-content\/uploads\/2025\/06\/PS-WCS-Pro.jpg?resize=525%2C300&ssl=1 1.5x, https:\/\/i0.wp.com\/bizautom.com\/wp-content\/uploads\/2025\/06\/PS-WCS-Pro.jpg?resize=700%2C400&ssl=1 2x, https:\/\/i0.wp.com\/bizautom.com\/wp-content\/uploads\/2025\/06\/PS-WCS-Pro.jpg?resize=1050%2C600&ssl=1 3x, https:\/\/i0.wp.com\/bizautom.com\/wp-content\/uploads\/2025\/06\/PS-WCS-Pro.jpg?resize=1400%2C800&ssl=1 4x"},"classes":[]},{"id":1147,"url":"https:\/\/bizautom.com\/es\/producto\/prime-scales-row-on-weigh-electric-wheelchair-scale-with-ps-in202\/","url_meta":{"origin":178,"position":1},"title":"Prime Scales B\u00e1scula El\u00e9ctrica para Pesar Sillas de Ruedas con Ruedas PS-IN202","author":"admin","date":"septiembre 16, 2023","format":false,"excerpt":"Presentaci\u00f3n de una b\u00e1scula especialmente dise\u00f1ada para pesar a personas en sillas de ruedas el\u00e9ctricas, ya que las b\u00e1sculas tradicionales para sillas de ruedas no son adecuadas para su tama\u00f1o y peso.","rel":"","context":"Entrada similar ","block_context":{"text":"Entrada similar ","link":""},"img":{"alt_text":"","src":"https:\/\/i0.wp.com\/bizautom.com\/wp-content\/uploads\/2023\/09\/PS-ROWwheelchair-scaled.jpg?resize=350%2C200&ssl=1","width":350,"height":200,"srcset":"https:\/\/i0.wp.com\/bizautom.com\/wp-content\/uploads\/2023\/09\/PS-ROWwheelchair-scaled.jpg?resize=350%2C200&ssl=1 1x, https:\/\/i0.wp.com\/bizautom.com\/wp-content\/uploads\/2023\/09\/PS-ROWwheelchair-scaled.jpg?resize=525%2C300&ssl=1 1.5x, https:\/\/i0.wp.com\/bizautom.com\/wp-content\/uploads\/2023\/09\/PS-ROWwheelchair-scaled.jpg?resize=700%2C400&ssl=1 2x, https:\/\/i0.wp.com\/bizautom.com\/wp-content\/uploads\/2023\/09\/PS-ROWwheelchair-scaled.jpg?resize=1050%2C600&ssl=1 3x, https:\/\/i0.wp.com\/bizautom.com\/wp-content\/uploads\/2023\/09\/PS-ROWwheelchair-scaled.jpg?resize=1400%2C800&ssl=1 4x"},"classes":[]},{"id":1522,"url":"https:\/\/bizautom.com\/es\/producto\/bizautom-row-on-weigh-scale-with-hand-rails\/","url_meta":{"origin":178,"position":2},"title":"B\u00e1scula Roll On BizAutom con ra\u00edles manuales","author":"admin","date":"agosto 29, 2024","format":false,"excerpt":"B\u00e1scula de pesaje BizAutom Row On con ra\u00edles para las manos, meticulosamente dise\u00f1ada para medir con precisi\u00f3n a personas sentadas en distintos tipos de sillas de ruedas, incluidas las el\u00e9ctricas.","rel":"","context":"Entrada similar ","block_context":{"text":"Entrada similar ","link":""},"img":{"alt_text":"","src":"https:\/\/i0.wp.com\/bizautom.com\/wp-content\/uploads\/2024\/08\/BA-WCS-HD_ElectricWheelchair.jpg?resize=350%2C200&ssl=1","width":350,"height":200,"srcset":"https:\/\/i0.wp.com\/bizautom.com\/wp-content\/uploads\/2024\/08\/BA-WCS-HD_ElectricWheelchair.jpg?resize=350%2C200&ssl=1 1x, https:\/\/i0.wp.com\/bizautom.com\/wp-content\/uploads\/2024\/08\/BA-WCS-HD_ElectricWheelchair.jpg?resize=525%2C300&ssl=1 1.5x, https:\/\/i0.wp.com\/bizautom.com\/wp-content\/uploads\/2024\/08\/BA-WCS-HD_ElectricWheelchair.jpg?resize=700%2C400&ssl=1 2x, https:\/\/i0.wp.com\/bizautom.com\/wp-content\/uploads\/2024\/08\/BA-WCS-HD_ElectricWheelchair.jpg?resize=1050%2C600&ssl=1 3x"},"classes":[]},{"id":823,"url":"https:\/\/bizautom.com\/es\/producto\/prime-scales-row-on-weigh-pallet-jack-floor-scale-with-ps-in202-indicator\/","url_meta":{"origin":178,"position":3},"title":"Prime Scales B\u00e1scula con indicador de peso para transpaletas con ruedas PS-IN202","author":"admin","date":"julio 18, 2023","format":false,"excerpt":"Cuando se trata de pesar estos objetos, una rampa es esencial, y nuestras b\u00e1sculas Roll On Weigh ofrecen precisamente eso. Su innovador dise\u00f1o garantiza que, cuando las ruedas de la transpaleta, la plataforma rodante, el carro o la silla de ruedas tocan la rampa, esta desciende suavemente hasta el suelo, soportando el peso de forma segura.","rel":"","context":"Entrada similar ","block_context":{"text":"Entrada similar ","link":""},"img":{"alt_text":"","src":"https:\/\/i0.wp.com\/bizautom.com\/wp-content\/uploads\/2023\/07\/PS-ROWPalletJack-scaled.jpg?resize=350%2C200&ssl=1","width":350,"height":200,"srcset":"https:\/\/i0.wp.com\/bizautom.com\/wp-content\/uploads\/2023\/07\/PS-ROWPalletJack-scaled.jpg?resize=350%2C200&ssl=1 1x, https:\/\/i0.wp.com\/bizautom.com\/wp-content\/uploads\/2023\/07\/PS-ROWPalletJack-scaled.jpg?resize=525%2C300&ssl=1 1.5x, https:\/\/i0.wp.com\/bizautom.com\/wp-content\/uploads\/2023\/07\/PS-ROWPalletJack-scaled.jpg?resize=700%2C400&ssl=1 2x, https:\/\/i0.wp.com\/bizautom.com\/wp-content\/uploads\/2023\/07\/PS-ROWPalletJack-scaled.jpg?resize=1050%2C600&ssl=1 3x, https:\/\/i0.wp.com\/bizautom.com\/wp-content\/uploads\/2023\/07\/PS-ROWPalletJack-scaled.jpg?resize=1400%2C800&ssl=1 4x"},"classes":[]},{"id":1001,"url":"https:\/\/bizautom.com\/es\/producto\/prime-scales-ps-700as4422-livestock-scale-veterinary-scale-with-indicator\/","url_meta":{"origin":178,"position":4},"title":"Prime Scales PS-700AS4422 Balanza Ganadera | Balanza Veterinaria con Indicador","author":"admin","date":"julio 19, 2023","format":false,"excerpt":"Garantice un control preciso y eficaz de la salud de los animales en las distintas fases de crecimiento con el uso de b\u00e1sculas para ganado. El pesaje de los animales es un aspecto crucial de las operaciones de la granja, ya que ayuda a mantener un rendimiento \u00f3ptimo y a garantizar su bienestar.","rel":"","context":"Entrada similar ","block_context":{"text":"Entrada similar ","link":""},"img":{"alt_text":"","src":"https:\/\/i0.wp.com\/bizautom.com\/wp-content\/uploads\/2023\/07\/CloudAnimalScale-Pig.jpg?resize=350%2C200&ssl=1","width":350,"height":200,"srcset":"https:\/\/i0.wp.com\/bizautom.com\/wp-content\/uploads\/2023\/07\/CloudAnimalScale-Pig.jpg?resize=350%2C200&ssl=1 1x, https:\/\/i0.wp.com\/bizautom.com\/wp-content\/uploads\/2023\/07\/CloudAnimalScale-Pig.jpg?resize=525%2C300&ssl=1 1.5x, https:\/\/i0.wp.com\/bizautom.com\/wp-content\/uploads\/2023\/07\/CloudAnimalScale-Pig.jpg?resize=700%2C400&ssl=1 2x, https:\/\/i0.wp.com\/bizautom.com\/wp-content\/uploads\/2023\/07\/CloudAnimalScale-Pig.jpg?resize=1050%2C600&ssl=1 3x, https:\/\/i0.wp.com\/bizautom.com\/wp-content\/uploads\/2023\/07\/CloudAnimalScale-Pig.jpg?resize=1400%2C800&ssl=1 4x"},"classes":[]},{"id":2190,"url":"https:\/\/bizautom.com\/es\/producto\/prime-scales-ps-10kf-pf-mobile-industrial-floor-scale-with-frame-lift-channels-and-indicator-pole\/","url_meta":{"origin":178,"position":5},"title":"Prime Scales PS-10KF-PF B\u00e1scula industrial m\u00f3vil de suelo con bastidor, canales de elevaci\u00f3n y poste indicador","author":"admin","date":"marzo 11, 2025","format":false,"excerpt":"Upgrade your weighing process with the PS-10KF-PF Mobile Industrial Floor Scale\u2014built for reliability, precision, and ease of use in any industrial setting.","rel":"","context":"Entrada similar ","block_context":{"text":"Entrada similar ","link":""},"img":{"alt_text":"","src":"https:\/\/i0.wp.com\/bizautom.com\/wp-content\/uploads\/2025\/03\/PS-10KF-PF.jpg?resize=350%2C200&ssl=1","width":350,"height":200,"srcset":"https:\/\/i0.wp.com\/bizautom.com\/wp-content\/uploads\/2025\/03\/PS-10KF-PF.jpg?resize=350%2C200&ssl=1 1x, https:\/\/i0.wp.com\/bizautom.com\/wp-content\/uploads\/2025\/03\/PS-10KF-PF.jpg?resize=525%2C300&ssl=1 1.5x, https:\/\/i0.wp.com\/bizautom.com\/wp-content\/uploads\/2025\/03\/PS-10KF-PF.jpg?resize=700%2C400&ssl=1 2x, https:\/\/i0.wp.com\/bizautom.com\/wp-content\/uploads\/2025\/03\/PS-10KF-PF.jpg?resize=1050%2C600&ssl=1 3x"},"classes":[]}],"jetpack_sharing_enabled":true,"_links":{"self":[{"href":"https:\/\/bizautom.com\/es\/wp-json\/wp\/v2\/product\/178","targetHints":{"allow":["GET"]}}],"collection":[{"href":"https:\/\/bizautom.com\/es\/wp-json\/wp\/v2\/product"}],"about":[{"href":"https:\/\/bizautom.com\/es\/wp-json\/wp\/v2\/types\/product"}],"replies":[{"embeddable":true,"href":"https:\/\/bizautom.com\/es\/wp-json\/wp\/v2\/comments?post=178"}],"version-history":[{"count":2,"href":"https:\/\/bizautom.com\/es\/wp-json\/wp\/v2\/product\/178\/revisions"}],"predecessor-version":[{"id":5855,"href":"https:\/\/bizautom.com\/es\/wp-json\/wp\/v2\/product\/178\/revisions\/5855"}],"wp:featuredmedia":[{"embeddable":true,"href":"https:\/\/bizautom.com\/es\/wp-json\/wp\/v2\/media\/1170"}],"wp:attachment":[{"href":"https:\/\/bizautom.com\/es\/wp-json\/wp\/v2\/media?parent=178"}],"wp:term":[{"taxonomy":"product_brand","embeddable":true,"href":"https:\/\/bizautom.com\/es\/wp-json\/wp\/v2\/product_brand?post=178"},{"taxonomy":"product_cat","embeddable":true,"href":"https:\/\/bizautom.com\/es\/wp-json\/wp\/v2\/product_cat?post=178"},{"taxonomy":"product_tag","embeddable":true,"href":"https:\/\/bizautom.com\/es\/wp-json\/wp\/v2\/product_tag?post=178"}],"curies":[{"name":"wp","href":"https:\/\/api.w.org\/{rel}","templated":true}]}}