{"id":2829,"date":"2025-03-26T03:57:32","date_gmt":"2025-03-26T07:57:32","guid":{"rendered":"https:\/\/bizautom.com\/?post_type=product&#038;p=2829"},"modified":"2026-05-04T14:52:23","modified_gmt":"2026-05-04T18:52:23","slug":"fulinks-super-sensor-fl-tag-tm","status":"publish","type":"product","link":"https:\/\/bizautom.com\/es\/producto\/fulinks-super-sensor-fl-tag-tm\/","title":{"rendered":"SUPER SENSOR (FL-TAG-TM)"},"content":{"rendered":"<p><strong>ESPECIFICACIONES:<\/strong><\/p>\n<p>Modo de funcionamiento: vigilancia en tiempo real las 24 horas<br \/>\nDimensiones: 3\u2033 x 1,18\u2033 x 0,67\u2033.<br \/>\nPeso: 28 g<br \/>\nTemperatura de funcionamiento: -30~55\u2103<br \/>\nGrado de protecci\u00f3n: IP68<\/p>\n<p>&nbsp;<\/p>\n<p><strong>CARACTER\u00cdSTICAS DEL PRODUCTO:<\/strong><\/p>\n<ul>\n<li>Datos de detecci\u00f3n: temperatura, celo, rumia, alimentaci\u00f3n, descanso, respiraci\u00f3n sibilante<\/li>\n<li>Funciones: Informe de anormalidad de salud, informe de celo, informe de vaca en celo, informe de fiebre y baja temperatura, informe de cojera y movimiento anormal, empuje de informaci\u00f3n de alerta temprana direccional.<\/li>\n<li>Modo de montaje: el cuerpo se puede desmontar<\/li>\n<li>Transmisi\u00f3n de ultra larga distancia de 2 millas, adecuada para ranchos de todos los tama\u00f1os<\/li>\n<\/ul>","protected":false},"excerpt":{"rendered":"<p>Control de la temperatura corporal central, el celo, la rumia, la alimentaci\u00f3n, el descanso y la actividad.<\/p>","protected":false},"featured_media":2832,"comment_status":"open","ping_status":"closed","template":"","meta":[],"product_brand":[],"product_cat":[151,32,150],"product_tag":[],"class_list":{"0":"post-2829","1":"product","2":"type-product","3":"status-publish","4":"has-post-thumbnail","6":"product_cat-bovivitals-cattle-management-system","7":"product_cat-instruments-parts","8":"product_cat-smart-ear-tag","10":"first","11":"instock","12":"taxable","13":"shipping-taxable","14":"product-type-simple"},"yoast_head":"<!-- This site is optimized with the Yoast SEO plugin v27.5 - https:\/\/yoast.com\/product\/yoast-seo-wordpress\/ -->\n<title>SUPER SENSOR (FL-TAG-TM) - BizAutom<\/title>\n<meta name=\"robots\" content=\"index, follow, max-snippet:-1, max-image-preview:large, max-video-preview:-1\" \/>\n<link rel=\"canonical\" href=\"https:\/\/bizautom.com\/es\/producto\/fulinks-super-sensor-fl-tag-tm\/\" \/>\n<meta property=\"og:locale\" content=\"es_MX\" \/>\n<meta property=\"og:type\" content=\"article\" \/>\n<meta property=\"og:title\" content=\"SUPER SENSOR (FL-TAG-TM) - BizAutom\" \/>\n<meta property=\"og:description\" content=\"Core body temperature, estrus, rumination, feeding, rest, and activity monitoring.\" \/>\n<meta property=\"og:url\" content=\"https:\/\/bizautom.com\/es\/producto\/fulinks-super-sensor-fl-tag-tm\/\" \/>\n<meta property=\"og:site_name\" content=\"BizAutom\" \/>\n<meta property=\"article:publisher\" content=\"https:\/\/www.facebook.com\/people\/TINGCHEN-BizAutom\/61565746662873\/\" \/>\n<meta property=\"article:modified_time\" content=\"2026-05-04T18:52:23+00:00\" \/>\n<meta property=\"og:image\" content=\"https:\/\/bizautom.com\/wp-content\/uploads\/2025\/03\/SUPER-SENSOR-FL-TAG-TM.jpeg\" \/>\n\t<meta property=\"og:image:width\" content=\"378\" \/>\n\t<meta property=\"og:image:height\" content=\"335\" \/>\n\t<meta property=\"og:image:type\" content=\"image\/jpeg\" \/>\n<meta name=\"twitter:card\" content=\"summary_large_image\" \/>\n<meta name=\"twitter:label1\" content=\"Tiempo de lectura\" \/>\n\t<meta name=\"twitter:data1\" content=\"1 minuto\" \/>\n<!-- \/ Yoast SEO plugin. -->","yoast_head_json":{"title":"SUPER SENSOR (FL-TAG-TM) - BizAutom","robots":{"index":"index","follow":"follow","max-snippet":"max-snippet:-1","max-image-preview":"max-image-preview:large","max-video-preview":"max-video-preview:-1"},"canonical":"https:\/\/bizautom.com\/es\/producto\/fulinks-super-sensor-fl-tag-tm\/","og_locale":"es_MX","og_type":"article","og_title":"SUPER SENSOR (FL-TAG-TM) - BizAutom","og_description":"Core body temperature, estrus, rumination, feeding, rest, and activity monitoring.","og_url":"https:\/\/bizautom.com\/es\/producto\/fulinks-super-sensor-fl-tag-tm\/","og_site_name":"BizAutom","article_publisher":"https:\/\/www.facebook.com\/people\/TINGCHEN-BizAutom\/61565746662873\/","article_modified_time":"2026-05-04T18:52:23+00:00","og_image":[{"width":378,"height":335,"url":"https:\/\/bizautom.com\/wp-content\/uploads\/2025\/03\/SUPER-SENSOR-FL-TAG-TM.jpeg","type":"image\/jpeg"}],"twitter_card":"summary_large_image","twitter_misc":{"Tiempo de lectura":"1 minuto"},"schema":{"@context":"https:\/\/schema.org","@graph":[{"@type":"WebPage","@id":"https:\/\/bizautom.com\/product\/fulinks-super-sensor-fl-tag-tm\/","url":"https:\/\/bizautom.com\/product\/fulinks-super-sensor-fl-tag-tm\/","name":"SUPER SENSOR (FL-TAG-TM) - BizAutom","isPartOf":{"@id":"https:\/\/bizautom.com\/#website"},"primaryImageOfPage":{"@id":"https:\/\/bizautom.com\/product\/fulinks-super-sensor-fl-tag-tm\/#primaryimage"},"image":{"@id":"https:\/\/bizautom.com\/product\/fulinks-super-sensor-fl-tag-tm\/#primaryimage"},"thumbnailUrl":"https:\/\/bizautom.com\/wp-content\/uploads\/2025\/03\/SUPER-SENSOR-FL-TAG-TM.jpeg","datePublished":"2025-03-26T07:57:32+00:00","dateModified":"2026-05-04T18:52:23+00:00","breadcrumb":{"@id":"https:\/\/bizautom.com\/product\/fulinks-super-sensor-fl-tag-tm\/#breadcrumb"},"inLanguage":"es","potentialAction":[{"@type":"ReadAction","target":["https:\/\/bizautom.com\/product\/fulinks-super-sensor-fl-tag-tm\/"]}]},{"@type":"ImageObject","inLanguage":"es","@id":"https:\/\/bizautom.com\/product\/fulinks-super-sensor-fl-tag-tm\/#primaryimage","url":"https:\/\/bizautom.com\/wp-content\/uploads\/2025\/03\/SUPER-SENSOR-FL-TAG-TM.jpeg","contentUrl":"https:\/\/bizautom.com\/wp-content\/uploads\/2025\/03\/SUPER-SENSOR-FL-TAG-TM.jpeg","width":378,"height":335},{"@type":"BreadcrumbList","@id":"https:\/\/bizautom.com\/product\/fulinks-super-sensor-fl-tag-tm\/#breadcrumb","itemListElement":[{"@type":"ListItem","position":1,"name":"Home","item":"https:\/\/bizautom.com\/"},{"@type":"ListItem","position":2,"name":"Shop","item":"https:\/\/bizautom.com\/shop-2\/"},{"@type":"ListItem","position":3,"name":"SUPER SENSOR (FL-TAG-TM)"}]},{"@type":"WebSite","@id":"https:\/\/bizautom.com\/#website","url":"https:\/\/bizautom.com\/","name":"BizAutom","description":"R\u00e1pido. Preciso. Inteligente.","publisher":{"@id":"https:\/\/bizautom.com\/#organization"},"potentialAction":[{"@type":"SearchAction","target":{"@type":"EntryPoint","urlTemplate":"https:\/\/bizautom.com\/?s={search_term_string}"},"query-input":{"@type":"PropertyValueSpecification","valueRequired":true,"valueName":"search_term_string"}}],"inLanguage":"es"},{"@type":"Organization","@id":"https:\/\/bizautom.com\/#organization","name":"BizAutom","url":"https:\/\/bizautom.com\/","logo":{"@type":"ImageObject","inLanguage":"es","@id":"https:\/\/bizautom.com\/#\/schema\/logo\/image\/","url":"https:\/\/bizautom.com\/wp-content\/uploads\/2025\/04\/BizAutom_Logo_1.webp","contentUrl":"https:\/\/bizautom.com\/wp-content\/uploads\/2025\/04\/BizAutom_Logo_1.webp","width":455,"height":326,"caption":"BizAutom"},"image":{"@id":"https:\/\/bizautom.com\/#\/schema\/logo\/image\/"},"sameAs":["https:\/\/www.facebook.com\/people\/TINGCHEN-BizAutom\/61565746662873\/"]}]}},"jetpack-related-posts":[{"id":2846,"url":"https:\/\/bizautom.com\/es\/producto\/fulinks-smart-collar-fl-collar-m\/","url_meta":{"origin":2829,"position":0},"title":"COLLAR INTELIGENTE (FL-COLLAR-M)","author":"Hitesh Sonwane","date":"marzo 26, 2025","format":false,"excerpt":"Control del celo, la rumia, la alimentaci\u00f3n, el descanso y la actividad.","rel":"","context":"Entrada similar ","block_context":{"text":"Entrada similar ","link":""},"img":{"alt_text":"","src":"https:\/\/i0.wp.com\/bizautom.com\/wp-content\/uploads\/2025\/03\/SMART-COLLAR-FL-COLLAR-M.jpeg?resize=350%2C200&ssl=1","width":350,"height":200},"classes":[]},{"id":2840,"url":"https:\/\/bizautom.com\/es\/producto\/fulinks-smart-ear-tag-fl-tag-m\/","url_meta":{"origin":2829,"position":1},"title":"CROTAL INTELIGENTE (FL-TAG-M)","author":"Hitesh Sonwane","date":"marzo 26, 2025","format":false,"excerpt":"Control del celo, la rumia, la alimentaci\u00f3n, el descanso y la actividad.","rel":"","context":"Entrada similar ","block_context":{"text":"Entrada similar ","link":""},"img":{"alt_text":"","src":"https:\/\/i0.wp.com\/bizautom.com\/wp-content\/uploads\/2025\/03\/SMART-EAR-TAG-FL-TAG-M.jpeg?resize=350%2C200&ssl=1","width":350,"height":200},"classes":[]},{"id":1488,"url":"https:\/\/bizautom.com\/es\/producto\/bizautom-livestox-caged-cattle-scale-with-bio-microchip-thermometer-and-scada-system\/","url_meta":{"origin":2829,"position":2},"title":"BizAutom LivestoX Balanza para ganado en jaula con term\u00f3metro Bio Microchip y sistema SCADA","author":"admin","date":"agosto 14, 2024","format":false,"excerpt":"La b\u00e1scula para ganado en jaula BizAutom LivestoX con term\u00f3metro Bio Microchip y sistema SCADA es una inversi\u00f3n esencial para los ganaderos que buscan mejorar sus pr\u00e1cticas de gesti\u00f3n ganadera con tecnolog\u00eda de vanguardia.","rel":"","context":"Entrada similar ","block_context":{"text":"Entrada similar ","link":""},"img":{"alt_text":"","src":"https:\/\/i0.wp.com\/bizautom.com\/wp-content\/uploads\/2024\/08\/LiveStoX-scaled.jpg?resize=350%2C200&ssl=1","width":350,"height":200,"srcset":"https:\/\/i0.wp.com\/bizautom.com\/wp-content\/uploads\/2024\/08\/LiveStoX-scaled.jpg?resize=350%2C200&ssl=1 1x, https:\/\/i0.wp.com\/bizautom.com\/wp-content\/uploads\/2024\/08\/LiveStoX-scaled.jpg?resize=525%2C300&ssl=1 1.5x, https:\/\/i0.wp.com\/bizautom.com\/wp-content\/uploads\/2024\/08\/LiveStoX-scaled.jpg?resize=700%2C400&ssl=1 2x, https:\/\/i0.wp.com\/bizautom.com\/wp-content\/uploads\/2024\/08\/LiveStoX-scaled.jpg?resize=1050%2C600&ssl=1 3x, https:\/\/i0.wp.com\/bizautom.com\/wp-content\/uploads\/2024\/08\/LiveStoX-scaled.jpg?resize=1400%2C800&ssl=1 4x"},"classes":[]},{"id":2894,"url":"https:\/\/bizautom.com\/es\/producto\/fulinks-data-gateway-flxc-100\/","url_meta":{"origin":2829,"position":3},"title":"PASARELA DE DATOS (FLXC-100)","author":"Hitesh Sonwane","date":"marzo 26, 2025","format":false,"excerpt":"Responsable del acceso a la plataforma en la nube de Internet.","rel":"","context":"Entrada similar ","block_context":{"text":"Entrada similar ","link":""},"img":{"alt_text":"","src":"https:\/\/i0.wp.com\/bizautom.com\/wp-content\/uploads\/2025\/03\/gtw.png?resize=350%2C200&ssl=1","width":350,"height":200},"classes":[]},{"id":2892,"url":"https:\/\/bizautom.com\/es\/producto\/fulinks-collector-flcc-100\/","url_meta":{"origin":2829,"position":4},"title":"COLECTOR (FLCC-100)","author":"Hitesh Sonwane","date":"marzo 26, 2025","format":false,"excerpt":"Se utiliza para recoger se\u00f1ales de datos de sensores y cargarlas.","rel":"","context":"Entrada similar ","block_context":{"text":"Entrada similar ","link":""},"img":{"alt_text":"","src":"https:\/\/i0.wp.com\/bizautom.com\/wp-content\/uploads\/2025\/03\/cc.png?resize=350%2C200&ssl=1","width":350,"height":200},"classes":[]},{"id":1596,"url":"https:\/\/bizautom.com\/es\/producto\/bizautom-livestox-caged-cattle-scale\/","url_meta":{"origin":2829,"position":5},"title":"BizAutom LivestoX Balanza para Ganado en Jaula con Indicador High End","author":"admin","date":"octubre 20, 2024","format":false,"excerpt":"La b\u00e1scula para ganado en jaula BizAutom LivestoX es una inversi\u00f3n esencial para los ganaderos que buscan mejorar sus pr\u00e1cticas de gesti\u00f3n ganadera con tecnolog\u00eda de vanguardia.","rel":"","context":"Entrada similar ","block_context":{"text":"Entrada similar ","link":""},"img":{"alt_text":"","src":"https:\/\/i0.wp.com\/bizautom.com\/wp-content\/uploads\/2024\/10\/LiveStoX202-scaled.jpg?resize=350%2C200&ssl=1","width":350,"height":200,"srcset":"https:\/\/i0.wp.com\/bizautom.com\/wp-content\/uploads\/2024\/10\/LiveStoX202-scaled.jpg?resize=350%2C200&ssl=1 1x, https:\/\/i0.wp.com\/bizautom.com\/wp-content\/uploads\/2024\/10\/LiveStoX202-scaled.jpg?resize=525%2C300&ssl=1 1.5x, https:\/\/i0.wp.com\/bizautom.com\/wp-content\/uploads\/2024\/10\/LiveStoX202-scaled.jpg?resize=700%2C400&ssl=1 2x, https:\/\/i0.wp.com\/bizautom.com\/wp-content\/uploads\/2024\/10\/LiveStoX202-scaled.jpg?resize=1050%2C600&ssl=1 3x, https:\/\/i0.wp.com\/bizautom.com\/wp-content\/uploads\/2024\/10\/LiveStoX202-scaled.jpg?resize=1400%2C800&ssl=1 4x"},"classes":[]}],"jetpack_sharing_enabled":true,"_links":{"self":[{"href":"https:\/\/bizautom.com\/es\/wp-json\/wp\/v2\/product\/2829","targetHints":{"allow":["GET"]}}],"collection":[{"href":"https:\/\/bizautom.com\/es\/wp-json\/wp\/v2\/product"}],"about":[{"href":"https:\/\/bizautom.com\/es\/wp-json\/wp\/v2\/types\/product"}],"replies":[{"embeddable":true,"href":"https:\/\/bizautom.com\/es\/wp-json\/wp\/v2\/comments?post=2829"}],"version-history":[{"count":4,"href":"https:\/\/bizautom.com\/es\/wp-json\/wp\/v2\/product\/2829\/revisions"}],"predecessor-version":[{"id":2923,"href":"https:\/\/bizautom.com\/es\/wp-json\/wp\/v2\/product\/2829\/revisions\/2923"}],"wp:featuredmedia":[{"embeddable":true,"href":"https:\/\/bizautom.com\/es\/wp-json\/wp\/v2\/media\/2832"}],"wp:attachment":[{"href":"https:\/\/bizautom.com\/es\/wp-json\/wp\/v2\/media?parent=2829"}],"wp:term":[{"taxonomy":"product_brand","embeddable":true,"href":"https:\/\/bizautom.com\/es\/wp-json\/wp\/v2\/product_brand?post=2829"},{"taxonomy":"product_cat","embeddable":true,"href":"https:\/\/bizautom.com\/es\/wp-json\/wp\/v2\/product_cat?post=2829"},{"taxonomy":"product_tag","embeddable":true,"href":"https:\/\/bizautom.com\/es\/wp-json\/wp\/v2\/product_tag?post=2829"}],"curies":[{"name":"wp","href":"https:\/\/api.w.org\/{rel}","templated":true}]}}