{"id":2846,"date":"2025-03-26T07:30:52","date_gmt":"2025-03-26T11:30:52","guid":{"rendered":"https:\/\/bizautom.com\/?post_type=product&#038;p=2846"},"modified":"2025-03-27T22:01:30","modified_gmt":"2025-03-28T02:01:30","slug":"fulinks-smart-collar-fl-collar-m","status":"publish","type":"product","link":"https:\/\/bizautom.com\/es\/producto\/fulinks-smart-collar-fl-collar-m\/","title":{"rendered":"COLLAR INTELIGENTE (FL-COLLAR-M)"},"content":{"rendered":"<p><strong>ESPECIFICACIONES:<\/strong><\/p>\n<p>Modo de funcionamiento: vigilancia en tiempo real las 24 horas<br \/>\nDimensiones: 1,6\u2033 x 47\u2033 (ajustable)<br \/>\nPeso: 270 g<br \/>\nTemperatura de funcionamiento: -30~55\u2103<br \/>\nGrado de protecci\u00f3n: IP68<\/p>\n<p>&nbsp;<\/p>\n<p><strong>CARACTER\u00cdSTICAS DEL PRODUCTO:<\/strong><\/p>\n<ul>\n<li>Datos de la prueba: celo, rumia, alimentaci\u00f3n, descanso<\/li>\n<li>Modo de funcionamiento: supervisi\u00f3n en tiempo real las 24 horas<\/li>\n<li>Funciones: informe de celo, informe de vaca en celo, informe de salud anormal, env\u00edo de informaci\u00f3n de advertencia espec\u00edfica<\/li>\n<li>Modo de montaje: el cuerpo se puede desmontar<\/li>\n<\/ul>\n<p>&nbsp;<\/p>\n<p><strong>TIPO DE RED:<\/strong><\/p>\n<ul>\n<li>Distancia de comunicaci\u00f3n: 5 KM<\/li>\n<li>Modo de red: Internet de los objetos, Internet m\u00f3vil<\/li>\n<\/ul>","protected":false},"excerpt":{"rendered":"<p>Control del celo, la rumia, la alimentaci\u00f3n, el descanso y la actividad.<\/p>","protected":false},"featured_media":2830,"comment_status":"open","ping_status":"closed","template":"","meta":[],"product_brand":[152],"product_cat":[151,32,150],"product_tag":[],"class_list":{"0":"post-2846","1":"product","2":"type-product","3":"status-publish","4":"has-post-thumbnail","6":"product_brand-fulinks","7":"product_cat-bovivitals-cattle-management-system","8":"product_cat-instruments-parts","9":"product_cat-smart-ear-tag","11":"first","12":"instock","13":"taxable","14":"shipping-taxable","15":"product-type-simple"},"yoast_head":"<!-- This site is optimized with the Yoast SEO plugin v27.3 - https:\/\/yoast.com\/product\/yoast-seo-wordpress\/ -->\n<title>SMART COLLAR (FL-COLLAR-M) - BizAutom<\/title>\n<meta name=\"robots\" content=\"index, follow, max-snippet:-1, max-image-preview:large, max-video-preview:-1\" \/>\n<link rel=\"canonical\" href=\"https:\/\/bizautom.com\/es\/producto\/fulinks-smart-collar-fl-collar-m\/\" \/>\n<meta property=\"og:locale\" content=\"es_MX\" \/>\n<meta property=\"og:type\" content=\"article\" \/>\n<meta property=\"og:title\" content=\"SMART COLLAR (FL-COLLAR-M) - BizAutom\" \/>\n<meta property=\"og:description\" content=\"Estrus, Rumination, Feeding, Rest, And Activity Monitoring.\" \/>\n<meta property=\"og:url\" content=\"https:\/\/bizautom.com\/es\/producto\/fulinks-smart-collar-fl-collar-m\/\" \/>\n<meta property=\"og:site_name\" content=\"BizAutom\" \/>\n<meta property=\"article:publisher\" content=\"https:\/\/www.facebook.com\/people\/TINGCHEN-BizAutom\/61565746662873\/\" \/>\n<meta property=\"article:modified_time\" content=\"2025-03-28T02:01:30+00:00\" \/>\n<meta property=\"og:image\" content=\"https:\/\/bizautom.com\/wp-content\/uploads\/2025\/03\/SMART-COLLAR-FL-COLLAR-M.jpeg\" \/>\n\t<meta property=\"og:image:width\" content=\"381\" \/>\n\t<meta property=\"og:image:height\" content=\"330\" \/>\n\t<meta property=\"og:image:type\" content=\"image\/jpeg\" \/>\n<meta name=\"twitter:card\" content=\"summary_large_image\" \/>\n<meta name=\"twitter:label1\" content=\"Tiempo de lectura\" \/>\n\t<meta name=\"twitter:data1\" content=\"1 minuto\" \/>\n<!-- \/ Yoast SEO plugin. -->","yoast_head_json":{"title":"SMART COLLAR (FL-COLLAR-M) - BizAutom","robots":{"index":"index","follow":"follow","max-snippet":"max-snippet:-1","max-image-preview":"max-image-preview:large","max-video-preview":"max-video-preview:-1"},"canonical":"https:\/\/bizautom.com\/es\/producto\/fulinks-smart-collar-fl-collar-m\/","og_locale":"es_MX","og_type":"article","og_title":"SMART COLLAR (FL-COLLAR-M) - BizAutom","og_description":"Estrus, Rumination, Feeding, Rest, And Activity Monitoring.","og_url":"https:\/\/bizautom.com\/es\/producto\/fulinks-smart-collar-fl-collar-m\/","og_site_name":"BizAutom","article_publisher":"https:\/\/www.facebook.com\/people\/TINGCHEN-BizAutom\/61565746662873\/","article_modified_time":"2025-03-28T02:01:30+00:00","og_image":[{"width":381,"height":330,"url":"https:\/\/bizautom.com\/wp-content\/uploads\/2025\/03\/SMART-COLLAR-FL-COLLAR-M.jpeg","type":"image\/jpeg"}],"twitter_card":"summary_large_image","twitter_misc":{"Tiempo de lectura":"1 minuto"},"schema":{"@context":"https:\/\/schema.org","@graph":[{"@type":"WebPage","@id":"https:\/\/bizautom.com\/product\/fulinks-smart-collar-fl-collar-m\/","url":"https:\/\/bizautom.com\/product\/fulinks-smart-collar-fl-collar-m\/","name":"SMART COLLAR (FL-COLLAR-M) - BizAutom","isPartOf":{"@id":"https:\/\/bizautom.com\/#website"},"primaryImageOfPage":{"@id":"https:\/\/bizautom.com\/product\/fulinks-smart-collar-fl-collar-m\/#primaryimage"},"image":{"@id":"https:\/\/bizautom.com\/product\/fulinks-smart-collar-fl-collar-m\/#primaryimage"},"thumbnailUrl":"https:\/\/bizautom.com\/wp-content\/uploads\/2025\/03\/SMART-COLLAR-FL-COLLAR-M.jpeg","datePublished":"2025-03-26T11:30:52+00:00","dateModified":"2025-03-28T02:01:30+00:00","breadcrumb":{"@id":"https:\/\/bizautom.com\/product\/fulinks-smart-collar-fl-collar-m\/#breadcrumb"},"inLanguage":"es","potentialAction":[{"@type":"ReadAction","target":["https:\/\/bizautom.com\/product\/fulinks-smart-collar-fl-collar-m\/"]}]},{"@type":"ImageObject","inLanguage":"es","@id":"https:\/\/bizautom.com\/product\/fulinks-smart-collar-fl-collar-m\/#primaryimage","url":"https:\/\/bizautom.com\/wp-content\/uploads\/2025\/03\/SMART-COLLAR-FL-COLLAR-M.jpeg","contentUrl":"https:\/\/bizautom.com\/wp-content\/uploads\/2025\/03\/SMART-COLLAR-FL-COLLAR-M.jpeg","width":381,"height":330},{"@type":"BreadcrumbList","@id":"https:\/\/bizautom.com\/product\/fulinks-smart-collar-fl-collar-m\/#breadcrumb","itemListElement":[{"@type":"ListItem","position":1,"name":"Home","item":"https:\/\/bizautom.com\/"},{"@type":"ListItem","position":2,"name":"Shop","item":"https:\/\/bizautom.com\/shop-2\/"},{"@type":"ListItem","position":3,"name":"SMART COLLAR (FL-COLLAR-M)"}]},{"@type":"WebSite","@id":"https:\/\/bizautom.com\/#website","url":"https:\/\/bizautom.com\/","name":"BizAutom","description":"R\u00e1pido. Preciso. Inteligente.","publisher":{"@id":"https:\/\/bizautom.com\/#organization"},"potentialAction":[{"@type":"SearchAction","target":{"@type":"EntryPoint","urlTemplate":"https:\/\/bizautom.com\/?s={search_term_string}"},"query-input":{"@type":"PropertyValueSpecification","valueRequired":true,"valueName":"search_term_string"}}],"inLanguage":"es"},{"@type":"Organization","@id":"https:\/\/bizautom.com\/#organization","name":"BizAutom","url":"https:\/\/bizautom.com\/","logo":{"@type":"ImageObject","inLanguage":"es","@id":"https:\/\/bizautom.com\/#\/schema\/logo\/image\/","url":"https:\/\/bizautom.com\/wp-content\/uploads\/2025\/04\/BizAutom_Logo_1.webp","contentUrl":"https:\/\/bizautom.com\/wp-content\/uploads\/2025\/04\/BizAutom_Logo_1.webp","width":455,"height":326,"caption":"BizAutom"},"image":{"@id":"https:\/\/bizautom.com\/#\/schema\/logo\/image\/"},"sameAs":["https:\/\/www.facebook.com\/people\/TINGCHEN-BizAutom\/61565746662873\/"]}]}},"jetpack-related-posts":[{"id":2840,"url":"https:\/\/bizautom.com\/es\/producto\/fulinks-smart-ear-tag-fl-tag-m\/","url_meta":{"origin":2846,"position":0},"title":"CROTAL INTELIGENTE (FL-TAG-M)","author":"Hitesh Sonwane","date":"marzo 26, 2025","format":false,"excerpt":"Control del celo, la rumia, la alimentaci\u00f3n, el descanso y la actividad.","rel":"","context":"Entrada similar ","block_context":{"text":"Entrada similar ","link":""},"img":{"alt_text":"","src":"https:\/\/i0.wp.com\/bizautom.com\/wp-content\/uploads\/2025\/03\/SMART-EAR-TAG-FL-TAG-M.jpeg?resize=350%2C200&ssl=1","width":350,"height":200},"classes":[]},{"id":2829,"url":"https:\/\/bizautom.com\/es\/producto\/fulinks-super-sensor-fl-tag-tm\/","url_meta":{"origin":2846,"position":1},"title":"SUPER SENSOR (FL-TAG-TM)","author":"Hitesh Sonwane","date":"marzo 26, 2025","format":false,"excerpt":"Control de la temperatura corporal central, el celo, la rumia, la alimentaci\u00f3n, el descanso y la actividad.","rel":"","context":"Entrada similar ","block_context":{"text":"Entrada similar ","link":""},"img":{"alt_text":"","src":"https:\/\/i0.wp.com\/bizautom.com\/wp-content\/uploads\/2025\/03\/SUPER-SENSOR-FL-TAG-TM.jpeg?resize=350%2C200&ssl=1","width":350,"height":200},"classes":[]},{"id":1488,"url":"https:\/\/bizautom.com\/es\/producto\/bizautom-livestox-caged-cattle-scale-with-bio-microchip-thermometer-and-scada-system\/","url_meta":{"origin":2846,"position":2},"title":"BizAutom LivestoX Balanza para ganado en jaula con term\u00f3metro Bio Microchip y sistema SCADA","author":"admin","date":"agosto 14, 2024","format":false,"excerpt":"La b\u00e1scula para ganado en jaula BizAutom LivestoX con term\u00f3metro Bio Microchip y sistema SCADA es una inversi\u00f3n esencial para los ganaderos que buscan mejorar sus pr\u00e1cticas de gesti\u00f3n ganadera con tecnolog\u00eda de vanguardia.","rel":"","context":"Entrada similar ","block_context":{"text":"Entrada similar ","link":""},"img":{"alt_text":"","src":"https:\/\/i0.wp.com\/bizautom.com\/wp-content\/uploads\/2024\/08\/LiveStoX-scaled.jpg?resize=350%2C200&ssl=1","width":350,"height":200,"srcset":"https:\/\/i0.wp.com\/bizautom.com\/wp-content\/uploads\/2024\/08\/LiveStoX-scaled.jpg?resize=350%2C200&ssl=1 1x, https:\/\/i0.wp.com\/bizautom.com\/wp-content\/uploads\/2024\/08\/LiveStoX-scaled.jpg?resize=525%2C300&ssl=1 1.5x, https:\/\/i0.wp.com\/bizautom.com\/wp-content\/uploads\/2024\/08\/LiveStoX-scaled.jpg?resize=700%2C400&ssl=1 2x, https:\/\/i0.wp.com\/bizautom.com\/wp-content\/uploads\/2024\/08\/LiveStoX-scaled.jpg?resize=1050%2C600&ssl=1 3x, https:\/\/i0.wp.com\/bizautom.com\/wp-content\/uploads\/2024\/08\/LiveStoX-scaled.jpg?resize=1400%2C800&ssl=1 4x"},"classes":[]},{"id":1596,"url":"https:\/\/bizautom.com\/es\/producto\/bizautom-livestox-caged-cattle-scale\/","url_meta":{"origin":2846,"position":3},"title":"BizAutom LivestoX Balanza para Ganado en Jaula con Indicador High End","author":"admin","date":"octubre 20, 2024","format":false,"excerpt":"La b\u00e1scula para ganado en jaula BizAutom LivestoX es una inversi\u00f3n esencial para los ganaderos que buscan mejorar sus pr\u00e1cticas de gesti\u00f3n ganadera con tecnolog\u00eda de vanguardia.","rel":"","context":"Entrada similar ","block_context":{"text":"Entrada similar ","link":""},"img":{"alt_text":"","src":"https:\/\/i0.wp.com\/bizautom.com\/wp-content\/uploads\/2024\/10\/LiveStoX202-scaled.jpg?resize=350%2C200&ssl=1","width":350,"height":200,"srcset":"https:\/\/i0.wp.com\/bizautom.com\/wp-content\/uploads\/2024\/10\/LiveStoX202-scaled.jpg?resize=350%2C200&ssl=1 1x, https:\/\/i0.wp.com\/bizautom.com\/wp-content\/uploads\/2024\/10\/LiveStoX202-scaled.jpg?resize=525%2C300&ssl=1 1.5x, https:\/\/i0.wp.com\/bizautom.com\/wp-content\/uploads\/2024\/10\/LiveStoX202-scaled.jpg?resize=700%2C400&ssl=1 2x, https:\/\/i0.wp.com\/bizautom.com\/wp-content\/uploads\/2024\/10\/LiveStoX202-scaled.jpg?resize=1050%2C600&ssl=1 3x, https:\/\/i0.wp.com\/bizautom.com\/wp-content\/uploads\/2024\/10\/LiveStoX202-scaled.jpg?resize=1400%2C800&ssl=1 4x"},"classes":[]},{"id":1635,"url":"https:\/\/bizautom.com\/es\/producto\/bizautom-nine-scale-software-comprehensive-real-time-scale-monitoring-solution\/","url_meta":{"origin":2846,"position":4},"title":"Software BizAutom Nine-Scale: Soluci\u00f3n integral de supervisi\u00f3n de escalas en tiempo real","author":"admin","date":"octubre 26, 2024","format":false,"excerpt":"With its user-friendly interface, reliable connectivity options, and highly customizable scale configurations, the BizAutom Nine-Scale Software is a smart investment for businesses looking to enhance operational oversight and control. Ideal for industries where weight tracking and inventory control are critical, this software simplifies complex multi-scale monitoring, allowing you to focus\u2026","rel":"","context":"Entrada similar ","block_context":{"text":"Entrada similar ","link":""},"img":{"alt_text":"","src":"https:\/\/i0.wp.com\/bizautom.com\/wp-content\/uploads\/2024\/10\/ScreenShot-scaled.jpg?resize=350%2C200&ssl=1","width":350,"height":200,"srcset":"https:\/\/i0.wp.com\/bizautom.com\/wp-content\/uploads\/2024\/10\/ScreenShot-scaled.jpg?resize=350%2C200&ssl=1 1x, https:\/\/i0.wp.com\/bizautom.com\/wp-content\/uploads\/2024\/10\/ScreenShot-scaled.jpg?resize=525%2C300&ssl=1 1.5x, https:\/\/i0.wp.com\/bizautom.com\/wp-content\/uploads\/2024\/10\/ScreenShot-scaled.jpg?resize=700%2C400&ssl=1 2x, https:\/\/i0.wp.com\/bizautom.com\/wp-content\/uploads\/2024\/10\/ScreenShot-scaled.jpg?resize=1050%2C600&ssl=1 3x, https:\/\/i0.wp.com\/bizautom.com\/wp-content\/uploads\/2024\/10\/ScreenShot-scaled.jpg?resize=1400%2C800&ssl=1 4x"},"classes":[]},{"id":1472,"url":"https:\/\/bizautom.com\/es\/producto\/bizautom-pc-1-pc-based-controller-weight-indicator-combo\/","url_meta":{"origin":2846,"position":5},"title":"BizAutom PC-1 Combo Controlador\/Indicador de peso basado en PC","author":"admin","date":"julio 14, 2024","format":false,"excerpt":"Presentamos el controlador BizAutom Mainstream, dise\u00f1ado para satisfacer las necesidades de una amplia gama de proyectos gracias a su robusta funcionalidad y versatilidad.","rel":"","context":"Entrada similar ","block_context":{"text":"Entrada similar ","link":""},"img":{"alt_text":"","src":"https:\/\/i0.wp.com\/bizautom.com\/wp-content\/uploads\/2024\/07\/PC-1-scaled.jpg?resize=350%2C200&ssl=1","width":350,"height":200,"srcset":"https:\/\/i0.wp.com\/bizautom.com\/wp-content\/uploads\/2024\/07\/PC-1-scaled.jpg?resize=350%2C200&ssl=1 1x, https:\/\/i0.wp.com\/bizautom.com\/wp-content\/uploads\/2024\/07\/PC-1-scaled.jpg?resize=525%2C300&ssl=1 1.5x, https:\/\/i0.wp.com\/bizautom.com\/wp-content\/uploads\/2024\/07\/PC-1-scaled.jpg?resize=700%2C400&ssl=1 2x, https:\/\/i0.wp.com\/bizautom.com\/wp-content\/uploads\/2024\/07\/PC-1-scaled.jpg?resize=1050%2C600&ssl=1 3x, https:\/\/i0.wp.com\/bizautom.com\/wp-content\/uploads\/2024\/07\/PC-1-scaled.jpg?resize=1400%2C800&ssl=1 4x"},"classes":[]}],"jetpack_sharing_enabled":true,"_links":{"self":[{"href":"https:\/\/bizautom.com\/es\/wp-json\/wp\/v2\/product\/2846","targetHints":{"allow":["GET"]}}],"collection":[{"href":"https:\/\/bizautom.com\/es\/wp-json\/wp\/v2\/product"}],"about":[{"href":"https:\/\/bizautom.com\/es\/wp-json\/wp\/v2\/types\/product"}],"replies":[{"embeddable":true,"href":"https:\/\/bizautom.com\/es\/wp-json\/wp\/v2\/comments?post=2846"}],"version-history":[{"count":4,"href":"https:\/\/bizautom.com\/es\/wp-json\/wp\/v2\/product\/2846\/revisions"}],"predecessor-version":[{"id":2921,"href":"https:\/\/bizautom.com\/es\/wp-json\/wp\/v2\/product\/2846\/revisions\/2921"}],"wp:featuredmedia":[{"embeddable":true,"href":"https:\/\/bizautom.com\/es\/wp-json\/wp\/v2\/media\/2830"}],"wp:attachment":[{"href":"https:\/\/bizautom.com\/es\/wp-json\/wp\/v2\/media?parent=2846"}],"wp:term":[{"taxonomy":"product_brand","embeddable":true,"href":"https:\/\/bizautom.com\/es\/wp-json\/wp\/v2\/product_brand?post=2846"},{"taxonomy":"product_cat","embeddable":true,"href":"https:\/\/bizautom.com\/es\/wp-json\/wp\/v2\/product_cat?post=2846"},{"taxonomy":"product_tag","embeddable":true,"href":"https:\/\/bizautom.com\/es\/wp-json\/wp\/v2\/product_tag?post=2846"}],"curies":[{"name":"wp","href":"https:\/\/api.w.org\/{rel}","templated":true}]}}