{"id":4327,"date":"2025-05-21T20:03:39","date_gmt":"2025-05-22T00:03:39","guid":{"rendered":"https:\/\/bizautom.com\/?post_type=product&#038;p=4327"},"modified":"2026-05-04T13:42:56","modified_gmt":"2026-05-04T17:42:56","slug":"prime-scales-ps-in202s-stainless-steel-ntep-legal-for-trade-indicator","status":"publish","type":"product","link":"https:\/\/bizautom.com\/es\/producto\/prime-scales-ps-in202s-stainless-steel-ntep-legal-for-trade-indicator\/","title":{"rendered":"Prime Scales PS-IN202S Acero inoxidable NTEP Indicador legal para el comercio"},"content":{"rendered":"<p data-start=\"350\" data-end=\"740\">Certificado NTEP | Salida RS232 | Clasificaci\u00f3n IP67<\/p>\n<p data-start=\"350\" data-end=\"740\">En <strong data-start=\"354\" data-end=\"367\">PS-IN202S<\/strong> es un avanzado <strong data-start=\"383\" data-end=\"426\">Visor de peso digital certificado NTEP<\/strong> fabricada para ofrecer precisi\u00f3n, durabilidad y f\u00e1cil integraci\u00f3n en una amplia gama de sistemas de pesaje industrial. Esta versi\u00f3n mejorada de la popular PS-IN202 cuenta con un <strong data-start=\"595\" data-end=\"628\">Caja de acero inoxidable 304<\/strong>por lo que es ideal para su uso en entornos de lavado, procesamiento de alimentos, agricultura y otros entornos duros o corrosivos.<\/p>\n<hr data-start=\"742\" data-end=\"745\" \/>\n<h4 data-start=\"747\" data-end=\"790\">\ud83d\udd27 <strong data-start=\"755\" data-end=\"790\">Especificaciones y caracter\u00edsticas principales<\/strong><\/h4>\n<ul data-start=\"792\" data-end=\"2367\">\n<li data-start=\"792\" data-end=\"969\">\n<p data-start=\"794\" data-end=\"969\"><strong data-start=\"794\" data-end=\"827\">Caja de acero inoxidable 304<\/strong><br data-start=\"827\" data-end=\"830\" \/>La carcasa resistente a la corrosi\u00f3n con clasificaci\u00f3n IP67 ofrece protecci\u00f3n frente al agua, el polvo y los productos qu\u00edmicos, lo que resulta ideal para entornos sanitarios e industriales.<\/p>\n<\/li>\n<li data-start=\"971\" data-end=\"1099\">\n<p data-start=\"973\" data-end=\"1099\"><strong data-start=\"973\" data-end=\"990\">Aprobado por NTEP<\/strong><br data-start=\"990\" data-end=\"993\" \/>La certificaci\u00f3n legal para el comercio (CoC #12-112) garantiza la precisi\u00f3n y la conformidad para aplicaciones comerciales.<\/p>\n<\/li>\n<li data-start=\"1101\" data-end=\"1228\">\n<p data-start=\"1103\" data-end=\"1228\"><strong data-start=\"1103\" data-end=\"1132\">Pantalla LED de alto contraste<\/strong><br data-start=\"1132\" data-end=\"1135\" \/>La brillante pantalla LED roja de 1,5\" garantiza una excelente visibilidad tanto en espacios de trabajo iluminados como en penumbra.<\/p>\n<\/li>\n<li data-start=\"1230\" data-end=\"1440\">\n<p data-start=\"1232\" data-end=\"1440\"><strong data-start=\"1232\" data-end=\"1258\">Salida RS232 vers\u00e1til<\/strong><br data-start=\"1258\" data-end=\"1261\" \/>Equipado con comunicaci\u00f3n serie RS232 para facilitar la conexi\u00f3n a impresoras, ordenadores o pantallas remotas. Compatible con la mayor\u00eda de los sistemas de TPV y software que admiten entrada serie.<\/p>\n<\/li>\n<li data-start=\"1442\" data-end=\"1612\">\n<p data-start=\"1444\" data-end=\"1612\"><strong data-start=\"1444\" data-end=\"1465\">Soporte de la c\u00e9lula de carga<\/strong><br data-start=\"1465\" data-end=\"1468\" \/>Potencia hasta <strong data-start=\"1483\" data-end=\"1495\">8 \u00d7 350\u03a9<\/strong> c\u00e9lulas de carga o <strong data-start=\"1510\" data-end=\"1523\">16 \u00d7 700\u03a9<\/strong>, lo que la hace compatible con grandes b\u00e1sculas de suelo, b\u00e1sculas ganaderas y sistemas multicelda.<\/p>\n<\/li>\n<li data-start=\"1614\" data-end=\"1750\">\n<p data-start=\"1616\" data-end=\"1750\"><strong data-start=\"1616\" data-end=\"1645\">Modos de pesaje seleccionables<\/strong><br data-start=\"1645\" data-end=\"1648\" \/>Admite las funciones Bruto, Neto, Tara, Cero y Acumulaci\u00f3n para operaciones flexibles en cualquier flujo de trabajo.<\/p>\n<\/li>\n<li data-start=\"1752\" data-end=\"1889\">\n<p data-start=\"1754\" data-end=\"1889\"><strong data-start=\"1754\" data-end=\"1781\">Interfaz f\u00e1cil de usar<\/strong><br data-start=\"1781\" data-end=\"1784\" \/>Sencillo panel frontal de 5 teclas (ZERO, TARA, IMPRIMIR, FUNC, ON\/OFF) para una navegaci\u00f3n intuitiva y un funcionamiento r\u00e1pido.<\/p>\n<\/li>\n<li data-start=\"1891\" data-end=\"2012\">\n<p data-start=\"1893\" data-end=\"2012\"><strong data-start=\"1893\" data-end=\"1921\">Soporte de montaje duradero<\/strong><br data-start=\"1921\" data-end=\"1924\" \/>Viene con un soporte de acero inoxidable ajustable para facilitar el montaje en pared, banco o poste.<\/p>\n<\/li>\n<li data-start=\"2014\" data-end=\"2176\">\n<p data-start=\"2016\" data-end=\"2176\"><strong data-start=\"2016\" data-end=\"2032\">Fuente de alimentaci\u00f3n<\/strong><br data-start=\"2032\" data-end=\"2035\" \/>Incluye adaptador de pared de 110 V CA y bater\u00eda interna recargable para uso port\u00e1til o ininterrumpido. Duraci\u00f3n de la bater\u00eda de hasta 100 horas por carga.<\/p>\n<\/li>\n<li data-start=\"2178\" data-end=\"2264\">\n<p data-start=\"2180\" data-end=\"2264\"><strong data-start=\"2180\" data-end=\"2207\">Tolerancia medioambiental<\/strong><br data-start=\"2207\" data-end=\"2210\" \/>Temperatura de funcionamiento: -10\u00b0C a 40\u00b0C (14\u00b0F a 104\u00b0F)<\/p>\n<\/li>\n<li data-start=\"2266\" data-end=\"2367\">\n<p data-start=\"2268\" data-end=\"2293\"><strong data-start=\"2268\" data-end=\"2291\">Dimensiones y peso<\/strong><\/p>\n<ul data-start=\"2296\" data-end=\"2367\">\n<li data-start=\"2296\" data-end=\"2341\">\n<p data-start=\"2298\" data-end=\"2341\">Indicador: 9,3\u2033 (L) \u00d7 2,8\u2033 (P) \u00d7 6,5\u2033 (H)<\/p>\n<\/li>\n<li data-start=\"2344\" data-end=\"2367\">\n<p data-start=\"2346\" data-end=\"2367\">Peso: Aprox. 4 lbs<\/p>\n<\/li>\n<\/ul>\n<\/li>\n<\/ul>\n<hr data-start=\"2369\" data-end=\"2372\" \/>\n<h4 data-start=\"2374\" data-end=\"2397\">\u2705 <strong data-start=\"2381\" data-end=\"2397\">Aplicaciones<\/strong><\/h4>\n<ul data-start=\"2399\" data-end=\"2595\">\n<li data-start=\"2399\" data-end=\"2424\">\n<p data-start=\"2401\" data-end=\"2424\">Almac\u00e9n y log\u00edstica<\/p>\n<\/li>\n<li data-start=\"2425\" data-end=\"2462\">\n<p data-start=\"2427\" data-end=\"2462\">Pesaje agr\u00edcola y ganadero<\/p>\n<\/li>\n<li data-start=\"2463\" data-end=\"2506\">\n<p data-start=\"2465\" data-end=\"2506\">Entornos de procesamiento y lavado de alimentos<\/p>\n<\/li>\n<li data-start=\"2507\" data-end=\"2532\">\n<p data-start=\"2509\" data-end=\"2532\">Balanzas de suelo y de pal\u00e9s<\/p>\n<\/li>\n<li data-start=\"2533\" data-end=\"2571\">\n<p data-start=\"2535\" data-end=\"2571\">Tolvas, silos y sistemas de dosificaci\u00f3n<\/p>\n<\/li>\n<li data-start=\"2572\" data-end=\"2595\">\n<p data-start=\"2574\" data-end=\"2595\">B\u00e1sculas de camiones y ejes<\/p>\n<\/li>\n<\/ul>","protected":false},"excerpt":{"rendered":"<p>En <strong data-start=\"2606\" data-end=\"2619\">PS-IN202S<\/strong> es la soluci\u00f3n ideal para las operaciones que exigen <strong data-start=\"2667\" data-end=\"2680\">precisi\u00f3n<\/strong>, <strong data-start=\"2682\" data-end=\"2696\">durabilidad<\/strong>y <strong data-start=\"2702\" data-end=\"2727\">cumplimiento de la normativa<\/strong>. Tanto si est\u00e1 actualizando un equipo existente como configurando un nuevo sistema de b\u00e1scula industrial, el PS-IN202S ofrece un rendimiento robusto con una conectividad perfecta.<\/p>","protected":false},"featured_media":4328,"comment_status":"open","ping_status":"closed","template":"","meta":[],"product_brand":[41],"product_cat":[32],"product_tag":[],"class_list":{"0":"post-4327","1":"product","2":"type-product","3":"status-publish","4":"has-post-thumbnail","6":"product_brand-prime-scales","7":"product_cat-instruments-parts","9":"first","10":"instock","11":"taxable","12":"shipping-taxable","13":"product-type-simple"},"yoast_head":"<!-- This site is optimized with the Yoast SEO plugin v27.5 - https:\/\/yoast.com\/product\/yoast-seo-wordpress\/ -->\n<title>Prime Scales PS-IN202S Stainless Steel NTEP Legal For Trade Indicator - BizAutom<\/title>\n<meta name=\"robots\" content=\"index, follow, max-snippet:-1, max-image-preview:large, max-video-preview:-1\" \/>\n<link rel=\"canonical\" href=\"https:\/\/bizautom.com\/es\/producto\/prime-scales-ps-in202s-stainless-steel-ntep-legal-for-trade-indicator\/\" \/>\n<meta property=\"og:locale\" content=\"es_MX\" \/>\n<meta property=\"og:type\" content=\"article\" \/>\n<meta property=\"og:title\" content=\"Prime Scales PS-IN202S Stainless Steel NTEP Legal For Trade Indicator - BizAutom\" \/>\n<meta property=\"og:description\" content=\"The PS-IN202S is the ideal solution for operations demanding precision, durability, and regulatory compliance. Whether you\u2019re upgrading existing equipment or setting up a new industrial scale system, the PS-IN202S offers rugged performance with seamless connectivity.\" \/>\n<meta property=\"og:url\" content=\"https:\/\/bizautom.com\/es\/producto\/prime-scales-ps-in202s-stainless-steel-ntep-legal-for-trade-indicator\/\" \/>\n<meta property=\"og:site_name\" content=\"BizAutom\" \/>\n<meta property=\"article:publisher\" content=\"https:\/\/www.facebook.com\/people\/TINGCHEN-BizAutom\/61565746662873\/\" \/>\n<meta property=\"article:modified_time\" content=\"2026-05-04T17:42:56+00:00\" \/>\n<meta property=\"og:image\" content=\"https:\/\/bizautom.com\/wp-content\/uploads\/2025\/05\/PS-IN202S-scaled.jpg\" \/>\n\t<meta property=\"og:image:width\" content=\"2560\" \/>\n\t<meta property=\"og:image:height\" content=\"2560\" \/>\n\t<meta property=\"og:image:type\" content=\"image\/jpeg\" \/>\n<meta name=\"twitter:card\" content=\"summary_large_image\" \/>\n<meta name=\"twitter:label1\" content=\"Tiempo de lectura\" \/>\n\t<meta name=\"twitter:data1\" content=\"2 minutos\" \/>\n<!-- \/ Yoast SEO plugin. -->","yoast_head_json":{"title":"Prime Scales PS-IN202S Stainless Steel NTEP Legal For Trade Indicator - BizAutom","robots":{"index":"index","follow":"follow","max-snippet":"max-snippet:-1","max-image-preview":"max-image-preview:large","max-video-preview":"max-video-preview:-1"},"canonical":"https:\/\/bizautom.com\/es\/producto\/prime-scales-ps-in202s-stainless-steel-ntep-legal-for-trade-indicator\/","og_locale":"es_MX","og_type":"article","og_title":"Prime Scales PS-IN202S Stainless Steel NTEP Legal For Trade Indicator - BizAutom","og_description":"The PS-IN202S is the ideal solution for operations demanding precision, durability, and regulatory compliance. Whether you\u2019re upgrading existing equipment or setting up a new industrial scale system, the PS-IN202S offers rugged performance with seamless connectivity.","og_url":"https:\/\/bizautom.com\/es\/producto\/prime-scales-ps-in202s-stainless-steel-ntep-legal-for-trade-indicator\/","og_site_name":"BizAutom","article_publisher":"https:\/\/www.facebook.com\/people\/TINGCHEN-BizAutom\/61565746662873\/","article_modified_time":"2026-05-04T17:42:56+00:00","og_image":[{"width":2560,"height":2560,"url":"https:\/\/bizautom.com\/wp-content\/uploads\/2025\/05\/PS-IN202S-scaled.jpg","type":"image\/jpeg"}],"twitter_card":"summary_large_image","twitter_misc":{"Tiempo de lectura":"2 minutos"},"schema":{"@context":"https:\/\/schema.org","@graph":[{"@type":"WebPage","@id":"https:\/\/bizautom.com\/product\/prime-scales-ps-in202s-stainless-steel-ntep-legal-for-trade-indicator\/","url":"https:\/\/bizautom.com\/product\/prime-scales-ps-in202s-stainless-steel-ntep-legal-for-trade-indicator\/","name":"Prime Scales PS-IN202S Stainless Steel NTEP Legal For Trade Indicator - BizAutom","isPartOf":{"@id":"https:\/\/bizautom.com\/#website"},"primaryImageOfPage":{"@id":"https:\/\/bizautom.com\/product\/prime-scales-ps-in202s-stainless-steel-ntep-legal-for-trade-indicator\/#primaryimage"},"image":{"@id":"https:\/\/bizautom.com\/product\/prime-scales-ps-in202s-stainless-steel-ntep-legal-for-trade-indicator\/#primaryimage"},"thumbnailUrl":"https:\/\/bizautom.com\/wp-content\/uploads\/2025\/05\/PS-IN202S-scaled.jpg","datePublished":"2025-05-22T00:03:39+00:00","dateModified":"2026-05-04T17:42:56+00:00","breadcrumb":{"@id":"https:\/\/bizautom.com\/product\/prime-scales-ps-in202s-stainless-steel-ntep-legal-for-trade-indicator\/#breadcrumb"},"inLanguage":"es","potentialAction":[{"@type":"ReadAction","target":["https:\/\/bizautom.com\/product\/prime-scales-ps-in202s-stainless-steel-ntep-legal-for-trade-indicator\/"]}]},{"@type":"ImageObject","inLanguage":"es","@id":"https:\/\/bizautom.com\/product\/prime-scales-ps-in202s-stainless-steel-ntep-legal-for-trade-indicator\/#primaryimage","url":"https:\/\/bizautom.com\/wp-content\/uploads\/2025\/05\/PS-IN202S-scaled.jpg","contentUrl":"https:\/\/bizautom.com\/wp-content\/uploads\/2025\/05\/PS-IN202S-scaled.jpg","width":2560,"height":2560},{"@type":"BreadcrumbList","@id":"https:\/\/bizautom.com\/product\/prime-scales-ps-in202s-stainless-steel-ntep-legal-for-trade-indicator\/#breadcrumb","itemListElement":[{"@type":"ListItem","position":1,"name":"Home","item":"https:\/\/bizautom.com\/"},{"@type":"ListItem","position":2,"name":"Shop","item":"https:\/\/bizautom.com\/shop-2\/"},{"@type":"ListItem","position":3,"name":"Prime Scales PS-IN202S Stainless Steel NTEP Legal For Trade Indicator"}]},{"@type":"WebSite","@id":"https:\/\/bizautom.com\/#website","url":"https:\/\/bizautom.com\/","name":"BizAutom","description":"R\u00e1pido. Preciso. Inteligente.","publisher":{"@id":"https:\/\/bizautom.com\/#organization"},"potentialAction":[{"@type":"SearchAction","target":{"@type":"EntryPoint","urlTemplate":"https:\/\/bizautom.com\/?s={search_term_string}"},"query-input":{"@type":"PropertyValueSpecification","valueRequired":true,"valueName":"search_term_string"}}],"inLanguage":"es"},{"@type":"Organization","@id":"https:\/\/bizautom.com\/#organization","name":"BizAutom","url":"https:\/\/bizautom.com\/","logo":{"@type":"ImageObject","inLanguage":"es","@id":"https:\/\/bizautom.com\/#\/schema\/logo\/image\/","url":"https:\/\/bizautom.com\/wp-content\/uploads\/2025\/04\/BizAutom_Logo_1.webp","contentUrl":"https:\/\/bizautom.com\/wp-content\/uploads\/2025\/04\/BizAutom_Logo_1.webp","width":455,"height":326,"caption":"BizAutom"},"image":{"@id":"https:\/\/bizautom.com\/#\/schema\/logo\/image\/"},"sameAs":["https:\/\/www.facebook.com\/people\/TINGCHEN-BizAutom\/61565746662873\/"]}]}},"jetpack-related-posts":[{"id":1024,"url":"https:\/\/bizautom.com\/es\/producto\/prime-scales-ps-in202ss-stainless-steel-ntep-indicator-trade-legal\/","url_meta":{"origin":4327,"position":0},"title":"Prime Scales PS-IN202SS Indicador NTEP de acero inoxidable - Trade Legal","author":"admin","date":"julio 20, 2023","format":false,"excerpt":"The Prime PS-IN202SS indicator stands as a Legal For Trade (NTEP approved) device, equipped with serial output compatibility for printers or PCs. Encased in a robust 304 stainless steel enclosure with an IP-67 waterproof rating, it guarantees durability and protection. Renowned as the top choice for floor scales, small truck\u2026","rel":"","context":"Entrada similar ","block_context":{"text":"Entrada similar ","link":""},"img":{"alt_text":"prime scales ps-in202","src":"https:\/\/i0.wp.com\/bizautom.com\/wp-content\/uploads\/2023\/07\/PS-IN202SS.jpg?resize=350%2C200&ssl=1","width":350,"height":200,"srcset":"https:\/\/i0.wp.com\/bizautom.com\/wp-content\/uploads\/2023\/07\/PS-IN202SS.jpg?resize=350%2C200&ssl=1 1x, https:\/\/i0.wp.com\/bizautom.com\/wp-content\/uploads\/2023\/07\/PS-IN202SS.jpg?resize=525%2C300&ssl=1 1.5x, https:\/\/i0.wp.com\/bizautom.com\/wp-content\/uploads\/2023\/07\/PS-IN202SS.jpg?resize=700%2C400&ssl=1 2x, https:\/\/i0.wp.com\/bizautom.com\/wp-content\/uploads\/2023\/07\/PS-IN202SS.jpg?resize=1050%2C600&ssl=1 3x, https:\/\/i0.wp.com\/bizautom.com\/wp-content\/uploads\/2023\/07\/PS-IN202SS.jpg?resize=1400%2C800&ssl=1 4x"},"classes":[]},{"id":957,"url":"https:\/\/bizautom.com\/es\/producto\/prime-scales-ps-in202-digital-indicator-with-rs232-signal-output\/","url_meta":{"origin":4327,"position":1},"title":"Prime Scales PS-IN202 Indicador digital con salida de se\u00f1al RS232","author":"admin","date":"julio 18, 2023","format":false,"excerpt":"Tanto si actualmente necesita un indicador b\u00e1sico como si prev\u00e9 la necesidad de conectar su b\u00e1scula con la red BizAutom en el futuro, el PS-IN202 es una opci\u00f3n ideal.","rel":"","context":"Entrada similar ","block_context":{"text":"Entrada similar ","link":""},"img":{"alt_text":"","src":"https:\/\/i0.wp.com\/bizautom.com\/wp-content\/uploads\/2023\/07\/PS-IN202.jpg?resize=350%2C200&ssl=1","width":350,"height":200,"srcset":"https:\/\/i0.wp.com\/bizautom.com\/wp-content\/uploads\/2023\/07\/PS-IN202.jpg?resize=350%2C200&ssl=1 1x, https:\/\/i0.wp.com\/bizautom.com\/wp-content\/uploads\/2023\/07\/PS-IN202.jpg?resize=525%2C300&ssl=1 1.5x, https:\/\/i0.wp.com\/bizautom.com\/wp-content\/uploads\/2023\/07\/PS-IN202.jpg?resize=700%2C400&ssl=1 2x"},"classes":[]},{"id":823,"url":"https:\/\/bizautom.com\/es\/producto\/prime-scales-row-on-weigh-pallet-jack-floor-scale-with-ps-in202-indicator\/","url_meta":{"origin":4327,"position":2},"title":"Prime Scales B\u00e1scula con indicador de peso para transpaletas con ruedas PS-IN202","author":"admin","date":"julio 18, 2023","format":false,"excerpt":"Cuando se trata de pesar estos objetos, una rampa es esencial, y nuestras b\u00e1sculas Roll On Weigh ofrecen precisamente eso. Su innovador dise\u00f1o garantiza que, cuando las ruedas de la transpaleta, la plataforma rodante, el carro o la silla de ruedas tocan la rampa, esta desciende suavemente hasta el suelo, soportando el peso de forma segura.","rel":"","context":"Entrada similar ","block_context":{"text":"Entrada similar ","link":""},"img":{"alt_text":"","src":"https:\/\/i0.wp.com\/bizautom.com\/wp-content\/uploads\/2023\/07\/PS-ROWPalletJack-scaled.jpg?resize=350%2C200&ssl=1","width":350,"height":200,"srcset":"https:\/\/i0.wp.com\/bizautom.com\/wp-content\/uploads\/2023\/07\/PS-ROWPalletJack-scaled.jpg?resize=350%2C200&ssl=1 1x, https:\/\/i0.wp.com\/bizautom.com\/wp-content\/uploads\/2023\/07\/PS-ROWPalletJack-scaled.jpg?resize=525%2C300&ssl=1 1.5x, https:\/\/i0.wp.com\/bizautom.com\/wp-content\/uploads\/2023\/07\/PS-ROWPalletJack-scaled.jpg?resize=700%2C400&ssl=1 2x, https:\/\/i0.wp.com\/bizautom.com\/wp-content\/uploads\/2023\/07\/PS-ROWPalletJack-scaled.jpg?resize=1050%2C600&ssl=1 3x, https:\/\/i0.wp.com\/bizautom.com\/wp-content\/uploads\/2023\/07\/PS-ROWPalletJack-scaled.jpg?resize=1400%2C800&ssl=1 4x"},"classes":[]},{"id":1147,"url":"https:\/\/bizautom.com\/es\/producto\/prime-scales-row-on-weigh-electric-wheelchair-scale-with-ps-in202\/","url_meta":{"origin":4327,"position":3},"title":"Prime Scales B\u00e1scula El\u00e9ctrica para Pesar Sillas de Ruedas con Ruedas PS-IN202","author":"admin","date":"septiembre 16, 2023","format":false,"excerpt":"Presentaci\u00f3n de una b\u00e1scula especialmente dise\u00f1ada para pesar a personas en sillas de ruedas el\u00e9ctricas, ya que las b\u00e1sculas tradicionales para sillas de ruedas no son adecuadas para su tama\u00f1o y peso.","rel":"","context":"Entrada similar ","block_context":{"text":"Entrada similar ","link":""},"img":{"alt_text":"","src":"https:\/\/i0.wp.com\/bizautom.com\/wp-content\/uploads\/2023\/09\/PS-ROWwheelchair-scaled.jpg?resize=350%2C200&ssl=1","width":350,"height":200,"srcset":"https:\/\/i0.wp.com\/bizautom.com\/wp-content\/uploads\/2023\/09\/PS-ROWwheelchair-scaled.jpg?resize=350%2C200&ssl=1 1x, https:\/\/i0.wp.com\/bizautom.com\/wp-content\/uploads\/2023\/09\/PS-ROWwheelchair-scaled.jpg?resize=525%2C300&ssl=1 1.5x, https:\/\/i0.wp.com\/bizautom.com\/wp-content\/uploads\/2023\/09\/PS-ROWwheelchair-scaled.jpg?resize=700%2C400&ssl=1 2x, https:\/\/i0.wp.com\/bizautom.com\/wp-content\/uploads\/2023\/09\/PS-ROWwheelchair-scaled.jpg?resize=1050%2C600&ssl=1 3x, https:\/\/i0.wp.com\/bizautom.com\/wp-content\/uploads\/2023\/09\/PS-ROWwheelchair-scaled.jpg?resize=1400%2C800&ssl=1 4x"},"classes":[]},{"id":2085,"url":"https:\/\/bizautom.com\/es\/producto\/bizautom-pc-1-tt-totalizer-indicator-advanced-weighing-and-totalizing-solution\/","url_meta":{"origin":4327,"position":4},"title":"Indicador totalizador BizAutom PC-1-TT - Soluci\u00f3n avanzada de pesaje y totalizaci\u00f3n","author":"admin","date":"marzo 3, 2025","format":false,"excerpt":"The BizAutom PC-1 Totalizer Indicator is the perfect solution for businesses that require accurate totalization, clear visual alerts, and industrial-grade durability in their weighing processes.","rel":"","context":"Entrada similar ","block_context":{"text":"Entrada similar ","link":""},"img":{"alt_text":"","src":"https:\/\/i0.wp.com\/bizautom.com\/wp-content\/uploads\/2025\/03\/Totalizer_Indicator.jpg?resize=350%2C200&ssl=1","width":350,"height":200,"srcset":"https:\/\/i0.wp.com\/bizautom.com\/wp-content\/uploads\/2025\/03\/Totalizer_Indicator.jpg?resize=350%2C200&ssl=1 1x, https:\/\/i0.wp.com\/bizautom.com\/wp-content\/uploads\/2025\/03\/Totalizer_Indicator.jpg?resize=525%2C300&ssl=1 1.5x, https:\/\/i0.wp.com\/bizautom.com\/wp-content\/uploads\/2025\/03\/Totalizer_Indicator.jpg?resize=700%2C400&ssl=1 2x, https:\/\/i0.wp.com\/bizautom.com\/wp-content\/uploads\/2025\/03\/Totalizer_Indicator.jpg?resize=1050%2C600&ssl=1 3x, https:\/\/i0.wp.com\/bizautom.com\/wp-content\/uploads\/2025\/03\/Totalizer_Indicator.jpg?resize=1400%2C800&ssl=1 4x"},"classes":[]},{"id":992,"url":"https:\/\/bizautom.com\/es\/producto\/ps-wb\/","url_meta":{"origin":4327,"position":5},"title":"Prime Scales PS-WB Juegos de barras de carga \/ pesaje con indicador","author":"admin","date":"julio 19, 2023","format":false,"excerpt":"Convierta su tolva de ganado, pal\u00e9 o cualquier otro equipo en una b\u00e1scula fiable con nuestras barras de pesaje. Con una plataforma para aplicarlas, puede convertir f\u00e1cilmente las configuraciones existentes en sistemas de pesaje precisos.","rel":"","context":"Entrada similar ","block_context":{"text":"Entrada similar ","link":""},"img":{"alt_text":"","src":"https:\/\/i0.wp.com\/bizautom.com\/wp-content\/uploads\/2023\/07\/PS-WB.jpg?resize=350%2C200&ssl=1","width":350,"height":200,"srcset":"https:\/\/i0.wp.com\/bizautom.com\/wp-content\/uploads\/2023\/07\/PS-WB.jpg?resize=350%2C200&ssl=1 1x, https:\/\/i0.wp.com\/bizautom.com\/wp-content\/uploads\/2023\/07\/PS-WB.jpg?resize=525%2C300&ssl=1 1.5x, https:\/\/i0.wp.com\/bizautom.com\/wp-content\/uploads\/2023\/07\/PS-WB.jpg?resize=700%2C400&ssl=1 2x"},"classes":[]}],"jetpack_sharing_enabled":true,"_links":{"self":[{"href":"https:\/\/bizautom.com\/es\/wp-json\/wp\/v2\/product\/4327","targetHints":{"allow":["GET"]}}],"collection":[{"href":"https:\/\/bizautom.com\/es\/wp-json\/wp\/v2\/product"}],"about":[{"href":"https:\/\/bizautom.com\/es\/wp-json\/wp\/v2\/types\/product"}],"replies":[{"embeddable":true,"href":"https:\/\/bizautom.com\/es\/wp-json\/wp\/v2\/comments?post=4327"}],"version-history":[{"count":1,"href":"https:\/\/bizautom.com\/es\/wp-json\/wp\/v2\/product\/4327\/revisions"}],"predecessor-version":[{"id":4329,"href":"https:\/\/bizautom.com\/es\/wp-json\/wp\/v2\/product\/4327\/revisions\/4329"}],"wp:featuredmedia":[{"embeddable":true,"href":"https:\/\/bizautom.com\/es\/wp-json\/wp\/v2\/media\/4328"}],"wp:attachment":[{"href":"https:\/\/bizautom.com\/es\/wp-json\/wp\/v2\/media?parent=4327"}],"wp:term":[{"taxonomy":"product_brand","embeddable":true,"href":"https:\/\/bizautom.com\/es\/wp-json\/wp\/v2\/product_brand?post=4327"},{"taxonomy":"product_cat","embeddable":true,"href":"https:\/\/bizautom.com\/es\/wp-json\/wp\/v2\/product_cat?post=4327"},{"taxonomy":"product_tag","embeddable":true,"href":"https:\/\/bizautom.com\/es\/wp-json\/wp\/v2\/product_tag?post=4327"}],"curies":[{"name":"wp","href":"https:\/\/api.w.org\/{rel}","templated":true}]}}