{"id":4337,"date":"2025-06-10T15:32:40","date_gmt":"2025-06-10T19:32:40","guid":{"rendered":"https:\/\/bizautom.com\/?post_type=product&#038;p=4337"},"modified":"2026-05-04T13:41:30","modified_gmt":"2026-05-04T17:41:30","slug":"bizautom-cubeweigh-dimensioner-and-scale-system","status":"publish","type":"product","link":"https:\/\/bizautom.com\/es\/producto\/bizautom-cubeweigh-dimensioner-and-scale-system\/","title":{"rendered":"Dimensionador y balanza BizAutom BA-CBW CubeWeigh"},"content":{"rendered":"<p data-start=\"195\" data-end=\"520\">El sistema de b\u00e1scula y dimensionador BizAutom es una potente soluci\u00f3n dise\u00f1ada para agilizar sus procesos de medici\u00f3n y env\u00edo de pal\u00e9s. Simplemente coloque el palet en la b\u00e1scula de suelo de alta resistencia y, a continuaci\u00f3n, haga rodar el dimensionador hasta el palet. Con una sola acci\u00f3n, el sistema captura instant\u00e1neamente el peso y las dimensiones con gran precisi\u00f3n.<\/p>\n<p data-start=\"522\" data-end=\"788\">Todos los datos -peso, longitud, anchura y altura- se registran autom\u00e1ticamente y se imprimen en el acto, lo que reduce la introducci\u00f3n manual y los errores humanos. Perfecta integraci\u00f3n con sus <strong data-start=\"695\" data-end=\"729\">software de env\u00edo, SGA o ERP<\/strong> garantiza un flujo de datos fluido en todas sus operaciones log\u00edsticas.<\/p>\n<p data-start=\"790\" data-end=\"980\">Mejore la visibilidad y la documentaci\u00f3n conectando una c\u00e1mara opcional para capturar una imagen de cada pal\u00e9. Esta funci\u00f3n permite la verificaci\u00f3n de reclamaciones, el seguimiento de inventarios y la auditor\u00eda de env\u00edos.<\/p>\n<p data-start=\"982\" data-end=\"999\"><strong data-start=\"982\" data-end=\"999\">Caracter\u00edsticas principales:<\/strong><\/p>\n<ul data-start=\"1000\" data-end=\"1284\">\n<li data-start=\"1000\" data-end=\"1055\">\n<p data-start=\"1002\" data-end=\"1055\">Dimensionamiento y pesaje de pal\u00e9s r\u00e1pido y preciso<\/p>\n<\/li>\n<li data-start=\"1056\" data-end=\"1106\">\n<p data-start=\"1058\" data-end=\"1106\">Sistema f\u00e1cil de mover para un uso flexible del almac\u00e9n<\/p>\n<\/li>\n<li data-start=\"1107\" data-end=\"1161\">\n<p data-start=\"1109\" data-end=\"1161\">Captura instant\u00e1nea de datos, impresi\u00f3n y registro digital<\/p>\n<\/li>\n<li data-start=\"1162\" data-end=\"1227\">\n<p data-start=\"1164\" data-end=\"1227\">Integraci\u00f3n con las principales plataformas de gesti\u00f3n de almacenes, ERP y env\u00edos<\/p>\n<\/li>\n<li data-start=\"1228\" data-end=\"1284\">\n<p data-start=\"1230\" data-end=\"1284\">Captura opcional de im\u00e1genes de pal\u00e9s para una mayor verificaci\u00f3n<\/p>\n<\/li>\n<\/ul>\n<p data-start=\"1286\" data-end=\"1471\">Ideal para almacenes, centros de distribuci\u00f3n y centros de distribuci\u00f3n, el sistema BizAutom Dimensioner and Scale le ayuda a ahorrar tiempo, reducir errores y mejorar la eficiencia log\u00edstica general.<\/p>\n<p data-start=\"1286\" data-end=\"1471\"><strong>Especificaciones:<\/strong><\/p>\n<p data-start=\"1286\" data-end=\"1471\">Tama\u00f1o a escala: 60\u2033x60\u2033.<\/p>\n<p data-start=\"1286\" data-end=\"1471\">Tama\u00f1o del brazo de medici\u00f3n: 60\u2033x60\u2033x90\u2033.<\/p>\n<p data-start=\"1286\" data-end=\"1471\">Capacidad de carga: 10000lbs<\/p>\n<p data-start=\"1286\" data-end=\"1471\">Alimentaci\u00f3n: Bater\u00eda recargable<\/p>\n<p data-start=\"1286\" data-end=\"1471\">Impresoras: Impresora t\u00e9rmica de etiquetas PS-45<\/p>","protected":false},"excerpt":{"rendered":"<p>Eficaz. Preciso. Integrado.<\/p>","protected":false},"featured_media":4338,"comment_status":"open","ping_status":"closed","template":"","meta":[],"product_brand":[51],"product_cat":[15,30],"product_tag":[],"class_list":{"0":"post-4337","1":"product","2":"type-product","3":"status-publish","4":"has-post-thumbnail","6":"product_brand-bizautom","7":"product_cat-industrial-equipment","8":"product_cat-industrial-scales","10":"first","11":"instock","12":"taxable","13":"shipping-taxable","14":"product-type-simple"},"yoast_head":"<!-- This site is optimized with the Yoast SEO plugin v27.6 - https:\/\/yoast.com\/product\/yoast-seo-wordpress\/ -->\n<title>BizAutom BA-CBW CubeWeigh Dimensioner and Scale System - BizAutom<\/title>\n<meta name=\"robots\" content=\"index, follow, max-snippet:-1, max-image-preview:large, max-video-preview:-1\" \/>\n<link rel=\"canonical\" href=\"https:\/\/bizautom.com\/es\/producto\/bizautom-cubeweigh-dimensioner-and-scale-system\/\" \/>\n<meta property=\"og:locale\" content=\"es_MX\" \/>\n<meta property=\"og:type\" content=\"article\" \/>\n<meta property=\"og:title\" content=\"BizAutom BA-CBW CubeWeigh Dimensioner and Scale System - BizAutom\" \/>\n<meta property=\"og:description\" content=\"Efficient. Accurate. Integrated.\" \/>\n<meta property=\"og:url\" content=\"https:\/\/bizautom.com\/es\/producto\/bizautom-cubeweigh-dimensioner-and-scale-system\/\" \/>\n<meta property=\"og:site_name\" content=\"BizAutom\" \/>\n<meta property=\"article:publisher\" content=\"https:\/\/www.facebook.com\/people\/TINGCHEN-BizAutom\/61565746662873\/\" \/>\n<meta property=\"article:modified_time\" content=\"2026-05-04T17:41:30+00:00\" \/>\n<meta property=\"og:image\" content=\"https:\/\/bizautom.com\/wp-content\/uploads\/2025\/06\/CubeWeigh.jpg\" \/>\n\t<meta property=\"og:image:width\" content=\"1765\" \/>\n\t<meta property=\"og:image:height\" content=\"1765\" \/>\n\t<meta property=\"og:image:type\" content=\"image\/jpeg\" \/>\n<meta name=\"twitter:card\" content=\"summary_large_image\" \/>\n<meta name=\"twitter:label1\" content=\"Tiempo de lectura\" \/>\n\t<meta name=\"twitter:data1\" content=\"2 minutos\" \/>\n<!-- \/ Yoast SEO plugin. -->","yoast_head_json":{"title":"BizAutom BA-CBW CubeWeigh Dimensioner and Scale System - BizAutom","robots":{"index":"index","follow":"follow","max-snippet":"max-snippet:-1","max-image-preview":"max-image-preview:large","max-video-preview":"max-video-preview:-1"},"canonical":"https:\/\/bizautom.com\/es\/producto\/bizautom-cubeweigh-dimensioner-and-scale-system\/","og_locale":"es_MX","og_type":"article","og_title":"BizAutom BA-CBW CubeWeigh Dimensioner and Scale System - BizAutom","og_description":"Efficient. Accurate. Integrated.","og_url":"https:\/\/bizautom.com\/es\/producto\/bizautom-cubeweigh-dimensioner-and-scale-system\/","og_site_name":"BizAutom","article_publisher":"https:\/\/www.facebook.com\/people\/TINGCHEN-BizAutom\/61565746662873\/","article_modified_time":"2026-05-04T17:41:30+00:00","og_image":[{"width":1765,"height":1765,"url":"https:\/\/bizautom.com\/wp-content\/uploads\/2025\/06\/CubeWeigh.jpg","type":"image\/jpeg"}],"twitter_card":"summary_large_image","twitter_misc":{"Tiempo de lectura":"2 minutos"},"schema":{"@context":"https:\/\/schema.org","@graph":[{"@type":"WebPage","@id":"https:\/\/bizautom.com\/product\/bizautom-cubeweigh-dimensioner-and-scale-system\/","url":"https:\/\/bizautom.com\/product\/bizautom-cubeweigh-dimensioner-and-scale-system\/","name":"BizAutom BA-CBW CubeWeigh Dimensioner and Scale System - BizAutom","isPartOf":{"@id":"https:\/\/bizautom.com\/#website"},"primaryImageOfPage":{"@id":"https:\/\/bizautom.com\/product\/bizautom-cubeweigh-dimensioner-and-scale-system\/#primaryimage"},"image":{"@id":"https:\/\/bizautom.com\/product\/bizautom-cubeweigh-dimensioner-and-scale-system\/#primaryimage"},"thumbnailUrl":"https:\/\/bizautom.com\/wp-content\/uploads\/2025\/06\/CubeWeigh.jpg","datePublished":"2025-06-10T19:32:40+00:00","dateModified":"2026-05-04T17:41:30+00:00","breadcrumb":{"@id":"https:\/\/bizautom.com\/product\/bizautom-cubeweigh-dimensioner-and-scale-system\/#breadcrumb"},"inLanguage":"es","potentialAction":[{"@type":"ReadAction","target":["https:\/\/bizautom.com\/product\/bizautom-cubeweigh-dimensioner-and-scale-system\/"]}]},{"@type":"ImageObject","inLanguage":"es","@id":"https:\/\/bizautom.com\/product\/bizautom-cubeweigh-dimensioner-and-scale-system\/#primaryimage","url":"https:\/\/bizautom.com\/wp-content\/uploads\/2025\/06\/CubeWeigh.jpg","contentUrl":"https:\/\/bizautom.com\/wp-content\/uploads\/2025\/06\/CubeWeigh.jpg","width":1765,"height":1765},{"@type":"BreadcrumbList","@id":"https:\/\/bizautom.com\/product\/bizautom-cubeweigh-dimensioner-and-scale-system\/#breadcrumb","itemListElement":[{"@type":"ListItem","position":1,"name":"Home","item":"https:\/\/bizautom.com\/"},{"@type":"ListItem","position":2,"name":"Shop","item":"https:\/\/bizautom.com\/shop-2\/"},{"@type":"ListItem","position":3,"name":"BizAutom BA-CBW CubeWeigh Dimensioner and Scale System"}]},{"@type":"WebSite","@id":"https:\/\/bizautom.com\/#website","url":"https:\/\/bizautom.com\/","name":"BizAutom","description":"R\u00e1pido. Preciso. Inteligente.","publisher":{"@id":"https:\/\/bizautom.com\/#organization"},"potentialAction":[{"@type":"SearchAction","target":{"@type":"EntryPoint","urlTemplate":"https:\/\/bizautom.com\/?s={search_term_string}"},"query-input":{"@type":"PropertyValueSpecification","valueRequired":true,"valueName":"search_term_string"}}],"inLanguage":"es"},{"@type":"Organization","@id":"https:\/\/bizautom.com\/#organization","name":"BizAutom","url":"https:\/\/bizautom.com\/","logo":{"@type":"ImageObject","inLanguage":"es","@id":"https:\/\/bizautom.com\/#\/schema\/logo\/image\/","url":"https:\/\/bizautom.com\/wp-content\/uploads\/2025\/04\/BizAutom_Logo_1.webp","contentUrl":"https:\/\/bizautom.com\/wp-content\/uploads\/2025\/04\/BizAutom_Logo_1.webp","width":455,"height":326,"caption":"BizAutom"},"image":{"@id":"https:\/\/bizautom.com\/#\/schema\/logo\/image\/"},"sameAs":["https:\/\/www.facebook.com\/people\/TINGCHEN-BizAutom\/61565746662873\/"]}]}},"jetpack-related-posts":[{"id":823,"url":"https:\/\/bizautom.com\/es\/producto\/prime-scales-row-on-weigh-pallet-jack-floor-scale-with-ps-in202-indicator\/","url_meta":{"origin":4337,"position":0},"title":"Prime Scales B\u00e1scula con indicador de peso para transpaletas con ruedas PS-IN202","author":"admin","date":"julio 18, 2023","format":false,"excerpt":"Cuando se trata de pesar estos objetos, una rampa es esencial, y nuestras b\u00e1sculas Roll On Weigh ofrecen precisamente eso. Su innovador dise\u00f1o garantiza que, cuando las ruedas de la transpaleta, la plataforma rodante, el carro o la silla de ruedas tocan la rampa, esta desciende suavemente hasta el suelo, soportando el peso de forma segura.","rel":"","context":"Entrada similar ","block_context":{"text":"Entrada similar ","link":""},"img":{"alt_text":"","src":"https:\/\/i0.wp.com\/bizautom.com\/wp-content\/uploads\/2023\/07\/PS-ROWPalletJack-scaled.jpg?resize=350%2C200&ssl=1","width":350,"height":200,"srcset":"https:\/\/i0.wp.com\/bizautom.com\/wp-content\/uploads\/2023\/07\/PS-ROWPalletJack-scaled.jpg?resize=350%2C200&ssl=1 1x, https:\/\/i0.wp.com\/bizautom.com\/wp-content\/uploads\/2023\/07\/PS-ROWPalletJack-scaled.jpg?resize=525%2C300&ssl=1 1.5x, https:\/\/i0.wp.com\/bizautom.com\/wp-content\/uploads\/2023\/07\/PS-ROWPalletJack-scaled.jpg?resize=700%2C400&ssl=1 2x, https:\/\/i0.wp.com\/bizautom.com\/wp-content\/uploads\/2023\/07\/PS-ROWPalletJack-scaled.jpg?resize=1050%2C600&ssl=1 3x, https:\/\/i0.wp.com\/bizautom.com\/wp-content\/uploads\/2023\/07\/PS-ROWPalletJack-scaled.jpg?resize=1400%2C800&ssl=1 4x"},"classes":[]},{"id":4160,"url":"https:\/\/bizautom.com\/es\/producto\/prime-scales-pi-scale-wrap-and-weigh-in-one-seamless-step\/","url_meta":{"origin":4337,"position":1},"title":"B\u00e1scula Prime Scales PI: Envolver y pesar en un solo paso","author":"admin","date":"abril 20, 2025","format":false,"excerpt":"Elimine la doble manipulaci\u00f3n, acelere el flujo de trabajo y reduzca el tiempo de funcionamiento hasta en 40%, todo ello con una sencilla actualizaci\u00f3n.","rel":"","context":"Entrada similar ","block_context":{"text":"Entrada similar ","link":""},"img":{"alt_text":"","src":"https:\/\/i0.wp.com\/bizautom.com\/wp-content\/uploads\/2025\/04\/PS-PiScale.jpg?resize=350%2C200&ssl=1","width":350,"height":200,"srcset":"https:\/\/i0.wp.com\/bizautom.com\/wp-content\/uploads\/2025\/04\/PS-PiScale.jpg?resize=350%2C200&ssl=1 1x, https:\/\/i0.wp.com\/bizautom.com\/wp-content\/uploads\/2025\/04\/PS-PiScale.jpg?resize=525%2C300&ssl=1 1.5x, https:\/\/i0.wp.com\/bizautom.com\/wp-content\/uploads\/2025\/04\/PS-PiScale.jpg?resize=700%2C400&ssl=1 2x, https:\/\/i0.wp.com\/bizautom.com\/wp-content\/uploads\/2025\/04\/PS-PiScale.jpg?resize=1050%2C600&ssl=1 3x"},"classes":[]},{"id":1172,"url":"https:\/\/bizautom.com\/es\/producto\/bizautom-ba-dws2424-laser-dimensional-scale-500x0-1lb-cap-with-printer-software\/","url_meta":{"origin":4337,"position":2},"title":"BizAutom BA-DS2424 B\u00e1scula dimensional l\u00e1ser 500\u00d70.1lb Cap. con c\u00e1mara, esc\u00e1ner, impresora y software","author":"admin","date":"diciembre 29, 2023","format":false,"excerpt":"The BizAutom Laser Dimensional Scale is designed to bring precision and efficiency to your shipping processes. This innovative scale combines advanced weight and dimension measurement technology, streamlining shipping cost management and enhancing overall accuracy.","rel":"","context":"Entrada similar ","block_context":{"text":"Entrada similar ","link":""},"img":{"alt_text":"industrial smart scales","src":"https:\/\/i0.wp.com\/bizautom.com\/wp-content\/uploads\/2023\/12\/BA-DS2424-scaled.jpg?resize=350%2C200&ssl=1","width":350,"height":200,"srcset":"https:\/\/i0.wp.com\/bizautom.com\/wp-content\/uploads\/2023\/12\/BA-DS2424-scaled.jpg?resize=350%2C200&ssl=1 1x, https:\/\/i0.wp.com\/bizautom.com\/wp-content\/uploads\/2023\/12\/BA-DS2424-scaled.jpg?resize=525%2C300&ssl=1 1.5x, https:\/\/i0.wp.com\/bizautom.com\/wp-content\/uploads\/2023\/12\/BA-DS2424-scaled.jpg?resize=700%2C400&ssl=1 2x, https:\/\/i0.wp.com\/bizautom.com\/wp-content\/uploads\/2023\/12\/BA-DS2424-scaled.jpg?resize=1050%2C600&ssl=1 3x, https:\/\/i0.wp.com\/bizautom.com\/wp-content\/uploads\/2023\/12\/BA-DS2424-scaled.jpg?resize=1400%2C800&ssl=1 4x"},"classes":[]},{"id":1212,"url":"https:\/\/bizautom.com\/es\/producto\/bizautom-ba-k120s-g4-versatile-stretch-wrap-machine-with-integrated-3-dimensional-weight-scale-and-label-printer\/","url_meta":{"origin":4337,"position":3},"title":"Enfajadora vers\u00e1til BizAutom BA-K120S G4 con b\u00e1scula tridimensional e impresora de etiquetas integradas","author":"admin","date":"enero 22, 2024","format":false,"excerpt":"Presentamos la primera enfardadora del mundo que incorpora una b\u00e1scula de peso tridimensional integrada. Esta vers\u00e1til m\u00e1quina puede envolver, pesar, medir, imprimir y transmitir en una sola operaci\u00f3n, optimizando tanto el tiempo como el ahorro de costes para usted.","rel":"","context":"Entrada similar ","block_context":{"text":"Entrada similar ","link":""},"img":{"alt_text":"","src":"https:\/\/i0.wp.com\/bizautom.com\/wp-content\/uploads\/2024\/01\/BA-K120S-WrappingMachineG4Color.jpg?resize=350%2C200&ssl=1","width":350,"height":200,"srcset":"https:\/\/i0.wp.com\/bizautom.com\/wp-content\/uploads\/2024\/01\/BA-K120S-WrappingMachineG4Color.jpg?resize=350%2C200&ssl=1 1x, https:\/\/i0.wp.com\/bizautom.com\/wp-content\/uploads\/2024\/01\/BA-K120S-WrappingMachineG4Color.jpg?resize=525%2C300&ssl=1 1.5x, https:\/\/i0.wp.com\/bizautom.com\/wp-content\/uploads\/2024\/01\/BA-K120S-WrappingMachineG4Color.jpg?resize=700%2C400&ssl=1 2x"},"classes":[]},{"id":2035,"url":"https:\/\/bizautom.com\/es\/producto\/prime-systems-ps-k120s-g3-semi-automatic-stretch-wrap-machine-with-weight-and-height-measurement-and-printer\/","url_meta":{"origin":4337,"position":4},"title":"Prime Systems PS-K120S G3 Enfardadora semiautom\u00e1tica con medici\u00f3n de peso y altura e impresora","author":"admin","date":"marzo 2, 2025","format":false,"excerpt":"Enhance Your Shipping Efficiency & Cut Costs with the Prime Systems PS-K120S G3!","rel":"","context":"Entrada similar ","block_context":{"text":"Entrada similar ","link":""},"img":{"alt_text":"","src":"https:\/\/i0.wp.com\/bizautom.com\/wp-content\/uploads\/2025\/03\/K120S-G3.jpg?resize=350%2C200&ssl=1","width":350,"height":200,"srcset":"https:\/\/i0.wp.com\/bizautom.com\/wp-content\/uploads\/2025\/03\/K120S-G3.jpg?resize=350%2C200&ssl=1 1x, https:\/\/i0.wp.com\/bizautom.com\/wp-content\/uploads\/2025\/03\/K120S-G3.jpg?resize=525%2C300&ssl=1 1.5x, https:\/\/i0.wp.com\/bizautom.com\/wp-content\/uploads\/2025\/03\/K120S-G3.jpg?resize=700%2C400&ssl=1 2x, https:\/\/i0.wp.com\/bizautom.com\/wp-content\/uploads\/2025\/03\/K120S-G3.jpg?resize=1050%2C600&ssl=1 3x, https:\/\/i0.wp.com\/bizautom.com\/wp-content\/uploads\/2025\/03\/K120S-G3.jpg?resize=1400%2C800&ssl=1 4x"},"classes":[]},{"id":992,"url":"https:\/\/bizautom.com\/es\/producto\/ps-wb\/","url_meta":{"origin":4337,"position":5},"title":"Prime Scales PS-WB Juegos de barras de carga \/ pesaje con indicador","author":"admin","date":"julio 19, 2023","format":false,"excerpt":"Convierta su tolva de ganado, pal\u00e9 o cualquier otro equipo en una b\u00e1scula fiable con nuestras barras de pesaje. Con una plataforma para aplicarlas, puede convertir f\u00e1cilmente las configuraciones existentes en sistemas de pesaje precisos.","rel":"","context":"Entrada similar ","block_context":{"text":"Entrada similar ","link":""},"img":{"alt_text":"","src":"https:\/\/i0.wp.com\/bizautom.com\/wp-content\/uploads\/2023\/07\/PS-WB.jpg?resize=350%2C200&ssl=1","width":350,"height":200,"srcset":"https:\/\/i0.wp.com\/bizautom.com\/wp-content\/uploads\/2023\/07\/PS-WB.jpg?resize=350%2C200&ssl=1 1x, https:\/\/i0.wp.com\/bizautom.com\/wp-content\/uploads\/2023\/07\/PS-WB.jpg?resize=525%2C300&ssl=1 1.5x, https:\/\/i0.wp.com\/bizautom.com\/wp-content\/uploads\/2023\/07\/PS-WB.jpg?resize=700%2C400&ssl=1 2x"},"classes":[]}],"jetpack_sharing_enabled":true,"_links":{"self":[{"href":"https:\/\/bizautom.com\/es\/wp-json\/wp\/v2\/product\/4337","targetHints":{"allow":["GET"]}}],"collection":[{"href":"https:\/\/bizautom.com\/es\/wp-json\/wp\/v2\/product"}],"about":[{"href":"https:\/\/bizautom.com\/es\/wp-json\/wp\/v2\/types\/product"}],"replies":[{"embeddable":true,"href":"https:\/\/bizautom.com\/es\/wp-json\/wp\/v2\/comments?post=4337"}],"version-history":[{"count":2,"href":"https:\/\/bizautom.com\/es\/wp-json\/wp\/v2\/product\/4337\/revisions"}],"predecessor-version":[{"id":4344,"href":"https:\/\/bizautom.com\/es\/wp-json\/wp\/v2\/product\/4337\/revisions\/4344"}],"wp:featuredmedia":[{"embeddable":true,"href":"https:\/\/bizautom.com\/es\/wp-json\/wp\/v2\/media\/4338"}],"wp:attachment":[{"href":"https:\/\/bizautom.com\/es\/wp-json\/wp\/v2\/media?parent=4337"}],"wp:term":[{"taxonomy":"product_brand","embeddable":true,"href":"https:\/\/bizautom.com\/es\/wp-json\/wp\/v2\/product_brand?post=4337"},{"taxonomy":"product_cat","embeddable":true,"href":"https:\/\/bizautom.com\/es\/wp-json\/wp\/v2\/product_cat?post=4337"},{"taxonomy":"product_tag","embeddable":true,"href":"https:\/\/bizautom.com\/es\/wp-json\/wp\/v2\/product_tag?post=4337"}],"curies":[{"name":"wp","href":"https:\/\/api.w.org\/{rel}","templated":true}]}}