{"id":4341,"date":"2025-06-12T15:41:54","date_gmt":"2025-06-12T19:41:54","guid":{"rendered":"https:\/\/bizautom.com\/?post_type=product&#038;p=4341"},"modified":"2026-05-04T13:37:06","modified_gmt":"2026-05-04T17:37:06","slug":"ps-wcs-pro-premium-wheelchair-scale-with-enhanced-safety-and-stability","status":"publish","type":"product","link":"https:\/\/bizautom.com\/es\/producto\/ps-wcs-pro-premium-wheelchair-scale-with-enhanced-safety-and-stability\/","title":{"rendered":"PS-WCS-Pro - B\u00e1scula para silla de ruedas Premium con seguridad y estabilidad mejoradas"},"content":{"rendered":"<p data-start=\"192\" data-end=\"541\">En <strong data-start=\"196\" data-end=\"210\">PS-WCS-Pro<\/strong> es la b\u00e1scula para sillas de ruedas de \u00faltima generaci\u00f3n, dise\u00f1ada con precisi\u00f3n y mayor seguridad para usuarios que exigen fiabilidad, durabilidad y tranquilidad. Construida sobre la base de la popular PS-WCS, este modelo actualizado incluye caracter\u00edsticas avanzadas que hacen que el pesaje sea m\u00e1s f\u00e1cil, seguro y eficiente tanto para los pacientes como para los cuidadores.<\/p>\n<h4 data-start=\"543\" data-end=\"565\"><strong data-start=\"548\" data-end=\"565\">Caracter\u00edsticas principales:<\/strong><\/h4>\n<ul data-start=\"567\" data-end=\"2495\">\n<li data-start=\"567\" data-end=\"1026\">\n<p data-start=\"569\" data-end=\"617\"><strong data-start=\"569\" data-end=\"617\">Dise\u00f1o de rampa avanzado para una estabilidad inigualable<\/strong><\/p>\n<ul data-start=\"620\" data-end=\"1026\">\n<li data-start=\"620\" data-end=\"773\">\n<p data-start=\"622\" data-end=\"773\">A diferencia de las b\u00e1sculas para sillas de ruedas tradicionales, la PS-WCS-Pro incorpora <strong data-start=\"684\" data-end=\"772\">rampas separadas de la base de la b\u00e1scula y fijadas firmemente a los pies de la b\u00e1scula<\/strong>.<\/p>\n<\/li>\n<li data-start=\"776\" data-end=\"918\">\n<p data-start=\"778\" data-end=\"918\">Este dise\u00f1o exclusivo elimina el riesgo de que la b\u00e1scula vuelque cuando una silla de ruedas ruede sobre ella, independientemente del peso del ocupante o de la carga.<\/p>\n<\/li>\n<li data-start=\"921\" data-end=\"1026\">\n<p data-start=\"923\" data-end=\"1026\">Garantiza una entrada y salida suave y segura sin necesidad de ayuda del cuidador para estabilizar la b\u00e1scula.<\/p>\n<\/li>\n<\/ul>\n<\/li>\n<li data-start=\"1028\" data-end=\"1323\">\n<p data-start=\"1030\" data-end=\"1062\"><strong data-start=\"1030\" data-end=\"1062\">Paredes laterales de seguridad integradas<\/strong><\/p>\n<ul data-start=\"1065\" data-end=\"1323\">\n<li data-start=\"1065\" data-end=\"1191\">\n<p data-start=\"1067\" data-end=\"1191\">Viene de serie con <strong data-start=\"1087\" data-end=\"1108\">paredes laterales robustas<\/strong> para evitar que las sillas de ruedas rueden accidentalmente fuera de la plataforma durante el pesaje.<\/p>\n<\/li>\n<li data-start=\"1194\" data-end=\"1323\">\n<p data-start=\"1196\" data-end=\"1323\">A\u00f1ade una capa adicional de seguridad, especialmente \u00fatil en entornos cl\u00ednicos o dom\u00e9sticos en los que los usuarios pueden necesitar protecci\u00f3n adicional.<\/p>\n<\/li>\n<\/ul>\n<\/li>\n<li data-start=\"1325\" data-end=\"1580\">\n<p data-start=\"1327\" data-end=\"1363\"><strong data-start=\"1327\" data-end=\"1363\">Plataforma duradera y de perfil bajo<\/strong><\/p>\n<ul data-start=\"1366\" data-end=\"1580\">\n<li data-start=\"1366\" data-end=\"1489\">\n<p data-start=\"1368\" data-end=\"1489\">La b\u00e1scula cuenta con un <strong data-start=\"1389\" data-end=\"1424\">plataforma plana de 31\u2033 x 25\u2033.<\/strong>La mayor\u00eda de las sillas de ruedas manuales y el\u00e9ctricas pueden desplazarse c\u00f3modamente.<\/p>\n<\/li>\n<li data-start=\"1492\" data-end=\"1580\">\n<p data-start=\"1494\" data-end=\"1580\"><strong data-start=\"1494\" data-end=\"1516\">Dise\u00f1o de perfil bajo<\/strong> facilita a los usuarios la tarea de ponerse y quitarse la prenda con el m\u00ednimo esfuerzo.<\/p>\n<\/li>\n<\/ul>\n<\/li>\n<li data-start=\"1582\" data-end=\"1848\">\n<p data-start=\"1584\" data-end=\"1617\"><strong data-start=\"1584\" data-end=\"1617\">Alta precisi\u00f3n y fiabilidad<\/strong><\/p>\n<ul data-start=\"1620\" data-end=\"1848\">\n<li data-start=\"1620\" data-end=\"1703\">\n<p data-start=\"1622\" data-end=\"1703\">Dise\u00f1adas con c\u00e9lulas de carga de precisi\u00f3n para obtener lecturas de peso uniformes y exactas.<\/p>\n<\/li>\n<li data-start=\"1706\" data-end=\"1848\">\n<p data-start=\"1708\" data-end=\"1848\">Ideal para instalaciones m\u00e9dicas, centros de rehabilitaci\u00f3n, residencias de ancianos y entornos de atenci\u00f3n domiciliaria en los que la precisi\u00f3n y la facilidad de uso son fundamentales.<\/p>\n<\/li>\n<\/ul>\n<\/li>\n<li data-start=\"1850\" data-end=\"2064\">\n<p data-start=\"1852\" data-end=\"1879\"><strong data-start=\"1852\" data-end=\"1879\">Funcionamiento sencillo<\/strong><\/p>\n<ul data-start=\"1882\" data-end=\"2064\">\n<li data-start=\"1882\" data-end=\"1952\">\n<p data-start=\"1884\" data-end=\"1952\">Gran pantalla LCD retroiluminada para obtener resultados de peso claros y f\u00e1ciles de leer.<\/p>\n<\/li>\n<li data-start=\"1955\" data-end=\"2064\">\n<p data-start=\"1957\" data-end=\"2064\">Conectividad opcional con sistemas EMR o impresoras disponibles para un seguimiento eficaz de los datos y la documentaci\u00f3n.<\/p>\n<\/li>\n<\/ul>\n<\/li>\n<li data-start=\"2066\" data-end=\"2287\">\n<p data-start=\"2068\" data-end=\"2091\"><strong data-start=\"2068\" data-end=\"2091\">Construido para durar<\/strong><\/p>\n<ul data-start=\"2094\" data-end=\"2287\">\n<li data-start=\"2094\" data-end=\"2193\">\n<p data-start=\"2096\" data-end=\"2193\">Construido con <strong data-start=\"2113\" data-end=\"2139\">bastidor de acero de alta resistencia<\/strong> y superficie antideslizante para a\u00f1os de servicio fiable.<\/p>\n<\/li>\n<li data-start=\"2196\" data-end=\"2287\">\n<p data-start=\"2198\" data-end=\"2287\">El acabado con recubrimiento en polvo resiste el desgaste, los ara\u00f1azos y la corrosi\u00f3n en entornos muy transitados.<\/p>\n<\/li>\n<\/ul>\n<\/li>\n<li data-start=\"2289\" data-end=\"2495\">\n<p data-start=\"2291\" data-end=\"2321\"><strong data-start=\"2291\" data-end=\"2321\">Port\u00e1til y f\u00e1cil de guardar<\/strong><\/p>\n<ul data-start=\"2324\" data-end=\"2495\">\n<li data-start=\"2324\" data-end=\"2430\">\n<p data-start=\"2326\" data-end=\"2430\">A pesar de su robusta construcci\u00f3n, el PS-WCS-Pro est\u00e1 dise\u00f1ado para ser <strong data-start=\"2385\" data-end=\"2417\">ligero y f\u00e1cil de mover<\/strong> cuando sea necesario.<\/p>\n<\/li>\n<li data-start=\"2433\" data-end=\"2495\">\n<p data-start=\"2435\" data-end=\"2495\">Los ra\u00edles laterales se pueden desmontar para guardarlos o transportarlos de forma compacta.<\/p>\n<\/li>\n<\/ul>\n<\/li>\n<\/ul>\n<p data-start=\"2502\" data-end=\"2753\" data-is-last-node=\"\" data-is-only-node=\"\"><strong>Especificaciones:<\/strong><\/p>\n<ul>\n<li data-start=\"2502\" data-end=\"2753\">Capacity: 1000&#215;0.1lb<\/li>\n<li data-start=\"2502\" data-end=\"2753\">Flat area dimensions: 31\u2033(W)x25\u2033(L)<\/li>\n<li data-start=\"2502\" data-end=\"2753\">Product Weight: 48lbs<\/li>\n<li>Indicador: PS-IN202 con funci\u00f3n de tara<\/li>\n<li>Longitud del cable: 15 pies<\/li>\n<li>Opciones de alimentaci\u00f3n: 110 V o bater\u00eda recargable<\/li>\n<\/ul>\n<div style=\"width: 800px;\" class=\"wp-video\"><video class=\"wp-video-shortcode\" id=\"video-4341-1\" width=\"800\" height=\"344\" preload=\"metadata\" controls=\"controls\"><source type=\"video\/mp4\" src=\"https:\/\/bizautom.com\/wp-content\/uploads\/2025\/06\/WCS_Pro_Demo.mp4?_=1\" \/><a href=\"https:\/\/bizautom.com\/wp-content\/uploads\/2025\/06\/WCS_Pro_Demo.mp4\">https:\/\/bizautom.com\/wp-content\/uploads\/2025\/06\/WCS_Pro_Demo.mp4<\/a><\/video><\/div>","protected":false},"excerpt":{"rendered":"<p>Con sus avanzadas funciones de seguridad, su mejor integraci\u00f3n en la rampa y su construcci\u00f3n duradera, el <strong data-start=\"2594\" data-end=\"2608\">PS-WCS-Pro<\/strong> redefine el pesaje de sillas de ruedas. Ya sea en un centro m\u00e9dico o en casa, esta b\u00e1scula ofrece el rendimiento y la tranquilidad con los que puede contar.<\/p>","protected":false},"featured_media":4342,"comment_status":"open","ping_status":"closed","template":"","meta":[],"product_brand":[41],"product_cat":[29],"product_tag":[],"class_list":{"0":"post-4341","1":"product","2":"type-product","3":"status-publish","4":"has-post-thumbnail","6":"product_brand-prime-scales","7":"product_cat-medical-equipment-scales","9":"first","10":"instock","11":"taxable","12":"shipping-taxable","13":"product-type-simple"},"yoast_head":"<!-- This site is optimized with the Yoast SEO plugin v27.5 - https:\/\/yoast.com\/product\/yoast-seo-wordpress\/ -->\n<title>PS-WCS-Pro \u2013 Premium Wheelchair Scale with Enhanced Safety and Stability - BizAutom<\/title>\n<meta name=\"robots\" content=\"index, follow, max-snippet:-1, max-image-preview:large, max-video-preview:-1\" \/>\n<link rel=\"canonical\" href=\"https:\/\/bizautom.com\/es\/producto\/ps-wcs-pro-premium-wheelchair-scale-with-enhanced-safety-and-stability\/\" \/>\n<meta property=\"og:locale\" content=\"es_MX\" \/>\n<meta property=\"og:type\" content=\"article\" \/>\n<meta property=\"og:title\" content=\"PS-WCS-Pro \u2013 Premium Wheelchair Scale with Enhanced Safety and Stability - BizAutom\" \/>\n<meta property=\"og:description\" content=\"With its advanced safety features, improved ramp integration, and durable construction, the PS-WCS-Pro redefines wheelchair weighing. Whether in a medical facility or at home, this scale delivers the performance and peace of mind you can count on.\" \/>\n<meta property=\"og:url\" content=\"https:\/\/bizautom.com\/es\/producto\/ps-wcs-pro-premium-wheelchair-scale-with-enhanced-safety-and-stability\/\" \/>\n<meta property=\"og:site_name\" content=\"BizAutom\" \/>\n<meta property=\"article:publisher\" content=\"https:\/\/www.facebook.com\/people\/TINGCHEN-BizAutom\/61565746662873\/\" \/>\n<meta property=\"article:modified_time\" content=\"2026-05-04T17:37:06+00:00\" \/>\n<meta property=\"og:image\" content=\"https:\/\/bizautom.com\/wp-content\/uploads\/2025\/06\/PS-WCS-Pro.jpg\" \/>\n\t<meta property=\"og:image:width\" content=\"1551\" \/>\n\t<meta property=\"og:image:height\" content=\"1551\" \/>\n\t<meta property=\"og:image:type\" content=\"image\/jpeg\" \/>\n<meta name=\"twitter:card\" content=\"summary_large_image\" \/>\n<meta name=\"twitter:label1\" content=\"Tiempo de lectura\" \/>\n\t<meta name=\"twitter:data1\" content=\"2 minutos\" \/>\n<!-- \/ Yoast SEO plugin. -->","yoast_head_json":{"title":"PS-WCS-Pro \u2013 Premium Wheelchair Scale with Enhanced Safety and Stability - BizAutom","robots":{"index":"index","follow":"follow","max-snippet":"max-snippet:-1","max-image-preview":"max-image-preview:large","max-video-preview":"max-video-preview:-1"},"canonical":"https:\/\/bizautom.com\/es\/producto\/ps-wcs-pro-premium-wheelchair-scale-with-enhanced-safety-and-stability\/","og_locale":"es_MX","og_type":"article","og_title":"PS-WCS-Pro \u2013 Premium Wheelchair Scale with Enhanced Safety and Stability - BizAutom","og_description":"With its advanced safety features, improved ramp integration, and durable construction, the PS-WCS-Pro redefines wheelchair weighing. Whether in a medical facility or at home, this scale delivers the performance and peace of mind you can count on.","og_url":"https:\/\/bizautom.com\/es\/producto\/ps-wcs-pro-premium-wheelchair-scale-with-enhanced-safety-and-stability\/","og_site_name":"BizAutom","article_publisher":"https:\/\/www.facebook.com\/people\/TINGCHEN-BizAutom\/61565746662873\/","article_modified_time":"2026-05-04T17:37:06+00:00","og_image":[{"width":1551,"height":1551,"url":"https:\/\/bizautom.com\/wp-content\/uploads\/2025\/06\/PS-WCS-Pro.jpg","type":"image\/jpeg"}],"twitter_card":"summary_large_image","twitter_misc":{"Tiempo de lectura":"2 minutos"},"schema":{"@context":"https:\/\/schema.org","@graph":[{"@type":"WebPage","@id":"https:\/\/bizautom.com\/product\/ps-wcs-pro-premium-wheelchair-scale-with-enhanced-safety-and-stability\/","url":"https:\/\/bizautom.com\/product\/ps-wcs-pro-premium-wheelchair-scale-with-enhanced-safety-and-stability\/","name":"PS-WCS-Pro \u2013 Premium Wheelchair Scale with Enhanced Safety and Stability - BizAutom","isPartOf":{"@id":"https:\/\/bizautom.com\/#website"},"primaryImageOfPage":{"@id":"https:\/\/bizautom.com\/product\/ps-wcs-pro-premium-wheelchair-scale-with-enhanced-safety-and-stability\/#primaryimage"},"image":{"@id":"https:\/\/bizautom.com\/product\/ps-wcs-pro-premium-wheelchair-scale-with-enhanced-safety-and-stability\/#primaryimage"},"thumbnailUrl":"https:\/\/bizautom.com\/wp-content\/uploads\/2025\/06\/PS-WCS-Pro.jpg","datePublished":"2025-06-12T19:41:54+00:00","dateModified":"2026-05-04T17:37:06+00:00","breadcrumb":{"@id":"https:\/\/bizautom.com\/product\/ps-wcs-pro-premium-wheelchair-scale-with-enhanced-safety-and-stability\/#breadcrumb"},"inLanguage":"es","potentialAction":[{"@type":"ReadAction","target":["https:\/\/bizautom.com\/product\/ps-wcs-pro-premium-wheelchair-scale-with-enhanced-safety-and-stability\/"]}]},{"@type":"ImageObject","inLanguage":"es","@id":"https:\/\/bizautom.com\/product\/ps-wcs-pro-premium-wheelchair-scale-with-enhanced-safety-and-stability\/#primaryimage","url":"https:\/\/bizautom.com\/wp-content\/uploads\/2025\/06\/PS-WCS-Pro.jpg","contentUrl":"https:\/\/bizautom.com\/wp-content\/uploads\/2025\/06\/PS-WCS-Pro.jpg","width":1551,"height":1551},{"@type":"BreadcrumbList","@id":"https:\/\/bizautom.com\/product\/ps-wcs-pro-premium-wheelchair-scale-with-enhanced-safety-and-stability\/#breadcrumb","itemListElement":[{"@type":"ListItem","position":1,"name":"Home","item":"https:\/\/bizautom.com\/"},{"@type":"ListItem","position":2,"name":"Shop","item":"https:\/\/bizautom.com\/shop-2\/"},{"@type":"ListItem","position":3,"name":"PS-WCS-Pro \u2013 Premium Wheelchair Scale with Enhanced Safety and Stability"}]},{"@type":"WebSite","@id":"https:\/\/bizautom.com\/#website","url":"https:\/\/bizautom.com\/","name":"BizAutom","description":"R\u00e1pido. Preciso. Inteligente.","publisher":{"@id":"https:\/\/bizautom.com\/#organization"},"potentialAction":[{"@type":"SearchAction","target":{"@type":"EntryPoint","urlTemplate":"https:\/\/bizautom.com\/?s={search_term_string}"},"query-input":{"@type":"PropertyValueSpecification","valueRequired":true,"valueName":"search_term_string"}}],"inLanguage":"es"},{"@type":"Organization","@id":"https:\/\/bizautom.com\/#organization","name":"BizAutom","url":"https:\/\/bizautom.com\/","logo":{"@type":"ImageObject","inLanguage":"es","@id":"https:\/\/bizautom.com\/#\/schema\/logo\/image\/","url":"https:\/\/bizautom.com\/wp-content\/uploads\/2025\/04\/BizAutom_Logo_1.webp","contentUrl":"https:\/\/bizautom.com\/wp-content\/uploads\/2025\/04\/BizAutom_Logo_1.webp","width":455,"height":326,"caption":"BizAutom"},"image":{"@id":"https:\/\/bizautom.com\/#\/schema\/logo\/image\/"},"sameAs":["https:\/\/www.facebook.com\/people\/TINGCHEN-BizAutom\/61565746662873\/"]}]}},"jetpack-related-posts":[{"id":178,"url":"https:\/\/bizautom.com\/es\/producto\/wcs\/","url_meta":{"origin":4341,"position":0},"title":"Prime Scales PS-WCS B\u00e1scula m\u00e9dica para silla de ruedas de 1000 lb con indicador de lectura","author":"admin","date":"junio 4, 2023","format":false,"excerpt":"Entendemos los retos a los que se enfrentan las personas que utilizan sillas de ruedas, por lo que hemos dise\u00f1ado una b\u00e1scula para sillas de ruedas que proporciona informaci\u00f3n sobre el peso de forma r\u00e1pida, segura y c\u00f3moda. Nuestra b\u00e1scula para sillas de ruedas est\u00e1 dise\u00f1ada espec\u00edficamente para sillas de ruedas de empuje manual. Aseg\u00farese de explorar nuestros otros listados de sillas de ruedas el\u00e9ctricas.","rel":"","context":"Entrada similar ","block_context":{"text":"Entrada similar ","link":""},"img":{"alt_text":"","src":"https:\/\/i0.wp.com\/bizautom.com\/wp-content\/uploads\/2023\/06\/PS-WCS-N.jpg?resize=350%2C200&ssl=1","width":350,"height":200,"srcset":"https:\/\/i0.wp.com\/bizautom.com\/wp-content\/uploads\/2023\/06\/PS-WCS-N.jpg?resize=350%2C200&ssl=1 1x, https:\/\/i0.wp.com\/bizautom.com\/wp-content\/uploads\/2023\/06\/PS-WCS-N.jpg?resize=525%2C300&ssl=1 1.5x, https:\/\/i0.wp.com\/bizautom.com\/wp-content\/uploads\/2023\/06\/PS-WCS-N.jpg?resize=700%2C400&ssl=1 2x, https:\/\/i0.wp.com\/bizautom.com\/wp-content\/uploads\/2023\/06\/PS-WCS-N.jpg?resize=1050%2C600&ssl=1 3x, https:\/\/i0.wp.com\/bizautom.com\/wp-content\/uploads\/2023\/06\/PS-WCS-N.jpg?resize=1400%2C800&ssl=1 4x"},"classes":[]},{"id":1147,"url":"https:\/\/bizautom.com\/es\/producto\/prime-scales-row-on-weigh-electric-wheelchair-scale-with-ps-in202\/","url_meta":{"origin":4341,"position":1},"title":"Prime Scales B\u00e1scula El\u00e9ctrica para Pesar Sillas de Ruedas con Ruedas PS-IN202","author":"admin","date":"septiembre 16, 2023","format":false,"excerpt":"Presentaci\u00f3n de una b\u00e1scula especialmente dise\u00f1ada para pesar a personas en sillas de ruedas el\u00e9ctricas, ya que las b\u00e1sculas tradicionales para sillas de ruedas no son adecuadas para su tama\u00f1o y peso.","rel":"","context":"Entrada similar ","block_context":{"text":"Entrada similar ","link":""},"img":{"alt_text":"","src":"https:\/\/i0.wp.com\/bizautom.com\/wp-content\/uploads\/2023\/09\/PS-ROWwheelchair-scaled.jpg?resize=350%2C200&ssl=1","width":350,"height":200,"srcset":"https:\/\/i0.wp.com\/bizautom.com\/wp-content\/uploads\/2023\/09\/PS-ROWwheelchair-scaled.jpg?resize=350%2C200&ssl=1 1x, https:\/\/i0.wp.com\/bizautom.com\/wp-content\/uploads\/2023\/09\/PS-ROWwheelchair-scaled.jpg?resize=525%2C300&ssl=1 1.5x, https:\/\/i0.wp.com\/bizautom.com\/wp-content\/uploads\/2023\/09\/PS-ROWwheelchair-scaled.jpg?resize=700%2C400&ssl=1 2x, https:\/\/i0.wp.com\/bizautom.com\/wp-content\/uploads\/2023\/09\/PS-ROWwheelchair-scaled.jpg?resize=1050%2C600&ssl=1 3x, https:\/\/i0.wp.com\/bizautom.com\/wp-content\/uploads\/2023\/09\/PS-ROWwheelchair-scaled.jpg?resize=1400%2C800&ssl=1 4x"},"classes":[]},{"id":1522,"url":"https:\/\/bizautom.com\/es\/producto\/bizautom-row-on-weigh-scale-with-hand-rails\/","url_meta":{"origin":4341,"position":2},"title":"B\u00e1scula Roll On BizAutom con ra\u00edles manuales","author":"admin","date":"agosto 29, 2024","format":false,"excerpt":"B\u00e1scula de pesaje BizAutom Row On con ra\u00edles para las manos, meticulosamente dise\u00f1ada para medir con precisi\u00f3n a personas sentadas en distintos tipos de sillas de ruedas, incluidas las el\u00e9ctricas.","rel":"","context":"Entrada similar ","block_context":{"text":"Entrada similar ","link":""},"img":{"alt_text":"","src":"https:\/\/i0.wp.com\/bizautom.com\/wp-content\/uploads\/2024\/08\/BA-WCS-HD_ElectricWheelchair.jpg?resize=350%2C200&ssl=1","width":350,"height":200,"srcset":"https:\/\/i0.wp.com\/bizautom.com\/wp-content\/uploads\/2024\/08\/BA-WCS-HD_ElectricWheelchair.jpg?resize=350%2C200&ssl=1 1x, https:\/\/i0.wp.com\/bizautom.com\/wp-content\/uploads\/2024\/08\/BA-WCS-HD_ElectricWheelchair.jpg?resize=525%2C300&ssl=1 1.5x, https:\/\/i0.wp.com\/bizautom.com\/wp-content\/uploads\/2024\/08\/BA-WCS-HD_ElectricWheelchair.jpg?resize=700%2C400&ssl=1 2x, https:\/\/i0.wp.com\/bizautom.com\/wp-content\/uploads\/2024\/08\/BA-WCS-HD_ElectricWheelchair.jpg?resize=1050%2C600&ssl=1 3x"},"classes":[]},{"id":823,"url":"https:\/\/bizautom.com\/es\/producto\/prime-scales-row-on-weigh-pallet-jack-floor-scale-with-ps-in202-indicator\/","url_meta":{"origin":4341,"position":3},"title":"Prime Scales B\u00e1scula con indicador de peso para transpaletas con ruedas PS-IN202","author":"admin","date":"julio 18, 2023","format":false,"excerpt":"Cuando se trata de pesar estos objetos, una rampa es esencial, y nuestras b\u00e1sculas Roll On Weigh ofrecen precisamente eso. Su innovador dise\u00f1o garantiza que, cuando las ruedas de la transpaleta, la plataforma rodante, el carro o la silla de ruedas tocan la rampa, esta desciende suavemente hasta el suelo, soportando el peso de forma segura.","rel":"","context":"Entrada similar ","block_context":{"text":"Entrada similar ","link":""},"img":{"alt_text":"","src":"https:\/\/i0.wp.com\/bizautom.com\/wp-content\/uploads\/2023\/07\/PS-ROWPalletJack-scaled.jpg?resize=350%2C200&ssl=1","width":350,"height":200,"srcset":"https:\/\/i0.wp.com\/bizautom.com\/wp-content\/uploads\/2023\/07\/PS-ROWPalletJack-scaled.jpg?resize=350%2C200&ssl=1 1x, https:\/\/i0.wp.com\/bizautom.com\/wp-content\/uploads\/2023\/07\/PS-ROWPalletJack-scaled.jpg?resize=525%2C300&ssl=1 1.5x, https:\/\/i0.wp.com\/bizautom.com\/wp-content\/uploads\/2023\/07\/PS-ROWPalletJack-scaled.jpg?resize=700%2C400&ssl=1 2x, https:\/\/i0.wp.com\/bizautom.com\/wp-content\/uploads\/2023\/07\/PS-ROWPalletJack-scaled.jpg?resize=1050%2C600&ssl=1 3x, https:\/\/i0.wp.com\/bizautom.com\/wp-content\/uploads\/2023\/07\/PS-ROWPalletJack-scaled.jpg?resize=1400%2C800&ssl=1 4x"},"classes":[]},{"id":1001,"url":"https:\/\/bizautom.com\/es\/producto\/prime-scales-ps-700as4422-livestock-scale-veterinary-scale-with-indicator\/","url_meta":{"origin":4341,"position":4},"title":"Prime Scales PS-700AS4422 Balanza Ganadera | Balanza Veterinaria con Indicador","author":"admin","date":"julio 19, 2023","format":false,"excerpt":"Garantice un control preciso y eficaz de la salud de los animales en las distintas fases de crecimiento con el uso de b\u00e1sculas para ganado. El pesaje de los animales es un aspecto crucial de las operaciones de la granja, ya que ayuda a mantener un rendimiento \u00f3ptimo y a garantizar su bienestar.","rel":"","context":"Entrada similar ","block_context":{"text":"Entrada similar ","link":""},"img":{"alt_text":"","src":"https:\/\/i0.wp.com\/bizautom.com\/wp-content\/uploads\/2023\/07\/CloudAnimalScale-Pig.jpg?resize=350%2C200&ssl=1","width":350,"height":200,"srcset":"https:\/\/i0.wp.com\/bizautom.com\/wp-content\/uploads\/2023\/07\/CloudAnimalScale-Pig.jpg?resize=350%2C200&ssl=1 1x, https:\/\/i0.wp.com\/bizautom.com\/wp-content\/uploads\/2023\/07\/CloudAnimalScale-Pig.jpg?resize=525%2C300&ssl=1 1.5x, https:\/\/i0.wp.com\/bizautom.com\/wp-content\/uploads\/2023\/07\/CloudAnimalScale-Pig.jpg?resize=700%2C400&ssl=1 2x, https:\/\/i0.wp.com\/bizautom.com\/wp-content\/uploads\/2023\/07\/CloudAnimalScale-Pig.jpg?resize=1050%2C600&ssl=1 3x, https:\/\/i0.wp.com\/bizautom.com\/wp-content\/uploads\/2023\/07\/CloudAnimalScale-Pig.jpg?resize=1400%2C800&ssl=1 4x"},"classes":[]},{"id":3667,"url":"https:\/\/bizautom.com\/es\/producto\/prime-scales-ps-b99ss-stainless-steel-portion-scale\/","url_meta":{"origin":4341,"position":5},"title":"Prime Scales PS-B99SS Balanza porcionadora de acero inoxidable","author":"admin","date":"abril 3, 2025","format":false,"excerpt":"Upgrade your weighing system with the PS-B99SS and experience the perfect balance of accuracy, durability, and convenience!","rel":"","context":"Entrada similar ","block_context":{"text":"Entrada similar ","link":""},"img":{"alt_text":"","src":"https:\/\/i0.wp.com\/bizautom.com\/wp-content\/uploads\/2025\/04\/PS-B99SS-scaled.webp?resize=350%2C200&ssl=1","width":350,"height":200,"srcset":"https:\/\/i0.wp.com\/bizautom.com\/wp-content\/uploads\/2025\/04\/PS-B99SS-scaled.webp?resize=350%2C200&ssl=1 1x, https:\/\/i0.wp.com\/bizautom.com\/wp-content\/uploads\/2025\/04\/PS-B99SS-scaled.webp?resize=525%2C300&ssl=1 1.5x, https:\/\/i0.wp.com\/bizautom.com\/wp-content\/uploads\/2025\/04\/PS-B99SS-scaled.webp?resize=700%2C400&ssl=1 2x, https:\/\/i0.wp.com\/bizautom.com\/wp-content\/uploads\/2025\/04\/PS-B99SS-scaled.webp?resize=1050%2C600&ssl=1 3x, https:\/\/i0.wp.com\/bizautom.com\/wp-content\/uploads\/2025\/04\/PS-B99SS-scaled.webp?resize=1400%2C800&ssl=1 4x"},"classes":[]}],"jetpack_sharing_enabled":true,"_links":{"self":[{"href":"https:\/\/bizautom.com\/es\/wp-json\/wp\/v2\/product\/4341","targetHints":{"allow":["GET"]}}],"collection":[{"href":"https:\/\/bizautom.com\/es\/wp-json\/wp\/v2\/product"}],"about":[{"href":"https:\/\/bizautom.com\/es\/wp-json\/wp\/v2\/types\/product"}],"replies":[{"embeddable":true,"href":"https:\/\/bizautom.com\/es\/wp-json\/wp\/v2\/comments?post=4341"}],"version-history":[{"count":5,"href":"https:\/\/bizautom.com\/es\/wp-json\/wp\/v2\/product\/4341\/revisions"}],"predecessor-version":[{"id":5821,"href":"https:\/\/bizautom.com\/es\/wp-json\/wp\/v2\/product\/4341\/revisions\/5821"}],"wp:featuredmedia":[{"embeddable":true,"href":"https:\/\/bizautom.com\/es\/wp-json\/wp\/v2\/media\/4342"}],"wp:attachment":[{"href":"https:\/\/bizautom.com\/es\/wp-json\/wp\/v2\/media?parent=4341"}],"wp:term":[{"taxonomy":"product_brand","embeddable":true,"href":"https:\/\/bizautom.com\/es\/wp-json\/wp\/v2\/product_brand?post=4341"},{"taxonomy":"product_cat","embeddable":true,"href":"https:\/\/bizautom.com\/es\/wp-json\/wp\/v2\/product_cat?post=4341"},{"taxonomy":"product_tag","embeddable":true,"href":"https:\/\/bizautom.com\/es\/wp-json\/wp\/v2\/product_tag?post=4341"}],"curies":[{"name":"wp","href":"https:\/\/api.w.org\/{rel}","templated":true}]}}