{"id":4345,"date":"2025-06-17T15:28:10","date_gmt":"2025-06-17T19:28:10","guid":{"rendered":"https:\/\/bizautom.com\/?post_type=product&#038;p=4345"},"modified":"2026-05-04T13:28:00","modified_gmt":"2026-05-04T17:28:00","slug":"bizautom-ba-dc130-dual-counting-scale-with-data-storage-and-software-integration","status":"publish","type":"product","link":"https:\/\/bizautom.com\/es\/producto\/bizautom-ba-dc130-dual-counting-scale-with-data-storage-and-software-integration\/","title":{"rendered":"BizAutom BA-DC130 Balanza cuentapiezas doble con almacenamiento de datos e integraci\u00f3n de software"},"content":{"rendered":"<p data-start=\"64\" data-end=\"525\">En <strong data-start=\"68\" data-end=\"109\">Balanza cuentapiezas doble BizAutom BA-DC130<\/strong> es una soluci\u00f3n de recuento avanzada y de alto rendimiento dise\u00f1ada para agilizar las operaciones de inventario, producci\u00f3n y embalaje con precisi\u00f3n y eficacia. Dise\u00f1ada para empresas que requieren un recuento de piezas preciso y r\u00e1pido, la BA-DC130 integra compatibilidad con plataformas duales y gesti\u00f3n inteligente de datos para maximizar la productividad en diversos sectores, desde la fabricaci\u00f3n y la distribuci\u00f3n hasta el comercio minorista y la log\u00edstica.<\/p>\n<h3 data-start=\"527\" data-end=\"585\"><strong data-start=\"531\" data-end=\"585\">Integraci\u00f3n de dos plataformas para una mayor flexibilidad<\/strong><\/h3>\n<p data-start=\"587\" data-end=\"1120\">En el coraz\u00f3n de la BA-DC130 se encuentra su <strong data-start=\"623\" data-end=\"659\">plataforma de doble escala conectividad<\/strong>una funci\u00f3n clave que permite a dos plataformas conectadas <strong data-start=\"714\" data-end=\"760\">comparten el mismo peso de muestra (peso unitario)<\/strong>. Esto significa que los usuarios pueden realizar tareas de recuento de alta velocidad y gran volumen en una b\u00e1scula de suelo de alta resistencia mientras verifican el peso de peque\u00f1as muestras en una b\u00e1scula de plataforma de precisi\u00f3n, sin necesidad de recalibrar o volver a introducir el peso unitario. Esta comunicaci\u00f3n perfecta entre plataformas reduce dr\u00e1sticamente los errores y garantiza la coherencia entre diferentes cargas y tama\u00f1os de piezas.<\/p>\n<h3 data-start=\"1122\" data-end=\"1160\"><strong data-start=\"1126\" data-end=\"1160\">Muestra inteligente de control de peso<\/strong><\/h3>\n<p data-start=\"1162\" data-end=\"1527\">El BA-DC130 est\u00e1 equipado con la capacidad de <strong data-start=\"1207\" data-end=\"1257\">almacenar y recuperar pesos unitarios (pesos de muestra)<\/strong> de la memoria. Esto elimina la necesidad de volver a pesar los art\u00edculos contados habitualmente, lo que acelera las operaciones y aumenta la precisi\u00f3n. Los usuarios pueden seleccionar f\u00e1cilmente pesos unitarios almacenados previamente a trav\u00e9s de la interfaz intuitiva, lo que permite realizar cambios r\u00e1pidos entre SKU o tiradas de producci\u00f3n.<\/p>\n<h3 data-start=\"1529\" data-end=\"1560\"><strong data-start=\"1533\" data-end=\"1560\">Funciones avanzadas de tara<\/strong><\/h3>\n<p data-start=\"1562\" data-end=\"1902\">Para una precisi\u00f3n y flexibilidad a\u00fan mayores, el BA-DC130 admite <strong data-start=\"1627\" data-end=\"1658\">ambos pre-tara (tara preestablecida)<\/strong> y <strong data-start=\"1663\" data-end=\"1696\">funciones de tara manual<\/strong>. Tanto si utiliza contenedores est\u00e1ndar como si trabaja con pesos de tara variables, esta funcionalidad le ayuda a garantizar que s\u00f3lo se utiliza el peso neto del producto para el recuento, manteniendo los datos de inventario limpios y fiables.<\/p>\n<h3 data-start=\"1904\" data-end=\"1958\"><strong data-start=\"1908\" data-end=\"1958\">Gesti\u00f3n y distribuci\u00f3n integral de datos<\/strong><\/h3>\n<p data-start=\"1960\" data-end=\"2364\">Construido con modernas capacidades de datos, el BA-DC130 permite <strong data-start=\"2021\" data-end=\"2063\">almacenamiento, transferencia e integraci\u00f3n de datos<\/strong> con diversos sistemas. Admite la exportaci\u00f3n de datos de peso y recuento a trav\u00e9s de USB o RS232 para conectar con PC, impresoras, sistemas ERP\/WMS o impresoras de etiquetas. Esto la convierte en una herramienta ideal para operaciones que dependen de la trazabilidad y el registro de datos para auditor\u00edas de inventario, control de calidad o seguimiento de la producci\u00f3n.<\/p>\n<h3 data-start=\"2366\" data-end=\"2409\"><strong data-start=\"2370\" data-end=\"2409\">Impresi\u00f3n de etiquetas e integraci\u00f3n de sistemas<\/strong><\/h3>\n<p data-start=\"2411\" data-end=\"2747\">La escala incluye <strong data-start=\"2430\" data-end=\"2462\">funcionalidad de impresi\u00f3n de etiquetas<\/strong>que permite a los usuarios imprimir etiquetas de recuento y peso directamente despu\u00e9s de una operaci\u00f3n de pesaje. La funci\u00f3n de etiquetado admite formatos personalizables, incluidos c\u00f3digos de barras, n\u00fameros de referencia, fechas, horas e informaci\u00f3n del usuario, lo que resulta ideal para mejorar la trazabilidad del almac\u00e9n, el envasado y la log\u00edstica de salida.<\/p>\n<h3 data-start=\"2749\" data-end=\"2780\"><strong data-start=\"2753\" data-end=\"2780\">Interfaz f\u00e1cil de usar<\/strong><\/h3>\n<p data-start=\"2782\" data-end=\"3060\">El BA-DC130 cuenta con un <strong data-start=\"2806\" data-end=\"2842\">Pantalla LCD brillante y f\u00e1cil de leer<\/strong> y un teclado intuitivo que simplifica la formaci\u00f3n y el manejo. Los operadores pueden cambiar f\u00e1cilmente entre funciones, acceder a datos almacenados, introducir pesos de tara y gestionar la impresi\u00f3n, todo ello desde una interfaz clara y receptiva.<\/p>\n<h3 data-start=\"3062\" data-end=\"3095\"><strong data-start=\"3066\" data-end=\"3095\">Aplicaciones y ventajas<\/strong><\/h3>\n<ul data-start=\"3097\" data-end=\"3402\">\n<li data-start=\"3097\" data-end=\"3178\">\n<p data-start=\"3099\" data-end=\"3178\"><strong data-start=\"3099\" data-end=\"3116\">Fabricaci\u00f3n<\/strong>: Cuente pernos, tornillos, accesorios y componentes peque\u00f1os a granel.<\/p>\n<\/li>\n<li data-start=\"3179\" data-end=\"3264\">\n<p data-start=\"3181\" data-end=\"3264\"><strong data-start=\"3181\" data-end=\"3209\">Almac\u00e9n y distribuci\u00f3n<\/strong>: Verificar eficazmente las cantidades de piezas entrantes y salientes.<\/p>\n<\/li>\n<li data-start=\"3265\" data-end=\"3324\">\n<p data-start=\"3267\" data-end=\"3324\"><strong data-start=\"3267\" data-end=\"3277\">Venta al por menor<\/strong>: Empaquetar los art\u00edculos contados con precisi\u00f3n etiquetados.<\/p>\n<\/li>\n<li data-start=\"3325\" data-end=\"3402\">\n<p data-start=\"3327\" data-end=\"3402\"><strong data-start=\"3327\" data-end=\"3346\">Control de calidad<\/strong>: Garantizar recuentos de lotes coherentes con una desviaci\u00f3n m\u00ednima.<\/p>\n<\/li>\n<\/ul>\n<h3><strong>Especificaciones<\/strong><\/h3>\n<p>Plataforma peque\u00f1a: 16\u2033x12\u2033.<\/p>\n<p>Tama\u00f1o de la plataforma grande: 48\u2033x48\u2033.<\/p>\n<p>Indicador: BA-PC1<\/p>\n<div style=\"width: 800px;\" class=\"wp-video\"><video class=\"wp-video-shortcode\" id=\"video-4345-1\" width=\"800\" height=\"450\" preload=\"metadata\" controls=\"controls\"><source type=\"video\/mp4\" src=\"https:\/\/bizautom.com\/wp-content\/uploads\/2025\/07\/DualCountingScaleIntroduction.mp4?_=1\" \/><a href=\"https:\/\/bizautom.com\/wp-content\/uploads\/2025\/07\/DualCountingScaleIntroduction.mp4\">https:\/\/bizautom.com\/wp-content\/uploads\/2025\/07\/DualCountingScaleIntroduction.mp4<\/a><\/video><\/div>","protected":false},"excerpt":{"rendered":"<p>En <strong data-start=\"3413\" data-end=\"3454\">BizAutom BA-DC130 Balanza cuentapiezas doble<\/strong> es m\u00e1s que un simple dispositivo de recuento: es un sistema vers\u00e1til, inteligente y escalable dise\u00f1ado para simplificar las complejas tareas de inventario y producci\u00f3n. Tanto si cuenta miles de componentes peque\u00f1os como si gestiona piezas pesadas en plataformas de gran tama\u00f1o, el BA-DC130 le ofrece la soluci\u00f3n que necesita. <strong data-start=\"3725\" data-end=\"3762\">velocidad, precisi\u00f3n y conectividad<\/strong> que exigen las operaciones modernas.<\/p>","protected":false},"featured_media":4346,"comment_status":"open","ping_status":"closed","template":"","meta":[],"product_brand":[51],"product_cat":[15,30],"product_tag":[],"class_list":{"0":"post-4345","1":"product","2":"type-product","3":"status-publish","4":"has-post-thumbnail","6":"product_brand-bizautom","7":"product_cat-industrial-equipment","8":"product_cat-industrial-scales","10":"first","11":"instock","12":"taxable","13":"shipping-taxable","14":"product-type-simple"},"yoast_head":"<!-- This site is optimized with the Yoast SEO plugin v27.5 - https:\/\/yoast.com\/product\/yoast-seo-wordpress\/ -->\n<title>BizAutom BA-DC130 Dual Counting Scale with Data Storage and Software Integration - BizAutom<\/title>\n<meta name=\"robots\" content=\"index, follow, max-snippet:-1, max-image-preview:large, max-video-preview:-1\" \/>\n<link rel=\"canonical\" href=\"https:\/\/bizautom.com\/es\/producto\/bizautom-ba-dc130-dual-counting-scale-with-data-storage-and-software-integration\/\" \/>\n<meta property=\"og:locale\" content=\"es_MX\" \/>\n<meta property=\"og:type\" content=\"article\" \/>\n<meta property=\"og:title\" content=\"BizAutom BA-DC130 Dual Counting Scale with Data Storage and Software Integration - BizAutom\" \/>\n<meta property=\"og:description\" content=\"The BizAutom BA-DC130 Dual Counting Scale is more than just a counting device\u2014it\u2019s a versatile, smart, and scalable system designed to simplify complex inventory and production tasks. Whether you&#039;re counting thousands of small components or managing heavy parts across large platforms, the BA-DC130 delivers the speed, accuracy, and connectivity modern operations demand.\" \/>\n<meta property=\"og:url\" content=\"https:\/\/bizautom.com\/es\/producto\/bizautom-ba-dc130-dual-counting-scale-with-data-storage-and-software-integration\/\" \/>\n<meta property=\"og:site_name\" content=\"BizAutom\" \/>\n<meta property=\"article:publisher\" content=\"https:\/\/www.facebook.com\/people\/TINGCHEN-BizAutom\/61565746662873\/\" \/>\n<meta property=\"article:modified_time\" content=\"2026-05-04T17:28:00+00:00\" \/>\n<meta property=\"og:image\" content=\"https:\/\/bizautom.com\/wp-content\/uploads\/2025\/06\/DualCountScaleFloorScale.jpg\" \/>\n\t<meta property=\"og:image:width\" content=\"1766\" \/>\n\t<meta property=\"og:image:height\" content=\"1766\" \/>\n\t<meta property=\"og:image:type\" content=\"image\/jpeg\" \/>\n<meta name=\"twitter:card\" content=\"summary_large_image\" \/>\n<meta name=\"twitter:label1\" content=\"Tiempo de lectura\" \/>\n\t<meta name=\"twitter:data1\" content=\"3 minutos\" \/>\n<!-- \/ Yoast SEO plugin. -->","yoast_head_json":{"title":"BizAutom BA-DC130 Dual Counting Scale with Data Storage and Software Integration - BizAutom","robots":{"index":"index","follow":"follow","max-snippet":"max-snippet:-1","max-image-preview":"max-image-preview:large","max-video-preview":"max-video-preview:-1"},"canonical":"https:\/\/bizautom.com\/es\/producto\/bizautom-ba-dc130-dual-counting-scale-with-data-storage-and-software-integration\/","og_locale":"es_MX","og_type":"article","og_title":"BizAutom BA-DC130 Dual Counting Scale with Data Storage and Software Integration - BizAutom","og_description":"The BizAutom BA-DC130 Dual Counting Scale is more than just a counting device\u2014it\u2019s a versatile, smart, and scalable system designed to simplify complex inventory and production tasks. Whether you're counting thousands of small components or managing heavy parts across large platforms, the BA-DC130 delivers the speed, accuracy, and connectivity modern operations demand.","og_url":"https:\/\/bizautom.com\/es\/producto\/bizautom-ba-dc130-dual-counting-scale-with-data-storage-and-software-integration\/","og_site_name":"BizAutom","article_publisher":"https:\/\/www.facebook.com\/people\/TINGCHEN-BizAutom\/61565746662873\/","article_modified_time":"2026-05-04T17:28:00+00:00","og_image":[{"width":1766,"height":1766,"url":"https:\/\/bizautom.com\/wp-content\/uploads\/2025\/06\/DualCountScaleFloorScale.jpg","type":"image\/jpeg"}],"twitter_card":"summary_large_image","twitter_misc":{"Tiempo de lectura":"3 minutos"},"schema":{"@context":"https:\/\/schema.org","@graph":[{"@type":"WebPage","@id":"https:\/\/bizautom.com\/product\/bizautom-ba-dc130-dual-counting-scale-with-data-storage-and-software-integration\/","url":"https:\/\/bizautom.com\/product\/bizautom-ba-dc130-dual-counting-scale-with-data-storage-and-software-integration\/","name":"BizAutom BA-DC130 Dual Counting Scale with Data Storage and Software Integration - BizAutom","isPartOf":{"@id":"https:\/\/bizautom.com\/#website"},"primaryImageOfPage":{"@id":"https:\/\/bizautom.com\/product\/bizautom-ba-dc130-dual-counting-scale-with-data-storage-and-software-integration\/#primaryimage"},"image":{"@id":"https:\/\/bizautom.com\/product\/bizautom-ba-dc130-dual-counting-scale-with-data-storage-and-software-integration\/#primaryimage"},"thumbnailUrl":"https:\/\/bizautom.com\/wp-content\/uploads\/2025\/06\/DualCountScaleFloorScale.jpg","datePublished":"2025-06-17T19:28:10+00:00","dateModified":"2026-05-04T17:28:00+00:00","breadcrumb":{"@id":"https:\/\/bizautom.com\/product\/bizautom-ba-dc130-dual-counting-scale-with-data-storage-and-software-integration\/#breadcrumb"},"inLanguage":"es","potentialAction":[{"@type":"ReadAction","target":["https:\/\/bizautom.com\/product\/bizautom-ba-dc130-dual-counting-scale-with-data-storage-and-software-integration\/"]}]},{"@type":"ImageObject","inLanguage":"es","@id":"https:\/\/bizautom.com\/product\/bizautom-ba-dc130-dual-counting-scale-with-data-storage-and-software-integration\/#primaryimage","url":"https:\/\/bizautom.com\/wp-content\/uploads\/2025\/06\/DualCountScaleFloorScale.jpg","contentUrl":"https:\/\/bizautom.com\/wp-content\/uploads\/2025\/06\/DualCountScaleFloorScale.jpg","width":1766,"height":1766},{"@type":"BreadcrumbList","@id":"https:\/\/bizautom.com\/product\/bizautom-ba-dc130-dual-counting-scale-with-data-storage-and-software-integration\/#breadcrumb","itemListElement":[{"@type":"ListItem","position":1,"name":"Home","item":"https:\/\/bizautom.com\/"},{"@type":"ListItem","position":2,"name":"Shop","item":"https:\/\/bizautom.com\/shop-2\/"},{"@type":"ListItem","position":3,"name":"BizAutom BA-DC130 Dual Counting Scale with Data Storage and Software Integration"}]},{"@type":"WebSite","@id":"https:\/\/bizautom.com\/#website","url":"https:\/\/bizautom.com\/","name":"BizAutom","description":"R\u00e1pido. Preciso. Inteligente.","publisher":{"@id":"https:\/\/bizautom.com\/#organization"},"potentialAction":[{"@type":"SearchAction","target":{"@type":"EntryPoint","urlTemplate":"https:\/\/bizautom.com\/?s={search_term_string}"},"query-input":{"@type":"PropertyValueSpecification","valueRequired":true,"valueName":"search_term_string"}}],"inLanguage":"es"},{"@type":"Organization","@id":"https:\/\/bizautom.com\/#organization","name":"BizAutom","url":"https:\/\/bizautom.com\/","logo":{"@type":"ImageObject","inLanguage":"es","@id":"https:\/\/bizautom.com\/#\/schema\/logo\/image\/","url":"https:\/\/bizautom.com\/wp-content\/uploads\/2025\/04\/BizAutom_Logo_1.webp","contentUrl":"https:\/\/bizautom.com\/wp-content\/uploads\/2025\/04\/BizAutom_Logo_1.webp","width":455,"height":326,"caption":"BizAutom"},"image":{"@id":"https:\/\/bizautom.com\/#\/schema\/logo\/image\/"},"sameAs":["https:\/\/www.facebook.com\/people\/TINGCHEN-BizAutom\/61565746662873\/"]}]}},"jetpack-related-posts":[{"id":5608,"url":"https:\/\/bizautom.com\/es\/producto\/airport-luggage-check-scale-with-dual-ramps\/","url_meta":{"origin":4345,"position":0},"title":"BizAutom BA-1KF_WCS Airport Luggage Check Scale with Dual Ramps","author":"admin","date":"abril 7, 2026","format":false,"excerpt":"Ensure fast, accurate, and hassle-free baggage screening with our Airport Luggage Check Scale\u2014designed specifically for airlines to verify that passenger luggage meets the standard 50 lb weight limit.","rel":"","context":"Entrada similar ","block_context":{"text":"Entrada similar ","link":""},"img":{"alt_text":"","src":"https:\/\/i0.wp.com\/bizautom.com\/wp-content\/uploads\/2026\/04\/BA-1KF.jpg?resize=350%2C200&ssl=1","width":350,"height":200,"srcset":"https:\/\/i0.wp.com\/bizautom.com\/wp-content\/uploads\/2026\/04\/BA-1KF.jpg?resize=350%2C200&ssl=1 1x, https:\/\/i0.wp.com\/bizautom.com\/wp-content\/uploads\/2026\/04\/BA-1KF.jpg?resize=525%2C300&ssl=1 1.5x, https:\/\/i0.wp.com\/bizautom.com\/wp-content\/uploads\/2026\/04\/BA-1KF.jpg?resize=700%2C400&ssl=1 2x, https:\/\/i0.wp.com\/bizautom.com\/wp-content\/uploads\/2026\/04\/BA-1KF.jpg?resize=1050%2C600&ssl=1 3x, https:\/\/i0.wp.com\/bizautom.com\/wp-content\/uploads\/2026\/04\/BA-1KF.jpg?resize=1400%2C800&ssl=1 4x"},"classes":[]},{"id":1212,"url":"https:\/\/bizautom.com\/es\/producto\/bizautom-ba-k120s-g4-versatile-stretch-wrap-machine-with-integrated-3-dimensional-weight-scale-and-label-printer\/","url_meta":{"origin":4345,"position":1},"title":"Enfajadora vers\u00e1til BizAutom BA-K120S G4 con b\u00e1scula tridimensional e impresora de etiquetas integradas","author":"admin","date":"enero 22, 2024","format":false,"excerpt":"Presentamos la primera enfardadora del mundo que incorpora una b\u00e1scula de peso tridimensional integrada. Esta vers\u00e1til m\u00e1quina puede envolver, pesar, medir, imprimir y transmitir en una sola operaci\u00f3n, optimizando tanto el tiempo como el ahorro de costes para usted.","rel":"","context":"Entrada similar ","block_context":{"text":"Entrada similar ","link":""},"img":{"alt_text":"","src":"https:\/\/i0.wp.com\/bizautom.com\/wp-content\/uploads\/2024\/01\/BA-K120S-WrappingMachineG4Color.jpg?resize=350%2C200&ssl=1","width":350,"height":200,"srcset":"https:\/\/i0.wp.com\/bizautom.com\/wp-content\/uploads\/2024\/01\/BA-K120S-WrappingMachineG4Color.jpg?resize=350%2C200&ssl=1 1x, https:\/\/i0.wp.com\/bizautom.com\/wp-content\/uploads\/2024\/01\/BA-K120S-WrappingMachineG4Color.jpg?resize=525%2C300&ssl=1 1.5x, https:\/\/i0.wp.com\/bizautom.com\/wp-content\/uploads\/2024\/01\/BA-K120S-WrappingMachineG4Color.jpg?resize=700%2C400&ssl=1 2x"},"classes":[]},{"id":1172,"url":"https:\/\/bizautom.com\/es\/producto\/bizautom-ba-dws2424-laser-dimensional-scale-500x0-1lb-cap-with-printer-software\/","url_meta":{"origin":4345,"position":2},"title":"BizAutom BA-DS2424 B\u00e1scula dimensional l\u00e1ser 500\u00d70.1lb Cap. con c\u00e1mara, esc\u00e1ner, impresora y software","author":"admin","date":"diciembre 29, 2023","format":false,"excerpt":"The BizAutom Laser Dimensional Scale is designed to bring precision and efficiency to your shipping processes. This innovative scale combines advanced weight and dimension measurement technology, streamlining shipping cost management and enhancing overall accuracy.","rel":"","context":"Entrada similar ","block_context":{"text":"Entrada similar ","link":""},"img":{"alt_text":"industrial smart scales","src":"https:\/\/i0.wp.com\/bizautom.com\/wp-content\/uploads\/2023\/12\/BA-DS2424-scaled.jpg?resize=350%2C200&ssl=1","width":350,"height":200,"srcset":"https:\/\/i0.wp.com\/bizautom.com\/wp-content\/uploads\/2023\/12\/BA-DS2424-scaled.jpg?resize=350%2C200&ssl=1 1x, https:\/\/i0.wp.com\/bizautom.com\/wp-content\/uploads\/2023\/12\/BA-DS2424-scaled.jpg?resize=525%2C300&ssl=1 1.5x, https:\/\/i0.wp.com\/bizautom.com\/wp-content\/uploads\/2023\/12\/BA-DS2424-scaled.jpg?resize=700%2C400&ssl=1 2x, https:\/\/i0.wp.com\/bizautom.com\/wp-content\/uploads\/2023\/12\/BA-DS2424-scaled.jpg?resize=1050%2C600&ssl=1 3x, https:\/\/i0.wp.com\/bizautom.com\/wp-content\/uploads\/2023\/12\/BA-DS2424-scaled.jpg?resize=1400%2C800&ssl=1 4x"},"classes":[]},{"id":4337,"url":"https:\/\/bizautom.com\/es\/producto\/bizautom-cubeweigh-dimensioner-and-scale-system\/","url_meta":{"origin":4345,"position":3},"title":"Dimensionador y balanza BizAutom BA-CBW CubeWeigh","author":"admin","date":"junio 10, 2025","format":false,"excerpt":"Eficaz. Preciso. Integrado.","rel":"","context":"Entrada similar ","block_context":{"text":"Entrada similar ","link":""},"img":{"alt_text":"","src":"https:\/\/i0.wp.com\/bizautom.com\/wp-content\/uploads\/2025\/06\/CubeWeigh.jpg?resize=350%2C200&ssl=1","width":350,"height":200,"srcset":"https:\/\/i0.wp.com\/bizautom.com\/wp-content\/uploads\/2025\/06\/CubeWeigh.jpg?resize=350%2C200&ssl=1 1x, https:\/\/i0.wp.com\/bizautom.com\/wp-content\/uploads\/2025\/06\/CubeWeigh.jpg?resize=525%2C300&ssl=1 1.5x, https:\/\/i0.wp.com\/bizautom.com\/wp-content\/uploads\/2025\/06\/CubeWeigh.jpg?resize=700%2C400&ssl=1 2x, https:\/\/i0.wp.com\/bizautom.com\/wp-content\/uploads\/2025\/06\/CubeWeigh.jpg?resize=1050%2C600&ssl=1 3x, https:\/\/i0.wp.com\/bizautom.com\/wp-content\/uploads\/2025\/06\/CubeWeigh.jpg?resize=1400%2C800&ssl=1 4x"},"classes":[]},{"id":4183,"url":"https:\/\/bizautom.com\/es\/producto\/bizautom-ba-fc150-fast-counting-module-precision-and-speed-for-modern-automation\/","url_meta":{"origin":4345,"position":4},"title":"M\u00f3dulo de recuento r\u00e1pido BizAutom BA-FC150 - Precisi\u00f3n y velocidad para la automatizaci\u00f3n moderna","author":"admin","date":"abril 24, 2025","format":false,"excerpt":"Ya se trate de optimizar una l\u00ednea de envasado, automatizar sistemas de inspecci\u00f3n o supervisar los \u00edndices de producci\u00f3n, nuestros m\u00f3dulos ofrecen la fiabilidad y precisi\u00f3n que necesita para mantenerse a la vanguardia.","rel":"","context":"Entrada similar ","block_context":{"text":"Entrada similar ","link":""},"img":{"alt_text":"","src":"https:\/\/i0.wp.com\/bizautom.com\/wp-content\/uploads\/2025\/04\/BA-FC150-scaled.jpg?resize=350%2C200&ssl=1","width":350,"height":200,"srcset":"https:\/\/i0.wp.com\/bizautom.com\/wp-content\/uploads\/2025\/04\/BA-FC150-scaled.jpg?resize=350%2C200&ssl=1 1x, https:\/\/i0.wp.com\/bizautom.com\/wp-content\/uploads\/2025\/04\/BA-FC150-scaled.jpg?resize=525%2C300&ssl=1 1.5x, https:\/\/i0.wp.com\/bizautom.com\/wp-content\/uploads\/2025\/04\/BA-FC150-scaled.jpg?resize=700%2C400&ssl=1 2x, https:\/\/i0.wp.com\/bizautom.com\/wp-content\/uploads\/2025\/04\/BA-FC150-scaled.jpg?resize=1050%2C600&ssl=1 3x, https:\/\/i0.wp.com\/bizautom.com\/wp-content\/uploads\/2025\/04\/BA-FC150-scaled.jpg?resize=1400%2C800&ssl=1 4x"},"classes":[]},{"id":3763,"url":"https:\/\/bizautom.com\/es\/producto\/ba-ds2424-shipstation-version-automated-shipping-integration-that-saves-big-on-labor\/","url_meta":{"origin":4345,"position":5},"title":"BA-DS2424-Auto - B\u00e1scula dimensional automatizada con integraci\u00f3n de env\u00edo que ahorra mucha mano de obra","author":"admin","date":"abril 8, 2025","format":false,"excerpt":"\ud83d\udee0\ufe0f Ready to Save Time and Labor? If your team is still doing shipping the manual way, it\u2019s time to level up. The BA-DS2424 Shipstation Version can reduce your processing time by over 60% per order, eliminate repetitive data entry, and help your warehouse ship more with fewer hands. Stop\u2026","rel":"","context":"Entrada similar ","block_context":{"text":"Entrada similar ","link":""},"img":{"alt_text":"","src":"https:\/\/i0.wp.com\/bizautom.com\/wp-content\/uploads\/2025\/04\/BA-DS2424-Auto-scaled.webp?resize=350%2C200&ssl=1","width":350,"height":200,"srcset":"https:\/\/i0.wp.com\/bizautom.com\/wp-content\/uploads\/2025\/04\/BA-DS2424-Auto-scaled.webp?resize=350%2C200&ssl=1 1x, https:\/\/i0.wp.com\/bizautom.com\/wp-content\/uploads\/2025\/04\/BA-DS2424-Auto-scaled.webp?resize=525%2C300&ssl=1 1.5x, https:\/\/i0.wp.com\/bizautom.com\/wp-content\/uploads\/2025\/04\/BA-DS2424-Auto-scaled.webp?resize=700%2C400&ssl=1 2x, https:\/\/i0.wp.com\/bizautom.com\/wp-content\/uploads\/2025\/04\/BA-DS2424-Auto-scaled.webp?resize=1050%2C600&ssl=1 3x, https:\/\/i0.wp.com\/bizautom.com\/wp-content\/uploads\/2025\/04\/BA-DS2424-Auto-scaled.webp?resize=1400%2C800&ssl=1 4x"},"classes":[]}],"jetpack_sharing_enabled":true,"_links":{"self":[{"href":"https:\/\/bizautom.com\/es\/wp-json\/wp\/v2\/product\/4345","targetHints":{"allow":["GET"]}}],"collection":[{"href":"https:\/\/bizautom.com\/es\/wp-json\/wp\/v2\/product"}],"about":[{"href":"https:\/\/bizautom.com\/es\/wp-json\/wp\/v2\/types\/product"}],"replies":[{"embeddable":true,"href":"https:\/\/bizautom.com\/es\/wp-json\/wp\/v2\/comments?post=4345"}],"version-history":[{"count":2,"href":"https:\/\/bizautom.com\/es\/wp-json\/wp\/v2\/product\/4345\/revisions"}],"predecessor-version":[{"id":4674,"href":"https:\/\/bizautom.com\/es\/wp-json\/wp\/v2\/product\/4345\/revisions\/4674"}],"wp:featuredmedia":[{"embeddable":true,"href":"https:\/\/bizautom.com\/es\/wp-json\/wp\/v2\/media\/4346"}],"wp:attachment":[{"href":"https:\/\/bizautom.com\/es\/wp-json\/wp\/v2\/media?parent=4345"}],"wp:term":[{"taxonomy":"product_brand","embeddable":true,"href":"https:\/\/bizautom.com\/es\/wp-json\/wp\/v2\/product_brand?post=4345"},{"taxonomy":"product_cat","embeddable":true,"href":"https:\/\/bizautom.com\/es\/wp-json\/wp\/v2\/product_cat?post=4345"},{"taxonomy":"product_tag","embeddable":true,"href":"https:\/\/bizautom.com\/es\/wp-json\/wp\/v2\/product_tag?post=4345"}],"curies":[{"name":"wp","href":"https:\/\/api.w.org\/{rel}","templated":true}]}}