{"id":950,"date":"2023-07-18T22:06:02","date_gmt":"2023-07-18T22:06:02","guid":{"rendered":"https:\/\/bizautom.com\/?post_type=product&#038;p=950"},"modified":"2024-09-23T00:43:47","modified_gmt":"2024-09-23T04:43:47","slug":"prime-scales-ps-b130-130x0-005lb-hi-definition-bench-scale-shipping-scale","status":"publish","type":"product","link":"https:\/\/bizautom.com\/es\/producto\/prime-scales-ps-b130-130x0-005lb-hi-definition-bench-scale-shipping-scale\/","title":{"rendered":"Prime Scales PS-B130 130\u00d70.005lb Balanza de banco de alta definici\u00f3n | Balanza para env\u00edos"},"content":{"rendered":"<p><span style=\"font-weight: 400;\">La b\u00e1scula digital de sobremesa PS-B130 de Bizautom es la soluci\u00f3n perfecta para todas sus necesidades de env\u00edo y pesaje. Tanto si gestiona un almac\u00e9n como si realiza entregas a peque\u00f1a escala, esta vers\u00e1til b\u00e1scula lo hace todo.\u00a0<\/span><\/p>\n<p><span style=\"font-weight: 400;\">En lugar de hacer malabarismos con varias b\u00e1sculas, la PS-B130 simplifica las cosas al manejar con precisi\u00f3n cajas grandes y sobres peque\u00f1os. Su dise\u00f1o compacto pero resistente la hace ideal para cualquier empresa que busque mejorar su proceso de env\u00edo garantizando siempre mediciones precisas.<\/span><\/p>\n<h2><b>Caracter\u00edsticas principales<\/b><\/h2>\n<p>En <strong>Definici\u00f3n de la b\u00e1scula de mesa PS-B130<\/strong> incluye varias caracter\u00edsticas clave que lo convierten en una opci\u00f3n fiable para las empresas:<\/p>\n<p><b>Alta capacidad y precisi\u00f3n: <\/b><span style=\"font-weight: 400;\">Con una capacidad m\u00e1xima de 130 libras y una precisi\u00f3n de 0,1 onzas, la PS-B130 ofrece resultados precisos para todo lo que pese. Tanto si se trata de una caja grande como de un art\u00edculo peque\u00f1o, puede confiar en esta b\u00e1scula para obtener mediciones precisas.<\/span><\/p>\n<p><b>Construido para durar: <\/b><span style=\"font-weight: 400;\">Fabricada en metal estructural resistente con una parte superior de acero inoxidable 304, la PS-B130 est\u00e1 dise\u00f1ada para durar. Es lo suficientemente resistente para su uso diario en lugares de trabajo ajetreados como almacenes y departamentos de env\u00edos.<\/span><\/p>\n<p><b>Opciones de alimentaci\u00f3n flexibles:<\/b><span style=\"font-weight: 400;\"> El PS-B130 tiene una bater\u00eda recargable integrada, para que pueda utilizarlo en cualquier lugar sin necesidad de una fuente de alimentaci\u00f3n constante. Tambi\u00e9n incluye un adaptador AC-DC para cuando necesites una opci\u00f3n de enchufe.<\/span><\/p>\n<p><b>F\u00e1cil conexi\u00f3n al ordenador: <\/b><span style=\"font-weight: 400;\">\u00bfNecesita hacer un seguimiento de sus datos de peso? La PS-B130 se conecta a su ordenador mediante un cable RS-232 a USB, lo que facilita el registro y la gesti\u00f3n de la informaci\u00f3n de peso de cada env\u00edo.<\/span><\/p>\n<p><b>Listo para usar: <\/b><span style=\"font-weight: 400;\">No hay necesidad de perder tiempo montando esta b\u00e1scula. La PS-B130 viene totalmente lista para usar, con el indicador PS-IN202, para que pueda empezar a trabajar de inmediato.<\/span><\/p>\n<h2><b>Aplicaciones<\/b><\/h2>\n<p><span style=\"font-weight: 400;\">La b\u00e1scula industrial de sobremesa PS-B130 es \u00fatil para una gran variedad de industrias y tareas:<\/span><\/p>\n<ul>\n<li aria-level=\"1\">\n<h3><b>Env\u00edos y entregas<\/b><\/h3>\n<\/li>\n<\/ul>\n<p><span style=\"font-weight: 400;\">Perfecta para cualquier departamento de env\u00edos, la PS-B130 mide con precisi\u00f3n paquetes, independientemente de su tama\u00f1o. Maneja desde sobres peque\u00f1os hasta cajas voluminosas, eliminando la necesidad de m\u00faltiples b\u00e1sculas.<\/span><\/p>\n<ul>\n<li aria-level=\"1\">\n<h3><b>Operaciones de almac\u00e9n<\/b><\/h3>\n<\/li>\n<\/ul>\n<p><span style=\"font-weight: 400;\">Los almacenes con una amplia gama de productos se benefician de la capacidad de la PS-B130 para pesar art\u00edculos grandes y peque\u00f1os. Ayuda a mantener la precisi\u00f3n de su inventario y la fluidez de sus operaciones.<\/span><\/p>\n<ul>\n<li aria-level=\"1\">\n<h3><b>Venta al por menor y comercio electr\u00f3nico<\/b><\/h3>\n<\/li>\n<\/ul>\n<p><span style=\"font-weight: 400;\">Para las empresas que env\u00edan productos a diario, la PS-B130 es una herramienta esencial. Garantiza la precisi\u00f3n de los pesos de env\u00edo, evitando cargos adicionales o subestimaciones.<\/span><\/p>\n<ul>\n<li aria-level=\"1\">\n<h3><b>Industria alimentaria<\/b><\/h3>\n<\/li>\n<\/ul>\n<p><span style=\"font-weight: 400;\">Gracias a su superficie de acero inoxidable, la PS-B130 tambi\u00e9n es adecuada para pesar productos alimentarios. Es una gran elecci\u00f3n para restaurantes, panader\u00edas y l\u00edneas de producci\u00f3n de alimentos donde la limpieza y la precisi\u00f3n son cruciales.<\/span><\/p>\n<h2><b>Preguntas m\u00e1s frecuentes (FAQ)<\/b><\/h2>\n<h3><b>1. \u00bfEst\u00e1 la B\u00e1scula de mesa PS-B130 Definition lista para su uso inmediato?<\/b><\/h3>\n<p><span style=\"font-weight: 400;\">S\u00ed, el PS-B130 viene completamente montado. Est\u00e1 listo para usar nada m\u00e1s sacarlo de la caja, sin necesidad de configuraci\u00f3n.<\/span><\/p>\n<h3><b>2. \u00bfCu\u00e1l es la precisi\u00f3n de esta b\u00e1scula?<\/b><\/h3>\n<p><span style=\"font-weight: 400;\">La PS-B130 ofrece mediciones precisas, con una exactitud de 0,1 onzas, lo que la hace perfecta para pesar art\u00edculos peque\u00f1os y grandes.<\/span><\/p>\n<h3><b>3. \u00bfPuedo utilizar la PS-B130 sin enchufarla?<\/b><\/h3>\n<p><span style=\"font-weight: 400;\">S\u00ed, el PS-B130 tiene una bater\u00eda recargable integrada que te permite utilizarlo en cualquier lugar. Tambi\u00e9n viene con un adaptador AC-DC por si prefieres enchufarlo.<\/span><\/p>\n<h3><b>4. \u00bfPuedo conectar la b\u00e1scula a mi ordenador?<\/b><\/h3>\n<p><span style=\"font-weight: 400;\">S\u00ed, puede conectar f\u00e1cilmente la PS-B130 a su ordenador mediante el cable RS-232 a USB incluido, lo que simplifica el seguimiento y la gesti\u00f3n de los datos de peso.<\/span><\/p>\n<h3><b>5. \u00bfQu\u00e9 sectores se benefician m\u00e1s del uso de la PS-B130?<\/b><\/h3>\n<p><span style=\"font-weight: 400;\">La PS-B130 es ideal para env\u00edos, almacenes, venta al por menor, comercio electr\u00f3nico e incluso el sector de la alimentaci\u00f3n y las bebidas. Su versatilidad la hace id\u00f3nea para cualquier negocio que requiera un pesaje preciso.<\/span><\/p>\n<p>&nbsp;<\/p>\n<p><span style=\"font-weight: 400;\">B\u00e1scula industrial de sobremesa PS-B130<\/span><span style=\"font-weight: 400;\">\u00a0es una soluci\u00f3n vers\u00e1til, duradera y muy precisa para las necesidades de pesaje de su empresa. Tanto si env\u00eda art\u00edculos como si gestiona inventarios, su facilidad de uso y su rendimiento preciso la convierten en el complemento perfecto para su espacio de trabajo.\u00a0<\/span><\/p>\n<p><span style=\"font-weight: 400;\">Actualice hoy mismo sus operaciones con la b\u00e1scula digital de sobremesa PS-B130. Simplifique su proceso de pesaje y obtenga mediciones fiables y precisas para cada paquete o producto. Haga su pedido ahora y compruebe c\u00f3mo la PS-B130 puede mejorar sus tareas industriales y de env\u00edo.<\/span><\/p>","protected":false},"excerpt":{"rendered":"<p>PS-B130 es nuestra balanza todo en uno para sus necesidades de departamento de env\u00edos. Con esta nueva b\u00e1scula, ya no necesitar\u00e1 varias b\u00e1sculas para diferentes pesos.<\/p>","protected":false},"featured_media":954,"comment_status":"open","ping_status":"closed","template":"","meta":[],"product_brand":[41],"product_cat":[15,30],"product_tag":[53,54],"class_list":{"0":"post-950","1":"product","2":"type-product","3":"status-publish","4":"has-post-thumbnail","6":"product_brand-prime-scales","7":"product_cat-industrial-equipment","8":"product_cat-industrial-scales","9":"product_tag-bench-scale","10":"product_tag-shipping-scale","12":"first","13":"instock","14":"taxable","15":"shipping-taxable","16":"purchasable","17":"product-type-simple"},"yoast_head":"<!-- This site is optimized with the Yoast SEO plugin v27.4 - https:\/\/yoast.com\/product\/yoast-seo-wordpress\/ -->\n<title>High-Definition Industrial Bench Scale: PS-B130 | Bizautom<\/title>\n<meta name=\"description\" content=\"Explore the Prime Scales PS-B130, a high-definition bench scale ideal for industrial use. Get accurate measurements with this digital bench scale from BizAutom.\" \/>\n<meta name=\"robots\" content=\"index, follow, max-snippet:-1, max-image-preview:large, max-video-preview:-1\" \/>\n<link rel=\"canonical\" href=\"https:\/\/bizautom.com\/es\/producto\/prime-scales-ps-b130-130x0-005lb-hi-definition-bench-scale-shipping-scale\/\" \/>\n<meta property=\"og:locale\" content=\"es_MX\" \/>\n<meta property=\"og:type\" content=\"article\" \/>\n<meta property=\"og:title\" content=\"High-Definition Industrial Bench Scale: PS-B130 | Bizautom\" \/>\n<meta property=\"og:description\" content=\"Explore the Prime Scales PS-B130, a high-definition bench scale ideal for industrial use. Get accurate measurements with this digital bench scale from BizAutom.\" \/>\n<meta property=\"og:url\" content=\"https:\/\/bizautom.com\/es\/producto\/prime-scales-ps-b130-130x0-005lb-hi-definition-bench-scale-shipping-scale\/\" \/>\n<meta property=\"og:site_name\" content=\"BizAutom\" \/>\n<meta property=\"article:publisher\" content=\"https:\/\/www.facebook.com\/people\/TINGCHEN-BizAutom\/61565746662873\/\" \/>\n<meta property=\"article:modified_time\" content=\"2024-09-23T04:43:47+00:00\" \/>\n<meta property=\"og:image\" content=\"https:\/\/bizautom.com\/wp-content\/uploads\/2023\/07\/PS-B130-Clean.jpg\" \/>\n\t<meta property=\"og:image:width\" content=\"1605\" \/>\n\t<meta property=\"og:image:height\" content=\"1605\" \/>\n\t<meta property=\"og:image:type\" content=\"image\/jpeg\" \/>\n<meta name=\"twitter:card\" content=\"summary_large_image\" \/>\n<meta name=\"twitter:label1\" content=\"Tiempo de lectura\" \/>\n\t<meta name=\"twitter:data1\" content=\"4 minutos\" \/>\n<!-- \/ Yoast SEO plugin. -->","yoast_head_json":{"title":"High-Definition Industrial Bench Scale: PS-B130 | Bizautom","description":"Explore the Prime Scales PS-B130, a high-definition bench scale ideal for industrial use. Get accurate measurements with this digital bench scale from BizAutom.","robots":{"index":"index","follow":"follow","max-snippet":"max-snippet:-1","max-image-preview":"max-image-preview:large","max-video-preview":"max-video-preview:-1"},"canonical":"https:\/\/bizautom.com\/es\/producto\/prime-scales-ps-b130-130x0-005lb-hi-definition-bench-scale-shipping-scale\/","og_locale":"es_MX","og_type":"article","og_title":"High-Definition Industrial Bench Scale: PS-B130 | Bizautom","og_description":"Explore the Prime Scales PS-B130, a high-definition bench scale ideal for industrial use. Get accurate measurements with this digital bench scale from BizAutom.","og_url":"https:\/\/bizautom.com\/es\/producto\/prime-scales-ps-b130-130x0-005lb-hi-definition-bench-scale-shipping-scale\/","og_site_name":"BizAutom","article_publisher":"https:\/\/www.facebook.com\/people\/TINGCHEN-BizAutom\/61565746662873\/","article_modified_time":"2024-09-23T04:43:47+00:00","og_image":[{"width":1605,"height":1605,"url":"https:\/\/bizautom.com\/wp-content\/uploads\/2023\/07\/PS-B130-Clean.jpg","type":"image\/jpeg"}],"twitter_card":"summary_large_image","twitter_misc":{"Tiempo de lectura":"4 minutos"},"schema":{"@context":"https:\/\/schema.org","@graph":[{"@type":"WebPage","@id":"https:\/\/bizautom.com\/es\/producto\/prime-scales-ps-b130-130x0-005lb-hi-definition-bench-scale-shipping-scale\/","url":"https:\/\/bizautom.com\/es\/producto\/prime-scales-ps-b130-130x0-005lb-hi-definition-bench-scale-shipping-scale\/","name":"High-Definition Industrial Bench Scale: PS-B130 | Bizautom","isPartOf":{"@id":"https:\/\/bizautom.com\/#website"},"primaryImageOfPage":{"@id":"https:\/\/bizautom.com\/es\/producto\/prime-scales-ps-b130-130x0-005lb-hi-definition-bench-scale-shipping-scale\/#primaryimage"},"image":{"@id":"https:\/\/bizautom.com\/es\/producto\/prime-scales-ps-b130-130x0-005lb-hi-definition-bench-scale-shipping-scale\/#primaryimage"},"thumbnailUrl":"https:\/\/bizautom.com\/wp-content\/uploads\/2023\/07\/PS-B130-Clean.jpg","datePublished":"2023-07-18T22:06:02+00:00","dateModified":"2024-09-23T04:43:47+00:00","description":"Explore the Prime Scales PS-B130, a high-definition bench scale ideal for industrial use. Get accurate measurements with this digital bench scale from BizAutom.","breadcrumb":{"@id":"https:\/\/bizautom.com\/es\/producto\/prime-scales-ps-b130-130x0-005lb-hi-definition-bench-scale-shipping-scale\/#breadcrumb"},"inLanguage":"es","potentialAction":[{"@type":"ReadAction","target":["https:\/\/bizautom.com\/es\/producto\/prime-scales-ps-b130-130x0-005lb-hi-definition-bench-scale-shipping-scale\/"]}]},{"@type":"ImageObject","inLanguage":"es","@id":"https:\/\/bizautom.com\/es\/producto\/prime-scales-ps-b130-130x0-005lb-hi-definition-bench-scale-shipping-scale\/#primaryimage","url":"https:\/\/bizautom.com\/wp-content\/uploads\/2023\/07\/PS-B130-Clean.jpg","contentUrl":"https:\/\/bizautom.com\/wp-content\/uploads\/2023\/07\/PS-B130-Clean.jpg","width":1605,"height":1605},{"@type":"BreadcrumbList","@id":"https:\/\/bizautom.com\/es\/producto\/prime-scales-ps-b130-130x0-005lb-hi-definition-bench-scale-shipping-scale\/#breadcrumb","itemListElement":[{"@type":"ListItem","position":1,"name":"Home","item":"https:\/\/bizautom.com\/"},{"@type":"ListItem","position":2,"name":"Shop","item":"https:\/\/bizautom.com\/shop-2\/"},{"@type":"ListItem","position":3,"name":"Prime Scales PS-B130 130&#215;0.005lb Hi Definition Bench Scale | Shipping Scale"}]},{"@type":"WebSite","@id":"https:\/\/bizautom.com\/#website","url":"https:\/\/bizautom.com\/","name":"BizAutom","description":"R\u00e1pido. Preciso. Inteligente.","publisher":{"@id":"https:\/\/bizautom.com\/#organization"},"potentialAction":[{"@type":"SearchAction","target":{"@type":"EntryPoint","urlTemplate":"https:\/\/bizautom.com\/?s={search_term_string}"},"query-input":{"@type":"PropertyValueSpecification","valueRequired":true,"valueName":"search_term_string"}}],"inLanguage":"es"},{"@type":"Organization","@id":"https:\/\/bizautom.com\/#organization","name":"BizAutom","url":"https:\/\/bizautom.com\/","logo":{"@type":"ImageObject","inLanguage":"es","@id":"https:\/\/bizautom.com\/#\/schema\/logo\/image\/","url":"https:\/\/bizautom.com\/wp-content\/uploads\/2025\/04\/BizAutom_Logo_1.webp","contentUrl":"https:\/\/bizautom.com\/wp-content\/uploads\/2025\/04\/BizAutom_Logo_1.webp","width":455,"height":326,"caption":"BizAutom"},"image":{"@id":"https:\/\/bizautom.com\/#\/schema\/logo\/image\/"},"sameAs":["https:\/\/www.facebook.com\/people\/TINGCHEN-BizAutom\/61565746662873\/"]}]}},"jetpack-related-posts":[{"id":1001,"url":"https:\/\/bizautom.com\/es\/producto\/prime-scales-ps-700as4422-livestock-scale-veterinary-scale-with-indicator\/","url_meta":{"origin":950,"position":0},"title":"Prime Scales PS-700AS4422 Balanza Ganadera | Balanza Veterinaria con Indicador","author":"admin","date":"julio 19, 2023","format":false,"excerpt":"Garantice un control preciso y eficaz de la salud de los animales en las distintas fases de crecimiento con el uso de b\u00e1sculas para ganado. El pesaje de los animales es un aspecto crucial de las operaciones de la granja, ya que ayuda a mantener un rendimiento \u00f3ptimo y a garantizar su bienestar.","rel":"","context":"Entrada similar ","block_context":{"text":"Entrada similar ","link":""},"img":{"alt_text":"","src":"https:\/\/i0.wp.com\/bizautom.com\/wp-content\/uploads\/2023\/07\/CloudAnimalScale-Pig.jpg?resize=350%2C200&ssl=1","width":350,"height":200,"srcset":"https:\/\/i0.wp.com\/bizautom.com\/wp-content\/uploads\/2023\/07\/CloudAnimalScale-Pig.jpg?resize=350%2C200&ssl=1 1x, https:\/\/i0.wp.com\/bizautom.com\/wp-content\/uploads\/2023\/07\/CloudAnimalScale-Pig.jpg?resize=525%2C300&ssl=1 1.5x, https:\/\/i0.wp.com\/bizautom.com\/wp-content\/uploads\/2023\/07\/CloudAnimalScale-Pig.jpg?resize=700%2C400&ssl=1 2x, https:\/\/i0.wp.com\/bizautom.com\/wp-content\/uploads\/2023\/07\/CloudAnimalScale-Pig.jpg?resize=1050%2C600&ssl=1 3x, https:\/\/i0.wp.com\/bizautom.com\/wp-content\/uploads\/2023\/07\/CloudAnimalScale-Pig.jpg?resize=1400%2C800&ssl=1 4x"},"classes":[]},{"id":3667,"url":"https:\/\/bizautom.com\/es\/producto\/prime-scales-ps-b99ss-stainless-steel-portion-scale\/","url_meta":{"origin":950,"position":1},"title":"Prime Scales PS-B99SS Balanza porcionadora de acero inoxidable","author":"admin","date":"abril 3, 2025","format":false,"excerpt":"Upgrade your weighing system with the PS-B99SS and experience the perfect balance of accuracy, durability, and convenience!","rel":"","context":"Entrada similar ","block_context":{"text":"Entrada similar ","link":""},"img":{"alt_text":"","src":"https:\/\/i0.wp.com\/bizautom.com\/wp-content\/uploads\/2025\/04\/PS-B99SS-scaled.webp?resize=350%2C200&ssl=1","width":350,"height":200,"srcset":"https:\/\/i0.wp.com\/bizautom.com\/wp-content\/uploads\/2025\/04\/PS-B99SS-scaled.webp?resize=350%2C200&ssl=1 1x, https:\/\/i0.wp.com\/bizautom.com\/wp-content\/uploads\/2025\/04\/PS-B99SS-scaled.webp?resize=525%2C300&ssl=1 1.5x, https:\/\/i0.wp.com\/bizautom.com\/wp-content\/uploads\/2025\/04\/PS-B99SS-scaled.webp?resize=700%2C400&ssl=1 2x, https:\/\/i0.wp.com\/bizautom.com\/wp-content\/uploads\/2025\/04\/PS-B99SS-scaled.webp?resize=1050%2C600&ssl=1 3x, https:\/\/i0.wp.com\/bizautom.com\/wp-content\/uploads\/2025\/04\/PS-B99SS-scaled.webp?resize=1400%2C800&ssl=1 4x"},"classes":[]},{"id":2190,"url":"https:\/\/bizautom.com\/es\/producto\/prime-scales-ps-10kf-pf-mobile-industrial-floor-scale-with-frame-lift-channels-and-indicator-pole\/","url_meta":{"origin":950,"position":2},"title":"Prime Scales PS-10KF-PF B\u00e1scula industrial m\u00f3vil de suelo con bastidor, canales de elevaci\u00f3n y poste indicador","author":"admin","date":"marzo 11, 2025","format":false,"excerpt":"Upgrade your weighing process with the PS-10KF-PF Mobile Industrial Floor Scale\u2014built for reliability, precision, and ease of use in any industrial setting.","rel":"","context":"Entrada similar ","block_context":{"text":"Entrada similar ","link":""},"img":{"alt_text":"","src":"https:\/\/i0.wp.com\/bizautom.com\/wp-content\/uploads\/2025\/03\/PS-10KF-PF.jpg?resize=350%2C200&ssl=1","width":350,"height":200,"srcset":"https:\/\/i0.wp.com\/bizautom.com\/wp-content\/uploads\/2025\/03\/PS-10KF-PF.jpg?resize=350%2C200&ssl=1 1x, https:\/\/i0.wp.com\/bizautom.com\/wp-content\/uploads\/2025\/03\/PS-10KF-PF.jpg?resize=525%2C300&ssl=1 1.5x, https:\/\/i0.wp.com\/bizautom.com\/wp-content\/uploads\/2025\/03\/PS-10KF-PF.jpg?resize=700%2C400&ssl=1 2x, https:\/\/i0.wp.com\/bizautom.com\/wp-content\/uploads\/2025\/03\/PS-10KF-PF.jpg?resize=1050%2C600&ssl=1 3x"},"classes":[]},{"id":1147,"url":"https:\/\/bizautom.com\/es\/producto\/prime-scales-row-on-weigh-electric-wheelchair-scale-with-ps-in202\/","url_meta":{"origin":950,"position":3},"title":"Prime Scales B\u00e1scula El\u00e9ctrica para Pesar Sillas de Ruedas con Ruedas PS-IN202","author":"admin","date":"septiembre 16, 2023","format":false,"excerpt":"Presentaci\u00f3n de una b\u00e1scula especialmente dise\u00f1ada para pesar a personas en sillas de ruedas el\u00e9ctricas, ya que las b\u00e1sculas tradicionales para sillas de ruedas no son adecuadas para su tama\u00f1o y peso.","rel":"","context":"Entrada similar ","block_context":{"text":"Entrada similar ","link":""},"img":{"alt_text":"","src":"https:\/\/i0.wp.com\/bizautom.com\/wp-content\/uploads\/2023\/09\/PS-ROWwheelchair-scaled.jpg?resize=350%2C200&ssl=1","width":350,"height":200,"srcset":"https:\/\/i0.wp.com\/bizautom.com\/wp-content\/uploads\/2023\/09\/PS-ROWwheelchair-scaled.jpg?resize=350%2C200&ssl=1 1x, https:\/\/i0.wp.com\/bizautom.com\/wp-content\/uploads\/2023\/09\/PS-ROWwheelchair-scaled.jpg?resize=525%2C300&ssl=1 1.5x, https:\/\/i0.wp.com\/bizautom.com\/wp-content\/uploads\/2023\/09\/PS-ROWwheelchair-scaled.jpg?resize=700%2C400&ssl=1 2x, https:\/\/i0.wp.com\/bizautom.com\/wp-content\/uploads\/2023\/09\/PS-ROWwheelchair-scaled.jpg?resize=1050%2C600&ssl=1 3x, https:\/\/i0.wp.com\/bizautom.com\/wp-content\/uploads\/2023\/09\/PS-ROWwheelchair-scaled.jpg?resize=1400%2C800&ssl=1 4x"},"classes":[]},{"id":1004,"url":"https:\/\/bizautom.com\/es\/producto\/prime-scales-ps-4kcs-cattle-scale-livestock-scale-calf-scale-with-indicator\/","url_meta":{"origin":950,"position":4},"title":"Prime Scales PS-4KCS | PS-4KCS-L Balanza para Ganado | Balanza Ganadera | Balanza para Terneros con Indicador","author":"admin","date":"julio 20, 2023","format":false,"excerpt":"El pesaje del ganado desempe\u00f1a un papel crucial en cualquier granja, ya que es una herramienta vital para garantizar el bienestar de los animales a lo largo de sus etapas de crecimiento. Las b\u00e1sculas para ganado resultan inestimables para optimizar el rendimiento de sus animales.","rel":"","context":"Entrada similar ","block_context":{"text":"Entrada similar ","link":""},"img":{"alt_text":"Veteinary Floor Scale","src":"https:\/\/i0.wp.com\/bizautom.com\/wp-content\/uploads\/2023\/07\/PS-4KCS.jpg?resize=350%2C200&ssl=1","width":350,"height":200,"srcset":"https:\/\/i0.wp.com\/bizautom.com\/wp-content\/uploads\/2023\/07\/PS-4KCS.jpg?resize=350%2C200&ssl=1 1x, https:\/\/i0.wp.com\/bizautom.com\/wp-content\/uploads\/2023\/07\/PS-4KCS.jpg?resize=525%2C300&ssl=1 1.5x, https:\/\/i0.wp.com\/bizautom.com\/wp-content\/uploads\/2023\/07\/PS-4KCS.jpg?resize=700%2C400&ssl=1 2x, https:\/\/i0.wp.com\/bizautom.com\/wp-content\/uploads\/2023\/07\/PS-4KCS.jpg?resize=1050%2C600&ssl=1 3x, https:\/\/i0.wp.com\/bizautom.com\/wp-content\/uploads\/2023\/07\/PS-4KCS.jpg?resize=1400%2C800&ssl=1 4x"},"classes":[]},{"id":4327,"url":"https:\/\/bizautom.com\/es\/producto\/prime-scales-ps-in202s-stainless-steel-ntep-legal-for-trade-indicator\/","url_meta":{"origin":950,"position":5},"title":"Prime Scales PS-IN202S Acero inoxidable NTEP Indicador legal para el comercio","author":"admin","date":"mayo 21, 2025","format":false,"excerpt":"The PS-IN202S is the ideal solution for operations demanding precision, durability, and regulatory compliance. Whether you\u2019re upgrading existing equipment or setting up a new industrial scale system, the PS-IN202S offers rugged performance with seamless connectivity.","rel":"","context":"Entrada similar ","block_context":{"text":"Entrada similar ","link":""},"img":{"alt_text":"","src":"https:\/\/i0.wp.com\/bizautom.com\/wp-content\/uploads\/2025\/05\/PS-IN202S-scaled.jpg?resize=350%2C200&ssl=1","width":350,"height":200,"srcset":"https:\/\/i0.wp.com\/bizautom.com\/wp-content\/uploads\/2025\/05\/PS-IN202S-scaled.jpg?resize=350%2C200&ssl=1 1x, https:\/\/i0.wp.com\/bizautom.com\/wp-content\/uploads\/2025\/05\/PS-IN202S-scaled.jpg?resize=525%2C300&ssl=1 1.5x, https:\/\/i0.wp.com\/bizautom.com\/wp-content\/uploads\/2025\/05\/PS-IN202S-scaled.jpg?resize=700%2C400&ssl=1 2x, https:\/\/i0.wp.com\/bizautom.com\/wp-content\/uploads\/2025\/05\/PS-IN202S-scaled.jpg?resize=1050%2C600&ssl=1 3x, https:\/\/i0.wp.com\/bizautom.com\/wp-content\/uploads\/2025\/05\/PS-IN202S-scaled.jpg?resize=1400%2C800&ssl=1 4x"},"classes":[]}],"jetpack_sharing_enabled":true,"_links":{"self":[{"href":"https:\/\/bizautom.com\/es\/wp-json\/wp\/v2\/product\/950","targetHints":{"allow":["GET"]}}],"collection":[{"href":"https:\/\/bizautom.com\/es\/wp-json\/wp\/v2\/product"}],"about":[{"href":"https:\/\/bizautom.com\/es\/wp-json\/wp\/v2\/types\/product"}],"replies":[{"embeddable":true,"href":"https:\/\/bizautom.com\/es\/wp-json\/wp\/v2\/comments?post=950"}],"version-history":[{"count":2,"href":"https:\/\/bizautom.com\/es\/wp-json\/wp\/v2\/product\/950\/revisions"}],"predecessor-version":[{"id":1568,"href":"https:\/\/bizautom.com\/es\/wp-json\/wp\/v2\/product\/950\/revisions\/1568"}],"wp:featuredmedia":[{"embeddable":true,"href":"https:\/\/bizautom.com\/es\/wp-json\/wp\/v2\/media\/954"}],"wp:attachment":[{"href":"https:\/\/bizautom.com\/es\/wp-json\/wp\/v2\/media?parent=950"}],"wp:term":[{"taxonomy":"product_brand","embeddable":true,"href":"https:\/\/bizautom.com\/es\/wp-json\/wp\/v2\/product_brand?post=950"},{"taxonomy":"product_cat","embeddable":true,"href":"https:\/\/bizautom.com\/es\/wp-json\/wp\/v2\/product_cat?post=950"},{"taxonomy":"product_tag","embeddable":true,"href":"https:\/\/bizautom.com\/es\/wp-json\/wp\/v2\/product_tag?post=950"}],"curies":[{"name":"wp","href":"https:\/\/api.w.org\/{rel}","templated":true}]}}