{"id":1499,"date":"2024-08-17T23:35:34","date_gmt":"2024-08-17T23:35:34","guid":{"rendered":"https:\/\/bizautom.com\/?page_id=1499"},"modified":"2024-08-19T18:55:35","modified_gmt":"2024-08-19T18:55:35","slug":"affordable-scada-systems","status":"publish","type":"page","link":"https:\/\/bizautom.com\/fr\/affordable-scada-systems\/","title":{"rendered":"Syst\u00e8mes SCADA abordables"},"content":{"rendered":"<h3 class=\"wp-block-heading\">L'engagement de BizAutom pour des solutions rentables<\/h3>\n\n\n\n<p>Chez BizAutom, nous nous engageons \u00e0 fournir des machines automatiques de pesage, de mesure et d'emballage de haute qualit\u00e9 et rentables qui r\u00e9pondent aux divers besoins des entreprises, quelle que soit leur taille. Nous comprenons que l'efficacit\u00e9 et la pr\u00e9cision sont essentielles pour maintenir un avantage concurrentiel sur le march\u00e9 actuel qui \u00e9volue rapidement. C'est pourquoi nos solutions sont sp\u00e9cialement con\u00e7ues pour rationaliser vos op\u00e9rations, r\u00e9duire vos frais g\u00e9n\u00e9raux et am\u00e9liorer votre productivit\u00e9.<\/p>\n\n\n\n<p>Nos machines sont construites avec les derni\u00e8res innovations en mati\u00e8re d'automatisation et sont con\u00e7ues pour \u00eatre \u00e9volutives, ce qui garantit qu'elles peuvent grandir en m\u00eame temps que votre entreprise. Que vous soyez une petite entreprise cherchant \u00e0 optimiser quelques processus ou une grande soci\u00e9t\u00e9 souhaitant r\u00e9organiser sa cha\u00eene de production, BizAutom a la solution qu'il vous faut.<\/p>\n\n\n\n<h3 class=\"wp-block-heading\">Tirer parti de la technologie SCADA pour des performances sup\u00e9rieures<\/h3>\n\n\n\n<p>L'int\u00e9gration des syst\u00e8mes SCADA (Supervisory Control and Data Acquisition) constitue la pierre angulaire de notre technologie. Le SCADA est un outil puissant qui permet de surveiller et de contr\u00f4ler en temps r\u00e9el les processus industriels. Il est largement utilis\u00e9 dans des secteurs tels que la fabrication, l'\u00e9nergie, le traitement de l'eau et le transport, o\u00f9 l'efficacit\u00e9, la pr\u00e9cision et la fiabilit\u00e9 sont primordiales.<\/p>\n\n\n\n<h3 class=\"wp-block-heading\">Qu'est-ce que le SCADA ?<\/h3>\n\n\n\n<p>Le SCADA est un syst\u00e8me avanc\u00e9 qui collecte des donn\u00e9es \u00e0 partir de capteurs et de dispositifs situ\u00e9s dans une installation de production. Ces donn\u00e9es sont ensuite trait\u00e9es et affich\u00e9es dans une interface conviviale, ce qui permet aux op\u00e9rateurs de surveiller les performances des \u00e9quipements, de suivre les mesures de production et de r\u00e9agir aux probl\u00e8mes en temps r\u00e9el. Les syst\u00e8mes SCADA peuvent \u00e9galement automatiser les t\u00e2ches de routine, r\u00e9duisant ainsi le besoin d'intervention manuelle et le risque d'erreur humaine.<\/p>\n\n\n\n<h3 class=\"wp-block-heading\">Les avantages du SCADA pour nos clients<\/h3>\n\n\n\n<ol class=\"wp-block-list\">\n<li><strong>Efficacit\u00e9 accrue :<\/strong> Les syst\u00e8mes SCADA permettent la collecte et l'analyse de donn\u00e9es en temps r\u00e9el, ce qui permet aux entreprises d'optimiser les processus, de r\u00e9duire les temps d'arr\u00eat et d'accro\u00eetre l'efficacit\u00e9 globale.<\/li>\n\n\n\n<li><strong>Am\u00e9lioration de la pr\u00e9cision :<\/strong> En automatisant la collecte et l'analyse des donn\u00e9es, le SCADA r\u00e9duit le risque d'erreurs et garantit la pr\u00e9cision et la fiabilit\u00e9 des mesures.<\/li>\n\n\n\n<li><strong>\u00c9conomies de co\u00fbts :<\/strong> L'automatisation par le biais du SCADA minimise le besoin de travail manuel et r\u00e9duit la probabilit\u00e9 d'erreurs co\u00fbteuses, ce qui permet de r\u00e9aliser d'importantes \u00e9conomies au fil du temps.<\/li>\n\n\n\n<li><strong>\u00c9volutivit\u00e9 :<\/strong> Les syst\u00e8mes SCADA sont tr\u00e8s \u00e9volutifs, ce qui les rend adapt\u00e9s aux entreprises de toutes tailles. Au fur et \u00e0 mesure que vos op\u00e9rations se d\u00e9veloppent, le syst\u00e8me SCADA peut facilement s'adapter pour g\u00e9rer les exigences accrues en mati\u00e8re de donn\u00e9es et de contr\u00f4le.<\/li>\n\n\n\n<li><strong>Surveillance et contr\u00f4le \u00e0 distance :<\/strong> Le SCADA permet de surveiller et de contr\u00f4ler les \u00e9quipements \u00e0 distance, ce qui offre une certaine souplesse et garantit que les processus peuvent \u00eatre g\u00e9r\u00e9s de n'importe o\u00f9 et \u00e0 n'importe quel moment.<\/li>\n\n\n\n<li><strong>Prise de d\u00e9cision fond\u00e9e sur des donn\u00e9es :<\/strong> Gr\u00e2ce au SCADA, les entreprises peuvent exploiter la puissance des donn\u00e9es pour prendre des d\u00e9cisions \u00e9clair\u00e9es, optimiser l'affectation des ressources et am\u00e9liorer les performances op\u00e9rationnelles globales.<\/li>\n<\/ol>\n\n\n\n<p>Chez BizAutom, nous nous engageons \u00e0 aider nos clients \u00e0 exploiter les avantages de la technologie SCADA pour atteindre leurs objectifs op\u00e9rationnels. Nos machines ne sont pas seulement rentables, elles sont \u00e9galement con\u00e7ues pour s'int\u00e9grer de mani\u00e8re transparente aux syst\u00e8mes SCADA, vous offrant ainsi une solution compl\u00e8te qui favorise l'efficacit\u00e9, la pr\u00e9cision et la croissance.<\/p>\n\n\n\n<p>Laissez BizAutom \u00eatre votre partenaire dans la construction d'un avenir plus intelligent et plus efficace pour votre entreprise.<\/p>","protected":false},"excerpt":{"rendered":"<p>BizAutom&#8217;s Commitment to Cost-Effective Solutions At BizAutom, we are dedicated to delivering high-quality, cost-effective automatic weighing, measuring, and packing machines that cater to the diverse needs of businesses, regardless of their size. We understand that efficiency and precision are critical to maintaining a competitive edge in today&#8217;s fast-paced market. That&#8217;s why our solutions are specifically [&hellip;]<\/p>\n","protected":false},"author":1,"featured_media":0,"parent":0,"menu_order":0,"comment_status":"closed","ping_status":"closed","template":"","meta":{"footnotes":""},"class_list":["post-1499","page","type-page","status-publish","hentry"],"yoast_head":"<!-- This site is optimized with the Yoast SEO plugin v27.5 - https:\/\/yoast.com\/product\/yoast-seo-wordpress\/ -->\n<title>Affordable SCADA Systems for Efficient Automation Solutions<\/title>\n<meta name=\"description\" content=\"Explore our cost-effective SCADA systems designed to streamline industrial automation, enhance monitoring, &amp; boost productivity with advanced technology!\" \/>\n<meta name=\"robots\" content=\"index, follow, max-snippet:-1, max-image-preview:large, max-video-preview:-1\" \/>\n<link rel=\"canonical\" href=\"https:\/\/bizautom.com\/fr\/affordable-scada-systems\/\" \/>\n<meta property=\"og:locale\" content=\"fr_FR\" \/>\n<meta property=\"og:type\" content=\"article\" \/>\n<meta property=\"og:title\" content=\"Affordable SCADA Systems for Efficient Automation Solutions\" \/>\n<meta property=\"og:description\" content=\"Explore our cost-effective SCADA systems designed to streamline industrial automation, enhance monitoring, &amp; boost productivity with advanced technology!\" \/>\n<meta property=\"og:url\" content=\"https:\/\/bizautom.com\/fr\/affordable-scada-systems\/\" \/>\n<meta property=\"og:site_name\" content=\"BizAutom\" \/>\n<meta property=\"article:publisher\" content=\"https:\/\/www.facebook.com\/people\/TINGCHEN-BizAutom\/61565746662873\/\" \/>\n<meta property=\"article:modified_time\" content=\"2024-08-19T18:55:35+00:00\" \/>\n<meta name=\"twitter:card\" content=\"summary_large_image\" \/>\n<meta name=\"twitter:label1\" content=\"Dur\u00e9e de lecture estim\u00e9e\" \/>\n\t<meta name=\"twitter:data1\" content=\"3 minutes\" \/>\n<!-- \/ Yoast SEO plugin. -->","yoast_head_json":{"title":"Affordable SCADA Systems for Efficient Automation Solutions","description":"Explore our cost-effective SCADA systems designed to streamline industrial automation, enhance monitoring, & boost productivity with advanced technology!","robots":{"index":"index","follow":"follow","max-snippet":"max-snippet:-1","max-image-preview":"max-image-preview:large","max-video-preview":"max-video-preview:-1"},"canonical":"https:\/\/bizautom.com\/fr\/affordable-scada-systems\/","og_locale":"fr_FR","og_type":"article","og_title":"Affordable SCADA Systems for Efficient Automation Solutions","og_description":"Explore our cost-effective SCADA systems designed to streamline industrial automation, enhance monitoring, & boost productivity with advanced technology!","og_url":"https:\/\/bizautom.com\/fr\/affordable-scada-systems\/","og_site_name":"BizAutom","article_publisher":"https:\/\/www.facebook.com\/people\/TINGCHEN-BizAutom\/61565746662873\/","article_modified_time":"2024-08-19T18:55:35+00:00","twitter_card":"summary_large_image","twitter_misc":{"Dur\u00e9e de lecture estim\u00e9e":"3 minutes"},"schema":{"@context":"https:\/\/schema.org","@graph":[{"@type":"WebPage","@id":"https:\/\/bizautom.com\/affordable-scada-systems\/","url":"https:\/\/bizautom.com\/affordable-scada-systems\/","name":"Affordable SCADA Systems for Efficient Automation Solutions","isPartOf":{"@id":"https:\/\/bizautom.com\/#website"},"datePublished":"2024-08-17T23:35:34+00:00","dateModified":"2024-08-19T18:55:35+00:00","description":"Explore our cost-effective SCADA systems designed to streamline industrial automation, enhance monitoring, & boost productivity with advanced technology!","breadcrumb":{"@id":"https:\/\/bizautom.com\/affordable-scada-systems\/#breadcrumb"},"inLanguage":"fr-FR","potentialAction":[{"@type":"ReadAction","target":["https:\/\/bizautom.com\/affordable-scada-systems\/"]}]},{"@type":"BreadcrumbList","@id":"https:\/\/bizautom.com\/affordable-scada-systems\/#breadcrumb","itemListElement":[{"@type":"ListItem","position":1,"name":"Home","item":"https:\/\/bizautom.com\/"},{"@type":"ListItem","position":2,"name":"Affordable SCADA Systems"}]},{"@type":"WebSite","@id":"https:\/\/bizautom.com\/#website","url":"https:\/\/bizautom.com\/","name":"BizAutom","description":"Rapide. Pr\u00e9cis. Intelligent.","publisher":{"@id":"https:\/\/bizautom.com\/#organization"},"potentialAction":[{"@type":"SearchAction","target":{"@type":"EntryPoint","urlTemplate":"https:\/\/bizautom.com\/?s={search_term_string}"},"query-input":{"@type":"PropertyValueSpecification","valueRequired":true,"valueName":"search_term_string"}}],"inLanguage":"fr-FR"},{"@type":"Organization","@id":"https:\/\/bizautom.com\/#organization","name":"BizAutom","url":"https:\/\/bizautom.com\/","logo":{"@type":"ImageObject","inLanguage":"fr-FR","@id":"https:\/\/bizautom.com\/#\/schema\/logo\/image\/","url":"https:\/\/bizautom.com\/wp-content\/uploads\/2025\/04\/BizAutom_Logo_1.webp","contentUrl":"https:\/\/bizautom.com\/wp-content\/uploads\/2025\/04\/BizAutom_Logo_1.webp","width":455,"height":326,"caption":"BizAutom"},"image":{"@id":"https:\/\/bizautom.com\/#\/schema\/logo\/image\/"},"sameAs":["https:\/\/www.facebook.com\/people\/TINGCHEN-BizAutom\/61565746662873\/"]}]}},"jetpack-related-posts":[{"id":353,"url":"https:\/\/bizautom.com\/fr\/bizautom\/","url_meta":{"origin":1499,"position":0},"title":"BizAutom","author":"admin","date":"juin 13, 2023","format":false,"excerpt":"About BizAutom Advanced Equipment Redefined with AI Integration In the realm of cutting-edge technology, BizAutom has emerged as a leading brand synonymous with state-of-the-art equipment seamlessly integrated with artificial intelligence (AI) functions. Our products not only boast advanced features but also possess the ability to \"think,\" \"learn,\" and execute commands\u2026","rel":"","context":"Article similaire","block_context":{"text":"Article similaire","link":""},"img":{"alt_text":"","src":"","width":0,"height":0},"classes":[]},{"id":2930,"url":"https:\/\/bizautom.com\/fr\/landing-page\/","url_meta":{"origin":1499,"position":1},"title":"Landing page","author":"admin","date":"mars 27, 2025","format":false,"excerpt":"Welcome to BizAutom Revolutionizing Business Automation Empowering Your Business with Cutting-Edge Monitoring Solutions At BizAutom, we specialize in affordable, smart, and efficient automation solutions designed to streamline your operations. From precision weighing, measuring, and packing systems to cutting-edge SCADA technology, our products cater to businesses of all sizes. Whether you're\u2026","rel":"","context":"Article similaire","block_context":{"text":"Article similaire","link":""},"img":{"alt_text":"","src":"https:\/\/bizautom.com\/wp-content\/uploads\/2025\/03\/222-1024x683.avif","width":350,"height":200,"srcset":"https:\/\/bizautom.com\/wp-content\/uploads\/2025\/03\/222-1024x683.avif 1x, https:\/\/bizautom.com\/wp-content\/uploads\/2025\/03\/222-1024x683.avif 1.5x, https:\/\/bizautom.com\/wp-content\/uploads\/2025\/03\/222-1024x683.avif 2x"},"classes":[]},{"id":2061,"url":"https:\/\/bizautom.com\/fr\/shop-2\/","url_meta":{"origin":1499,"position":2},"title":"Boutique","author":"admin","date":"mars 3, 2025","format":false,"excerpt":"Products search Home Elevate Your Business with BizAutom - Your Precision Partner in Weighing Solutions Welcome to BizAutom, where precision meets innovation in the world of industrial, farm, medical, and software solutions. As your premier destination for cutting-edge weighing equipment. We understand the crucial role accurate measurements play in the\u2026","rel":"","context":"Article similaire","block_context":{"text":"Article similaire","link":""},"img":{"alt_text":"","src":"","width":0,"height":0},"classes":[]},{"id":80,"url":"https:\/\/bizautom.com\/fr\/about\/","url_meta":{"origin":1499,"position":3},"title":"A propos de","author":"admin","date":"juin 4, 2023","format":false,"excerpt":"About Us Home At BizAutom, we pride ourselves on manufacturing cost-effective automatic weighing, measuring, and packing machines. Focusing on precision, efficiency, and reliability, our cutting-edge technology is designed to cater to businesses of all sizes.With years of industry experience, we understand our customers' diverse needs and challenges. Our mission is\u2026","rel":"","context":"Article similaire","block_context":{"text":"Article similaire","link":""},"img":{"alt_text":"","src":"","width":0,"height":0},"classes":[]},{"id":1476,"url":"https:\/\/bizautom.com\/fr\/our-story\/","url_meta":{"origin":1499,"position":4},"title":"Notre histoire","author":"admin","date":"juillet 14, 2024","format":false,"excerpt":"Our Story The BizAutom Story: From Scale to SCADA The Early Days: Mastering the Scale In the fast-paced world of industrial automation, few companies have navigated the landscape as successfully as BizAutom. From its humble beginnings focusing on weight scales to becoming a key player in SCADA (Supervisory Control and\u2026","rel":"","context":"Article similaire","block_context":{"text":"Article similaire","link":""},"img":{"alt_text":"","src":"","width":0,"height":0},"classes":[]},{"id":3561,"url":"https:\/\/bizautom.com\/fr\/talk-to-our-expert\/","url_meta":{"origin":1499,"position":5},"title":"Parlez \u00e0 notre expert","author":"admin","date":"avril 3, 2025","format":false,"excerpt":"Precision Care for Peak Performance Core Body Temperature MonitoringEstrus MonitoringHealth MonitoringHerd MonitoringManagement Software Have questions or need assistance? Get in touch with BizAutom \u2013 we're here to help you streamline your business with smart automation solutions! Our Expert Panel and Q\/A Connect with our experts at BizAutom for tailored automation\u2026","rel":"","context":"Article similaire","block_context":{"text":"Article similaire","link":""},"img":{"alt_text":"","src":"https:\/\/i0.wp.com\/bizautom.com\/wp-content\/uploads\/2025\/04\/BoviVitals_logo_white-150x150.webp?resize=350%2C200&ssl=1","width":350,"height":200},"classes":[]}],"jetpack_sharing_enabled":true,"_links":{"self":[{"href":"https:\/\/bizautom.com\/fr\/wp-json\/wp\/v2\/pages\/1499","targetHints":{"allow":["GET"]}}],"collection":[{"href":"https:\/\/bizautom.com\/fr\/wp-json\/wp\/v2\/pages"}],"about":[{"href":"https:\/\/bizautom.com\/fr\/wp-json\/wp\/v2\/types\/page"}],"author":[{"embeddable":true,"href":"https:\/\/bizautom.com\/fr\/wp-json\/wp\/v2\/users\/1"}],"replies":[{"embeddable":true,"href":"https:\/\/bizautom.com\/fr\/wp-json\/wp\/v2\/comments?post=1499"}],"version-history":[{"count":1,"href":"https:\/\/bizautom.com\/fr\/wp-json\/wp\/v2\/pages\/1499\/revisions"}],"predecessor-version":[{"id":1500,"href":"https:\/\/bizautom.com\/fr\/wp-json\/wp\/v2\/pages\/1499\/revisions\/1500"}],"wp:attachment":[{"href":"https:\/\/bizautom.com\/fr\/wp-json\/wp\/v2\/media?parent=1499"}],"curies":[{"name":"wp","href":"https:\/\/api.w.org\/{rel}","templated":true}]}}