{"id":1004,"date":"2023-07-20T00:01:19","date_gmt":"2023-07-20T00:01:19","guid":{"rendered":"https:\/\/bizautom.com\/?post_type=product&#038;p=1004"},"modified":"2024-05-28T10:31:10","modified_gmt":"2024-05-28T10:31:10","slug":"prime-scales-ps-4kcs-cattle-scale-livestock-scale-calf-scale-with-indicator","status":"publish","type":"product","link":"https:\/\/bizautom.com\/fr\/produit\/prime-scales-ps-4kcs-cattle-scale-livestock-scale-calf-scale-with-indicator\/","title":{"rendered":"Prime Scales PS-4KCS | PS-4KCS-L P\u00e8se-b\u00e9tail | Balance pour b\u00e9tail | P\u00e8se veau avec indicateur"},"content":{"rendered":"<h2>Avantages de la pes\u00e9e r\u00e9guli\u00e8re du b\u00e9tail et du p\u00e8se-b\u00e9tail PS-4KCS<\/h2>\n<h2>Identification de la p\u00e9riode optimale d'\u00e9levage \u00e0 l'aide de p\u00e8se-b\u00e9tail<\/h2>\n<p>D\u00e9terminer le moment id\u00e9al pour la reproduction est une d\u00e9cision cruciale pour toute exploitation d'\u00e9levage. En \u00e9valuant les donn\u00e9es relatives \u00e0 la sant\u00e9 et au poids du troupeau \u00e0 l'aide d'une m\u00e9thode fiable, il est possible de d\u00e9terminer le moment id\u00e9al pour la reproduction.\u00a0<strong>Balances pour b\u00e9tail<\/strong>vous pouvez facilement d\u00e9terminer la p\u00e9riode de reproduction optimale pour les animaux. Cette approche proactive permet de pr\u00e9venir les complications futures et de garantir des veaux plus sains dans le troupeau.<\/p>\n<h2>Aide \u00e0 d\u00e9terminer la quantit\u00e9 d'aliments avec les meilleurs p\u00e8se-b\u00e9tail<\/h2>\n<p>Pesez r\u00e9guli\u00e8rement vos animaux, de pr\u00e9f\u00e9rence avec le\u00a0<strong>Meilleur p\u00e8se-b\u00e9tail<\/strong>Les donn\u00e9es de poids permettent de conna\u00eetre l'\u00e9tat de sant\u00e9 des animaux. Les donn\u00e9es de poids collect\u00e9es vous permettent d'ajuster la quantit\u00e9 d'aliments en cons\u00e9quence, afin de garantir qu'ils re\u00e7oivent la bonne quantit\u00e9 de nutriments. Ces informations permettent \u00e9galement de sugg\u00e9rer des modifications du r\u00e9gime alimentaire et de recommander des nutriments suppl\u00e9mentaires, ce qui permet d'obtenir un taux de conversion alimentaire optimal et des taux de croissance cibl\u00e9s.<\/p>\n<h2>La plate-forme de pes\u00e9e du b\u00e9tail facilite le suivi de la sant\u00e9 des animaux<\/h2>\n<p>Maintenir les animaux en bonne sant\u00e9 dans une exploitation agricole est un d\u00e9fi, mais c'est aussi une n\u00e9cessit\u00e9. Les balances pour b\u00e9tail, telles que les\u00a0<strong>Plate-forme de pesage du b\u00e9tail<\/strong>Les syst\u00e8mes d'alimentation en eau et d'assainissement simplifient cette t\u00e2che en facilitant le suivi de l'\u00e9tat de sant\u00e9 de l'animal. Une perte de poids soudaine peut \u00eatre d\u00e9tect\u00e9e rapidement, ce qui indique la pr\u00e9sence de maladies ou de probl\u00e8mes de sant\u00e9 potentiels. Une d\u00e9tection pr\u00e9coce vous permet de demander l'aide d'un v\u00e9t\u00e9rinaire et d'administrer le traitement appropri\u00e9 avant que le probl\u00e8me ne s'\u00e9tende \u00e0 d'autres animaux.<\/p>\n<h2>Aide \u00e0 choisir le moment du sevrage avec un p\u00e8se-b\u00e9tail \u00e0 vendre<\/h2>\n<p>La pes\u00e9e des veaux est tout aussi importante, car elle influence leur int\u00e9gration dans le troupeau. L'analyse des donn\u00e9es de poids et du graphique de performance des veaux, de pr\u00e9f\u00e9rence \u00e0 l'aide d'un appareil d'analyse de haute qualit\u00e9, est \u00e9galement importante.\u00a0<strong>Balance \u00e0 b\u00e9tail \u00e0 vendre<\/strong>permet de d\u00e9terminer le moment optimal du sevrage. Cette approche fond\u00e9e sur les donn\u00e9es garantit les performances globales de votre troupeau.<\/p>\n<h2>\u00c9value la performance de l'\u00e9levage avec le p\u00e8se-b\u00e9tail<\/h2>\n<p>La pes\u00e9e r\u00e9guli\u00e8re des animaux vous permet d'\u00e9valuer l'ad\u00e9quation des diff\u00e9rentes races \u00e0 votre exploitation. Les races qui pr\u00e9sentent une prise de poids r\u00e9guli\u00e8re sont pr\u00e9f\u00e9r\u00e9es pour l'\u00e9levage, car elles produisent des veaux en meilleure sant\u00e9 et des retours sur investissement plus \u00e9lev\u00e9s. En outre, vous pouvez envisager de croiser les animaux les plus sains sur la base des donn\u00e9es de pes\u00e9e recueillies au fil du temps.<\/p>\n<p>En outre, la pes\u00e9e r\u00e9guli\u00e8re du b\u00e9tail, en particulier avec une balance sp\u00e9cialis\u00e9e comme le\u00a0<strong>PS-4KCS<\/strong>L'\u00e9levage de b\u00e9tail contribue \u00e0 r\u00e9duire l'impact de la volatilit\u00e9 des prix du b\u00e9tail sur votre entreprise. Il maximise la production, minimise les co\u00fbts et les d\u00e9chets et vous permet de r\u00e9pondre aux exigences sp\u00e9cifiques de vos acheteurs de b\u00e9tail, ce qui peut vous permettre d'obtenir des primes de prix.<\/p>\n<h2>Caract\u00e9ristiques principales du p\u00e8se-b\u00e9tail PS-4KCS<\/h2>\n<ul>\n<li><strong>Capacit\u00e9 :<\/strong>\u00a04 000 lb x 0,5<\/li>\n<li><strong>Taille :<\/strong>\u00a030\u2033x84\u2033x4\u2033 | 30\u2033x96\u2033x4\u2033 (L) Cadre en acier doux<\/li>\n<li>\u00c9quip\u00e9 de 4 capteurs de cisaillement en acier alli\u00e9<\/li>\n<li>Texture antid\u00e9rapante taill\u00e9e en diamant pour la s\u00e9curit\u00e9<\/li>\n<li>Le d\u00e9connecteur \u00e0 indicateur rapide permet une manipulation et une portabilit\u00e9 ais\u00e9es.<\/li>\n<\/ul>\n<p>Investissez dans le bien-\u00eatre de votre b\u00e9tail avec la pr\u00e9cision et la fiabilit\u00e9 du p\u00e8se-b\u00e9tail PS-4KCS.<\/p>\n<div class=\"\"><a href=\"https:\/\/bizautom.com\/wp-content\/uploads\/2023\/07\/4KCS_Installation.pdf\" target=\"_blank\" class=\"emd_dl_red_darker\">Manuel d'installation<\/a><\/div>    <style>            \r\n    .emd_dl_red_darker {\r\n        -moz-box-shadow:inset 0px 1px 0px 0px #f5978e;\r\n        -webkit-box-shadow:inset 0px 1px 0px 0px #f5978e;\r\n        box-shadow:inset 0px 1px 0px 0px #f5978e;\r\n        background:-webkit-gradient( linear, left top, left bottom, color-stop(0.05, #f24537), color-stop(1, #c62d1f) );\r\n        background:-moz-linear-gradient( center top, #f24537 5%, #c62d1f 100% );\r\n        filter:progid:DXImageTransform.Microsoft.gradient(startColorstr='#f24537', endColorstr='#c62d1f');\r\n        background-color:#f24537;\r\n        -webkit-border-top-left-radius:0px;\r\n        -moz-border-radius-topleft:0px;\r\n        border-top-left-radius:0px;\r\n        -webkit-border-top-right-radius:0px;\r\n        -moz-border-radius-topright:0px;\r\n        border-top-right-radius:0px;\r\n        -webkit-border-bottom-right-radius:0px;\r\n        -moz-border-radius-bottomright:0px;\r\n        border-bottom-right-radius:0px;\r\n        -webkit-border-bottom-left-radius:0px;\r\n        -moz-border-radius-bottomleft:0px;\r\n        border-bottom-left-radius:0px;\r\n        text-indent:0;\r\n        border:1px solid #d02718;\r\n        display:inline-block;\r\n        color:#ffffff !important;\r\n        font-family:Georgia;\r\n        font-size:15px;\r\n        font-weight:bold;\r\n        font-style:normal;\r\n        height:41px;\r\n        line-height:41px;\r\n        width:180px;\r\n        text-decoration:none;\r\n        text-align:center;\r\n        text-shadow:1px 1px 0px #810e05;\r\n    }\r\n    .emd_dl_red_darker:hover {\r\n        background:-webkit-gradient( linear, left top, left bottom, color-stop(0.05, #c62d1f), color-stop(1, #f24537) );\r\n        background:-moz-linear-gradient( center top, #c62d1f 5%, #f24537 100% );\r\n        filter:progid:DXImageTransform.Microsoft.gradient(startColorstr='#c62d1f', endColorstr='#f24537');\r\n        background-color:#c62d1f;\r\n    }.emd_dl_red_darker:active {\r\n        position:relative;\r\n        top:1px;\r\n    }<\/style>","protected":false},"excerpt":{"rendered":"<p>Le pesage du b\u00e9tail joue un r\u00f4le crucial dans toute exploitation agricole. Il s'agit d'un outil essentiel pour assurer le bien-\u00eatre des animaux tout au long de leur croissance. Les balances pour b\u00e9tail sont d'une aide pr\u00e9cieuse pour optimiser les performances de vos animaux.<\/p>","protected":false},"featured_media":1006,"comment_status":"open","ping_status":"closed","template":"","meta":[],"product_brand":[41],"product_cat":[31],"product_tag":[],"class_list":{"0":"post-1004","1":"product","2":"type-product","3":"status-publish","4":"has-post-thumbnail","6":"product_brand-prime-scales","7":"product_cat-farm-equipment","9":"first","10":"instock","11":"taxable","12":"shipping-taxable","13":"purchasable","14":"product-type-variable"},"yoast_head":"<!-- This site is optimized with the Yoast SEO plugin v27.4 - https:\/\/yoast.com\/product\/yoast-seo-wordpress\/ -->\n<title>Best Cattle Weight Scale | Cattle Scale Platform | BizAutom<\/title>\n<meta name=\"description\" content=\"Find the best cattle scale for accurate livestock weighing at BizAutom. The Prime Scales PS-4KCS is the perfect cattle scale platform for sale. Book order now!\" \/>\n<meta name=\"robots\" content=\"index, follow, max-snippet:-1, max-image-preview:large, max-video-preview:-1\" \/>\n<link rel=\"canonical\" href=\"https:\/\/bizautom.com\/fr\/produit\/prime-scales-ps-4kcs-cattle-scale-livestock-scale-calf-scale-with-indicator\/\" \/>\n<meta property=\"og:locale\" content=\"fr_FR\" \/>\n<meta property=\"og:type\" content=\"article\" \/>\n<meta property=\"og:title\" content=\"Best Cattle Weight Scale | Cattle Scale Platform | BizAutom\" \/>\n<meta property=\"og:description\" content=\"Find the best cattle scale for accurate livestock weighing at BizAutom. The Prime Scales PS-4KCS is the perfect cattle scale platform for sale. Book order now!\" \/>\n<meta property=\"og:url\" content=\"https:\/\/bizautom.com\/fr\/produit\/prime-scales-ps-4kcs-cattle-scale-livestock-scale-calf-scale-with-indicator\/\" \/>\n<meta property=\"og:site_name\" content=\"BizAutom\" \/>\n<meta property=\"article:publisher\" content=\"https:\/\/www.facebook.com\/people\/TINGCHEN-BizAutom\/61565746662873\/\" \/>\n<meta property=\"article:modified_time\" content=\"2024-05-28T10:31:10+00:00\" \/>\n<meta property=\"og:image\" content=\"https:\/\/bizautom.com\/wp-content\/uploads\/2023\/07\/PS-4KCS.jpg\" \/>\n\t<meta property=\"og:image:width\" content=\"1866\" \/>\n\t<meta property=\"og:image:height\" content=\"1866\" \/>\n\t<meta property=\"og:image:type\" content=\"image\/jpeg\" \/>\n<meta name=\"twitter:card\" content=\"summary_large_image\" \/>\n<meta name=\"twitter:label1\" content=\"Dur\u00e9e de lecture estim\u00e9e\" \/>\n\t<meta name=\"twitter:data1\" content=\"3 minutes\" \/>\n<!-- \/ Yoast SEO plugin. -->","yoast_head_json":{"title":"Best Cattle Weight Scale | Cattle Scale Platform | BizAutom","description":"Find the best cattle scale for accurate livestock weighing at BizAutom. The Prime Scales PS-4KCS is the perfect cattle scale platform for sale. Book order now!","robots":{"index":"index","follow":"follow","max-snippet":"max-snippet:-1","max-image-preview":"max-image-preview:large","max-video-preview":"max-video-preview:-1"},"canonical":"https:\/\/bizautom.com\/fr\/produit\/prime-scales-ps-4kcs-cattle-scale-livestock-scale-calf-scale-with-indicator\/","og_locale":"fr_FR","og_type":"article","og_title":"Best Cattle Weight Scale | Cattle Scale Platform | BizAutom","og_description":"Find the best cattle scale for accurate livestock weighing at BizAutom. The Prime Scales PS-4KCS is the perfect cattle scale platform for sale. Book order now!","og_url":"https:\/\/bizautom.com\/fr\/produit\/prime-scales-ps-4kcs-cattle-scale-livestock-scale-calf-scale-with-indicator\/","og_site_name":"BizAutom","article_publisher":"https:\/\/www.facebook.com\/people\/TINGCHEN-BizAutom\/61565746662873\/","article_modified_time":"2024-05-28T10:31:10+00:00","og_image":[{"width":1866,"height":1866,"url":"https:\/\/bizautom.com\/wp-content\/uploads\/2023\/07\/PS-4KCS.jpg","type":"image\/jpeg"}],"twitter_card":"summary_large_image","twitter_misc":{"Dur\u00e9e de lecture estim\u00e9e":"3 minutes"},"schema":{"@context":"https:\/\/schema.org","@graph":[{"@type":"WebPage","@id":"https:\/\/bizautom.com\/product\/prime-scales-ps-4kcs-cattle-scale-livestock-scale-calf-scale-with-indicator\/","url":"https:\/\/bizautom.com\/product\/prime-scales-ps-4kcs-cattle-scale-livestock-scale-calf-scale-with-indicator\/","name":"Best Cattle Weight Scale | Cattle Scale Platform | BizAutom","isPartOf":{"@id":"https:\/\/bizautom.com\/#website"},"primaryImageOfPage":{"@id":"https:\/\/bizautom.com\/product\/prime-scales-ps-4kcs-cattle-scale-livestock-scale-calf-scale-with-indicator\/#primaryimage"},"image":{"@id":"https:\/\/bizautom.com\/product\/prime-scales-ps-4kcs-cattle-scale-livestock-scale-calf-scale-with-indicator\/#primaryimage"},"thumbnailUrl":"https:\/\/bizautom.com\/wp-content\/uploads\/2023\/07\/PS-4KCS.jpg","datePublished":"2023-07-20T00:01:19+00:00","dateModified":"2024-05-28T10:31:10+00:00","description":"Find the best cattle scale for accurate livestock weighing at BizAutom. The Prime Scales PS-4KCS is the perfect cattle scale platform for sale. Book order now!","breadcrumb":{"@id":"https:\/\/bizautom.com\/product\/prime-scales-ps-4kcs-cattle-scale-livestock-scale-calf-scale-with-indicator\/#breadcrumb"},"inLanguage":"fr-FR","potentialAction":[{"@type":"ReadAction","target":["https:\/\/bizautom.com\/product\/prime-scales-ps-4kcs-cattle-scale-livestock-scale-calf-scale-with-indicator\/"]}]},{"@type":"ImageObject","inLanguage":"fr-FR","@id":"https:\/\/bizautom.com\/product\/prime-scales-ps-4kcs-cattle-scale-livestock-scale-calf-scale-with-indicator\/#primaryimage","url":"https:\/\/bizautom.com\/wp-content\/uploads\/2023\/07\/PS-4KCS.jpg","contentUrl":"https:\/\/bizautom.com\/wp-content\/uploads\/2023\/07\/PS-4KCS.jpg","width":1866,"height":1866,"caption":"Veteinary Floor Scale"},{"@type":"BreadcrumbList","@id":"https:\/\/bizautom.com\/product\/prime-scales-ps-4kcs-cattle-scale-livestock-scale-calf-scale-with-indicator\/#breadcrumb","itemListElement":[{"@type":"ListItem","position":1,"name":"Home","item":"https:\/\/bizautom.com\/"},{"@type":"ListItem","position":2,"name":"Shop","item":"https:\/\/bizautom.com\/shop-2\/"},{"@type":"ListItem","position":3,"name":"Prime Scales PS-4KCS | PS-4KCS-L Cattle Scale | Livestock Scale | Calf Scale with Indicator"}]},{"@type":"WebSite","@id":"https:\/\/bizautom.com\/#website","url":"https:\/\/bizautom.com\/","name":"BizAutom","description":"Rapide. Pr\u00e9cis. Intelligent.","publisher":{"@id":"https:\/\/bizautom.com\/#organization"},"potentialAction":[{"@type":"SearchAction","target":{"@type":"EntryPoint","urlTemplate":"https:\/\/bizautom.com\/?s={search_term_string}"},"query-input":{"@type":"PropertyValueSpecification","valueRequired":true,"valueName":"search_term_string"}}],"inLanguage":"fr-FR"},{"@type":"Organization","@id":"https:\/\/bizautom.com\/#organization","name":"BizAutom","url":"https:\/\/bizautom.com\/","logo":{"@type":"ImageObject","inLanguage":"fr-FR","@id":"https:\/\/bizautom.com\/#\/schema\/logo\/image\/","url":"https:\/\/bizautom.com\/wp-content\/uploads\/2025\/04\/BizAutom_Logo_1.webp","contentUrl":"https:\/\/bizautom.com\/wp-content\/uploads\/2025\/04\/BizAutom_Logo_1.webp","width":455,"height":326,"caption":"BizAutom"},"image":{"@id":"https:\/\/bizautom.com\/#\/schema\/logo\/image\/"},"sameAs":["https:\/\/www.facebook.com\/people\/TINGCHEN-BizAutom\/61565746662873\/"]}]}},"jetpack-related-posts":[{"id":1488,"url":"https:\/\/bizautom.com\/fr\/produit\/bizautom-livestox-caged-cattle-scale-with-bio-microchip-thermometer-and-scada-system\/","url_meta":{"origin":1004,"position":0},"title":"BizAutom LivestoX, p\u00e8se-b\u00e9tail en cage avec thermom\u00e8tre \u00e0 micropuce et syst\u00e8me SCADA","author":"admin","date":"ao\u00fbt 14, 2024","format":false,"excerpt":"Le p\u00e8se-b\u00e9tail en cage BizAutom LivestoX avec thermom\u00e8tre \u00e0 biopuce et syst\u00e8me SCADA est un investissement essentiel pour les agriculteurs qui souhaitent am\u00e9liorer leurs pratiques de gestion du b\u00e9tail gr\u00e2ce \u00e0 une technologie de pointe.","rel":"","context":"Article similaire","block_context":{"text":"Article similaire","link":""},"img":{"alt_text":"","src":"https:\/\/i0.wp.com\/bizautom.com\/wp-content\/uploads\/2024\/08\/LiveStoX-scaled.jpg?resize=350%2C200&ssl=1","width":350,"height":200,"srcset":"https:\/\/i0.wp.com\/bizautom.com\/wp-content\/uploads\/2024\/08\/LiveStoX-scaled.jpg?resize=350%2C200&ssl=1 1x, https:\/\/i0.wp.com\/bizautom.com\/wp-content\/uploads\/2024\/08\/LiveStoX-scaled.jpg?resize=525%2C300&ssl=1 1.5x, https:\/\/i0.wp.com\/bizautom.com\/wp-content\/uploads\/2024\/08\/LiveStoX-scaled.jpg?resize=700%2C400&ssl=1 2x, https:\/\/i0.wp.com\/bizautom.com\/wp-content\/uploads\/2024\/08\/LiveStoX-scaled.jpg?resize=1050%2C600&ssl=1 3x, https:\/\/i0.wp.com\/bizautom.com\/wp-content\/uploads\/2024\/08\/LiveStoX-scaled.jpg?resize=1400%2C800&ssl=1 4x"},"classes":[]},{"id":992,"url":"https:\/\/bizautom.com\/fr\/produit\/ps-wb\/","url_meta":{"origin":1004,"position":1},"title":"Prime Scales PS-WB Barre de charge \/ Barre de pes\u00e9e avec indicateur","author":"admin","date":"juillet 19, 2023","format":false,"excerpt":"Transformez votre goulotte \u00e0 b\u00e9tail, votre palette ou tout autre \u00e9quipement en une balance fiable gr\u00e2ce \u00e0 nos barres de pes\u00e9e. Avec une plateforme sur laquelle les appliquer, vous pouvez facilement convertir des installations existantes en syst\u00e8mes de pesage pr\u00e9cis.","rel":"","context":"Article similaire","block_context":{"text":"Article similaire","link":""},"img":{"alt_text":"","src":"https:\/\/i0.wp.com\/bizautom.com\/wp-content\/uploads\/2023\/07\/PS-WB.jpg?resize=350%2C200&ssl=1","width":350,"height":200,"srcset":"https:\/\/i0.wp.com\/bizautom.com\/wp-content\/uploads\/2023\/07\/PS-WB.jpg?resize=350%2C200&ssl=1 1x, https:\/\/i0.wp.com\/bizautom.com\/wp-content\/uploads\/2023\/07\/PS-WB.jpg?resize=525%2C300&ssl=1 1.5x, https:\/\/i0.wp.com\/bizautom.com\/wp-content\/uploads\/2023\/07\/PS-WB.jpg?resize=700%2C400&ssl=1 2x"},"classes":[]},{"id":1596,"url":"https:\/\/bizautom.com\/fr\/produit\/bizautom-livestox-caged-cattle-scale\/","url_meta":{"origin":1004,"position":2},"title":"BizAutom LivestoX P\u00e8se-b\u00e9tail en cage avec indicateur haut de gamme","author":"admin","date":"octobre 20, 2024","format":false,"excerpt":"Le p\u00e8se-b\u00e9tail en cage BizAutom LivestoX est un investissement essentiel pour les agriculteurs qui souhaitent am\u00e9liorer leurs pratiques de gestion du b\u00e9tail gr\u00e2ce \u00e0 une technologie de pointe.","rel":"","context":"Article similaire","block_context":{"text":"Article similaire","link":""},"img":{"alt_text":"","src":"https:\/\/i0.wp.com\/bizautom.com\/wp-content\/uploads\/2024\/10\/LiveStoX202-scaled.jpg?resize=350%2C200&ssl=1","width":350,"height":200,"srcset":"https:\/\/i0.wp.com\/bizautom.com\/wp-content\/uploads\/2024\/10\/LiveStoX202-scaled.jpg?resize=350%2C200&ssl=1 1x, https:\/\/i0.wp.com\/bizautom.com\/wp-content\/uploads\/2024\/10\/LiveStoX202-scaled.jpg?resize=525%2C300&ssl=1 1.5x, https:\/\/i0.wp.com\/bizautom.com\/wp-content\/uploads\/2024\/10\/LiveStoX202-scaled.jpg?resize=700%2C400&ssl=1 2x, https:\/\/i0.wp.com\/bizautom.com\/wp-content\/uploads\/2024\/10\/LiveStoX202-scaled.jpg?resize=1050%2C600&ssl=1 3x, https:\/\/i0.wp.com\/bizautom.com\/wp-content\/uploads\/2024\/10\/LiveStoX202-scaled.jpg?resize=1400%2C800&ssl=1 4x"},"classes":[]},{"id":1001,"url":"https:\/\/bizautom.com\/fr\/produit\/prime-scales-ps-700as4422-livestock-scale-veterinary-scale-with-indicator\/","url_meta":{"origin":1004,"position":3},"title":"Prime Scales PS-700AS4422 Balance pour b\u00e9tail | Balance v\u00e9t\u00e9rinaire avec indicateur","author":"admin","date":"juillet 19, 2023","format":false,"excerpt":"L'utilisation de balances pour b\u00e9tail permet d'assurer un suivi pr\u00e9cis et efficace de la sant\u00e9 des animaux \u00e0 diff\u00e9rents stades de leur croissance. La pes\u00e9e des animaux est un aspect crucial de l'exploitation agricole, car elle permet de maintenir des performances optimales et de garantir leur bien-\u00eatre.","rel":"","context":"Article similaire","block_context":{"text":"Article similaire","link":""},"img":{"alt_text":"","src":"https:\/\/i0.wp.com\/bizautom.com\/wp-content\/uploads\/2023\/07\/CloudAnimalScale-Pig.jpg?resize=350%2C200&ssl=1","width":350,"height":200,"srcset":"https:\/\/i0.wp.com\/bizautom.com\/wp-content\/uploads\/2023\/07\/CloudAnimalScale-Pig.jpg?resize=350%2C200&ssl=1 1x, https:\/\/i0.wp.com\/bizautom.com\/wp-content\/uploads\/2023\/07\/CloudAnimalScale-Pig.jpg?resize=525%2C300&ssl=1 1.5x, https:\/\/i0.wp.com\/bizautom.com\/wp-content\/uploads\/2023\/07\/CloudAnimalScale-Pig.jpg?resize=700%2C400&ssl=1 2x, https:\/\/i0.wp.com\/bizautom.com\/wp-content\/uploads\/2023\/07\/CloudAnimalScale-Pig.jpg?resize=1050%2C600&ssl=1 3x, https:\/\/i0.wp.com\/bizautom.com\/wp-content\/uploads\/2023\/07\/CloudAnimalScale-Pig.jpg?resize=1400%2C800&ssl=1 4x"},"classes":[]},{"id":4327,"url":"https:\/\/bizautom.com\/fr\/produit\/prime-scales-ps-in202s-stainless-steel-ntep-legal-for-trade-indicator\/","url_meta":{"origin":1004,"position":4},"title":"Prime Scales PS-IN202S Indicateur NTEP Legal For Trade en acier inoxydable","author":"admin","date":"mai 21, 2025","format":false,"excerpt":"The PS-IN202S is the ideal solution for operations demanding precision, durability, and regulatory compliance. Whether you\u2019re upgrading existing equipment or setting up a new industrial scale system, the PS-IN202S offers rugged performance with seamless connectivity.","rel":"","context":"Article similaire","block_context":{"text":"Article similaire","link":""},"img":{"alt_text":"","src":"https:\/\/i0.wp.com\/bizautom.com\/wp-content\/uploads\/2025\/05\/PS-IN202S-scaled.jpg?resize=350%2C200&ssl=1","width":350,"height":200,"srcset":"https:\/\/i0.wp.com\/bizautom.com\/wp-content\/uploads\/2025\/05\/PS-IN202S-scaled.jpg?resize=350%2C200&ssl=1 1x, https:\/\/i0.wp.com\/bizautom.com\/wp-content\/uploads\/2025\/05\/PS-IN202S-scaled.jpg?resize=525%2C300&ssl=1 1.5x, https:\/\/i0.wp.com\/bizautom.com\/wp-content\/uploads\/2025\/05\/PS-IN202S-scaled.jpg?resize=700%2C400&ssl=1 2x, https:\/\/i0.wp.com\/bizautom.com\/wp-content\/uploads\/2025\/05\/PS-IN202S-scaled.jpg?resize=1050%2C600&ssl=1 3x, https:\/\/i0.wp.com\/bizautom.com\/wp-content\/uploads\/2025\/05\/PS-IN202S-scaled.jpg?resize=1400%2C800&ssl=1 4x"},"classes":[]},{"id":823,"url":"https:\/\/bizautom.com\/fr\/produit\/prime-scales-row-on-weigh-pallet-jack-floor-scale-with-ps-in202-indicator\/","url_meta":{"origin":1004,"position":5},"title":"Prime Scales Roll On Weigh Pallet Jack \/ Floor Scale avec indicateur PS-IN202","author":"admin","date":"juillet 18, 2023","format":false,"excerpt":"Lorsqu'il s'agit de peser ces objets, une rampe est essentielle, et c'est pr\u00e9cis\u00e9ment ce que proposent nos p\u00e8se-personnes roulants. La conception innovante garantit que lorsque les roues du transpalette, du chariot ou du fauteuil roulant touchent la rampe, celle-ci s'abaisse en douceur jusqu'au sol, supportant le poids en toute s\u00e9curit\u00e9.","rel":"","context":"Article similaire","block_context":{"text":"Article similaire","link":""},"img":{"alt_text":"","src":"https:\/\/i0.wp.com\/bizautom.com\/wp-content\/uploads\/2023\/07\/PS-ROWPalletJack-scaled.jpg?resize=350%2C200&ssl=1","width":350,"height":200,"srcset":"https:\/\/i0.wp.com\/bizautom.com\/wp-content\/uploads\/2023\/07\/PS-ROWPalletJack-scaled.jpg?resize=350%2C200&ssl=1 1x, https:\/\/i0.wp.com\/bizautom.com\/wp-content\/uploads\/2023\/07\/PS-ROWPalletJack-scaled.jpg?resize=525%2C300&ssl=1 1.5x, https:\/\/i0.wp.com\/bizautom.com\/wp-content\/uploads\/2023\/07\/PS-ROWPalletJack-scaled.jpg?resize=700%2C400&ssl=1 2x, https:\/\/i0.wp.com\/bizautom.com\/wp-content\/uploads\/2023\/07\/PS-ROWPalletJack-scaled.jpg?resize=1050%2C600&ssl=1 3x, https:\/\/i0.wp.com\/bizautom.com\/wp-content\/uploads\/2023\/07\/PS-ROWPalletJack-scaled.jpg?resize=1400%2C800&ssl=1 4x"},"classes":[]}],"jetpack_sharing_enabled":true,"_links":{"self":[{"href":"https:\/\/bizautom.com\/fr\/wp-json\/wp\/v2\/product\/1004","targetHints":{"allow":["GET"]}}],"collection":[{"href":"https:\/\/bizautom.com\/fr\/wp-json\/wp\/v2\/product"}],"about":[{"href":"https:\/\/bizautom.com\/fr\/wp-json\/wp\/v2\/types\/product"}],"replies":[{"embeddable":true,"href":"https:\/\/bizautom.com\/fr\/wp-json\/wp\/v2\/comments?post=1004"}],"version-history":[{"count":1,"href":"https:\/\/bizautom.com\/fr\/wp-json\/wp\/v2\/product\/1004\/revisions"}],"predecessor-version":[{"id":1149,"href":"https:\/\/bizautom.com\/fr\/wp-json\/wp\/v2\/product\/1004\/revisions\/1149"}],"wp:featuredmedia":[{"embeddable":true,"href":"https:\/\/bizautom.com\/fr\/wp-json\/wp\/v2\/media\/1006"}],"wp:attachment":[{"href":"https:\/\/bizautom.com\/fr\/wp-json\/wp\/v2\/media?parent=1004"}],"wp:term":[{"taxonomy":"product_brand","embeddable":true,"href":"https:\/\/bizautom.com\/fr\/wp-json\/wp\/v2\/product_brand?post=1004"},{"taxonomy":"product_cat","embeddable":true,"href":"https:\/\/bizautom.com\/fr\/wp-json\/wp\/v2\/product_cat?post=1004"},{"taxonomy":"product_tag","embeddable":true,"href":"https:\/\/bizautom.com\/fr\/wp-json\/wp\/v2\/product_tag?post=1004"}],"curies":[{"name":"wp","href":"https:\/\/api.w.org\/{rel}","templated":true}]}}