{"id":1024,"date":"2023-07-20T01:16:38","date_gmt":"2023-07-20T01:16:38","guid":{"rendered":"https:\/\/bizautom.com\/?post_type=product&#038;p=1024"},"modified":"2024-04-09T08:58:30","modified_gmt":"2024-04-09T08:58:30","slug":"prime-scales-ps-in202ss-stainless-steel-ntep-indicator-trade-legal","status":"publish","type":"product","link":"https:\/\/bizautom.com\/fr\/produit\/prime-scales-ps-in202ss-stainless-steel-ntep-indicator-trade-legal\/","title":{"rendered":"Prime Scales PS-IN202SS Indicateur NTEP en acier inoxydable - Trade Legal"},"content":{"rendered":"<p>L'indicateur Prime PS-IN202SS est un dispositif professionnel l\u00e9gal pour le commerce (approuv\u00e9 par le NTEP) qui offre une sortie s\u00e9rie pour les imprimantes ou les PC. Envelopp\u00e9 dans un bo\u00eetier durable en acier inoxydable 304 avec un indice d'\u00e9tanch\u00e9it\u00e9 IP-67, il est con\u00e7u pour r\u00e9sister aux environnements exigeants. Cet indicateur est largement reconnu comme le meilleur choix pour les balances au sol, les petites balances de camion, les tr\u00e9mies, etc.<\/p>\n<p>Caract\u00e9ristiques principales :<br \/>\n1.5\u2033 super grand \u00e9cran LED lumineux<br \/>\nTaux de mesure analogique-num\u00e9rique configurable<br \/>\nAlimentation de jusqu'\u00e0 huit capteurs de charge de 350 ohms<br \/>\n\u00c9talonnage num\u00e9rique complet avec gamme compl\u00e8te<br \/>\nModes d'affichage du poids NET ou du poids BRUT<br \/>\nD\u00e9tection de mouvement et maintien automatique du z\u00e9ro<br \/>\nImprimante et sortie de donn\u00e9es en continu<br \/>\nCinq boutons pour une commande conviviale<br \/>\nSupport mural ou support inclinable pour une installation polyvalente<br \/>\nAliment\u00e9 par un adaptateur 110V AC\/DC<br \/>\nTaille compacte : 9,3\u2033 (L) x 2,8\u2033 (P) x 6,5\u2033 (H) (avec support)<br \/>\nNTEP COC# 12-112<\/p>\n<div class=\"\"><a href=\"https:\/\/bizautom.com\/wp-content\/uploads\/2023\/07\/PS-IN202SS_Operators_Manual_EnglishSpanish.pdf\" target=\"_blank\" class=\"emd_dl_red_darker\">Manuel d'installation<\/a><\/div>    <style>            \r\n    .emd_dl_red_darker {\r\n        -moz-box-shadow:inset 0px 1px 0px 0px #f5978e;\r\n        -webkit-box-shadow:inset 0px 1px 0px 0px #f5978e;\r\n        box-shadow:inset 0px 1px 0px 0px #f5978e;\r\n        background:-webkit-gradient( linear, left top, left bottom, color-stop(0.05, #f24537), color-stop(1, #c62d1f) );\r\n        background:-moz-linear-gradient( center top, #f24537 5%, #c62d1f 100% );\r\n        filter:progid:DXImageTransform.Microsoft.gradient(startColorstr='#f24537', endColorstr='#c62d1f');\r\n        background-color:#f24537;\r\n        -webkit-border-top-left-radius:0px;\r\n        -moz-border-radius-topleft:0px;\r\n        border-top-left-radius:0px;\r\n        -webkit-border-top-right-radius:0px;\r\n        -moz-border-radius-topright:0px;\r\n        border-top-right-radius:0px;\r\n        -webkit-border-bottom-right-radius:0px;\r\n        -moz-border-radius-bottomright:0px;\r\n        border-bottom-right-radius:0px;\r\n        -webkit-border-bottom-left-radius:0px;\r\n        -moz-border-radius-bottomleft:0px;\r\n        border-bottom-left-radius:0px;\r\n        text-indent:0;\r\n        border:1px solid #d02718;\r\n        display:inline-block;\r\n        color:#ffffff !important;\r\n        font-family:Georgia;\r\n        font-size:15px;\r\n        font-weight:bold;\r\n        font-style:normal;\r\n        height:41px;\r\n        line-height:41px;\r\n        width:180px;\r\n        text-decoration:none;\r\n        text-align:center;\r\n        text-shadow:1px 1px 0px #810e05;\r\n    }\r\n    .emd_dl_red_darker:hover {\r\n        background:-webkit-gradient( linear, left top, left bottom, color-stop(0.05, #c62d1f), color-stop(1, #f24537) );\r\n        background:-moz-linear-gradient( center top, #c62d1f 5%, #f24537 100% );\r\n        filter:progid:DXImageTransform.Microsoft.gradient(startColorstr='#c62d1f', endColorstr='#f24537');\r\n        background-color:#c62d1f;\r\n    }.emd_dl_red_darker:active {\r\n        position:relative;\r\n        top:1px;\r\n    }<\/style>\n<div class=\"\"><a href=\"https:\/\/bizautom.com\/wp-content\/uploads\/2023\/07\/PS-IN202dataFormat-Protocols-1.pdf\" target=\"_blank\" class=\"emd_dl_red_darker\">Format des donn\u00e9es<\/a><\/div>    <style>            \r\n    .emd_dl_red_darker {\r\n        -moz-box-shadow:inset 0px 1px 0px 0px #f5978e;\r\n        -webkit-box-shadow:inset 0px 1px 0px 0px #f5978e;\r\n        box-shadow:inset 0px 1px 0px 0px #f5978e;\r\n        background:-webkit-gradient( linear, left top, left bottom, color-stop(0.05, #f24537), color-stop(1, #c62d1f) );\r\n        background:-moz-linear-gradient( center top, #f24537 5%, #c62d1f 100% );\r\n        filter:progid:DXImageTransform.Microsoft.gradient(startColorstr='#f24537', endColorstr='#c62d1f');\r\n        background-color:#f24537;\r\n        -webkit-border-top-left-radius:0px;\r\n        -moz-border-radius-topleft:0px;\r\n        border-top-left-radius:0px;\r\n        -webkit-border-top-right-radius:0px;\r\n        -moz-border-radius-topright:0px;\r\n        border-top-right-radius:0px;\r\n        -webkit-border-bottom-right-radius:0px;\r\n        -moz-border-radius-bottomright:0px;\r\n        border-bottom-right-radius:0px;\r\n        -webkit-border-bottom-left-radius:0px;\r\n        -moz-border-radius-bottomleft:0px;\r\n        border-bottom-left-radius:0px;\r\n        text-indent:0;\r\n        border:1px solid #d02718;\r\n        display:inline-block;\r\n        color:#ffffff !important;\r\n        font-family:Georgia;\r\n        font-size:15px;\r\n        font-weight:bold;\r\n        font-style:normal;\r\n        height:41px;\r\n        line-height:41px;\r\n        width:180px;\r\n        text-decoration:none;\r\n        text-align:center;\r\n        text-shadow:1px 1px 0px #810e05;\r\n    }\r\n    .emd_dl_red_darker:hover {\r\n        background:-webkit-gradient( linear, left top, left bottom, color-stop(0.05, #c62d1f), color-stop(1, #f24537) );\r\n        background:-moz-linear-gradient( center top, #c62d1f 5%, #f24537 100% );\r\n        filter:progid:DXImageTransform.Microsoft.gradient(startColorstr='#c62d1f', endColorstr='#f24537');\r\n        background-color:#c62d1f;\r\n    }.emd_dl_red_darker:active {\r\n        position:relative;\r\n        top:1px;\r\n    }<\/style>","protected":false},"excerpt":{"rendered":"<p>L'indicateur Prime PS-IN202SS est un dispositif l\u00e9gal pour le commerce (approuv\u00e9 par le NTEP), \u00e9quip\u00e9 d'une sortie s\u00e9rie compatible avec les imprimantes ou les PC. Envelopp\u00e9 dans un bo\u00eetier robuste en acier inoxydable 304 avec un indice d'\u00e9tanch\u00e9it\u00e9 IP-67, il garantit la durabilit\u00e9 et la protection. Reconnu comme le meilleur choix pour les balances au sol, les petites balances de camion, les tr\u00e9mies et les applications similaires, il a gagn\u00e9 sa popularit\u00e9 parmi les utilisateurs.<\/p>","protected":false},"featured_media":1025,"comment_status":"open","ping_status":"closed","template":"","meta":[],"product_brand":[41],"product_cat":[32],"product_tag":[61],"class_list":{"0":"post-1024","1":"product","2":"type-product","3":"status-publish","4":"has-post-thumbnail","6":"product_brand-prime-scales","7":"product_cat-instruments-parts","8":"product_tag-stainless-steel-indicator","10":"first","11":"instock","12":"taxable","13":"shipping-taxable","14":"purchasable","15":"product-type-simple"},"yoast_head":"<!-- This site is optimized with the Yoast SEO plugin v27.4 - https:\/\/yoast.com\/product\/yoast-seo-wordpress\/ -->\n<title>Prime Scales PS-IN202SS Stainless Steel NTEP Indicator<\/title>\n<meta name=\"description\" content=\"Discover the versatility and precision of Prime Scales PS-IN202SS stainless steel indicator. Perfect for trade-legal weighing. Visit our website for more!\" \/>\n<meta name=\"robots\" content=\"index, follow, max-snippet:-1, max-image-preview:large, max-video-preview:-1\" \/>\n<link rel=\"canonical\" href=\"https:\/\/bizautom.com\/fr\/produit\/prime-scales-ps-in202ss-stainless-steel-ntep-indicator-trade-legal\/\" \/>\n<meta property=\"og:locale\" content=\"fr_FR\" \/>\n<meta property=\"og:type\" content=\"article\" \/>\n<meta property=\"og:title\" content=\"Prime Scales PS-IN202SS Stainless Steel NTEP Indicator\" \/>\n<meta property=\"og:description\" content=\"Discover the versatility and precision of Prime Scales PS-IN202SS stainless steel indicator. Perfect for trade-legal weighing. Visit our website for more!\" \/>\n<meta property=\"og:url\" content=\"https:\/\/bizautom.com\/fr\/produit\/prime-scales-ps-in202ss-stainless-steel-ntep-indicator-trade-legal\/\" \/>\n<meta property=\"og:site_name\" content=\"BizAutom\" \/>\n<meta property=\"article:publisher\" content=\"https:\/\/www.facebook.com\/people\/TINGCHEN-BizAutom\/61565746662873\/\" \/>\n<meta property=\"article:modified_time\" content=\"2024-04-09T08:58:30+00:00\" \/>\n<meta property=\"og:image\" content=\"https:\/\/bizautom.com\/wp-content\/uploads\/2023\/07\/PS-IN202SS.jpg\" \/>\n\t<meta property=\"og:image:width\" content=\"1440\" \/>\n\t<meta property=\"og:image:height\" content=\"1440\" \/>\n\t<meta property=\"og:image:type\" content=\"image\/jpeg\" \/>\n<meta name=\"twitter:card\" content=\"summary_large_image\" \/>\n<meta name=\"twitter:label1\" content=\"Dur\u00e9e de lecture estim\u00e9e\" \/>\n\t<meta name=\"twitter:data1\" content=\"1 minute\" \/>\n<!-- \/ Yoast SEO plugin. -->","yoast_head_json":{"title":"Prime Scales PS-IN202SS Stainless Steel NTEP Indicator","description":"Discover the versatility and precision of Prime Scales PS-IN202SS stainless steel indicator. Perfect for trade-legal weighing. Visit our website for more!","robots":{"index":"index","follow":"follow","max-snippet":"max-snippet:-1","max-image-preview":"max-image-preview:large","max-video-preview":"max-video-preview:-1"},"canonical":"https:\/\/bizautom.com\/fr\/produit\/prime-scales-ps-in202ss-stainless-steel-ntep-indicator-trade-legal\/","og_locale":"fr_FR","og_type":"article","og_title":"Prime Scales PS-IN202SS Stainless Steel NTEP Indicator","og_description":"Discover the versatility and precision of Prime Scales PS-IN202SS stainless steel indicator. Perfect for trade-legal weighing. Visit our website for more!","og_url":"https:\/\/bizautom.com\/fr\/produit\/prime-scales-ps-in202ss-stainless-steel-ntep-indicator-trade-legal\/","og_site_name":"BizAutom","article_publisher":"https:\/\/www.facebook.com\/people\/TINGCHEN-BizAutom\/61565746662873\/","article_modified_time":"2024-04-09T08:58:30+00:00","og_image":[{"width":1440,"height":1440,"url":"https:\/\/bizautom.com\/wp-content\/uploads\/2023\/07\/PS-IN202SS.jpg","type":"image\/jpeg"}],"twitter_card":"summary_large_image","twitter_misc":{"Dur\u00e9e de lecture estim\u00e9e":"1 minute"},"schema":{"@context":"https:\/\/schema.org","@graph":[{"@type":"WebPage","@id":"https:\/\/bizautom.com\/product\/prime-scales-ps-in202ss-stainless-steel-ntep-indicator-trade-legal\/","url":"https:\/\/bizautom.com\/product\/prime-scales-ps-in202ss-stainless-steel-ntep-indicator-trade-legal\/","name":"Prime Scales PS-IN202SS Stainless Steel NTEP Indicator","isPartOf":{"@id":"https:\/\/bizautom.com\/#website"},"primaryImageOfPage":{"@id":"https:\/\/bizautom.com\/product\/prime-scales-ps-in202ss-stainless-steel-ntep-indicator-trade-legal\/#primaryimage"},"image":{"@id":"https:\/\/bizautom.com\/product\/prime-scales-ps-in202ss-stainless-steel-ntep-indicator-trade-legal\/#primaryimage"},"thumbnailUrl":"https:\/\/bizautom.com\/wp-content\/uploads\/2023\/07\/PS-IN202SS.jpg","datePublished":"2023-07-20T01:16:38+00:00","dateModified":"2024-04-09T08:58:30+00:00","description":"Discover the versatility and precision of Prime Scales PS-IN202SS stainless steel indicator. Perfect for trade-legal weighing. Visit our website for more!","breadcrumb":{"@id":"https:\/\/bizautom.com\/product\/prime-scales-ps-in202ss-stainless-steel-ntep-indicator-trade-legal\/#breadcrumb"},"inLanguage":"fr-FR","potentialAction":[{"@type":"ReadAction","target":["https:\/\/bizautom.com\/product\/prime-scales-ps-in202ss-stainless-steel-ntep-indicator-trade-legal\/"]}]},{"@type":"ImageObject","inLanguage":"fr-FR","@id":"https:\/\/bizautom.com\/product\/prime-scales-ps-in202ss-stainless-steel-ntep-indicator-trade-legal\/#primaryimage","url":"https:\/\/bizautom.com\/wp-content\/uploads\/2023\/07\/PS-IN202SS.jpg","contentUrl":"https:\/\/bizautom.com\/wp-content\/uploads\/2023\/07\/PS-IN202SS.jpg","width":1440,"height":1440,"caption":"prime scales ps-in202"},{"@type":"BreadcrumbList","@id":"https:\/\/bizautom.com\/product\/prime-scales-ps-in202ss-stainless-steel-ntep-indicator-trade-legal\/#breadcrumb","itemListElement":[{"@type":"ListItem","position":1,"name":"Home","item":"https:\/\/bizautom.com\/"},{"@type":"ListItem","position":2,"name":"Shop","item":"https:\/\/bizautom.com\/shop-2\/"},{"@type":"ListItem","position":3,"name":"Prime Scales PS-IN202SS Stainless Steel NTEP Indicator &#8211; Trade Legal"}]},{"@type":"WebSite","@id":"https:\/\/bizautom.com\/#website","url":"https:\/\/bizautom.com\/","name":"BizAutom","description":"Rapide. Pr\u00e9cis. Intelligent.","publisher":{"@id":"https:\/\/bizautom.com\/#organization"},"potentialAction":[{"@type":"SearchAction","target":{"@type":"EntryPoint","urlTemplate":"https:\/\/bizautom.com\/?s={search_term_string}"},"query-input":{"@type":"PropertyValueSpecification","valueRequired":true,"valueName":"search_term_string"}}],"inLanguage":"fr-FR"},{"@type":"Organization","@id":"https:\/\/bizautom.com\/#organization","name":"BizAutom","url":"https:\/\/bizautom.com\/","logo":{"@type":"ImageObject","inLanguage":"fr-FR","@id":"https:\/\/bizautom.com\/#\/schema\/logo\/image\/","url":"https:\/\/bizautom.com\/wp-content\/uploads\/2025\/04\/BizAutom_Logo_1.webp","contentUrl":"https:\/\/bizautom.com\/wp-content\/uploads\/2025\/04\/BizAutom_Logo_1.webp","width":455,"height":326,"caption":"BizAutom"},"image":{"@id":"https:\/\/bizautom.com\/#\/schema\/logo\/image\/"},"sameAs":["https:\/\/www.facebook.com\/people\/TINGCHEN-BizAutom\/61565746662873\/"]}]}},"jetpack-related-posts":[{"id":4327,"url":"https:\/\/bizautom.com\/fr\/produit\/prime-scales-ps-in202s-stainless-steel-ntep-legal-for-trade-indicator\/","url_meta":{"origin":1024,"position":0},"title":"Prime Scales PS-IN202S Indicateur NTEP Legal For Trade en acier inoxydable","author":"admin","date":"mai 21, 2025","format":false,"excerpt":"The PS-IN202S is the ideal solution for operations demanding precision, durability, and regulatory compliance. Whether you\u2019re upgrading existing equipment or setting up a new industrial scale system, the PS-IN202S offers rugged performance with seamless connectivity.","rel":"","context":"Article similaire","block_context":{"text":"Article similaire","link":""},"img":{"alt_text":"","src":"https:\/\/i0.wp.com\/bizautom.com\/wp-content\/uploads\/2025\/05\/PS-IN202S-scaled.jpg?resize=350%2C200&ssl=1","width":350,"height":200,"srcset":"https:\/\/i0.wp.com\/bizautom.com\/wp-content\/uploads\/2025\/05\/PS-IN202S-scaled.jpg?resize=350%2C200&ssl=1 1x, https:\/\/i0.wp.com\/bizautom.com\/wp-content\/uploads\/2025\/05\/PS-IN202S-scaled.jpg?resize=525%2C300&ssl=1 1.5x, https:\/\/i0.wp.com\/bizautom.com\/wp-content\/uploads\/2025\/05\/PS-IN202S-scaled.jpg?resize=700%2C400&ssl=1 2x, https:\/\/i0.wp.com\/bizautom.com\/wp-content\/uploads\/2025\/05\/PS-IN202S-scaled.jpg?resize=1050%2C600&ssl=1 3x, https:\/\/i0.wp.com\/bizautom.com\/wp-content\/uploads\/2025\/05\/PS-IN202S-scaled.jpg?resize=1400%2C800&ssl=1 4x"},"classes":[]},{"id":957,"url":"https:\/\/bizautom.com\/fr\/produit\/prime-scales-ps-in202-digital-indicator-with-rs232-signal-output\/","url_meta":{"origin":1024,"position":1},"title":"Prime Scales PS-IN202 Indicateur num\u00e9rique avec sortie de signal RS232","author":"admin","date":"juillet 18, 2023","format":false,"excerpt":"Que vous ayez besoin d'un indicateur de base ou que vous pr\u00e9voyiez de connecter votre balance au r\u00e9seau BizAutom \u00e0 l'avenir, le PS-IN202 est un choix id\u00e9al.","rel":"","context":"Article similaire","block_context":{"text":"Article similaire","link":""},"img":{"alt_text":"","src":"https:\/\/i0.wp.com\/bizautom.com\/wp-content\/uploads\/2023\/07\/PS-IN202.jpg?resize=350%2C200&ssl=1","width":350,"height":200,"srcset":"https:\/\/i0.wp.com\/bizautom.com\/wp-content\/uploads\/2023\/07\/PS-IN202.jpg?resize=350%2C200&ssl=1 1x, https:\/\/i0.wp.com\/bizautom.com\/wp-content\/uploads\/2023\/07\/PS-IN202.jpg?resize=525%2C300&ssl=1 1.5x, https:\/\/i0.wp.com\/bizautom.com\/wp-content\/uploads\/2023\/07\/PS-IN202.jpg?resize=700%2C400&ssl=1 2x"},"classes":[]},{"id":3667,"url":"https:\/\/bizautom.com\/fr\/produit\/prime-scales-ps-b99ss-stainless-steel-portion-scale\/","url_meta":{"origin":1024,"position":2},"title":"Prime Scales PS-B99SS P\u00e8se-portions en acier inoxydable","author":"admin","date":"avril 3, 2025","format":false,"excerpt":"Upgrade your weighing system with the PS-B99SS and experience the perfect balance of accuracy, durability, and convenience!","rel":"","context":"Article similaire","block_context":{"text":"Article similaire","link":""},"img":{"alt_text":"","src":"https:\/\/i0.wp.com\/bizautom.com\/wp-content\/uploads\/2025\/04\/PS-B99SS-scaled.webp?resize=350%2C200&ssl=1","width":350,"height":200,"srcset":"https:\/\/i0.wp.com\/bizautom.com\/wp-content\/uploads\/2025\/04\/PS-B99SS-scaled.webp?resize=350%2C200&ssl=1 1x, https:\/\/i0.wp.com\/bizautom.com\/wp-content\/uploads\/2025\/04\/PS-B99SS-scaled.webp?resize=525%2C300&ssl=1 1.5x, https:\/\/i0.wp.com\/bizautom.com\/wp-content\/uploads\/2025\/04\/PS-B99SS-scaled.webp?resize=700%2C400&ssl=1 2x, https:\/\/i0.wp.com\/bizautom.com\/wp-content\/uploads\/2025\/04\/PS-B99SS-scaled.webp?resize=1050%2C600&ssl=1 3x, https:\/\/i0.wp.com\/bizautom.com\/wp-content\/uploads\/2025\/04\/PS-B99SS-scaled.webp?resize=1400%2C800&ssl=1 4x"},"classes":[]},{"id":823,"url":"https:\/\/bizautom.com\/fr\/produit\/prime-scales-row-on-weigh-pallet-jack-floor-scale-with-ps-in202-indicator\/","url_meta":{"origin":1024,"position":3},"title":"Prime Scales Roll On Weigh Pallet Jack \/ Floor Scale avec indicateur PS-IN202","author":"admin","date":"juillet 18, 2023","format":false,"excerpt":"Lorsqu'il s'agit de peser ces objets, une rampe est essentielle, et c'est pr\u00e9cis\u00e9ment ce que proposent nos p\u00e8se-personnes roulants. La conception innovante garantit que lorsque les roues du transpalette, du chariot ou du fauteuil roulant touchent la rampe, celle-ci s'abaisse en douceur jusqu'au sol, supportant le poids en toute s\u00e9curit\u00e9.","rel":"","context":"Article similaire","block_context":{"text":"Article similaire","link":""},"img":{"alt_text":"","src":"https:\/\/i0.wp.com\/bizautom.com\/wp-content\/uploads\/2023\/07\/PS-ROWPalletJack-scaled.jpg?resize=350%2C200&ssl=1","width":350,"height":200,"srcset":"https:\/\/i0.wp.com\/bizautom.com\/wp-content\/uploads\/2023\/07\/PS-ROWPalletJack-scaled.jpg?resize=350%2C200&ssl=1 1x, https:\/\/i0.wp.com\/bizautom.com\/wp-content\/uploads\/2023\/07\/PS-ROWPalletJack-scaled.jpg?resize=525%2C300&ssl=1 1.5x, https:\/\/i0.wp.com\/bizautom.com\/wp-content\/uploads\/2023\/07\/PS-ROWPalletJack-scaled.jpg?resize=700%2C400&ssl=1 2x, https:\/\/i0.wp.com\/bizautom.com\/wp-content\/uploads\/2023\/07\/PS-ROWPalletJack-scaled.jpg?resize=1050%2C600&ssl=1 3x, https:\/\/i0.wp.com\/bizautom.com\/wp-content\/uploads\/2023\/07\/PS-ROWPalletJack-scaled.jpg?resize=1400%2C800&ssl=1 4x"},"classes":[]},{"id":3127,"url":"https:\/\/bizautom.com\/fr\/produit\/prime-scales-ps-45-wide-format-thermal-label-paper-serial-printer\/","url_meta":{"origin":1024,"position":4},"title":"Prime Scales PS-45 Imprimante thermique grand format d'\u00e9tiquettes \/ papier en s\u00e9rie","author":"admin","date":"mars 30, 2025","format":false,"excerpt":"La PS-45 est notre imprimante au format le plus large, offrant des impressions instantan\u00e9es sur simple pression d'un bouton. Elle imprime sans effort des donn\u00e9es de poids, du texte, des codes-barres, des codes QR et des num\u00e9ros de s\u00e9rie sur du papier thermique en rouleau, des \u00e9tiquettes standard ou des \u00e9tiquettes continues jusqu'\u00e0 4,5\" de large.","rel":"","context":"Article similaire","block_context":{"text":"Article similaire","link":""},"img":{"alt_text":"","src":"https:\/\/i0.wp.com\/bizautom.com\/wp-content\/uploads\/2025\/03\/PS-45.jpg?resize=350%2C200&ssl=1","width":350,"height":200,"srcset":"https:\/\/i0.wp.com\/bizautom.com\/wp-content\/uploads\/2025\/03\/PS-45.jpg?resize=350%2C200&ssl=1 1x, https:\/\/i0.wp.com\/bizautom.com\/wp-content\/uploads\/2025\/03\/PS-45.jpg?resize=525%2C300&ssl=1 1.5x, https:\/\/i0.wp.com\/bizautom.com\/wp-content\/uploads\/2025\/03\/PS-45.jpg?resize=700%2C400&ssl=1 2x, https:\/\/i0.wp.com\/bizautom.com\/wp-content\/uploads\/2025\/03\/PS-45.jpg?resize=1050%2C600&ssl=1 3x, https:\/\/i0.wp.com\/bizautom.com\/wp-content\/uploads\/2025\/03\/PS-45.jpg?resize=1400%2C800&ssl=1 4x"},"classes":[]},{"id":1074,"url":"https:\/\/bizautom.com\/fr\/produit\/prime-scales-ps-35-thermal-label-paper-serial-printer\/","url_meta":{"origin":1024,"position":5},"title":"Prime Scales PS-35 Imprimante thermique d'\u00e9tiquettes \/ papier en s\u00e9rie","author":"admin","date":"juillet 31, 2023","format":false,"excerpt":"L'imprimante PS-35 est l'imprimante la plus avanc\u00e9e de notre gamme. D'une simple pression sur un bouton, elle peut imprimer instantan\u00e9ment des informations sur le poids sur du papier thermique en rouleau, des \u00e9tiquettes normales ou des \u00e9tiquettes sans doublure d'une \u00e9paisseur minimale de 0,2 mm.","rel":"","context":"Article similaire","block_context":{"text":"Article similaire","link":""},"img":{"alt_text":"","src":"https:\/\/i0.wp.com\/bizautom.com\/wp-content\/uploads\/2023\/07\/Main.jpg?resize=350%2C200&ssl=1","width":350,"height":200,"srcset":"https:\/\/i0.wp.com\/bizautom.com\/wp-content\/uploads\/2023\/07\/Main.jpg?resize=350%2C200&ssl=1 1x, https:\/\/i0.wp.com\/bizautom.com\/wp-content\/uploads\/2023\/07\/Main.jpg?resize=525%2C300&ssl=1 1.5x, https:\/\/i0.wp.com\/bizautom.com\/wp-content\/uploads\/2023\/07\/Main.jpg?resize=700%2C400&ssl=1 2x, https:\/\/i0.wp.com\/bizautom.com\/wp-content\/uploads\/2023\/07\/Main.jpg?resize=1050%2C600&ssl=1 3x, https:\/\/i0.wp.com\/bizautom.com\/wp-content\/uploads\/2023\/07\/Main.jpg?resize=1400%2C800&ssl=1 4x"},"classes":[]}],"jetpack_sharing_enabled":true,"_links":{"self":[{"href":"https:\/\/bizautom.com\/fr\/wp-json\/wp\/v2\/product\/1024","targetHints":{"allow":["GET"]}}],"collection":[{"href":"https:\/\/bizautom.com\/fr\/wp-json\/wp\/v2\/product"}],"about":[{"href":"https:\/\/bizautom.com\/fr\/wp-json\/wp\/v2\/types\/product"}],"replies":[{"embeddable":true,"href":"https:\/\/bizautom.com\/fr\/wp-json\/wp\/v2\/comments?post=1024"}],"version-history":[{"count":0,"href":"https:\/\/bizautom.com\/fr\/wp-json\/wp\/v2\/product\/1024\/revisions"}],"wp:featuredmedia":[{"embeddable":true,"href":"https:\/\/bizautom.com\/fr\/wp-json\/wp\/v2\/media\/1025"}],"wp:attachment":[{"href":"https:\/\/bizautom.com\/fr\/wp-json\/wp\/v2\/media?parent=1024"}],"wp:term":[{"taxonomy":"product_brand","embeddable":true,"href":"https:\/\/bizautom.com\/fr\/wp-json\/wp\/v2\/product_brand?post=1024"},{"taxonomy":"product_cat","embeddable":true,"href":"https:\/\/bizautom.com\/fr\/wp-json\/wp\/v2\/product_cat?post=1024"},{"taxonomy":"product_tag","embeddable":true,"href":"https:\/\/bizautom.com\/fr\/wp-json\/wp\/v2\/product_tag?post=1024"}],"curies":[{"name":"wp","href":"https:\/\/api.w.org\/{rel}","templated":true}]}}