{"id":1026,"date":"2023-07-20T04:07:55","date_gmt":"2023-07-20T04:07:55","guid":{"rendered":"https:\/\/bizautom.com\/?post_type=product&#038;p=1026"},"modified":"2025-01-02T14:42:30","modified_gmt":"2025-01-02T19:42:30","slug":"prime-station-erp-software","status":"publish","type":"product","link":"https:\/\/bizautom.com\/fr\/produit\/prime-station-erp-software\/","title":{"rendered":"Logiciel Prime Station ERP"},"content":{"rendered":"<header>\n<h2>Prime Station ERP : Am\u00e9liorez vos op\u00e9rations commerciales<\/h2>\n<\/header>\n<section>\n<h3>D\u00e9couvrez la puissance de Prime Station ERP<\/h3>\n<p>Explorez les capacit\u00e9s de Prime Station ERP, un syst\u00e8me complet bas\u00e9 sur le cloud avec des applications de commande et de pr\u00e9paration de commandes mobiles con\u00e7ues pour des op\u00e9rations transparentes en d\u00e9placement. Ce logiciel innovant s'int\u00e8gre aux donn\u00e9es en nuage de Prime Station Gateway, am\u00e9liorant l'efficacit\u00e9 gr\u00e2ce aux informations de poids et de mesure incorpor\u00e9es.<\/p>\n<\/section>\n<section>\n<h3>Logiciel de gestion des stocks ERP<\/h3>\n<p>D\u00e9couvrez la commodit\u00e9 de la fonctionnalit\u00e9 CRM int\u00e9gr\u00e9e qui vous permet de cat\u00e9goriser les contacts de tiers, facilitant ainsi une gestion sup\u00e9rieure des relations avec les clients. L'automatisation du marketing, aliment\u00e9e par Mautic et synchronis\u00e9e avec la base de donn\u00e9es CRM, vous permet d'ex\u00e9cuter des campagnes efficaces d'envoi d'e-mails en masse et des campagnes d'interaction entre Mautic et WordPress.<\/p>\n<\/section>\n<section>\n<h3>Logiciel ERP bas\u00e9 sur des projets<\/h3>\n<p>Allez au-del\u00e0 des capacit\u00e9s traditionnelles de l'ERP avec notre logiciel ERP, qui offre un site web avec panier d'achat propuls\u00e9 par WordPress et WooCommerce. B\u00e9n\u00e9ficiez de bases de donn\u00e9es produits et CRM synchronis\u00e9es, permettant une synchronisation automatique des commandes entre l'ERP et WooCommerce. Int\u00e9gration transparente avec les places de march\u00e9 en ligne telles qu'Amazon, eBay, et plus encore.<\/p>\n<\/section>\n<section>\n<h3>Logiciel ERP pour le commerce \u00e9lectronique<\/h3>\n<p>Lib\u00e9rez le potentiel de la synchronisation automatique des produits (listings) entre l'ERP et les places de march\u00e9 en ligne, parmi une myriade d'autres fonctions adapt\u00e9es \u00e0 vos besoins sp\u00e9cifiques. Notre logiciel ERP est con\u00e7u pour \u00eatre flexible - supprimez les fonctions inutiles pour optimiser l'utilisation des ressources et am\u00e9liorer les performances globales du syst\u00e8me.<\/p>\n<\/section>\n<section>\n<h3>D\u00e9couvrez la diff\u00e9rence<\/h3>\n<p>D\u00e9couvrez la diff\u00e9rence que Prime Station ERP peut faire pour votre entreprise. Contactez-nous d\u00e8s aujourd'hui pour planifier une d\u00e9monstration et gagnez un avantage injuste sur vos concurrents gr\u00e2ce \u00e0 notre puissante solution tout-en-un - c'est garanti. Am\u00e9liorez votre entreprise gr\u00e2ce \u00e0 notre logiciel ERP et d\u00e9couvrez l'avenir des op\u00e9rations int\u00e9gr\u00e9es, efficaces et rationalis\u00e9es.<\/p>\n<\/section>\n<p>Voici quelques captures d'\u00e9cran :<\/p>\n<p><img fetchpriority=\"high\" decoding=\"async\" class=\"alignnone wp-image-1081\" src=\"https:\/\/bizautom.com\/wp-content\/uploads\/2023\/07\/Screenshot-from-2023-08-01-13-57-07-300x152.png\" alt=\"\" width=\"600\" height=\"304\" srcset=\"https:\/\/bizautom.com\/wp-content\/uploads\/2023\/07\/Screenshot-from-2023-08-01-13-57-07-300x152.png 300w, https:\/\/bizautom.com\/wp-content\/uploads\/2023\/07\/Screenshot-from-2023-08-01-13-57-07-1024x517.png 1024w, https:\/\/bizautom.com\/wp-content\/uploads\/2023\/07\/Screenshot-from-2023-08-01-13-57-07-768x388.png 768w, https:\/\/bizautom.com\/wp-content\/uploads\/2023\/07\/Screenshot-from-2023-08-01-13-57-07-600x303.png 600w, https:\/\/bizautom.com\/wp-content\/uploads\/2023\/07\/Screenshot-from-2023-08-01-13-57-07.png 1271w\" sizes=\"(max-width: 600px) 100vw, 600px\" \/><\/p>\n<p><img decoding=\"async\" class=\"alignnone wp-image-1082\" src=\"https:\/\/bizautom.com\/wp-content\/uploads\/2023\/07\/Screenshot-from-2023-08-01-13-57-23-300x150.png\" alt=\"\" width=\"600\" height=\"300\" srcset=\"https:\/\/bizautom.com\/wp-content\/uploads\/2023\/07\/Screenshot-from-2023-08-01-13-57-23-300x150.png 300w, https:\/\/bizautom.com\/wp-content\/uploads\/2023\/07\/Screenshot-from-2023-08-01-13-57-23-1024x512.png 1024w, https:\/\/bizautom.com\/wp-content\/uploads\/2023\/07\/Screenshot-from-2023-08-01-13-57-23-768x384.png 768w, https:\/\/bizautom.com\/wp-content\/uploads\/2023\/07\/Screenshot-from-2023-08-01-13-57-23-600x300.png 600w, https:\/\/bizautom.com\/wp-content\/uploads\/2023\/07\/Screenshot-from-2023-08-01-13-57-23.png 1267w\" sizes=\"(max-width: 600px) 100vw, 600px\" \/><\/p>\n<p><img decoding=\"async\" class=\"alignnone wp-image-1083\" src=\"https:\/\/bizautom.com\/wp-content\/uploads\/2023\/07\/Screenshot-from-2023-08-01-13-58-07-300x152.png\" alt=\"\" width=\"600\" height=\"304\" srcset=\"https:\/\/bizautom.com\/wp-content\/uploads\/2023\/07\/Screenshot-from-2023-08-01-13-58-07-300x152.png 300w, https:\/\/bizautom.com\/wp-content\/uploads\/2023\/07\/Screenshot-from-2023-08-01-13-58-07-1024x518.png 1024w, https:\/\/bizautom.com\/wp-content\/uploads\/2023\/07\/Screenshot-from-2023-08-01-13-58-07-768x388.png 768w, https:\/\/bizautom.com\/wp-content\/uploads\/2023\/07\/Screenshot-from-2023-08-01-13-58-07-600x303.png 600w, https:\/\/bizautom.com\/wp-content\/uploads\/2023\/07\/Screenshot-from-2023-08-01-13-58-07.png 1272w\" sizes=\"(max-width: 600px) 100vw, 600px\" \/><\/p>\n<p><img loading=\"lazy\" decoding=\"async\" class=\"alignnone wp-image-1084\" src=\"https:\/\/bizautom.com\/wp-content\/uploads\/2023\/07\/Screenshot-from-2023-08-01-14-01-47-300x144.png\" alt=\"\" width=\"600\" height=\"288\" srcset=\"https:\/\/bizautom.com\/wp-content\/uploads\/2023\/07\/Screenshot-from-2023-08-01-14-01-47-300x144.png 300w, https:\/\/bizautom.com\/wp-content\/uploads\/2023\/07\/Screenshot-from-2023-08-01-14-01-47-1024x491.png 1024w, https:\/\/bizautom.com\/wp-content\/uploads\/2023\/07\/Screenshot-from-2023-08-01-14-01-47-768x368.png 768w, https:\/\/bizautom.com\/wp-content\/uploads\/2023\/07\/Screenshot-from-2023-08-01-14-01-47-600x287.png 600w, https:\/\/bizautom.com\/wp-content\/uploads\/2023\/07\/Screenshot-from-2023-08-01-14-01-47.png 1267w\" sizes=\"(max-width: 600px) 100vw, 600px\" \/><\/p>\n<p>Une fois que vous avez soumis la demande, notre agent vous contactera pour l'installation.<\/p>","protected":false},"excerpt":{"rendered":"<p>Si vous exploitez actuellement une entreprise, il y a une raison imp\u00e9rieuse d'envisager l'utilisation d'une solution ERP compl\u00e8te qui int\u00e8gre diverses fonctions essentielles. C'est l\u00e0 que le logiciel Prime Station ERP entre en jeu. En consolidant l'ERP, la comptabilit\u00e9, le CRM, l'automatisation du marketing, l'int\u00e9gration du commerce \u00e9lectronique et l'int\u00e9gration des exp\u00e9ditions au sein d'une seule et m\u00eame plateforme, vous pouvez b\u00e9n\u00e9ficier de nombreux avantages pour vous et vos employ\u00e9s.<\/p>","protected":false},"featured_media":1027,"comment_status":"open","ping_status":"closed","template":"","meta":[],"product_brand":[62],"product_cat":[33],"product_tag":[63],"class_list":{"0":"post-1026","1":"product","2":"type-product","3":"status-publish","4":"has-post-thumbnail","6":"product_brand-prime-station","7":"product_cat-quality-softwares","8":"product_tag-erp","10":"first","11":"instock","12":"downloadable","13":"taxable","14":"shipping-taxable","15":"product-type-subscription"},"yoast_head":"<!-- This site is optimized with the Yoast SEO plugin v27.4 - https:\/\/yoast.com\/product\/yoast-seo-wordpress\/ -->\n<title>Prime Station ERP Software: Empowering Businesses | Bizautom<\/title>\n<meta name=\"description\" content=\"Revolutionize your business operations with Prime Station ERP software. Simplify complexities, improve accuracy, and drive success. Visit our website for more!\" \/>\n<meta name=\"robots\" content=\"index, follow, max-snippet:-1, max-image-preview:large, max-video-preview:-1\" \/>\n<link rel=\"canonical\" href=\"https:\/\/bizautom.com\/fr\/produit\/prime-station-erp-software\/\" \/>\n<meta property=\"og:locale\" content=\"fr_FR\" \/>\n<meta property=\"og:type\" content=\"article\" \/>\n<meta property=\"og:title\" content=\"Prime Station ERP Software: Empowering Businesses | Bizautom\" \/>\n<meta property=\"og:description\" content=\"Revolutionize your business operations with Prime Station ERP software. Simplify complexities, improve accuracy, and drive success. Visit our website for more!\" \/>\n<meta property=\"og:url\" content=\"https:\/\/bizautom.com\/fr\/produit\/prime-station-erp-software\/\" \/>\n<meta property=\"og:site_name\" content=\"BizAutom\" \/>\n<meta property=\"article:publisher\" content=\"https:\/\/www.facebook.com\/people\/TINGCHEN-BizAutom\/61565746662873\/\" \/>\n<meta property=\"article:modified_time\" content=\"2025-01-02T19:42:30+00:00\" \/>\n<meta property=\"og:image\" content=\"https:\/\/bizautom.com\/wp-content\/uploads\/2023\/07\/ERP.jpg\" \/>\n\t<meta property=\"og:image:width\" content=\"1827\" \/>\n\t<meta property=\"og:image:height\" content=\"1827\" \/>\n\t<meta property=\"og:image:type\" content=\"image\/jpeg\" \/>\n<meta name=\"twitter:card\" content=\"summary_large_image\" \/>\n<meta name=\"twitter:label1\" content=\"Dur\u00e9e de lecture estim\u00e9e\" \/>\n\t<meta name=\"twitter:data1\" content=\"3 minutes\" \/>\n<!-- \/ Yoast SEO plugin. -->","yoast_head_json":{"title":"Prime Station ERP Software: Empowering Businesses | Bizautom","description":"Revolutionize your business operations with Prime Station ERP software. Simplify complexities, improve accuracy, and drive success. Visit our website for more!","robots":{"index":"index","follow":"follow","max-snippet":"max-snippet:-1","max-image-preview":"max-image-preview:large","max-video-preview":"max-video-preview:-1"},"canonical":"https:\/\/bizautom.com\/fr\/produit\/prime-station-erp-software\/","og_locale":"fr_FR","og_type":"article","og_title":"Prime Station ERP Software: Empowering Businesses | Bizautom","og_description":"Revolutionize your business operations with Prime Station ERP software. Simplify complexities, improve accuracy, and drive success. Visit our website for more!","og_url":"https:\/\/bizautom.com\/fr\/produit\/prime-station-erp-software\/","og_site_name":"BizAutom","article_publisher":"https:\/\/www.facebook.com\/people\/TINGCHEN-BizAutom\/61565746662873\/","article_modified_time":"2025-01-02T19:42:30+00:00","og_image":[{"width":1827,"height":1827,"url":"https:\/\/bizautom.com\/wp-content\/uploads\/2023\/07\/ERP.jpg","type":"image\/jpeg"}],"twitter_card":"summary_large_image","twitter_misc":{"Dur\u00e9e de lecture estim\u00e9e":"3 minutes"},"schema":{"@context":"https:\/\/schema.org","@graph":[{"@type":"WebPage","@id":"https:\/\/bizautom.com\/product\/prime-station-erp-software\/","url":"https:\/\/bizautom.com\/product\/prime-station-erp-software\/","name":"Prime Station ERP Software: Empowering Businesses | Bizautom","isPartOf":{"@id":"https:\/\/bizautom.com\/#website"},"primaryImageOfPage":{"@id":"https:\/\/bizautom.com\/product\/prime-station-erp-software\/#primaryimage"},"image":{"@id":"https:\/\/bizautom.com\/product\/prime-station-erp-software\/#primaryimage"},"thumbnailUrl":"https:\/\/bizautom.com\/wp-content\/uploads\/2023\/07\/ERP.jpg","datePublished":"2023-07-20T04:07:55+00:00","dateModified":"2025-01-02T19:42:30+00:00","description":"Revolutionize your business operations with Prime Station ERP software. Simplify complexities, improve accuracy, and drive success. Visit our website for more!","breadcrumb":{"@id":"https:\/\/bizautom.com\/product\/prime-station-erp-software\/#breadcrumb"},"inLanguage":"fr-FR","potentialAction":[{"@type":"ReadAction","target":["https:\/\/bizautom.com\/product\/prime-station-erp-software\/"]}]},{"@type":"ImageObject","inLanguage":"fr-FR","@id":"https:\/\/bizautom.com\/product\/prime-station-erp-software\/#primaryimage","url":"https:\/\/bizautom.com\/wp-content\/uploads\/2023\/07\/ERP.jpg","contentUrl":"https:\/\/bizautom.com\/wp-content\/uploads\/2023\/07\/ERP.jpg","width":1827,"height":1827},{"@type":"BreadcrumbList","@id":"https:\/\/bizautom.com\/product\/prime-station-erp-software\/#breadcrumb","itemListElement":[{"@type":"ListItem","position":1,"name":"Home","item":"https:\/\/bizautom.com\/"},{"@type":"ListItem","position":2,"name":"Shop","item":"https:\/\/bizautom.com\/shop-2\/"},{"@type":"ListItem","position":3,"name":"Prime Station ERP Software"}]},{"@type":"WebSite","@id":"https:\/\/bizautom.com\/#website","url":"https:\/\/bizautom.com\/","name":"BizAutom","description":"Rapide. Pr\u00e9cis. Intelligent.","publisher":{"@id":"https:\/\/bizautom.com\/#organization"},"potentialAction":[{"@type":"SearchAction","target":{"@type":"EntryPoint","urlTemplate":"https:\/\/bizautom.com\/?s={search_term_string}"},"query-input":{"@type":"PropertyValueSpecification","valueRequired":true,"valueName":"search_term_string"}}],"inLanguage":"fr-FR"},{"@type":"Organization","@id":"https:\/\/bizautom.com\/#organization","name":"BizAutom","url":"https:\/\/bizautom.com\/","logo":{"@type":"ImageObject","inLanguage":"fr-FR","@id":"https:\/\/bizautom.com\/#\/schema\/logo\/image\/","url":"https:\/\/bizautom.com\/wp-content\/uploads\/2025\/04\/BizAutom_Logo_1.webp","contentUrl":"https:\/\/bizautom.com\/wp-content\/uploads\/2025\/04\/BizAutom_Logo_1.webp","width":455,"height":326,"caption":"BizAutom"},"image":{"@id":"https:\/\/bizautom.com\/#\/schema\/logo\/image\/"},"sameAs":["https:\/\/www.facebook.com\/people\/TINGCHEN-BizAutom\/61565746662873\/"]}]}},"jetpack-related-posts":[{"id":1045,"url":"https:\/\/bizautom.com\/fr\/produit\/prime-station-gateway-software-connect-store-distribute-machine-data-through-cloud-server\/","url_meta":{"origin":1026,"position":0},"title":"Logiciel Prime Station Gateway Connecter\/Stocker\/Distribuer les donn\u00e9es machine via un serveur cloud","author":"admin","date":"juillet 20, 2023","format":false,"excerpt":"Prime Station Gateway est la solution de choix pour le traitement automatis\u00e9 des donn\u00e9es et le stockage sur le cloud, transformant vos \u00e9quipements en machines g\u00e9n\u00e9ratrices de donn\u00e9es adapt\u00e9es aux besoins sp\u00e9cifiques de votre secteur d'activit\u00e9.","rel":"","context":"Article similaire","block_context":{"text":"Article similaire","link":""},"img":{"alt_text":"","src":"https:\/\/i0.wp.com\/bizautom.com\/wp-content\/uploads\/2023\/07\/GatewayScreenshot01.png?resize=350%2C200&ssl=1","width":350,"height":200,"srcset":"https:\/\/i0.wp.com\/bizautom.com\/wp-content\/uploads\/2023\/07\/GatewayScreenshot01.png?resize=350%2C200&ssl=1 1x, https:\/\/i0.wp.com\/bizautom.com\/wp-content\/uploads\/2023\/07\/GatewayScreenshot01.png?resize=525%2C300&ssl=1 1.5x, https:\/\/i0.wp.com\/bizautom.com\/wp-content\/uploads\/2023\/07\/GatewayScreenshot01.png?resize=700%2C400&ssl=1 2x"},"classes":[]},{"id":4337,"url":"https:\/\/bizautom.com\/fr\/produit\/bizautom-cubeweigh-dimensioner-and-scale-system\/","url_meta":{"origin":1026,"position":1},"title":"BizAutom BA-CBW Syst\u00e8me de dimensionnement et de pesage CubeWeigh","author":"admin","date":"juin 10, 2025","format":false,"excerpt":"Efficace. Pr\u00e9cis. Int\u00e9gr\u00e9.","rel":"","context":"Article similaire","block_context":{"text":"Article similaire","link":""},"img":{"alt_text":"","src":"https:\/\/i0.wp.com\/bizautom.com\/wp-content\/uploads\/2025\/06\/CubeWeigh.jpg?resize=350%2C200&ssl=1","width":350,"height":200,"srcset":"https:\/\/i0.wp.com\/bizautom.com\/wp-content\/uploads\/2025\/06\/CubeWeigh.jpg?resize=350%2C200&ssl=1 1x, https:\/\/i0.wp.com\/bizautom.com\/wp-content\/uploads\/2025\/06\/CubeWeigh.jpg?resize=525%2C300&ssl=1 1.5x, https:\/\/i0.wp.com\/bizautom.com\/wp-content\/uploads\/2025\/06\/CubeWeigh.jpg?resize=700%2C400&ssl=1 2x, https:\/\/i0.wp.com\/bizautom.com\/wp-content\/uploads\/2025\/06\/CubeWeigh.jpg?resize=1050%2C600&ssl=1 3x, https:\/\/i0.wp.com\/bizautom.com\/wp-content\/uploads\/2025\/06\/CubeWeigh.jpg?resize=1400%2C800&ssl=1 4x"},"classes":[]},{"id":1052,"url":"https:\/\/bizautom.com\/fr\/produit\/prime-station-ps-interface-bridge-software-connecting-rs232-devices-with-pc\/","url_meta":{"origin":1026,"position":2},"title":"Prime Station PS-INTERFACE Bridge Software Connexion de p\u00e9riph\u00e9riques RS232 avec un PC","author":"admin","date":"juillet 20, 2023","format":false,"excerpt":"Prime Interface Software combines intuitive design with extensive functionality, making it an indispensable tool for efficient weight management. From customizable display settings to flexible data storage and export options, this software is designed to streamline processes and maintain data accuracy across a variety of applications. Make Prime Station Interface Software\u2026","rel":"","context":"Article similaire","block_context":{"text":"Article similaire","link":""},"img":{"alt_text":"","src":"https:\/\/i0.wp.com\/bizautom.com\/wp-content\/uploads\/2023\/07\/PrimeInterface_main.jpg?resize=350%2C200&ssl=1","width":350,"height":200,"srcset":"https:\/\/i0.wp.com\/bizautom.com\/wp-content\/uploads\/2023\/07\/PrimeInterface_main.jpg?resize=350%2C200&ssl=1 1x, https:\/\/i0.wp.com\/bizautom.com\/wp-content\/uploads\/2023\/07\/PrimeInterface_main.jpg?resize=525%2C300&ssl=1 1.5x, https:\/\/i0.wp.com\/bizautom.com\/wp-content\/uploads\/2023\/07\/PrimeInterface_main.jpg?resize=700%2C400&ssl=1 2x, https:\/\/i0.wp.com\/bizautom.com\/wp-content\/uploads\/2023\/07\/PrimeInterface_main.jpg?resize=1050%2C600&ssl=1 3x"},"classes":[]},{"id":4160,"url":"https:\/\/bizautom.com\/fr\/produit\/prime-scales-pi-scale-wrap-and-weigh-in-one-seamless-step\/","url_meta":{"origin":1026,"position":3},"title":"Prime Scales PI Scale : Envelopper et peser en une seule \u00e9tape transparente","author":"admin","date":"avril 20, 2025","format":false,"excerpt":"\u00c9liminez les doubles manipulations, acc\u00e9l\u00e9rez votre flux de travail et r\u00e9duisez le temps d'op\u00e9ration jusqu'\u00e0 40% - le tout avec une simple mise \u00e0 niveau.","rel":"","context":"Article similaire","block_context":{"text":"Article similaire","link":""},"img":{"alt_text":"","src":"https:\/\/i0.wp.com\/bizautom.com\/wp-content\/uploads\/2025\/04\/PS-PiScale.jpg?resize=350%2C200&ssl=1","width":350,"height":200,"srcset":"https:\/\/i0.wp.com\/bizautom.com\/wp-content\/uploads\/2025\/04\/PS-PiScale.jpg?resize=350%2C200&ssl=1 1x, https:\/\/i0.wp.com\/bizautom.com\/wp-content\/uploads\/2025\/04\/PS-PiScale.jpg?resize=525%2C300&ssl=1 1.5x, https:\/\/i0.wp.com\/bizautom.com\/wp-content\/uploads\/2025\/04\/PS-PiScale.jpg?resize=700%2C400&ssl=1 2x, https:\/\/i0.wp.com\/bizautom.com\/wp-content\/uploads\/2025\/04\/PS-PiScale.jpg?resize=1050%2C600&ssl=1 3x"},"classes":[]},{"id":4345,"url":"https:\/\/bizautom.com\/fr\/produit\/bizautom-ba-dc130-dual-counting-scale-with-data-storage-and-software-integration\/","url_meta":{"origin":1026,"position":4},"title":"BizAutom BA-DC130 Balance de comptage double avec stockage des donn\u00e9es et int\u00e9gration logicielle","author":"admin","date":"juin 17, 2025","format":false,"excerpt":"The BizAutom BA-DC130 Dual Counting Scale is more than just a counting device\u2014it\u2019s a versatile, smart, and scalable system designed to simplify complex inventory and production tasks. Whether you're counting thousands of small components or managing heavy parts across large platforms, the BA-DC130 delivers the speed, accuracy, and connectivity modern\u2026","rel":"","context":"Article similaire","block_context":{"text":"Article similaire","link":""},"img":{"alt_text":"","src":"https:\/\/i0.wp.com\/bizautom.com\/wp-content\/uploads\/2025\/06\/DualCountScaleFloorScale.jpg?resize=350%2C200&ssl=1","width":350,"height":200,"srcset":"https:\/\/i0.wp.com\/bizautom.com\/wp-content\/uploads\/2025\/06\/DualCountScaleFloorScale.jpg?resize=350%2C200&ssl=1 1x, https:\/\/i0.wp.com\/bizautom.com\/wp-content\/uploads\/2025\/06\/DualCountScaleFloorScale.jpg?resize=525%2C300&ssl=1 1.5x, https:\/\/i0.wp.com\/bizautom.com\/wp-content\/uploads\/2025\/06\/DualCountScaleFloorScale.jpg?resize=700%2C400&ssl=1 2x, https:\/\/i0.wp.com\/bizautom.com\/wp-content\/uploads\/2025\/06\/DualCountScaleFloorScale.jpg?resize=1050%2C600&ssl=1 3x, https:\/\/i0.wp.com\/bizautom.com\/wp-content\/uploads\/2025\/06\/DualCountScaleFloorScale.jpg?resize=1400%2C800&ssl=1 4x"},"classes":[]},{"id":957,"url":"https:\/\/bizautom.com\/fr\/produit\/prime-scales-ps-in202-digital-indicator-with-rs232-signal-output\/","url_meta":{"origin":1026,"position":5},"title":"Prime Scales PS-IN202 Indicateur num\u00e9rique avec sortie de signal RS232","author":"admin","date":"juillet 18, 2023","format":false,"excerpt":"Que vous ayez besoin d'un indicateur de base ou que vous pr\u00e9voyiez de connecter votre balance au r\u00e9seau BizAutom \u00e0 l'avenir, le PS-IN202 est un choix id\u00e9al.","rel":"","context":"Article similaire","block_context":{"text":"Article similaire","link":""},"img":{"alt_text":"","src":"https:\/\/i0.wp.com\/bizautom.com\/wp-content\/uploads\/2023\/07\/PS-IN202.jpg?resize=350%2C200&ssl=1","width":350,"height":200,"srcset":"https:\/\/i0.wp.com\/bizautom.com\/wp-content\/uploads\/2023\/07\/PS-IN202.jpg?resize=350%2C200&ssl=1 1x, https:\/\/i0.wp.com\/bizautom.com\/wp-content\/uploads\/2023\/07\/PS-IN202.jpg?resize=525%2C300&ssl=1 1.5x, https:\/\/i0.wp.com\/bizautom.com\/wp-content\/uploads\/2023\/07\/PS-IN202.jpg?resize=700%2C400&ssl=1 2x"},"classes":[]}],"jetpack_sharing_enabled":true,"_links":{"self":[{"href":"https:\/\/bizautom.com\/fr\/wp-json\/wp\/v2\/product\/1026","targetHints":{"allow":["GET"]}}],"collection":[{"href":"https:\/\/bizautom.com\/fr\/wp-json\/wp\/v2\/product"}],"about":[{"href":"https:\/\/bizautom.com\/fr\/wp-json\/wp\/v2\/types\/product"}],"replies":[{"embeddable":true,"href":"https:\/\/bizautom.com\/fr\/wp-json\/wp\/v2\/comments?post=1026"}],"version-history":[{"count":1,"href":"https:\/\/bizautom.com\/fr\/wp-json\/wp\/v2\/product\/1026\/revisions"}],"predecessor-version":[{"id":1085,"href":"https:\/\/bizautom.com\/fr\/wp-json\/wp\/v2\/product\/1026\/revisions\/1085"}],"wp:featuredmedia":[{"embeddable":true,"href":"https:\/\/bizautom.com\/fr\/wp-json\/wp\/v2\/media\/1027"}],"wp:attachment":[{"href":"https:\/\/bizautom.com\/fr\/wp-json\/wp\/v2\/media?parent=1026"}],"wp:term":[{"taxonomy":"product_brand","embeddable":true,"href":"https:\/\/bizautom.com\/fr\/wp-json\/wp\/v2\/product_brand?post=1026"},{"taxonomy":"product_cat","embeddable":true,"href":"https:\/\/bizautom.com\/fr\/wp-json\/wp\/v2\/product_cat?post=1026"},{"taxonomy":"product_tag","embeddable":true,"href":"https:\/\/bizautom.com\/fr\/wp-json\/wp\/v2\/product_tag?post=1026"}],"curies":[{"name":"wp","href":"https:\/\/api.w.org\/{rel}","templated":true}]}}