{"id":1045,"date":"2023-07-20T17:35:12","date_gmt":"2023-07-20T17:35:12","guid":{"rendered":"https:\/\/bizautom.com\/?post_type=product&#038;p=1045"},"modified":"2024-10-27T08:50:49","modified_gmt":"2024-10-27T12:50:49","slug":"prime-station-gateway-software-connect-store-distribute-machine-data-through-cloud-server","status":"publish","type":"product","link":"https:\/\/bizautom.com\/fr\/produit\/prime-station-gateway-software-connect-store-distribute-machine-data-through-cloud-server\/","title":{"rendered":"Logiciel Prime Station Gateway Connecter\/Stocker\/Distribuer les donn\u00e9es machine via un serveur cloud"},"content":{"rendered":"<p>Le <strong>Passerelle Prime Station<\/strong> est un logiciel transformateur con\u00e7u pour moderniser la collecte de donn\u00e9es, en rationalisant le processus depuis l'entr\u00e9e des donn\u00e9es de la machine jusqu'au stockage s\u00e9curis\u00e9 dans le nuage. Id\u00e9al pour les entreprises de toutes tailles, Prime Station Gateway supprime l'enregistrement manuel des donn\u00e9es en capturant automatiquement les mesures et en les stockant sur un serveur cloud. Cette solution permet un acc\u00e8s, une pr\u00e9cision et un partage des donn\u00e9es sans effort, ce qui la rend inestimable pour des secteurs tels que l'agriculture, la sant\u00e9, la fabrication et la logistique.<\/p>\n<p>Prime Station Gateway est adaptable et convivial, avec des options permettant de personnaliser les variables en fonction des besoins sp\u00e9cifiques de l'entreprise. Qu'il s'agisse de suivre le poids du b\u00e9tail dans une ferme, les donn\u00e9es des patients dans le secteur de la sant\u00e9 ou les mesures d'inventaire dans un entrep\u00f4t, ce logiciel garantit que les donn\u00e9es sont stock\u00e9es de mani\u00e8re s\u00fbre et pratique. Voici un aper\u00e7u des caract\u00e9ristiques robustes qui font de Prime Station Gateway un atout essentiel pour les industries ax\u00e9es sur les donn\u00e9es.<\/p>\n<h3>Principales caract\u00e9ristiques et avantages<\/h3>\n<ul>\n<li><strong>Int\u00e9gration transparente des machines<\/strong><br \/>\nConnectez-le directement \u00e0 votre \u00e9quipement \u00e0 l'aide de ports USB, ce qui permet le transfert automatique des donn\u00e9es sans qu'il soit n\u00e9cessaire de les saisir manuellement. Cela permet d'\u00e9liminer les erreurs et de rationaliser l'acquisition des donn\u00e9es, ce qui en fait un outil id\u00e9al pour les environnements de haute pr\u00e9cision.<\/li>\n<li><strong>Variables de donn\u00e9es personnalisables<\/strong><br \/>\nD\u00e9finissez vos propres variables, telles que l'ID de la commande, l'ID de la palette\/du carton, l'ID du produit\/du b\u00e9tail, le nom du patient, etc. Personnalisez les champs de donn\u00e9es pour r\u00e9pondre aux exigences sp\u00e9cifiques de l'industrie, offrant ainsi une flexibilit\u00e9 pour les applications dans des domaines tels que l'agriculture, les soins de sant\u00e9 et la logistique.<\/li>\n<li><strong>Affichage des donn\u00e9es en temps r\u00e9el<\/strong><br \/>\nSurveillez toutes les donn\u00e9es en direct sur une seule page, ce qui facilite la supervision des op\u00e9rations et permet d'obtenir des informations instantan\u00e9es sur vos mesures. Cette fonction simplifie la prise de d\u00e9cision en temps r\u00e9el et am\u00e9liore la visibilit\u00e9 des op\u00e9rations.<\/li>\n<li><strong>T\u00e9l\u00e9chargement de donn\u00e9es dans le nuage<\/strong><br \/>\nT\u00e9l\u00e9chargez les donn\u00e9es directement vers un syst\u00e8me ERP bas\u00e9 sur le cloud ou vers un serveur s\u00e9curis\u00e9 en un seul clic, ce qui permet un acc\u00e8s \u00e0 distance et une gestion centralis\u00e9e des donn\u00e9es. En stockant les donn\u00e9es sur le cloud, les utilisateurs peuvent conserver une sauvegarde s\u00e9curis\u00e9e et simplifier le partage des donn\u00e9es entre les \u00e9quipes.<\/li>\n<li><strong>\u00c9dition et visualisation flexibles des donn\u00e9es<\/strong><br \/>\nAcc\u00e9der aux donn\u00e9es stock\u00e9es et les modifier directement sur le serveur en nuage, ce qui garantit l'exactitude et la flexibilit\u00e9 des donn\u00e9es. Modifiez les informations en fonction de vos besoins, ce qui facilite la tenue d'archives \u00e0 jour sans d\u00e9pendre du stockage physique des donn\u00e9es.<\/li>\n<li><strong>G\u00e9n\u00e9ration d'\u00e9tiquettes de mesure<\/strong><br \/>\nG\u00e9n\u00e9rer des \u00e9tiquettes de donn\u00e9es de mesure individuelles pour faciliter l'\u00e9tiquetage, am\u00e9liorer l'organisation et la tra\u00e7abilit\u00e9. Cette fonction est particuli\u00e8rement utile dans les industries qui exigent un \u00e9tiquetage \u00e0 des fins d'inventaire ou de conformit\u00e9.<\/li>\n<li><strong>Impression de rapports complets<\/strong><br \/>\nImprimez des rapports de mesure d\u00e9taill\u00e9s sur du papier standard pour obtenir une vue d'ensemble des tendances et des informations sur les donn\u00e9es. Cette fonction permet de r\u00e9aliser des analyses approfondies et de conserver des enregistrements \u00e0 des fins d'audit ou de conformit\u00e9.<\/li>\n<li><strong>Assistance illimit\u00e9e aux utilisateurs<\/strong><br \/>\nPartagez des donn\u00e9es de mani\u00e8re transparente entre un nombre illimit\u00e9 d'utilisateurs, en am\u00e9liorant la collaboration et en veillant \u00e0 ce que tous les membres de l'\u00e9quipe aient acc\u00e8s \u00e0 des informations pr\u00e9cises et actualis\u00e9es. Id\u00e9al pour les entreprises dont les \u00e9quipes sont r\u00e9parties ou qui disposent de plusieurs d\u00e9partements.<\/li>\n<\/ul>\n<h3>Applications et cas d'utilisation<\/h3>\n<ul>\n<li><strong>Agriculture<\/strong><br \/>\nSuivez le poids du b\u00e9tail en d\u00e9finissant des identifiants pour chaque animal, ce qui permet aux agriculteurs de surveiller la sant\u00e9 et la croissance en temps r\u00e9el. Les donn\u00e9es sont stock\u00e9es instantan\u00e9ment sur le cloud, ce qui permet d'y acc\u00e9der facilement et d'\u00e9viter les pertes de donn\u00e9es.<\/li>\n<li><strong>Soins de sant\u00e9<\/strong><br \/>\nG\u00e9rez les donn\u00e9es des patients en leur attribuant des identifiants uniques tels que le nom ou l'ID du patient, ce qui permet une gestion efficace des dossiers des patients et un stockage dans le nuage pour les ant\u00e9c\u00e9dents m\u00e9dicaux et le suivi.<\/li>\n<li><strong>Fabrication et logistique<\/strong><br \/>\nContr\u00f4lez le poids des produits ou des colis, les num\u00e9ros d'identification des bo\u00eetes et les d\u00e9tails de l'exp\u00e9dition, le tout stock\u00e9 en toute s\u00e9curit\u00e9 et disponible pour consultation, ce qui facilite le bon d\u00e9roulement des op\u00e9rations et la gestion pr\u00e9cise des stocks.<\/li>\n<\/ul>","protected":false},"excerpt":{"rendered":"<p>Prime Station Gateway est la solution de choix pour le traitement automatis\u00e9 des donn\u00e9es et le stockage sur le cloud, transformant vos \u00e9quipements en machines g\u00e9n\u00e9ratrices de donn\u00e9es adapt\u00e9es aux besoins sp\u00e9cifiques de votre secteur d'activit\u00e9.<\/p>","protected":false},"featured_media":1048,"comment_status":"open","ping_status":"closed","template":"","meta":[],"product_brand":[62],"product_cat":[33],"product_tag":[64],"class_list":{"0":"post-1045","1":"product","2":"type-product","3":"status-publish","4":"has-post-thumbnail","6":"product_brand-prime-station","7":"product_cat-quality-softwares","8":"product_tag-prime-station-gateway","10":"first","11":"instock","12":"downloadable","13":"purchasable","14":"product-type-simple"},"yoast_head":"<!-- This site is optimized with the Yoast SEO plugin v27.3 - https:\/\/yoast.com\/product\/yoast-seo-wordpress\/ -->\n<title>PS Gateway Software Manage Machine Data Through Cloud Server<\/title>\n<meta name=\"description\" content=\"PS Gateway, a crucial software designed to streamline a simple yet vital task, collecting data from your machines &amp; securely storing it in a cloud server. Call us!\" \/>\n<meta name=\"robots\" content=\"index, follow, max-snippet:-1, max-image-preview:large, max-video-preview:-1\" \/>\n<link rel=\"canonical\" href=\"https:\/\/bizautom.com\/fr\/producto\/prime-station-gateway-software-connect-store-distribute-machine-data-through-cloud-server\/\" \/>\n<meta property=\"og:locale\" content=\"fr_FR\" \/>\n<meta property=\"og:type\" content=\"article\" \/>\n<meta property=\"og:title\" content=\"PS Gateway Software Manage Machine Data Through Cloud Server\" \/>\n<meta property=\"og:description\" content=\"PS Gateway, a crucial software designed to streamline a simple yet vital task, collecting data from your machines &amp; securely storing it in a cloud server. Call us!\" \/>\n<meta property=\"og:url\" content=\"https:\/\/bizautom.com\/fr\/producto\/prime-station-gateway-software-connect-store-distribute-machine-data-through-cloud-server\/\" \/>\n<meta property=\"og:site_name\" content=\"BizAutom\" \/>\n<meta property=\"article:publisher\" content=\"https:\/\/www.facebook.com\/people\/TINGCHEN-BizAutom\/61565746662873\/\" \/>\n<meta property=\"article:modified_time\" content=\"2024-10-27T12:50:49+00:00\" \/>\n<meta property=\"og:image\" content=\"https:\/\/bizautom.com\/wp-content\/uploads\/2023\/07\/GatewayScreenshot01.png\" \/>\n\t<meta property=\"og:image:width\" content=\"980\" \/>\n\t<meta property=\"og:image:height\" content=\"507\" \/>\n\t<meta property=\"og:image:type\" content=\"image\/png\" \/>\n<meta name=\"twitter:card\" content=\"summary_large_image\" \/>\n<meta name=\"twitter:label1\" content=\"Dur\u00e9e de lecture estim\u00e9e\" \/>\n\t<meta name=\"twitter:data1\" content=\"3 minutes\" \/>\n<!-- \/ Yoast SEO plugin. -->","yoast_head_json":{"title":"PS Gateway Software Manage Machine Data Through Cloud Server","description":"PS Gateway, a crucial software designed to streamline a simple yet vital task, collecting data from your machines & securely storing it in a cloud server. Call us!","robots":{"index":"index","follow":"follow","max-snippet":"max-snippet:-1","max-image-preview":"max-image-preview:large","max-video-preview":"max-video-preview:-1"},"canonical":"https:\/\/bizautom.com\/fr\/producto\/prime-station-gateway-software-connect-store-distribute-machine-data-through-cloud-server\/","og_locale":"fr_FR","og_type":"article","og_title":"PS Gateway Software Manage Machine Data Through Cloud Server","og_description":"PS Gateway, a crucial software designed to streamline a simple yet vital task, collecting data from your machines & securely storing it in a cloud server. Call us!","og_url":"https:\/\/bizautom.com\/fr\/producto\/prime-station-gateway-software-connect-store-distribute-machine-data-through-cloud-server\/","og_site_name":"BizAutom","article_publisher":"https:\/\/www.facebook.com\/people\/TINGCHEN-BizAutom\/61565746662873\/","article_modified_time":"2024-10-27T12:50:49+00:00","og_image":[{"width":980,"height":507,"url":"https:\/\/bizautom.com\/wp-content\/uploads\/2023\/07\/GatewayScreenshot01.png","type":"image\/png"}],"twitter_card":"summary_large_image","twitter_misc":{"Dur\u00e9e de lecture estim\u00e9e":"3 minutes"},"schema":{"@context":"https:\/\/schema.org","@graph":[{"@type":"WebPage","@id":"https:\/\/bizautom.com\/es\/producto\/prime-station-gateway-software-connect-store-distribute-machine-data-through-cloud-server\/","url":"https:\/\/bizautom.com\/es\/producto\/prime-station-gateway-software-connect-store-distribute-machine-data-through-cloud-server\/","name":"PS Gateway Software Manage Machine Data Through Cloud Server","isPartOf":{"@id":"https:\/\/bizautom.com\/#website"},"primaryImageOfPage":{"@id":"https:\/\/bizautom.com\/es\/producto\/prime-station-gateway-software-connect-store-distribute-machine-data-through-cloud-server\/#primaryimage"},"image":{"@id":"https:\/\/bizautom.com\/es\/producto\/prime-station-gateway-software-connect-store-distribute-machine-data-through-cloud-server\/#primaryimage"},"thumbnailUrl":"https:\/\/bizautom.com\/wp-content\/uploads\/2023\/07\/GatewayScreenshot01.png","datePublished":"2023-07-20T17:35:12+00:00","dateModified":"2024-10-27T12:50:49+00:00","description":"PS Gateway, a crucial software designed to streamline a simple yet vital task, collecting data from your machines & securely storing it in a cloud server. Call us!","breadcrumb":{"@id":"https:\/\/bizautom.com\/es\/producto\/prime-station-gateway-software-connect-store-distribute-machine-data-through-cloud-server\/#breadcrumb"},"inLanguage":"fr-FR","potentialAction":[{"@type":"ReadAction","target":["https:\/\/bizautom.com\/es\/producto\/prime-station-gateway-software-connect-store-distribute-machine-data-through-cloud-server\/"]}]},{"@type":"ImageObject","inLanguage":"fr-FR","@id":"https:\/\/bizautom.com\/es\/producto\/prime-station-gateway-software-connect-store-distribute-machine-data-through-cloud-server\/#primaryimage","url":"https:\/\/bizautom.com\/wp-content\/uploads\/2023\/07\/GatewayScreenshot01.png","contentUrl":"https:\/\/bizautom.com\/wp-content\/uploads\/2023\/07\/GatewayScreenshot01.png","width":980,"height":507},{"@type":"BreadcrumbList","@id":"https:\/\/bizautom.com\/es\/producto\/prime-station-gateway-software-connect-store-distribute-machine-data-through-cloud-server\/#breadcrumb","itemListElement":[{"@type":"ListItem","position":1,"name":"Home","item":"https:\/\/bizautom.com\/"},{"@type":"ListItem","position":2,"name":"Shop","item":"https:\/\/bizautom.com\/shop-2\/"},{"@type":"ListItem","position":3,"name":"Prime Station Gateway Software Connect\/Store\/Distribute Machine Data Through Cloud Server"}]},{"@type":"WebSite","@id":"https:\/\/bizautom.com\/#website","url":"https:\/\/bizautom.com\/","name":"BizAutom","description":"Rapide. Pr\u00e9cis. Intelligent.","publisher":{"@id":"https:\/\/bizautom.com\/#organization"},"potentialAction":[{"@type":"SearchAction","target":{"@type":"EntryPoint","urlTemplate":"https:\/\/bizautom.com\/?s={search_term_string}"},"query-input":{"@type":"PropertyValueSpecification","valueRequired":true,"valueName":"search_term_string"}}],"inLanguage":"fr-FR"},{"@type":"Organization","@id":"https:\/\/bizautom.com\/#organization","name":"BizAutom","url":"https:\/\/bizautom.com\/","logo":{"@type":"ImageObject","inLanguage":"fr-FR","@id":"https:\/\/bizautom.com\/#\/schema\/logo\/image\/","url":"https:\/\/bizautom.com\/wp-content\/uploads\/2025\/04\/BizAutom_Logo_1.webp","contentUrl":"https:\/\/bizautom.com\/wp-content\/uploads\/2025\/04\/BizAutom_Logo_1.webp","width":455,"height":326,"caption":"BizAutom"},"image":{"@id":"https:\/\/bizautom.com\/#\/schema\/logo\/image\/"},"sameAs":["https:\/\/www.facebook.com\/people\/TINGCHEN-BizAutom\/61565746662873\/"]}]}},"jetpack-related-posts":[{"id":1026,"url":"https:\/\/bizautom.com\/fr\/produit\/prime-station-erp-software\/","url_meta":{"origin":1045,"position":0},"title":"Logiciel Prime Station ERP","author":"admin","date":"juillet 20, 2023","format":false,"excerpt":"If you're currently operating a business, there's a compelling reason to consider using a comprehensive ERP solution that incorporates various essential functions. That's where Prime Station ERP Software comes in. By consolidating ERP, Bookkeeping, CRM, Marketing Automation, e-commerce integration, and shipping integration into a single platform, you can unlock numerous\u2026","rel":"","context":"Article similaire","block_context":{"text":"Article similaire","link":""},"img":{"alt_text":"","src":"https:\/\/i0.wp.com\/bizautom.com\/wp-content\/uploads\/2023\/07\/ERP.jpg?resize=350%2C200&ssl=1","width":350,"height":200,"srcset":"https:\/\/i0.wp.com\/bizautom.com\/wp-content\/uploads\/2023\/07\/ERP.jpg?resize=350%2C200&ssl=1 1x, https:\/\/i0.wp.com\/bizautom.com\/wp-content\/uploads\/2023\/07\/ERP.jpg?resize=525%2C300&ssl=1 1.5x, https:\/\/i0.wp.com\/bizautom.com\/wp-content\/uploads\/2023\/07\/ERP.jpg?resize=700%2C400&ssl=1 2x, https:\/\/i0.wp.com\/bizautom.com\/wp-content\/uploads\/2023\/07\/ERP.jpg?resize=1050%2C600&ssl=1 3x, https:\/\/i0.wp.com\/bizautom.com\/wp-content\/uploads\/2023\/07\/ERP.jpg?resize=1400%2C800&ssl=1 4x"},"classes":[]},{"id":1052,"url":"https:\/\/bizautom.com\/fr\/produit\/prime-station-ps-interface-bridge-software-connecting-rs232-devices-with-pc\/","url_meta":{"origin":1045,"position":1},"title":"Prime Station PS-INTERFACE Bridge Software Connexion de p\u00e9riph\u00e9riques RS232 avec un PC","author":"admin","date":"juillet 20, 2023","format":false,"excerpt":"Prime Interface Software combines intuitive design with extensive functionality, making it an indispensable tool for efficient weight management. From customizable display settings to flexible data storage and export options, this software is designed to streamline processes and maintain data accuracy across a variety of applications. Make Prime Station Interface Software\u2026","rel":"","context":"Article similaire","block_context":{"text":"Article similaire","link":""},"img":{"alt_text":"","src":"https:\/\/i0.wp.com\/bizautom.com\/wp-content\/uploads\/2023\/07\/PrimeInterface_main.jpg?resize=350%2C200&ssl=1","width":350,"height":200,"srcset":"https:\/\/i0.wp.com\/bizautom.com\/wp-content\/uploads\/2023\/07\/PrimeInterface_main.jpg?resize=350%2C200&ssl=1 1x, https:\/\/i0.wp.com\/bizautom.com\/wp-content\/uploads\/2023\/07\/PrimeInterface_main.jpg?resize=525%2C300&ssl=1 1.5x, https:\/\/i0.wp.com\/bizautom.com\/wp-content\/uploads\/2023\/07\/PrimeInterface_main.jpg?resize=700%2C400&ssl=1 2x, https:\/\/i0.wp.com\/bizautom.com\/wp-content\/uploads\/2023\/07\/PrimeInterface_main.jpg?resize=1050%2C600&ssl=1 3x"},"classes":[]},{"id":2894,"url":"https:\/\/bizautom.com\/fr\/produit\/fulinks-data-gateway-flxc-100\/","url_meta":{"origin":1045,"position":2},"title":"PASSERELLE DE DONN\u00c9ES (FLXC-100)","author":"Hitesh Sonwane","date":"mars 26, 2025","format":false,"excerpt":"Responsable de l'acc\u00e8s \u00e0 la plate-forme Internet en nuage.","rel":"","context":"Article similaire","block_context":{"text":"Article similaire","link":""},"img":{"alt_text":"","src":"https:\/\/i0.wp.com\/bizautom.com\/wp-content\/uploads\/2025\/03\/gtw.png?resize=350%2C200&ssl=1","width":350,"height":200},"classes":[]},{"id":957,"url":"https:\/\/bizautom.com\/fr\/produit\/prime-scales-ps-in202-digital-indicator-with-rs232-signal-output\/","url_meta":{"origin":1045,"position":3},"title":"Prime Scales PS-IN202 Indicateur num\u00e9rique avec sortie de signal RS232","author":"admin","date":"juillet 18, 2023","format":false,"excerpt":"Que vous ayez besoin d'un indicateur de base ou que vous pr\u00e9voyiez de connecter votre balance au r\u00e9seau BizAutom \u00e0 l'avenir, le PS-IN202 est un choix id\u00e9al.","rel":"","context":"Article similaire","block_context":{"text":"Article similaire","link":""},"img":{"alt_text":"","src":"https:\/\/i0.wp.com\/bizautom.com\/wp-content\/uploads\/2023\/07\/PS-IN202.jpg?resize=350%2C200&ssl=1","width":350,"height":200,"srcset":"https:\/\/i0.wp.com\/bizautom.com\/wp-content\/uploads\/2023\/07\/PS-IN202.jpg?resize=350%2C200&ssl=1 1x, https:\/\/i0.wp.com\/bizautom.com\/wp-content\/uploads\/2023\/07\/PS-IN202.jpg?resize=525%2C300&ssl=1 1.5x, https:\/\/i0.wp.com\/bizautom.com\/wp-content\/uploads\/2023\/07\/PS-IN202.jpg?resize=700%2C400&ssl=1 2x"},"classes":[]},{"id":2892,"url":"https:\/\/bizautom.com\/fr\/produit\/fulinks-collector-flcc-100\/","url_meta":{"origin":1045,"position":4},"title":"COLLECTEUR (FLCC-100)","author":"Hitesh Sonwane","date":"mars 26, 2025","format":false,"excerpt":"Utilis\u00e9 pour collecter les signaux de donn\u00e9es des capteurs et les t\u00e9l\u00e9charger.","rel":"","context":"Article similaire","block_context":{"text":"Article similaire","link":""},"img":{"alt_text":"","src":"https:\/\/i0.wp.com\/bizautom.com\/wp-content\/uploads\/2025\/03\/cc.png?resize=350%2C200&ssl=1","width":350,"height":200},"classes":[]},{"id":1472,"url":"https:\/\/bizautom.com\/fr\/produit\/bizautom-pc-1-pc-based-controller-weight-indicator-combo\/","url_meta":{"origin":1045,"position":5},"title":"BizAutom PC-1 Combin\u00e9 contr\u00f4leur\/indicateur de poids sur PC","author":"admin","date":"juillet 14, 2024","format":false,"excerpt":"Voici le contr\u00f4leur BizAutom Mainstream, con\u00e7u pour r\u00e9pondre aux besoins d'un large \u00e9ventail de projets gr\u00e2ce \u00e0 ses fonctionnalit\u00e9s robustes et \u00e0 sa polyvalence.","rel":"","context":"Article similaire","block_context":{"text":"Article similaire","link":""},"img":{"alt_text":"","src":"https:\/\/i0.wp.com\/bizautom.com\/wp-content\/uploads\/2024\/07\/PC-1-scaled.jpg?resize=350%2C200&ssl=1","width":350,"height":200,"srcset":"https:\/\/i0.wp.com\/bizautom.com\/wp-content\/uploads\/2024\/07\/PC-1-scaled.jpg?resize=350%2C200&ssl=1 1x, https:\/\/i0.wp.com\/bizautom.com\/wp-content\/uploads\/2024\/07\/PC-1-scaled.jpg?resize=525%2C300&ssl=1 1.5x, https:\/\/i0.wp.com\/bizautom.com\/wp-content\/uploads\/2024\/07\/PC-1-scaled.jpg?resize=700%2C400&ssl=1 2x, https:\/\/i0.wp.com\/bizautom.com\/wp-content\/uploads\/2024\/07\/PC-1-scaled.jpg?resize=1050%2C600&ssl=1 3x, https:\/\/i0.wp.com\/bizautom.com\/wp-content\/uploads\/2024\/07\/PC-1-scaled.jpg?resize=1400%2C800&ssl=1 4x"},"classes":[]}],"jetpack_sharing_enabled":true,"_links":{"self":[{"href":"https:\/\/bizautom.com\/fr\/wp-json\/wp\/v2\/product\/1045","targetHints":{"allow":["GET"]}}],"collection":[{"href":"https:\/\/bizautom.com\/fr\/wp-json\/wp\/v2\/product"}],"about":[{"href":"https:\/\/bizautom.com\/fr\/wp-json\/wp\/v2\/types\/product"}],"replies":[{"embeddable":true,"href":"https:\/\/bizautom.com\/fr\/wp-json\/wp\/v2\/comments?post=1045"}],"version-history":[{"count":1,"href":"https:\/\/bizautom.com\/fr\/wp-json\/wp\/v2\/product\/1045\/revisions"}],"predecessor-version":[{"id":1640,"href":"https:\/\/bizautom.com\/fr\/wp-json\/wp\/v2\/product\/1045\/revisions\/1640"}],"wp:featuredmedia":[{"embeddable":true,"href":"https:\/\/bizautom.com\/fr\/wp-json\/wp\/v2\/media\/1048"}],"wp:attachment":[{"href":"https:\/\/bizautom.com\/fr\/wp-json\/wp\/v2\/media?parent=1045"}],"wp:term":[{"taxonomy":"product_brand","embeddable":true,"href":"https:\/\/bizautom.com\/fr\/wp-json\/wp\/v2\/product_brand?post=1045"},{"taxonomy":"product_cat","embeddable":true,"href":"https:\/\/bizautom.com\/fr\/wp-json\/wp\/v2\/product_cat?post=1045"},{"taxonomy":"product_tag","embeddable":true,"href":"https:\/\/bizautom.com\/fr\/wp-json\/wp\/v2\/product_tag?post=1045"}],"curies":[{"name":"wp","href":"https:\/\/api.w.org\/{rel}","templated":true}]}}