{"id":1052,"date":"2023-07-20T18:01:16","date_gmt":"2023-07-20T18:01:16","guid":{"rendered":"https:\/\/bizautom.com\/?post_type=product&#038;p=1052"},"modified":"2024-10-27T08:47:47","modified_gmt":"2024-10-27T12:47:47","slug":"prime-station-ps-interface-bridge-software-connecting-rs232-devices-with-pc","status":"publish","type":"product","link":"https:\/\/bizautom.com\/fr\/produit\/prime-station-ps-interface-bridge-software-connecting-rs232-devices-with-pc\/","title":{"rendered":"Prime Station PS-INTERFACE Bridge Software Connexion de p\u00e9riph\u00e9riques RS232 avec un PC"},"content":{"rendered":"<p>Le <strong>Logiciel d'interface Prime Station<\/strong> est un outil avanc\u00e9 et convivial con\u00e7u pour relier votre Smart Scale \u00e0 diverses applications, offrant une gestion transparente des donn\u00e9es et un suivi efficace. Con\u00e7u pour la pr\u00e9cision et la commodit\u00e9, ce logiciel est essentiel pour ceux qui ont besoin d'une solution puissante et personnalisable pour visualiser, enregistrer et g\u00e9rer les lectures de poids sans effort. Le logiciel d'interface Prime Station am\u00e9liore le flux de travail et optimise le traitement des donn\u00e9es, ce qui en fait le choix id\u00e9al pour les secteurs tels que la fabrication, l'entreposage et les laboratoires, o\u00f9 un contr\u00f4le pr\u00e9cis du poids est crucial.<\/p>\n<p>Dot\u00e9 d'un ensemble de fonctions con\u00e7ues pour am\u00e9liorer l'exp\u00e9rience de l'utilisateur, le logiciel d'interface Prime Station offre tout ce dont vous avez besoin pour une gestion compl\u00e8te des donn\u00e9es, depuis les options d'affichage en temps r\u00e9el jusqu'\u00e0 la sauvegarde ais\u00e9e des donn\u00e9es. Ce logiciel est con\u00e7u pour que vous ayez toujours le contr\u00f4le de vos donn\u00e9es de poids, en permettant un acc\u00e8s rapide et un stockage s\u00e9curis\u00e9.<\/p>\n<h3>Principales caract\u00e9ristiques et avantages<\/h3>\n<ul>\n<li><strong>Affichage du poids en temps r\u00e9el<\/strong><br \/>\nLes mesures de poids de votre Smart Scale s'affichent directement sur l'\u00e9cran de votre ordinateur, fournissant un affichage pr\u00e9cis et imm\u00e9diat des donn\u00e9es qui vous permet de surveiller les changements et d'y r\u00e9pondre en temps r\u00e9el.<\/li>\n<li><strong>Options d'affichage personnalisables<\/strong><br \/>\nAjustez le style et la taille des polices en fonction de vos besoins, en cr\u00e9ant une interface qui maximise la lisibilit\u00e9 et le confort de l'utilisateur, ce qui est particuli\u00e8rement utile dans les environnements \u00e0 forte activit\u00e9 ou lors de longues sessions de surveillance.<\/li>\n<li><strong>Fen\u00eatre d'enregistrement en temps r\u00e9el<\/strong><br \/>\nChoisissez d'activer la fen\u00eatre de journal en temps r\u00e9el pour suivre les changements de poids de mani\u00e8re compl\u00e8te, en am\u00e9liorant la transparence et en offrant une vue d'ensemble d\u00e9taill\u00e9e de l'activit\u00e9 pour une analyse approfondie.<\/li>\n<li><strong>Stockage flexible des donn\u00e9es au format CSV<\/strong><br \/>\nVous avez le choix entre des options de stockage manuel ou automatique des donn\u00e9es, toutes les donn\u00e9es \u00e9tant sauvegard\u00e9es dans des fichiers CSV faciles d'acc\u00e8s. Cela permet d'importer facilement les donn\u00e9es dans des outils d'analyse ou des feuilles de calcul en vue d'un traitement ult\u00e9rieur.<\/li>\n<li><strong>Intervalles de sauvegarde automatique configurables<\/strong><br \/>\nD\u00e9finissez des intervalles de sauvegarde automatique en fonction de vos besoins sp\u00e9cifiques, afin de garantir une sauvegarde coh\u00e9rente des donn\u00e9es tout en offrant la flexibilit\u00e9 n\u00e9cessaire pour s'aligner sur le rythme de votre flux de travail.<\/li>\n<li><strong>Effacement et sauvegarde des donn\u00e9es par un seul bouton<\/strong><br \/>\nEffacez ou sauvegardez rapidement les donn\u00e9es d'un simple clic. Cette fonction permet une gestion rapide des donn\u00e9es et am\u00e9liore l'int\u00e9grit\u00e9 des donn\u00e9es en permettant des sauvegardes simples et s\u00e9curis\u00e9es.<\/li>\n<li><strong>Collage de donn\u00e9es \u00e0 l'aide de touches de raccourci en utilisant l'\u00e9mulation de clavier<\/strong><br \/>\nConfigurez des touches de raccourci personnalis\u00e9es pour coller efficacement les donn\u00e9es via l'\u00e9mulation du clavier, ce qui facilite la saisie des donn\u00e9es de poids directement dans les documents ou les applications, avec rapidit\u00e9 et pr\u00e9cision.<\/li>\n<li><strong>Configuration d'une connectivit\u00e9 transparente<\/strong><br \/>\nAjustez les ports COM et les d\u00e9bits en bauds pour une connectivit\u00e9 optimale, ce qui permet de relier facilement le logiciel \u00e0 votre Smart Scale pour une communication fiable.<\/li>\n<\/ul>\n<h3>Applications et cas d'utilisation id\u00e9aux<\/h3>\n<ul>\n<li><strong>Fabrication et production<\/strong><br \/>\nLe suivi des poids en temps r\u00e9el pendant la production permet aux op\u00e9rateurs de maintenir la pr\u00e9cision et la coh\u00e9rence dans le traitement des lots, la gestion des stocks et le contr\u00f4le de la qualit\u00e9.<\/li>\n<li><strong>Gestion des entrep\u00f4ts et des stocks<\/strong><br \/>\nContr\u00f4lez les entr\u00e9es et les sorties de stock, avec un stockage de donn\u00e9es CSV pour faciliter le suivi des stocks et la possibilit\u00e9 d'ajuster les intervalles d'enregistrement automatique en fonction de la fr\u00e9quence des mouvements de stock.<\/li>\n<li><strong>Laboratoire et recherche<\/strong><br \/>\nPour les laboratoires de recherche qui ont besoin d'un contr\u00f4le pr\u00e9cis du poids et d'un suivi des donn\u00e9es, les options d'affichage personnalisables et la fen\u00eatre d'enregistrement en temps r\u00e9el offrent une vue d'ensemble claire des modifications de l'\u00e9chantillon, tandis que la fonction de stockage des donn\u00e9es simplifie l'archivage.<\/li>\n<li><strong>Production de denr\u00e9es alimentaires et de boissons<\/strong><br \/>\nContr\u00f4lez et enregistrez avec pr\u00e9cision le poids des ingr\u00e9dients pour la normalisation des recettes et la conformit\u00e9 aux r\u00e9glementations. L'exportation CSV permet une int\u00e9gration ais\u00e9e dans les syst\u00e8mes de contr\u00f4le de la qualit\u00e9.<\/li>\n<\/ul>\n<p>Voici la vid\u00e9o d'installation, qui montre \u00e9galement la plupart des fonctions offertes par le logiciel :<\/p>\n<p><iframe title=\"Prime Station PS-INTERFACE Bridge Software Connecting RS232 Devices | Scales With PC\" width=\"800\" height=\"450\" src=\"https:\/\/www.youtube.com\/embed\/nUNIzmH5-Ts?feature=oembed\" frameborder=\"0\" allow=\"accelerometer; autoplay; clipboard-write; encrypted-media; gyroscope; picture-in-picture; web-share\" referrerpolicy=\"strict-origin-when-cross-origin\" allowfullscreen><\/iframe><\/p>","protected":false},"excerpt":{"rendered":"<p>Le logiciel Prime Interface associe une conception intuitive \u00e0 des fonctionnalit\u00e9s \u00e9tendues, ce qui en fait un outil indispensable pour une gestion efficace du poids. Des param\u00e8tres d'affichage personnalisables aux options flexibles de stockage et d'exportation des donn\u00e9es, ce logiciel est con\u00e7u pour rationaliser les processus et maintenir la pr\u00e9cision des donn\u00e9es dans une grande vari\u00e9t\u00e9 d'applications. Faites du logiciel Prime Station Interface Software l'\u00e9pine dorsale de votre gestion des donn\u00e9es de poids, en assurant un contr\u00f4le pr\u00e9cis et un acc\u00e8s facile \u00e0 toutes les mesures de votre Smart Scale.<\/p>","protected":false},"featured_media":1638,"comment_status":"open","ping_status":"closed","template":"","meta":[],"product_brand":[62],"product_cat":[33],"product_tag":[65],"class_list":{"0":"post-1052","1":"product","2":"type-product","3":"status-publish","4":"has-post-thumbnail","6":"product_brand-prime-station","7":"product_cat-quality-softwares","8":"product_tag-interface","10":"first","11":"instock","12":"downloadable","13":"purchasable","14":"product-type-simple"},"yoast_head":"<!-- This site is optimized with the Yoast SEO plugin v27.3 - https:\/\/yoast.com\/product\/yoast-seo-wordpress\/ -->\n<title>PS-INTERFACE Bridge Software Connecting RS232 Devices With PC<\/title>\n<meta name=\"description\" content=\"Prime Station PS Interface Bridge software simplifies RS232 device communication, facilitating seamless data exchange between devices and your PC. Order now!\" \/>\n<meta name=\"robots\" content=\"index, follow, max-snippet:-1, max-image-preview:large, max-video-preview:-1\" \/>\n<link rel=\"canonical\" href=\"https:\/\/bizautom.com\/fr\/produit\/prime-station-ps-interface-bridge-software-connecting-rs232-devices-with-pc\/\" \/>\n<meta property=\"og:locale\" content=\"fr_FR\" \/>\n<meta property=\"og:type\" content=\"article\" \/>\n<meta property=\"og:title\" content=\"PS-INTERFACE Bridge Software Connecting RS232 Devices With PC\" \/>\n<meta property=\"og:description\" content=\"Prime Station PS Interface Bridge software simplifies RS232 device communication, facilitating seamless data exchange between devices and your PC. Order now!\" \/>\n<meta property=\"og:url\" content=\"https:\/\/bizautom.com\/fr\/produit\/prime-station-ps-interface-bridge-software-connecting-rs232-devices-with-pc\/\" \/>\n<meta property=\"og:site_name\" content=\"BizAutom\" \/>\n<meta property=\"article:publisher\" content=\"https:\/\/www.facebook.com\/people\/TINGCHEN-BizAutom\/61565746662873\/\" \/>\n<meta property=\"article:modified_time\" content=\"2024-10-27T12:47:47+00:00\" \/>\n<meta property=\"og:image\" content=\"https:\/\/bizautom.com\/wp-content\/uploads\/2023\/07\/PrimeInterface_main.jpg\" \/>\n\t<meta property=\"og:image:width\" content=\"1194\" \/>\n\t<meta property=\"og:image:height\" content=\"978\" \/>\n\t<meta property=\"og:image:type\" content=\"image\/jpeg\" \/>\n<meta name=\"twitter:card\" content=\"summary_large_image\" \/>\n<meta name=\"twitter:label1\" content=\"Dur\u00e9e de lecture estim\u00e9e\" \/>\n\t<meta name=\"twitter:data1\" content=\"3 minutes\" \/>\n<!-- \/ Yoast SEO plugin. -->","yoast_head_json":{"title":"PS-INTERFACE Bridge Software Connecting RS232 Devices With PC","description":"Prime Station PS Interface Bridge software simplifies RS232 device communication, facilitating seamless data exchange between devices and your PC. Order now!","robots":{"index":"index","follow":"follow","max-snippet":"max-snippet:-1","max-image-preview":"max-image-preview:large","max-video-preview":"max-video-preview:-1"},"canonical":"https:\/\/bizautom.com\/fr\/produit\/prime-station-ps-interface-bridge-software-connecting-rs232-devices-with-pc\/","og_locale":"fr_FR","og_type":"article","og_title":"PS-INTERFACE Bridge Software Connecting RS232 Devices With PC","og_description":"Prime Station PS Interface Bridge software simplifies RS232 device communication, facilitating seamless data exchange between devices and your PC. Order now!","og_url":"https:\/\/bizautom.com\/fr\/produit\/prime-station-ps-interface-bridge-software-connecting-rs232-devices-with-pc\/","og_site_name":"BizAutom","article_publisher":"https:\/\/www.facebook.com\/people\/TINGCHEN-BizAutom\/61565746662873\/","article_modified_time":"2024-10-27T12:47:47+00:00","og_image":[{"width":1194,"height":978,"url":"https:\/\/bizautom.com\/wp-content\/uploads\/2023\/07\/PrimeInterface_main.jpg","type":"image\/jpeg"}],"twitter_card":"summary_large_image","twitter_misc":{"Dur\u00e9e de lecture estim\u00e9e":"3 minutes"},"schema":{"@context":"https:\/\/schema.org","@graph":[{"@type":"WebPage","@id":"https:\/\/bizautom.com\/product\/prime-station-ps-interface-bridge-software-connecting-rs232-devices-with-pc\/","url":"https:\/\/bizautom.com\/product\/prime-station-ps-interface-bridge-software-connecting-rs232-devices-with-pc\/","name":"PS-INTERFACE Bridge Software Connecting RS232 Devices With PC","isPartOf":{"@id":"https:\/\/bizautom.com\/#website"},"primaryImageOfPage":{"@id":"https:\/\/bizautom.com\/product\/prime-station-ps-interface-bridge-software-connecting-rs232-devices-with-pc\/#primaryimage"},"image":{"@id":"https:\/\/bizautom.com\/product\/prime-station-ps-interface-bridge-software-connecting-rs232-devices-with-pc\/#primaryimage"},"thumbnailUrl":"https:\/\/bizautom.com\/wp-content\/uploads\/2023\/07\/PrimeInterface_main.jpg","datePublished":"2023-07-20T18:01:16+00:00","dateModified":"2024-10-27T12:47:47+00:00","description":"Prime Station PS Interface Bridge software simplifies RS232 device communication, facilitating seamless data exchange between devices and your PC. Order now!","breadcrumb":{"@id":"https:\/\/bizautom.com\/product\/prime-station-ps-interface-bridge-software-connecting-rs232-devices-with-pc\/#breadcrumb"},"inLanguage":"fr-FR","potentialAction":[{"@type":"ReadAction","target":["https:\/\/bizautom.com\/product\/prime-station-ps-interface-bridge-software-connecting-rs232-devices-with-pc\/"]}]},{"@type":"ImageObject","inLanguage":"fr-FR","@id":"https:\/\/bizautom.com\/product\/prime-station-ps-interface-bridge-software-connecting-rs232-devices-with-pc\/#primaryimage","url":"https:\/\/bizautom.com\/wp-content\/uploads\/2023\/07\/PrimeInterface_main.jpg","contentUrl":"https:\/\/bizautom.com\/wp-content\/uploads\/2023\/07\/PrimeInterface_main.jpg","width":1194,"height":978},{"@type":"BreadcrumbList","@id":"https:\/\/bizautom.com\/product\/prime-station-ps-interface-bridge-software-connecting-rs232-devices-with-pc\/#breadcrumb","itemListElement":[{"@type":"ListItem","position":1,"name":"Home","item":"https:\/\/bizautom.com\/"},{"@type":"ListItem","position":2,"name":"Shop","item":"https:\/\/bizautom.com\/shop-2\/"},{"@type":"ListItem","position":3,"name":"Prime Station PS-INTERFACE Bridge Software Connecting RS232 Devices with PC"}]},{"@type":"WebSite","@id":"https:\/\/bizautom.com\/#website","url":"https:\/\/bizautom.com\/","name":"BizAutom","description":"Rapide. Pr\u00e9cis. Intelligent.","publisher":{"@id":"https:\/\/bizautom.com\/#organization"},"potentialAction":[{"@type":"SearchAction","target":{"@type":"EntryPoint","urlTemplate":"https:\/\/bizautom.com\/?s={search_term_string}"},"query-input":{"@type":"PropertyValueSpecification","valueRequired":true,"valueName":"search_term_string"}}],"inLanguage":"fr-FR"},{"@type":"Organization","@id":"https:\/\/bizautom.com\/#organization","name":"BizAutom","url":"https:\/\/bizautom.com\/","logo":{"@type":"ImageObject","inLanguage":"fr-FR","@id":"https:\/\/bizautom.com\/#\/schema\/logo\/image\/","url":"https:\/\/bizautom.com\/wp-content\/uploads\/2025\/04\/BizAutom_Logo_1.webp","contentUrl":"https:\/\/bizautom.com\/wp-content\/uploads\/2025\/04\/BizAutom_Logo_1.webp","width":455,"height":326,"caption":"BizAutom"},"image":{"@id":"https:\/\/bizautom.com\/#\/schema\/logo\/image\/"},"sameAs":["https:\/\/www.facebook.com\/people\/TINGCHEN-BizAutom\/61565746662873\/"]}]}},"jetpack-related-posts":[{"id":1045,"url":"https:\/\/bizautom.com\/fr\/produit\/prime-station-gateway-software-connect-store-distribute-machine-data-through-cloud-server\/","url_meta":{"origin":1052,"position":0},"title":"Logiciel Prime Station Gateway Connecter\/Stocker\/Distribuer les donn\u00e9es machine via un serveur cloud","author":"admin","date":"juillet 20, 2023","format":false,"excerpt":"Prime Station Gateway est la solution de choix pour le traitement automatis\u00e9 des donn\u00e9es et le stockage sur le cloud, transformant vos \u00e9quipements en machines g\u00e9n\u00e9ratrices de donn\u00e9es adapt\u00e9es aux besoins sp\u00e9cifiques de votre secteur d'activit\u00e9.","rel":"","context":"Article similaire","block_context":{"text":"Article similaire","link":""},"img":{"alt_text":"","src":"https:\/\/i0.wp.com\/bizautom.com\/wp-content\/uploads\/2023\/07\/GatewayScreenshot01.png?resize=350%2C200&ssl=1","width":350,"height":200,"srcset":"https:\/\/i0.wp.com\/bizautom.com\/wp-content\/uploads\/2023\/07\/GatewayScreenshot01.png?resize=350%2C200&ssl=1 1x, https:\/\/i0.wp.com\/bizautom.com\/wp-content\/uploads\/2023\/07\/GatewayScreenshot01.png?resize=525%2C300&ssl=1 1.5x, https:\/\/i0.wp.com\/bizautom.com\/wp-content\/uploads\/2023\/07\/GatewayScreenshot01.png?resize=700%2C400&ssl=1 2x"},"classes":[]},{"id":1026,"url":"https:\/\/bizautom.com\/fr\/produit\/prime-station-erp-software\/","url_meta":{"origin":1052,"position":1},"title":"Logiciel Prime Station ERP","author":"admin","date":"juillet 20, 2023","format":false,"excerpt":"If you're currently operating a business, there's a compelling reason to consider using a comprehensive ERP solution that incorporates various essential functions. That's where Prime Station ERP Software comes in. By consolidating ERP, Bookkeeping, CRM, Marketing Automation, e-commerce integration, and shipping integration into a single platform, you can unlock numerous\u2026","rel":"","context":"Article similaire","block_context":{"text":"Article similaire","link":""},"img":{"alt_text":"","src":"https:\/\/i0.wp.com\/bizautom.com\/wp-content\/uploads\/2023\/07\/ERP.jpg?resize=350%2C200&ssl=1","width":350,"height":200,"srcset":"https:\/\/i0.wp.com\/bizautom.com\/wp-content\/uploads\/2023\/07\/ERP.jpg?resize=350%2C200&ssl=1 1x, https:\/\/i0.wp.com\/bizautom.com\/wp-content\/uploads\/2023\/07\/ERP.jpg?resize=525%2C300&ssl=1 1.5x, https:\/\/i0.wp.com\/bizautom.com\/wp-content\/uploads\/2023\/07\/ERP.jpg?resize=700%2C400&ssl=1 2x, https:\/\/i0.wp.com\/bizautom.com\/wp-content\/uploads\/2023\/07\/ERP.jpg?resize=1050%2C600&ssl=1 3x, https:\/\/i0.wp.com\/bizautom.com\/wp-content\/uploads\/2023\/07\/ERP.jpg?resize=1400%2C800&ssl=1 4x"},"classes":[]},{"id":1635,"url":"https:\/\/bizautom.com\/fr\/produit\/bizautom-nine-scale-software-comprehensive-real-time-scale-monitoring-solution\/","url_meta":{"origin":1052,"position":2},"title":"Logiciel BizAutom Nine-Scale : Solution compl\u00e8te de surveillance de l'\u00e9chelle en temps r\u00e9el","author":"admin","date":"octobre 26, 2024","format":false,"excerpt":"With its user-friendly interface, reliable connectivity options, and highly customizable scale configurations, the BizAutom Nine-Scale Software is a smart investment for businesses looking to enhance operational oversight and control. Ideal for industries where weight tracking and inventory control are critical, this software simplifies complex multi-scale monitoring, allowing you to focus\u2026","rel":"","context":"Article similaire","block_context":{"text":"Article similaire","link":""},"img":{"alt_text":"","src":"https:\/\/i0.wp.com\/bizautom.com\/wp-content\/uploads\/2024\/10\/ScreenShot-scaled.jpg?resize=350%2C200&ssl=1","width":350,"height":200,"srcset":"https:\/\/i0.wp.com\/bizautom.com\/wp-content\/uploads\/2024\/10\/ScreenShot-scaled.jpg?resize=350%2C200&ssl=1 1x, https:\/\/i0.wp.com\/bizautom.com\/wp-content\/uploads\/2024\/10\/ScreenShot-scaled.jpg?resize=525%2C300&ssl=1 1.5x, https:\/\/i0.wp.com\/bizautom.com\/wp-content\/uploads\/2024\/10\/ScreenShot-scaled.jpg?resize=700%2C400&ssl=1 2x, https:\/\/i0.wp.com\/bizautom.com\/wp-content\/uploads\/2024\/10\/ScreenShot-scaled.jpg?resize=1050%2C600&ssl=1 3x, https:\/\/i0.wp.com\/bizautom.com\/wp-content\/uploads\/2024\/10\/ScreenShot-scaled.jpg?resize=1400%2C800&ssl=1 4x"},"classes":[]},{"id":957,"url":"https:\/\/bizautom.com\/fr\/produit\/prime-scales-ps-in202-digital-indicator-with-rs232-signal-output\/","url_meta":{"origin":1052,"position":3},"title":"Prime Scales PS-IN202 Indicateur num\u00e9rique avec sortie de signal RS232","author":"admin","date":"juillet 18, 2023","format":false,"excerpt":"Que vous ayez besoin d'un indicateur de base ou que vous pr\u00e9voyiez de connecter votre balance au r\u00e9seau BizAutom \u00e0 l'avenir, le PS-IN202 est un choix id\u00e9al.","rel":"","context":"Article similaire","block_context":{"text":"Article similaire","link":""},"img":{"alt_text":"","src":"https:\/\/i0.wp.com\/bizautom.com\/wp-content\/uploads\/2023\/07\/PS-IN202.jpg?resize=350%2C200&ssl=1","width":350,"height":200,"srcset":"https:\/\/i0.wp.com\/bizautom.com\/wp-content\/uploads\/2023\/07\/PS-IN202.jpg?resize=350%2C200&ssl=1 1x, https:\/\/i0.wp.com\/bizautom.com\/wp-content\/uploads\/2023\/07\/PS-IN202.jpg?resize=525%2C300&ssl=1 1.5x, https:\/\/i0.wp.com\/bizautom.com\/wp-content\/uploads\/2023\/07\/PS-IN202.jpg?resize=700%2C400&ssl=1 2x"},"classes":[]},{"id":1472,"url":"https:\/\/bizautom.com\/fr\/produit\/bizautom-pc-1-pc-based-controller-weight-indicator-combo\/","url_meta":{"origin":1052,"position":4},"title":"BizAutom PC-1 Combin\u00e9 contr\u00f4leur\/indicateur de poids sur PC","author":"admin","date":"juillet 14, 2024","format":false,"excerpt":"Voici le contr\u00f4leur BizAutom Mainstream, con\u00e7u pour r\u00e9pondre aux besoins d'un large \u00e9ventail de projets gr\u00e2ce \u00e0 ses fonctionnalit\u00e9s robustes et \u00e0 sa polyvalence.","rel":"","context":"Article similaire","block_context":{"text":"Article similaire","link":""},"img":{"alt_text":"","src":"https:\/\/i0.wp.com\/bizautom.com\/wp-content\/uploads\/2024\/07\/PC-1-scaled.jpg?resize=350%2C200&ssl=1","width":350,"height":200,"srcset":"https:\/\/i0.wp.com\/bizautom.com\/wp-content\/uploads\/2024\/07\/PC-1-scaled.jpg?resize=350%2C200&ssl=1 1x, https:\/\/i0.wp.com\/bizautom.com\/wp-content\/uploads\/2024\/07\/PC-1-scaled.jpg?resize=525%2C300&ssl=1 1.5x, https:\/\/i0.wp.com\/bizautom.com\/wp-content\/uploads\/2024\/07\/PC-1-scaled.jpg?resize=700%2C400&ssl=1 2x, https:\/\/i0.wp.com\/bizautom.com\/wp-content\/uploads\/2024\/07\/PC-1-scaled.jpg?resize=1050%2C600&ssl=1 3x, https:\/\/i0.wp.com\/bizautom.com\/wp-content\/uploads\/2024\/07\/PC-1-scaled.jpg?resize=1400%2C800&ssl=1 4x"},"classes":[]},{"id":4345,"url":"https:\/\/bizautom.com\/fr\/produit\/bizautom-ba-dc130-dual-counting-scale-with-data-storage-and-software-integration\/","url_meta":{"origin":1052,"position":5},"title":"BizAutom BA-DC130 Balance de comptage double avec stockage des donn\u00e9es et int\u00e9gration logicielle","author":"admin","date":"juin 17, 2025","format":false,"excerpt":"The BizAutom BA-DC130 Dual Counting Scale is more than just a counting device\u2014it\u2019s a versatile, smart, and scalable system designed to simplify complex inventory and production tasks. Whether you're counting thousands of small components or managing heavy parts across large platforms, the BA-DC130 delivers the speed, accuracy, and connectivity modern\u2026","rel":"","context":"Article similaire","block_context":{"text":"Article similaire","link":""},"img":{"alt_text":"","src":"https:\/\/i0.wp.com\/bizautom.com\/wp-content\/uploads\/2025\/06\/DualCountScaleFloorScale.jpg?resize=350%2C200&ssl=1","width":350,"height":200,"srcset":"https:\/\/i0.wp.com\/bizautom.com\/wp-content\/uploads\/2025\/06\/DualCountScaleFloorScale.jpg?resize=350%2C200&ssl=1 1x, https:\/\/i0.wp.com\/bizautom.com\/wp-content\/uploads\/2025\/06\/DualCountScaleFloorScale.jpg?resize=525%2C300&ssl=1 1.5x, https:\/\/i0.wp.com\/bizautom.com\/wp-content\/uploads\/2025\/06\/DualCountScaleFloorScale.jpg?resize=700%2C400&ssl=1 2x, https:\/\/i0.wp.com\/bizautom.com\/wp-content\/uploads\/2025\/06\/DualCountScaleFloorScale.jpg?resize=1050%2C600&ssl=1 3x, https:\/\/i0.wp.com\/bizautom.com\/wp-content\/uploads\/2025\/06\/DualCountScaleFloorScale.jpg?resize=1400%2C800&ssl=1 4x"},"classes":[]}],"jetpack_sharing_enabled":true,"_links":{"self":[{"href":"https:\/\/bizautom.com\/fr\/wp-json\/wp\/v2\/product\/1052","targetHints":{"allow":["GET"]}}],"collection":[{"href":"https:\/\/bizautom.com\/fr\/wp-json\/wp\/v2\/product"}],"about":[{"href":"https:\/\/bizautom.com\/fr\/wp-json\/wp\/v2\/types\/product"}],"replies":[{"embeddable":true,"href":"https:\/\/bizautom.com\/fr\/wp-json\/wp\/v2\/comments?post=1052"}],"version-history":[{"count":1,"href":"https:\/\/bizautom.com\/fr\/wp-json\/wp\/v2\/product\/1052\/revisions"}],"predecessor-version":[{"id":1054,"href":"https:\/\/bizautom.com\/fr\/wp-json\/wp\/v2\/product\/1052\/revisions\/1054"}],"wp:featuredmedia":[{"embeddable":true,"href":"https:\/\/bizautom.com\/fr\/wp-json\/wp\/v2\/media\/1638"}],"wp:attachment":[{"href":"https:\/\/bizautom.com\/fr\/wp-json\/wp\/v2\/media?parent=1052"}],"wp:term":[{"taxonomy":"product_brand","embeddable":true,"href":"https:\/\/bizautom.com\/fr\/wp-json\/wp\/v2\/product_brand?post=1052"},{"taxonomy":"product_cat","embeddable":true,"href":"https:\/\/bizautom.com\/fr\/wp-json\/wp\/v2\/product_cat?post=1052"},{"taxonomy":"product_tag","embeddable":true,"href":"https:\/\/bizautom.com\/fr\/wp-json\/wp\/v2\/product_tag?post=1052"}],"curies":[{"name":"wp","href":"https:\/\/api.w.org\/{rel}","templated":true}]}}