{"id":1070,"date":"2023-07-28T19:48:25","date_gmt":"2023-07-28T19:48:25","guid":{"rendered":"https:\/\/bizautom.com\/?post_type=product&#038;p=1070"},"modified":"2026-05-04T15:18:07","modified_gmt":"2026-05-04T19:18:07","slug":"prime-systems-5-long-distance-wireless-scale-remote-display-super-bright-dot-matrix-scoreboard","status":"publish","type":"product","link":"https:\/\/bizautom.com\/fr\/produit\/prime-systems-5-long-distance-wireless-scale-remote-display-super-bright-dot-matrix-scoreboard\/","title":{"rendered":"Prime Systems 5\u2033 Long Distance Wireless Scale Remote Display \/ Super Bright Dot-Matrix Scoreboard"},"content":{"rendered":"<p>Nous vous pr\u00e9sentons notre nouveau tableau d'affichage \u00e0 distance sans fil pour les balances, la solution ultime pour am\u00e9liorer votre exp\u00e9rience de la pes\u00e9e. Gr\u00e2ce \u00e0 sa technologie sans fil de pointe, cet appareil r\u00e9volutionne la gestion du pesage en \u00e9liminant les c\u00e2bles fastidieux et en offrant une commodit\u00e9 in\u00e9gal\u00e9e.<\/p>\n<p>Caract\u00e9ristiques principales :<\/p>\n<p>1. Confort sans fil : Faites l'exp\u00e9rience d'une v\u00e9ritable libert\u00e9 gr\u00e2ce \u00e0 notre technologie sans fil avanc\u00e9e. Dites adieu aux c\u00e2bles emm\u00eal\u00e9s et aux limitations de mouvement. Notre \u00e9cran \u00e0 distance communique de mani\u00e8re transparente avec la balance, fournissant des relev\u00e9s de poids en temps r\u00e9el \u00e0 une distance allant jusqu'\u00e0 3 000 pieds !<\/p>\n<p>2. Lisibilit\u00e9 parfaite : L'afficheur \u00e0 distance est dot\u00e9 d'un \u00e9cran LED Super-Bright \u00e0 matrice de points, garantissant des mesures de poids nettes et claires. Son grand \u00e9cran, facile \u00e0 lire, permet de visualiser les mesures de poids m\u00eame \u00e0 distance, ce qui le rend id\u00e9al pour les environnements industriels tr\u00e8s fr\u00e9quent\u00e9s ou les environnements de pesage de camions.<\/p>\n<p>3. Compatibilit\u00e9 multiplateforme : Notre afficheur \u00e0 distance sans fil fonctionne de mani\u00e8re transparente avec diff\u00e9rents indicateurs de pesage. Que vous ayez des balances de camion, des balances au sol, des balances \u00e0 plate-forme ou d'autres \u00e9quipements de pesage num\u00e9rique, cet affichage polyvalent est votre solution id\u00e9ale.<\/p>\n<p>4. Durabilit\u00e9 et fiabilit\u00e9 : Fabriqu\u00e9 \u00e0 partir de mat\u00e9riaux de premi\u00e8re qualit\u00e9, notre afficheur \u00e0 distance sans fil est con\u00e7u pour r\u00e9sister \u00e0 une utilisation quotidienne et \u00e0 l'\u00e9preuve du temps, ce qui en fait un investissement rentable.<\/p>\n<p>5. Connexion s\u00e9curis\u00e9e : Nous accordons la priorit\u00e9 \u00e0 la s\u00e9curit\u00e9 des donn\u00e9es et assurons une communication crypt\u00e9e pour prot\u00e9ger vos relev\u00e9s de poids contre tout acc\u00e8s non autoris\u00e9 ou toute interf\u00e9rence.<\/p>","protected":false},"excerpt":{"rendered":"<p>R\u00e9volutionnez votre exp\u00e9rience de la pes\u00e9e avec l'afficheur \u00e0 distance sans fil pour balances. Contr\u00f4lez les poids sans effort, am\u00e9liorez la productivit\u00e9 et profitez d'une commodit\u00e9 in\u00e9gal\u00e9e. Qu'il s'agisse d'applications industrielles, de vente au d\u00e9tail ou de tout autre sc\u00e9nario de pesage, cet appareil de pointe est la solution ultime.<\/p>","protected":false},"featured_media":1071,"comment_status":"open","ping_status":"closed","template":"","meta":[],"product_brand":[40],"product_cat":[15,30,32],"product_tag":[68,67],"class_list":{"0":"post-1070","1":"product","2":"type-product","3":"status-publish","4":"has-post-thumbnail","6":"product_brand-prime-systems","7":"product_cat-industrial-equipment","8":"product_cat-industrial-scales","9":"product_cat-instruments-parts","10":"product_tag-remote-display","11":"product_tag-scoreboard","13":"first","14":"instock","15":"taxable","16":"shipping-taxable","17":"product-type-variable"},"yoast_head":"<!-- This site is optimized with the Yoast SEO plugin v27.5 - https:\/\/yoast.com\/product\/yoast-seo-wordpress\/ -->\n<title>Effortless Weighing Operations | Prime Systems 5 Remote Display<\/title>\n<meta name=\"description\" content=\"Achieve accuracy with Prime Systems 5. Benefit from long-distance wireless connectivity and a super-bright dot matrix scoreboard for flawless weighing.\" \/>\n<meta name=\"robots\" content=\"index, follow, max-snippet:-1, max-image-preview:large, max-video-preview:-1\" \/>\n<link rel=\"canonical\" href=\"https:\/\/bizautom.com\/fr\/produit\/prime-systems-5-long-distance-wireless-scale-remote-display-super-bright-dot-matrix-scoreboard\/\" \/>\n<meta property=\"og:locale\" content=\"fr_FR\" \/>\n<meta property=\"og:type\" content=\"article\" \/>\n<meta property=\"og:title\" content=\"Effortless Weighing Operations | Prime Systems 5 Remote Display\" \/>\n<meta property=\"og:description\" content=\"Achieve accuracy with Prime Systems 5. Benefit from long-distance wireless connectivity and a super-bright dot matrix scoreboard for flawless weighing.\" \/>\n<meta property=\"og:url\" content=\"https:\/\/bizautom.com\/fr\/produit\/prime-systems-5-long-distance-wireless-scale-remote-display-super-bright-dot-matrix-scoreboard\/\" \/>\n<meta property=\"og:site_name\" content=\"BizAutom\" \/>\n<meta property=\"article:publisher\" content=\"https:\/\/www.facebook.com\/people\/TINGCHEN-BizAutom\/61565746662873\/\" \/>\n<meta property=\"article:modified_time\" content=\"2026-05-04T19:18:07+00:00\" \/>\n<meta property=\"og:image\" content=\"https:\/\/bizautom.com\/wp-content\/uploads\/2023\/07\/PS-SB5.jpg\" \/>\n\t<meta property=\"og:image:width\" content=\"1728\" \/>\n\t<meta property=\"og:image:height\" content=\"1728\" \/>\n\t<meta property=\"og:image:type\" content=\"image\/jpeg\" \/>\n<meta name=\"twitter:card\" content=\"summary_large_image\" \/>\n<meta name=\"twitter:label1\" content=\"Dur\u00e9e de lecture estim\u00e9e\" \/>\n\t<meta name=\"twitter:data1\" content=\"2 minutes\" \/>\n<!-- \/ Yoast SEO plugin. -->","yoast_head_json":{"title":"Effortless Weighing Operations | Prime Systems 5 Remote Display","description":"Achieve accuracy with Prime Systems 5. Benefit from long-distance wireless connectivity and a super-bright dot matrix scoreboard for flawless weighing.","robots":{"index":"index","follow":"follow","max-snippet":"max-snippet:-1","max-image-preview":"max-image-preview:large","max-video-preview":"max-video-preview:-1"},"canonical":"https:\/\/bizautom.com\/fr\/produit\/prime-systems-5-long-distance-wireless-scale-remote-display-super-bright-dot-matrix-scoreboard\/","og_locale":"fr_FR","og_type":"article","og_title":"Effortless Weighing Operations | Prime Systems 5 Remote Display","og_description":"Achieve accuracy with Prime Systems 5. Benefit from long-distance wireless connectivity and a super-bright dot matrix scoreboard for flawless weighing.","og_url":"https:\/\/bizautom.com\/fr\/produit\/prime-systems-5-long-distance-wireless-scale-remote-display-super-bright-dot-matrix-scoreboard\/","og_site_name":"BizAutom","article_publisher":"https:\/\/www.facebook.com\/people\/TINGCHEN-BizAutom\/61565746662873\/","article_modified_time":"2026-05-04T19:18:07+00:00","og_image":[{"width":1728,"height":1728,"url":"https:\/\/bizautom.com\/wp-content\/uploads\/2023\/07\/PS-SB5.jpg","type":"image\/jpeg"}],"twitter_card":"summary_large_image","twitter_misc":{"Dur\u00e9e de lecture estim\u00e9e":"2 minutes"},"schema":{"@context":"https:\/\/schema.org","@graph":[{"@type":"WebPage","@id":"https:\/\/bizautom.com\/product\/prime-systems-5-long-distance-wireless-scale-remote-display-super-bright-dot-matrix-scoreboard\/","url":"https:\/\/bizautom.com\/product\/prime-systems-5-long-distance-wireless-scale-remote-display-super-bright-dot-matrix-scoreboard\/","name":"Effortless Weighing Operations | Prime Systems 5 Remote Display","isPartOf":{"@id":"https:\/\/bizautom.com\/#website"},"primaryImageOfPage":{"@id":"https:\/\/bizautom.com\/product\/prime-systems-5-long-distance-wireless-scale-remote-display-super-bright-dot-matrix-scoreboard\/#primaryimage"},"image":{"@id":"https:\/\/bizautom.com\/product\/prime-systems-5-long-distance-wireless-scale-remote-display-super-bright-dot-matrix-scoreboard\/#primaryimage"},"thumbnailUrl":"https:\/\/bizautom.com\/wp-content\/uploads\/2023\/07\/PS-SB5.jpg","datePublished":"2023-07-28T19:48:25+00:00","dateModified":"2026-05-04T19:18:07+00:00","description":"Achieve accuracy with Prime Systems 5. Benefit from long-distance wireless connectivity and a super-bright dot matrix scoreboard for flawless weighing.","breadcrumb":{"@id":"https:\/\/bizautom.com\/product\/prime-systems-5-long-distance-wireless-scale-remote-display-super-bright-dot-matrix-scoreboard\/#breadcrumb"},"inLanguage":"fr-FR","potentialAction":[{"@type":"ReadAction","target":["https:\/\/bizautom.com\/product\/prime-systems-5-long-distance-wireless-scale-remote-display-super-bright-dot-matrix-scoreboard\/"]}]},{"@type":"ImageObject","inLanguage":"fr-FR","@id":"https:\/\/bizautom.com\/product\/prime-systems-5-long-distance-wireless-scale-remote-display-super-bright-dot-matrix-scoreboard\/#primaryimage","url":"https:\/\/bizautom.com\/wp-content\/uploads\/2023\/07\/PS-SB5.jpg","contentUrl":"https:\/\/bizautom.com\/wp-content\/uploads\/2023\/07\/PS-SB5.jpg","width":1728,"height":1728},{"@type":"BreadcrumbList","@id":"https:\/\/bizautom.com\/product\/prime-systems-5-long-distance-wireless-scale-remote-display-super-bright-dot-matrix-scoreboard\/#breadcrumb","itemListElement":[{"@type":"ListItem","position":1,"name":"Home","item":"https:\/\/bizautom.com\/"},{"@type":"ListItem","position":2,"name":"Shop","item":"https:\/\/bizautom.com\/shop-2\/"},{"@type":"ListItem","position":3,"name":"Prime Systems 5&#8243; Long Distance Wireless Scale Remote Display \/ Super Bright Dot-Matrix Scoreboard"}]},{"@type":"WebSite","@id":"https:\/\/bizautom.com\/#website","url":"https:\/\/bizautom.com\/","name":"BizAutom","description":"Rapide. Pr\u00e9cis. Intelligent.","publisher":{"@id":"https:\/\/bizautom.com\/#organization"},"potentialAction":[{"@type":"SearchAction","target":{"@type":"EntryPoint","urlTemplate":"https:\/\/bizautom.com\/?s={search_term_string}"},"query-input":{"@type":"PropertyValueSpecification","valueRequired":true,"valueName":"search_term_string"}}],"inLanguage":"fr-FR"},{"@type":"Organization","@id":"https:\/\/bizautom.com\/#organization","name":"BizAutom","url":"https:\/\/bizautom.com\/","logo":{"@type":"ImageObject","inLanguage":"fr-FR","@id":"https:\/\/bizautom.com\/#\/schema\/logo\/image\/","url":"https:\/\/bizautom.com\/wp-content\/uploads\/2025\/04\/BizAutom_Logo_1.webp","contentUrl":"https:\/\/bizautom.com\/wp-content\/uploads\/2025\/04\/BizAutom_Logo_1.webp","width":455,"height":326,"caption":"BizAutom"},"image":{"@id":"https:\/\/bizautom.com\/#\/schema\/logo\/image\/"},"sameAs":["https:\/\/www.facebook.com\/people\/TINGCHEN-BizAutom\/61565746662873\/"]}]}},"jetpack-related-posts":[],"jetpack_sharing_enabled":true,"_links":{"self":[{"href":"https:\/\/bizautom.com\/fr\/wp-json\/wp\/v2\/product\/1070","targetHints":{"allow":["GET"]}}],"collection":[{"href":"https:\/\/bizautom.com\/fr\/wp-json\/wp\/v2\/product"}],"about":[{"href":"https:\/\/bizautom.com\/fr\/wp-json\/wp\/v2\/types\/product"}],"replies":[{"embeddable":true,"href":"https:\/\/bizautom.com\/fr\/wp-json\/wp\/v2\/comments?post=1070"}],"version-history":[{"count":1,"href":"https:\/\/bizautom.com\/fr\/wp-json\/wp\/v2\/product\/1070\/revisions"}],"predecessor-version":[{"id":5854,"href":"https:\/\/bizautom.com\/fr\/wp-json\/wp\/v2\/product\/1070\/revisions\/5854"}],"wp:featuredmedia":[{"embeddable":true,"href":"https:\/\/bizautom.com\/fr\/wp-json\/wp\/v2\/media\/1071"}],"wp:attachment":[{"href":"https:\/\/bizautom.com\/fr\/wp-json\/wp\/v2\/media?parent=1070"}],"wp:term":[{"taxonomy":"product_brand","embeddable":true,"href":"https:\/\/bizautom.com\/fr\/wp-json\/wp\/v2\/product_brand?post=1070"},{"taxonomy":"product_cat","embeddable":true,"href":"https:\/\/bizautom.com\/fr\/wp-json\/wp\/v2\/product_cat?post=1070"},{"taxonomy":"product_tag","embeddable":true,"href":"https:\/\/bizautom.com\/fr\/wp-json\/wp\/v2\/product_tag?post=1070"}],"curies":[{"name":"wp","href":"https:\/\/api.w.org\/{rel}","templated":true}]}}