{"id":1074,"date":"2023-07-31T20:31:11","date_gmt":"2023-07-31T20:31:11","guid":{"rendered":"https:\/\/bizautom.com\/?post_type=product&#038;p=1074"},"modified":"2026-05-04T15:17:10","modified_gmt":"2026-05-04T19:17:10","slug":"prime-scales-ps-35-thermal-label-paper-serial-printer","status":"publish","type":"product","link":"https:\/\/bizautom.com\/fr\/produit\/prime-scales-ps-35-thermal-label-paper-serial-printer\/","title":{"rendered":"Prime Scales PS-35 Imprimante thermique d'\u00e9tiquettes \/ papier en s\u00e9rie"},"content":{"rendered":"<p>Voici notre imprimante PS-35 - le summum de la technologie d'impression avanc\u00e9e. D'une simple pression sur un bouton, cette imprimante de pointe peut produire instantan\u00e9ment des informations sur le poids, que ce soit sur du papier thermique en rouleau, des \u00e9tiquettes normales ou des \u00e9tiquettes sans doublure, avec une \u00e9paisseur minimale de 0,2 mm.<\/p>\n<p>La polyvalence est au c\u0153ur de ce syst\u00e8me - la PS-35 est enti\u00e8rement compatible avec les balances Prime PS-IN202 et PS-IN202SS. En outre, les options de personnalisation abondent, car vous pouvez programmer sans effort l'imprimante pour inclure l'heure, le poids, la date et m\u00eame le logo de votre entreprise sur l'\u00e9tiquette.<\/p>\n<p>Voici quelques-unes de ses caract\u00e9ristiques remarquables :<\/p>\n<p>- Largeur d'impression de 58 mm, garantissant un r\u00e9sultat clair et concis.<br \/>\n- Des fonctions d'alarme pour le papier, l'alimentation et la surchauffe vous permettent de rester inform\u00e9 et d'\u00e9viter les interruptions.<br \/>\n- Gestion intelligente de l'\u00e9nergie avec mise en veille et r\u00e9veil automatiques, r\u00e9duisant consid\u00e9rablement la consommation d'\u00e9nergie.<br \/>\n- Plusieurs interfaces sont disponibles, y compris USB et RS232 s\u00e9rie, assurant une connectivit\u00e9 sans faille.<br \/>\n- La programmation pratique sur le terrain permet de mettre \u00e0 jour facilement les microprogrammes, de t\u00e9l\u00e9charger des polices de caract\u00e8res et d'int\u00e9grer des logos via un c\u00e2ble USB.<\/p>\n<p>L'imprimante PS-35 est la quintessence de l'efficacit\u00e9, de l'adaptabilit\u00e9 et de la convivialit\u00e9, ce qui en fait le compl\u00e9ment id\u00e9al de toute entreprise \u00e0 la recherche d'une solution d'impression haut de gamme.<\/p>\n<p><strong>Sp\u00e9cifications :<\/strong><\/p>\n<table cellspacing=\"0\" cellpadding=\"0\">\n<tbody>\n<tr class=\"firstRow\">\n<td rowspan=\"6\" width=\"107\">Impression<\/td>\n<td width=\"155\">M\u00e9thode d'impression<\/td>\n<td width=\"306\">Ligne thermique<\/td>\n<\/tr>\n<tr>\n<td width=\"155\">R\u00e9solution<\/td>\n<td width=\"306\">8 points\/mm, 664 points\/ligne, 203dpi<\/td>\n<\/tr>\n<tr>\n<td width=\"155\">Largeur d'impression valide<\/td>\n<td width=\"306\">58mm(max)<\/td>\n<\/tr>\n<tr>\n<td width=\"155\">Vitesse d'impression<\/td>\n<td width=\"306\">58mm\/s<\/td>\n<\/tr>\n<tr>\n<td rowspan=\"2\" width=\"155\">M\u00e9moire<\/td>\n<td width=\"306\">FLASH : 8MB, RAM : 32MB<\/td>\n<\/tr>\n<tr>\n<td width=\"306\">Tampon de r\u00e9ception : 32 MO<\/td>\n<\/tr>\n<tr>\n<td rowspan=\"6\" width=\"107\">Papier<\/td>\n<td width=\"155\">Type de papier<\/td>\n<td width=\"306\">Rouleau de papier thermique, \u00e9tiquette thermique normale<\/td>\n<\/tr>\n<tr>\n<td width=\"155\">Largeur du papier<\/td>\n<td width=\"306\">57,5\u00b10,5mm<\/td>\n<\/tr>\n<tr>\n<td width=\"155\">Epaisseur du papier<\/td>\n<td width=\"306\">0,06\uff5e0,13mm<\/td>\n<\/tr>\n<tr>\n<td width=\"155\">Diam\u00e8tre du rouleau<\/td>\n<td width=\"306\">\u044450mm(ext\u00e9rieur)\/\u044413mm(int\u00e9rieur)<\/td>\n<\/tr>\n<tr>\n<td width=\"155\">M\u00e9thode de chargement du papier<\/td>\n<td width=\"306\">Chargement facile<\/td>\n<\/tr>\n<tr>\n<td width=\"155\">M\u00e9thode de d\u00e9coupe du papier<\/td>\n<td width=\"306\">D\u00e9coupage manuel du papier<\/td>\n<\/tr>\n<tr>\n<td rowspan=\"5\" width=\"107\">Contenu<\/td>\n<td width=\"155\">Caract\u00e8re occidental<\/td>\n<td width=\"306\">12\u00d724,9\u00d724, plusieurs langues en option<\/td>\n<\/tr>\n<tr>\n<td width=\"155\">Caract\u00e8re chinois<\/td>\n<td width=\"306\">GB18030, 24\u00d724<\/td>\n<\/tr>\n<tr>\n<td rowspan=\"2\" width=\"155\">Code barre<\/td>\n<td width=\"306\">1D : UPC-A\/ UPC-E\/ EAN-13\/ EAN-8\/ CODE39\/ ITF25 \/CODABAR\/ CODE93\/ CODE128<\/td>\n<\/tr>\n<tr>\n<td width=\"306\">2D : PDF417\u3001QR code\u3001DATA Matrix<\/td>\n<\/tr>\n<tr>\n<td width=\"155\">Caract\u00e8re con\u00e7u par l'utilisateur, BMP<\/td>\n<td width=\"306\">Soutien<\/td>\n<\/tr>\n<tr>\n<td width=\"107\">D\u00e9tection<\/td>\n<td width=\"155\"><\/td>\n<td width=\"306\">Alarme sonore, alarme papier, alarme d'alimentation et de surchauffe, d\u00e9tection des marques noires, mise en veille automatique<\/td>\n<\/tr>\n<tr>\n<td rowspan=\"3\" width=\"107\">Interface homme-machine<\/td>\n<td width=\"155\">Bouton<\/td>\n<td width=\"306\">POWER, FEED et MODE<\/td>\n<\/tr>\n<tr>\n<td width=\"155\">Indication par LED<\/td>\n<td width=\"306\">2<\/td>\n<\/tr>\n<tr>\n<td width=\"155\">Afficher le contenu<\/td>\n<td width=\"306\">\u00c9tat de l'imprimante (s\u00e9rie, impression, papier \u00e9puis\u00e9, erreur, alimentation)<\/td>\n<\/tr>\n<tr>\n<td rowspan=\"2\" width=\"107\">Interface<\/td>\n<td width=\"155\">Fil de fer<\/td>\n<td width=\"306\">RS232 S\u00e9rie+USB<\/td>\n<\/tr>\n<tr>\n<td width=\"155\">Sans fil<\/td>\n<td width=\"306\">Bluetooth<\/td>\n<\/tr>\n<tr>\n<td width=\"107\">Mise \u00e0 niveau<\/td>\n<td width=\"155\">Mise \u00e0 jour du micrologiciel<\/td>\n<td width=\"306\">par USB<\/td>\n<\/tr>\n<tr>\n<td rowspan=\"6\" width=\"107\">Puissance<\/td>\n<td width=\"155\">Chargeur<\/td>\n<td width=\"306\">12V\/2A<\/td>\n<\/tr>\n<tr>\n<td width=\"155\">Batterie<\/td>\n<td width=\"306\">N\/A<\/td>\n<\/tr>\n<tr>\n<td width=\"155\">Temps de charge<\/td>\n<td width=\"306\">N\/A<\/td>\n<\/tr>\n<tr>\n<td width=\"155\">Dur\u00e9e d'impression de la batterie<\/td>\n<td width=\"306\">N\/A<\/td>\n<\/tr>\n<tr>\n<td width=\"155\">Dur\u00e9e de veille de la batterie<\/td>\n<td width=\"306\">N\/A<\/td>\n<\/tr>\n<tr>\n<td width=\"155\">Alarme de puissance<\/td>\n<td width=\"306\">N\/A<\/td>\n<\/tr>\n<tr>\n<td rowspan=\"4\" width=\"107\">Logiciel (en option)<\/td>\n<td width=\"155\">Commandement<\/td>\n<td width=\"306\">ESC\/POS<\/td>\n<\/tr>\n<tr>\n<td width=\"155\">Conducteur<\/td>\n<td width=\"306\">Windows \/LINUX 32bit et 64bit<\/td>\n<\/tr>\n<tr>\n<td width=\"155\">SDK<\/td>\n<td width=\"306\">WinCE, Windows Mobile, Andriod, IOS<\/td>\n<\/tr>\n<tr>\n<td width=\"155\">Outil de r\u00e9glage<\/td>\n<td width=\"306\">Oui (t\u00e9l\u00e9chargement bmp, vitesse de transmission, police, vitesse, densit\u00e9, mot de passe, marqueur noir, param\u00e8tres Bluetooth)<\/td>\n<\/tr>\n<tr>\n<td rowspan=\"6\" width=\"107\">caract\u00e9ristiques physiques<\/td>\n<td width=\"155\">Fonctionnement<\/td>\n<td width=\"306\">0\uff5e50\u2103\/10\uff5e80\uff05<\/td>\n<\/tr>\n<tr>\n<td width=\"155\">Stockage<\/td>\n<td width=\"306\">-20\uff5e60\u2103\/10\uff5e90\uff05<\/td>\n<\/tr>\n<tr>\n<td width=\"155\">D\u00e9p\u00f4t<\/td>\n<td width=\"306\">1.5m<\/td>\n<\/tr>\n<tr>\n<td width=\"155\">Norme IP<\/td>\n<td width=\"306\">IP54<\/td>\n<\/tr>\n<tr>\n<td width=\"155\">Dimension<\/td>\n<td width=\"306\">130x120x57mm<\/td>\n<\/tr>\n<tr>\n<td width=\"155\">Poids<\/td>\n<td width=\"306\">600g appr.<\/td>\n<\/tr>\n<tr>\n<td width=\"107\">Fiabilit\u00e9<\/td>\n<td width=\"155\">THP<\/td>\n<td width=\"306\">100 km<\/td>\n<\/tr>\n<tr>\n<td rowspan=\"2\" width=\"107\">Accessoires<\/td>\n<td width=\"155\">Standard<\/td>\n<td width=\"306\">Papier, adaptateur d'alimentation, c\u00e2ble s\u00e9rie<\/td>\n<\/tr>\n<tr>\n<td width=\"155\">Option<\/td>\n<td width=\"306\">Chargeur de veille, CD-ROM, c\u00e2ble USB<\/td>\n<\/tr>\n<\/tbody>\n<\/table>\n<div class=\"\"><a href=\"https:\/\/bizautom.com\/wp-content\/uploads\/2023\/07\/PS-35_Manual.pdf\" target=\"_blank\" class=\"emd_dl_red_darker\">Manuel d'utilisation<\/a><\/div>    <style>            \r\n    .emd_dl_red_darker {\r\n        -moz-box-shadow:inset 0px 1px 0px 0px #f5978e;\r\n        -webkit-box-shadow:inset 0px 1px 0px 0px #f5978e;\r\n        box-shadow:inset 0px 1px 0px 0px #f5978e;\r\n        background:-webkit-gradient( linear, left top, left bottom, color-stop(0.05, #f24537), color-stop(1, #c62d1f) );\r\n        background:-moz-linear-gradient( center top, #f24537 5%, #c62d1f 100% );\r\n        filter:progid:DXImageTransform.Microsoft.gradient(startColorstr='#f24537', endColorstr='#c62d1f');\r\n        background-color:#f24537;\r\n        -webkit-border-top-left-radius:0px;\r\n        -moz-border-radius-topleft:0px;\r\n        border-top-left-radius:0px;\r\n        -webkit-border-top-right-radius:0px;\r\n        -moz-border-radius-topright:0px;\r\n        border-top-right-radius:0px;\r\n        -webkit-border-bottom-right-radius:0px;\r\n        -moz-border-radius-bottomright:0px;\r\n        border-bottom-right-radius:0px;\r\n        -webkit-border-bottom-left-radius:0px;\r\n        -moz-border-radius-bottomleft:0px;\r\n        border-bottom-left-radius:0px;\r\n        text-indent:0;\r\n        border:1px solid #d02718;\r\n        display:inline-block;\r\n        color:#ffffff !important;\r\n        font-family:Georgia;\r\n        font-size:15px;\r\n        font-weight:bold;\r\n        font-style:normal;\r\n        height:41px;\r\n        line-height:41px;\r\n        width:180px;\r\n        text-decoration:none;\r\n        text-align:center;\r\n        text-shadow:1px 1px 0px #810e05;\r\n    }\r\n    .emd_dl_red_darker:hover {\r\n        background:-webkit-gradient( linear, left top, left bottom, color-stop(0.05, #c62d1f), color-stop(1, #f24537) );\r\n        background:-moz-linear-gradient( center top, #c62d1f 5%, #f24537 100% );\r\n        filter:progid:DXImageTransform.Microsoft.gradient(startColorstr='#c62d1f', endColorstr='#f24537');\r\n        background-color:#c62d1f;\r\n    }.emd_dl_red_darker:active {\r\n        position:relative;\r\n        top:1px;\r\n    }<\/style>","protected":false},"excerpt":{"rendered":"<p>L'imprimante PS-35 est l'imprimante la plus avanc\u00e9e de notre gamme. D'une simple pression sur un bouton, elle peut imprimer instantan\u00e9ment des informations sur le poids sur du papier thermique en rouleau, des \u00e9tiquettes normales ou des \u00e9tiquettes sans doublure d'une \u00e9paisseur minimale de 0,2 mm.<\/p>","protected":false},"featured_media":1076,"comment_status":"open","ping_status":"closed","template":"","meta":[],"product_brand":[41],"product_cat":[32],"product_tag":[69],"class_list":{"0":"post-1074","1":"product","2":"type-product","3":"status-publish","4":"has-post-thumbnail","6":"product_brand-prime-scales","7":"product_cat-instruments-parts","8":"product_tag-printer","10":"first","11":"instock","12":"taxable","13":"shipping-taxable","14":"product-type-simple"},"yoast_head":"<!-- This site is optimized with the Yoast SEO plugin v27.5 - https:\/\/yoast.com\/product\/yoast-seo-wordpress\/ -->\n<title>Prime Scales PS-35 Thermal Label Printer | Bizautom<\/title>\n<meta name=\"description\" content=\"Enhance efficiency with Prime Scales PS-35 Thermal Label Printer. Fast, reliable, and versatile, it&#039;s the ultimate solution for your labeling needs. Visit us!\" \/>\n<meta name=\"robots\" content=\"index, follow, max-snippet:-1, max-image-preview:large, max-video-preview:-1\" \/>\n<link rel=\"canonical\" href=\"https:\/\/bizautom.com\/fr\/produit\/prime-scales-ps-35-thermal-label-paper-serial-printer\/\" \/>\n<meta property=\"og:locale\" content=\"fr_FR\" \/>\n<meta property=\"og:type\" content=\"article\" \/>\n<meta property=\"og:title\" content=\"Prime Scales PS-35 Thermal Label Printer | Bizautom\" \/>\n<meta property=\"og:description\" content=\"Enhance efficiency with Prime Scales PS-35 Thermal Label Printer. Fast, reliable, and versatile, it&#039;s the ultimate solution for your labeling needs. Visit us!\" \/>\n<meta property=\"og:url\" content=\"https:\/\/bizautom.com\/fr\/produit\/prime-scales-ps-35-thermal-label-paper-serial-printer\/\" \/>\n<meta property=\"og:site_name\" content=\"BizAutom\" \/>\n<meta property=\"article:publisher\" content=\"https:\/\/www.facebook.com\/people\/TINGCHEN-BizAutom\/61565746662873\/\" \/>\n<meta property=\"article:modified_time\" content=\"2026-05-04T19:17:10+00:00\" \/>\n<meta property=\"og:image\" content=\"https:\/\/bizautom.com\/wp-content\/uploads\/2023\/07\/Main.jpg\" \/>\n\t<meta property=\"og:image:width\" content=\"1546\" \/>\n\t<meta property=\"og:image:height\" content=\"1546\" \/>\n\t<meta property=\"og:image:type\" content=\"image\/jpeg\" \/>\n<meta name=\"twitter:card\" content=\"summary_large_image\" \/>\n<meta name=\"twitter:label1\" content=\"Dur\u00e9e de lecture estim\u00e9e\" \/>\n\t<meta name=\"twitter:data1\" content=\"2 minutes\" \/>\n<!-- \/ Yoast SEO plugin. -->","yoast_head_json":{"title":"Prime Scales PS-35 Thermal Label Printer | Bizautom","description":"Enhance efficiency with Prime Scales PS-35 Thermal Label Printer. Fast, reliable, and versatile, it's the ultimate solution for your labeling needs. Visit us!","robots":{"index":"index","follow":"follow","max-snippet":"max-snippet:-1","max-image-preview":"max-image-preview:large","max-video-preview":"max-video-preview:-1"},"canonical":"https:\/\/bizautom.com\/fr\/produit\/prime-scales-ps-35-thermal-label-paper-serial-printer\/","og_locale":"fr_FR","og_type":"article","og_title":"Prime Scales PS-35 Thermal Label Printer | Bizautom","og_description":"Enhance efficiency with Prime Scales PS-35 Thermal Label Printer. Fast, reliable, and versatile, it's the ultimate solution for your labeling needs. Visit us!","og_url":"https:\/\/bizautom.com\/fr\/produit\/prime-scales-ps-35-thermal-label-paper-serial-printer\/","og_site_name":"BizAutom","article_publisher":"https:\/\/www.facebook.com\/people\/TINGCHEN-BizAutom\/61565746662873\/","article_modified_time":"2026-05-04T19:17:10+00:00","og_image":[{"width":1546,"height":1546,"url":"https:\/\/bizautom.com\/wp-content\/uploads\/2023\/07\/Main.jpg","type":"image\/jpeg"}],"twitter_card":"summary_large_image","twitter_misc":{"Dur\u00e9e de lecture estim\u00e9e":"2 minutes"},"schema":{"@context":"https:\/\/schema.org","@graph":[{"@type":"WebPage","@id":"https:\/\/bizautom.com\/product\/prime-scales-ps-35-thermal-label-paper-serial-printer\/","url":"https:\/\/bizautom.com\/product\/prime-scales-ps-35-thermal-label-paper-serial-printer\/","name":"Prime Scales PS-35 Thermal Label Printer | Bizautom","isPartOf":{"@id":"https:\/\/bizautom.com\/#website"},"primaryImageOfPage":{"@id":"https:\/\/bizautom.com\/product\/prime-scales-ps-35-thermal-label-paper-serial-printer\/#primaryimage"},"image":{"@id":"https:\/\/bizautom.com\/product\/prime-scales-ps-35-thermal-label-paper-serial-printer\/#primaryimage"},"thumbnailUrl":"https:\/\/bizautom.com\/wp-content\/uploads\/2023\/07\/Main.jpg","datePublished":"2023-07-31T20:31:11+00:00","dateModified":"2026-05-04T19:17:10+00:00","description":"Enhance efficiency with Prime Scales PS-35 Thermal Label Printer. Fast, reliable, and versatile, it's the ultimate solution for your labeling needs. Visit us!","breadcrumb":{"@id":"https:\/\/bizautom.com\/product\/prime-scales-ps-35-thermal-label-paper-serial-printer\/#breadcrumb"},"inLanguage":"fr-FR","potentialAction":[{"@type":"ReadAction","target":["https:\/\/bizautom.com\/product\/prime-scales-ps-35-thermal-label-paper-serial-printer\/"]}]},{"@type":"ImageObject","inLanguage":"fr-FR","@id":"https:\/\/bizautom.com\/product\/prime-scales-ps-35-thermal-label-paper-serial-printer\/#primaryimage","url":"https:\/\/bizautom.com\/wp-content\/uploads\/2023\/07\/Main.jpg","contentUrl":"https:\/\/bizautom.com\/wp-content\/uploads\/2023\/07\/Main.jpg","width":1546,"height":1546},{"@type":"BreadcrumbList","@id":"https:\/\/bizautom.com\/product\/prime-scales-ps-35-thermal-label-paper-serial-printer\/#breadcrumb","itemListElement":[{"@type":"ListItem","position":1,"name":"Home","item":"https:\/\/bizautom.com\/"},{"@type":"ListItem","position":2,"name":"Shop","item":"https:\/\/bizautom.com\/shop-2\/"},{"@type":"ListItem","position":3,"name":"Prime Scales PS-35 Thermal Label \/ Paper Serial Printer"}]},{"@type":"WebSite","@id":"https:\/\/bizautom.com\/#website","url":"https:\/\/bizautom.com\/","name":"BizAutom","description":"Rapide. Pr\u00e9cis. Intelligent.","publisher":{"@id":"https:\/\/bizautom.com\/#organization"},"potentialAction":[{"@type":"SearchAction","target":{"@type":"EntryPoint","urlTemplate":"https:\/\/bizautom.com\/?s={search_term_string}"},"query-input":{"@type":"PropertyValueSpecification","valueRequired":true,"valueName":"search_term_string"}}],"inLanguage":"fr-FR"},{"@type":"Organization","@id":"https:\/\/bizautom.com\/#organization","name":"BizAutom","url":"https:\/\/bizautom.com\/","logo":{"@type":"ImageObject","inLanguage":"fr-FR","@id":"https:\/\/bizautom.com\/#\/schema\/logo\/image\/","url":"https:\/\/bizautom.com\/wp-content\/uploads\/2025\/04\/BizAutom_Logo_1.webp","contentUrl":"https:\/\/bizautom.com\/wp-content\/uploads\/2025\/04\/BizAutom_Logo_1.webp","width":455,"height":326,"caption":"BizAutom"},"image":{"@id":"https:\/\/bizautom.com\/#\/schema\/logo\/image\/"},"sameAs":["https:\/\/www.facebook.com\/people\/TINGCHEN-BizAutom\/61565746662873\/"]}]}},"jetpack-related-posts":[{"id":3127,"url":"https:\/\/bizautom.com\/fr\/produit\/prime-scales-ps-45-wide-format-thermal-label-paper-serial-printer\/","url_meta":{"origin":1074,"position":0},"title":"Prime Scales PS-45 Imprimante thermique grand format d'\u00e9tiquettes \/ papier en s\u00e9rie","author":"admin","date":"mars 30, 2025","format":false,"excerpt":"La PS-45 est notre imprimante au format le plus large, offrant des impressions instantan\u00e9es sur simple pression d'un bouton. Elle imprime sans effort des donn\u00e9es de poids, du texte, des codes-barres, des codes QR et des num\u00e9ros de s\u00e9rie sur du papier thermique en rouleau, des \u00e9tiquettes standard ou des \u00e9tiquettes continues jusqu'\u00e0 4,5\" de large.","rel":"","context":"Article similaire","block_context":{"text":"Article similaire","link":""},"img":{"alt_text":"","src":"https:\/\/i0.wp.com\/bizautom.com\/wp-content\/uploads\/2025\/03\/PS-45.jpg?resize=350%2C200&ssl=1","width":350,"height":200,"srcset":"https:\/\/i0.wp.com\/bizautom.com\/wp-content\/uploads\/2025\/03\/PS-45.jpg?resize=350%2C200&ssl=1 1x, https:\/\/i0.wp.com\/bizautom.com\/wp-content\/uploads\/2025\/03\/PS-45.jpg?resize=525%2C300&ssl=1 1.5x, https:\/\/i0.wp.com\/bizautom.com\/wp-content\/uploads\/2025\/03\/PS-45.jpg?resize=700%2C400&ssl=1 2x, https:\/\/i0.wp.com\/bizautom.com\/wp-content\/uploads\/2025\/03\/PS-45.jpg?resize=1050%2C600&ssl=1 3x, https:\/\/i0.wp.com\/bizautom.com\/wp-content\/uploads\/2025\/03\/PS-45.jpg?resize=1400%2C800&ssl=1 4x"},"classes":[]},{"id":2035,"url":"https:\/\/bizautom.com\/fr\/produit\/prime-systems-ps-k120s-g3-semi-automatic-stretch-wrap-machine-with-weight-and-height-measurement-and-printer\/","url_meta":{"origin":1074,"position":1},"title":"Prime Systems PS-K120S G3 Machine semi-automatique d'emballage sous film \u00e9tirable avec mesure du poids et de la hauteur et imprimante","author":"admin","date":"mars 2, 2025","format":false,"excerpt":"Enhance Your Shipping Efficiency & Cut Costs with the Prime Systems PS-K120S G3!","rel":"","context":"Article similaire","block_context":{"text":"Article similaire","link":""},"img":{"alt_text":"","src":"https:\/\/i0.wp.com\/bizautom.com\/wp-content\/uploads\/2025\/03\/K120S-G3.jpg?resize=350%2C200&ssl=1","width":350,"height":200,"srcset":"https:\/\/i0.wp.com\/bizautom.com\/wp-content\/uploads\/2025\/03\/K120S-G3.jpg?resize=350%2C200&ssl=1 1x, https:\/\/i0.wp.com\/bizautom.com\/wp-content\/uploads\/2025\/03\/K120S-G3.jpg?resize=525%2C300&ssl=1 1.5x, https:\/\/i0.wp.com\/bizautom.com\/wp-content\/uploads\/2025\/03\/K120S-G3.jpg?resize=700%2C400&ssl=1 2x, https:\/\/i0.wp.com\/bizautom.com\/wp-content\/uploads\/2025\/03\/K120S-G3.jpg?resize=1050%2C600&ssl=1 3x, https:\/\/i0.wp.com\/bizautom.com\/wp-content\/uploads\/2025\/03\/K120S-G3.jpg?resize=1400%2C800&ssl=1 4x"},"classes":[]},{"id":1024,"url":"https:\/\/bizautom.com\/fr\/produit\/prime-scales-ps-in202ss-stainless-steel-ntep-indicator-trade-legal\/","url_meta":{"origin":1074,"position":2},"title":"Prime Scales PS-IN202SS Indicateur NTEP en acier inoxydable - Trade Legal","author":"admin","date":"juillet 20, 2023","format":false,"excerpt":"The Prime PS-IN202SS indicator stands as a Legal For Trade (NTEP approved) device, equipped with serial output compatibility for printers or PCs. Encased in a robust 304 stainless steel enclosure with an IP-67 waterproof rating, it guarantees durability and protection. Renowned as the top choice for floor scales, small truck\u2026","rel":"","context":"Article similaire","block_context":{"text":"Article similaire","link":""},"img":{"alt_text":"prime scales ps-in202","src":"https:\/\/i0.wp.com\/bizautom.com\/wp-content\/uploads\/2023\/07\/PS-IN202SS.jpg?resize=350%2C200&ssl=1","width":350,"height":200,"srcset":"https:\/\/i0.wp.com\/bizautom.com\/wp-content\/uploads\/2023\/07\/PS-IN202SS.jpg?resize=350%2C200&ssl=1 1x, https:\/\/i0.wp.com\/bizautom.com\/wp-content\/uploads\/2023\/07\/PS-IN202SS.jpg?resize=525%2C300&ssl=1 1.5x, https:\/\/i0.wp.com\/bizautom.com\/wp-content\/uploads\/2023\/07\/PS-IN202SS.jpg?resize=700%2C400&ssl=1 2x, https:\/\/i0.wp.com\/bizautom.com\/wp-content\/uploads\/2023\/07\/PS-IN202SS.jpg?resize=1050%2C600&ssl=1 3x, https:\/\/i0.wp.com\/bizautom.com\/wp-content\/uploads\/2023\/07\/PS-IN202SS.jpg?resize=1400%2C800&ssl=1 4x"},"classes":[]},{"id":4337,"url":"https:\/\/bizautom.com\/fr\/produit\/bizautom-cubeweigh-dimensioner-and-scale-system\/","url_meta":{"origin":1074,"position":3},"title":"BizAutom BA-CBW Syst\u00e8me de dimensionnement et de pesage CubeWeigh","author":"admin","date":"juin 10, 2025","format":false,"excerpt":"Efficace. Pr\u00e9cis. Int\u00e9gr\u00e9.","rel":"","context":"Article similaire","block_context":{"text":"Article similaire","link":""},"img":{"alt_text":"","src":"https:\/\/i0.wp.com\/bizautom.com\/wp-content\/uploads\/2025\/06\/CubeWeigh.jpg?resize=350%2C200&ssl=1","width":350,"height":200,"srcset":"https:\/\/i0.wp.com\/bizautom.com\/wp-content\/uploads\/2025\/06\/CubeWeigh.jpg?resize=350%2C200&ssl=1 1x, https:\/\/i0.wp.com\/bizautom.com\/wp-content\/uploads\/2025\/06\/CubeWeigh.jpg?resize=525%2C300&ssl=1 1.5x, https:\/\/i0.wp.com\/bizautom.com\/wp-content\/uploads\/2025\/06\/CubeWeigh.jpg?resize=700%2C400&ssl=1 2x, https:\/\/i0.wp.com\/bizautom.com\/wp-content\/uploads\/2025\/06\/CubeWeigh.jpg?resize=1050%2C600&ssl=1 3x, https:\/\/i0.wp.com\/bizautom.com\/wp-content\/uploads\/2025\/06\/CubeWeigh.jpg?resize=1400%2C800&ssl=1 4x"},"classes":[]},{"id":957,"url":"https:\/\/bizautom.com\/fr\/produit\/prime-scales-ps-in202-digital-indicator-with-rs232-signal-output\/","url_meta":{"origin":1074,"position":4},"title":"Prime Scales PS-IN202 Indicateur num\u00e9rique avec sortie de signal RS232","author":"admin","date":"juillet 18, 2023","format":false,"excerpt":"Que vous ayez besoin d'un indicateur de base ou que vous pr\u00e9voyiez de connecter votre balance au r\u00e9seau BizAutom \u00e0 l'avenir, le PS-IN202 est un choix id\u00e9al.","rel":"","context":"Article similaire","block_context":{"text":"Article similaire","link":""},"img":{"alt_text":"","src":"https:\/\/i0.wp.com\/bizautom.com\/wp-content\/uploads\/2023\/07\/PS-IN202.jpg?resize=350%2C200&ssl=1","width":350,"height":200,"srcset":"https:\/\/i0.wp.com\/bizautom.com\/wp-content\/uploads\/2023\/07\/PS-IN202.jpg?resize=350%2C200&ssl=1 1x, https:\/\/i0.wp.com\/bizautom.com\/wp-content\/uploads\/2023\/07\/PS-IN202.jpg?resize=525%2C300&ssl=1 1.5x, https:\/\/i0.wp.com\/bizautom.com\/wp-content\/uploads\/2023\/07\/PS-IN202.jpg?resize=700%2C400&ssl=1 2x"},"classes":[]},{"id":2031,"url":"https:\/\/bizautom.com\/fr\/produit\/bizautom-pi-ii-scale-the-ultimate-round-weighing-solution\/","url_meta":{"origin":1074,"position":5},"title":"Balance BizAutom PI-II : La solution ultime de pes\u00e9e ronde","author":"admin","date":"f\u00e9vrier 28, 2025","format":false,"excerpt":"Introducing the BizAutom PI-II Scale \u2013 a game-changing innovation for modern weighing applications. Designed with versatility, efficiency, and durability in mind, the PI-II Scale is the perfect solution for operations requiring seamless integration with turntable stretch wrappers or as a standalone floor scale.","rel":"","context":"Article similaire","block_context":{"text":"Article similaire","link":""},"img":{"alt_text":"","src":"https:\/\/i0.wp.com\/bizautom.com\/wp-content\/uploads\/2025\/02\/PIPS-IN202SSP.jpg?resize=350%2C200&ssl=1","width":350,"height":200,"srcset":"https:\/\/i0.wp.com\/bizautom.com\/wp-content\/uploads\/2025\/02\/PIPS-IN202SSP.jpg?resize=350%2C200&ssl=1 1x, https:\/\/i0.wp.com\/bizautom.com\/wp-content\/uploads\/2025\/02\/PIPS-IN202SSP.jpg?resize=525%2C300&ssl=1 1.5x, https:\/\/i0.wp.com\/bizautom.com\/wp-content\/uploads\/2025\/02\/PIPS-IN202SSP.jpg?resize=700%2C400&ssl=1 2x, https:\/\/i0.wp.com\/bizautom.com\/wp-content\/uploads\/2025\/02\/PIPS-IN202SSP.jpg?resize=1050%2C600&ssl=1 3x, https:\/\/i0.wp.com\/bizautom.com\/wp-content\/uploads\/2025\/02\/PIPS-IN202SSP.jpg?resize=1400%2C800&ssl=1 4x"},"classes":[]}],"jetpack_sharing_enabled":true,"_links":{"self":[{"href":"https:\/\/bizautom.com\/fr\/wp-json\/wp\/v2\/product\/1074","targetHints":{"allow":["GET"]}}],"collection":[{"href":"https:\/\/bizautom.com\/fr\/wp-json\/wp\/v2\/product"}],"about":[{"href":"https:\/\/bizautom.com\/fr\/wp-json\/wp\/v2\/types\/product"}],"replies":[{"embeddable":true,"href":"https:\/\/bizautom.com\/fr\/wp-json\/wp\/v2\/comments?post=1074"}],"version-history":[{"count":2,"href":"https:\/\/bizautom.com\/fr\/wp-json\/wp\/v2\/product\/1074\/revisions"}],"predecessor-version":[{"id":5853,"href":"https:\/\/bizautom.com\/fr\/wp-json\/wp\/v2\/product\/1074\/revisions\/5853"}],"wp:featuredmedia":[{"embeddable":true,"href":"https:\/\/bizautom.com\/fr\/wp-json\/wp\/v2\/media\/1076"}],"wp:attachment":[{"href":"https:\/\/bizautom.com\/fr\/wp-json\/wp\/v2\/media?parent=1074"}],"wp:term":[{"taxonomy":"product_brand","embeddable":true,"href":"https:\/\/bizautom.com\/fr\/wp-json\/wp\/v2\/product_brand?post=1074"},{"taxonomy":"product_cat","embeddable":true,"href":"https:\/\/bizautom.com\/fr\/wp-json\/wp\/v2\/product_cat?post=1074"},{"taxonomy":"product_tag","embeddable":true,"href":"https:\/\/bizautom.com\/fr\/wp-json\/wp\/v2\/product_tag?post=1074"}],"curies":[{"name":"wp","href":"https:\/\/api.w.org\/{rel}","templated":true}]}}