{"id":1159,"date":"2023-11-07T06:06:47","date_gmt":"2023-11-07T06:06:47","guid":{"rendered":"https:\/\/bizautom.com\/?post_type=product&#038;p=1159"},"modified":"2024-08-23T10:23:47","modified_gmt":"2024-08-23T10:23:47","slug":"bizautom-automatic-particle-filling-machine","status":"publish","type":"product","link":"https:\/\/bizautom.com\/fr\/produit\/bizautom-automatic-particle-filling-machine\/","title":{"rendered":"Machine automatique de remplissage de particules BizAutom"},"content":{"rendered":"<p><span style=\"font-weight: 400;\">Vous en avez assez de la lenteur et de la frustration du remplissage manuel de particules dans des conteneurs ? Vous vous inqui\u00e9tez des erreurs, des produits gaspill\u00e9s et de la p\u00e9nibilit\u00e9 du travail manuel ? Il est temps de vous lib\u00e9rer de ces maux de t\u00eate !\u00a0<\/span><\/p>\n<p><span style=\"font-weight: 400;\">La machine de remplissage automatique de particules BizAutom est une solution qui change la donne et apporte pr\u00e9cision, rapidit\u00e9 et fiabilit\u00e9 \u00e0 votre processus d'emballage de particules. Avec notre machine, vous pouvez dire adieu au travail manuel fastidieux et dire bonjour \u00e0 un avenir plus efficace, plus productif et plus rentable.<\/span><\/p>\n<p><span style=\"font-weight: 400;\">Notre machine de pointe est con\u00e7ue pour offrir une grande pr\u00e9cision dans le remplissage des particules, garantissant que chaque conteneur est rempli au poids exact que vous souhaitez. Gr\u00e2ce \u00e0 sa technologie avanc\u00e9e, vous pouvez dire adieu \u00e0 l'inefficacit\u00e9 et dire bonjour \u00e0 un processus d'emballage plus rapide, plus pr\u00e9cis et sans tracas.<\/span><\/p>\n<h2><b>Caract\u00e9ristiques principales<\/b><\/h2>\n<p><span style=\"font-weight: 400;\">Examinons les principales caract\u00e9ristiques de notre machine de remplissage automatique :<\/span><\/p>\n<ul>\n<li style=\"font-weight: 400;\" aria-level=\"1\"><b>Remplissage pr\u00e9cis :<\/b><span style=\"font-weight: 400;\"> Notre machine remplit chaque conteneur \u00e0 la quantit\u00e9 exacte que vous souhaitez, ce qui r\u00e9duit le gaspillage et les erreurs.<\/span><\/li>\n<li style=\"font-weight: 400;\" aria-level=\"1\"><b>Une production plus rapide : <\/b><span style=\"font-weight: 400;\">\u00c9conomisez du temps et des efforts gr\u00e2ce \u00e0 notre machine automatis\u00e9e. Elle remplit les conteneurs rapidement, ce qui vous permet de produire davantage et de respecter facilement les d\u00e9lais.<\/span><\/li>\n<li style=\"font-weight: 400;\" aria-level=\"1\"><b>Fonctionne avec n'importe quelle particule : <\/b><span style=\"font-weight: 400;\">Que vous travailliez avec des poudres fines ou des granul\u00e9s plus gros, notre machine peut s'en charger. Vous pouvez ajuster les r\u00e9glages en fonction des diff\u00e9rents types et tailles de particules.<\/span><\/li>\n<li style=\"font-weight: 400;\" aria-level=\"1\"><b>Facile \u00e0 utiliser : <\/b><span style=\"font-weight: 400;\">Notre machine est simple \u00e0 utiliser, m\u00eame pour ceux qui ne sont pas familiers avec la technologie. Vous pouvez l'installer et commencer \u00e0 l'utiliser imm\u00e9diatement, avec un minimum de formation.<\/span><\/li>\n<li style=\"font-weight: 400;\" aria-level=\"1\"><b>Construit pour durer : <\/b><span style=\"font-weight: 400;\">Notre machine est fabriqu\u00e9e avec des mat\u00e9riaux de haute qualit\u00e9, elle durera donc longtemps et n\u00e9cessitera moins d'entretien.<\/span><\/li>\n<li style=\"font-weight: 400;\" aria-level=\"1\"><b>S\u00fbr et s\u00e9curis\u00e9 :<\/b><span style=\"font-weight: 400;\"> Nous avons int\u00e9gr\u00e9 des dispositifs de s\u00e9curit\u00e9 \u00e0 la machine pour vous prot\u00e9ger et prot\u00e9ger l'\u00e9quipement. Il est conforme aux normes de s\u00e9curit\u00e9 de l'industrie, ce qui vous permet d'avoir l'esprit tranquille.<\/span><\/li>\n<\/ul>\n<ul>\n<li style=\"font-weight: 400;\" aria-level=\"1\"><b>Conception peu encombrante :<\/b><span style=\"font-weight: 400;\"> Ne vous inqui\u00e9tez pas de l'encombrement de la machine, elle est con\u00e7ue pour s'int\u00e9grer \u00e0 votre ligne de production existante.<\/span><\/li>\n<li style=\"font-weight: 400;\" aria-level=\"1\"><b>Vous \u00e9conomisez de l'argent :<\/b><span style=\"font-weight: 400;\"> En automatisant votre processus de remplissage, vous \u00e9conomiserez sur les co\u00fbts de main-d'\u0153uvre et r\u00e9duirez les erreurs. Cela se traduit par une augmentation des b\u00e9n\u00e9fices et un retour rapide sur investissement.<\/span><\/li>\n<\/ul>\n<h2><b>Applications<\/b><\/h2>\n<p><span style=\"font-weight: 400;\">Notre machine est id\u00e9ale pour un large \u00e9ventail d'industries, notamment :<\/span><\/p>\n<ul>\n<li style=\"font-weight: 400;\" aria-level=\"1\"><span style=\"font-weight: 400;\">Produits pharmaceutiques<\/span><\/li>\n<li style=\"font-weight: 400;\" aria-level=\"1\"><span style=\"font-weight: 400;\">Alimentation<\/span><\/li>\n<li style=\"font-weight: 400;\" aria-level=\"1\"><span style=\"font-weight: 400;\">Produits chimiques<\/span><\/li>\n<li style=\"font-weight: 400;\" aria-level=\"1\"><span style=\"font-weight: 400;\">Cosm\u00e9tiques<\/span><\/li>\n<li style=\"font-weight: 400;\" aria-level=\"1\"><span style=\"font-weight: 400;\">Agriculture<\/span><\/li>\n<li style=\"font-weight: 400;\" aria-level=\"1\"><span style=\"font-weight: 400;\">Et plus encore !<\/span><\/li>\n<\/ul>\n<p><span style=\"font-weight: 400;\">Il est parfait pour remplir des r\u00e9cipients avec des produits tels que.. :<\/span><\/p>\n<ul>\n<li style=\"font-weight: 400;\" aria-level=\"1\"><span style=\"font-weight: 400;\">Capsules<\/span><\/li>\n<li style=\"font-weight: 400;\" aria-level=\"1\"><span style=\"font-weight: 400;\">Tablettes<\/span><\/li>\n<li style=\"font-weight: 400;\" aria-level=\"1\"><span style=\"font-weight: 400;\">C\u00e9r\u00e9ales<\/span><\/li>\n<li style=\"font-weight: 400;\" aria-level=\"1\"><span style=\"font-weight: 400;\">Semences<\/span><\/li>\n<li style=\"font-weight: 400;\" aria-level=\"1\"><span style=\"font-weight: 400;\">\u00c9pices<\/span><\/li>\n<li style=\"font-weight: 400;\" aria-level=\"1\"><span style=\"font-weight: 400;\">Autres petites particules<\/span><\/li>\n<\/ul>\n<p><span style=\"font-weight: 400;\">Que vous soyez une petite entreprise ou un grand fabricant, cette machine am\u00e9liorera votre efficacit\u00e9 op\u00e9rationnelle et la qualit\u00e9 de vos produits.<\/span><\/p>\n<h2><b>Sp\u00e9cifications techniques<\/b><\/h2>\n<ul>\n<li style=\"font-weight: 400;\" aria-level=\"1\"><span style=\"font-weight: 400;\">Poids 88lbs<\/span><\/li>\n<li style=\"font-weight: 400;\" aria-level=\"1\"><span style=\"font-weight: 400;\">23\u2033 \u00d7 22\u2033 \u00d7 61.5\u2033 dimensions<\/span><\/li>\n<li style=\"font-weight: 400;\" aria-level=\"1\"><span style=\"font-weight: 400;\">0,35 oz de pr\u00e9cision<\/span><\/li>\n<li style=\"font-weight: 400;\" aria-level=\"1\"><span style=\"font-weight: 400;\">6-12 Sacs\/Min vitesse d'emballage<\/span><\/li>\n<li style=\"font-weight: 400;\" aria-level=\"1\"><span style=\"font-weight: 400;\">3.53 oz-352.7 oz plage de remplissage<\/span><\/li>\n<\/ul>\n<h2><b>Foire aux questions (FAQ)<\/b><\/h2>\n<h3><b>1 : Quels types de particules la machine peut-elle traiter ?<\/b><\/h3>\n<p><span style=\"font-weight: 400;\">Notre machine peut traiter une large gamme de particules, y compris les poudres, les granul\u00e9s et les petits objets.<\/span><\/p>\n<h3><b>2 : Quelle est la pr\u00e9cision de la machine ?\u00a0<\/b><\/h3>\n<p><span style=\"font-weight: 400;\">Notre machine a une pr\u00e9cision de 0,35 oz, ce qui garantit que chaque r\u00e9cipient est rempli au poids exact que vous souhaitez.<\/span><\/p>\n<h3><b>3 : La machine peut-elle \u00eatre adapt\u00e9e \u00e0 diff\u00e9rents types et tailles de particules ?\u00a0<\/b><\/h3>\n<p><span style=\"font-weight: 400;\">Oui, notre machine dispose de param\u00e8tres r\u00e9glables qui vous permettent d'adapter le processus de remplissage \u00e0 diff\u00e9rents types, tailles et densit\u00e9s de particules.<\/span><\/p>\n<h3><b>4 : La machine peut-elle \u00eatre utilis\u00e9e en toute s\u00e9curit\u00e9 ?\u00a0<\/b><\/h3>\n<p><span style=\"font-weight: 400;\">Oui, notre machine est conforme aux normes de s\u00e9curit\u00e9 de l'industrie et dispose de dispositifs de s\u00e9curit\u00e9 int\u00e9gr\u00e9s qui prot\u00e8gent \u00e0 la fois les op\u00e9rateurs et la machine elle-m\u00eame.<\/span><\/p>\n<h3><b>5 : Quel est le retour sur investissement de la machine ?\u00a0<\/b><\/h3>\n<p><span style=\"font-weight: 400;\">En automatisant votre processus de remplissage, vous \u00e9conomiserez sur les co\u00fbts de main-d'\u0153uvre et r\u00e9duirez la marge d'erreur, ce qui se traduira par une augmentation des b\u00e9n\u00e9fices et un retour rapide sur votre investissement.<\/span><\/p>\n<p><span style=\"font-weight: 400;\">Abandonnez le travail manuel et atteignez de nouveaux sommets. Contactez BizAutom d\u00e8s aujourd'hui et d\u00e9couvrez comment notre machine de remplissage automatique de particules peut transformer votre processus d'emballage de particules. Faites le premier pas vers un avenir plus efficace, plus productif et plus rentable.\u00a0<\/span><\/p>\n<p><span style=\"font-weight: 400;\">Notre \u00e9quipe d'experts travaillera avec vous pour comprendre vos besoins uniques et vous fournir une solution personnalis\u00e9e qui r\u00e9pond \u00e0 vos objectifs commerciaux. Avec notre machine, vous pourrez vous concentrer sur ce qui compte le plus : d\u00e9velopper votre entreprise et rester en t\u00eate de la concurrence. Demandez un devis d\u00e8s aujourd'hui et commencez \u00e0 obtenir les r\u00e9sultats que vous m\u00e9ritez !<\/span><\/p>","protected":false},"excerpt":{"rendered":"<p>\u00cates-vous fatigu\u00e9 de la t\u00e2che fastidieuse et chronophage du remplissage manuel de particules dans des conteneurs ? Dites adieu \u00e0 l'inefficacit\u00e9 et bonjour \u00e0 l'avenir du remplissage de pr\u00e9cision gr\u00e2ce \u00e0 notre machine de remplissage automatique de particules. Cet \u00e9quipement de pointe est con\u00e7u pour r\u00e9volutionner votre processus d'emballage de particules, en le rendant plus rapide, plus pr\u00e9cis et plus simple.<\/p>","protected":false},"featured_media":1161,"comment_status":"open","ping_status":"closed","template":"","meta":[],"product_brand":[51],"product_cat":[15,28],"product_tag":[80],"class_list":{"0":"post-1159","1":"product","2":"type-product","3":"status-publish","4":"has-post-thumbnail","6":"product_brand-bizautom","7":"product_cat-industrial-equipment","8":"product_cat-packing-machine","9":"product_tag-particle-filling","11":"first","12":"instock","13":"taxable","14":"shipping-taxable","15":"product-type-simple"},"yoast_head":"<!-- This site is optimized with the Yoast SEO plugin v27.4 - https:\/\/yoast.com\/product\/yoast-seo-wordpress\/ -->\n<title>Efficient Bizautom Automatic Particle Filling Machine<\/title>\n<meta name=\"description\" content=\"Introducing our Automatic Particle Filling Machine - the future of precision filling. Say goodbye to manual labor and hello to efficiency. Book an order now!\" \/>\n<meta name=\"robots\" content=\"index, follow, max-snippet:-1, max-image-preview:large, max-video-preview:-1\" \/>\n<link rel=\"canonical\" href=\"https:\/\/bizautom.com\/fr\/produit\/bizautom-automatic-particle-filling-machine\/\" \/>\n<meta property=\"og:locale\" content=\"fr_FR\" \/>\n<meta property=\"og:type\" content=\"article\" \/>\n<meta property=\"og:title\" content=\"Efficient Bizautom Automatic Particle Filling Machine\" \/>\n<meta property=\"og:description\" content=\"Introducing our Automatic Particle Filling Machine - the future of precision filling. Say goodbye to manual labor and hello to efficiency. Book an order now!\" \/>\n<meta property=\"og:url\" content=\"https:\/\/bizautom.com\/fr\/produit\/bizautom-automatic-particle-filling-machine\/\" \/>\n<meta property=\"og:site_name\" content=\"BizAutom\" \/>\n<meta property=\"article:publisher\" content=\"https:\/\/www.facebook.com\/people\/TINGCHEN-BizAutom\/61565746662873\/\" \/>\n<meta property=\"article:modified_time\" content=\"2024-08-23T10:23:47+00:00\" \/>\n<meta property=\"og:image\" content=\"https:\/\/bizautom.com\/wp-content\/uploads\/2023\/11\/BA-APF.jpg\" \/>\n\t<meta property=\"og:image:width\" content=\"1440\" \/>\n\t<meta property=\"og:image:height\" content=\"1440\" \/>\n\t<meta property=\"og:image:type\" content=\"image\/jpeg\" \/>\n<meta name=\"twitter:card\" content=\"summary_large_image\" \/>\n<meta name=\"twitter:label1\" content=\"Dur\u00e9e de lecture estim\u00e9e\" \/>\n\t<meta name=\"twitter:data1\" content=\"4 minutes\" \/>\n<!-- \/ Yoast SEO plugin. -->","yoast_head_json":{"title":"Efficient Bizautom Automatic Particle Filling Machine","description":"Introducing our Automatic Particle Filling Machine - the future of precision filling. Say goodbye to manual labor and hello to efficiency. Book an order now!","robots":{"index":"index","follow":"follow","max-snippet":"max-snippet:-1","max-image-preview":"max-image-preview:large","max-video-preview":"max-video-preview:-1"},"canonical":"https:\/\/bizautom.com\/fr\/produit\/bizautom-automatic-particle-filling-machine\/","og_locale":"fr_FR","og_type":"article","og_title":"Efficient Bizautom Automatic Particle Filling Machine","og_description":"Introducing our Automatic Particle Filling Machine - the future of precision filling. Say goodbye to manual labor and hello to efficiency. Book an order now!","og_url":"https:\/\/bizautom.com\/fr\/produit\/bizautom-automatic-particle-filling-machine\/","og_site_name":"BizAutom","article_publisher":"https:\/\/www.facebook.com\/people\/TINGCHEN-BizAutom\/61565746662873\/","article_modified_time":"2024-08-23T10:23:47+00:00","og_image":[{"width":1440,"height":1440,"url":"https:\/\/bizautom.com\/wp-content\/uploads\/2023\/11\/BA-APF.jpg","type":"image\/jpeg"}],"twitter_card":"summary_large_image","twitter_misc":{"Dur\u00e9e de lecture estim\u00e9e":"4 minutes"},"schema":{"@context":"https:\/\/schema.org","@graph":[{"@type":"WebPage","@id":"https:\/\/bizautom.com\/product\/bizautom-automatic-particle-filling-machine\/","url":"https:\/\/bizautom.com\/product\/bizautom-automatic-particle-filling-machine\/","name":"Efficient Bizautom Automatic Particle Filling Machine","isPartOf":{"@id":"https:\/\/bizautom.com\/#website"},"primaryImageOfPage":{"@id":"https:\/\/bizautom.com\/product\/bizautom-automatic-particle-filling-machine\/#primaryimage"},"image":{"@id":"https:\/\/bizautom.com\/product\/bizautom-automatic-particle-filling-machine\/#primaryimage"},"thumbnailUrl":"https:\/\/bizautom.com\/wp-content\/uploads\/2023\/11\/BA-APF.jpg","datePublished":"2023-11-07T06:06:47+00:00","dateModified":"2024-08-23T10:23:47+00:00","description":"Introducing our Automatic Particle Filling Machine - the future of precision filling. Say goodbye to manual labor and hello to efficiency. Book an order now!","breadcrumb":{"@id":"https:\/\/bizautom.com\/product\/bizautom-automatic-particle-filling-machine\/#breadcrumb"},"inLanguage":"fr-FR","potentialAction":[{"@type":"ReadAction","target":["https:\/\/bizautom.com\/product\/bizautom-automatic-particle-filling-machine\/"]}]},{"@type":"ImageObject","inLanguage":"fr-FR","@id":"https:\/\/bizautom.com\/product\/bizautom-automatic-particle-filling-machine\/#primaryimage","url":"https:\/\/bizautom.com\/wp-content\/uploads\/2023\/11\/BA-APF.jpg","contentUrl":"https:\/\/bizautom.com\/wp-content\/uploads\/2023\/11\/BA-APF.jpg","width":1440,"height":1440},{"@type":"BreadcrumbList","@id":"https:\/\/bizautom.com\/product\/bizautom-automatic-particle-filling-machine\/#breadcrumb","itemListElement":[{"@type":"ListItem","position":1,"name":"Home","item":"https:\/\/bizautom.com\/"},{"@type":"ListItem","position":2,"name":"Shop","item":"https:\/\/bizautom.com\/shop-2\/"},{"@type":"ListItem","position":3,"name":"BizAutom Automatic Particle Filling Machine"}]},{"@type":"WebSite","@id":"https:\/\/bizautom.com\/#website","url":"https:\/\/bizautom.com\/","name":"BizAutom","description":"Rapide. Pr\u00e9cis. Intelligent.","publisher":{"@id":"https:\/\/bizautom.com\/#organization"},"potentialAction":[{"@type":"SearchAction","target":{"@type":"EntryPoint","urlTemplate":"https:\/\/bizautom.com\/?s={search_term_string}"},"query-input":{"@type":"PropertyValueSpecification","valueRequired":true,"valueName":"search_term_string"}}],"inLanguage":"fr-FR"},{"@type":"Organization","@id":"https:\/\/bizautom.com\/#organization","name":"BizAutom","url":"https:\/\/bizautom.com\/","logo":{"@type":"ImageObject","inLanguage":"fr-FR","@id":"https:\/\/bizautom.com\/#\/schema\/logo\/image\/","url":"https:\/\/bizautom.com\/wp-content\/uploads\/2025\/04\/BizAutom_Logo_1.webp","contentUrl":"https:\/\/bizautom.com\/wp-content\/uploads\/2025\/04\/BizAutom_Logo_1.webp","width":455,"height":326,"caption":"BizAutom"},"image":{"@id":"https:\/\/bizautom.com\/#\/schema\/logo\/image\/"},"sameAs":["https:\/\/www.facebook.com\/people\/TINGCHEN-BizAutom\/61565746662873\/"]}]}},"jetpack-related-posts":[{"id":1178,"url":"https:\/\/bizautom.com\/fr\/produit\/bizautom-anti-bulging-bagging-scale\/","url_meta":{"origin":1159,"position":0},"title":"Balance d'ensachage BizAutom Anti-Bulging","author":"admin","date":"janvier 11, 2024","format":false,"excerpt":"Are you tired of dealing with bulging bags that are a hassle to stack and require extra effort to reshape? Look no further! BizAutom has its Anti-Bulging Bagging Scale, a game-changing solution for efficient particle bagging.\u00a0 Our innovative scale is designed to maintain the shape of your bags during the\u2026","rel":"","context":"Article similaire","block_context":{"text":"Article similaire","link":""},"img":{"alt_text":"","src":"https:\/\/i0.wp.com\/bizautom.com\/wp-content\/uploads\/2024\/01\/BA-BG2424_Bag-scaled.jpg?resize=350%2C200&ssl=1","width":350,"height":200,"srcset":"https:\/\/i0.wp.com\/bizautom.com\/wp-content\/uploads\/2024\/01\/BA-BG2424_Bag-scaled.jpg?resize=350%2C200&ssl=1 1x, https:\/\/i0.wp.com\/bizautom.com\/wp-content\/uploads\/2024\/01\/BA-BG2424_Bag-scaled.jpg?resize=525%2C300&ssl=1 1.5x, https:\/\/i0.wp.com\/bizautom.com\/wp-content\/uploads\/2024\/01\/BA-BG2424_Bag-scaled.jpg?resize=700%2C400&ssl=1 2x, https:\/\/i0.wp.com\/bizautom.com\/wp-content\/uploads\/2024\/01\/BA-BG2424_Bag-scaled.jpg?resize=1050%2C600&ssl=1 3x, https:\/\/i0.wp.com\/bizautom.com\/wp-content\/uploads\/2024\/01\/BA-BG2424_Bag-scaled.jpg?resize=1400%2C800&ssl=1 4x"},"classes":[]},{"id":1212,"url":"https:\/\/bizautom.com\/fr\/produit\/bizautom-ba-k120s-g4-versatile-stretch-wrap-machine-with-integrated-3-dimensional-weight-scale-and-label-printer\/","url_meta":{"origin":1159,"position":1},"title":"BizAutom BA-K120S G4 Machine d'emballage \u00e9tirable polyvalente avec balance de poids tridimensionnelle int\u00e9gr\u00e9e et imprimante d'\u00e9tiquettes","author":"admin","date":"janvier 22, 2024","format":false,"excerpt":"Nous vous pr\u00e9sentons la premi\u00e8re banderoleuse au monde dot\u00e9e d'une balance tridimensionnelle int\u00e9gr\u00e9e. Cette machine polyvalente peut emballer, peser, mesurer, imprimer et transmettre en une seule op\u00e9ration, ce qui vous permet d'\u00e9conomiser du temps et de l'argent.","rel":"","context":"Article similaire","block_context":{"text":"Article similaire","link":""},"img":{"alt_text":"","src":"https:\/\/i0.wp.com\/bizautom.com\/wp-content\/uploads\/2024\/01\/BA-K120S-WrappingMachineG4Color.jpg?resize=350%2C200&ssl=1","width":350,"height":200,"srcset":"https:\/\/i0.wp.com\/bizautom.com\/wp-content\/uploads\/2024\/01\/BA-K120S-WrappingMachineG4Color.jpg?resize=350%2C200&ssl=1 1x, https:\/\/i0.wp.com\/bizautom.com\/wp-content\/uploads\/2024\/01\/BA-K120S-WrappingMachineG4Color.jpg?resize=525%2C300&ssl=1 1.5x, https:\/\/i0.wp.com\/bizautom.com\/wp-content\/uploads\/2024\/01\/BA-K120S-WrappingMachineG4Color.jpg?resize=700%2C400&ssl=1 2x"},"classes":[]},{"id":1068,"url":"https:\/\/bizautom.com\/fr\/produit\/bizautom-12x12-stainless-steel-static-checkweigher-with-stack-light-buzzer\/","url_meta":{"origin":1159,"position":2},"title":"BizAutom 12\u2033x12\u2033 trieuse pond\u00e9rale statique en acier inoxydable avec lumi\u00e8re de pile \/ buzzer","author":"admin","date":"juillet 28, 2023","format":false,"excerpt":"Upgrade your weighing process with the BizAutom\u2122 Static Checkweigher and experience unparalleled efficiency, accuracy, and reliability. Join countless satisfied customers who have transformed their operations with this innovative solution. Invest in your business's success today!","rel":"","context":"Article similaire","block_context":{"text":"Article similaire","link":""},"img":{"alt_text":"","src":"https:\/\/i0.wp.com\/bizautom.com\/wp-content\/uploads\/2023\/07\/BA-SCW1212.jpg?resize=350%2C200&ssl=1","width":350,"height":200,"srcset":"https:\/\/i0.wp.com\/bizautom.com\/wp-content\/uploads\/2023\/07\/BA-SCW1212.jpg?resize=350%2C200&ssl=1 1x, https:\/\/i0.wp.com\/bizautom.com\/wp-content\/uploads\/2023\/07\/BA-SCW1212.jpg?resize=525%2C300&ssl=1 1.5x, https:\/\/i0.wp.com\/bizautom.com\/wp-content\/uploads\/2023\/07\/BA-SCW1212.jpg?resize=700%2C400&ssl=1 2x, https:\/\/i0.wp.com\/bizautom.com\/wp-content\/uploads\/2023\/07\/BA-SCW1212.jpg?resize=1050%2C600&ssl=1 3x, https:\/\/i0.wp.com\/bizautom.com\/wp-content\/uploads\/2023\/07\/BA-SCW1212.jpg?resize=1400%2C800&ssl=1 4x"},"classes":[]},{"id":4183,"url":"https:\/\/bizautom.com\/fr\/produit\/bizautom-ba-fc150-fast-counting-module-precision-and-speed-for-modern-automation\/","url_meta":{"origin":1159,"position":3},"title":"BizAutom BA-FC150 Module de comptage rapide - Pr\u00e9cision et rapidit\u00e9 pour l'automatisation moderne","author":"admin","date":"avril 24, 2025","format":false,"excerpt":"Qu'il s'agisse d'optimiser une ligne d'emballage, d'automatiser des syst\u00e8mes d'inspection ou de contr\u00f4ler des taux de production, nos modules offrent la fiabilit\u00e9 et la pr\u00e9cision dont vous avez besoin pour garder une longueur d'avance.","rel":"","context":"Article similaire","block_context":{"text":"Article similaire","link":""},"img":{"alt_text":"","src":"https:\/\/i0.wp.com\/bizautom.com\/wp-content\/uploads\/2025\/04\/BA-FC150-scaled.jpg?resize=350%2C200&ssl=1","width":350,"height":200,"srcset":"https:\/\/i0.wp.com\/bizautom.com\/wp-content\/uploads\/2025\/04\/BA-FC150-scaled.jpg?resize=350%2C200&ssl=1 1x, https:\/\/i0.wp.com\/bizautom.com\/wp-content\/uploads\/2025\/04\/BA-FC150-scaled.jpg?resize=525%2C300&ssl=1 1.5x, https:\/\/i0.wp.com\/bizautom.com\/wp-content\/uploads\/2025\/04\/BA-FC150-scaled.jpg?resize=700%2C400&ssl=1 2x, https:\/\/i0.wp.com\/bizautom.com\/wp-content\/uploads\/2025\/04\/BA-FC150-scaled.jpg?resize=1050%2C600&ssl=1 3x, https:\/\/i0.wp.com\/bizautom.com\/wp-content\/uploads\/2025\/04\/BA-FC150-scaled.jpg?resize=1400%2C800&ssl=1 4x"},"classes":[]},{"id":3763,"url":"https:\/\/bizautom.com\/fr\/produit\/ba-ds2424-shipstation-version-automated-shipping-integration-that-saves-big-on-labor\/","url_meta":{"origin":1159,"position":4},"title":"BA-DS2424-Auto - Balance dimensionnelle automatis\u00e9e avec int\u00e9gration de l'exp\u00e9dition qui permet de r\u00e9aliser d'importantes \u00e9conomies de main-d'\u0153uvre","author":"admin","date":"avril 8, 2025","format":false,"excerpt":"\ud83d\udee0\ufe0f Ready to Save Time and Labor? If your team is still doing shipping the manual way, it\u2019s time to level up. The BA-DS2424 Shipstation Version can reduce your processing time by over 60% per order, eliminate repetitive data entry, and help your warehouse ship more with fewer hands. Stop\u2026","rel":"","context":"Article similaire","block_context":{"text":"Article similaire","link":""},"img":{"alt_text":"","src":"https:\/\/i0.wp.com\/bizautom.com\/wp-content\/uploads\/2025\/04\/BA-DS2424-Auto-scaled.webp?resize=350%2C200&ssl=1","width":350,"height":200,"srcset":"https:\/\/i0.wp.com\/bizautom.com\/wp-content\/uploads\/2025\/04\/BA-DS2424-Auto-scaled.webp?resize=350%2C200&ssl=1 1x, https:\/\/i0.wp.com\/bizautom.com\/wp-content\/uploads\/2025\/04\/BA-DS2424-Auto-scaled.webp?resize=525%2C300&ssl=1 1.5x, https:\/\/i0.wp.com\/bizautom.com\/wp-content\/uploads\/2025\/04\/BA-DS2424-Auto-scaled.webp?resize=700%2C400&ssl=1 2x, https:\/\/i0.wp.com\/bizautom.com\/wp-content\/uploads\/2025\/04\/BA-DS2424-Auto-scaled.webp?resize=1050%2C600&ssl=1 3x, https:\/\/i0.wp.com\/bizautom.com\/wp-content\/uploads\/2025\/04\/BA-DS2424-Auto-scaled.webp?resize=1400%2C800&ssl=1 4x"},"classes":[]},{"id":2035,"url":"https:\/\/bizautom.com\/fr\/produit\/prime-systems-ps-k120s-g3-semi-automatic-stretch-wrap-machine-with-weight-and-height-measurement-and-printer\/","url_meta":{"origin":1159,"position":5},"title":"Prime Systems PS-K120S G3 Machine semi-automatique d'emballage sous film \u00e9tirable avec mesure du poids et de la hauteur et imprimante","author":"admin","date":"mars 2, 2025","format":false,"excerpt":"Enhance Your Shipping Efficiency & Cut Costs with the Prime Systems PS-K120S G3!","rel":"","context":"Article similaire","block_context":{"text":"Article similaire","link":""},"img":{"alt_text":"","src":"https:\/\/i0.wp.com\/bizautom.com\/wp-content\/uploads\/2025\/03\/K120S-G3.jpg?resize=350%2C200&ssl=1","width":350,"height":200,"srcset":"https:\/\/i0.wp.com\/bizautom.com\/wp-content\/uploads\/2025\/03\/K120S-G3.jpg?resize=350%2C200&ssl=1 1x, https:\/\/i0.wp.com\/bizautom.com\/wp-content\/uploads\/2025\/03\/K120S-G3.jpg?resize=525%2C300&ssl=1 1.5x, https:\/\/i0.wp.com\/bizautom.com\/wp-content\/uploads\/2025\/03\/K120S-G3.jpg?resize=700%2C400&ssl=1 2x, https:\/\/i0.wp.com\/bizautom.com\/wp-content\/uploads\/2025\/03\/K120S-G3.jpg?resize=1050%2C600&ssl=1 3x, https:\/\/i0.wp.com\/bizautom.com\/wp-content\/uploads\/2025\/03\/K120S-G3.jpg?resize=1400%2C800&ssl=1 4x"},"classes":[]}],"jetpack_sharing_enabled":true,"_links":{"self":[{"href":"https:\/\/bizautom.com\/fr\/wp-json\/wp\/v2\/product\/1159","targetHints":{"allow":["GET"]}}],"collection":[{"href":"https:\/\/bizautom.com\/fr\/wp-json\/wp\/v2\/product"}],"about":[{"href":"https:\/\/bizautom.com\/fr\/wp-json\/wp\/v2\/types\/product"}],"replies":[{"embeddable":true,"href":"https:\/\/bizautom.com\/fr\/wp-json\/wp\/v2\/comments?post=1159"}],"version-history":[{"count":0,"href":"https:\/\/bizautom.com\/fr\/wp-json\/wp\/v2\/product\/1159\/revisions"}],"wp:featuredmedia":[{"embeddable":true,"href":"https:\/\/bizautom.com\/fr\/wp-json\/wp\/v2\/media\/1161"}],"wp:attachment":[{"href":"https:\/\/bizautom.com\/fr\/wp-json\/wp\/v2\/media?parent=1159"}],"wp:term":[{"taxonomy":"product_brand","embeddable":true,"href":"https:\/\/bizautom.com\/fr\/wp-json\/wp\/v2\/product_brand?post=1159"},{"taxonomy":"product_cat","embeddable":true,"href":"https:\/\/bizautom.com\/fr\/wp-json\/wp\/v2\/product_cat?post=1159"},{"taxonomy":"product_tag","embeddable":true,"href":"https:\/\/bizautom.com\/fr\/wp-json\/wp\/v2\/product_tag?post=1159"}],"curies":[{"name":"wp","href":"https:\/\/api.w.org\/{rel}","templated":true}]}}