{"id":1178,"date":"2024-01-11T18:42:41","date_gmt":"2024-01-11T18:42:41","guid":{"rendered":"https:\/\/bizautom.com\/?post_type=product&#038;p=1178"},"modified":"2026-05-04T15:15:37","modified_gmt":"2026-05-04T19:15:37","slug":"bizautom-anti-bulging-bagging-scale","status":"publish","type":"product","link":"https:\/\/bizautom.com\/fr\/produit\/bizautom-anti-bulging-bagging-scale\/","title":{"rendered":"Balance d'ensachage BizAutom Anti-Bulging"},"content":{"rendered":"<p><span style=\"font-weight: 400;\">Vous en avez assez des sacs gonfl\u00e9s qui sont difficiles \u00e0 empiler et qui demandent un effort suppl\u00e9mentaire pour \u00eatre remodel\u00e9s ? Ne cherchez plus ! BizAutom propose sa balance d'ensachage anti-gonflage, une solution qui change la donne pour un ensachage efficace des particules.\u00a0<\/span><\/p>\n<p><span style=\"font-weight: 400;\">Notre balance innovante est con\u00e7ue pour conserver la forme de vos sacs pendant le processus de remplissage, ce qui \u00e9limine le besoin de reformer les sacs et vous permet d'\u00e9conomiser jusqu'\u00e0 20% de temps d'op\u00e9ration. Avec notre balance, vous pouvez augmenter votre productivit\u00e9, r\u00e9duire les co\u00fbts de main-d'\u0153uvre et am\u00e9liorer l'ensemble de votre processus d'emballage.<\/span><\/p>\n<p><span style=\"font-weight: 400;\">Cette balance est \u00e9quip\u00e9e d'un syst\u00e8me de pes\u00e9e int\u00e9gr\u00e9 qui signale au contr\u00f4leur de dosage d'arr\u00eater le remplissage lorsque le sac est plein. Le cadre sup\u00e9rieur s'incline alors, ce qui facilite le scellage. Apr\u00e8s le scellage, il suffit de faire glisser le sac pour l'empiler. Plus besoin de se battre avec des sacs bomb\u00e9s ou de perdre du temps \u00e0 les remodeler.<\/span><\/p>\n<h2><b>Int\u00e9gration transparente avec le contr\u00f4leur de pesage CT-1<\/b><\/h2>\n<p><span style=\"font-weight: 400;\">Associez notre balance d'ensachage \u00e0 notre contr\u00f4leur de pesage CT-1 en option, et vous obtiendrez un syst\u00e8me de dosage complet qui s'int\u00e8gre sans effort dans n'importe quelle configuration de dosage. Cette solution polyvalente est parfaite pour diverses applications et vous offre la flexibilit\u00e9 dont vous avez besoin pour rationaliser vos op\u00e9rations.<\/span><\/p>\n<h2><b>Caract\u00e9ristiques principales<\/b><\/h2>\n<p><span style=\"font-weight: 400;\">Voici les principales caract\u00e9ristiques de notre balance anti-bulles :<\/span><\/p>\n<ul>\n<li style=\"font-weight: 400;\" aria-level=\"1\"><b>Mesure pr\u00e9cise du poids : <\/b><span style=\"font-weight: 400;\">Notre balance fournit des mesures de poids pr\u00e9cises, garantissant que vos sacs sont remplis au poids exact \u00e0 chaque fois.<\/span><\/li>\n<li style=\"font-weight: 400;\" aria-level=\"1\"><b>Angle d'inclinaison r\u00e9glable :<\/b><span style=\"font-weight: 400;\"> Le cadre sup\u00e9rieur peut \u00eatre r\u00e9gl\u00e9 \u00e0 un angle d'inclinaison de 30 \u00e0 90 degr\u00e9s, ce qui facilite la fermeture et le retrait du sac.<\/span><\/li>\n<li style=\"font-weight: 400;\" aria-level=\"1\"><b>Construction durable : <\/b><span style=\"font-weight: 400;\">Notre balance est construite pour durer, avec un cadre robuste et des composants de haute qualit\u00e9 qui peuvent r\u00e9sister \u00e0 une utilisation intensive.<\/span><\/li>\n<li style=\"font-weight: 400;\" aria-level=\"1\"><b>Nettoyage facile :<\/b><span style=\"font-weight: 400;\"> La balance est con\u00e7ue pour \u00eatre facilement nettoy\u00e9e, avec une surface lisse et un minimum d'interstices o\u00f9 les particules peuvent s'accumuler.<\/span><\/li>\n<li style=\"font-weight: 400;\" aria-level=\"1\"><b>Options de personnalisation : <\/b><span style=\"font-weight: 400;\">Nous proposons des options de personnalisation pour adapter notre balance \u00e0 vos besoins d'application sp\u00e9cifiques.<\/span><\/li>\n<\/ul>\n<h2><b>Applications<\/b><\/h2>\n<p><span style=\"font-weight: 400;\">Notre balance d'ensachage polyvalente est un produit innovant qui trouve des applications dans diff\u00e9rents domaines :<\/span><\/p>\n<ul>\n<li style=\"font-weight: 400;\" aria-level=\"1\"><b>Transformation des aliments : <\/b><span style=\"font-weight: 400;\">Notre balance pour l'ensachage est parfaite pour les applications de transformation des aliments, y compris l'emballage des c\u00e9r\u00e9ales, des poudres et d'autres produits secs.<\/span><\/li>\n<li style=\"font-weight: 400;\" aria-level=\"1\"><b>Produits pharmaceutiques :<\/b><span style=\"font-weight: 400;\"> La balance BizAutom est id\u00e9ale pour les applications pharmaceutiques, o\u00f9 des mesures de poids pr\u00e9cises et un emballage efficace sont essentiels.<\/span><\/li>\n<li style=\"font-weight: 400;\" aria-level=\"1\"><b>Produits chimiques : <\/b><span style=\"font-weight: 400;\">Notre balance est adapt\u00e9e aux applications chimiques, y compris l'emballage de poudres, de granul\u00e9s et d'autres produits chimiques secs.<\/span><\/li>\n<li style=\"font-weight: 400;\" aria-level=\"1\"><b>L'agriculture : <\/b><span style=\"font-weight: 400;\">Notre balance est une solution id\u00e9ale pour les applications agricoles, y compris l'emballage de semences, d'engrais et d'autres produits secs.<\/span><\/li>\n<\/ul>\n<h2><b>Sp\u00e9cifications<\/b><\/h2>\n<p><span style=\"font-weight: 400;\">Notre balance est con\u00e7ue dans un souci de pr\u00e9cision et d'efficacit\u00e9. Voici les principales sp\u00e9cifications :<\/span><\/p>\n<ul>\n<li style=\"font-weight: 400;\" aria-level=\"1\"><span style=\"font-weight: 400;\">Format 24 \"x24<\/span><\/li>\n<li style=\"font-weight: 400;\" aria-level=\"1\"><span style=\"font-weight: 400;\">Capacit\u00e9 de 1000\u00d70.02lbs<\/span><\/li>\n<li style=\"font-weight: 400;\" aria-level=\"1\"><span style=\"font-weight: 400;\">Angle d'inclinaison de 30 \u00e0 90 degr\u00e9s<\/span><\/li>\n<\/ul>\n<h2><b>Am\u00e9liorer votre processus d'ensachage<\/b><\/h2>\n<p><span style=\"font-weight: 400;\">Ne laissez plus les sacs gonfl\u00e9s vous freiner. Am\u00e9liorez votre processus d'ensachage avec la balance d'ensachage anti-bourrage de BizAutom et profitez des avantages d'un fonctionnement efficace et sans tracas. Gr\u00e2ce \u00e0 notre solution cr\u00e9ative, vous serez en mesure de.. :<\/span><\/p>\n<ul>\n<li style=\"font-weight: 400;\" aria-level=\"1\"><span style=\"font-weight: 400;\">\u00c9conomiser jusqu'\u00e0 20% de temps de fonctionnement<\/span><\/li>\n<li style=\"font-weight: 400;\" aria-level=\"1\"><span style=\"font-weight: 400;\">R\u00e9duire les co\u00fbts de main-d'\u0153uvre<\/span><\/li>\n<li style=\"font-weight: 400;\" aria-level=\"1\"><span style=\"font-weight: 400;\">Augmenter la productivit\u00e9<\/span><\/li>\n<li style=\"font-weight: 400;\" aria-level=\"1\"><span style=\"font-weight: 400;\">Am\u00e9liorer l'empilage et le stockage des sacs<\/span><\/li>\n<\/ul>\n<h2><b>Foire aux questions (FAQ)<\/b><\/h2>\n<h3><b>1 : Puis-je adapter la taille de la balance \u00e0 mes besoins sp\u00e9cifiques ?<\/b><\/h3>\n<p><span style=\"font-weight: 400;\">Oui, nous proposons des options de personnalisation pour adapter la balance \u00e0 vos besoins d'application sp\u00e9cifiques.<\/span><\/p>\n<h3><b>2 : Comment le p\u00e8se-personne emp\u00eache-t-il les sacs de se gonfler ?<\/b><\/h3>\n<p><span style=\"font-weight: 400;\">Le syst\u00e8me de balance int\u00e9gr\u00e9 signale au contr\u00f4leur de dosage d'arr\u00eater le remplissage une fois que le sac est plein, ce qui permet au cadre sup\u00e9rieur de s'incliner pour faciliter le scellage. Cela emp\u00eache le sac de se gonfler et facilite son empilage.<\/span><\/p>\n<h3><b>3 : Votre balance est-elle compatible avec d'autres syst\u00e8mes de dosage ?<\/b><\/h3>\n<p><span style=\"font-weight: 400;\">Oui, notre balance d'ensachage peut \u00eatre associ\u00e9e \u00e0 notre contr\u00f4leur de pesage CT-1 en option et s'int\u00e8gre parfaitement \u00e0 toute installation de dosage.<\/span><\/p>\n<h3><b>4 : Puis-je utiliser l'\u00e9chelle BizAutom pour diff\u00e9rents types de particules ?<\/b><\/h3>\n<p><span style=\"font-weight: 400;\">Oui, notre balance est con\u00e7ue pour traiter diff\u00e9rents types de particules, y compris les poudres, les granul\u00e9s, etc.<\/span><\/p>\n<h3><b>5 : Quel type d'entretien la balance n\u00e9cessite-t-elle ?<\/b><\/h3>\n<p><span style=\"font-weight: 400;\">Notre balance est con\u00e7ue pour n\u00e9cessiter peu d'entretien et \u00eatre facile \u00e0 nettoyer. Il suffit de l'essuyer avec un chiffon humide et d'effectuer des contr\u00f4les de routine pour garantir des performances optimales.<\/span><\/p>\n<p><span style=\"font-weight: 400;\">Nous esp\u00e9rons que vous avez appr\u00e9ci\u00e9 d'en apprendre davantage sur la balance \u00e0 sacs anti-bourrage de BizAutom. N'oubliez pas qu'avec notre solution innovante, vous pouvez dire adieu aux sacs gonfl\u00e9s et dire bonjour aux op\u00e9rations efficaces et sans tracas. Visitez notre site Web d\u00e8s maintenant et obtenez la balance de votre choix !<\/span><\/p>","protected":false},"excerpt":{"rendered":"<p>Are you tired of dealing with bulging bags that are a hassle to stack and require extra effort to reshape? Look no further! BizAutom has its Anti-Bulging Bagging Scale, a game-changing solution for efficient particle bagging.\u00a0 Our innovative scale is designed to maintain the shape of your bags during the filling process, eliminating the need [&hellip;]<\/p>\n","protected":false},"featured_media":1181,"comment_status":"open","ping_status":"closed","template":"","meta":[],"product_brand":[51],"product_cat":[31,15,30],"product_tag":[82],"class_list":{"0":"post-1178","1":"product","2":"type-product","3":"status-publish","4":"has-post-thumbnail","6":"product_brand-bizautom","7":"product_cat-farm-equipment","8":"product_cat-industrial-equipment","9":"product_cat-industrial-scales","10":"product_tag-bagging-scale","12":"first","13":"instock","14":"taxable","15":"shipping-taxable","16":"product-type-simple"},"yoast_head":"<!-- This site is optimized with the Yoast SEO plugin v27.5 - https:\/\/yoast.com\/product\/yoast-seo-wordpress\/ -->\n<title>BizAutom Anti-Bulging Bagging Scale | Efficient Weighing<\/title>\n<meta name=\"description\" content=\"Transform your packaging workflow with BizAutom&#039;s anti-bulging bagging scale. Optimize efficiency, accuracy, and product presentation. Visit our website!\" \/>\n<meta name=\"robots\" content=\"index, follow, max-snippet:-1, max-image-preview:large, max-video-preview:-1\" \/>\n<link rel=\"canonical\" href=\"https:\/\/bizautom.com\/fr\/produit\/bizautom-anti-bulging-bagging-scale\/\" \/>\n<meta property=\"og:locale\" content=\"fr_FR\" \/>\n<meta property=\"og:type\" content=\"article\" \/>\n<meta property=\"og:title\" content=\"BizAutom Anti-Bulging Bagging Scale | Efficient Weighing\" \/>\n<meta property=\"og:description\" content=\"Transform your packaging workflow with BizAutom&#039;s anti-bulging bagging scale. Optimize efficiency, accuracy, and product presentation. Visit our website!\" \/>\n<meta property=\"og:url\" content=\"https:\/\/bizautom.com\/fr\/produit\/bizautom-anti-bulging-bagging-scale\/\" \/>\n<meta property=\"og:site_name\" content=\"BizAutom\" \/>\n<meta property=\"article:publisher\" content=\"https:\/\/www.facebook.com\/people\/TINGCHEN-BizAutom\/61565746662873\/\" \/>\n<meta property=\"article:modified_time\" content=\"2026-05-04T19:15:37+00:00\" \/>\n<meta property=\"og:image\" content=\"https:\/\/bizautom.com\/wp-content\/uploads\/2024\/01\/BA-BG2424_Bag-scaled.jpg\" \/>\n\t<meta property=\"og:image:width\" content=\"2560\" \/>\n\t<meta property=\"og:image:height\" content=\"2560\" \/>\n\t<meta property=\"og:image:type\" content=\"image\/jpeg\" \/>\n<meta name=\"twitter:card\" content=\"summary_large_image\" \/>\n<meta name=\"twitter:label1\" content=\"Dur\u00e9e de lecture estim\u00e9e\" \/>\n\t<meta name=\"twitter:data1\" content=\"4 minutes\" \/>\n<!-- \/ Yoast SEO plugin. -->","yoast_head_json":{"title":"BizAutom Anti-Bulging Bagging Scale | Efficient Weighing","description":"Transform your packaging workflow with BizAutom's anti-bulging bagging scale. Optimize efficiency, accuracy, and product presentation. Visit our website!","robots":{"index":"index","follow":"follow","max-snippet":"max-snippet:-1","max-image-preview":"max-image-preview:large","max-video-preview":"max-video-preview:-1"},"canonical":"https:\/\/bizautom.com\/fr\/produit\/bizautom-anti-bulging-bagging-scale\/","og_locale":"fr_FR","og_type":"article","og_title":"BizAutom Anti-Bulging Bagging Scale | Efficient Weighing","og_description":"Transform your packaging workflow with BizAutom's anti-bulging bagging scale. Optimize efficiency, accuracy, and product presentation. Visit our website!","og_url":"https:\/\/bizautom.com\/fr\/produit\/bizautom-anti-bulging-bagging-scale\/","og_site_name":"BizAutom","article_publisher":"https:\/\/www.facebook.com\/people\/TINGCHEN-BizAutom\/61565746662873\/","article_modified_time":"2026-05-04T19:15:37+00:00","og_image":[{"width":2560,"height":2560,"url":"https:\/\/bizautom.com\/wp-content\/uploads\/2024\/01\/BA-BG2424_Bag-scaled.jpg","type":"image\/jpeg"}],"twitter_card":"summary_large_image","twitter_misc":{"Dur\u00e9e de lecture estim\u00e9e":"4 minutes"},"schema":{"@context":"https:\/\/schema.org","@graph":[{"@type":"WebPage","@id":"https:\/\/bizautom.com\/product\/bizautom-anti-bulging-bagging-scale\/","url":"https:\/\/bizautom.com\/product\/bizautom-anti-bulging-bagging-scale\/","name":"BizAutom Anti-Bulging Bagging Scale | Efficient Weighing","isPartOf":{"@id":"https:\/\/bizautom.com\/#website"},"primaryImageOfPage":{"@id":"https:\/\/bizautom.com\/product\/bizautom-anti-bulging-bagging-scale\/#primaryimage"},"image":{"@id":"https:\/\/bizautom.com\/product\/bizautom-anti-bulging-bagging-scale\/#primaryimage"},"thumbnailUrl":"https:\/\/bizautom.com\/wp-content\/uploads\/2024\/01\/BA-BG2424_Bag-scaled.jpg","datePublished":"2024-01-11T18:42:41+00:00","dateModified":"2026-05-04T19:15:37+00:00","description":"Transform your packaging workflow with BizAutom's anti-bulging bagging scale. Optimize efficiency, accuracy, and product presentation. Visit our website!","breadcrumb":{"@id":"https:\/\/bizautom.com\/product\/bizautom-anti-bulging-bagging-scale\/#breadcrumb"},"inLanguage":"fr-FR","potentialAction":[{"@type":"ReadAction","target":["https:\/\/bizautom.com\/product\/bizautom-anti-bulging-bagging-scale\/"]}]},{"@type":"ImageObject","inLanguage":"fr-FR","@id":"https:\/\/bizautom.com\/product\/bizautom-anti-bulging-bagging-scale\/#primaryimage","url":"https:\/\/bizautom.com\/wp-content\/uploads\/2024\/01\/BA-BG2424_Bag-scaled.jpg","contentUrl":"https:\/\/bizautom.com\/wp-content\/uploads\/2024\/01\/BA-BG2424_Bag-scaled.jpg","width":2560,"height":2560},{"@type":"BreadcrumbList","@id":"https:\/\/bizautom.com\/product\/bizautom-anti-bulging-bagging-scale\/#breadcrumb","itemListElement":[{"@type":"ListItem","position":1,"name":"Home","item":"https:\/\/bizautom.com\/"},{"@type":"ListItem","position":2,"name":"Shop","item":"https:\/\/bizautom.com\/shop-2\/"},{"@type":"ListItem","position":3,"name":"BizAutom Anti-Bulging Bagging Scale"}]},{"@type":"WebSite","@id":"https:\/\/bizautom.com\/#website","url":"https:\/\/bizautom.com\/","name":"BizAutom","description":"Rapide. Pr\u00e9cis. Intelligent.","publisher":{"@id":"https:\/\/bizautom.com\/#organization"},"potentialAction":[{"@type":"SearchAction","target":{"@type":"EntryPoint","urlTemplate":"https:\/\/bizautom.com\/?s={search_term_string}"},"query-input":{"@type":"PropertyValueSpecification","valueRequired":true,"valueName":"search_term_string"}}],"inLanguage":"fr-FR"},{"@type":"Organization","@id":"https:\/\/bizautom.com\/#organization","name":"BizAutom","url":"https:\/\/bizautom.com\/","logo":{"@type":"ImageObject","inLanguage":"fr-FR","@id":"https:\/\/bizautom.com\/#\/schema\/logo\/image\/","url":"https:\/\/bizautom.com\/wp-content\/uploads\/2025\/04\/BizAutom_Logo_1.webp","contentUrl":"https:\/\/bizautom.com\/wp-content\/uploads\/2025\/04\/BizAutom_Logo_1.webp","width":455,"height":326,"caption":"BizAutom"},"image":{"@id":"https:\/\/bizautom.com\/#\/schema\/logo\/image\/"},"sameAs":["https:\/\/www.facebook.com\/people\/TINGCHEN-BizAutom\/61565746662873\/"]}]}},"jetpack-related-posts":[{"id":1635,"url":"https:\/\/bizautom.com\/fr\/produit\/bizautom-nine-scale-software-comprehensive-real-time-scale-monitoring-solution\/","url_meta":{"origin":1178,"position":0},"title":"Logiciel BizAutom Nine-Scale : Solution compl\u00e8te de surveillance de l'\u00e9chelle en temps r\u00e9el","author":"admin","date":"octobre 26, 2024","format":false,"excerpt":"With its user-friendly interface, reliable connectivity options, and highly customizable scale configurations, the BizAutom Nine-Scale Software is a smart investment for businesses looking to enhance operational oversight and control. Ideal for industries where weight tracking and inventory control are critical, this software simplifies complex multi-scale monitoring, allowing you to focus\u2026","rel":"","context":"Article similaire","block_context":{"text":"Article similaire","link":""},"img":{"alt_text":"","src":"https:\/\/i0.wp.com\/bizautom.com\/wp-content\/uploads\/2024\/10\/ScreenShot-scaled.jpg?resize=350%2C200&ssl=1","width":350,"height":200,"srcset":"https:\/\/i0.wp.com\/bizautom.com\/wp-content\/uploads\/2024\/10\/ScreenShot-scaled.jpg?resize=350%2C200&ssl=1 1x, https:\/\/i0.wp.com\/bizautom.com\/wp-content\/uploads\/2024\/10\/ScreenShot-scaled.jpg?resize=525%2C300&ssl=1 1.5x, https:\/\/i0.wp.com\/bizautom.com\/wp-content\/uploads\/2024\/10\/ScreenShot-scaled.jpg?resize=700%2C400&ssl=1 2x, https:\/\/i0.wp.com\/bizautom.com\/wp-content\/uploads\/2024\/10\/ScreenShot-scaled.jpg?resize=1050%2C600&ssl=1 3x, https:\/\/i0.wp.com\/bizautom.com\/wp-content\/uploads\/2024\/10\/ScreenShot-scaled.jpg?resize=1400%2C800&ssl=1 4x"},"classes":[]},{"id":4337,"url":"https:\/\/bizautom.com\/fr\/produit\/bizautom-cubeweigh-dimensioner-and-scale-system\/","url_meta":{"origin":1178,"position":1},"title":"BizAutom BA-CBW Syst\u00e8me de dimensionnement et de pesage CubeWeigh","author":"admin","date":"juin 10, 2025","format":false,"excerpt":"Efficace. Pr\u00e9cis. Int\u00e9gr\u00e9.","rel":"","context":"Article similaire","block_context":{"text":"Article similaire","link":""},"img":{"alt_text":"","src":"https:\/\/i0.wp.com\/bizautom.com\/wp-content\/uploads\/2025\/06\/CubeWeigh.jpg?resize=350%2C200&ssl=1","width":350,"height":200,"srcset":"https:\/\/i0.wp.com\/bizautom.com\/wp-content\/uploads\/2025\/06\/CubeWeigh.jpg?resize=350%2C200&ssl=1 1x, https:\/\/i0.wp.com\/bizautom.com\/wp-content\/uploads\/2025\/06\/CubeWeigh.jpg?resize=525%2C300&ssl=1 1.5x, https:\/\/i0.wp.com\/bizautom.com\/wp-content\/uploads\/2025\/06\/CubeWeigh.jpg?resize=700%2C400&ssl=1 2x, https:\/\/i0.wp.com\/bizautom.com\/wp-content\/uploads\/2025\/06\/CubeWeigh.jpg?resize=1050%2C600&ssl=1 3x, https:\/\/i0.wp.com\/bizautom.com\/wp-content\/uploads\/2025\/06\/CubeWeigh.jpg?resize=1400%2C800&ssl=1 4x"},"classes":[]},{"id":2031,"url":"https:\/\/bizautom.com\/fr\/produit\/bizautom-pi-ii-scale-the-ultimate-round-weighing-solution\/","url_meta":{"origin":1178,"position":2},"title":"Balance BizAutom PI-II : La solution ultime de pes\u00e9e ronde","author":"admin","date":"f\u00e9vrier 28, 2025","format":false,"excerpt":"Introducing the BizAutom PI-II Scale \u2013 a game-changing innovation for modern weighing applications. Designed with versatility, efficiency, and durability in mind, the PI-II Scale is the perfect solution for operations requiring seamless integration with turntable stretch wrappers or as a standalone floor scale.","rel":"","context":"Article similaire","block_context":{"text":"Article similaire","link":""},"img":{"alt_text":"","src":"https:\/\/i0.wp.com\/bizautom.com\/wp-content\/uploads\/2025\/02\/PIPS-IN202SSP.jpg?resize=350%2C200&ssl=1","width":350,"height":200,"srcset":"https:\/\/i0.wp.com\/bizautom.com\/wp-content\/uploads\/2025\/02\/PIPS-IN202SSP.jpg?resize=350%2C200&ssl=1 1x, https:\/\/i0.wp.com\/bizautom.com\/wp-content\/uploads\/2025\/02\/PIPS-IN202SSP.jpg?resize=525%2C300&ssl=1 1.5x, https:\/\/i0.wp.com\/bizautom.com\/wp-content\/uploads\/2025\/02\/PIPS-IN202SSP.jpg?resize=700%2C400&ssl=1 2x, https:\/\/i0.wp.com\/bizautom.com\/wp-content\/uploads\/2025\/02\/PIPS-IN202SSP.jpg?resize=1050%2C600&ssl=1 3x, https:\/\/i0.wp.com\/bizautom.com\/wp-content\/uploads\/2025\/02\/PIPS-IN202SSP.jpg?resize=1400%2C800&ssl=1 4x"},"classes":[]},{"id":1596,"url":"https:\/\/bizautom.com\/fr\/produit\/bizautom-livestox-caged-cattle-scale\/","url_meta":{"origin":1178,"position":3},"title":"BizAutom LivestoX P\u00e8se-b\u00e9tail en cage avec indicateur haut de gamme","author":"admin","date":"octobre 20, 2024","format":false,"excerpt":"Le p\u00e8se-b\u00e9tail en cage BizAutom LivestoX est un investissement essentiel pour les agriculteurs qui souhaitent am\u00e9liorer leurs pratiques de gestion du b\u00e9tail gr\u00e2ce \u00e0 une technologie de pointe.","rel":"","context":"Article similaire","block_context":{"text":"Article similaire","link":""},"img":{"alt_text":"","src":"https:\/\/i0.wp.com\/bizautom.com\/wp-content\/uploads\/2024\/10\/LiveStoX202-scaled.jpg?resize=350%2C200&ssl=1","width":350,"height":200,"srcset":"https:\/\/i0.wp.com\/bizautom.com\/wp-content\/uploads\/2024\/10\/LiveStoX202-scaled.jpg?resize=350%2C200&ssl=1 1x, https:\/\/i0.wp.com\/bizautom.com\/wp-content\/uploads\/2024\/10\/LiveStoX202-scaled.jpg?resize=525%2C300&ssl=1 1.5x, https:\/\/i0.wp.com\/bizautom.com\/wp-content\/uploads\/2024\/10\/LiveStoX202-scaled.jpg?resize=700%2C400&ssl=1 2x, https:\/\/i0.wp.com\/bizautom.com\/wp-content\/uploads\/2024\/10\/LiveStoX202-scaled.jpg?resize=1050%2C600&ssl=1 3x, https:\/\/i0.wp.com\/bizautom.com\/wp-content\/uploads\/2024\/10\/LiveStoX202-scaled.jpg?resize=1400%2C800&ssl=1 4x"},"classes":[]},{"id":1522,"url":"https:\/\/bizautom.com\/fr\/produit\/bizautom-row-on-weigh-scale-with-hand-rails\/","url_meta":{"origin":1178,"position":4},"title":"BizAutom Roll On Weigh Scale with Hand Rails (balance \u00e0 roulettes avec rails pour les mains)","author":"admin","date":"ao\u00fbt 29, 2024","format":false,"excerpt":"BizAutom Row On Weigh Scale with Hand Rails, m\u00e9ticuleusement con\u00e7u pour mesurer avec pr\u00e9cision les personnes assises dans diff\u00e9rents types de fauteuils roulants, y compris les fauteuils \u00e9lectriques.","rel":"","context":"Article similaire","block_context":{"text":"Article similaire","link":""},"img":{"alt_text":"","src":"https:\/\/i0.wp.com\/bizautom.com\/wp-content\/uploads\/2024\/08\/BA-WCS-HD_ElectricWheelchair.jpg?resize=350%2C200&ssl=1","width":350,"height":200,"srcset":"https:\/\/i0.wp.com\/bizautom.com\/wp-content\/uploads\/2024\/08\/BA-WCS-HD_ElectricWheelchair.jpg?resize=350%2C200&ssl=1 1x, https:\/\/i0.wp.com\/bizautom.com\/wp-content\/uploads\/2024\/08\/BA-WCS-HD_ElectricWheelchair.jpg?resize=525%2C300&ssl=1 1.5x, https:\/\/i0.wp.com\/bizautom.com\/wp-content\/uploads\/2024\/08\/BA-WCS-HD_ElectricWheelchair.jpg?resize=700%2C400&ssl=1 2x, https:\/\/i0.wp.com\/bizautom.com\/wp-content\/uploads\/2024\/08\/BA-WCS-HD_ElectricWheelchair.jpg?resize=1050%2C600&ssl=1 3x"},"classes":[]},{"id":1172,"url":"https:\/\/bizautom.com\/fr\/produit\/bizautom-ba-dws2424-laser-dimensional-scale-500x0-1lb-cap-with-printer-software\/","url_meta":{"origin":1178,"position":5},"title":"BizAutom BA-DS2424 Balance dimensionnelle laser 500\u00d70.1lb Cap. avec cam\u00e9ra, scanner, imprimante et logiciel","author":"admin","date":"d\u00e9cembre 29, 2023","format":false,"excerpt":"The BizAutom Laser Dimensional Scale is designed to bring precision and efficiency to your shipping processes. This innovative scale combines advanced weight and dimension measurement technology, streamlining shipping cost management and enhancing overall accuracy.","rel":"","context":"Article similaire","block_context":{"text":"Article similaire","link":""},"img":{"alt_text":"industrial smart scales","src":"https:\/\/i0.wp.com\/bizautom.com\/wp-content\/uploads\/2023\/12\/BA-DS2424-scaled.jpg?resize=350%2C200&ssl=1","width":350,"height":200,"srcset":"https:\/\/i0.wp.com\/bizautom.com\/wp-content\/uploads\/2023\/12\/BA-DS2424-scaled.jpg?resize=350%2C200&ssl=1 1x, https:\/\/i0.wp.com\/bizautom.com\/wp-content\/uploads\/2023\/12\/BA-DS2424-scaled.jpg?resize=525%2C300&ssl=1 1.5x, https:\/\/i0.wp.com\/bizautom.com\/wp-content\/uploads\/2023\/12\/BA-DS2424-scaled.jpg?resize=700%2C400&ssl=1 2x, https:\/\/i0.wp.com\/bizautom.com\/wp-content\/uploads\/2023\/12\/BA-DS2424-scaled.jpg?resize=1050%2C600&ssl=1 3x, https:\/\/i0.wp.com\/bizautom.com\/wp-content\/uploads\/2023\/12\/BA-DS2424-scaled.jpg?resize=1400%2C800&ssl=1 4x"},"classes":[]}],"jetpack_sharing_enabled":true,"_links":{"self":[{"href":"https:\/\/bizautom.com\/fr\/wp-json\/wp\/v2\/product\/1178","targetHints":{"allow":["GET"]}}],"collection":[{"href":"https:\/\/bizautom.com\/fr\/wp-json\/wp\/v2\/product"}],"about":[{"href":"https:\/\/bizautom.com\/fr\/wp-json\/wp\/v2\/types\/product"}],"replies":[{"embeddable":true,"href":"https:\/\/bizautom.com\/fr\/wp-json\/wp\/v2\/comments?post=1178"}],"version-history":[{"count":2,"href":"https:\/\/bizautom.com\/fr\/wp-json\/wp\/v2\/product\/1178\/revisions"}],"predecessor-version":[{"id":2616,"href":"https:\/\/bizautom.com\/fr\/wp-json\/wp\/v2\/product\/1178\/revisions\/2616"}],"wp:featuredmedia":[{"embeddable":true,"href":"https:\/\/bizautom.com\/fr\/wp-json\/wp\/v2\/media\/1181"}],"wp:attachment":[{"href":"https:\/\/bizautom.com\/fr\/wp-json\/wp\/v2\/media?parent=1178"}],"wp:term":[{"taxonomy":"product_brand","embeddable":true,"href":"https:\/\/bizautom.com\/fr\/wp-json\/wp\/v2\/product_brand?post=1178"},{"taxonomy":"product_cat","embeddable":true,"href":"https:\/\/bizautom.com\/fr\/wp-json\/wp\/v2\/product_cat?post=1178"},{"taxonomy":"product_tag","embeddable":true,"href":"https:\/\/bizautom.com\/fr\/wp-json\/wp\/v2\/product_tag?post=1178"}],"curies":[{"name":"wp","href":"https:\/\/api.w.org\/{rel}","templated":true}]}}