{"id":1212,"date":"2024-01-22T01:15:29","date_gmt":"2024-01-22T01:15:29","guid":{"rendered":"https:\/\/bizautom.com\/?post_type=product&#038;p=1212"},"modified":"2025-05-17T23:54:37","modified_gmt":"2025-05-18T03:54:37","slug":"bizautom-ba-k120s-g4-versatile-stretch-wrap-machine-with-integrated-3-dimensional-weight-scale-and-label-printer","status":"publish","type":"product","link":"https:\/\/bizautom.com\/fr\/produit\/bizautom-ba-k120s-g4-versatile-stretch-wrap-machine-with-integrated-3-dimensional-weight-scale-and-label-printer\/","title":{"rendered":"BizAutom BA-K120S G4 Machine d'emballage \u00e9tirable polyvalente avec balance de poids tridimensionnelle int\u00e9gr\u00e9e et imprimante d'\u00e9tiquettes"},"content":{"rendered":"<h1><b>Am\u00e9liorez votre processus d'emballage avec rapidit\u00e9 et pr\u00e9cision<\/b><\/h1>\n<p><span style=\"font-weight: 400;\">BizAutom BA-K120S G4 est la premi\u00e8re machine d'emballage \u00e9tirable au monde dot\u00e9e d'une balance de poids tridimensionnelle int\u00e9gr\u00e9e. Plus besoin de peser, mesurer ou \u00e9tiqueter manuellement : cette machine fait tout en une seule \u00e9tape.\u00a0<\/span><\/p>\n<p><span style=\"font-weight: 400;\">Il peut emballer, peser, mesurer, imprimer et envoyer des donn\u00e9es automatiquement, ce qui vous permet d'\u00e9conomiser du temps et des efforts. En fait, il peut r\u00e9duire le temps d'emballage jusqu'\u00e0 50% et r\u00e9duire les co\u00fbts de main-d'\u0153uvre en \u00e9liminant les erreurs humaines.<\/span><\/p>\n<p><span style=\"font-weight: 400;\">Parfaite pour les entrep\u00f4ts, la logistique et la fabrication, cette machine vous permet de travailler plus rapidement et de tout suivre en temps r\u00e9el. Elle rend votre processus d'emballage plus pr\u00e9cis, plus rentable et plus simple.\u00a0<\/span><\/p>\n<h2><b>Caract\u00e9ristiques principales<\/b><\/h2>\n<p><span style=\"font-weight: 400;\">Cette machine est une machine d'emballage intelligente et facile \u00e0 utiliser qui rend l'exp\u00e9dition simple et rapide. Qu'il s'agisse d'emballer de petites bo\u00eetes ou de grosses exp\u00e9ditions, cette machine vous aide \u00e0 effectuer le travail rapidement et avec pr\u00e9cision.\u00a0<\/span><\/p>\n<p><span style=\"font-weight: 400;\">Voici quelques-unes de ses caract\u00e9ristiques les plus remarquables !<\/span><\/p>\n<ul>\n<li aria-level=\"1\">\n<h3><b>Balance tridimensionnelle int\u00e9gr\u00e9e<\/b><\/h3>\n<\/li>\n<\/ul>\n<p><span style=\"font-weight: 400;\">Pesez vos colis avec pr\u00e9cision gr\u00e2ce \u00e0 la balance tridimensionnelle innovante, qui garantit des mesures pr\u00e9cises \u00e0 chaque fois. Elle est parfaite pour les industries o\u00f9 le poids exact est crucial pour l'exp\u00e9dition et la manutention.<\/span><\/p>\n<ul>\n<li aria-level=\"1\">\n<h3><b>Emballage \u00e9tirable polyvalent<\/b><\/h3>\n<\/li>\n<\/ul>\n<p><span style=\"font-weight: 400;\">Le BA-K120S G4 offre une qualit\u00e9 sup\u00e9rieure <a href=\"https:\/\/bizautom.com\/fr\/produit\/stretch-wrap-machine-g3\/\">emballage \u00e9tirable<\/a> Les produits sont emball\u00e9s de mani\u00e8re durable et uniforme, ce qui est id\u00e9al pour une large gamme d'applications industrielles, qu'il s'agisse de petits articles ou d'emballages plus volumineux et plus \u00e9tendus.<\/span><\/p>\n<ul>\n<li aria-level=\"1\">\n<h3><b>Capacit\u00e9s de mesure avanc\u00e9es<\/b><\/h3>\n<\/li>\n<\/ul>\n<p><span style=\"font-weight: 400;\">Mesurez sans effort vos colis en trois dimensions. Cette fonction est essentielle pour d\u00e9terminer le poids dimensionnel et critique pour les calculs d'exp\u00e9dition et la gestion des co\u00fbts.<\/span><\/p>\n<ul>\n<li aria-level=\"1\">\n<h3><b>Imprimante d'\u00e9tiquettes int\u00e9gr\u00e9e<\/b><\/h3>\n<\/li>\n<\/ul>\n<p><span style=\"font-weight: 400;\">Rationalisez votre processus d'\u00e9tiquetage gr\u00e2ce \u00e0 l'imprimante d'\u00e9tiquettes int\u00e9gr\u00e9e. Imprimez des \u00e9tiquettes de haute qualit\u00e9 directement \u00e0 partir de la machine, r\u00e9duisant ainsi le travail manuel et le risque d'erreurs.<\/span><\/p>\n<ul>\n<li aria-level=\"1\">\n<h3><b>Transmission transparente des donn\u00e9es<\/b><\/h3>\n<\/li>\n<\/ul>\n<p><span style=\"font-weight: 400;\">Transmettez efficacement les donn\u00e9es de poids et de mesure \u00e0 votre syst\u00e8me de gestion d'entrep\u00f4t ou \u00e0 votre logiciel d'exp\u00e9dition. Cette int\u00e9gration permet de conserver des enregistrements pr\u00e9cis et d'am\u00e9liorer la prise de d\u00e9cision.<\/span><\/p>\n<h2><b>Pourquoi choisir le BA-K120S G4 de BizAutom ?<\/b><\/h2>\n<p><span style=\"font-weight: 400;\">Si vous avez besoin d'une machine d'emballage fiable et efficace, c'est un excellent choix. Elle est con\u00e7ue pour r\u00e9pondre aux exigences \u00e9lev\u00e9es des industries modernes. Cette machine effectue plusieurs t\u00e2ches \u00e0 la fois, ce qui vous permet d'\u00e9conomiser du temps et des efforts. Elle contribue \u00e0 r\u00e9duire les co\u00fbts de main-d'\u0153uvre et \u00e0 am\u00e9liorer la pr\u00e9cision de l'emballage, ce qui vous permet d'obtenir des r\u00e9sultats constants \u00e0 chaque fois.<\/span><\/p>\n<h3><b>Principaux avantages<\/b><\/h3>\n<ul>\n<li style=\"font-weight: 400;\" aria-level=\"1\"><b>Gain de temps et d'efforts <\/b><span style=\"font-weight: 400;\">- Automatise plusieurs t\u00e2ches d'emballage, rendant votre travail plus rapide et plus facile.<\/span><\/li>\n<li style=\"font-weight: 400;\" aria-level=\"1\"><b>R\u00e9duction des co\u00fbts de main-d'\u0153uvre<\/b><span style=\"font-weight: 400;\"> - R\u00e9duit le besoin de travail manuel, ce qui vous permet d'\u00e9conomiser sur les co\u00fbts de main-d'\u0153uvre.<\/span><\/li>\n<li style=\"font-weight: 400;\" aria-level=\"1\"><b>Am\u00e9lioration de la pr\u00e9cision<\/b><span style=\"font-weight: 400;\"> - Garantit un emballage pr\u00e9cis et coh\u00e9rent, r\u00e9duisant les d\u00e9chets et les erreurs.<\/span><\/li>\n<li style=\"font-weight: 400;\" aria-level=\"1\"><b>Fonctionne pour toutes les entreprises <\/b><span style=\"font-weight: 400;\">- Parfait pour les petites entreprises comme pour les grandes usines.<\/span><\/li>\n<li style=\"font-weight: 400;\" aria-level=\"1\"><b>Investissement rentable <\/b><span style=\"font-weight: 400;\">- Augmente l'efficacit\u00e9 et s'amortit au fil du temps.<\/span><\/li>\n<\/ul>\n<p><span style=\"font-weight: 400;\">Que vous soyez \u00e0 la t\u00eate d'une petite entreprise ou d'une grande usine, cette machine vous facilite la t\u00e2che. C'est un investissement qui s'av\u00e8re rapidement rentable en augmentant l'efficacit\u00e9 et en r\u00e9duisant les co\u00fbts d'exploitation.<\/span><\/p>\n<h2><b>Foire aux questions (FAQ)<\/b><\/h2>\n<h3><b>Le BA-K120S G4 convient-il aussi bien aux petites entreprises qu'aux grandes exploitations industrielles ?<\/b><\/h3>\n<p><span style=\"font-weight: 400;\">Oui, cette machine est con\u00e7ue pour r\u00e9pondre aux besoins des entreprises de diff\u00e9rentes tailles, en offrant des solutions \u00e9volutives pour les diff\u00e9rents besoins d'emballage.<\/span><\/p>\n<h3><b>Quels types de mat\u00e9riaux le BA-K120S G4 peut-il traiter ?<\/b><\/h3>\n<p><span style=\"font-weight: 400;\">La machine est compatible avec une large gamme de mat\u00e9riaux d'emballage, s'adaptant \u00e0 divers types et tailles de produits.<\/span><\/p>\n<h3><b>Quel type d'entretien n\u00e9cessite-t-il ?<\/b><\/h3>\n<p><span style=\"font-weight: 400;\">L'entretien r\u00e9gulier comprend les inspections de routine, le nettoyage et l'\u00e9talonnage afin de garantir des performances optimales. Des instructions d'entretien d\u00e9taill\u00e9es figurent dans le manuel de l'utilisateur.<\/span><\/p>\n<h3><b>Cette machine peut-elle \u00eatre int\u00e9gr\u00e9e dans des lignes de production existantes ?<\/b><\/h3>\n<p><span style=\"font-weight: 400;\">Oui, la machine est con\u00e7ue pour s'int\u00e9grer facilement dans les installations de production actuelles, am\u00e9liorant ainsi l'efficacit\u00e9 op\u00e9rationnelle globale.<\/span><\/p>\n<h3><b>Quels sont les avantages de l'\u00e9chelle de poids tridimensionnelle int\u00e9gr\u00e9e pour mes activit\u00e9s ?<\/b><\/h3>\n<p><span style=\"font-weight: 400;\">La balance int\u00e9gr\u00e9e fournit des mesures de poids pr\u00e9cises \u00e0 partir de plusieurs dimensions, garantissant un emballage pr\u00e9cis et r\u00e9duisant le gaspillage de mat\u00e9riaux.<\/span><\/p>\n<h2><b>Commandez d\u00e8s aujourd'hui votre BizAutom BA-K120S G4<\/b><\/h2>\n<p><span style=\"font-weight: 400;\">Transformez votre processus d'emballage gr\u00e2ce \u00e0 la technologie de pointe <\/span><b>BizAutom BA-K120S G4 Machine \u00e0 banderoler polyvalente<\/b><span style=\"font-weight: 400;\">. Cet investissement intelligent vous permet de b\u00e9n\u00e9ficier d'un emballage plus rapide, plus pr\u00e9cis et plus rentable. Ne manquez pas l'occasion d'am\u00e9liorer vos op\u00e9rations commerciales !<\/span><\/p>\n<p><span style=\"font-weight: 400;\">Commandez maintenant et d\u00e9couvrez l'avenir de la technologie de l'emballage. Pour les demandes de renseignements ou les commandes en gros, veuillez contacter notre \u00e9quipe de vente.<\/span><\/p>","protected":false},"excerpt":{"rendered":"<p>Nous vous pr\u00e9sentons la premi\u00e8re banderoleuse au monde dot\u00e9e d'une balance tridimensionnelle int\u00e9gr\u00e9e. Cette machine polyvalente peut emballer, peser, mesurer, imprimer et transmettre en une seule op\u00e9ration, ce qui vous permet d'\u00e9conomiser du temps et de l'argent.<\/p>","protected":false},"featured_media":4274,"comment_status":"open","ping_status":"closed","template":"","meta":[],"product_brand":[51],"product_cat":[15,28,30,184],"product_tag":[81,35],"class_list":{"0":"post-1212","1":"product","2":"type-product","3":"status-publish","4":"has-post-thumbnail","6":"product_brand-bizautom","7":"product_cat-industrial-equipment","8":"product_cat-packing-machine","9":"product_cat-industrial-scales","10":"product_cat-strech-wrap-machines","11":"product_tag-dimensional-weight-scale","12":"product_tag-stretch-wrap-machine","14":"first","15":"instock","16":"taxable","17":"shipping-taxable","18":"purchasable","19":"product-type-simple"},"yoast_head":"<!-- This site is optimized with the Yoast SEO plugin v27.4 - https:\/\/yoast.com\/product\/yoast-seo-wordpress\/ -->\n<title>BA-K120S G4 Stretch Wrap Machine 3-Dimensional Weight Scale<\/title>\n<meta name=\"description\" content=\"Introducing the BizAutom BA-K120S G4 Stretch Wrap Machine with 3D Weight Scale and Label Printer - redefining your wrapping, weighing, and measuring workflows!\" \/>\n<meta name=\"robots\" content=\"index, follow, max-snippet:-1, max-image-preview:large, max-video-preview:-1\" \/>\n<link rel=\"canonical\" href=\"https:\/\/bizautom.com\/fr\/produit\/bizautom-ba-k120s-g4-versatile-stretch-wrap-machine-with-integrated-3-dimensional-weight-scale-and-label-printer\/\" \/>\n<meta property=\"og:locale\" content=\"fr_FR\" \/>\n<meta property=\"og:type\" content=\"article\" \/>\n<meta property=\"og:title\" content=\"BA-K120S G4 Stretch Wrap Machine 3-Dimensional Weight Scale\" \/>\n<meta property=\"og:description\" content=\"Introducing the BizAutom BA-K120S G4 Stretch Wrap Machine with 3D Weight Scale and Label Printer - redefining your wrapping, weighing, and measuring workflows!\" \/>\n<meta property=\"og:url\" content=\"https:\/\/bizautom.com\/fr\/produit\/bizautom-ba-k120s-g4-versatile-stretch-wrap-machine-with-integrated-3-dimensional-weight-scale-and-label-printer\/\" \/>\n<meta property=\"og:site_name\" content=\"BizAutom\" \/>\n<meta property=\"article:publisher\" content=\"https:\/\/www.facebook.com\/people\/TINGCHEN-BizAutom\/61565746662873\/\" \/>\n<meta property=\"article:modified_time\" content=\"2025-05-18T03:54:37+00:00\" \/>\n<meta property=\"og:image\" content=\"https:\/\/bizautom.com\/wp-content\/uploads\/2024\/01\/BA-K120S-WrappingMachineG4Color.jpg\" \/>\n\t<meta property=\"og:image:width\" content=\"1024\" \/>\n\t<meta property=\"og:image:height\" content=\"1024\" \/>\n\t<meta property=\"og:image:type\" content=\"image\/jpeg\" \/>\n<meta name=\"twitter:card\" content=\"summary_large_image\" \/>\n<meta name=\"twitter:label1\" content=\"Dur\u00e9e de lecture estim\u00e9e\" \/>\n\t<meta name=\"twitter:data1\" content=\"4 minutes\" \/>\n<!-- \/ Yoast SEO plugin. -->","yoast_head_json":{"title":"BA-K120S G4 Stretch Wrap Machine 3-Dimensional Weight Scale","description":"Introducing the BizAutom BA-K120S G4 Stretch Wrap Machine with 3D Weight Scale and Label Printer - redefining your wrapping, weighing, and measuring workflows!","robots":{"index":"index","follow":"follow","max-snippet":"max-snippet:-1","max-image-preview":"max-image-preview:large","max-video-preview":"max-video-preview:-1"},"canonical":"https:\/\/bizautom.com\/fr\/produit\/bizautom-ba-k120s-g4-versatile-stretch-wrap-machine-with-integrated-3-dimensional-weight-scale-and-label-printer\/","og_locale":"fr_FR","og_type":"article","og_title":"BA-K120S G4 Stretch Wrap Machine 3-Dimensional Weight Scale","og_description":"Introducing the BizAutom BA-K120S G4 Stretch Wrap Machine with 3D Weight Scale and Label Printer - redefining your wrapping, weighing, and measuring workflows!","og_url":"https:\/\/bizautom.com\/fr\/produit\/bizautom-ba-k120s-g4-versatile-stretch-wrap-machine-with-integrated-3-dimensional-weight-scale-and-label-printer\/","og_site_name":"BizAutom","article_publisher":"https:\/\/www.facebook.com\/people\/TINGCHEN-BizAutom\/61565746662873\/","article_modified_time":"2025-05-18T03:54:37+00:00","og_image":[{"width":1024,"height":1024,"url":"https:\/\/bizautom.com\/wp-content\/uploads\/2024\/01\/BA-K120S-WrappingMachineG4Color.jpg","type":"image\/jpeg"}],"twitter_card":"summary_large_image","twitter_misc":{"Dur\u00e9e de lecture estim\u00e9e":"4 minutes"},"schema":{"@context":"https:\/\/schema.org","@graph":[{"@type":"WebPage","@id":"https:\/\/bizautom.com\/product\/bizautom-ba-k120s-g4-versatile-stretch-wrap-machine-with-integrated-3-dimensional-weight-scale-and-label-printer\/","url":"https:\/\/bizautom.com\/product\/bizautom-ba-k120s-g4-versatile-stretch-wrap-machine-with-integrated-3-dimensional-weight-scale-and-label-printer\/","name":"BA-K120S G4 Stretch Wrap Machine 3-Dimensional Weight Scale","isPartOf":{"@id":"https:\/\/bizautom.com\/#website"},"primaryImageOfPage":{"@id":"https:\/\/bizautom.com\/product\/bizautom-ba-k120s-g4-versatile-stretch-wrap-machine-with-integrated-3-dimensional-weight-scale-and-label-printer\/#primaryimage"},"image":{"@id":"https:\/\/bizautom.com\/product\/bizautom-ba-k120s-g4-versatile-stretch-wrap-machine-with-integrated-3-dimensional-weight-scale-and-label-printer\/#primaryimage"},"thumbnailUrl":"https:\/\/bizautom.com\/wp-content\/uploads\/2024\/01\/BA-K120S-WrappingMachineG4Color.jpg","datePublished":"2024-01-22T01:15:29+00:00","dateModified":"2025-05-18T03:54:37+00:00","description":"Introducing the BizAutom BA-K120S G4 Stretch Wrap Machine with 3D Weight Scale and Label Printer - redefining your wrapping, weighing, and measuring workflows!","breadcrumb":{"@id":"https:\/\/bizautom.com\/product\/bizautom-ba-k120s-g4-versatile-stretch-wrap-machine-with-integrated-3-dimensional-weight-scale-and-label-printer\/#breadcrumb"},"inLanguage":"fr-FR","potentialAction":[{"@type":"ReadAction","target":["https:\/\/bizautom.com\/product\/bizautom-ba-k120s-g4-versatile-stretch-wrap-machine-with-integrated-3-dimensional-weight-scale-and-label-printer\/"]}]},{"@type":"ImageObject","inLanguage":"fr-FR","@id":"https:\/\/bizautom.com\/product\/bizautom-ba-k120s-g4-versatile-stretch-wrap-machine-with-integrated-3-dimensional-weight-scale-and-label-printer\/#primaryimage","url":"https:\/\/bizautom.com\/wp-content\/uploads\/2024\/01\/BA-K120S-WrappingMachineG4Color.jpg","contentUrl":"https:\/\/bizautom.com\/wp-content\/uploads\/2024\/01\/BA-K120S-WrappingMachineG4Color.jpg","width":1024,"height":1024},{"@type":"BreadcrumbList","@id":"https:\/\/bizautom.com\/product\/bizautom-ba-k120s-g4-versatile-stretch-wrap-machine-with-integrated-3-dimensional-weight-scale-and-label-printer\/#breadcrumb","itemListElement":[{"@type":"ListItem","position":1,"name":"Home","item":"https:\/\/bizautom.com\/"},{"@type":"ListItem","position":2,"name":"Shop","item":"https:\/\/bizautom.com\/shop-2\/"},{"@type":"ListItem","position":3,"name":"BizAutom BA-K120S G4 Versatile Stretch Wrap Machine with Integrated 3-Dimensional Weight Scale and Label Printer"}]},{"@type":"WebSite","@id":"https:\/\/bizautom.com\/#website","url":"https:\/\/bizautom.com\/","name":"BizAutom","description":"Rapide. Pr\u00e9cis. Intelligent.","publisher":{"@id":"https:\/\/bizautom.com\/#organization"},"potentialAction":[{"@type":"SearchAction","target":{"@type":"EntryPoint","urlTemplate":"https:\/\/bizautom.com\/?s={search_term_string}"},"query-input":{"@type":"PropertyValueSpecification","valueRequired":true,"valueName":"search_term_string"}}],"inLanguage":"fr-FR"},{"@type":"Organization","@id":"https:\/\/bizautom.com\/#organization","name":"BizAutom","url":"https:\/\/bizautom.com\/","logo":{"@type":"ImageObject","inLanguage":"fr-FR","@id":"https:\/\/bizautom.com\/#\/schema\/logo\/image\/","url":"https:\/\/bizautom.com\/wp-content\/uploads\/2025\/04\/BizAutom_Logo_1.webp","contentUrl":"https:\/\/bizautom.com\/wp-content\/uploads\/2025\/04\/BizAutom_Logo_1.webp","width":455,"height":326,"caption":"BizAutom"},"image":{"@id":"https:\/\/bizautom.com\/#\/schema\/logo\/image\/"},"sameAs":["https:\/\/www.facebook.com\/people\/TINGCHEN-BizAutom\/61565746662873\/"]}]}},"jetpack-related-posts":[{"id":2035,"url":"https:\/\/bizautom.com\/fr\/produit\/prime-systems-ps-k120s-g3-semi-automatic-stretch-wrap-machine-with-weight-and-height-measurement-and-printer\/","url_meta":{"origin":1212,"position":0},"title":"Prime Systems PS-K120S G3 Machine semi-automatique d'emballage sous film \u00e9tirable avec mesure du poids et de la hauteur et imprimante","author":"admin","date":"mars 2, 2025","format":false,"excerpt":"Enhance Your Shipping Efficiency & Cut Costs with the Prime Systems PS-K120S G3!","rel":"","context":"Article similaire","block_context":{"text":"Article similaire","link":""},"img":{"alt_text":"","src":"https:\/\/i0.wp.com\/bizautom.com\/wp-content\/uploads\/2025\/03\/K120S-G3.jpg?resize=350%2C200&ssl=1","width":350,"height":200,"srcset":"https:\/\/i0.wp.com\/bizautom.com\/wp-content\/uploads\/2025\/03\/K120S-G3.jpg?resize=350%2C200&ssl=1 1x, https:\/\/i0.wp.com\/bizautom.com\/wp-content\/uploads\/2025\/03\/K120S-G3.jpg?resize=525%2C300&ssl=1 1.5x, https:\/\/i0.wp.com\/bizautom.com\/wp-content\/uploads\/2025\/03\/K120S-G3.jpg?resize=700%2C400&ssl=1 2x, https:\/\/i0.wp.com\/bizautom.com\/wp-content\/uploads\/2025\/03\/K120S-G3.jpg?resize=1050%2C600&ssl=1 3x, https:\/\/i0.wp.com\/bizautom.com\/wp-content\/uploads\/2025\/03\/K120S-G3.jpg?resize=1400%2C800&ssl=1 4x"},"classes":[]},{"id":1172,"url":"https:\/\/bizautom.com\/fr\/produit\/bizautom-ba-dws2424-laser-dimensional-scale-500x0-1lb-cap-with-printer-software\/","url_meta":{"origin":1212,"position":1},"title":"BizAutom BA-DS2424 Balance dimensionnelle laser 500\u00d70.1lb Cap. avec cam\u00e9ra, scanner, imprimante et logiciel","author":"admin","date":"d\u00e9cembre 29, 2023","format":false,"excerpt":"The BizAutom Laser Dimensional Scale is designed to bring precision and efficiency to your shipping processes. This innovative scale combines advanced weight and dimension measurement technology, streamlining shipping cost management and enhancing overall accuracy.","rel":"","context":"Article similaire","block_context":{"text":"Article similaire","link":""},"img":{"alt_text":"industrial smart scales","src":"https:\/\/i0.wp.com\/bizautom.com\/wp-content\/uploads\/2023\/12\/BA-DS2424-scaled.jpg?resize=350%2C200&ssl=1","width":350,"height":200,"srcset":"https:\/\/i0.wp.com\/bizautom.com\/wp-content\/uploads\/2023\/12\/BA-DS2424-scaled.jpg?resize=350%2C200&ssl=1 1x, https:\/\/i0.wp.com\/bizautom.com\/wp-content\/uploads\/2023\/12\/BA-DS2424-scaled.jpg?resize=525%2C300&ssl=1 1.5x, https:\/\/i0.wp.com\/bizautom.com\/wp-content\/uploads\/2023\/12\/BA-DS2424-scaled.jpg?resize=700%2C400&ssl=1 2x, https:\/\/i0.wp.com\/bizautom.com\/wp-content\/uploads\/2023\/12\/BA-DS2424-scaled.jpg?resize=1050%2C600&ssl=1 3x, https:\/\/i0.wp.com\/bizautom.com\/wp-content\/uploads\/2023\/12\/BA-DS2424-scaled.jpg?resize=1400%2C800&ssl=1 4x"},"classes":[]},{"id":4337,"url":"https:\/\/bizautom.com\/fr\/produit\/bizautom-cubeweigh-dimensioner-and-scale-system\/","url_meta":{"origin":1212,"position":2},"title":"BizAutom BA-CBW Syst\u00e8me de dimensionnement et de pesage CubeWeigh","author":"admin","date":"juin 10, 2025","format":false,"excerpt":"Efficace. Pr\u00e9cis. Int\u00e9gr\u00e9.","rel":"","context":"Article similaire","block_context":{"text":"Article similaire","link":""},"img":{"alt_text":"","src":"https:\/\/i0.wp.com\/bizautom.com\/wp-content\/uploads\/2025\/06\/CubeWeigh.jpg?resize=350%2C200&ssl=1","width":350,"height":200,"srcset":"https:\/\/i0.wp.com\/bizautom.com\/wp-content\/uploads\/2025\/06\/CubeWeigh.jpg?resize=350%2C200&ssl=1 1x, https:\/\/i0.wp.com\/bizautom.com\/wp-content\/uploads\/2025\/06\/CubeWeigh.jpg?resize=525%2C300&ssl=1 1.5x, https:\/\/i0.wp.com\/bizautom.com\/wp-content\/uploads\/2025\/06\/CubeWeigh.jpg?resize=700%2C400&ssl=1 2x, https:\/\/i0.wp.com\/bizautom.com\/wp-content\/uploads\/2025\/06\/CubeWeigh.jpg?resize=1050%2C600&ssl=1 3x, https:\/\/i0.wp.com\/bizautom.com\/wp-content\/uploads\/2025\/06\/CubeWeigh.jpg?resize=1400%2C800&ssl=1 4x"},"classes":[]},{"id":2031,"url":"https:\/\/bizautom.com\/fr\/produit\/bizautom-pi-ii-scale-the-ultimate-round-weighing-solution\/","url_meta":{"origin":1212,"position":3},"title":"Balance BizAutom PI-II : La solution ultime de pes\u00e9e ronde","author":"admin","date":"f\u00e9vrier 28, 2025","format":false,"excerpt":"Introducing the BizAutom PI-II Scale \u2013 a game-changing innovation for modern weighing applications. Designed with versatility, efficiency, and durability in mind, the PI-II Scale is the perfect solution for operations requiring seamless integration with turntable stretch wrappers or as a standalone floor scale.","rel":"","context":"Article similaire","block_context":{"text":"Article similaire","link":""},"img":{"alt_text":"","src":"https:\/\/i0.wp.com\/bizautom.com\/wp-content\/uploads\/2025\/02\/PIPS-IN202SSP.jpg?resize=350%2C200&ssl=1","width":350,"height":200,"srcset":"https:\/\/i0.wp.com\/bizautom.com\/wp-content\/uploads\/2025\/02\/PIPS-IN202SSP.jpg?resize=350%2C200&ssl=1 1x, https:\/\/i0.wp.com\/bizautom.com\/wp-content\/uploads\/2025\/02\/PIPS-IN202SSP.jpg?resize=525%2C300&ssl=1 1.5x, https:\/\/i0.wp.com\/bizautom.com\/wp-content\/uploads\/2025\/02\/PIPS-IN202SSP.jpg?resize=700%2C400&ssl=1 2x, https:\/\/i0.wp.com\/bizautom.com\/wp-content\/uploads\/2025\/02\/PIPS-IN202SSP.jpg?resize=1050%2C600&ssl=1 3x, https:\/\/i0.wp.com\/bizautom.com\/wp-content\/uploads\/2025\/02\/PIPS-IN202SSP.jpg?resize=1400%2C800&ssl=1 4x"},"classes":[]},{"id":4345,"url":"https:\/\/bizautom.com\/fr\/produit\/bizautom-ba-dc130-dual-counting-scale-with-data-storage-and-software-integration\/","url_meta":{"origin":1212,"position":4},"title":"BizAutom BA-DC130 Balance de comptage double avec stockage des donn\u00e9es et int\u00e9gration logicielle","author":"admin","date":"juin 17, 2025","format":false,"excerpt":"The BizAutom BA-DC130 Dual Counting Scale is more than just a counting device\u2014it\u2019s a versatile, smart, and scalable system designed to simplify complex inventory and production tasks. Whether you're counting thousands of small components or managing heavy parts across large platforms, the BA-DC130 delivers the speed, accuracy, and connectivity modern\u2026","rel":"","context":"Article similaire","block_context":{"text":"Article similaire","link":""},"img":{"alt_text":"","src":"https:\/\/i0.wp.com\/bizautom.com\/wp-content\/uploads\/2025\/06\/DualCountScaleFloorScale.jpg?resize=350%2C200&ssl=1","width":350,"height":200,"srcset":"https:\/\/i0.wp.com\/bizautom.com\/wp-content\/uploads\/2025\/06\/DualCountScaleFloorScale.jpg?resize=350%2C200&ssl=1 1x, https:\/\/i0.wp.com\/bizautom.com\/wp-content\/uploads\/2025\/06\/DualCountScaleFloorScale.jpg?resize=525%2C300&ssl=1 1.5x, https:\/\/i0.wp.com\/bizautom.com\/wp-content\/uploads\/2025\/06\/DualCountScaleFloorScale.jpg?resize=700%2C400&ssl=1 2x, https:\/\/i0.wp.com\/bizautom.com\/wp-content\/uploads\/2025\/06\/DualCountScaleFloorScale.jpg?resize=1050%2C600&ssl=1 3x, https:\/\/i0.wp.com\/bizautom.com\/wp-content\/uploads\/2025\/06\/DualCountScaleFloorScale.jpg?resize=1400%2C800&ssl=1 4x"},"classes":[]},{"id":4160,"url":"https:\/\/bizautom.com\/fr\/produit\/prime-scales-pi-scale-wrap-and-weigh-in-one-seamless-step\/","url_meta":{"origin":1212,"position":5},"title":"Prime Scales PI Scale : Envelopper et peser en une seule \u00e9tape transparente","author":"admin","date":"avril 20, 2025","format":false,"excerpt":"\u00c9liminez les doubles manipulations, acc\u00e9l\u00e9rez votre flux de travail et r\u00e9duisez le temps d'op\u00e9ration jusqu'\u00e0 40% - le tout avec une simple mise \u00e0 niveau.","rel":"","context":"Article similaire","block_context":{"text":"Article similaire","link":""},"img":{"alt_text":"","src":"https:\/\/i0.wp.com\/bizautom.com\/wp-content\/uploads\/2025\/04\/PS-PiScale.jpg?resize=350%2C200&ssl=1","width":350,"height":200,"srcset":"https:\/\/i0.wp.com\/bizautom.com\/wp-content\/uploads\/2025\/04\/PS-PiScale.jpg?resize=350%2C200&ssl=1 1x, https:\/\/i0.wp.com\/bizautom.com\/wp-content\/uploads\/2025\/04\/PS-PiScale.jpg?resize=525%2C300&ssl=1 1.5x, https:\/\/i0.wp.com\/bizautom.com\/wp-content\/uploads\/2025\/04\/PS-PiScale.jpg?resize=700%2C400&ssl=1 2x, https:\/\/i0.wp.com\/bizautom.com\/wp-content\/uploads\/2025\/04\/PS-PiScale.jpg?resize=1050%2C600&ssl=1 3x"},"classes":[]}],"jetpack_sharing_enabled":true,"_links":{"self":[{"href":"https:\/\/bizautom.com\/fr\/wp-json\/wp\/v2\/product\/1212","targetHints":{"allow":["GET"]}}],"collection":[{"href":"https:\/\/bizautom.com\/fr\/wp-json\/wp\/v2\/product"}],"about":[{"href":"https:\/\/bizautom.com\/fr\/wp-json\/wp\/v2\/types\/product"}],"replies":[{"embeddable":true,"href":"https:\/\/bizautom.com\/fr\/wp-json\/wp\/v2\/comments?post=1212"}],"version-history":[{"count":4,"href":"https:\/\/bizautom.com\/fr\/wp-json\/wp\/v2\/product\/1212\/revisions"}],"predecessor-version":[{"id":4275,"href":"https:\/\/bizautom.com\/fr\/wp-json\/wp\/v2\/product\/1212\/revisions\/4275"}],"wp:featuredmedia":[{"embeddable":true,"href":"https:\/\/bizautom.com\/fr\/wp-json\/wp\/v2\/media\/4274"}],"wp:attachment":[{"href":"https:\/\/bizautom.com\/fr\/wp-json\/wp\/v2\/media?parent=1212"}],"wp:term":[{"taxonomy":"product_brand","embeddable":true,"href":"https:\/\/bizautom.com\/fr\/wp-json\/wp\/v2\/product_brand?post=1212"},{"taxonomy":"product_cat","embeddable":true,"href":"https:\/\/bizautom.com\/fr\/wp-json\/wp\/v2\/product_cat?post=1212"},{"taxonomy":"product_tag","embeddable":true,"href":"https:\/\/bizautom.com\/fr\/wp-json\/wp\/v2\/product_tag?post=1212"}],"curies":[{"name":"wp","href":"https:\/\/api.w.org\/{rel}","templated":true}]}}