{"id":1339,"date":"2024-05-01T00:55:15","date_gmt":"2024-05-01T00:55:15","guid":{"rendered":"https:\/\/bizautom.com\/?post_type=product&#038;p=1339"},"modified":"2024-07-24T10:14:34","modified_gmt":"2024-07-24T10:14:34","slug":"bizautom-rs232-to-usb-cable-3ft","status":"publish","type":"product","link":"https:\/\/bizautom.com\/fr\/produit\/bizautom-rs232-to-usb-cable-3ft\/","title":{"rendered":"BizAutom RS232 to USB Cable 3Ft"},"content":{"rendered":"<p>Nous vous pr\u00e9sentons notre c\u00e2ble RS232 vers USB, une solution fiable pour connecter de mani\u00e8re transparente les anciens p\u00e9riph\u00e9riques RS232 \u00e0 vos PC Windows 10 ou plus anciens. Ce c\u00e2ble de haute qualit\u00e9 permet un transfert de donn\u00e9es sans effort, ce qui vous permet de combler le foss\u00e9 entre la technologie moderne et les \u00e9quipements plus anciens en toute simplicit\u00e9.<\/p>\n<p>Gr\u00e2ce \u00e0 sa fonctionnalit\u00e9 \"plug-and-play\", l'installation est rapide et sans souci. Il suffit de connecter le c\u00e2ble \u00e0 votre appareil RS232 et au port USB de votre PC, et vous \u00eates pr\u00eat \u00e0 partir. Que vous ayez besoin de connecter des machines industrielles, des imprimantes s\u00e9rie ou d'autres appareils anciens, ce c\u00e2ble constitue une solution transparente.<\/p>\n<p>Gr\u00e2ce \u00e0 sa construction robuste et \u00e0 ses performances fiables, notre c\u00e2ble RS232 vers USB garantit une transmission stable des donn\u00e9es pour vos applications critiques. Dites adieu aux probl\u00e8mes de compatibilit\u00e9 et bonjour \u00e0 la connectivit\u00e9 rationalis\u00e9e gr\u00e2ce \u00e0 notre solution de c\u00e2ble fiable.<\/p>","protected":false},"excerpt":{"rendered":"<p>Introducing our RS232 to USB Cable, a reliable solution for seamlessly connecting legacy RS232 devices to your Windows 10 or older PCs. This high-quality cable enables effortless data transfer, allowing you to bridge the gap between modern technology and older equipment with ease. With its plug-and-play functionality, setup is quick and hassle-free. Simply connect the [&hellip;]<\/p>\n","protected":false},"featured_media":1340,"comment_status":"open","ping_status":"closed","template":"","meta":[],"product_brand":[51],"product_cat":[32],"product_tag":[88],"class_list":{"0":"post-1339","1":"product","2":"type-product","3":"status-publish","4":"has-post-thumbnail","6":"product_brand-bizautom","7":"product_cat-instruments-parts","8":"product_tag-usb-cable","10":"first","11":"instock","12":"sale","13":"taxable","14":"shipping-taxable","15":"purchasable","16":"product-type-simple"},"yoast_head":"<!-- This site is optimized with the Yoast SEO plugin v27.4 - https:\/\/yoast.com\/product\/yoast-seo-wordpress\/ -->\n<title>RS232 To USB Cable 3Ft | Data Transfer solution | Bizautom<\/title>\n<meta name=\"description\" content=\"Seamlessly connect legacy RS232 devices to PCs with our reliable RS232 to USB Cable. Enjoy effortless data transfer, &amp; stable performance. Visit our website!\" \/>\n<meta name=\"robots\" content=\"index, follow, max-snippet:-1, max-image-preview:large, max-video-preview:-1\" \/>\n<link rel=\"canonical\" href=\"https:\/\/bizautom.com\/fr\/produit\/bizautom-rs232-to-usb-cable-3ft\/\" \/>\n<meta property=\"og:locale\" content=\"fr_FR\" \/>\n<meta property=\"og:type\" content=\"article\" \/>\n<meta property=\"og:title\" content=\"RS232 To USB Cable 3Ft | Data Transfer solution | Bizautom\" \/>\n<meta property=\"og:description\" content=\"Seamlessly connect legacy RS232 devices to PCs with our reliable RS232 to USB Cable. Enjoy effortless data transfer, &amp; stable performance. Visit our website!\" \/>\n<meta property=\"og:url\" content=\"https:\/\/bizautom.com\/fr\/produit\/bizautom-rs232-to-usb-cable-3ft\/\" \/>\n<meta property=\"og:site_name\" content=\"BizAutom\" \/>\n<meta property=\"article:publisher\" content=\"https:\/\/www.facebook.com\/people\/TINGCHEN-BizAutom\/61565746662873\/\" \/>\n<meta property=\"article:modified_time\" content=\"2024-07-24T10:14:34+00:00\" \/>\n<meta property=\"og:image\" content=\"https:\/\/bizautom.com\/wp-content\/uploads\/2024\/05\/USBcable.jpg\" \/>\n\t<meta property=\"og:image:width\" content=\"501\" \/>\n\t<meta property=\"og:image:height\" content=\"362\" \/>\n\t<meta property=\"og:image:type\" content=\"image\/jpeg\" \/>\n<meta name=\"twitter:card\" content=\"summary_large_image\" \/>\n<meta name=\"twitter:label1\" content=\"Dur\u00e9e de lecture estim\u00e9e\" \/>\n\t<meta name=\"twitter:data1\" content=\"1 minute\" \/>\n<!-- \/ Yoast SEO plugin. -->","yoast_head_json":{"title":"RS232 To USB Cable 3Ft | Data Transfer solution | Bizautom","description":"Seamlessly connect legacy RS232 devices to PCs with our reliable RS232 to USB Cable. Enjoy effortless data transfer, & stable performance. Visit our website!","robots":{"index":"index","follow":"follow","max-snippet":"max-snippet:-1","max-image-preview":"max-image-preview:large","max-video-preview":"max-video-preview:-1"},"canonical":"https:\/\/bizautom.com\/fr\/produit\/bizautom-rs232-to-usb-cable-3ft\/","og_locale":"fr_FR","og_type":"article","og_title":"RS232 To USB Cable 3Ft | Data Transfer solution | Bizautom","og_description":"Seamlessly connect legacy RS232 devices to PCs with our reliable RS232 to USB Cable. Enjoy effortless data transfer, & stable performance. Visit our website!","og_url":"https:\/\/bizautom.com\/fr\/produit\/bizautom-rs232-to-usb-cable-3ft\/","og_site_name":"BizAutom","article_publisher":"https:\/\/www.facebook.com\/people\/TINGCHEN-BizAutom\/61565746662873\/","article_modified_time":"2024-07-24T10:14:34+00:00","og_image":[{"width":501,"height":362,"url":"https:\/\/bizautom.com\/wp-content\/uploads\/2024\/05\/USBcable.jpg","type":"image\/jpeg"}],"twitter_card":"summary_large_image","twitter_misc":{"Dur\u00e9e de lecture estim\u00e9e":"1 minute"},"schema":{"@context":"https:\/\/schema.org","@graph":[{"@type":"WebPage","@id":"https:\/\/bizautom.com\/product\/bizautom-rs232-to-usb-cable-3ft\/","url":"https:\/\/bizautom.com\/product\/bizautom-rs232-to-usb-cable-3ft\/","name":"RS232 To USB Cable 3Ft | Data Transfer solution | Bizautom","isPartOf":{"@id":"https:\/\/bizautom.com\/#website"},"primaryImageOfPage":{"@id":"https:\/\/bizautom.com\/product\/bizautom-rs232-to-usb-cable-3ft\/#primaryimage"},"image":{"@id":"https:\/\/bizautom.com\/product\/bizautom-rs232-to-usb-cable-3ft\/#primaryimage"},"thumbnailUrl":"https:\/\/bizautom.com\/wp-content\/uploads\/2024\/05\/USBcable.jpg","datePublished":"2024-05-01T00:55:15+00:00","dateModified":"2024-07-24T10:14:34+00:00","description":"Seamlessly connect legacy RS232 devices to PCs with our reliable RS232 to USB Cable. Enjoy effortless data transfer, & stable performance. Visit our website!","breadcrumb":{"@id":"https:\/\/bizautom.com\/product\/bizautom-rs232-to-usb-cable-3ft\/#breadcrumb"},"inLanguage":"fr-FR","potentialAction":[{"@type":"ReadAction","target":["https:\/\/bizautom.com\/product\/bizautom-rs232-to-usb-cable-3ft\/"]}]},{"@type":"ImageObject","inLanguage":"fr-FR","@id":"https:\/\/bizautom.com\/product\/bizautom-rs232-to-usb-cable-3ft\/#primaryimage","url":"https:\/\/bizautom.com\/wp-content\/uploads\/2024\/05\/USBcable.jpg","contentUrl":"https:\/\/bizautom.com\/wp-content\/uploads\/2024\/05\/USBcable.jpg","width":501,"height":362},{"@type":"BreadcrumbList","@id":"https:\/\/bizautom.com\/product\/bizautom-rs232-to-usb-cable-3ft\/#breadcrumb","itemListElement":[{"@type":"ListItem","position":1,"name":"Home","item":"https:\/\/bizautom.com\/"},{"@type":"ListItem","position":2,"name":"Shop","item":"https:\/\/bizautom.com\/shop-2\/"},{"@type":"ListItem","position":3,"name":"BizAutom RS232 to USB Cable 3Ft"}]},{"@type":"WebSite","@id":"https:\/\/bizautom.com\/#website","url":"https:\/\/bizautom.com\/","name":"BizAutom","description":"Rapide. Pr\u00e9cis. Intelligent.","publisher":{"@id":"https:\/\/bizautom.com\/#organization"},"potentialAction":[{"@type":"SearchAction","target":{"@type":"EntryPoint","urlTemplate":"https:\/\/bizautom.com\/?s={search_term_string}"},"query-input":{"@type":"PropertyValueSpecification","valueRequired":true,"valueName":"search_term_string"}}],"inLanguage":"fr-FR"},{"@type":"Organization","@id":"https:\/\/bizautom.com\/#organization","name":"BizAutom","url":"https:\/\/bizautom.com\/","logo":{"@type":"ImageObject","inLanguage":"fr-FR","@id":"https:\/\/bizautom.com\/#\/schema\/logo\/image\/","url":"https:\/\/bizautom.com\/wp-content\/uploads\/2025\/04\/BizAutom_Logo_1.webp","contentUrl":"https:\/\/bizautom.com\/wp-content\/uploads\/2025\/04\/BizAutom_Logo_1.webp","width":455,"height":326,"caption":"BizAutom"},"image":{"@id":"https:\/\/bizautom.com\/#\/schema\/logo\/image\/"},"sameAs":["https:\/\/www.facebook.com\/people\/TINGCHEN-BizAutom\/61565746662873\/"]}]}},"jetpack-related-posts":[{"id":1015,"url":"https:\/\/bizautom.com\/fr\/produit\/prime-systems-ps-apollo-long-range-rs232-wireless-kit-two-wireless-modules\/","url_meta":{"origin":1339,"position":0},"title":"Prime Systems PS-APOLLO Kit sans fil RS232 longue port\u00e9e (deux modules sans fil)","author":"admin","date":"juillet 20, 2023","format":false,"excerpt":"C'est le moment de dire adieu aux c\u00e2bles RS232 et de d\u00e9couvrir le nouveau kit sans fil Apollo RS232. Avec une tr\u00e8s grande longueur de transmission de plus de 3 000 pieds, vous ne serez plus \u00e0 la recherche d'un c\u00e2ble et ne serez plus \u00e0 court de longueur de c\u00e2ble !","rel":"","context":"Article similaire","block_context":{"text":"Article similaire","link":""},"img":{"alt_text":"","src":"https:\/\/i0.wp.com\/bizautom.com\/wp-content\/uploads\/2023\/07\/ApolloI-main-scaled.jpg?resize=350%2C200&ssl=1","width":350,"height":200,"srcset":"https:\/\/i0.wp.com\/bizautom.com\/wp-content\/uploads\/2023\/07\/ApolloI-main-scaled.jpg?resize=350%2C200&ssl=1 1x, https:\/\/i0.wp.com\/bizautom.com\/wp-content\/uploads\/2023\/07\/ApolloI-main-scaled.jpg?resize=525%2C300&ssl=1 1.5x, https:\/\/i0.wp.com\/bizautom.com\/wp-content\/uploads\/2023\/07\/ApolloI-main-scaled.jpg?resize=700%2C400&ssl=1 2x, https:\/\/i0.wp.com\/bizautom.com\/wp-content\/uploads\/2023\/07\/ApolloI-main-scaled.jpg?resize=1050%2C600&ssl=1 3x, https:\/\/i0.wp.com\/bizautom.com\/wp-content\/uploads\/2023\/07\/ApolloI-main-scaled.jpg?resize=1400%2C800&ssl=1 4x"},"classes":[]},{"id":1074,"url":"https:\/\/bizautom.com\/fr\/produit\/prime-scales-ps-35-thermal-label-paper-serial-printer\/","url_meta":{"origin":1339,"position":1},"title":"Prime Scales PS-35 Imprimante thermique d'\u00e9tiquettes \/ papier en s\u00e9rie","author":"admin","date":"juillet 31, 2023","format":false,"excerpt":"L'imprimante PS-35 est l'imprimante la plus avanc\u00e9e de notre gamme. D'une simple pression sur un bouton, elle peut imprimer instantan\u00e9ment des informations sur le poids sur du papier thermique en rouleau, des \u00e9tiquettes normales ou des \u00e9tiquettes sans doublure d'une \u00e9paisseur minimale de 0,2 mm.","rel":"","context":"Article similaire","block_context":{"text":"Article similaire","link":""},"img":{"alt_text":"","src":"https:\/\/i0.wp.com\/bizautom.com\/wp-content\/uploads\/2023\/07\/Main.jpg?resize=350%2C200&ssl=1","width":350,"height":200,"srcset":"https:\/\/i0.wp.com\/bizautom.com\/wp-content\/uploads\/2023\/07\/Main.jpg?resize=350%2C200&ssl=1 1x, https:\/\/i0.wp.com\/bizautom.com\/wp-content\/uploads\/2023\/07\/Main.jpg?resize=525%2C300&ssl=1 1.5x, https:\/\/i0.wp.com\/bizautom.com\/wp-content\/uploads\/2023\/07\/Main.jpg?resize=700%2C400&ssl=1 2x, https:\/\/i0.wp.com\/bizautom.com\/wp-content\/uploads\/2023\/07\/Main.jpg?resize=1050%2C600&ssl=1 3x, https:\/\/i0.wp.com\/bizautom.com\/wp-content\/uploads\/2023\/07\/Main.jpg?resize=1400%2C800&ssl=1 4x"},"classes":[]},{"id":957,"url":"https:\/\/bizautom.com\/fr\/produit\/prime-scales-ps-in202-digital-indicator-with-rs232-signal-output\/","url_meta":{"origin":1339,"position":2},"title":"Prime Scales PS-IN202 Indicateur num\u00e9rique avec sortie de signal RS232","author":"admin","date":"juillet 18, 2023","format":false,"excerpt":"Que vous ayez besoin d'un indicateur de base ou que vous pr\u00e9voyiez de connecter votre balance au r\u00e9seau BizAutom \u00e0 l'avenir, le PS-IN202 est un choix id\u00e9al.","rel":"","context":"Article similaire","block_context":{"text":"Article similaire","link":""},"img":{"alt_text":"","src":"https:\/\/i0.wp.com\/bizautom.com\/wp-content\/uploads\/2023\/07\/PS-IN202.jpg?resize=350%2C200&ssl=1","width":350,"height":200,"srcset":"https:\/\/i0.wp.com\/bizautom.com\/wp-content\/uploads\/2023\/07\/PS-IN202.jpg?resize=350%2C200&ssl=1 1x, https:\/\/i0.wp.com\/bizautom.com\/wp-content\/uploads\/2023\/07\/PS-IN202.jpg?resize=525%2C300&ssl=1 1.5x, https:\/\/i0.wp.com\/bizautom.com\/wp-content\/uploads\/2023\/07\/PS-IN202.jpg?resize=700%2C400&ssl=1 2x"},"classes":[]},{"id":3127,"url":"https:\/\/bizautom.com\/fr\/produit\/prime-scales-ps-45-wide-format-thermal-label-paper-serial-printer\/","url_meta":{"origin":1339,"position":3},"title":"Prime Scales PS-45 Imprimante thermique grand format d'\u00e9tiquettes \/ papier en s\u00e9rie","author":"admin","date":"mars 30, 2025","format":false,"excerpt":"La PS-45 est notre imprimante au format le plus large, offrant des impressions instantan\u00e9es sur simple pression d'un bouton. Elle imprime sans effort des donn\u00e9es de poids, du texte, des codes-barres, des codes QR et des num\u00e9ros de s\u00e9rie sur du papier thermique en rouleau, des \u00e9tiquettes standard ou des \u00e9tiquettes continues jusqu'\u00e0 4,5\" de large.","rel":"","context":"Article similaire","block_context":{"text":"Article similaire","link":""},"img":{"alt_text":"","src":"https:\/\/i0.wp.com\/bizautom.com\/wp-content\/uploads\/2025\/03\/PS-45.jpg?resize=350%2C200&ssl=1","width":350,"height":200,"srcset":"https:\/\/i0.wp.com\/bizautom.com\/wp-content\/uploads\/2025\/03\/PS-45.jpg?resize=350%2C200&ssl=1 1x, https:\/\/i0.wp.com\/bizautom.com\/wp-content\/uploads\/2025\/03\/PS-45.jpg?resize=525%2C300&ssl=1 1.5x, https:\/\/i0.wp.com\/bizautom.com\/wp-content\/uploads\/2025\/03\/PS-45.jpg?resize=700%2C400&ssl=1 2x, https:\/\/i0.wp.com\/bizautom.com\/wp-content\/uploads\/2025\/03\/PS-45.jpg?resize=1050%2C600&ssl=1 3x, https:\/\/i0.wp.com\/bizautom.com\/wp-content\/uploads\/2025\/03\/PS-45.jpg?resize=1400%2C800&ssl=1 4x"},"classes":[]},{"id":1008,"url":"https:\/\/bizautom.com\/fr\/produit\/prime-systems-ps-ct1-plc-based-controller-weight-indicator\/","url_meta":{"origin":1339,"position":4},"title":"Prime Systems PS-CT1 Contr\u00f4leur \/ Indicateur de poids bas\u00e9 sur un PLC","author":"admin","date":"juillet 20, 2023","format":false,"excerpt":"Le contr\u00f4leur Prime Systems CT1 offre une solution transparente pour la construction de syst\u00e8mes avanc\u00e9s de contr\u00f4le pond\u00e9ral et de dosage. Gr\u00e2ce \u00e0 la fonctionnalit\u00e9 int\u00e9gr\u00e9e du module de poids, ce contr\u00f4leur puissant vous offre un contr\u00f4le total au bout des doigts. Faites l'exp\u00e9rience d'une facilit\u00e9 et d'une efficacit\u00e9 in\u00e9gal\u00e9es dans la construction de syst\u00e8mes avec le Prime Systems CT1.","rel":"","context":"Article similaire","block_context":{"text":"Article similaire","link":""},"img":{"alt_text":"PS IN202 calibration","src":"https:\/\/i0.wp.com\/bizautom.com\/wp-content\/uploads\/2023\/07\/CT-1.png?resize=350%2C200&ssl=1","width":350,"height":200,"srcset":"https:\/\/i0.wp.com\/bizautom.com\/wp-content\/uploads\/2023\/07\/CT-1.png?resize=350%2C200&ssl=1 1x, https:\/\/i0.wp.com\/bizautom.com\/wp-content\/uploads\/2023\/07\/CT-1.png?resize=525%2C300&ssl=1 1.5x, https:\/\/i0.wp.com\/bizautom.com\/wp-content\/uploads\/2023\/07\/CT-1.png?resize=700%2C400&ssl=1 2x, https:\/\/i0.wp.com\/bizautom.com\/wp-content\/uploads\/2023\/07\/CT-1.png?resize=1050%2C600&ssl=1 3x, https:\/\/i0.wp.com\/bizautom.com\/wp-content\/uploads\/2023\/07\/CT-1.png?resize=1400%2C800&ssl=1 4x"},"classes":[]},{"id":1052,"url":"https:\/\/bizautom.com\/fr\/produit\/prime-station-ps-interface-bridge-software-connecting-rs232-devices-with-pc\/","url_meta":{"origin":1339,"position":5},"title":"Prime Station PS-INTERFACE Bridge Software Connexion de p\u00e9riph\u00e9riques RS232 avec un PC","author":"admin","date":"juillet 20, 2023","format":false,"excerpt":"Prime Interface Software combines intuitive design with extensive functionality, making it an indispensable tool for efficient weight management. From customizable display settings to flexible data storage and export options, this software is designed to streamline processes and maintain data accuracy across a variety of applications. Make Prime Station Interface Software\u2026","rel":"","context":"Article similaire","block_context":{"text":"Article similaire","link":""},"img":{"alt_text":"","src":"https:\/\/i0.wp.com\/bizautom.com\/wp-content\/uploads\/2023\/07\/PrimeInterface_main.jpg?resize=350%2C200&ssl=1","width":350,"height":200,"srcset":"https:\/\/i0.wp.com\/bizautom.com\/wp-content\/uploads\/2023\/07\/PrimeInterface_main.jpg?resize=350%2C200&ssl=1 1x, https:\/\/i0.wp.com\/bizautom.com\/wp-content\/uploads\/2023\/07\/PrimeInterface_main.jpg?resize=525%2C300&ssl=1 1.5x, https:\/\/i0.wp.com\/bizautom.com\/wp-content\/uploads\/2023\/07\/PrimeInterface_main.jpg?resize=700%2C400&ssl=1 2x, https:\/\/i0.wp.com\/bizautom.com\/wp-content\/uploads\/2023\/07\/PrimeInterface_main.jpg?resize=1050%2C600&ssl=1 3x"},"classes":[]}],"jetpack_sharing_enabled":true,"_links":{"self":[{"href":"https:\/\/bizautom.com\/fr\/wp-json\/wp\/v2\/product\/1339","targetHints":{"allow":["GET"]}}],"collection":[{"href":"https:\/\/bizautom.com\/fr\/wp-json\/wp\/v2\/product"}],"about":[{"href":"https:\/\/bizautom.com\/fr\/wp-json\/wp\/v2\/types\/product"}],"replies":[{"embeddable":true,"href":"https:\/\/bizautom.com\/fr\/wp-json\/wp\/v2\/comments?post=1339"}],"version-history":[{"count":0,"href":"https:\/\/bizautom.com\/fr\/wp-json\/wp\/v2\/product\/1339\/revisions"}],"wp:featuredmedia":[{"embeddable":true,"href":"https:\/\/bizautom.com\/fr\/wp-json\/wp\/v2\/media\/1340"}],"wp:attachment":[{"href":"https:\/\/bizautom.com\/fr\/wp-json\/wp\/v2\/media?parent=1339"}],"wp:term":[{"taxonomy":"product_brand","embeddable":true,"href":"https:\/\/bizautom.com\/fr\/wp-json\/wp\/v2\/product_brand?post=1339"},{"taxonomy":"product_cat","embeddable":true,"href":"https:\/\/bizautom.com\/fr\/wp-json\/wp\/v2\/product_cat?post=1339"},{"taxonomy":"product_tag","embeddable":true,"href":"https:\/\/bizautom.com\/fr\/wp-json\/wp\/v2\/product_tag?post=1339"}],"curies":[{"name":"wp","href":"https:\/\/api.w.org\/{rel}","templated":true}]}}