{"id":1575,"date":"2024-09-28T09:49:33","date_gmt":"2024-09-28T13:49:33","guid":{"rendered":"https:\/\/bizautom.com\/?post_type=product&#038;p=1575"},"modified":"2024-10-26T20:51:47","modified_gmt":"2024-10-27T00:51:47","slug":"bizautom-ba-sbm4-tank-scale-kit-load-cell-module-kit","status":"publish","type":"product","link":"https:\/\/bizautom.com\/fr\/produit\/bizautom-ba-sbm4-tank-scale-kit-load-cell-module-kit\/","title":{"rendered":"BizAutom BA-LCM-SB Silo Tank Scale Mount Assembly (montage \u00e0 l'\u00e9chelle)"},"content":{"rendered":"<p>Le <strong>BizAutom BA-LCM-SB<\/strong>\u00a0L'ensemble de montage de balance pour r\u00e9servoir de silo offre une solution robuste et tr\u00e8s pr\u00e9cise pour peser les r\u00e9servoirs de silo, les tr\u00e9mies et les bacs dans un grand nombre d'industries. Cet ensemble polyvalent est con\u00e7u pour faciliter l'installation, ce qui le rend id\u00e9al pour les applications agricoles et industrielles o\u00f9 une gestion efficace et fiable du poids est essentielle. Parfait pour l'agriculture, l'alimentation du b\u00e9tail, le stockage de liquides, etc., ce syst\u00e8me est con\u00e7u pour r\u00e9pondre aux exigences des petites et grandes charges, allant de 500 lb \u00e0 un impressionnant 5 000 lb par cellule de charge.<\/p>\n<p>Construit en acier alli\u00e9 \u00e0 haute r\u00e9sistance, le BA-LCM-SBS est dot\u00e9 d'un support \u00e0 rondelle sph\u00e9rique \u00e0 alignement automatique, qui non seulement permet un mouvement contr\u00f4l\u00e9, mais garantit \u00e9galement que le support se centre automatiquement apr\u00e8s le d\u00e9chargement du mat\u00e9riau. Cette caract\u00e9ristique, ainsi que sa construction robuste, font du BA-LCM-SBS un choix stable et durable pour une utilisation \u00e0 long terme dans des environnements exigeants. En outre, la plaque sup\u00e9rieure de 5\u2033x5\u2033 avec quatre trous de 1\/2\u2033 de diam\u00e8tre et le syst\u00e8me de montage au sol s\u00e9curis\u00e9 (six trous de 1\/2\u2033 de diam\u00e8tre) facilitent l'installation sous chaque pied de votre r\u00e9servoir ou tr\u00e9mie, offrant flexibilit\u00e9 et s\u00e9curit\u00e9 pour diverses capacit\u00e9s de charge.<\/p>\n<p>Le BA-LCM-SBS est \u00e9quip\u00e9 d'une cellule de charge \u00e0 cisaillement de haute qualit\u00e9, garantissant des mesures de poids pr\u00e9cises en s\u00e9lectionnant la cellule de charge appropri\u00e9e au poids de votre r\u00e9servoir et \u00e0 la charge du mat\u00e9riau. Gr\u00e2ce \u00e0 sa facilit\u00e9 de r\u00e9glage et \u00e0 sa stabilit\u00e9 fiable, cet ensemble de montage de balance est id\u00e9al pour les secteurs qui d\u00e9pendent de mesures pr\u00e9cises de stockage en vrac, notamment l'agriculture, l'agroalimentaire, la production chimique, la fabrication de ciment, les plastiques, les aliments pour animaux, les produits pharmaceutiques et les industries de la biomasse.<\/p>\n<h3>Principales caract\u00e9ristiques et avantages :<\/h3>\n<ul>\n<li><strong>Prise en charge d'une large gamme de charges<\/strong>: Chaque capteur de l'ensemble BA-LCM-SBS peut supporter des charges allant de 500 lb \u00e0 5 000 lb, ce qui permet de r\u00e9pondre \u00e0 diverses applications industrielles et de stockage.<\/li>\n<li><strong>Construction durable en acier alli\u00e9<\/strong>: Fabriqu\u00e9 en acier alli\u00e9 \u00e0 haute r\u00e9sistance, cet assemblage est con\u00e7u pour r\u00e9sister aux rigueurs d'une utilisation intensive, garantissant une durabilit\u00e9 \u00e0 long terme dans des environnements exigeants.<\/li>\n<li><strong>Montage de rondelles sph\u00e9riques auto-align\u00e9es<\/strong>: La fixation innovante de la rondelle sph\u00e9rique permet un mouvement contr\u00f4l\u00e9 et un recentrage automatique apr\u00e8s le d\u00e9chargement, ce qui am\u00e9liore la stabilit\u00e9 et r\u00e9duit les contraintes sur le syst\u00e8me.<\/li>\n<li><strong>Installation facile<\/strong>: \u00c9quip\u00e9 d'une plaque sup\u00e9rieure de 5\u2033x5\u2033 comportant quatre trous de 1\/2\u2033 de diam\u00e8tre, cet ensemble peut \u00eatre facilement mont\u00e9 sous chaque pied de silo, de tr\u00e9mie ou de bac. Pour le montage au sol, six trous suppl\u00e9mentaires de 1\/2\u2033 de diam\u00e8tre assurent une fixation s\u00fbre et stable.<\/li>\n<li><strong>Vis de mise \u00e0 niveau r\u00e9glable<\/strong>: Une vis longue de 1\/2-20 permet des r\u00e9glages pr\u00e9cis de la mise \u00e0 niveau, m\u00eame sur des surfaces irr\u00e9guli\u00e8res, garantissant une mesure stable et pr\u00e9cise du poids.<\/li>\n<li><strong>Applications polyvalentes<\/strong>: Convient \u00e0 une gamme d'industries, y compris l'agriculture, la transformation des aliments, la production chimique, la construction (ciment), les plastiques, les aliments pour animaux, les produits pharmaceutiques et la biomasse, offrant une flexibilit\u00e9 pour divers besoins de stockage.<\/li>\n<li><strong>Gestion pr\u00e9cise de la charge<\/strong>: L'ensemble BA-LCM-SBS comprend un capteur de cisaillement compatible. Les utilisateurs peuvent facilement s\u00e9lectionner une cellule de charge adapt\u00e9e au poids du r\u00e9servoir et \u00e0 la charge du mat\u00e9riau, optimisant la pr\u00e9cision en divisant le poids total par le nombre de pieds supportant l'unit\u00e9 de stockage.<\/li>\n<li><strong>Stabilit\u00e9 et s\u00e9curit\u00e9 accrues<\/strong>: En r\u00e9partissant uniform\u00e9ment la charge, ce syst\u00e8me de fixation r\u00e9duit les risques li\u00e9s \u00e0 la surcharge et assure une gestion s\u00fbre du poids.<\/li>\n<\/ul>\n<h3>Utilisations id\u00e9ales :<\/h3>\n<ul>\n<li><strong>Agriculture et stockage des c\u00e9r\u00e9ales<\/strong>: Pour les exploitations agricoles, les usines d'aliments pour animaux et les installations c\u00e9r\u00e9ali\u00e8res, assurer une gestion pr\u00e9cise des stocks et un contr\u00f4le de la qualit\u00e9.<\/li>\n<li><strong>Transformation des aliments et des boissons<\/strong>: G\u00e9rer les ingr\u00e9dients en vrac, tels que la farine, le sucre et le malt, avec pr\u00e9cision pour une qualit\u00e9 de production constante.<\/li>\n<li><strong>Production de produits chimiques et d'engrais<\/strong>: Stocker et contr\u00f4ler en toute s\u00e9curit\u00e9 les produits en vrac dans les installations de production chimique.<\/li>\n<li><strong>Ciment et construction<\/strong>: Parfait pour le dosage du b\u00e9ton et le stockage des agr\u00e9gats, assurant des mesures de poids pr\u00e9cises pour un m\u00e9lange homog\u00e8ne.<\/li>\n<li><strong>Plastiques et polym\u00e8res<\/strong>: Stocker et mesurer avec pr\u00e9cision les r\u00e9sines en vrac et les granul\u00e9s dans la production de mati\u00e8res plastiques.<\/li>\n<li><strong>Aliments pour animaux et produits pharmaceutiques<\/strong>: Obtenir une formulation coh\u00e9rente des ingr\u00e9dients dans la production d'aliments pour animaux et la fabrication de produits pharmaceutiques.<\/li>\n<\/ul>","protected":false},"excerpt":{"rendered":"<p>\u00c9quipez votre \u00e9tablissement de la <strong>BizAutom BA-LCM-SBS Silo Tank Scale Mount Assembly (assemblage de montage de balance de r\u00e9servoir de silo)<\/strong> pour une gestion transparente et pr\u00e9cise du poids, essentielle pour le contr\u00f4le des stocks et l'efficacit\u00e9 de la production. La conception robuste et les applications flexibles de cet ensemble en font un choix fiable dans divers secteurs, fournissant des donn\u00e9es de poids coh\u00e9rentes et pr\u00e9cises pour contribuer au succ\u00e8s de vos op\u00e9rations.<\/p>","protected":false},"featured_media":1623,"comment_status":"open","ping_status":"closed","template":"","meta":[],"product_brand":[],"product_cat":[15,30,32],"product_tag":[],"class_list":{"0":"post-1575","1":"product","2":"type-product","3":"status-publish","4":"has-post-thumbnail","6":"product_cat-industrial-equipment","7":"product_cat-industrial-scales","8":"product_cat-instruments-parts","10":"first","11":"instock","12":"taxable","13":"shipping-taxable","14":"purchasable","15":"product-type-variable"},"yoast_head":"<!-- This site is optimized with the Yoast SEO plugin v27.4 - https:\/\/yoast.com\/product\/yoast-seo-wordpress\/ -->\n<title>BizAutom BA-LCM-SB Silo Tank Scale Mount Assembly - BizAutom<\/title>\n<meta name=\"robots\" content=\"index, follow, max-snippet:-1, max-image-preview:large, max-video-preview:-1\" \/>\n<link rel=\"canonical\" href=\"https:\/\/bizautom.com\/fr\/produit\/bizautom-ba-sbm4-tank-scale-kit-load-cell-module-kit\/\" \/>\n<meta property=\"og:locale\" content=\"fr_FR\" \/>\n<meta property=\"og:type\" content=\"article\" \/>\n<meta property=\"og:title\" content=\"BizAutom BA-LCM-SB Silo Tank Scale Mount Assembly - BizAutom\" \/>\n<meta property=\"og:description\" content=\"Equip your facility with the BizAutom BA-LCM-SBS Silo Tank Scale Mount Assembly for seamless, accurate weight management, essential for inventory control and production efficiency. This assembly\u2019s robust design and flexible applications make it a reliable choice across diverse sectors, delivering consistent and precise weight data to support your operation\u2019s success.\" \/>\n<meta property=\"og:url\" content=\"https:\/\/bizautom.com\/fr\/produit\/bizautom-ba-sbm4-tank-scale-kit-load-cell-module-kit\/\" \/>\n<meta property=\"og:site_name\" content=\"BizAutom\" \/>\n<meta property=\"article:publisher\" content=\"https:\/\/www.facebook.com\/people\/TINGCHEN-BizAutom\/61565746662873\/\" \/>\n<meta property=\"article:modified_time\" content=\"2024-10-27T00:51:47+00:00\" \/>\n<meta property=\"og:image\" content=\"https:\/\/bizautom.com\/wp-content\/uploads\/2024\/09\/BA-LCM-SB-scaled.jpg\" \/>\n\t<meta property=\"og:image:width\" content=\"2560\" \/>\n\t<meta property=\"og:image:height\" content=\"2560\" \/>\n\t<meta property=\"og:image:type\" content=\"image\/jpeg\" \/>\n<meta name=\"twitter:card\" content=\"summary_large_image\" \/>\n<meta name=\"twitter:label1\" content=\"Dur\u00e9e de lecture estim\u00e9e\" \/>\n\t<meta name=\"twitter:data1\" content=\"3 minutes\" \/>\n<!-- \/ Yoast SEO plugin. -->","yoast_head_json":{"title":"BizAutom BA-LCM-SB Silo Tank Scale Mount Assembly - BizAutom","robots":{"index":"index","follow":"follow","max-snippet":"max-snippet:-1","max-image-preview":"max-image-preview:large","max-video-preview":"max-video-preview:-1"},"canonical":"https:\/\/bizautom.com\/fr\/produit\/bizautom-ba-sbm4-tank-scale-kit-load-cell-module-kit\/","og_locale":"fr_FR","og_type":"article","og_title":"BizAutom BA-LCM-SB Silo Tank Scale Mount Assembly - BizAutom","og_description":"Equip your facility with the BizAutom BA-LCM-SBS Silo Tank Scale Mount Assembly for seamless, accurate weight management, essential for inventory control and production efficiency. This assembly\u2019s robust design and flexible applications make it a reliable choice across diverse sectors, delivering consistent and precise weight data to support your operation\u2019s success.","og_url":"https:\/\/bizautom.com\/fr\/produit\/bizautom-ba-sbm4-tank-scale-kit-load-cell-module-kit\/","og_site_name":"BizAutom","article_publisher":"https:\/\/www.facebook.com\/people\/TINGCHEN-BizAutom\/61565746662873\/","article_modified_time":"2024-10-27T00:51:47+00:00","og_image":[{"width":2560,"height":2560,"url":"https:\/\/bizautom.com\/wp-content\/uploads\/2024\/09\/BA-LCM-SB-scaled.jpg","type":"image\/jpeg"}],"twitter_card":"summary_large_image","twitter_misc":{"Dur\u00e9e de lecture estim\u00e9e":"3 minutes"},"schema":{"@context":"https:\/\/schema.org","@graph":[{"@type":"WebPage","@id":"https:\/\/bizautom.com\/product\/bizautom-ba-sbm4-tank-scale-kit-load-cell-module-kit\/","url":"https:\/\/bizautom.com\/product\/bizautom-ba-sbm4-tank-scale-kit-load-cell-module-kit\/","name":"BizAutom BA-LCM-SB Silo Tank Scale Mount Assembly - BizAutom","isPartOf":{"@id":"https:\/\/bizautom.com\/#website"},"primaryImageOfPage":{"@id":"https:\/\/bizautom.com\/product\/bizautom-ba-sbm4-tank-scale-kit-load-cell-module-kit\/#primaryimage"},"image":{"@id":"https:\/\/bizautom.com\/product\/bizautom-ba-sbm4-tank-scale-kit-load-cell-module-kit\/#primaryimage"},"thumbnailUrl":"https:\/\/bizautom.com\/wp-content\/uploads\/2024\/09\/BA-LCM-SB-scaled.jpg","datePublished":"2024-09-28T13:49:33+00:00","dateModified":"2024-10-27T00:51:47+00:00","breadcrumb":{"@id":"https:\/\/bizautom.com\/product\/bizautom-ba-sbm4-tank-scale-kit-load-cell-module-kit\/#breadcrumb"},"inLanguage":"fr-FR","potentialAction":[{"@type":"ReadAction","target":["https:\/\/bizautom.com\/product\/bizautom-ba-sbm4-tank-scale-kit-load-cell-module-kit\/"]}]},{"@type":"ImageObject","inLanguage":"fr-FR","@id":"https:\/\/bizautom.com\/product\/bizautom-ba-sbm4-tank-scale-kit-load-cell-module-kit\/#primaryimage","url":"https:\/\/bizautom.com\/wp-content\/uploads\/2024\/09\/BA-LCM-SB-scaled.jpg","contentUrl":"https:\/\/bizautom.com\/wp-content\/uploads\/2024\/09\/BA-LCM-SB-scaled.jpg","width":2560,"height":2560},{"@type":"BreadcrumbList","@id":"https:\/\/bizautom.com\/product\/bizautom-ba-sbm4-tank-scale-kit-load-cell-module-kit\/#breadcrumb","itemListElement":[{"@type":"ListItem","position":1,"name":"Home","item":"https:\/\/bizautom.com\/"},{"@type":"ListItem","position":2,"name":"Shop","item":"https:\/\/bizautom.com\/shop-2\/"},{"@type":"ListItem","position":3,"name":"BizAutom BA-LCM-SB Silo Tank Scale Mount Assembly"}]},{"@type":"WebSite","@id":"https:\/\/bizautom.com\/#website","url":"https:\/\/bizautom.com\/","name":"BizAutom","description":"Rapide. Pr\u00e9cis. Intelligent.","publisher":{"@id":"https:\/\/bizautom.com\/#organization"},"potentialAction":[{"@type":"SearchAction","target":{"@type":"EntryPoint","urlTemplate":"https:\/\/bizautom.com\/?s={search_term_string}"},"query-input":{"@type":"PropertyValueSpecification","valueRequired":true,"valueName":"search_term_string"}}],"inLanguage":"fr-FR"},{"@type":"Organization","@id":"https:\/\/bizautom.com\/#organization","name":"BizAutom","url":"https:\/\/bizautom.com\/","logo":{"@type":"ImageObject","inLanguage":"fr-FR","@id":"https:\/\/bizautom.com\/#\/schema\/logo\/image\/","url":"https:\/\/bizautom.com\/wp-content\/uploads\/2025\/04\/BizAutom_Logo_1.webp","contentUrl":"https:\/\/bizautom.com\/wp-content\/uploads\/2025\/04\/BizAutom_Logo_1.webp","width":455,"height":326,"caption":"BizAutom"},"image":{"@id":"https:\/\/bizautom.com\/#\/schema\/logo\/image\/"},"sameAs":["https:\/\/www.facebook.com\/people\/TINGCHEN-BizAutom\/61565746662873\/"]}]}},"jetpack-related-posts":[{"id":1628,"url":"https:\/\/bizautom.com\/fr\/produit\/bizautom-ba-lcm-sb-silo-tank-scale-mount-assembly-kit-4-module-set\/","url_meta":{"origin":1575,"position":0},"title":"BizAutom BA-LCM-SB-4 Kit de montage \u00e0 l'\u00e9chelle du r\u00e9servoir silo (ensemble de 4 modules)","author":"admin","date":"octobre 26, 2024","format":false,"excerpt":"The all-include kit of BizAutom BA-LCM-SB Silo Tank Scale Mount Assembly for seamless, accurate weight management, essential for inventory control and production efficiency. It includes 4 load cell modules, 1 indicator, 1 junction box and other accessories.","rel":"","context":"Article similaire","block_context":{"text":"Article similaire","link":""},"img":{"alt_text":"","src":"https:\/\/i0.wp.com\/bizautom.com\/wp-content\/uploads\/2024\/09\/LoadcellModules-1-scaled.jpg?resize=350%2C200&ssl=1","width":350,"height":200,"srcset":"https:\/\/i0.wp.com\/bizautom.com\/wp-content\/uploads\/2024\/09\/LoadcellModules-1-scaled.jpg?resize=350%2C200&ssl=1 1x, https:\/\/i0.wp.com\/bizautom.com\/wp-content\/uploads\/2024\/09\/LoadcellModules-1-scaled.jpg?resize=525%2C300&ssl=1 1.5x, https:\/\/i0.wp.com\/bizautom.com\/wp-content\/uploads\/2024\/09\/LoadcellModules-1-scaled.jpg?resize=700%2C400&ssl=1 2x, https:\/\/i0.wp.com\/bizautom.com\/wp-content\/uploads\/2024\/09\/LoadcellModules-1-scaled.jpg?resize=1050%2C600&ssl=1 3x, https:\/\/i0.wp.com\/bizautom.com\/wp-content\/uploads\/2024\/09\/LoadcellModules-1-scaled.jpg?resize=1400%2C800&ssl=1 4x"},"classes":[]},{"id":1631,"url":"https:\/\/bizautom.com\/fr\/produit\/bizautom-ba-lcm-sb-silo-tank-scale-mount-assembly-kit-3-module-set\/","url_meta":{"origin":1575,"position":1},"title":"BizAutom BA-LCM-SB-3 Kit de montage \u00e0 l'\u00e9chelle du r\u00e9servoir silo (ensemble de 3 modules)","author":"admin","date":"octobre 26, 2024","format":false,"excerpt":"The all-include kit of BizAutom BA-LCM-SBS Silo Tank Scale Mount Assembly for seamless, accurate weight management, essential for inventory control and production efficiency. It includes 3 load cell modules, 1 indicator, 1 junction box and other accessories.","rel":"","context":"Article similaire","block_context":{"text":"Article similaire","link":""},"img":{"alt_text":"","src":"https:\/\/i0.wp.com\/bizautom.com\/wp-content\/uploads\/2024\/10\/BA-LCM-SB-3-scaled.jpg?resize=350%2C200&ssl=1","width":350,"height":200,"srcset":"https:\/\/i0.wp.com\/bizautom.com\/wp-content\/uploads\/2024\/10\/BA-LCM-SB-3-scaled.jpg?resize=350%2C200&ssl=1 1x, https:\/\/i0.wp.com\/bizautom.com\/wp-content\/uploads\/2024\/10\/BA-LCM-SB-3-scaled.jpg?resize=525%2C300&ssl=1 1.5x, https:\/\/i0.wp.com\/bizautom.com\/wp-content\/uploads\/2024\/10\/BA-LCM-SB-3-scaled.jpg?resize=700%2C400&ssl=1 2x, https:\/\/i0.wp.com\/bizautom.com\/wp-content\/uploads\/2024\/10\/BA-LCM-SB-3-scaled.jpg?resize=1050%2C600&ssl=1 3x, https:\/\/i0.wp.com\/bizautom.com\/wp-content\/uploads\/2024\/10\/BA-LCM-SB-3-scaled.jpg?resize=1400%2C800&ssl=1 4x"},"classes":[]},{"id":1172,"url":"https:\/\/bizautom.com\/fr\/produit\/bizautom-ba-dws2424-laser-dimensional-scale-500x0-1lb-cap-with-printer-software\/","url_meta":{"origin":1575,"position":2},"title":"BizAutom BA-DS2424 Balance dimensionnelle laser 500\u00d70.1lb Cap. avec cam\u00e9ra, scanner, imprimante et logiciel","author":"admin","date":"d\u00e9cembre 29, 2023","format":false,"excerpt":"The BizAutom Laser Dimensional Scale is designed to bring precision and efficiency to your shipping processes. This innovative scale combines advanced weight and dimension measurement technology, streamlining shipping cost management and enhancing overall accuracy.","rel":"","context":"Article similaire","block_context":{"text":"Article similaire","link":""},"img":{"alt_text":"industrial smart scales","src":"https:\/\/i0.wp.com\/bizautom.com\/wp-content\/uploads\/2023\/12\/BA-DS2424-scaled.jpg?resize=350%2C200&ssl=1","width":350,"height":200,"srcset":"https:\/\/i0.wp.com\/bizautom.com\/wp-content\/uploads\/2023\/12\/BA-DS2424-scaled.jpg?resize=350%2C200&ssl=1 1x, https:\/\/i0.wp.com\/bizautom.com\/wp-content\/uploads\/2023\/12\/BA-DS2424-scaled.jpg?resize=525%2C300&ssl=1 1.5x, https:\/\/i0.wp.com\/bizautom.com\/wp-content\/uploads\/2023\/12\/BA-DS2424-scaled.jpg?resize=700%2C400&ssl=1 2x, https:\/\/i0.wp.com\/bizautom.com\/wp-content\/uploads\/2023\/12\/BA-DS2424-scaled.jpg?resize=1050%2C600&ssl=1 3x, https:\/\/i0.wp.com\/bizautom.com\/wp-content\/uploads\/2023\/12\/BA-DS2424-scaled.jpg?resize=1400%2C800&ssl=1 4x"},"classes":[]},{"id":4345,"url":"https:\/\/bizautom.com\/fr\/produit\/bizautom-ba-dc130-dual-counting-scale-with-data-storage-and-software-integration\/","url_meta":{"origin":1575,"position":3},"title":"BizAutom BA-DC130 Balance de comptage double avec stockage des donn\u00e9es et int\u00e9gration logicielle","author":"admin","date":"juin 17, 2025","format":false,"excerpt":"The BizAutom BA-DC130 Dual Counting Scale is more than just a counting device\u2014it\u2019s a versatile, smart, and scalable system designed to simplify complex inventory and production tasks. Whether you're counting thousands of small components or managing heavy parts across large platforms, the BA-DC130 delivers the speed, accuracy, and connectivity modern\u2026","rel":"","context":"Article similaire","block_context":{"text":"Article similaire","link":""},"img":{"alt_text":"","src":"https:\/\/i0.wp.com\/bizautom.com\/wp-content\/uploads\/2025\/06\/DualCountScaleFloorScale.jpg?resize=350%2C200&ssl=1","width":350,"height":200,"srcset":"https:\/\/i0.wp.com\/bizautom.com\/wp-content\/uploads\/2025\/06\/DualCountScaleFloorScale.jpg?resize=350%2C200&ssl=1 1x, https:\/\/i0.wp.com\/bizautom.com\/wp-content\/uploads\/2025\/06\/DualCountScaleFloorScale.jpg?resize=525%2C300&ssl=1 1.5x, https:\/\/i0.wp.com\/bizautom.com\/wp-content\/uploads\/2025\/06\/DualCountScaleFloorScale.jpg?resize=700%2C400&ssl=1 2x, https:\/\/i0.wp.com\/bizautom.com\/wp-content\/uploads\/2025\/06\/DualCountScaleFloorScale.jpg?resize=1050%2C600&ssl=1 3x, https:\/\/i0.wp.com\/bizautom.com\/wp-content\/uploads\/2025\/06\/DualCountScaleFloorScale.jpg?resize=1400%2C800&ssl=1 4x"},"classes":[]},{"id":4183,"url":"https:\/\/bizautom.com\/fr\/produit\/bizautom-ba-fc150-fast-counting-module-precision-and-speed-for-modern-automation\/","url_meta":{"origin":1575,"position":4},"title":"BizAutom BA-FC150 Module de comptage rapide - Pr\u00e9cision et rapidit\u00e9 pour l'automatisation moderne","author":"admin","date":"avril 24, 2025","format":false,"excerpt":"Qu'il s'agisse d'optimiser une ligne d'emballage, d'automatiser des syst\u00e8mes d'inspection ou de contr\u00f4ler des taux de production, nos modules offrent la fiabilit\u00e9 et la pr\u00e9cision dont vous avez besoin pour garder une longueur d'avance.","rel":"","context":"Article similaire","block_context":{"text":"Article similaire","link":""},"img":{"alt_text":"","src":"https:\/\/i0.wp.com\/bizautom.com\/wp-content\/uploads\/2025\/04\/BA-FC150-scaled.jpg?resize=350%2C200&ssl=1","width":350,"height":200,"srcset":"https:\/\/i0.wp.com\/bizautom.com\/wp-content\/uploads\/2025\/04\/BA-FC150-scaled.jpg?resize=350%2C200&ssl=1 1x, https:\/\/i0.wp.com\/bizautom.com\/wp-content\/uploads\/2025\/04\/BA-FC150-scaled.jpg?resize=525%2C300&ssl=1 1.5x, https:\/\/i0.wp.com\/bizautom.com\/wp-content\/uploads\/2025\/04\/BA-FC150-scaled.jpg?resize=700%2C400&ssl=1 2x, https:\/\/i0.wp.com\/bizautom.com\/wp-content\/uploads\/2025\/04\/BA-FC150-scaled.jpg?resize=1050%2C600&ssl=1 3x, https:\/\/i0.wp.com\/bizautom.com\/wp-content\/uploads\/2025\/04\/BA-FC150-scaled.jpg?resize=1400%2C800&ssl=1 4x"},"classes":[]},{"id":1212,"url":"https:\/\/bizautom.com\/fr\/produit\/bizautom-ba-k120s-g4-versatile-stretch-wrap-machine-with-integrated-3-dimensional-weight-scale-and-label-printer\/","url_meta":{"origin":1575,"position":5},"title":"BizAutom BA-K120S G4 Machine d'emballage \u00e9tirable polyvalente avec balance de poids tridimensionnelle int\u00e9gr\u00e9e et imprimante d'\u00e9tiquettes","author":"admin","date":"janvier 22, 2024","format":false,"excerpt":"Nous vous pr\u00e9sentons la premi\u00e8re banderoleuse au monde dot\u00e9e d'une balance tridimensionnelle int\u00e9gr\u00e9e. Cette machine polyvalente peut emballer, peser, mesurer, imprimer et transmettre en une seule op\u00e9ration, ce qui vous permet d'\u00e9conomiser du temps et de l'argent.","rel":"","context":"Article similaire","block_context":{"text":"Article similaire","link":""},"img":{"alt_text":"","src":"https:\/\/i0.wp.com\/bizautom.com\/wp-content\/uploads\/2024\/01\/BA-K120S-WrappingMachineG4Color.jpg?resize=350%2C200&ssl=1","width":350,"height":200,"srcset":"https:\/\/i0.wp.com\/bizautom.com\/wp-content\/uploads\/2024\/01\/BA-K120S-WrappingMachineG4Color.jpg?resize=350%2C200&ssl=1 1x, https:\/\/i0.wp.com\/bizautom.com\/wp-content\/uploads\/2024\/01\/BA-K120S-WrappingMachineG4Color.jpg?resize=525%2C300&ssl=1 1.5x, https:\/\/i0.wp.com\/bizautom.com\/wp-content\/uploads\/2024\/01\/BA-K120S-WrappingMachineG4Color.jpg?resize=700%2C400&ssl=1 2x"},"classes":[]}],"jetpack_sharing_enabled":true,"_links":{"self":[{"href":"https:\/\/bizautom.com\/fr\/wp-json\/wp\/v2\/product\/1575","targetHints":{"allow":["GET"]}}],"collection":[{"href":"https:\/\/bizautom.com\/fr\/wp-json\/wp\/v2\/product"}],"about":[{"href":"https:\/\/bizautom.com\/fr\/wp-json\/wp\/v2\/types\/product"}],"replies":[{"embeddable":true,"href":"https:\/\/bizautom.com\/fr\/wp-json\/wp\/v2\/comments?post=1575"}],"version-history":[{"count":1,"href":"https:\/\/bizautom.com\/fr\/wp-json\/wp\/v2\/product\/1575\/revisions"}],"predecessor-version":[{"id":1622,"href":"https:\/\/bizautom.com\/fr\/wp-json\/wp\/v2\/product\/1575\/revisions\/1622"}],"wp:featuredmedia":[{"embeddable":true,"href":"https:\/\/bizautom.com\/fr\/wp-json\/wp\/v2\/media\/1623"}],"wp:attachment":[{"href":"https:\/\/bizautom.com\/fr\/wp-json\/wp\/v2\/media?parent=1575"}],"wp:term":[{"taxonomy":"product_brand","embeddable":true,"href":"https:\/\/bizautom.com\/fr\/wp-json\/wp\/v2\/product_brand?post=1575"},{"taxonomy":"product_cat","embeddable":true,"href":"https:\/\/bizautom.com\/fr\/wp-json\/wp\/v2\/product_cat?post=1575"},{"taxonomy":"product_tag","embeddable":true,"href":"https:\/\/bizautom.com\/fr\/wp-json\/wp\/v2\/product_tag?post=1575"}],"curies":[{"name":"wp","href":"https:\/\/api.w.org\/{rel}","templated":true}]}}