{"id":178,"date":"2023-06-04T02:49:46","date_gmt":"2023-06-04T02:49:46","guid":{"rendered":"http:\/\/fellix"},"modified":"2024-04-09T09:02:11","modified_gmt":"2024-04-09T09:02:11","slug":"wcs","status":"publish","type":"product","link":"https:\/\/bizautom.com\/fr\/produit\/wcs\/","title":{"rendered":"Prime Scales PS-WCS 1000lb Wheelchair Medical Scale with Reading Indicator (Balance m\u00e9dicale pour fauteuils roulants avec indicateur de lecture)"},"content":{"rendered":"<p>La balance pour fauteuil roulant PS-WCS est parfaite pour tout environnement m\u00e9dical ou domestique.<\/p>\n<p>Ce p\u00e8se-personne ultra-portable peut peser jusqu'\u00e0 1 000 livres avec une pr\u00e9cision de 0,1 livre et ne p\u00e8se que 50 livres, ce qui le rend facile \u00e0 d\u00e9placer d'un endroit \u00e0 l'autre. Il s'adapte \u00e0 la plupart des fauteuils roulants standard et pr\u00e9sente une structure basse avec deux poign\u00e9es et deux roues pour faciliter le levage et le d\u00e9placement.<\/p>\n<p>La surface de pes\u00e9e plane mesure 25\u2033 et l'unit\u00e9 compl\u00e8te, y compris les rampes, mesure 31\u2033 de largeur et 33\u2033 de longueur, ce qui donne une taille exceptionnellement pratique qui n'occupera pas trop d'espace.<\/p>\n<p>Le p\u00e8se-personne PS-WCS est dot\u00e9 de parois lat\u00e9rales qui emp\u00eachent le fauteuil roulant de descendre lat\u00e9ralement du p\u00e8se-personne.<\/p>\n<p>De plus, ce p\u00e8se-personne est \u00e9quip\u00e9 de quatre cellules de charge en alliage d'aluminium mont\u00e9es sur des plaques d'acier de 1\/2\" d'\u00e9paisseur et de c\u00e2bles de cellule de charge sur toute la longueur connect\u00e9s \u00e0 la bo\u00eete de jonction ABS \u00e0 travers les tubes, de sorte qu'aucun fil n'est expos\u00e9, ce qui accro\u00eet encore sa durabilit\u00e9. Gr\u00e2ce \u00e0 sa conception durable et \u00e0 sa portabilit\u00e9, le p\u00e8se-personne pour fauteuil roulant PS-WCS est un excellent compl\u00e9ment \u00e0 tout environnement m\u00e9dical ou domestique.<\/p>\n<p>Dimensions de la surface plane : 31\u2033Lx25\u2033L<\/p>\n<div class=\"\"><a href=\"https:\/\/bizautom.com\/wp-content\/uploads\/2023\/12\/PS-WCS_InstallationGuide.pdf\" target=\"_blank\" class=\"emd_dl_red_darker\">Manuel d'installation<\/a><\/div>    <style>            \r\n    .emd_dl_red_darker {\r\n        -moz-box-shadow:inset 0px 1px 0px 0px #f5978e;\r\n        -webkit-box-shadow:inset 0px 1px 0px 0px #f5978e;\r\n        box-shadow:inset 0px 1px 0px 0px #f5978e;\r\n        background:-webkit-gradient( linear, left top, left bottom, color-stop(0.05, #f24537), color-stop(1, #c62d1f) );\r\n        background:-moz-linear-gradient( center top, #f24537 5%, #c62d1f 100% );\r\n        filter:progid:DXImageTransform.Microsoft.gradient(startColorstr='#f24537', endColorstr='#c62d1f');\r\n        background-color:#f24537;\r\n        -webkit-border-top-left-radius:0px;\r\n        -moz-border-radius-topleft:0px;\r\n        border-top-left-radius:0px;\r\n        -webkit-border-top-right-radius:0px;\r\n        -moz-border-radius-topright:0px;\r\n        border-top-right-radius:0px;\r\n        -webkit-border-bottom-right-radius:0px;\r\n        -moz-border-radius-bottomright:0px;\r\n        border-bottom-right-radius:0px;\r\n        -webkit-border-bottom-left-radius:0px;\r\n        -moz-border-radius-bottomleft:0px;\r\n        border-bottom-left-radius:0px;\r\n        text-indent:0;\r\n        border:1px solid #d02718;\r\n        display:inline-block;\r\n        color:#ffffff !important;\r\n        font-family:Georgia;\r\n        font-size:15px;\r\n        font-weight:bold;\r\n        font-style:normal;\r\n        height:41px;\r\n        line-height:41px;\r\n        width:180px;\r\n        text-decoration:none;\r\n        text-align:center;\r\n        text-shadow:1px 1px 0px #810e05;\r\n    }\r\n    .emd_dl_red_darker:hover {\r\n        background:-webkit-gradient( linear, left top, left bottom, color-stop(0.05, #c62d1f), color-stop(1, #f24537) );\r\n        background:-moz-linear-gradient( center top, #c62d1f 5%, #f24537 100% );\r\n        filter:progid:DXImageTransform.Microsoft.gradient(startColorstr='#c62d1f', endColorstr='#f24537');\r\n        background-color:#c62d1f;\r\n    }.emd_dl_red_darker:active {\r\n        position:relative;\r\n        top:1px;\r\n    }<\/style>","protected":false},"excerpt":{"rendered":"<p>Nous comprenons les difficult\u00e9s auxquelles sont confront\u00e9es les personnes en fauteuil roulant. C'est pourquoi nous avons con\u00e7u un p\u00e8se-personne pour fauteuil roulant qui fournit des informations rapides, s\u00fbres et pratiques sur le poids. Notre balance pour fauteuil roulant est sp\u00e9cialement con\u00e7ue pour les fauteuils roulants \u00e0 pouss\u00e9e manuelle. N'h\u00e9sitez pas \u00e0 consulter nos autres offres de fauteuils roulants \u00e9lectriques.<\/p>","protected":false},"featured_media":1170,"comment_status":"open","ping_status":"closed","template":"","meta":[],"product_brand":[41],"product_cat":[29],"product_tag":[],"class_list":{"0":"post-178","1":"product","2":"type-product","3":"status-publish","4":"has-post-thumbnail","6":"product_brand-prime-scales","7":"product_cat-medical-equipment-scales","9":"first","10":"instock","11":"taxable","12":"shipping-taxable","13":"purchasable","14":"product-type-simple"},"yoast_head":"<!-- This site is optimized with the Yoast SEO plugin v27.4 - https:\/\/yoast.com\/product\/yoast-seo-wordpress\/ -->\n<title>PS-WCS 1000lb Wheelchair Medical Scale With Reading Indicator<\/title>\n<meta name=\"description\" content=\"PS-WCS Wheelchair Scale is ultra-portable &amp; can weigh up to 1000 lbs with 0.1lb accuracy. is has a low-profile structure with handles &amp; wheels for easy moving!\" \/>\n<meta name=\"robots\" content=\"index, follow, max-snippet:-1, max-image-preview:large, max-video-preview:-1\" \/>\n<link rel=\"canonical\" href=\"https:\/\/bizautom.com\/fr\/produit\/wcs\/\" \/>\n<meta property=\"og:locale\" content=\"fr_FR\" \/>\n<meta property=\"og:type\" content=\"article\" \/>\n<meta property=\"og:title\" content=\"PS-WCS 1000lb Wheelchair Medical Scale With Reading Indicator\" \/>\n<meta property=\"og:description\" content=\"PS-WCS Wheelchair Scale is ultra-portable &amp; can weigh up to 1000 lbs with 0.1lb accuracy. is has a low-profile structure with handles &amp; wheels for easy moving!\" \/>\n<meta property=\"og:url\" content=\"https:\/\/bizautom.com\/fr\/produit\/wcs\/\" \/>\n<meta property=\"og:site_name\" content=\"BizAutom\" \/>\n<meta property=\"article:publisher\" content=\"https:\/\/www.facebook.com\/people\/TINGCHEN-BizAutom\/61565746662873\/\" \/>\n<meta property=\"article:modified_time\" content=\"2024-04-09T09:02:11+00:00\" \/>\n<meta property=\"og:image\" content=\"https:\/\/bizautom.com\/wp-content\/uploads\/2023\/06\/PS-WCS-N.jpg\" \/>\n\t<meta property=\"og:image:width\" content=\"1440\" \/>\n\t<meta property=\"og:image:height\" content=\"1440\" \/>\n\t<meta property=\"og:image:type\" content=\"image\/jpeg\" \/>\n<meta name=\"twitter:card\" content=\"summary_large_image\" \/>\n<meta name=\"twitter:label1\" content=\"Dur\u00e9e de lecture estim\u00e9e\" \/>\n\t<meta name=\"twitter:data1\" content=\"2 minutes\" \/>\n<!-- \/ Yoast SEO plugin. -->","yoast_head_json":{"title":"PS-WCS 1000lb Wheelchair Medical Scale With Reading Indicator","description":"PS-WCS Wheelchair Scale is ultra-portable & can weigh up to 1000 lbs with 0.1lb accuracy. is has a low-profile structure with handles & wheels for easy moving!","robots":{"index":"index","follow":"follow","max-snippet":"max-snippet:-1","max-image-preview":"max-image-preview:large","max-video-preview":"max-video-preview:-1"},"canonical":"https:\/\/bizautom.com\/fr\/produit\/wcs\/","og_locale":"fr_FR","og_type":"article","og_title":"PS-WCS 1000lb Wheelchair Medical Scale With Reading Indicator","og_description":"PS-WCS Wheelchair Scale is ultra-portable & can weigh up to 1000 lbs with 0.1lb accuracy. is has a low-profile structure with handles & wheels for easy moving!","og_url":"https:\/\/bizautom.com\/fr\/produit\/wcs\/","og_site_name":"BizAutom","article_publisher":"https:\/\/www.facebook.com\/people\/TINGCHEN-BizAutom\/61565746662873\/","article_modified_time":"2024-04-09T09:02:11+00:00","og_image":[{"width":1440,"height":1440,"url":"https:\/\/bizautom.com\/wp-content\/uploads\/2023\/06\/PS-WCS-N.jpg","type":"image\/jpeg"}],"twitter_card":"summary_large_image","twitter_misc":{"Dur\u00e9e de lecture estim\u00e9e":"2 minutes"},"schema":{"@context":"https:\/\/schema.org","@graph":[{"@type":"WebPage","@id":"https:\/\/bizautom.com\/product\/wcs\/","url":"https:\/\/bizautom.com\/product\/wcs\/","name":"PS-WCS 1000lb Wheelchair Medical Scale With Reading Indicator","isPartOf":{"@id":"https:\/\/bizautom.com\/#website"},"primaryImageOfPage":{"@id":"https:\/\/bizautom.com\/product\/wcs\/#primaryimage"},"image":{"@id":"https:\/\/bizautom.com\/product\/wcs\/#primaryimage"},"thumbnailUrl":"https:\/\/bizautom.com\/wp-content\/uploads\/2023\/06\/PS-WCS-N.jpg","datePublished":"2023-06-04T02:49:46+00:00","dateModified":"2024-04-09T09:02:11+00:00","description":"PS-WCS Wheelchair Scale is ultra-portable & can weigh up to 1000 lbs with 0.1lb accuracy. is has a low-profile structure with handles & wheels for easy moving!","breadcrumb":{"@id":"https:\/\/bizautom.com\/product\/wcs\/#breadcrumb"},"inLanguage":"fr-FR","potentialAction":[{"@type":"ReadAction","target":["https:\/\/bizautom.com\/product\/wcs\/"]}]},{"@type":"ImageObject","inLanguage":"fr-FR","@id":"https:\/\/bizautom.com\/product\/wcs\/#primaryimage","url":"https:\/\/bizautom.com\/wp-content\/uploads\/2023\/06\/PS-WCS-N.jpg","contentUrl":"https:\/\/bizautom.com\/wp-content\/uploads\/2023\/06\/PS-WCS-N.jpg","width":1440,"height":1440},{"@type":"BreadcrumbList","@id":"https:\/\/bizautom.com\/product\/wcs\/#breadcrumb","itemListElement":[{"@type":"ListItem","position":1,"name":"Home","item":"https:\/\/bizautom.com\/"},{"@type":"ListItem","position":2,"name":"Shop","item":"https:\/\/bizautom.com\/shop-2\/"},{"@type":"ListItem","position":3,"name":"Prime Scales PS-WCS 1000lb Wheelchair Medical Scale with Reading Indicator"}]},{"@type":"WebSite","@id":"https:\/\/bizautom.com\/#website","url":"https:\/\/bizautom.com\/","name":"BizAutom","description":"Rapide. Pr\u00e9cis. Intelligent.","publisher":{"@id":"https:\/\/bizautom.com\/#organization"},"potentialAction":[{"@type":"SearchAction","target":{"@type":"EntryPoint","urlTemplate":"https:\/\/bizautom.com\/?s={search_term_string}"},"query-input":{"@type":"PropertyValueSpecification","valueRequired":true,"valueName":"search_term_string"}}],"inLanguage":"fr-FR"},{"@type":"Organization","@id":"https:\/\/bizautom.com\/#organization","name":"BizAutom","url":"https:\/\/bizautom.com\/","logo":{"@type":"ImageObject","inLanguage":"fr-FR","@id":"https:\/\/bizautom.com\/#\/schema\/logo\/image\/","url":"https:\/\/bizautom.com\/wp-content\/uploads\/2025\/04\/BizAutom_Logo_1.webp","contentUrl":"https:\/\/bizautom.com\/wp-content\/uploads\/2025\/04\/BizAutom_Logo_1.webp","width":455,"height":326,"caption":"BizAutom"},"image":{"@id":"https:\/\/bizautom.com\/#\/schema\/logo\/image\/"},"sameAs":["https:\/\/www.facebook.com\/people\/TINGCHEN-BizAutom\/61565746662873\/"]}]}},"jetpack-related-posts":[{"id":4341,"url":"https:\/\/bizautom.com\/fr\/produit\/ps-wcs-pro-premium-wheelchair-scale-with-enhanced-safety-and-stability\/","url_meta":{"origin":178,"position":0},"title":"PS-WCS-Pro - Balance pour fauteuil roulant de qualit\u00e9 sup\u00e9rieure avec s\u00e9curit\u00e9 et stabilit\u00e9 accrues","author":"admin","date":"juin 12, 2025","format":false,"excerpt":"With its advanced safety features, improved ramp integration, and durable construction, the PS-WCS-Pro redefines wheelchair weighing. Whether in a medical facility or at home, this scale delivers the performance and peace of mind you can count on.","rel":"","context":"Article similaire","block_context":{"text":"Article similaire","link":""},"img":{"alt_text":"","src":"https:\/\/i0.wp.com\/bizautom.com\/wp-content\/uploads\/2025\/06\/PS-WCS-Pro.jpg?resize=350%2C200&ssl=1","width":350,"height":200,"srcset":"https:\/\/i0.wp.com\/bizautom.com\/wp-content\/uploads\/2025\/06\/PS-WCS-Pro.jpg?resize=350%2C200&ssl=1 1x, https:\/\/i0.wp.com\/bizautom.com\/wp-content\/uploads\/2025\/06\/PS-WCS-Pro.jpg?resize=525%2C300&ssl=1 1.5x, https:\/\/i0.wp.com\/bizautom.com\/wp-content\/uploads\/2025\/06\/PS-WCS-Pro.jpg?resize=700%2C400&ssl=1 2x, https:\/\/i0.wp.com\/bizautom.com\/wp-content\/uploads\/2025\/06\/PS-WCS-Pro.jpg?resize=1050%2C600&ssl=1 3x, https:\/\/i0.wp.com\/bizautom.com\/wp-content\/uploads\/2025\/06\/PS-WCS-Pro.jpg?resize=1400%2C800&ssl=1 4x"},"classes":[]},{"id":1147,"url":"https:\/\/bizautom.com\/fr\/produit\/prime-scales-row-on-weigh-electric-wheelchair-scale-with-ps-in202\/","url_meta":{"origin":178,"position":1},"title":"Prime Scales Roll On Weigh Balance \u00e9lectrique pour fauteuil roulant avec PS-IN202","author":"admin","date":"septembre 16, 2023","format":false,"excerpt":"Introduction d'une balance sp\u00e9cialement con\u00e7ue pour peser les personnes en fauteuil roulant \u00e9lectrique, les balances traditionnelles pour fauteuils roulants n'\u00e9tant pas adapt\u00e9es \u00e0 leur taille et \u00e0 leur poids.","rel":"","context":"Article similaire","block_context":{"text":"Article similaire","link":""},"img":{"alt_text":"","src":"https:\/\/i0.wp.com\/bizautom.com\/wp-content\/uploads\/2023\/09\/PS-ROWwheelchair-scaled.jpg?resize=350%2C200&ssl=1","width":350,"height":200,"srcset":"https:\/\/i0.wp.com\/bizautom.com\/wp-content\/uploads\/2023\/09\/PS-ROWwheelchair-scaled.jpg?resize=350%2C200&ssl=1 1x, https:\/\/i0.wp.com\/bizautom.com\/wp-content\/uploads\/2023\/09\/PS-ROWwheelchair-scaled.jpg?resize=525%2C300&ssl=1 1.5x, https:\/\/i0.wp.com\/bizautom.com\/wp-content\/uploads\/2023\/09\/PS-ROWwheelchair-scaled.jpg?resize=700%2C400&ssl=1 2x, https:\/\/i0.wp.com\/bizautom.com\/wp-content\/uploads\/2023\/09\/PS-ROWwheelchair-scaled.jpg?resize=1050%2C600&ssl=1 3x, https:\/\/i0.wp.com\/bizautom.com\/wp-content\/uploads\/2023\/09\/PS-ROWwheelchair-scaled.jpg?resize=1400%2C800&ssl=1 4x"},"classes":[]},{"id":1522,"url":"https:\/\/bizautom.com\/fr\/produit\/bizautom-row-on-weigh-scale-with-hand-rails\/","url_meta":{"origin":178,"position":2},"title":"BizAutom Roll On Weigh Scale with Hand Rails (balance \u00e0 roulettes avec rails pour les mains)","author":"admin","date":"ao\u00fbt 29, 2024","format":false,"excerpt":"BizAutom Row On Weigh Scale with Hand Rails, m\u00e9ticuleusement con\u00e7u pour mesurer avec pr\u00e9cision les personnes assises dans diff\u00e9rents types de fauteuils roulants, y compris les fauteuils \u00e9lectriques.","rel":"","context":"Article similaire","block_context":{"text":"Article similaire","link":""},"img":{"alt_text":"","src":"https:\/\/i0.wp.com\/bizautom.com\/wp-content\/uploads\/2024\/08\/BA-WCS-HD_ElectricWheelchair.jpg?resize=350%2C200&ssl=1","width":350,"height":200,"srcset":"https:\/\/i0.wp.com\/bizautom.com\/wp-content\/uploads\/2024\/08\/BA-WCS-HD_ElectricWheelchair.jpg?resize=350%2C200&ssl=1 1x, https:\/\/i0.wp.com\/bizautom.com\/wp-content\/uploads\/2024\/08\/BA-WCS-HD_ElectricWheelchair.jpg?resize=525%2C300&ssl=1 1.5x, https:\/\/i0.wp.com\/bizautom.com\/wp-content\/uploads\/2024\/08\/BA-WCS-HD_ElectricWheelchair.jpg?resize=700%2C400&ssl=1 2x, https:\/\/i0.wp.com\/bizautom.com\/wp-content\/uploads\/2024\/08\/BA-WCS-HD_ElectricWheelchair.jpg?resize=1050%2C600&ssl=1 3x"},"classes":[]},{"id":823,"url":"https:\/\/bizautom.com\/fr\/produit\/prime-scales-row-on-weigh-pallet-jack-floor-scale-with-ps-in202-indicator\/","url_meta":{"origin":178,"position":3},"title":"Prime Scales Roll On Weigh Pallet Jack \/ Floor Scale avec indicateur PS-IN202","author":"admin","date":"juillet 18, 2023","format":false,"excerpt":"Lorsqu'il s'agit de peser ces objets, une rampe est essentielle, et c'est pr\u00e9cis\u00e9ment ce que proposent nos p\u00e8se-personnes roulants. La conception innovante garantit que lorsque les roues du transpalette, du chariot ou du fauteuil roulant touchent la rampe, celle-ci s'abaisse en douceur jusqu'au sol, supportant le poids en toute s\u00e9curit\u00e9.","rel":"","context":"Article similaire","block_context":{"text":"Article similaire","link":""},"img":{"alt_text":"","src":"https:\/\/i0.wp.com\/bizautom.com\/wp-content\/uploads\/2023\/07\/PS-ROWPalletJack-scaled.jpg?resize=350%2C200&ssl=1","width":350,"height":200,"srcset":"https:\/\/i0.wp.com\/bizautom.com\/wp-content\/uploads\/2023\/07\/PS-ROWPalletJack-scaled.jpg?resize=350%2C200&ssl=1 1x, https:\/\/i0.wp.com\/bizautom.com\/wp-content\/uploads\/2023\/07\/PS-ROWPalletJack-scaled.jpg?resize=525%2C300&ssl=1 1.5x, https:\/\/i0.wp.com\/bizautom.com\/wp-content\/uploads\/2023\/07\/PS-ROWPalletJack-scaled.jpg?resize=700%2C400&ssl=1 2x, https:\/\/i0.wp.com\/bizautom.com\/wp-content\/uploads\/2023\/07\/PS-ROWPalletJack-scaled.jpg?resize=1050%2C600&ssl=1 3x, https:\/\/i0.wp.com\/bizautom.com\/wp-content\/uploads\/2023\/07\/PS-ROWPalletJack-scaled.jpg?resize=1400%2C800&ssl=1 4x"},"classes":[]},{"id":1001,"url":"https:\/\/bizautom.com\/fr\/produit\/prime-scales-ps-700as4422-livestock-scale-veterinary-scale-with-indicator\/","url_meta":{"origin":178,"position":4},"title":"Prime Scales PS-700AS4422 Balance pour b\u00e9tail | Balance v\u00e9t\u00e9rinaire avec indicateur","author":"admin","date":"juillet 19, 2023","format":false,"excerpt":"L'utilisation de balances pour b\u00e9tail permet d'assurer un suivi pr\u00e9cis et efficace de la sant\u00e9 des animaux \u00e0 diff\u00e9rents stades de leur croissance. La pes\u00e9e des animaux est un aspect crucial de l'exploitation agricole, car elle permet de maintenir des performances optimales et de garantir leur bien-\u00eatre.","rel":"","context":"Article similaire","block_context":{"text":"Article similaire","link":""},"img":{"alt_text":"","src":"https:\/\/i0.wp.com\/bizautom.com\/wp-content\/uploads\/2023\/07\/CloudAnimalScale-Pig.jpg?resize=350%2C200&ssl=1","width":350,"height":200,"srcset":"https:\/\/i0.wp.com\/bizautom.com\/wp-content\/uploads\/2023\/07\/CloudAnimalScale-Pig.jpg?resize=350%2C200&ssl=1 1x, https:\/\/i0.wp.com\/bizautom.com\/wp-content\/uploads\/2023\/07\/CloudAnimalScale-Pig.jpg?resize=525%2C300&ssl=1 1.5x, https:\/\/i0.wp.com\/bizautom.com\/wp-content\/uploads\/2023\/07\/CloudAnimalScale-Pig.jpg?resize=700%2C400&ssl=1 2x, https:\/\/i0.wp.com\/bizautom.com\/wp-content\/uploads\/2023\/07\/CloudAnimalScale-Pig.jpg?resize=1050%2C600&ssl=1 3x, https:\/\/i0.wp.com\/bizautom.com\/wp-content\/uploads\/2023\/07\/CloudAnimalScale-Pig.jpg?resize=1400%2C800&ssl=1 4x"},"classes":[]},{"id":2190,"url":"https:\/\/bizautom.com\/fr\/produit\/prime-scales-ps-10kf-pf-mobile-industrial-floor-scale-with-frame-lift-channels-and-indicator-pole\/","url_meta":{"origin":178,"position":5},"title":"Prime Scales PS-10KF-PF Balance de sol industrielle mobile avec cadre, canaux de levage et m\u00e2t indicateur","author":"admin","date":"mars 11, 2025","format":false,"excerpt":"Upgrade your weighing process with the PS-10KF-PF Mobile Industrial Floor Scale\u2014built for reliability, precision, and ease of use in any industrial setting.","rel":"","context":"Article similaire","block_context":{"text":"Article similaire","link":""},"img":{"alt_text":"","src":"https:\/\/i0.wp.com\/bizautom.com\/wp-content\/uploads\/2025\/03\/PS-10KF-PF.jpg?resize=350%2C200&ssl=1","width":350,"height":200,"srcset":"https:\/\/i0.wp.com\/bizautom.com\/wp-content\/uploads\/2025\/03\/PS-10KF-PF.jpg?resize=350%2C200&ssl=1 1x, https:\/\/i0.wp.com\/bizautom.com\/wp-content\/uploads\/2025\/03\/PS-10KF-PF.jpg?resize=525%2C300&ssl=1 1.5x, https:\/\/i0.wp.com\/bizautom.com\/wp-content\/uploads\/2025\/03\/PS-10KF-PF.jpg?resize=700%2C400&ssl=1 2x, https:\/\/i0.wp.com\/bizautom.com\/wp-content\/uploads\/2025\/03\/PS-10KF-PF.jpg?resize=1050%2C600&ssl=1 3x"},"classes":[]}],"jetpack_sharing_enabled":true,"_links":{"self":[{"href":"https:\/\/bizautom.com\/fr\/wp-json\/wp\/v2\/product\/178","targetHints":{"allow":["GET"]}}],"collection":[{"href":"https:\/\/bizautom.com\/fr\/wp-json\/wp\/v2\/product"}],"about":[{"href":"https:\/\/bizautom.com\/fr\/wp-json\/wp\/v2\/types\/product"}],"replies":[{"embeddable":true,"href":"https:\/\/bizautom.com\/fr\/wp-json\/wp\/v2\/comments?post=178"}],"version-history":[{"count":1,"href":"https:\/\/bizautom.com\/fr\/wp-json\/wp\/v2\/product\/178\/revisions"}],"predecessor-version":[{"id":577,"href":"https:\/\/bizautom.com\/fr\/wp-json\/wp\/v2\/product\/178\/revisions\/577"}],"wp:featuredmedia":[{"embeddable":true,"href":"https:\/\/bizautom.com\/fr\/wp-json\/wp\/v2\/media\/1170"}],"wp:attachment":[{"href":"https:\/\/bizautom.com\/fr\/wp-json\/wp\/v2\/media?parent=178"}],"wp:term":[{"taxonomy":"product_brand","embeddable":true,"href":"https:\/\/bizautom.com\/fr\/wp-json\/wp\/v2\/product_brand?post=178"},{"taxonomy":"product_cat","embeddable":true,"href":"https:\/\/bizautom.com\/fr\/wp-json\/wp\/v2\/product_cat?post=178"},{"taxonomy":"product_tag","embeddable":true,"href":"https:\/\/bizautom.com\/fr\/wp-json\/wp\/v2\/product_tag?post=178"}],"curies":[{"name":"wp","href":"https:\/\/api.w.org\/{rel}","templated":true}]}}