{"id":2190,"date":"2025-03-11T11:51:40","date_gmt":"2025-03-11T15:51:40","guid":{"rendered":"https:\/\/bizautom.com\/?post_type=product&#038;p=2190"},"modified":"2025-03-11T11:54:13","modified_gmt":"2025-03-11T15:54:13","slug":"prime-scales-ps-10kf-pf-mobile-industrial-floor-scale-with-frame-lift-channels-and-indicator-pole","status":"publish","type":"product","link":"https:\/\/bizautom.com\/fr\/produit\/prime-scales-ps-10kf-pf-mobile-industrial-floor-scale-with-frame-lift-channels-and-indicator-pole\/","title":{"rendered":"Prime Scales PS-10KF-PF Balance de sol industrielle mobile avec cadre, canaux de levage et m\u00e2t indicateur"},"content":{"rendered":"<p data-start=\"151\" data-end=\"451\">Optimisez l'efficacit\u00e9 et la pr\u00e9cision de vos op\u00e9rations de pesage industriel avec le <strong data-start=\"232\" data-end=\"276\">PS-10KF-PF Balance de sol industrielle mobile<\/strong>. Con\u00e7ue pour les entrep\u00f4ts, les usines et les centres de distribution, cette balance robuste offre pr\u00e9cision, durabilit\u00e9 et mobilit\u00e9 pour une int\u00e9gration transparente dans votre flux de travail.<\/p>\n<h3 data-start=\"453\" data-end=\"476\"><strong data-start=\"457\" data-end=\"474\">Caract\u00e9ristiques principales :<\/strong><\/h3>\n<ul data-start=\"477\" data-end=\"1959\">\n<li data-start=\"477\" data-end=\"621\"><strong data-start=\"479\" data-end=\"507\">Construction robuste :<\/strong> Con\u00e7us pour r\u00e9sister aux environnements industriels exigeants, ils garantissent des performances durables sous de lourdes charges.<\/li>\n<li data-start=\"622\" data-end=\"783\"><strong data-start=\"624\" data-end=\"649\">Capacit\u00e9 de poids \u00e9lev\u00e9e :<\/strong> Prend en charge jusqu'\u00e0 <strong data-start=\"665\" data-end=\"679\">10 000 lbs<\/strong> avec <strong data-start=\"685\" data-end=\"704\">Par paliers de 1 lb<\/strong>Il est donc id\u00e9al pour peser tous les types de produits, des petits paquets aux grandes palettes.<\/li>\n<li data-start=\"784\" data-end=\"925\"><strong data-start=\"786\" data-end=\"811\">Cellules de charge de pr\u00e9cision :<\/strong> Les cellules de charge avanc\u00e9es fournissent des mesures extr\u00eamement pr\u00e9cises et coh\u00e9rentes afin d'\u00e9liminer les erreurs dans vos op\u00e9rations.<\/li>\n<li data-start=\"926\" data-end=\"1053\"><strong data-start=\"928\" data-end=\"950\">Plate-forme spacieuse :<\/strong> Disponibles en plusieurs tailles pour accueillir une grande vari\u00e9t\u00e9 de produits, ils sont pratiques et polyvalents.<\/li>\n<li data-start=\"1054\" data-end=\"1192\"><strong data-start=\"1056\" data-end=\"1074\">Conception mobile :<\/strong> La balance peut \u00eatre facilement transport\u00e9e \u00e0 l'aide d'un chariot \u00e9l\u00e9vateur ou d'un transpalette, gr\u00e2ce \u00e0 son cadre robuste int\u00e9gr\u00e9 et \u00e0 sa perche indicatrice.<\/li>\n<li data-start=\"1193\" data-end=\"1325\"><strong data-start=\"1195\" data-end=\"1223\">Interface conviviale :<\/strong> Les commandes intuitives permettent une utilisation rapide et pr\u00e9cise, ce qui permet de gagner du temps dans les environnements industriels occup\u00e9s.<\/li>\n<li data-start=\"1326\" data-end=\"1440\"><strong data-start=\"1328\" data-end=\"1349\">\u00c9talonnage facile :<\/strong> Le processus d'\u00e9talonnage simple garantit une pr\u00e9cision \u00e0 long terme avec des ajustements minimaux.<\/li>\n<li data-start=\"1441\" data-end=\"1582\"><strong data-start=\"1443\" data-end=\"1465\">Connectivit\u00e9 des donn\u00e9es :<\/strong> S'int\u00e8gre parfaitement \u00e0 vos syst\u00e8mes ou logiciels industriels existants pour un suivi et une gestion efficaces des donn\u00e9es.<\/li>\n<li data-start=\"1583\" data-end=\"1697\"><strong data-start=\"1585\" data-end=\"1609\">Protection contre les surcharges :<\/strong> Prot\u00e8ge \u00e0 la fois la balance et votre cargaison des dommages potentiels dus \u00e0 un poids excessif.<\/li>\n<li data-start=\"1698\" data-end=\"1829\"><strong data-start=\"1700\" data-end=\"1723\">Conception \u00e0 profil bas :<\/strong> Le chargement et le d\u00e9chargement sont facilit\u00e9s, ce qui am\u00e9liore l'efficacit\u00e9 du flux de travail tout en r\u00e9duisant la charge de travail des op\u00e9rateurs.<\/li>\n<li data-start=\"1830\" data-end=\"1959\"><strong data-start=\"1832\" data-end=\"1859\">Applications polyvalentes :<\/strong> Parfait pour les exp\u00e9ditions entrantes et sortantes, la gestion des stocks et les processus de contr\u00f4le de la qualit\u00e9.<\/li>\n<\/ul>\n<h3 data-start=\"1961\" data-end=\"1994\"><strong data-start=\"1965\" data-end=\"1992\">Options de taille disponibles :<\/strong><\/h3>\n<ul data-start=\"1995\" data-end=\"2074\">\n<li data-start=\"1995\" data-end=\"2034\"><strong data-start=\"1997\" data-end=\"2016\">PS-10KF-4848PF :<\/strong> 52\" x 52\" x 48\"<\/li>\n<li data-start=\"2035\" data-end=\"2074\"><strong data-start=\"2037\" data-end=\"2056\">PS-10KF-6060PF :<\/strong> 64\" x 64\" x 48\"<\/li>\n<\/ul>","protected":false},"excerpt":{"rendered":"<p>Am\u00e9liorez votre processus de pesage avec le <strong data-start=\"2115\" data-end=\"2159\">PS-10KF-PF Balance de sol industrielle mobile<\/strong>-Construit pour la fiabilit\u00e9, la pr\u00e9cision et la facilit\u00e9 d'utilisation dans n'importe quel environnement industriel.<\/p>","protected":false},"featured_media":2193,"comment_status":"open","ping_status":"closed","template":"","meta":[],"product_brand":[41],"product_cat":[15,30],"product_tag":[131],"class_list":{"0":"post-2190","1":"product","2":"type-product","3":"status-publish","4":"has-post-thumbnail","6":"product_brand-prime-scales","7":"product_cat-industrial-equipment","8":"product_cat-industrial-scales","9":"product_tag-floor-scale","11":"first","12":"instock","13":"taxable","14":"shipping-taxable","15":"purchasable","16":"product-type-variable"},"yoast_head":"<!-- This site is optimized with the Yoast SEO plugin v27.4 - https:\/\/yoast.com\/product\/yoast-seo-wordpress\/ -->\n<title>Prime Scales PS-10KF-PF Mobile Industrial Floor Scale with Frame, Lift Channels and Indicator Pole - BizAutom<\/title>\n<meta name=\"robots\" content=\"index, follow, max-snippet:-1, max-image-preview:large, max-video-preview:-1\" \/>\n<link rel=\"canonical\" href=\"https:\/\/bizautom.com\/fr\/produit\/prime-scales-ps-10kf-pf-mobile-industrial-floor-scale-with-frame-lift-channels-and-indicator-pole\/\" \/>\n<meta property=\"og:locale\" content=\"fr_FR\" \/>\n<meta property=\"og:type\" content=\"article\" \/>\n<meta property=\"og:title\" content=\"Prime Scales PS-10KF-PF Mobile Industrial Floor Scale with Frame, Lift Channels and Indicator Pole - BizAutom\" \/>\n<meta property=\"og:description\" content=\"Upgrade your weighing process with the PS-10KF-PF Mobile Industrial Floor Scale\u2014built for reliability, precision, and ease of use in any industrial setting.\" \/>\n<meta property=\"og:url\" content=\"https:\/\/bizautom.com\/fr\/produit\/prime-scales-ps-10kf-pf-mobile-industrial-floor-scale-with-frame-lift-channels-and-indicator-pole\/\" \/>\n<meta property=\"og:site_name\" content=\"BizAutom\" \/>\n<meta property=\"article:publisher\" content=\"https:\/\/www.facebook.com\/people\/TINGCHEN-BizAutom\/61565746662873\/\" \/>\n<meta property=\"article:modified_time\" content=\"2025-03-11T15:54:13+00:00\" \/>\n<meta property=\"og:image\" content=\"https:\/\/bizautom.com\/wp-content\/uploads\/2025\/03\/PS-10KF-PF.jpg\" \/>\n\t<meta property=\"og:image:width\" content=\"1279\" \/>\n\t<meta property=\"og:image:height\" content=\"1282\" \/>\n\t<meta property=\"og:image:type\" content=\"image\/jpeg\" \/>\n<meta name=\"twitter:card\" content=\"summary_large_image\" \/>\n<meta name=\"twitter:label1\" content=\"Dur\u00e9e de lecture estim\u00e9e\" \/>\n\t<meta name=\"twitter:data1\" content=\"2 minutes\" \/>\n<!-- \/ Yoast SEO plugin. -->","yoast_head_json":{"title":"Prime Scales PS-10KF-PF Mobile Industrial Floor Scale with Frame, Lift Channels and Indicator Pole - BizAutom","robots":{"index":"index","follow":"follow","max-snippet":"max-snippet:-1","max-image-preview":"max-image-preview:large","max-video-preview":"max-video-preview:-1"},"canonical":"https:\/\/bizautom.com\/fr\/produit\/prime-scales-ps-10kf-pf-mobile-industrial-floor-scale-with-frame-lift-channels-and-indicator-pole\/","og_locale":"fr_FR","og_type":"article","og_title":"Prime Scales PS-10KF-PF Mobile Industrial Floor Scale with Frame, Lift Channels and Indicator Pole - BizAutom","og_description":"Upgrade your weighing process with the PS-10KF-PF Mobile Industrial Floor Scale\u2014built for reliability, precision, and ease of use in any industrial setting.","og_url":"https:\/\/bizautom.com\/fr\/produit\/prime-scales-ps-10kf-pf-mobile-industrial-floor-scale-with-frame-lift-channels-and-indicator-pole\/","og_site_name":"BizAutom","article_publisher":"https:\/\/www.facebook.com\/people\/TINGCHEN-BizAutom\/61565746662873\/","article_modified_time":"2025-03-11T15:54:13+00:00","og_image":[{"width":1279,"height":1282,"url":"https:\/\/bizautom.com\/wp-content\/uploads\/2025\/03\/PS-10KF-PF.jpg","type":"image\/jpeg"}],"twitter_card":"summary_large_image","twitter_misc":{"Dur\u00e9e de lecture estim\u00e9e":"2 minutes"},"schema":{"@context":"https:\/\/schema.org","@graph":[{"@type":"WebPage","@id":"https:\/\/bizautom.com\/product\/prime-scales-ps-10kf-pf-mobile-industrial-floor-scale-with-frame-lift-channels-and-indicator-pole\/","url":"https:\/\/bizautom.com\/product\/prime-scales-ps-10kf-pf-mobile-industrial-floor-scale-with-frame-lift-channels-and-indicator-pole\/","name":"Prime Scales PS-10KF-PF Mobile Industrial Floor Scale with Frame, Lift Channels and Indicator Pole - BizAutom","isPartOf":{"@id":"https:\/\/bizautom.com\/#website"},"primaryImageOfPage":{"@id":"https:\/\/bizautom.com\/product\/prime-scales-ps-10kf-pf-mobile-industrial-floor-scale-with-frame-lift-channels-and-indicator-pole\/#primaryimage"},"image":{"@id":"https:\/\/bizautom.com\/product\/prime-scales-ps-10kf-pf-mobile-industrial-floor-scale-with-frame-lift-channels-and-indicator-pole\/#primaryimage"},"thumbnailUrl":"https:\/\/bizautom.com\/wp-content\/uploads\/2025\/03\/PS-10KF-PF.jpg","datePublished":"2025-03-11T15:51:40+00:00","dateModified":"2025-03-11T15:54:13+00:00","breadcrumb":{"@id":"https:\/\/bizautom.com\/product\/prime-scales-ps-10kf-pf-mobile-industrial-floor-scale-with-frame-lift-channels-and-indicator-pole\/#breadcrumb"},"inLanguage":"fr-FR","potentialAction":[{"@type":"ReadAction","target":["https:\/\/bizautom.com\/product\/prime-scales-ps-10kf-pf-mobile-industrial-floor-scale-with-frame-lift-channels-and-indicator-pole\/"]}]},{"@type":"ImageObject","inLanguage":"fr-FR","@id":"https:\/\/bizautom.com\/product\/prime-scales-ps-10kf-pf-mobile-industrial-floor-scale-with-frame-lift-channels-and-indicator-pole\/#primaryimage","url":"https:\/\/bizautom.com\/wp-content\/uploads\/2025\/03\/PS-10KF-PF.jpg","contentUrl":"https:\/\/bizautom.com\/wp-content\/uploads\/2025\/03\/PS-10KF-PF.jpg","width":1279,"height":1282},{"@type":"BreadcrumbList","@id":"https:\/\/bizautom.com\/product\/prime-scales-ps-10kf-pf-mobile-industrial-floor-scale-with-frame-lift-channels-and-indicator-pole\/#breadcrumb","itemListElement":[{"@type":"ListItem","position":1,"name":"Home","item":"https:\/\/bizautom.com\/"},{"@type":"ListItem","position":2,"name":"Shop","item":"https:\/\/bizautom.com\/shop-2\/"},{"@type":"ListItem","position":3,"name":"Prime Scales PS-10KF-PF Mobile Industrial Floor Scale with Frame, Lift Channels and Indicator Pole"}]},{"@type":"WebSite","@id":"https:\/\/bizautom.com\/#website","url":"https:\/\/bizautom.com\/","name":"BizAutom","description":"Rapide. Pr\u00e9cis. Intelligent.","publisher":{"@id":"https:\/\/bizautom.com\/#organization"},"potentialAction":[{"@type":"SearchAction","target":{"@type":"EntryPoint","urlTemplate":"https:\/\/bizautom.com\/?s={search_term_string}"},"query-input":{"@type":"PropertyValueSpecification","valueRequired":true,"valueName":"search_term_string"}}],"inLanguage":"fr-FR"},{"@type":"Organization","@id":"https:\/\/bizautom.com\/#organization","name":"BizAutom","url":"https:\/\/bizautom.com\/","logo":{"@type":"ImageObject","inLanguage":"fr-FR","@id":"https:\/\/bizautom.com\/#\/schema\/logo\/image\/","url":"https:\/\/bizautom.com\/wp-content\/uploads\/2025\/04\/BizAutom_Logo_1.webp","contentUrl":"https:\/\/bizautom.com\/wp-content\/uploads\/2025\/04\/BizAutom_Logo_1.webp","width":455,"height":326,"caption":"BizAutom"},"image":{"@id":"https:\/\/bizautom.com\/#\/schema\/logo\/image\/"},"sameAs":["https:\/\/www.facebook.com\/people\/TINGCHEN-BizAutom\/61565746662873\/"]}]}},"jetpack-related-posts":[{"id":823,"url":"https:\/\/bizautom.com\/fr\/produit\/prime-scales-row-on-weigh-pallet-jack-floor-scale-with-ps-in202-indicator\/","url_meta":{"origin":2190,"position":0},"title":"Prime Scales Roll On Weigh Pallet Jack \/ Floor Scale avec indicateur PS-IN202","author":"admin","date":"juillet 18, 2023","format":false,"excerpt":"Lorsqu'il s'agit de peser ces objets, une rampe est essentielle, et c'est pr\u00e9cis\u00e9ment ce que proposent nos p\u00e8se-personnes roulants. La conception innovante garantit que lorsque les roues du transpalette, du chariot ou du fauteuil roulant touchent la rampe, celle-ci s'abaisse en douceur jusqu'au sol, supportant le poids en toute s\u00e9curit\u00e9.","rel":"","context":"Article similaire","block_context":{"text":"Article similaire","link":""},"img":{"alt_text":"","src":"https:\/\/i0.wp.com\/bizautom.com\/wp-content\/uploads\/2023\/07\/PS-ROWPalletJack-scaled.jpg?resize=350%2C200&ssl=1","width":350,"height":200,"srcset":"https:\/\/i0.wp.com\/bizautom.com\/wp-content\/uploads\/2023\/07\/PS-ROWPalletJack-scaled.jpg?resize=350%2C200&ssl=1 1x, https:\/\/i0.wp.com\/bizautom.com\/wp-content\/uploads\/2023\/07\/PS-ROWPalletJack-scaled.jpg?resize=525%2C300&ssl=1 1.5x, https:\/\/i0.wp.com\/bizautom.com\/wp-content\/uploads\/2023\/07\/PS-ROWPalletJack-scaled.jpg?resize=700%2C400&ssl=1 2x, https:\/\/i0.wp.com\/bizautom.com\/wp-content\/uploads\/2023\/07\/PS-ROWPalletJack-scaled.jpg?resize=1050%2C600&ssl=1 3x, https:\/\/i0.wp.com\/bizautom.com\/wp-content\/uploads\/2023\/07\/PS-ROWPalletJack-scaled.jpg?resize=1400%2C800&ssl=1 4x"},"classes":[]},{"id":1001,"url":"https:\/\/bizautom.com\/fr\/produit\/prime-scales-ps-700as4422-livestock-scale-veterinary-scale-with-indicator\/","url_meta":{"origin":2190,"position":1},"title":"Prime Scales PS-700AS4422 Balance pour b\u00e9tail | Balance v\u00e9t\u00e9rinaire avec indicateur","author":"admin","date":"juillet 19, 2023","format":false,"excerpt":"L'utilisation de balances pour b\u00e9tail permet d'assurer un suivi pr\u00e9cis et efficace de la sant\u00e9 des animaux \u00e0 diff\u00e9rents stades de leur croissance. La pes\u00e9e des animaux est un aspect crucial de l'exploitation agricole, car elle permet de maintenir des performances optimales et de garantir leur bien-\u00eatre.","rel":"","context":"Article similaire","block_context":{"text":"Article similaire","link":""},"img":{"alt_text":"","src":"https:\/\/i0.wp.com\/bizautom.com\/wp-content\/uploads\/2023\/07\/CloudAnimalScale-Pig.jpg?resize=350%2C200&ssl=1","width":350,"height":200,"srcset":"https:\/\/i0.wp.com\/bizautom.com\/wp-content\/uploads\/2023\/07\/CloudAnimalScale-Pig.jpg?resize=350%2C200&ssl=1 1x, https:\/\/i0.wp.com\/bizautom.com\/wp-content\/uploads\/2023\/07\/CloudAnimalScale-Pig.jpg?resize=525%2C300&ssl=1 1.5x, https:\/\/i0.wp.com\/bizautom.com\/wp-content\/uploads\/2023\/07\/CloudAnimalScale-Pig.jpg?resize=700%2C400&ssl=1 2x, https:\/\/i0.wp.com\/bizautom.com\/wp-content\/uploads\/2023\/07\/CloudAnimalScale-Pig.jpg?resize=1050%2C600&ssl=1 3x, https:\/\/i0.wp.com\/bizautom.com\/wp-content\/uploads\/2023\/07\/CloudAnimalScale-Pig.jpg?resize=1400%2C800&ssl=1 4x"},"classes":[]},{"id":3667,"url":"https:\/\/bizautom.com\/fr\/produit\/prime-scales-ps-b99ss-stainless-steel-portion-scale\/","url_meta":{"origin":2190,"position":2},"title":"Prime Scales PS-B99SS P\u00e8se-portions en acier inoxydable","author":"admin","date":"avril 3, 2025","format":false,"excerpt":"Upgrade your weighing system with the PS-B99SS and experience the perfect balance of accuracy, durability, and convenience!","rel":"","context":"Article similaire","block_context":{"text":"Article similaire","link":""},"img":{"alt_text":"","src":"https:\/\/i0.wp.com\/bizautom.com\/wp-content\/uploads\/2025\/04\/PS-B99SS-scaled.webp?resize=350%2C200&ssl=1","width":350,"height":200,"srcset":"https:\/\/i0.wp.com\/bizautom.com\/wp-content\/uploads\/2025\/04\/PS-B99SS-scaled.webp?resize=350%2C200&ssl=1 1x, https:\/\/i0.wp.com\/bizautom.com\/wp-content\/uploads\/2025\/04\/PS-B99SS-scaled.webp?resize=525%2C300&ssl=1 1.5x, https:\/\/i0.wp.com\/bizautom.com\/wp-content\/uploads\/2025\/04\/PS-B99SS-scaled.webp?resize=700%2C400&ssl=1 2x, https:\/\/i0.wp.com\/bizautom.com\/wp-content\/uploads\/2025\/04\/PS-B99SS-scaled.webp?resize=1050%2C600&ssl=1 3x, https:\/\/i0.wp.com\/bizautom.com\/wp-content\/uploads\/2025\/04\/PS-B99SS-scaled.webp?resize=1400%2C800&ssl=1 4x"},"classes":[]},{"id":950,"url":"https:\/\/bizautom.com\/fr\/produit\/prime-scales-ps-b130-130x0-005lb-hi-definition-bench-scale-shipping-scale\/","url_meta":{"origin":2190,"position":3},"title":"Prime Scales PS-B130 130\u00d70.005lb Hi Definition Bench Scale | Shipping Scale","author":"admin","date":"juillet 18, 2023","format":false,"excerpt":"PS-B130 est notre balance tout-en-un pour les besoins de votre service d'exp\u00e9dition. Avec cette nouvelle balance, vous n'avez plus besoin de plusieurs balances pour diff\u00e9rents poids.","rel":"","context":"Article similaire","block_context":{"text":"Article similaire","link":""},"img":{"alt_text":"","src":"https:\/\/i0.wp.com\/bizautom.com\/wp-content\/uploads\/2023\/07\/PS-B130-Clean.jpg?resize=350%2C200&ssl=1","width":350,"height":200,"srcset":"https:\/\/i0.wp.com\/bizautom.com\/wp-content\/uploads\/2023\/07\/PS-B130-Clean.jpg?resize=350%2C200&ssl=1 1x, https:\/\/i0.wp.com\/bizautom.com\/wp-content\/uploads\/2023\/07\/PS-B130-Clean.jpg?resize=525%2C300&ssl=1 1.5x, https:\/\/i0.wp.com\/bizautom.com\/wp-content\/uploads\/2023\/07\/PS-B130-Clean.jpg?resize=700%2C400&ssl=1 2x, https:\/\/i0.wp.com\/bizautom.com\/wp-content\/uploads\/2023\/07\/PS-B130-Clean.jpg?resize=1050%2C600&ssl=1 3x, https:\/\/i0.wp.com\/bizautom.com\/wp-content\/uploads\/2023\/07\/PS-B130-Clean.jpg?resize=1400%2C800&ssl=1 4x"},"classes":[]},{"id":2031,"url":"https:\/\/bizautom.com\/fr\/produit\/bizautom-pi-ii-scale-the-ultimate-round-weighing-solution\/","url_meta":{"origin":2190,"position":4},"title":"Balance BizAutom PI-II : La solution ultime de pes\u00e9e ronde","author":"admin","date":"f\u00e9vrier 28, 2025","format":false,"excerpt":"Introducing the BizAutom PI-II Scale \u2013 a game-changing innovation for modern weighing applications. Designed with versatility, efficiency, and durability in mind, the PI-II Scale is the perfect solution for operations requiring seamless integration with turntable stretch wrappers or as a standalone floor scale.","rel":"","context":"Article similaire","block_context":{"text":"Article similaire","link":""},"img":{"alt_text":"","src":"https:\/\/i0.wp.com\/bizautom.com\/wp-content\/uploads\/2025\/02\/PIPS-IN202SSP.jpg?resize=350%2C200&ssl=1","width":350,"height":200,"srcset":"https:\/\/i0.wp.com\/bizautom.com\/wp-content\/uploads\/2025\/02\/PIPS-IN202SSP.jpg?resize=350%2C200&ssl=1 1x, https:\/\/i0.wp.com\/bizautom.com\/wp-content\/uploads\/2025\/02\/PIPS-IN202SSP.jpg?resize=525%2C300&ssl=1 1.5x, https:\/\/i0.wp.com\/bizautom.com\/wp-content\/uploads\/2025\/02\/PIPS-IN202SSP.jpg?resize=700%2C400&ssl=1 2x, https:\/\/i0.wp.com\/bizautom.com\/wp-content\/uploads\/2025\/02\/PIPS-IN202SSP.jpg?resize=1050%2C600&ssl=1 3x, https:\/\/i0.wp.com\/bizautom.com\/wp-content\/uploads\/2025\/02\/PIPS-IN202SSP.jpg?resize=1400%2C800&ssl=1 4x"},"classes":[]},{"id":975,"url":"https:\/\/bizautom.com\/fr\/produit\/prime-scales-industrial-floor-scale-with-indicator-precision-reliability-and-efficiency-combined\/","url_meta":{"origin":2190,"position":5},"title":"Prime Scales Balance industrielle avec indicateur - Pr\u00e9cision, fiabilit\u00e9 et efficacit\u00e9 combin\u00e9es","author":"admin","date":"juillet 19, 2023","format":false,"excerpt":"Invest in the Prime Scales Industrial Floor Scale today and empower your industrial facility with the accuracy, efficiency, and durability required to excel in today's fast-paced business landscape. Streamline your weighing processes and take your industrial operations to new heights with confidence.","rel":"","context":"Article similaire","block_context":{"text":"Article similaire","link":""},"img":{"alt_text":"Prime Scales PS-10000F","src":"https:\/\/i0.wp.com\/bizautom.com\/wp-content\/uploads\/2023\/07\/FloorScale202-scaled.jpg?resize=350%2C200&ssl=1","width":350,"height":200,"srcset":"https:\/\/i0.wp.com\/bizautom.com\/wp-content\/uploads\/2023\/07\/FloorScale202-scaled.jpg?resize=350%2C200&ssl=1 1x, https:\/\/i0.wp.com\/bizautom.com\/wp-content\/uploads\/2023\/07\/FloorScale202-scaled.jpg?resize=525%2C300&ssl=1 1.5x, https:\/\/i0.wp.com\/bizautom.com\/wp-content\/uploads\/2023\/07\/FloorScale202-scaled.jpg?resize=700%2C400&ssl=1 2x, https:\/\/i0.wp.com\/bizautom.com\/wp-content\/uploads\/2023\/07\/FloorScale202-scaled.jpg?resize=1050%2C600&ssl=1 3x, https:\/\/i0.wp.com\/bizautom.com\/wp-content\/uploads\/2023\/07\/FloorScale202-scaled.jpg?resize=1400%2C800&ssl=1 4x"},"classes":[]}],"jetpack_sharing_enabled":true,"_links":{"self":[{"href":"https:\/\/bizautom.com\/fr\/wp-json\/wp\/v2\/product\/2190","targetHints":{"allow":["GET"]}}],"collection":[{"href":"https:\/\/bizautom.com\/fr\/wp-json\/wp\/v2\/product"}],"about":[{"href":"https:\/\/bizautom.com\/fr\/wp-json\/wp\/v2\/types\/product"}],"replies":[{"embeddable":true,"href":"https:\/\/bizautom.com\/fr\/wp-json\/wp\/v2\/comments?post=2190"}],"version-history":[{"count":2,"href":"https:\/\/bizautom.com\/fr\/wp-json\/wp\/v2\/product\/2190\/revisions"}],"predecessor-version":[{"id":2196,"href":"https:\/\/bizautom.com\/fr\/wp-json\/wp\/v2\/product\/2190\/revisions\/2196"}],"wp:featuredmedia":[{"embeddable":true,"href":"https:\/\/bizautom.com\/fr\/wp-json\/wp\/v2\/media\/2193"}],"wp:attachment":[{"href":"https:\/\/bizautom.com\/fr\/wp-json\/wp\/v2\/media?parent=2190"}],"wp:term":[{"taxonomy":"product_brand","embeddable":true,"href":"https:\/\/bizautom.com\/fr\/wp-json\/wp\/v2\/product_brand?post=2190"},{"taxonomy":"product_cat","embeddable":true,"href":"https:\/\/bizautom.com\/fr\/wp-json\/wp\/v2\/product_cat?post=2190"},{"taxonomy":"product_tag","embeddable":true,"href":"https:\/\/bizautom.com\/fr\/wp-json\/wp\/v2\/product_tag?post=2190"}],"curies":[{"name":"wp","href":"https:\/\/api.w.org\/{rel}","templated":true}]}}