{"id":2829,"date":"2025-03-26T03:57:32","date_gmt":"2025-03-26T07:57:32","guid":{"rendered":"https:\/\/bizautom.com\/?post_type=product&#038;p=2829"},"modified":"2025-03-27T22:04:50","modified_gmt":"2025-03-28T02:04:50","slug":"fulinks-super-sensor-fl-tag-tm","status":"publish","type":"product","link":"https:\/\/bizautom.com\/fr\/produit\/fulinks-super-sensor-fl-tag-tm\/","title":{"rendered":"SUPER CAPTEUR (FL-TAG-TM)"},"content":{"rendered":"<p><strong>SPECIFICATION :<\/strong><\/p>\n<p>Mode de fonctionnement : surveillance en temps r\u00e9el sur 24 heures<br \/>\nDimensions : 3\u2033 x 1.18\u2033 x 0.67\u2033<br \/>\nPoids : 28 g<br \/>\nTemp\u00e9rature de fonctionnement : -30~55\u2103<br \/>\nIndice de protection : IP68<\/p>\n<p>&nbsp;<\/p>\n<p><strong>CARACT\u00c9RISTIQUES DU PRODUIT :<\/strong><\/p>\n<ul>\n<li>Donn\u00e9es de d\u00e9tection : temp\u00e9rature, \u0153strus, rumination, alimentation, repos, respiration sifflante<\/li>\n<li>Fonctions : Rapport d'anomalie de sant\u00e9, rapport d'\u0153strus, rapport d'\u0153strus de la vache, rapport de fi\u00e8vre et de basse temp\u00e9rature, rapport de boiterie et de mouvement anormal, pouss\u00e9e d'information d'alerte pr\u00e9coce directionnelle.<\/li>\n<li>Mode d'assemblage : le corps peut \u00eatre d\u00e9mont\u00e9<\/li>\n<li>Transmission \u00e0 tr\u00e8s longue distance (2 miles), adapt\u00e9e aux ranchs de toutes tailles<\/li>\n<\/ul>","protected":false},"excerpt":{"rendered":"<p>Temp\u00e9rature corporelle centrale, \u0153strus, rumination, alimentation, repos et surveillance de l'activit\u00e9.<\/p>","protected":false},"featured_media":2832,"comment_status":"open","ping_status":"closed","template":"","meta":[],"product_brand":[],"product_cat":[151,32,150],"product_tag":[],"class_list":{"0":"post-2829","1":"product","2":"type-product","3":"status-publish","4":"has-post-thumbnail","6":"product_cat-bovivitals-cattle-management-system","7":"product_cat-instruments-parts","8":"product_cat-smart-ear-tag","10":"first","11":"instock","12":"taxable","13":"shipping-taxable","14":"product-type-simple"},"yoast_head":"<!-- This site is optimized with the Yoast SEO plugin v27.4 - https:\/\/yoast.com\/product\/yoast-seo-wordpress\/ -->\n<title>SUPER SENSOR (FL-TAG-TM) - BizAutom<\/title>\n<meta name=\"robots\" content=\"index, follow, max-snippet:-1, max-image-preview:large, max-video-preview:-1\" \/>\n<link rel=\"canonical\" href=\"https:\/\/bizautom.com\/fr\/produit\/fulinks-super-sensor-fl-tag-tm\/\" \/>\n<meta property=\"og:locale\" content=\"fr_FR\" \/>\n<meta property=\"og:type\" content=\"article\" \/>\n<meta property=\"og:title\" content=\"SUPER SENSOR (FL-TAG-TM) - BizAutom\" \/>\n<meta property=\"og:description\" content=\"Core body temperature, estrus, rumination, feeding, rest, and activity monitoring.\" \/>\n<meta property=\"og:url\" content=\"https:\/\/bizautom.com\/fr\/produit\/fulinks-super-sensor-fl-tag-tm\/\" \/>\n<meta property=\"og:site_name\" content=\"BizAutom\" \/>\n<meta property=\"article:publisher\" content=\"https:\/\/www.facebook.com\/people\/TINGCHEN-BizAutom\/61565746662873\/\" \/>\n<meta property=\"article:modified_time\" content=\"2025-03-28T02:04:50+00:00\" \/>\n<meta property=\"og:image\" content=\"https:\/\/bizautom.com\/wp-content\/uploads\/2025\/03\/SUPER-SENSOR-FL-TAG-TM.jpeg\" \/>\n\t<meta property=\"og:image:width\" content=\"378\" \/>\n\t<meta property=\"og:image:height\" content=\"335\" \/>\n\t<meta property=\"og:image:type\" content=\"image\/jpeg\" \/>\n<meta name=\"twitter:card\" content=\"summary_large_image\" \/>\n<meta name=\"twitter:label1\" content=\"Dur\u00e9e de lecture estim\u00e9e\" \/>\n\t<meta name=\"twitter:data1\" content=\"1 minute\" \/>\n<!-- \/ Yoast SEO plugin. -->","yoast_head_json":{"title":"SUPER SENSOR (FL-TAG-TM) - BizAutom","robots":{"index":"index","follow":"follow","max-snippet":"max-snippet:-1","max-image-preview":"max-image-preview:large","max-video-preview":"max-video-preview:-1"},"canonical":"https:\/\/bizautom.com\/fr\/produit\/fulinks-super-sensor-fl-tag-tm\/","og_locale":"fr_FR","og_type":"article","og_title":"SUPER SENSOR (FL-TAG-TM) - BizAutom","og_description":"Core body temperature, estrus, rumination, feeding, rest, and activity monitoring.","og_url":"https:\/\/bizautom.com\/fr\/produit\/fulinks-super-sensor-fl-tag-tm\/","og_site_name":"BizAutom","article_publisher":"https:\/\/www.facebook.com\/people\/TINGCHEN-BizAutom\/61565746662873\/","article_modified_time":"2025-03-28T02:04:50+00:00","og_image":[{"width":378,"height":335,"url":"https:\/\/bizautom.com\/wp-content\/uploads\/2025\/03\/SUPER-SENSOR-FL-TAG-TM.jpeg","type":"image\/jpeg"}],"twitter_card":"summary_large_image","twitter_misc":{"Dur\u00e9e de lecture estim\u00e9e":"1 minute"},"schema":{"@context":"https:\/\/schema.org","@graph":[{"@type":"WebPage","@id":"https:\/\/bizautom.com\/product\/fulinks-super-sensor-fl-tag-tm\/","url":"https:\/\/bizautom.com\/product\/fulinks-super-sensor-fl-tag-tm\/","name":"SUPER SENSOR (FL-TAG-TM) - BizAutom","isPartOf":{"@id":"https:\/\/bizautom.com\/#website"},"primaryImageOfPage":{"@id":"https:\/\/bizautom.com\/product\/fulinks-super-sensor-fl-tag-tm\/#primaryimage"},"image":{"@id":"https:\/\/bizautom.com\/product\/fulinks-super-sensor-fl-tag-tm\/#primaryimage"},"thumbnailUrl":"https:\/\/bizautom.com\/wp-content\/uploads\/2025\/03\/SUPER-SENSOR-FL-TAG-TM.jpeg","datePublished":"2025-03-26T07:57:32+00:00","dateModified":"2025-03-28T02:04:50+00:00","breadcrumb":{"@id":"https:\/\/bizautom.com\/product\/fulinks-super-sensor-fl-tag-tm\/#breadcrumb"},"inLanguage":"fr-FR","potentialAction":[{"@type":"ReadAction","target":["https:\/\/bizautom.com\/product\/fulinks-super-sensor-fl-tag-tm\/"]}]},{"@type":"ImageObject","inLanguage":"fr-FR","@id":"https:\/\/bizautom.com\/product\/fulinks-super-sensor-fl-tag-tm\/#primaryimage","url":"https:\/\/bizautom.com\/wp-content\/uploads\/2025\/03\/SUPER-SENSOR-FL-TAG-TM.jpeg","contentUrl":"https:\/\/bizautom.com\/wp-content\/uploads\/2025\/03\/SUPER-SENSOR-FL-TAG-TM.jpeg","width":378,"height":335},{"@type":"BreadcrumbList","@id":"https:\/\/bizautom.com\/product\/fulinks-super-sensor-fl-tag-tm\/#breadcrumb","itemListElement":[{"@type":"ListItem","position":1,"name":"Home","item":"https:\/\/bizautom.com\/"},{"@type":"ListItem","position":2,"name":"Shop","item":"https:\/\/bizautom.com\/shop-2\/"},{"@type":"ListItem","position":3,"name":"SUPER SENSOR (FL-TAG-TM)"}]},{"@type":"WebSite","@id":"https:\/\/bizautom.com\/#website","url":"https:\/\/bizautom.com\/","name":"BizAutom","description":"Rapide. Pr\u00e9cis. Intelligent.","publisher":{"@id":"https:\/\/bizautom.com\/#organization"},"potentialAction":[{"@type":"SearchAction","target":{"@type":"EntryPoint","urlTemplate":"https:\/\/bizautom.com\/?s={search_term_string}"},"query-input":{"@type":"PropertyValueSpecification","valueRequired":true,"valueName":"search_term_string"}}],"inLanguage":"fr-FR"},{"@type":"Organization","@id":"https:\/\/bizautom.com\/#organization","name":"BizAutom","url":"https:\/\/bizautom.com\/","logo":{"@type":"ImageObject","inLanguage":"fr-FR","@id":"https:\/\/bizautom.com\/#\/schema\/logo\/image\/","url":"https:\/\/bizautom.com\/wp-content\/uploads\/2025\/04\/BizAutom_Logo_1.webp","contentUrl":"https:\/\/bizautom.com\/wp-content\/uploads\/2025\/04\/BizAutom_Logo_1.webp","width":455,"height":326,"caption":"BizAutom"},"image":{"@id":"https:\/\/bizautom.com\/#\/schema\/logo\/image\/"},"sameAs":["https:\/\/www.facebook.com\/people\/TINGCHEN-BizAutom\/61565746662873\/"]}]}},"jetpack-related-posts":[{"id":2846,"url":"https:\/\/bizautom.com\/fr\/produit\/fulinks-smart-collar-fl-collar-m\/","url_meta":{"origin":2829,"position":0},"title":"COLLIER INTELLIGENT (FL-COLLAR-M)","author":"Hitesh Sonwane","date":"mars 26, 2025","format":false,"excerpt":"Estrus, rumination, alimentation, repos et surveillance de l'activit\u00e9.","rel":"","context":"Article similaire","block_context":{"text":"Article similaire","link":""},"img":{"alt_text":"","src":"https:\/\/i0.wp.com\/bizautom.com\/wp-content\/uploads\/2025\/03\/SMART-COLLAR-FL-COLLAR-M.jpeg?resize=350%2C200&ssl=1","width":350,"height":200},"classes":[]},{"id":2840,"url":"https:\/\/bizautom.com\/fr\/produit\/fulinks-smart-ear-tag-fl-tag-m\/","url_meta":{"origin":2829,"position":1},"title":"\u00c9TIQUETTE D'OREILLE INTELLIGENTE (FL-TAG-M)","author":"Hitesh Sonwane","date":"mars 26, 2025","format":false,"excerpt":"Estrus, rumination, alimentation, repos et surveillance de l'activit\u00e9.","rel":"","context":"Article similaire","block_context":{"text":"Article similaire","link":""},"img":{"alt_text":"","src":"https:\/\/i0.wp.com\/bizautom.com\/wp-content\/uploads\/2025\/03\/SMART-EAR-TAG-FL-TAG-M.jpeg?resize=350%2C200&ssl=1","width":350,"height":200},"classes":[]},{"id":1488,"url":"https:\/\/bizautom.com\/fr\/produit\/bizautom-livestox-caged-cattle-scale-with-bio-microchip-thermometer-and-scada-system\/","url_meta":{"origin":2829,"position":2},"title":"BizAutom LivestoX, p\u00e8se-b\u00e9tail en cage avec thermom\u00e8tre \u00e0 micropuce et syst\u00e8me SCADA","author":"admin","date":"ao\u00fbt 14, 2024","format":false,"excerpt":"Le p\u00e8se-b\u00e9tail en cage BizAutom LivestoX avec thermom\u00e8tre \u00e0 biopuce et syst\u00e8me SCADA est un investissement essentiel pour les agriculteurs qui souhaitent am\u00e9liorer leurs pratiques de gestion du b\u00e9tail gr\u00e2ce \u00e0 une technologie de pointe.","rel":"","context":"Article similaire","block_context":{"text":"Article similaire","link":""},"img":{"alt_text":"","src":"https:\/\/i0.wp.com\/bizautom.com\/wp-content\/uploads\/2024\/08\/LiveStoX-scaled.jpg?resize=350%2C200&ssl=1","width":350,"height":200,"srcset":"https:\/\/i0.wp.com\/bizautom.com\/wp-content\/uploads\/2024\/08\/LiveStoX-scaled.jpg?resize=350%2C200&ssl=1 1x, https:\/\/i0.wp.com\/bizautom.com\/wp-content\/uploads\/2024\/08\/LiveStoX-scaled.jpg?resize=525%2C300&ssl=1 1.5x, https:\/\/i0.wp.com\/bizautom.com\/wp-content\/uploads\/2024\/08\/LiveStoX-scaled.jpg?resize=700%2C400&ssl=1 2x, https:\/\/i0.wp.com\/bizautom.com\/wp-content\/uploads\/2024\/08\/LiveStoX-scaled.jpg?resize=1050%2C600&ssl=1 3x, https:\/\/i0.wp.com\/bizautom.com\/wp-content\/uploads\/2024\/08\/LiveStoX-scaled.jpg?resize=1400%2C800&ssl=1 4x"},"classes":[]},{"id":2894,"url":"https:\/\/bizautom.com\/fr\/produit\/fulinks-data-gateway-flxc-100\/","url_meta":{"origin":2829,"position":3},"title":"PASSERELLE DE DONN\u00c9ES (FLXC-100)","author":"Hitesh Sonwane","date":"mars 26, 2025","format":false,"excerpt":"Responsable de l'acc\u00e8s \u00e0 la plate-forme Internet en nuage.","rel":"","context":"Article similaire","block_context":{"text":"Article similaire","link":""},"img":{"alt_text":"","src":"https:\/\/i0.wp.com\/bizautom.com\/wp-content\/uploads\/2025\/03\/gtw.png?resize=350%2C200&ssl=1","width":350,"height":200},"classes":[]},{"id":2892,"url":"https:\/\/bizautom.com\/fr\/produit\/fulinks-collector-flcc-100\/","url_meta":{"origin":2829,"position":4},"title":"COLLECTEUR (FLCC-100)","author":"Hitesh Sonwane","date":"mars 26, 2025","format":false,"excerpt":"Utilis\u00e9 pour collecter les signaux de donn\u00e9es des capteurs et les t\u00e9l\u00e9charger.","rel":"","context":"Article similaire","block_context":{"text":"Article similaire","link":""},"img":{"alt_text":"","src":"https:\/\/i0.wp.com\/bizautom.com\/wp-content\/uploads\/2025\/03\/cc.png?resize=350%2C200&ssl=1","width":350,"height":200},"classes":[]},{"id":1596,"url":"https:\/\/bizautom.com\/fr\/produit\/bizautom-livestox-caged-cattle-scale\/","url_meta":{"origin":2829,"position":5},"title":"BizAutom LivestoX P\u00e8se-b\u00e9tail en cage avec indicateur haut de gamme","author":"admin","date":"octobre 20, 2024","format":false,"excerpt":"Le p\u00e8se-b\u00e9tail en cage BizAutom LivestoX est un investissement essentiel pour les agriculteurs qui souhaitent am\u00e9liorer leurs pratiques de gestion du b\u00e9tail gr\u00e2ce \u00e0 une technologie de pointe.","rel":"","context":"Article similaire","block_context":{"text":"Article similaire","link":""},"img":{"alt_text":"","src":"https:\/\/i0.wp.com\/bizautom.com\/wp-content\/uploads\/2024\/10\/LiveStoX202-scaled.jpg?resize=350%2C200&ssl=1","width":350,"height":200,"srcset":"https:\/\/i0.wp.com\/bizautom.com\/wp-content\/uploads\/2024\/10\/LiveStoX202-scaled.jpg?resize=350%2C200&ssl=1 1x, https:\/\/i0.wp.com\/bizautom.com\/wp-content\/uploads\/2024\/10\/LiveStoX202-scaled.jpg?resize=525%2C300&ssl=1 1.5x, https:\/\/i0.wp.com\/bizautom.com\/wp-content\/uploads\/2024\/10\/LiveStoX202-scaled.jpg?resize=700%2C400&ssl=1 2x, https:\/\/i0.wp.com\/bizautom.com\/wp-content\/uploads\/2024\/10\/LiveStoX202-scaled.jpg?resize=1050%2C600&ssl=1 3x, https:\/\/i0.wp.com\/bizautom.com\/wp-content\/uploads\/2024\/10\/LiveStoX202-scaled.jpg?resize=1400%2C800&ssl=1 4x"},"classes":[]}],"jetpack_sharing_enabled":true,"_links":{"self":[{"href":"https:\/\/bizautom.com\/fr\/wp-json\/wp\/v2\/product\/2829","targetHints":{"allow":["GET"]}}],"collection":[{"href":"https:\/\/bizautom.com\/fr\/wp-json\/wp\/v2\/product"}],"about":[{"href":"https:\/\/bizautom.com\/fr\/wp-json\/wp\/v2\/types\/product"}],"replies":[{"embeddable":true,"href":"https:\/\/bizautom.com\/fr\/wp-json\/wp\/v2\/comments?post=2829"}],"version-history":[{"count":4,"href":"https:\/\/bizautom.com\/fr\/wp-json\/wp\/v2\/product\/2829\/revisions"}],"predecessor-version":[{"id":2923,"href":"https:\/\/bizautom.com\/fr\/wp-json\/wp\/v2\/product\/2829\/revisions\/2923"}],"wp:featuredmedia":[{"embeddable":true,"href":"https:\/\/bizautom.com\/fr\/wp-json\/wp\/v2\/media\/2832"}],"wp:attachment":[{"href":"https:\/\/bizautom.com\/fr\/wp-json\/wp\/v2\/media?parent=2829"}],"wp:term":[{"taxonomy":"product_brand","embeddable":true,"href":"https:\/\/bizautom.com\/fr\/wp-json\/wp\/v2\/product_brand?post=2829"},{"taxonomy":"product_cat","embeddable":true,"href":"https:\/\/bizautom.com\/fr\/wp-json\/wp\/v2\/product_cat?post=2829"},{"taxonomy":"product_tag","embeddable":true,"href":"https:\/\/bizautom.com\/fr\/wp-json\/wp\/v2\/product_tag?post=2829"}],"curies":[{"name":"wp","href":"https:\/\/api.w.org\/{rel}","templated":true}]}}