{"id":2846,"date":"2025-03-26T07:30:52","date_gmt":"2025-03-26T11:30:52","guid":{"rendered":"https:\/\/bizautom.com\/?post_type=product&#038;p=2846"},"modified":"2025-03-27T22:01:30","modified_gmt":"2025-03-28T02:01:30","slug":"fulinks-smart-collar-fl-collar-m","status":"publish","type":"product","link":"https:\/\/bizautom.com\/fr\/produit\/fulinks-smart-collar-fl-collar-m\/","title":{"rendered":"COLLIER INTELLIGENT (FL-COLLAR-M)"},"content":{"rendered":"<p><strong>SPECIFICATION :<\/strong><\/p>\n<p>Mode de fonctionnement : surveillance en temps r\u00e9el sur 24 heures<br \/>\nDimensions : 1.6\u2033 x 47\u2033 (r\u00e9glable)<br \/>\nPoids : 270g<br \/>\nTemp\u00e9rature de fonctionnement : -30~55\u2103<br \/>\nIndice de protection : IP68<\/p>\n<p>&nbsp;<\/p>\n<p><strong>CARACT\u00c9RISTIQUES DU PRODUIT :<\/strong><\/p>\n<ul>\n<li>Donn\u00e9es d'essai : \u0153strus, rumination, alimentation, repos<\/li>\n<li>Mode de fonctionnement : surveillance en temps r\u00e9el sur 24 heures<\/li>\n<li>Fonctions : rapport d'\u0153strus, rapport d'\u0153strus de la vache, rapport de sant\u00e9 anormal, pouss\u00e9e d'informations d'alerte cibl\u00e9es<\/li>\n<li>Mode d'assemblage : le corps peut \u00eatre d\u00e9mont\u00e9<\/li>\n<\/ul>\n<p>&nbsp;<\/p>\n<p><strong>TYPE DE R\u00c9SEAU :<\/strong><\/p>\n<ul>\n<li>Distance de communication : 5 KM<\/li>\n<li>Mode r\u00e9seau : Internet des objets, Internet mobile<\/li>\n<\/ul>","protected":false},"excerpt":{"rendered":"<p>Estrus, rumination, alimentation, repos et surveillance de l'activit\u00e9.<\/p>","protected":false},"featured_media":2830,"comment_status":"open","ping_status":"closed","template":"","meta":[],"product_brand":[152],"product_cat":[151,32,150],"product_tag":[],"class_list":{"0":"post-2846","1":"product","2":"type-product","3":"status-publish","4":"has-post-thumbnail","6":"product_brand-fulinks","7":"product_cat-bovivitals-cattle-management-system","8":"product_cat-instruments-parts","9":"product_cat-smart-ear-tag","11":"first","12":"instock","13":"taxable","14":"shipping-taxable","15":"product-type-simple"},"yoast_head":"<!-- This site is optimized with the Yoast SEO plugin v27.3 - https:\/\/yoast.com\/product\/yoast-seo-wordpress\/ -->\n<title>SMART COLLAR (FL-COLLAR-M) - BizAutom<\/title>\n<meta name=\"robots\" content=\"index, follow, max-snippet:-1, max-image-preview:large, max-video-preview:-1\" \/>\n<link rel=\"canonical\" href=\"https:\/\/bizautom.com\/fr\/produit\/fulinks-smart-collar-fl-collar-m\/\" \/>\n<meta property=\"og:locale\" content=\"fr_FR\" \/>\n<meta property=\"og:type\" content=\"article\" \/>\n<meta property=\"og:title\" content=\"SMART COLLAR (FL-COLLAR-M) - BizAutom\" \/>\n<meta property=\"og:description\" content=\"Estrus, Rumination, Feeding, Rest, And Activity Monitoring.\" \/>\n<meta property=\"og:url\" content=\"https:\/\/bizautom.com\/fr\/produit\/fulinks-smart-collar-fl-collar-m\/\" \/>\n<meta property=\"og:site_name\" content=\"BizAutom\" \/>\n<meta property=\"article:publisher\" content=\"https:\/\/www.facebook.com\/people\/TINGCHEN-BizAutom\/61565746662873\/\" \/>\n<meta property=\"article:modified_time\" content=\"2025-03-28T02:01:30+00:00\" \/>\n<meta property=\"og:image\" content=\"https:\/\/bizautom.com\/wp-content\/uploads\/2025\/03\/SMART-COLLAR-FL-COLLAR-M.jpeg\" \/>\n\t<meta property=\"og:image:width\" content=\"381\" \/>\n\t<meta property=\"og:image:height\" content=\"330\" \/>\n\t<meta property=\"og:image:type\" content=\"image\/jpeg\" \/>\n<meta name=\"twitter:card\" content=\"summary_large_image\" \/>\n<meta name=\"twitter:label1\" content=\"Dur\u00e9e de lecture estim\u00e9e\" \/>\n\t<meta name=\"twitter:data1\" content=\"1 minute\" \/>\n<!-- \/ Yoast SEO plugin. -->","yoast_head_json":{"title":"SMART COLLAR (FL-COLLAR-M) - BizAutom","robots":{"index":"index","follow":"follow","max-snippet":"max-snippet:-1","max-image-preview":"max-image-preview:large","max-video-preview":"max-video-preview:-1"},"canonical":"https:\/\/bizautom.com\/fr\/produit\/fulinks-smart-collar-fl-collar-m\/","og_locale":"fr_FR","og_type":"article","og_title":"SMART COLLAR (FL-COLLAR-M) - BizAutom","og_description":"Estrus, Rumination, Feeding, Rest, And Activity Monitoring.","og_url":"https:\/\/bizautom.com\/fr\/produit\/fulinks-smart-collar-fl-collar-m\/","og_site_name":"BizAutom","article_publisher":"https:\/\/www.facebook.com\/people\/TINGCHEN-BizAutom\/61565746662873\/","article_modified_time":"2025-03-28T02:01:30+00:00","og_image":[{"width":381,"height":330,"url":"https:\/\/bizautom.com\/wp-content\/uploads\/2025\/03\/SMART-COLLAR-FL-COLLAR-M.jpeg","type":"image\/jpeg"}],"twitter_card":"summary_large_image","twitter_misc":{"Dur\u00e9e de lecture estim\u00e9e":"1 minute"},"schema":{"@context":"https:\/\/schema.org","@graph":[{"@type":"WebPage","@id":"https:\/\/bizautom.com\/product\/fulinks-smart-collar-fl-collar-m\/","url":"https:\/\/bizautom.com\/product\/fulinks-smart-collar-fl-collar-m\/","name":"SMART COLLAR (FL-COLLAR-M) - BizAutom","isPartOf":{"@id":"https:\/\/bizautom.com\/#website"},"primaryImageOfPage":{"@id":"https:\/\/bizautom.com\/product\/fulinks-smart-collar-fl-collar-m\/#primaryimage"},"image":{"@id":"https:\/\/bizautom.com\/product\/fulinks-smart-collar-fl-collar-m\/#primaryimage"},"thumbnailUrl":"https:\/\/bizautom.com\/wp-content\/uploads\/2025\/03\/SMART-COLLAR-FL-COLLAR-M.jpeg","datePublished":"2025-03-26T11:30:52+00:00","dateModified":"2025-03-28T02:01:30+00:00","breadcrumb":{"@id":"https:\/\/bizautom.com\/product\/fulinks-smart-collar-fl-collar-m\/#breadcrumb"},"inLanguage":"fr-FR","potentialAction":[{"@type":"ReadAction","target":["https:\/\/bizautom.com\/product\/fulinks-smart-collar-fl-collar-m\/"]}]},{"@type":"ImageObject","inLanguage":"fr-FR","@id":"https:\/\/bizautom.com\/product\/fulinks-smart-collar-fl-collar-m\/#primaryimage","url":"https:\/\/bizautom.com\/wp-content\/uploads\/2025\/03\/SMART-COLLAR-FL-COLLAR-M.jpeg","contentUrl":"https:\/\/bizautom.com\/wp-content\/uploads\/2025\/03\/SMART-COLLAR-FL-COLLAR-M.jpeg","width":381,"height":330},{"@type":"BreadcrumbList","@id":"https:\/\/bizautom.com\/product\/fulinks-smart-collar-fl-collar-m\/#breadcrumb","itemListElement":[{"@type":"ListItem","position":1,"name":"Home","item":"https:\/\/bizautom.com\/"},{"@type":"ListItem","position":2,"name":"Shop","item":"https:\/\/bizautom.com\/shop-2\/"},{"@type":"ListItem","position":3,"name":"SMART COLLAR (FL-COLLAR-M)"}]},{"@type":"WebSite","@id":"https:\/\/bizautom.com\/#website","url":"https:\/\/bizautom.com\/","name":"BizAutom","description":"Rapide. Pr\u00e9cis. Intelligent.","publisher":{"@id":"https:\/\/bizautom.com\/#organization"},"potentialAction":[{"@type":"SearchAction","target":{"@type":"EntryPoint","urlTemplate":"https:\/\/bizautom.com\/?s={search_term_string}"},"query-input":{"@type":"PropertyValueSpecification","valueRequired":true,"valueName":"search_term_string"}}],"inLanguage":"fr-FR"},{"@type":"Organization","@id":"https:\/\/bizautom.com\/#organization","name":"BizAutom","url":"https:\/\/bizautom.com\/","logo":{"@type":"ImageObject","inLanguage":"fr-FR","@id":"https:\/\/bizautom.com\/#\/schema\/logo\/image\/","url":"https:\/\/bizautom.com\/wp-content\/uploads\/2025\/04\/BizAutom_Logo_1.webp","contentUrl":"https:\/\/bizautom.com\/wp-content\/uploads\/2025\/04\/BizAutom_Logo_1.webp","width":455,"height":326,"caption":"BizAutom"},"image":{"@id":"https:\/\/bizautom.com\/#\/schema\/logo\/image\/"},"sameAs":["https:\/\/www.facebook.com\/people\/TINGCHEN-BizAutom\/61565746662873\/"]}]}},"jetpack-related-posts":[{"id":2840,"url":"https:\/\/bizautom.com\/fr\/produit\/fulinks-smart-ear-tag-fl-tag-m\/","url_meta":{"origin":2846,"position":0},"title":"\u00c9TIQUETTE D'OREILLE INTELLIGENTE (FL-TAG-M)","author":"Hitesh Sonwane","date":"mars 26, 2025","format":false,"excerpt":"Estrus, rumination, alimentation, repos et surveillance de l'activit\u00e9.","rel":"","context":"Article similaire","block_context":{"text":"Article similaire","link":""},"img":{"alt_text":"","src":"https:\/\/i0.wp.com\/bizautom.com\/wp-content\/uploads\/2025\/03\/SMART-EAR-TAG-FL-TAG-M.jpeg?resize=350%2C200&ssl=1","width":350,"height":200},"classes":[]},{"id":2829,"url":"https:\/\/bizautom.com\/fr\/produit\/fulinks-super-sensor-fl-tag-tm\/","url_meta":{"origin":2846,"position":1},"title":"SUPER CAPTEUR (FL-TAG-TM)","author":"Hitesh Sonwane","date":"mars 26, 2025","format":false,"excerpt":"Temp\u00e9rature corporelle centrale, \u0153strus, rumination, alimentation, repos et surveillance de l'activit\u00e9.","rel":"","context":"Article similaire","block_context":{"text":"Article similaire","link":""},"img":{"alt_text":"","src":"https:\/\/i0.wp.com\/bizautom.com\/wp-content\/uploads\/2025\/03\/SUPER-SENSOR-FL-TAG-TM.jpeg?resize=350%2C200&ssl=1","width":350,"height":200},"classes":[]},{"id":1488,"url":"https:\/\/bizautom.com\/fr\/produit\/bizautom-livestox-caged-cattle-scale-with-bio-microchip-thermometer-and-scada-system\/","url_meta":{"origin":2846,"position":2},"title":"BizAutom LivestoX, p\u00e8se-b\u00e9tail en cage avec thermom\u00e8tre \u00e0 micropuce et syst\u00e8me SCADA","author":"admin","date":"ao\u00fbt 14, 2024","format":false,"excerpt":"Le p\u00e8se-b\u00e9tail en cage BizAutom LivestoX avec thermom\u00e8tre \u00e0 biopuce et syst\u00e8me SCADA est un investissement essentiel pour les agriculteurs qui souhaitent am\u00e9liorer leurs pratiques de gestion du b\u00e9tail gr\u00e2ce \u00e0 une technologie de pointe.","rel":"","context":"Article similaire","block_context":{"text":"Article similaire","link":""},"img":{"alt_text":"","src":"https:\/\/i0.wp.com\/bizautom.com\/wp-content\/uploads\/2024\/08\/LiveStoX-scaled.jpg?resize=350%2C200&ssl=1","width":350,"height":200,"srcset":"https:\/\/i0.wp.com\/bizautom.com\/wp-content\/uploads\/2024\/08\/LiveStoX-scaled.jpg?resize=350%2C200&ssl=1 1x, https:\/\/i0.wp.com\/bizautom.com\/wp-content\/uploads\/2024\/08\/LiveStoX-scaled.jpg?resize=525%2C300&ssl=1 1.5x, https:\/\/i0.wp.com\/bizautom.com\/wp-content\/uploads\/2024\/08\/LiveStoX-scaled.jpg?resize=700%2C400&ssl=1 2x, https:\/\/i0.wp.com\/bizautom.com\/wp-content\/uploads\/2024\/08\/LiveStoX-scaled.jpg?resize=1050%2C600&ssl=1 3x, https:\/\/i0.wp.com\/bizautom.com\/wp-content\/uploads\/2024\/08\/LiveStoX-scaled.jpg?resize=1400%2C800&ssl=1 4x"},"classes":[]},{"id":1596,"url":"https:\/\/bizautom.com\/fr\/produit\/bizautom-livestox-caged-cattle-scale\/","url_meta":{"origin":2846,"position":3},"title":"BizAutom LivestoX P\u00e8se-b\u00e9tail en cage avec indicateur haut de gamme","author":"admin","date":"octobre 20, 2024","format":false,"excerpt":"Le p\u00e8se-b\u00e9tail en cage BizAutom LivestoX est un investissement essentiel pour les agriculteurs qui souhaitent am\u00e9liorer leurs pratiques de gestion du b\u00e9tail gr\u00e2ce \u00e0 une technologie de pointe.","rel":"","context":"Article similaire","block_context":{"text":"Article similaire","link":""},"img":{"alt_text":"","src":"https:\/\/i0.wp.com\/bizautom.com\/wp-content\/uploads\/2024\/10\/LiveStoX202-scaled.jpg?resize=350%2C200&ssl=1","width":350,"height":200,"srcset":"https:\/\/i0.wp.com\/bizautom.com\/wp-content\/uploads\/2024\/10\/LiveStoX202-scaled.jpg?resize=350%2C200&ssl=1 1x, https:\/\/i0.wp.com\/bizautom.com\/wp-content\/uploads\/2024\/10\/LiveStoX202-scaled.jpg?resize=525%2C300&ssl=1 1.5x, https:\/\/i0.wp.com\/bizautom.com\/wp-content\/uploads\/2024\/10\/LiveStoX202-scaled.jpg?resize=700%2C400&ssl=1 2x, https:\/\/i0.wp.com\/bizautom.com\/wp-content\/uploads\/2024\/10\/LiveStoX202-scaled.jpg?resize=1050%2C600&ssl=1 3x, https:\/\/i0.wp.com\/bizautom.com\/wp-content\/uploads\/2024\/10\/LiveStoX202-scaled.jpg?resize=1400%2C800&ssl=1 4x"},"classes":[]},{"id":1635,"url":"https:\/\/bizautom.com\/fr\/produit\/bizautom-nine-scale-software-comprehensive-real-time-scale-monitoring-solution\/","url_meta":{"origin":2846,"position":4},"title":"Logiciel BizAutom Nine-Scale : Solution compl\u00e8te de surveillance de l'\u00e9chelle en temps r\u00e9el","author":"admin","date":"octobre 26, 2024","format":false,"excerpt":"With its user-friendly interface, reliable connectivity options, and highly customizable scale configurations, the BizAutom Nine-Scale Software is a smart investment for businesses looking to enhance operational oversight and control. Ideal for industries where weight tracking and inventory control are critical, this software simplifies complex multi-scale monitoring, allowing you to focus\u2026","rel":"","context":"Article similaire","block_context":{"text":"Article similaire","link":""},"img":{"alt_text":"","src":"https:\/\/i0.wp.com\/bizautom.com\/wp-content\/uploads\/2024\/10\/ScreenShot-scaled.jpg?resize=350%2C200&ssl=1","width":350,"height":200,"srcset":"https:\/\/i0.wp.com\/bizautom.com\/wp-content\/uploads\/2024\/10\/ScreenShot-scaled.jpg?resize=350%2C200&ssl=1 1x, https:\/\/i0.wp.com\/bizautom.com\/wp-content\/uploads\/2024\/10\/ScreenShot-scaled.jpg?resize=525%2C300&ssl=1 1.5x, https:\/\/i0.wp.com\/bizautom.com\/wp-content\/uploads\/2024\/10\/ScreenShot-scaled.jpg?resize=700%2C400&ssl=1 2x, https:\/\/i0.wp.com\/bizautom.com\/wp-content\/uploads\/2024\/10\/ScreenShot-scaled.jpg?resize=1050%2C600&ssl=1 3x, https:\/\/i0.wp.com\/bizautom.com\/wp-content\/uploads\/2024\/10\/ScreenShot-scaled.jpg?resize=1400%2C800&ssl=1 4x"},"classes":[]},{"id":1472,"url":"https:\/\/bizautom.com\/fr\/produit\/bizautom-pc-1-pc-based-controller-weight-indicator-combo\/","url_meta":{"origin":2846,"position":5},"title":"BizAutom PC-1 Combin\u00e9 contr\u00f4leur\/indicateur de poids sur PC","author":"admin","date":"juillet 14, 2024","format":false,"excerpt":"Voici le contr\u00f4leur BizAutom Mainstream, con\u00e7u pour r\u00e9pondre aux besoins d'un large \u00e9ventail de projets gr\u00e2ce \u00e0 ses fonctionnalit\u00e9s robustes et \u00e0 sa polyvalence.","rel":"","context":"Article similaire","block_context":{"text":"Article similaire","link":""},"img":{"alt_text":"","src":"https:\/\/i0.wp.com\/bizautom.com\/wp-content\/uploads\/2024\/07\/PC-1-scaled.jpg?resize=350%2C200&ssl=1","width":350,"height":200,"srcset":"https:\/\/i0.wp.com\/bizautom.com\/wp-content\/uploads\/2024\/07\/PC-1-scaled.jpg?resize=350%2C200&ssl=1 1x, https:\/\/i0.wp.com\/bizautom.com\/wp-content\/uploads\/2024\/07\/PC-1-scaled.jpg?resize=525%2C300&ssl=1 1.5x, https:\/\/i0.wp.com\/bizautom.com\/wp-content\/uploads\/2024\/07\/PC-1-scaled.jpg?resize=700%2C400&ssl=1 2x, https:\/\/i0.wp.com\/bizautom.com\/wp-content\/uploads\/2024\/07\/PC-1-scaled.jpg?resize=1050%2C600&ssl=1 3x, https:\/\/i0.wp.com\/bizautom.com\/wp-content\/uploads\/2024\/07\/PC-1-scaled.jpg?resize=1400%2C800&ssl=1 4x"},"classes":[]}],"jetpack_sharing_enabled":true,"_links":{"self":[{"href":"https:\/\/bizautom.com\/fr\/wp-json\/wp\/v2\/product\/2846","targetHints":{"allow":["GET"]}}],"collection":[{"href":"https:\/\/bizautom.com\/fr\/wp-json\/wp\/v2\/product"}],"about":[{"href":"https:\/\/bizautom.com\/fr\/wp-json\/wp\/v2\/types\/product"}],"replies":[{"embeddable":true,"href":"https:\/\/bizautom.com\/fr\/wp-json\/wp\/v2\/comments?post=2846"}],"version-history":[{"count":4,"href":"https:\/\/bizautom.com\/fr\/wp-json\/wp\/v2\/product\/2846\/revisions"}],"predecessor-version":[{"id":2921,"href":"https:\/\/bizautom.com\/fr\/wp-json\/wp\/v2\/product\/2846\/revisions\/2921"}],"wp:featuredmedia":[{"embeddable":true,"href":"https:\/\/bizautom.com\/fr\/wp-json\/wp\/v2\/media\/2830"}],"wp:attachment":[{"href":"https:\/\/bizautom.com\/fr\/wp-json\/wp\/v2\/media?parent=2846"}],"wp:term":[{"taxonomy":"product_brand","embeddable":true,"href":"https:\/\/bizautom.com\/fr\/wp-json\/wp\/v2\/product_brand?post=2846"},{"taxonomy":"product_cat","embeddable":true,"href":"https:\/\/bizautom.com\/fr\/wp-json\/wp\/v2\/product_cat?post=2846"},{"taxonomy":"product_tag","embeddable":true,"href":"https:\/\/bizautom.com\/fr\/wp-json\/wp\/v2\/product_tag?post=2846"}],"curies":[{"name":"wp","href":"https:\/\/api.w.org\/{rel}","templated":true}]}}