{"id":2892,"date":"2025-03-26T08:25:36","date_gmt":"2025-03-26T12:25:36","guid":{"rendered":"https:\/\/bizautom.com\/?post_type=product&#038;p=2892"},"modified":"2025-03-27T18:40:23","modified_gmt":"2025-03-27T22:40:23","slug":"fulinks-collector-flcc-100","status":"publish","type":"product","link":"https:\/\/bizautom.com\/fr\/produit\/fulinks-collector-flcc-100\/","title":{"rendered":"COLLECTEUR (FLCC-100)"},"content":{"rendered":"<p><strong> SPECIFICATION :<\/strong><\/p>\n<p>Dimensions : 8.27\u2033 x 5.12\u2033 x 2.36\u2033<br \/>\nPoids : 1100g<br \/>\nAlimentation \u00e9lectrique : DC 5V\/1A<br \/>\nCourant de veille : &lt; 60 mA<br \/>\nTemp\u00e9rature de fonctionnement : -30~55\u2103<br \/>\nIndice de protection : IP65<br \/>\nDistance de communication : 5KM<\/p>\n<p>&nbsp;<\/p>\n<p><strong>ARTICLE :<\/strong><\/p>\n<div class=\"preview-item\">\n<ul>\n<li>Collecteur de donn\u00e9es sur les marques auriculaires<\/li>\n<li>Traitement des donn\u00e9es<\/li>\n<li>Cache hors ligne pendant 24 heures<\/li>\n<li>R\u00e9seau auto-organis\u00e9<\/li>\n<\/ul>\n<\/div>","protected":false},"excerpt":{"rendered":"<p>Utilis\u00e9 pour collecter les signaux de donn\u00e9es des capteurs et les t\u00e9l\u00e9charger.<\/p>","protected":false},"featured_media":2900,"comment_status":"open","ping_status":"closed","template":"","meta":[],"product_brand":[],"product_cat":[151,153,31,32],"product_tag":[],"class_list":{"0":"post-2892","1":"product","2":"type-product","3":"status-publish","4":"has-post-thumbnail","6":"product_cat-bovivitals-cattle-management-system","7":"product_cat-data-gateway","8":"product_cat-farm-equipment","9":"product_cat-instruments-parts","11":"first","12":"instock","13":"taxable","14":"shipping-taxable","15":"product-type-simple"},"yoast_head":"<!-- This site is optimized with the Yoast SEO plugin v27.3 - https:\/\/yoast.com\/product\/yoast-seo-wordpress\/ -->\n<title>COLLECTOR (FLCC-100) - BizAutom<\/title>\n<meta name=\"robots\" content=\"index, follow, max-snippet:-1, max-image-preview:large, max-video-preview:-1\" \/>\n<link rel=\"canonical\" href=\"https:\/\/bizautom.com\/fr\/produit\/fulinks-collector-flcc-100\/\" \/>\n<meta property=\"og:locale\" content=\"fr_FR\" \/>\n<meta property=\"og:type\" content=\"article\" \/>\n<meta property=\"og:title\" content=\"COLLECTOR (FLCC-100) - BizAutom\" \/>\n<meta property=\"og:description\" content=\"Used to Collect Sensor Data Signals and upload them.\" \/>\n<meta property=\"og:url\" content=\"https:\/\/bizautom.com\/fr\/produit\/fulinks-collector-flcc-100\/\" \/>\n<meta property=\"og:site_name\" content=\"BizAutom\" \/>\n<meta property=\"article:publisher\" content=\"https:\/\/www.facebook.com\/people\/TINGCHEN-BizAutom\/61565746662873\/\" \/>\n<meta property=\"article:modified_time\" content=\"2025-03-27T22:40:23+00:00\" \/>\n<meta property=\"og:image\" content=\"https:\/\/bizautom.com\/wp-content\/uploads\/2025\/03\/cc.png\" \/>\n\t<meta property=\"og:image:width\" content=\"300\" \/>\n\t<meta property=\"og:image:height\" content=\"225\" \/>\n\t<meta property=\"og:image:type\" content=\"image\/png\" \/>\n<meta name=\"twitter:card\" content=\"summary_large_image\" \/>\n<meta name=\"twitter:label1\" content=\"Dur\u00e9e de lecture estim\u00e9e\" \/>\n\t<meta name=\"twitter:data1\" content=\"1 minute\" \/>\n<!-- \/ Yoast SEO plugin. -->","yoast_head_json":{"title":"COLLECTOR (FLCC-100) - BizAutom","robots":{"index":"index","follow":"follow","max-snippet":"max-snippet:-1","max-image-preview":"max-image-preview:large","max-video-preview":"max-video-preview:-1"},"canonical":"https:\/\/bizautom.com\/fr\/produit\/fulinks-collector-flcc-100\/","og_locale":"fr_FR","og_type":"article","og_title":"COLLECTOR (FLCC-100) - BizAutom","og_description":"Used to Collect Sensor Data Signals and upload them.","og_url":"https:\/\/bizautom.com\/fr\/produit\/fulinks-collector-flcc-100\/","og_site_name":"BizAutom","article_publisher":"https:\/\/www.facebook.com\/people\/TINGCHEN-BizAutom\/61565746662873\/","article_modified_time":"2025-03-27T22:40:23+00:00","og_image":[{"width":300,"height":225,"url":"https:\/\/bizautom.com\/wp-content\/uploads\/2025\/03\/cc.png","type":"image\/png"}],"twitter_card":"summary_large_image","twitter_misc":{"Dur\u00e9e de lecture estim\u00e9e":"1 minute"},"schema":{"@context":"https:\/\/schema.org","@graph":[{"@type":"WebPage","@id":"https:\/\/bizautom.com\/product\/fulinks-collector-flcc-100\/","url":"https:\/\/bizautom.com\/product\/fulinks-collector-flcc-100\/","name":"COLLECTOR (FLCC-100) - BizAutom","isPartOf":{"@id":"https:\/\/bizautom.com\/#website"},"primaryImageOfPage":{"@id":"https:\/\/bizautom.com\/product\/fulinks-collector-flcc-100\/#primaryimage"},"image":{"@id":"https:\/\/bizautom.com\/product\/fulinks-collector-flcc-100\/#primaryimage"},"thumbnailUrl":"https:\/\/bizautom.com\/wp-content\/uploads\/2025\/03\/cc.png","datePublished":"2025-03-26T12:25:36+00:00","dateModified":"2025-03-27T22:40:23+00:00","breadcrumb":{"@id":"https:\/\/bizautom.com\/product\/fulinks-collector-flcc-100\/#breadcrumb"},"inLanguage":"fr-FR","potentialAction":[{"@type":"ReadAction","target":["https:\/\/bizautom.com\/product\/fulinks-collector-flcc-100\/"]}]},{"@type":"ImageObject","inLanguage":"fr-FR","@id":"https:\/\/bizautom.com\/product\/fulinks-collector-flcc-100\/#primaryimage","url":"https:\/\/bizautom.com\/wp-content\/uploads\/2025\/03\/cc.png","contentUrl":"https:\/\/bizautom.com\/wp-content\/uploads\/2025\/03\/cc.png","width":300,"height":225},{"@type":"BreadcrumbList","@id":"https:\/\/bizautom.com\/product\/fulinks-collector-flcc-100\/#breadcrumb","itemListElement":[{"@type":"ListItem","position":1,"name":"Home","item":"https:\/\/bizautom.com\/"},{"@type":"ListItem","position":2,"name":"Shop","item":"https:\/\/bizautom.com\/shop-2\/"},{"@type":"ListItem","position":3,"name":"COLLECTOR (FLCC-100)"}]},{"@type":"WebSite","@id":"https:\/\/bizautom.com\/#website","url":"https:\/\/bizautom.com\/","name":"BizAutom","description":"Rapide. Pr\u00e9cis. Intelligent.","publisher":{"@id":"https:\/\/bizautom.com\/#organization"},"potentialAction":[{"@type":"SearchAction","target":{"@type":"EntryPoint","urlTemplate":"https:\/\/bizautom.com\/?s={search_term_string}"},"query-input":{"@type":"PropertyValueSpecification","valueRequired":true,"valueName":"search_term_string"}}],"inLanguage":"fr-FR"},{"@type":"Organization","@id":"https:\/\/bizautom.com\/#organization","name":"BizAutom","url":"https:\/\/bizautom.com\/","logo":{"@type":"ImageObject","inLanguage":"fr-FR","@id":"https:\/\/bizautom.com\/#\/schema\/logo\/image\/","url":"https:\/\/bizautom.com\/wp-content\/uploads\/2025\/04\/BizAutom_Logo_1.webp","contentUrl":"https:\/\/bizautom.com\/wp-content\/uploads\/2025\/04\/BizAutom_Logo_1.webp","width":455,"height":326,"caption":"BizAutom"},"image":{"@id":"https:\/\/bizautom.com\/#\/schema\/logo\/image\/"},"sameAs":["https:\/\/www.facebook.com\/people\/TINGCHEN-BizAutom\/61565746662873\/"]}]}},"jetpack-related-posts":[{"id":2894,"url":"https:\/\/bizautom.com\/fr\/produit\/fulinks-data-gateway-flxc-100\/","url_meta":{"origin":2892,"position":0},"title":"PASSERELLE DE DONN\u00c9ES (FLXC-100)","author":"Hitesh Sonwane","date":"mars 26, 2025","format":false,"excerpt":"Responsable de l'acc\u00e8s \u00e0 la plate-forme Internet en nuage.","rel":"","context":"Article similaire","block_context":{"text":"Article similaire","link":""},"img":{"alt_text":"","src":"https:\/\/i0.wp.com\/bizautom.com\/wp-content\/uploads\/2025\/03\/gtw.png?resize=350%2C200&ssl=1","width":350,"height":200},"classes":[]},{"id":1488,"url":"https:\/\/bizautom.com\/fr\/produit\/bizautom-livestox-caged-cattle-scale-with-bio-microchip-thermometer-and-scada-system\/","url_meta":{"origin":2892,"position":1},"title":"BizAutom LivestoX, p\u00e8se-b\u00e9tail en cage avec thermom\u00e8tre \u00e0 micropuce et syst\u00e8me SCADA","author":"admin","date":"ao\u00fbt 14, 2024","format":false,"excerpt":"Le p\u00e8se-b\u00e9tail en cage BizAutom LivestoX avec thermom\u00e8tre \u00e0 biopuce et syst\u00e8me SCADA est un investissement essentiel pour les agriculteurs qui souhaitent am\u00e9liorer leurs pratiques de gestion du b\u00e9tail gr\u00e2ce \u00e0 une technologie de pointe.","rel":"","context":"Article similaire","block_context":{"text":"Article similaire","link":""},"img":{"alt_text":"","src":"https:\/\/i0.wp.com\/bizautom.com\/wp-content\/uploads\/2024\/08\/LiveStoX-scaled.jpg?resize=350%2C200&ssl=1","width":350,"height":200,"srcset":"https:\/\/i0.wp.com\/bizautom.com\/wp-content\/uploads\/2024\/08\/LiveStoX-scaled.jpg?resize=350%2C200&ssl=1 1x, https:\/\/i0.wp.com\/bizautom.com\/wp-content\/uploads\/2024\/08\/LiveStoX-scaled.jpg?resize=525%2C300&ssl=1 1.5x, https:\/\/i0.wp.com\/bizautom.com\/wp-content\/uploads\/2024\/08\/LiveStoX-scaled.jpg?resize=700%2C400&ssl=1 2x, https:\/\/i0.wp.com\/bizautom.com\/wp-content\/uploads\/2024\/08\/LiveStoX-scaled.jpg?resize=1050%2C600&ssl=1 3x, https:\/\/i0.wp.com\/bizautom.com\/wp-content\/uploads\/2024\/08\/LiveStoX-scaled.jpg?resize=1400%2C800&ssl=1 4x"},"classes":[]},{"id":1596,"url":"https:\/\/bizautom.com\/fr\/produit\/bizautom-livestox-caged-cattle-scale\/","url_meta":{"origin":2892,"position":2},"title":"BizAutom LivestoX P\u00e8se-b\u00e9tail en cage avec indicateur haut de gamme","author":"admin","date":"octobre 20, 2024","format":false,"excerpt":"Le p\u00e8se-b\u00e9tail en cage BizAutom LivestoX est un investissement essentiel pour les agriculteurs qui souhaitent am\u00e9liorer leurs pratiques de gestion du b\u00e9tail gr\u00e2ce \u00e0 une technologie de pointe.","rel":"","context":"Article similaire","block_context":{"text":"Article similaire","link":""},"img":{"alt_text":"","src":"https:\/\/i0.wp.com\/bizautom.com\/wp-content\/uploads\/2024\/10\/LiveStoX202-scaled.jpg?resize=350%2C200&ssl=1","width":350,"height":200,"srcset":"https:\/\/i0.wp.com\/bizautom.com\/wp-content\/uploads\/2024\/10\/LiveStoX202-scaled.jpg?resize=350%2C200&ssl=1 1x, https:\/\/i0.wp.com\/bizautom.com\/wp-content\/uploads\/2024\/10\/LiveStoX202-scaled.jpg?resize=525%2C300&ssl=1 1.5x, https:\/\/i0.wp.com\/bizautom.com\/wp-content\/uploads\/2024\/10\/LiveStoX202-scaled.jpg?resize=700%2C400&ssl=1 2x, https:\/\/i0.wp.com\/bizautom.com\/wp-content\/uploads\/2024\/10\/LiveStoX202-scaled.jpg?resize=1050%2C600&ssl=1 3x, https:\/\/i0.wp.com\/bizautom.com\/wp-content\/uploads\/2024\/10\/LiveStoX202-scaled.jpg?resize=1400%2C800&ssl=1 4x"},"classes":[]},{"id":2829,"url":"https:\/\/bizautom.com\/fr\/produit\/fulinks-super-sensor-fl-tag-tm\/","url_meta":{"origin":2892,"position":3},"title":"SUPER CAPTEUR (FL-TAG-TM)","author":"Hitesh Sonwane","date":"mars 26, 2025","format":false,"excerpt":"Temp\u00e9rature corporelle centrale, \u0153strus, rumination, alimentation, repos et surveillance de l'activit\u00e9.","rel":"","context":"Article similaire","block_context":{"text":"Article similaire","link":""},"img":{"alt_text":"","src":"https:\/\/i0.wp.com\/bizautom.com\/wp-content\/uploads\/2025\/03\/SUPER-SENSOR-FL-TAG-TM.jpeg?resize=350%2C200&ssl=1","width":350,"height":200},"classes":[]},{"id":2840,"url":"https:\/\/bizautom.com\/fr\/produit\/fulinks-smart-ear-tag-fl-tag-m\/","url_meta":{"origin":2892,"position":4},"title":"\u00c9TIQUETTE D'OREILLE INTELLIGENTE (FL-TAG-M)","author":"Hitesh Sonwane","date":"mars 26, 2025","format":false,"excerpt":"Estrus, rumination, alimentation, repos et surveillance de l'activit\u00e9.","rel":"","context":"Article similaire","block_context":{"text":"Article similaire","link":""},"img":{"alt_text":"","src":"https:\/\/i0.wp.com\/bizautom.com\/wp-content\/uploads\/2025\/03\/SMART-EAR-TAG-FL-TAG-M.jpeg?resize=350%2C200&ssl=1","width":350,"height":200},"classes":[]},{"id":2190,"url":"https:\/\/bizautom.com\/fr\/produit\/prime-scales-ps-10kf-pf-mobile-industrial-floor-scale-with-frame-lift-channels-and-indicator-pole\/","url_meta":{"origin":2892,"position":5},"title":"Prime Scales PS-10KF-PF Balance de sol industrielle mobile avec cadre, canaux de levage et m\u00e2t indicateur","author":"admin","date":"mars 11, 2025","format":false,"excerpt":"Upgrade your weighing process with the PS-10KF-PF Mobile Industrial Floor Scale\u2014built for reliability, precision, and ease of use in any industrial setting.","rel":"","context":"Article similaire","block_context":{"text":"Article similaire","link":""},"img":{"alt_text":"","src":"https:\/\/i0.wp.com\/bizautom.com\/wp-content\/uploads\/2025\/03\/PS-10KF-PF.jpg?resize=350%2C200&ssl=1","width":350,"height":200,"srcset":"https:\/\/i0.wp.com\/bizautom.com\/wp-content\/uploads\/2025\/03\/PS-10KF-PF.jpg?resize=350%2C200&ssl=1 1x, https:\/\/i0.wp.com\/bizautom.com\/wp-content\/uploads\/2025\/03\/PS-10KF-PF.jpg?resize=525%2C300&ssl=1 1.5x, https:\/\/i0.wp.com\/bizautom.com\/wp-content\/uploads\/2025\/03\/PS-10KF-PF.jpg?resize=700%2C400&ssl=1 2x, https:\/\/i0.wp.com\/bizautom.com\/wp-content\/uploads\/2025\/03\/PS-10KF-PF.jpg?resize=1050%2C600&ssl=1 3x"},"classes":[]}],"jetpack_sharing_enabled":true,"_links":{"self":[{"href":"https:\/\/bizautom.com\/fr\/wp-json\/wp\/v2\/product\/2892","targetHints":{"allow":["GET"]}}],"collection":[{"href":"https:\/\/bizautom.com\/fr\/wp-json\/wp\/v2\/product"}],"about":[{"href":"https:\/\/bizautom.com\/fr\/wp-json\/wp\/v2\/types\/product"}],"replies":[{"embeddable":true,"href":"https:\/\/bizautom.com\/fr\/wp-json\/wp\/v2\/comments?post=2892"}],"version-history":[{"count":6,"href":"https:\/\/bizautom.com\/fr\/wp-json\/wp\/v2\/product\/2892\/revisions"}],"predecessor-version":[{"id":2917,"href":"https:\/\/bizautom.com\/fr\/wp-json\/wp\/v2\/product\/2892\/revisions\/2917"}],"wp:featuredmedia":[{"embeddable":true,"href":"https:\/\/bizautom.com\/fr\/wp-json\/wp\/v2\/media\/2900"}],"wp:attachment":[{"href":"https:\/\/bizautom.com\/fr\/wp-json\/wp\/v2\/media?parent=2892"}],"wp:term":[{"taxonomy":"product_brand","embeddable":true,"href":"https:\/\/bizautom.com\/fr\/wp-json\/wp\/v2\/product_brand?post=2892"},{"taxonomy":"product_cat","embeddable":true,"href":"https:\/\/bizautom.com\/fr\/wp-json\/wp\/v2\/product_cat?post=2892"},{"taxonomy":"product_tag","embeddable":true,"href":"https:\/\/bizautom.com\/fr\/wp-json\/wp\/v2\/product_tag?post=2892"}],"curies":[{"name":"wp","href":"https:\/\/api.w.org\/{rel}","templated":true}]}}