{"id":2894,"date":"2025-03-26T08:27:14","date_gmt":"2025-03-26T12:27:14","guid":{"rendered":"https:\/\/bizautom.com\/?post_type=product&#038;p=2894"},"modified":"2026-05-04T14:14:50","modified_gmt":"2026-05-04T18:14:50","slug":"fulinks-data-gateway-flxc-100","status":"publish","type":"product","link":"https:\/\/bizautom.com\/fr\/produit\/fulinks-data-gateway-flxc-100\/","title":{"rendered":"PASSERELLE DE DONN\u00c9ES (FLXC-100)"},"content":{"rendered":"<p><strong>SPECIFICATION :<\/strong><\/p>\n<p>Dimensions : 5.91\u2033 x 5.45\u2033 x 1.26\u2033<br \/>\nPoids : 550g<br \/>\nAlimentation \u00e9lectrique : DC 5V\/1A<br \/>\nCourant de veille : &lt; 500 mA<br \/>\nTemp\u00e9rature de fonctionnement : 0~55\u2103<\/p>\n<p>&nbsp;<\/p>\n<p><strong>ARTICLE :<\/strong><\/p>\n<div class=\"preview-item\">\n<ul>\n<li>Collecter les donn\u00e9es des CC<\/li>\n<li>Analyse du traitement des donn\u00e9es<\/li>\n<li>Cache hors ligne pendant 7 jours<\/li>\n<li>Construire un r\u00e9seau local<\/li>\n<\/ul>\n<\/div>","protected":false},"excerpt":{"rendered":"<p>Responsable de l'acc\u00e8s \u00e0 la plate-forme Internet en nuage.<\/p>","protected":false},"featured_media":2899,"comment_status":"open","ping_status":"closed","template":"","meta":[],"product_brand":[],"product_cat":[151,153,31,32],"product_tag":[],"class_list":{"0":"post-2894","1":"product","2":"type-product","3":"status-publish","4":"has-post-thumbnail","6":"product_cat-bovivitals-cattle-management-system","7":"product_cat-data-gateway","8":"product_cat-farm-equipment","9":"product_cat-instruments-parts","11":"first","12":"instock","13":"taxable","14":"shipping-taxable","15":"product-type-simple"},"yoast_head":"<!-- This site is optimized with the Yoast SEO plugin v27.5 - https:\/\/yoast.com\/product\/yoast-seo-wordpress\/ -->\n<title>DATA GATEWAY (FLXC-100) - BizAutom<\/title>\n<meta name=\"robots\" content=\"index, follow, max-snippet:-1, max-image-preview:large, max-video-preview:-1\" \/>\n<link rel=\"canonical\" href=\"https:\/\/bizautom.com\/fr\/produit\/fulinks-data-gateway-flxc-100\/\" \/>\n<meta property=\"og:locale\" content=\"fr_FR\" \/>\n<meta property=\"og:type\" content=\"article\" \/>\n<meta property=\"og:title\" content=\"DATA GATEWAY (FLXC-100) - BizAutom\" \/>\n<meta property=\"og:description\" content=\"Responsible for accessing the internet cloud platform.\" \/>\n<meta property=\"og:url\" content=\"https:\/\/bizautom.com\/fr\/produit\/fulinks-data-gateway-flxc-100\/\" \/>\n<meta property=\"og:site_name\" content=\"BizAutom\" \/>\n<meta property=\"article:publisher\" content=\"https:\/\/www.facebook.com\/people\/TINGCHEN-BizAutom\/61565746662873\/\" \/>\n<meta property=\"article:modified_time\" content=\"2026-05-04T18:14:50+00:00\" \/>\n<meta property=\"og:image\" content=\"https:\/\/bizautom.com\/wp-content\/uploads\/2025\/03\/gtw.png\" \/>\n\t<meta property=\"og:image:width\" content=\"300\" \/>\n\t<meta property=\"og:image:height\" content=\"218\" \/>\n\t<meta property=\"og:image:type\" content=\"image\/png\" \/>\n<meta name=\"twitter:card\" content=\"summary_large_image\" \/>\n<meta name=\"twitter:label1\" content=\"Dur\u00e9e de lecture estim\u00e9e\" \/>\n\t<meta name=\"twitter:data1\" content=\"1 minute\" \/>\n<!-- \/ Yoast SEO plugin. -->","yoast_head_json":{"title":"DATA GATEWAY (FLXC-100) - BizAutom","robots":{"index":"index","follow":"follow","max-snippet":"max-snippet:-1","max-image-preview":"max-image-preview:large","max-video-preview":"max-video-preview:-1"},"canonical":"https:\/\/bizautom.com\/fr\/produit\/fulinks-data-gateway-flxc-100\/","og_locale":"fr_FR","og_type":"article","og_title":"DATA GATEWAY (FLXC-100) - BizAutom","og_description":"Responsible for accessing the internet cloud platform.","og_url":"https:\/\/bizautom.com\/fr\/produit\/fulinks-data-gateway-flxc-100\/","og_site_name":"BizAutom","article_publisher":"https:\/\/www.facebook.com\/people\/TINGCHEN-BizAutom\/61565746662873\/","article_modified_time":"2026-05-04T18:14:50+00:00","og_image":[{"width":300,"height":218,"url":"https:\/\/bizautom.com\/wp-content\/uploads\/2025\/03\/gtw.png","type":"image\/png"}],"twitter_card":"summary_large_image","twitter_misc":{"Dur\u00e9e de lecture estim\u00e9e":"1 minute"},"schema":{"@context":"https:\/\/schema.org","@graph":[{"@type":"WebPage","@id":"https:\/\/bizautom.com\/product\/fulinks-data-gateway-flxc-100\/","url":"https:\/\/bizautom.com\/product\/fulinks-data-gateway-flxc-100\/","name":"DATA GATEWAY (FLXC-100) - BizAutom","isPartOf":{"@id":"https:\/\/bizautom.com\/#website"},"primaryImageOfPage":{"@id":"https:\/\/bizautom.com\/product\/fulinks-data-gateway-flxc-100\/#primaryimage"},"image":{"@id":"https:\/\/bizautom.com\/product\/fulinks-data-gateway-flxc-100\/#primaryimage"},"thumbnailUrl":"https:\/\/bizautom.com\/wp-content\/uploads\/2025\/03\/gtw.png","datePublished":"2025-03-26T12:27:14+00:00","dateModified":"2026-05-04T18:14:50+00:00","breadcrumb":{"@id":"https:\/\/bizautom.com\/product\/fulinks-data-gateway-flxc-100\/#breadcrumb"},"inLanguage":"fr-FR","potentialAction":[{"@type":"ReadAction","target":["https:\/\/bizautom.com\/product\/fulinks-data-gateway-flxc-100\/"]}]},{"@type":"ImageObject","inLanguage":"fr-FR","@id":"https:\/\/bizautom.com\/product\/fulinks-data-gateway-flxc-100\/#primaryimage","url":"https:\/\/bizautom.com\/wp-content\/uploads\/2025\/03\/gtw.png","contentUrl":"https:\/\/bizautom.com\/wp-content\/uploads\/2025\/03\/gtw.png","width":300,"height":218},{"@type":"BreadcrumbList","@id":"https:\/\/bizautom.com\/product\/fulinks-data-gateway-flxc-100\/#breadcrumb","itemListElement":[{"@type":"ListItem","position":1,"name":"Home","item":"https:\/\/bizautom.com\/"},{"@type":"ListItem","position":2,"name":"Shop","item":"https:\/\/bizautom.com\/shop-2\/"},{"@type":"ListItem","position":3,"name":"DATA GATEWAY (FLXC-100)"}]},{"@type":"WebSite","@id":"https:\/\/bizautom.com\/#website","url":"https:\/\/bizautom.com\/","name":"BizAutom","description":"Rapide. Pr\u00e9cis. Intelligent.","publisher":{"@id":"https:\/\/bizautom.com\/#organization"},"potentialAction":[{"@type":"SearchAction","target":{"@type":"EntryPoint","urlTemplate":"https:\/\/bizautom.com\/?s={search_term_string}"},"query-input":{"@type":"PropertyValueSpecification","valueRequired":true,"valueName":"search_term_string"}}],"inLanguage":"fr-FR"},{"@type":"Organization","@id":"https:\/\/bizautom.com\/#organization","name":"BizAutom","url":"https:\/\/bizautom.com\/","logo":{"@type":"ImageObject","inLanguage":"fr-FR","@id":"https:\/\/bizautom.com\/#\/schema\/logo\/image\/","url":"https:\/\/bizautom.com\/wp-content\/uploads\/2025\/04\/BizAutom_Logo_1.webp","contentUrl":"https:\/\/bizautom.com\/wp-content\/uploads\/2025\/04\/BizAutom_Logo_1.webp","width":455,"height":326,"caption":"BizAutom"},"image":{"@id":"https:\/\/bizautom.com\/#\/schema\/logo\/image\/"},"sameAs":["https:\/\/www.facebook.com\/people\/TINGCHEN-BizAutom\/61565746662873\/"]}]}},"jetpack-related-posts":[{"id":2892,"url":"https:\/\/bizautom.com\/fr\/produit\/fulinks-collector-flcc-100\/","url_meta":{"origin":2894,"position":0},"title":"COLLECTEUR (FLCC-100)","author":"Hitesh Sonwane","date":"mars 26, 2025","format":false,"excerpt":"Utilis\u00e9 pour collecter les signaux de donn\u00e9es des capteurs et les t\u00e9l\u00e9charger.","rel":"","context":"Article similaire","block_context":{"text":"Article similaire","link":""},"img":{"alt_text":"","src":"https:\/\/i0.wp.com\/bizautom.com\/wp-content\/uploads\/2025\/03\/cc.png?resize=350%2C200&ssl=1","width":350,"height":200},"classes":[]},{"id":1488,"url":"https:\/\/bizautom.com\/fr\/produit\/bizautom-livestox-caged-cattle-scale-with-bio-microchip-thermometer-and-scada-system\/","url_meta":{"origin":2894,"position":1},"title":"BizAutom LivestoX, p\u00e8se-b\u00e9tail en cage avec thermom\u00e8tre \u00e0 micropuce et syst\u00e8me SCADA","author":"admin","date":"ao\u00fbt 14, 2024","format":false,"excerpt":"Le p\u00e8se-b\u00e9tail en cage BizAutom LivestoX avec thermom\u00e8tre \u00e0 biopuce et syst\u00e8me SCADA est un investissement essentiel pour les agriculteurs qui souhaitent am\u00e9liorer leurs pratiques de gestion du b\u00e9tail gr\u00e2ce \u00e0 une technologie de pointe.","rel":"","context":"Article similaire","block_context":{"text":"Article similaire","link":""},"img":{"alt_text":"","src":"https:\/\/i0.wp.com\/bizautom.com\/wp-content\/uploads\/2024\/08\/LiveStoX-scaled.jpg?resize=350%2C200&ssl=1","width":350,"height":200,"srcset":"https:\/\/i0.wp.com\/bizautom.com\/wp-content\/uploads\/2024\/08\/LiveStoX-scaled.jpg?resize=350%2C200&ssl=1 1x, https:\/\/i0.wp.com\/bizautom.com\/wp-content\/uploads\/2024\/08\/LiveStoX-scaled.jpg?resize=525%2C300&ssl=1 1.5x, https:\/\/i0.wp.com\/bizautom.com\/wp-content\/uploads\/2024\/08\/LiveStoX-scaled.jpg?resize=700%2C400&ssl=1 2x, https:\/\/i0.wp.com\/bizautom.com\/wp-content\/uploads\/2024\/08\/LiveStoX-scaled.jpg?resize=1050%2C600&ssl=1 3x, https:\/\/i0.wp.com\/bizautom.com\/wp-content\/uploads\/2024\/08\/LiveStoX-scaled.jpg?resize=1400%2C800&ssl=1 4x"},"classes":[]},{"id":1596,"url":"https:\/\/bizautom.com\/fr\/produit\/bizautom-livestox-caged-cattle-scale\/","url_meta":{"origin":2894,"position":2},"title":"BizAutom LivestoX P\u00e8se-b\u00e9tail en cage avec indicateur haut de gamme","author":"admin","date":"octobre 20, 2024","format":false,"excerpt":"Le p\u00e8se-b\u00e9tail en cage BizAutom LivestoX est un investissement essentiel pour les agriculteurs qui souhaitent am\u00e9liorer leurs pratiques de gestion du b\u00e9tail gr\u00e2ce \u00e0 une technologie de pointe.","rel":"","context":"Article similaire","block_context":{"text":"Article similaire","link":""},"img":{"alt_text":"","src":"https:\/\/i0.wp.com\/bizautom.com\/wp-content\/uploads\/2024\/10\/LiveStoX202-scaled.jpg?resize=350%2C200&ssl=1","width":350,"height":200,"srcset":"https:\/\/i0.wp.com\/bizautom.com\/wp-content\/uploads\/2024\/10\/LiveStoX202-scaled.jpg?resize=350%2C200&ssl=1 1x, https:\/\/i0.wp.com\/bizautom.com\/wp-content\/uploads\/2024\/10\/LiveStoX202-scaled.jpg?resize=525%2C300&ssl=1 1.5x, https:\/\/i0.wp.com\/bizautom.com\/wp-content\/uploads\/2024\/10\/LiveStoX202-scaled.jpg?resize=700%2C400&ssl=1 2x, https:\/\/i0.wp.com\/bizautom.com\/wp-content\/uploads\/2024\/10\/LiveStoX202-scaled.jpg?resize=1050%2C600&ssl=1 3x, https:\/\/i0.wp.com\/bizautom.com\/wp-content\/uploads\/2024\/10\/LiveStoX202-scaled.jpg?resize=1400%2C800&ssl=1 4x"},"classes":[]},{"id":2829,"url":"https:\/\/bizautom.com\/fr\/produit\/fulinks-super-sensor-fl-tag-tm\/","url_meta":{"origin":2894,"position":3},"title":"SUPER CAPTEUR (FL-TAG-TM)","author":"Hitesh Sonwane","date":"mars 26, 2025","format":false,"excerpt":"Temp\u00e9rature corporelle centrale, \u0153strus, rumination, alimentation, repos et surveillance de l'activit\u00e9.","rel":"","context":"Article similaire","block_context":{"text":"Article similaire","link":""},"img":{"alt_text":"","src":"https:\/\/i0.wp.com\/bizautom.com\/wp-content\/uploads\/2025\/03\/SUPER-SENSOR-FL-TAG-TM.jpeg?resize=350%2C200&ssl=1","width":350,"height":200},"classes":[]},{"id":2840,"url":"https:\/\/bizautom.com\/fr\/produit\/fulinks-smart-ear-tag-fl-tag-m\/","url_meta":{"origin":2894,"position":4},"title":"\u00c9TIQUETTE D'OREILLE INTELLIGENTE (FL-TAG-M)","author":"Hitesh Sonwane","date":"mars 26, 2025","format":false,"excerpt":"Estrus, rumination, alimentation, repos et surveillance de l'activit\u00e9.","rel":"","context":"Article similaire","block_context":{"text":"Article similaire","link":""},"img":{"alt_text":"","src":"https:\/\/i0.wp.com\/bizautom.com\/wp-content\/uploads\/2025\/03\/SMART-EAR-TAG-FL-TAG-M.jpeg?resize=350%2C200&ssl=1","width":350,"height":200},"classes":[]},{"id":2190,"url":"https:\/\/bizautom.com\/fr\/produit\/prime-scales-ps-10kf-pf-mobile-industrial-floor-scale-with-frame-lift-channels-and-indicator-pole\/","url_meta":{"origin":2894,"position":5},"title":"Prime Scales PS-10KF-PF Balance de sol industrielle mobile avec cadre, canaux de levage et m\u00e2t indicateur","author":"admin","date":"mars 11, 2025","format":false,"excerpt":"Upgrade your weighing process with the PS-10KF-PF Mobile Industrial Floor Scale\u2014built for reliability, precision, and ease of use in any industrial setting.","rel":"","context":"Article similaire","block_context":{"text":"Article similaire","link":""},"img":{"alt_text":"","src":"https:\/\/i0.wp.com\/bizautom.com\/wp-content\/uploads\/2025\/03\/PS-10KF-PF.jpg?resize=350%2C200&ssl=1","width":350,"height":200,"srcset":"https:\/\/i0.wp.com\/bizautom.com\/wp-content\/uploads\/2025\/03\/PS-10KF-PF.jpg?resize=350%2C200&ssl=1 1x, https:\/\/i0.wp.com\/bizautom.com\/wp-content\/uploads\/2025\/03\/PS-10KF-PF.jpg?resize=525%2C300&ssl=1 1.5x, https:\/\/i0.wp.com\/bizautom.com\/wp-content\/uploads\/2025\/03\/PS-10KF-PF.jpg?resize=700%2C400&ssl=1 2x, https:\/\/i0.wp.com\/bizautom.com\/wp-content\/uploads\/2025\/03\/PS-10KF-PF.jpg?resize=1050%2C600&ssl=1 3x"},"classes":[]}],"jetpack_sharing_enabled":true,"_links":{"self":[{"href":"https:\/\/bizautom.com\/fr\/wp-json\/wp\/v2\/product\/2894","targetHints":{"allow":["GET"]}}],"collection":[{"href":"https:\/\/bizautom.com\/fr\/wp-json\/wp\/v2\/product"}],"about":[{"href":"https:\/\/bizautom.com\/fr\/wp-json\/wp\/v2\/types\/product"}],"replies":[{"embeddable":true,"href":"https:\/\/bizautom.com\/fr\/wp-json\/wp\/v2\/comments?post=2894"}],"version-history":[{"count":4,"href":"https:\/\/bizautom.com\/fr\/wp-json\/wp\/v2\/product\/2894\/revisions"}],"predecessor-version":[{"id":2916,"href":"https:\/\/bizautom.com\/fr\/wp-json\/wp\/v2\/product\/2894\/revisions\/2916"}],"wp:featuredmedia":[{"embeddable":true,"href":"https:\/\/bizautom.com\/fr\/wp-json\/wp\/v2\/media\/2899"}],"wp:attachment":[{"href":"https:\/\/bizautom.com\/fr\/wp-json\/wp\/v2\/media?parent=2894"}],"wp:term":[{"taxonomy":"product_brand","embeddable":true,"href":"https:\/\/bizautom.com\/fr\/wp-json\/wp\/v2\/product_brand?post=2894"},{"taxonomy":"product_cat","embeddable":true,"href":"https:\/\/bizautom.com\/fr\/wp-json\/wp\/v2\/product_cat?post=2894"},{"taxonomy":"product_tag","embeddable":true,"href":"https:\/\/bizautom.com\/fr\/wp-json\/wp\/v2\/product_tag?post=2894"}],"curies":[{"name":"wp","href":"https:\/\/api.w.org\/{rel}","templated":true}]}}