{"id":3667,"date":"2025-04-03T22:06:29","date_gmt":"2025-04-04T02:06:29","guid":{"rendered":"https:\/\/bizautom.com\/?post_type=product&#038;p=3667"},"modified":"2025-04-03T22:06:31","modified_gmt":"2025-04-04T02:06:31","slug":"prime-scales-ps-b99ss-stainless-steel-portion-scale","status":"publish","type":"product","link":"https:\/\/bizautom.com\/fr\/produit\/prime-scales-ps-b99ss-stainless-steel-portion-scale\/","title":{"rendered":"Prime Scales PS-B99SS P\u00e8se-portions en acier inoxydable"},"content":{"rendered":"<p data-pm-slice=\"1 1 []\">Le <strong>PS-B99SS P\u00e8se-portions en acier inoxydable<\/strong> est une solution de pesage de haute pr\u00e9cision, de qualit\u00e9 professionnelle, con\u00e7ue pour les applications exigeantes de la restauration, de l'industrie et du commerce. Con\u00e7ue pour la pr\u00e9cision, la durabilit\u00e9 et la facilit\u00e9 d'utilisation, cette balance est parfaite pour les entreprises qui ont besoin de <strong>contr\u00f4le pr\u00e9cis des portions, mesure des ingr\u00e9dients et capacit\u00e9s de lavage<\/strong> pour maintenir l'hygi\u00e8ne et le respect des r\u00e8gles de s\u00e9curit\u00e9 alimentaire.<\/p>\n<h4><strong>Construction en acier inoxydable de premi\u00e8re qualit\u00e9<\/strong><\/h4>\n<p>Construit avec un <strong>9\u2033 x 9\u2033 plate-forme en acier inoxydable<\/strong>, le <strong>PS-B99SS<\/strong> est con\u00e7u pour r\u00e9sister \u00e0 une utilisation quotidienne dans des environnements difficiles, notamment dans la production alimentaire, les cuisines commerciales et les applications de pesage industriel. Les <strong>Indicateur en acier inoxydable 304<\/strong> am\u00e9liore la durabilit\u00e9 de la balance et garantit sa r\u00e9sistance \u00e0 la corrosion, ce qui la rend id\u00e9ale pour les environnements humides et mouill\u00e9s o\u00f9 l'hygi\u00e8ne est cruciale.<\/p>\n<h4><strong>Conception washdown pour un nettoyage facile<\/strong><\/h4>\n<p>Le <strong>PS-B99SS<\/strong> est con\u00e7ue pour \u00eatre lav\u00e9e, ce qui permet aux utilisateurs de la nettoyer \u00e0 fond sans craindre les d\u00e9g\u00e2ts caus\u00e9s par l'eau. Cette caract\u00e9ristique est particuli\u00e8rement utile dans les installations de transformation des aliments, les boucheries et les march\u00e9s de produits de la mer, o\u00f9 des nettoyages fr\u00e9quents sont n\u00e9cessaires pour maintenir les normes d'hygi\u00e8ne. Gr\u00e2ce \u00e0 sa <strong>\u00e9lectronique scell\u00e9e et construction durable<\/strong>Gr\u00e2ce \u00e0 l'utilisation d'un syst\u00e8me d'affichage \u00e0 cristaux liquides, la balance garantit des performances \u00e0 long terme, m\u00eame dans des environnements sujets \u00e0 l'humidit\u00e9.<\/p>\n<h4><strong>Pr\u00e9cision sup\u00e9rieure et pesage multi-unit\u00e9s<\/strong><\/h4>\n<p>La pr\u00e9cision est essentielle lorsqu'il s'agit de contr\u00f4ler les portions. <strong>PS-B99SS<\/strong> livre <strong>tr\u00e8s haute pr\u00e9cision avec une capacit\u00e9 de 20 lb et une r\u00e9solution de 0,005 lb<\/strong>. Que vous pesiez des viandes, des fruits de mer, des produits, des produits de boulangerie ou des composants industriels, cette balance fournit des r\u00e9sultats fiables et coh\u00e9rents.<\/p>\n<p>En outre, le <strong>PS-B99SS<\/strong> prend en charge plusieurs unit\u00e9s de pesage, y compris<\/p>\n<ul data-spread=\"false\">\n<li><strong>Livres (lb)<\/strong><\/li>\n<li><strong>Onces (oz)<\/strong><\/li>\n<li><strong>Kilogrammes (kg)<\/strong><\/li>\n<\/ul>\n<p>Cette flexibilit\u00e9 en fait un outil polyvalent pour une vari\u00e9t\u00e9 d'applications, des cuisines commerciales aux t\u00e2ches de pesage industriel.<\/p>\n<h4><strong>Batterie rechargeable pour fonctionnement portable<\/strong><\/h4>\n<p>Con\u00e7ue pour \u00eatre pratique, la <strong>PS-B99SS<\/strong> comprend un <strong>batterie rechargeable int\u00e9gr\u00e9e<\/strong>Cette caract\u00e9ristique est particuli\u00e8rement utile dans les camions alimentaires, les march\u00e9s en plein air et les environnements de transformation alimentaire mobiles o\u00f9 l'acc\u00e8s permanent \u00e0 l'\u00e9lectricit\u00e9 n'est pas toujours possible. Cette caract\u00e9ristique est particuli\u00e8rement utile dans les camions de nourriture, les march\u00e9s en plein air et les environnements de transformation alimentaire mobiles o\u00f9 l'acc\u00e8s permanent \u00e0 l'\u00e9lectricit\u00e9 n'est pas toujours possible.<\/p>\n<p>La batterie rechargeable fournit <strong>performance durable<\/strong>La balance est ainsi pr\u00eate \u00e0 l'emploi \u00e0 tout moment. En outre, le <strong>fonction d'arr\u00eat automatique pour \u00e9conomiser l'\u00e9nergie<\/strong> permet d'\u00e9conomiser la batterie lorsque la balance n'est pas utilis\u00e9e.<\/p>\n<h4><strong>\u00c9cran lumineux et facile \u00e0 lire<\/strong><\/h4>\n<p>Le <strong>PS-B99SS<\/strong> est \u00e9quip\u00e9 d'un <strong>affichage num\u00e9rique clair<\/strong>L'affichage \u00e0 contraste \u00e9lev\u00e9 facilite la lecture des mesures, m\u00eame dans les cuisines ou les environnements industriels tr\u00e8s fr\u00e9quent\u00e9s. L'\u00e9cran \u00e0 contraste \u00e9lev\u00e9 garantit la visibilit\u00e9 dans diff\u00e9rentes conditions d'\u00e9clairage, ce qui permet aux utilisateurs de v\u00e9rifier rapidement et avec pr\u00e9cision les relev\u00e9s de poids.<\/p>\n<h4><strong>Id\u00e9al pour une large gamme d'applications<\/strong><\/h4>\n<p>Gr\u00e2ce \u00e0 sa construction durable en acier inoxydable, \u00e0 sa grande pr\u00e9cision et \u00e0 ses options de pesage polyvalentes, le <strong>PS-B99SS<\/strong> est parfait pour :<\/p>\n<ul data-spread=\"false\">\n<li><strong>Restaurants et cuisines commerciales<\/strong> - Contr\u00f4le pr\u00e9cis des portions pour une meilleure rentabilit\u00e9 et une qualit\u00e9 constante des aliments.<\/li>\n<li><strong>Transformation et conditionnement des aliments<\/strong> - Mesurer les ingr\u00e9dients bruts et les produits alimentaires emball\u00e9s avec une grande pr\u00e9cision.<\/li>\n<li><strong>Boucheries et march\u00e9s de fruits de mer<\/strong> - Peser les viandes et les fruits de mer en respectant les normes d'hygi\u00e8ne.<\/li>\n<li><strong>Boulangeries et charcuteries<\/strong> - Assurer les bonnes proportions d'ingr\u00e9dients pour des recettes parfaites.<\/li>\n<li><strong>Utilisation industrielle et en laboratoire<\/strong> - Mesurer avec pr\u00e9cision les petites pi\u00e8ces, les poudres et les produits chimiques.<\/li>\n<\/ul>\n<h4><strong>Les principales caract\u00e9ristiques en un coup d'\u0153il<\/strong><\/h4>\n<p>\u2705 <strong>9\u2033 x 9\u2033 Plate-forme en acier inoxydable<\/strong> - Durable, facile \u00e0 nettoyer et r\u00e9sistant \u00e0 la corrosion.<br \/>\n\u2705 <strong>Acier inoxydable 304 Indicateur<\/strong> - Construit pour r\u00e9sister aux environnements difficiles.<br \/>\n\u2705 <strong>Sans danger pour le lavage<\/strong> - Con\u00e7u pour un nettoyage et un assainissement faciles.<br \/>\n\u2705 <strong>Pesage multi-unit\u00e9s<\/strong> - Soutien <strong>lb, oz et kg<\/strong> pour une polyvalence maximale.<br \/>\n\u2705 <strong>Tr\u00e8s haute pr\u00e9cision<\/strong> - <strong>Capacit\u00e9 de 20 lb avec une pr\u00e9cision de 0,005 lb<\/strong> pour les mesures exactes.<br \/>\n\u2705 <strong>Batterie rechargeable<\/strong> - Alimentation longue dur\u00e9e pour un fonctionnement portable et ininterrompu.<br \/>\n\u2705 <strong>Affichage num\u00e9rique lumineux<\/strong> - \u00c9cran clair et contrast\u00e9 pour une lecture ais\u00e9e.<br \/>\n\u2705 <strong>Fonction de mise hors tension automatique<\/strong> - Permet de pr\u00e9server l'autonomie de la batterie lorsqu'elle n'est pas utilis\u00e9e.<\/p>\n<h4><strong>Conclusion<\/strong><\/h4>\n<p>Le <strong>PS-B99SS P\u00e8se-portions en acier inoxydable<\/strong> est une solution de pesage fiable et de haute pr\u00e9cision qui combine <strong>durabilit\u00e9, pr\u00e9cision et facilit\u00e9 d'utilisation<\/strong>. Que ce soit dans une cuisine commerciale, une usine de transformation alimentaire ou un environnement industriel, cette balance garantit des performances optimales tout en pr\u00e9servant l'hygi\u00e8ne et l'efficacit\u00e9. Ses <strong>Conception \u00e0 l'\u00e9preuve des lavages, construction en acier inoxydable, batterie rechargeable et capacit\u00e9s de pesage de plusieurs unit\u00e9s.<\/strong> en faire un <strong>outil indispensable<\/strong> pour les professionnels qui exigent pr\u00e9cision et fiabilit\u00e9 dans leurs activit\u00e9s quotidiennes.<\/p>","protected":false},"excerpt":{"rendered":"<p data-pm-slice=\"1 1 []\">Am\u00e9liorez votre syst\u00e8me de pesage avec le <strong>PS-B99SS<\/strong> et d\u00e9couvrez l'\u00e9quilibre parfait entre <strong>pr\u00e9cision, durabilit\u00e9 et commodit\u00e9<\/strong>!<\/p>","protected":false},"featured_media":3668,"comment_status":"open","ping_status":"closed","template":"","meta":[],"product_brand":[41],"product_cat":[15,30],"product_tag":[154,155],"class_list":{"0":"post-3667","1":"product","2":"type-product","3":"status-publish","4":"has-post-thumbnail","6":"product_brand-prime-scales","7":"product_cat-industrial-equipment","8":"product_cat-industrial-scales","9":"product_tag-portion-scale","10":"product_tag-stainless-steel-scale","12":"first","13":"instock","14":"taxable","15":"shipping-taxable","16":"purchasable","17":"product-type-simple"},"yoast_head":"<!-- This site is optimized with the Yoast SEO plugin v27.4 - https:\/\/yoast.com\/product\/yoast-seo-wordpress\/ -->\n<title>Prime Scales PS-B99SS Stainless Steel Portion Scale - BizAutom<\/title>\n<meta name=\"robots\" content=\"index, follow, max-snippet:-1, max-image-preview:large, max-video-preview:-1\" \/>\n<link rel=\"canonical\" href=\"https:\/\/bizautom.com\/fr\/produit\/prime-scales-ps-b99ss-stainless-steel-portion-scale\/\" \/>\n<meta property=\"og:locale\" content=\"fr_FR\" \/>\n<meta property=\"og:type\" content=\"article\" \/>\n<meta property=\"og:title\" content=\"Prime Scales PS-B99SS Stainless Steel Portion Scale - BizAutom\" \/>\n<meta property=\"og:description\" content=\"Upgrade your weighing system with the PS-B99SS and experience the perfect balance of accuracy, durability, and convenience!\" \/>\n<meta property=\"og:url\" content=\"https:\/\/bizautom.com\/fr\/produit\/prime-scales-ps-b99ss-stainless-steel-portion-scale\/\" \/>\n<meta property=\"og:site_name\" content=\"BizAutom\" \/>\n<meta property=\"article:publisher\" content=\"https:\/\/www.facebook.com\/people\/TINGCHEN-BizAutom\/61565746662873\/\" \/>\n<meta property=\"article:modified_time\" content=\"2025-04-04T02:06:31+00:00\" \/>\n<meta property=\"og:image\" content=\"https:\/\/bizautom.com\/wp-content\/uploads\/2025\/04\/PS-B99SS-scaled.webp\" \/>\n\t<meta property=\"og:image:width\" content=\"1920\" \/>\n\t<meta property=\"og:image:height\" content=\"1920\" \/>\n\t<meta property=\"og:image:type\" content=\"image\/webp\" \/>\n<meta name=\"twitter:card\" content=\"summary_large_image\" \/>\n<meta name=\"twitter:label1\" content=\"Dur\u00e9e de lecture estim\u00e9e\" \/>\n\t<meta name=\"twitter:data1\" content=\"3 minutes\" \/>\n<!-- \/ Yoast SEO plugin. -->","yoast_head_json":{"title":"Prime Scales PS-B99SS Stainless Steel Portion Scale - BizAutom","robots":{"index":"index","follow":"follow","max-snippet":"max-snippet:-1","max-image-preview":"max-image-preview:large","max-video-preview":"max-video-preview:-1"},"canonical":"https:\/\/bizautom.com\/fr\/produit\/prime-scales-ps-b99ss-stainless-steel-portion-scale\/","og_locale":"fr_FR","og_type":"article","og_title":"Prime Scales PS-B99SS Stainless Steel Portion Scale - BizAutom","og_description":"Upgrade your weighing system with the PS-B99SS and experience the perfect balance of accuracy, durability, and convenience!","og_url":"https:\/\/bizautom.com\/fr\/produit\/prime-scales-ps-b99ss-stainless-steel-portion-scale\/","og_site_name":"BizAutom","article_publisher":"https:\/\/www.facebook.com\/people\/TINGCHEN-BizAutom\/61565746662873\/","article_modified_time":"2025-04-04T02:06:31+00:00","og_image":[{"width":1920,"height":1920,"url":"https:\/\/bizautom.com\/wp-content\/uploads\/2025\/04\/PS-B99SS-scaled.webp","type":"image\/webp"}],"twitter_card":"summary_large_image","twitter_misc":{"Dur\u00e9e de lecture estim\u00e9e":"3 minutes"},"schema":{"@context":"https:\/\/schema.org","@graph":[{"@type":"WebPage","@id":"https:\/\/bizautom.com\/product\/prime-scales-ps-b99ss-stainless-steel-portion-scale\/","url":"https:\/\/bizautom.com\/product\/prime-scales-ps-b99ss-stainless-steel-portion-scale\/","name":"Prime Scales PS-B99SS Stainless Steel Portion Scale - BizAutom","isPartOf":{"@id":"https:\/\/bizautom.com\/#website"},"primaryImageOfPage":{"@id":"https:\/\/bizautom.com\/product\/prime-scales-ps-b99ss-stainless-steel-portion-scale\/#primaryimage"},"image":{"@id":"https:\/\/bizautom.com\/product\/prime-scales-ps-b99ss-stainless-steel-portion-scale\/#primaryimage"},"thumbnailUrl":"https:\/\/bizautom.com\/wp-content\/uploads\/2025\/04\/PS-B99SS-scaled.webp","datePublished":"2025-04-04T02:06:29+00:00","dateModified":"2025-04-04T02:06:31+00:00","breadcrumb":{"@id":"https:\/\/bizautom.com\/product\/prime-scales-ps-b99ss-stainless-steel-portion-scale\/#breadcrumb"},"inLanguage":"fr-FR","potentialAction":[{"@type":"ReadAction","target":["https:\/\/bizautom.com\/product\/prime-scales-ps-b99ss-stainless-steel-portion-scale\/"]}]},{"@type":"ImageObject","inLanguage":"fr-FR","@id":"https:\/\/bizautom.com\/product\/prime-scales-ps-b99ss-stainless-steel-portion-scale\/#primaryimage","url":"https:\/\/bizautom.com\/wp-content\/uploads\/2025\/04\/PS-B99SS-scaled.webp","contentUrl":"https:\/\/bizautom.com\/wp-content\/uploads\/2025\/04\/PS-B99SS-scaled.webp","width":1920,"height":1920},{"@type":"BreadcrumbList","@id":"https:\/\/bizautom.com\/product\/prime-scales-ps-b99ss-stainless-steel-portion-scale\/#breadcrumb","itemListElement":[{"@type":"ListItem","position":1,"name":"Home","item":"https:\/\/bizautom.com\/"},{"@type":"ListItem","position":2,"name":"Shop","item":"https:\/\/bizautom.com\/shop-2\/"},{"@type":"ListItem","position":3,"name":"Prime Scales PS-B99SS Stainless Steel Portion Scale"}]},{"@type":"WebSite","@id":"https:\/\/bizautom.com\/#website","url":"https:\/\/bizautom.com\/","name":"BizAutom","description":"Rapide. Pr\u00e9cis. Intelligent.","publisher":{"@id":"https:\/\/bizautom.com\/#organization"},"potentialAction":[{"@type":"SearchAction","target":{"@type":"EntryPoint","urlTemplate":"https:\/\/bizautom.com\/?s={search_term_string}"},"query-input":{"@type":"PropertyValueSpecification","valueRequired":true,"valueName":"search_term_string"}}],"inLanguage":"fr-FR"},{"@type":"Organization","@id":"https:\/\/bizautom.com\/#organization","name":"BizAutom","url":"https:\/\/bizautom.com\/","logo":{"@type":"ImageObject","inLanguage":"fr-FR","@id":"https:\/\/bizautom.com\/#\/schema\/logo\/image\/","url":"https:\/\/bizautom.com\/wp-content\/uploads\/2025\/04\/BizAutom_Logo_1.webp","contentUrl":"https:\/\/bizautom.com\/wp-content\/uploads\/2025\/04\/BizAutom_Logo_1.webp","width":455,"height":326,"caption":"BizAutom"},"image":{"@id":"https:\/\/bizautom.com\/#\/schema\/logo\/image\/"},"sameAs":["https:\/\/www.facebook.com\/people\/TINGCHEN-BizAutom\/61565746662873\/"]}]}},"jetpack-related-posts":[{"id":4327,"url":"https:\/\/bizautom.com\/fr\/produit\/prime-scales-ps-in202s-stainless-steel-ntep-legal-for-trade-indicator\/","url_meta":{"origin":3667,"position":0},"title":"Prime Scales PS-IN202S Indicateur NTEP Legal For Trade en acier inoxydable","author":"admin","date":"mai 21, 2025","format":false,"excerpt":"The PS-IN202S is the ideal solution for operations demanding precision, durability, and regulatory compliance. Whether you\u2019re upgrading existing equipment or setting up a new industrial scale system, the PS-IN202S offers rugged performance with seamless connectivity.","rel":"","context":"Article similaire","block_context":{"text":"Article similaire","link":""},"img":{"alt_text":"","src":"https:\/\/i0.wp.com\/bizautom.com\/wp-content\/uploads\/2025\/05\/PS-IN202S-scaled.jpg?resize=350%2C200&ssl=1","width":350,"height":200,"srcset":"https:\/\/i0.wp.com\/bizautom.com\/wp-content\/uploads\/2025\/05\/PS-IN202S-scaled.jpg?resize=350%2C200&ssl=1 1x, https:\/\/i0.wp.com\/bizautom.com\/wp-content\/uploads\/2025\/05\/PS-IN202S-scaled.jpg?resize=525%2C300&ssl=1 1.5x, https:\/\/i0.wp.com\/bizautom.com\/wp-content\/uploads\/2025\/05\/PS-IN202S-scaled.jpg?resize=700%2C400&ssl=1 2x, https:\/\/i0.wp.com\/bizautom.com\/wp-content\/uploads\/2025\/05\/PS-IN202S-scaled.jpg?resize=1050%2C600&ssl=1 3x, https:\/\/i0.wp.com\/bizautom.com\/wp-content\/uploads\/2025\/05\/PS-IN202S-scaled.jpg?resize=1400%2C800&ssl=1 4x"},"classes":[]},{"id":1024,"url":"https:\/\/bizautom.com\/fr\/produit\/prime-scales-ps-in202ss-stainless-steel-ntep-indicator-trade-legal\/","url_meta":{"origin":3667,"position":1},"title":"Prime Scales PS-IN202SS Indicateur NTEP en acier inoxydable - Trade Legal","author":"admin","date":"juillet 20, 2023","format":false,"excerpt":"The Prime PS-IN202SS indicator stands as a Legal For Trade (NTEP approved) device, equipped with serial output compatibility for printers or PCs. Encased in a robust 304 stainless steel enclosure with an IP-67 waterproof rating, it guarantees durability and protection. Renowned as the top choice for floor scales, small truck\u2026","rel":"","context":"Article similaire","block_context":{"text":"Article similaire","link":""},"img":{"alt_text":"prime scales ps-in202","src":"https:\/\/i0.wp.com\/bizautom.com\/wp-content\/uploads\/2023\/07\/PS-IN202SS.jpg?resize=350%2C200&ssl=1","width":350,"height":200,"srcset":"https:\/\/i0.wp.com\/bizautom.com\/wp-content\/uploads\/2023\/07\/PS-IN202SS.jpg?resize=350%2C200&ssl=1 1x, https:\/\/i0.wp.com\/bizautom.com\/wp-content\/uploads\/2023\/07\/PS-IN202SS.jpg?resize=525%2C300&ssl=1 1.5x, https:\/\/i0.wp.com\/bizautom.com\/wp-content\/uploads\/2023\/07\/PS-IN202SS.jpg?resize=700%2C400&ssl=1 2x, https:\/\/i0.wp.com\/bizautom.com\/wp-content\/uploads\/2023\/07\/PS-IN202SS.jpg?resize=1050%2C600&ssl=1 3x, https:\/\/i0.wp.com\/bizautom.com\/wp-content\/uploads\/2023\/07\/PS-IN202SS.jpg?resize=1400%2C800&ssl=1 4x"},"classes":[]},{"id":950,"url":"https:\/\/bizautom.com\/fr\/produit\/prime-scales-ps-b130-130x0-005lb-hi-definition-bench-scale-shipping-scale\/","url_meta":{"origin":3667,"position":2},"title":"Prime Scales PS-B130 130\u00d70.005lb Hi Definition Bench Scale | Shipping Scale","author":"admin","date":"juillet 18, 2023","format":false,"excerpt":"PS-B130 est notre balance tout-en-un pour les besoins de votre service d'exp\u00e9dition. Avec cette nouvelle balance, vous n'avez plus besoin de plusieurs balances pour diff\u00e9rents poids.","rel":"","context":"Article similaire","block_context":{"text":"Article similaire","link":""},"img":{"alt_text":"","src":"https:\/\/i0.wp.com\/bizautom.com\/wp-content\/uploads\/2023\/07\/PS-B130-Clean.jpg?resize=350%2C200&ssl=1","width":350,"height":200,"srcset":"https:\/\/i0.wp.com\/bizautom.com\/wp-content\/uploads\/2023\/07\/PS-B130-Clean.jpg?resize=350%2C200&ssl=1 1x, https:\/\/i0.wp.com\/bizautom.com\/wp-content\/uploads\/2023\/07\/PS-B130-Clean.jpg?resize=525%2C300&ssl=1 1.5x, https:\/\/i0.wp.com\/bizautom.com\/wp-content\/uploads\/2023\/07\/PS-B130-Clean.jpg?resize=700%2C400&ssl=1 2x, https:\/\/i0.wp.com\/bizautom.com\/wp-content\/uploads\/2023\/07\/PS-B130-Clean.jpg?resize=1050%2C600&ssl=1 3x, https:\/\/i0.wp.com\/bizautom.com\/wp-content\/uploads\/2023\/07\/PS-B130-Clean.jpg?resize=1400%2C800&ssl=1 4x"},"classes":[]},{"id":2085,"url":"https:\/\/bizautom.com\/fr\/produit\/bizautom-pc-1-tt-totalizer-indicator-advanced-weighing-and-totalizing-solution\/","url_meta":{"origin":3667,"position":3},"title":"BizAutom PC-1-TT Indicateur totalisateur - Solution avanc\u00e9e de pesage et de totalisation","author":"admin","date":"mars 3, 2025","format":false,"excerpt":"The BizAutom PC-1 Totalizer Indicator is the perfect solution for businesses that require accurate totalization, clear visual alerts, and industrial-grade durability in their weighing processes.","rel":"","context":"Article similaire","block_context":{"text":"Article similaire","link":""},"img":{"alt_text":"","src":"https:\/\/i0.wp.com\/bizautom.com\/wp-content\/uploads\/2025\/03\/Totalizer_Indicator.jpg?resize=350%2C200&ssl=1","width":350,"height":200,"srcset":"https:\/\/i0.wp.com\/bizautom.com\/wp-content\/uploads\/2025\/03\/Totalizer_Indicator.jpg?resize=350%2C200&ssl=1 1x, https:\/\/i0.wp.com\/bizautom.com\/wp-content\/uploads\/2025\/03\/Totalizer_Indicator.jpg?resize=525%2C300&ssl=1 1.5x, https:\/\/i0.wp.com\/bizautom.com\/wp-content\/uploads\/2025\/03\/Totalizer_Indicator.jpg?resize=700%2C400&ssl=1 2x, https:\/\/i0.wp.com\/bizautom.com\/wp-content\/uploads\/2025\/03\/Totalizer_Indicator.jpg?resize=1050%2C600&ssl=1 3x, https:\/\/i0.wp.com\/bizautom.com\/wp-content\/uploads\/2025\/03\/Totalizer_Indicator.jpg?resize=1400%2C800&ssl=1 4x"},"classes":[]},{"id":1001,"url":"https:\/\/bizautom.com\/fr\/produit\/prime-scales-ps-700as4422-livestock-scale-veterinary-scale-with-indicator\/","url_meta":{"origin":3667,"position":4},"title":"Prime Scales PS-700AS4422 Balance pour b\u00e9tail | Balance v\u00e9t\u00e9rinaire avec indicateur","author":"admin","date":"juillet 19, 2023","format":false,"excerpt":"L'utilisation de balances pour b\u00e9tail permet d'assurer un suivi pr\u00e9cis et efficace de la sant\u00e9 des animaux \u00e0 diff\u00e9rents stades de leur croissance. La pes\u00e9e des animaux est un aspect crucial de l'exploitation agricole, car elle permet de maintenir des performances optimales et de garantir leur bien-\u00eatre.","rel":"","context":"Article similaire","block_context":{"text":"Article similaire","link":""},"img":{"alt_text":"","src":"https:\/\/i0.wp.com\/bizautom.com\/wp-content\/uploads\/2023\/07\/CloudAnimalScale-Pig.jpg?resize=350%2C200&ssl=1","width":350,"height":200,"srcset":"https:\/\/i0.wp.com\/bizautom.com\/wp-content\/uploads\/2023\/07\/CloudAnimalScale-Pig.jpg?resize=350%2C200&ssl=1 1x, https:\/\/i0.wp.com\/bizautom.com\/wp-content\/uploads\/2023\/07\/CloudAnimalScale-Pig.jpg?resize=525%2C300&ssl=1 1.5x, https:\/\/i0.wp.com\/bizautom.com\/wp-content\/uploads\/2023\/07\/CloudAnimalScale-Pig.jpg?resize=700%2C400&ssl=1 2x, https:\/\/i0.wp.com\/bizautom.com\/wp-content\/uploads\/2023\/07\/CloudAnimalScale-Pig.jpg?resize=1050%2C600&ssl=1 3x, https:\/\/i0.wp.com\/bizautom.com\/wp-content\/uploads\/2023\/07\/CloudAnimalScale-Pig.jpg?resize=1400%2C800&ssl=1 4x"},"classes":[]},{"id":4341,"url":"https:\/\/bizautom.com\/fr\/produit\/ps-wcs-pro-premium-wheelchair-scale-with-enhanced-safety-and-stability\/","url_meta":{"origin":3667,"position":5},"title":"PS-WCS-Pro - Balance pour fauteuil roulant de qualit\u00e9 sup\u00e9rieure avec s\u00e9curit\u00e9 et stabilit\u00e9 accrues","author":"admin","date":"juin 12, 2025","format":false,"excerpt":"With its advanced safety features, improved ramp integration, and durable construction, the PS-WCS-Pro redefines wheelchair weighing. Whether in a medical facility or at home, this scale delivers the performance and peace of mind you can count on.","rel":"","context":"Article similaire","block_context":{"text":"Article similaire","link":""},"img":{"alt_text":"","src":"https:\/\/i0.wp.com\/bizautom.com\/wp-content\/uploads\/2025\/06\/PS-WCS-Pro.jpg?resize=350%2C200&ssl=1","width":350,"height":200,"srcset":"https:\/\/i0.wp.com\/bizautom.com\/wp-content\/uploads\/2025\/06\/PS-WCS-Pro.jpg?resize=350%2C200&ssl=1 1x, https:\/\/i0.wp.com\/bizautom.com\/wp-content\/uploads\/2025\/06\/PS-WCS-Pro.jpg?resize=525%2C300&ssl=1 1.5x, https:\/\/i0.wp.com\/bizautom.com\/wp-content\/uploads\/2025\/06\/PS-WCS-Pro.jpg?resize=700%2C400&ssl=1 2x, https:\/\/i0.wp.com\/bizautom.com\/wp-content\/uploads\/2025\/06\/PS-WCS-Pro.jpg?resize=1050%2C600&ssl=1 3x, https:\/\/i0.wp.com\/bizautom.com\/wp-content\/uploads\/2025\/06\/PS-WCS-Pro.jpg?resize=1400%2C800&ssl=1 4x"},"classes":[]}],"jetpack_sharing_enabled":true,"_links":{"self":[{"href":"https:\/\/bizautom.com\/fr\/wp-json\/wp\/v2\/product\/3667","targetHints":{"allow":["GET"]}}],"collection":[{"href":"https:\/\/bizautom.com\/fr\/wp-json\/wp\/v2\/product"}],"about":[{"href":"https:\/\/bizautom.com\/fr\/wp-json\/wp\/v2\/types\/product"}],"replies":[{"embeddable":true,"href":"https:\/\/bizautom.com\/fr\/wp-json\/wp\/v2\/comments?post=3667"}],"version-history":[{"count":1,"href":"https:\/\/bizautom.com\/fr\/wp-json\/wp\/v2\/product\/3667\/revisions"}],"predecessor-version":[{"id":3671,"href":"https:\/\/bizautom.com\/fr\/wp-json\/wp\/v2\/product\/3667\/revisions\/3671"}],"wp:featuredmedia":[{"embeddable":true,"href":"https:\/\/bizautom.com\/fr\/wp-json\/wp\/v2\/media\/3668"}],"wp:attachment":[{"href":"https:\/\/bizautom.com\/fr\/wp-json\/wp\/v2\/media?parent=3667"}],"wp:term":[{"taxonomy":"product_brand","embeddable":true,"href":"https:\/\/bizautom.com\/fr\/wp-json\/wp\/v2\/product_brand?post=3667"},{"taxonomy":"product_cat","embeddable":true,"href":"https:\/\/bizautom.com\/fr\/wp-json\/wp\/v2\/product_cat?post=3667"},{"taxonomy":"product_tag","embeddable":true,"href":"https:\/\/bizautom.com\/fr\/wp-json\/wp\/v2\/product_tag?post=3667"}],"curies":[{"name":"wp","href":"https:\/\/api.w.org\/{rel}","templated":true}]}}