{"id":4327,"date":"2025-05-21T20:03:39","date_gmt":"2025-05-22T00:03:39","guid":{"rendered":"https:\/\/bizautom.com\/?post_type=product&#038;p=4327"},"modified":"2025-05-21T20:03:40","modified_gmt":"2025-05-22T00:03:40","slug":"prime-scales-ps-in202s-stainless-steel-ntep-legal-for-trade-indicator","status":"publish","type":"product","link":"https:\/\/bizautom.com\/fr\/produit\/prime-scales-ps-in202s-stainless-steel-ntep-legal-for-trade-indicator\/","title":{"rendered":"Prime Scales PS-IN202S Indicateur NTEP Legal For Trade en acier inoxydable"},"content":{"rendered":"<p data-start=\"350\" data-end=\"740\">Certifi\u00e9 NTEP | Sortie RS232 | IP67<\/p>\n<p data-start=\"350\" data-end=\"740\">Le <strong data-start=\"354\" data-end=\"367\">PS-IN202S<\/strong> est un programme avanc\u00e9 <strong data-start=\"383\" data-end=\"426\">Indicateur de poids num\u00e9rique certifi\u00e9 NTEP<\/strong> Le PS-IN202 a \u00e9t\u00e9 con\u00e7u pour offrir pr\u00e9cision, durabilit\u00e9 et facilit\u00e9 d'int\u00e9gration dans une large gamme de syst\u00e8mes de pesage industriels. Cette version am\u00e9lior\u00e9e de la tr\u00e8s populaire PS-IN202 est dot\u00e9e d'un syst\u00e8me de pesage de haute pr\u00e9cision. <strong data-start=\"595\" data-end=\"628\">Bo\u00eetier en acier inoxydable 304<\/strong>ce qui le rend id\u00e9al pour une utilisation dans les installations de lavage, l'industrie alimentaire, l'agriculture et d'autres environnements difficiles ou corrosifs.<\/p>\n<hr data-start=\"742\" data-end=\"745\" \/>\n<h4 data-start=\"747\" data-end=\"790\">\ud83d\udd27 <strong data-start=\"755\" data-end=\"790\">Principales sp\u00e9cifications et caract\u00e9ristiques<\/strong><\/h4>\n<ul data-start=\"792\" data-end=\"2367\">\n<li data-start=\"792\" data-end=\"969\">\n<p data-start=\"794\" data-end=\"969\"><strong data-start=\"794\" data-end=\"827\">Bo\u00eetier en acier inoxydable 304<\/strong><br data-start=\"827\" data-end=\"830\" \/>Le bo\u00eetier r\u00e9sistant \u00e0 la corrosion et conforme \u00e0 la norme IP67 offre une protection contre l'eau, la poussi\u00e8re et les produits chimiques, ce qui est id\u00e9al pour les environnements sanitaires et industriels.<\/p>\n<\/li>\n<li data-start=\"971\" data-end=\"1099\">\n<p data-start=\"973\" data-end=\"1099\"><strong data-start=\"973\" data-end=\"990\">Approuv\u00e9 par le NTEP<\/strong><br data-start=\"990\" data-end=\"993\" \/>La certification \"Legal-for-trade\" (CoC #12-112) garantit la pr\u00e9cision et la conformit\u00e9 des applications commerciales.<\/p>\n<\/li>\n<li data-start=\"1101\" data-end=\"1228\">\n<p data-start=\"1103\" data-end=\"1228\"><strong data-start=\"1103\" data-end=\"1132\">\u00c9cran LED \u00e0 contraste \u00e9lev\u00e9<\/strong><br data-start=\"1132\" data-end=\"1135\" \/>L'\u00e9cran LED rouge lumineux de 1,5 pouce assure une excellente visibilit\u00e9 dans les espaces de travail clairs ou sombres.<\/p>\n<\/li>\n<li data-start=\"1230\" data-end=\"1440\">\n<p data-start=\"1232\" data-end=\"1440\"><strong data-start=\"1232\" data-end=\"1258\">Sortie RS232 polyvalente<\/strong><br data-start=\"1258\" data-end=\"1261\" \/>\u00c9quip\u00e9 d'une communication s\u00e9rie RS232 pour une connexion facile aux imprimantes, aux ordinateurs ou aux \u00e9crans distants. Compatible avec la plupart des syst\u00e8mes de point de vente et des logiciels qui prennent en charge les entr\u00e9es en s\u00e9rie.<\/p>\n<\/li>\n<li data-start=\"1442\" data-end=\"1612\">\n<p data-start=\"1444\" data-end=\"1612\"><strong data-start=\"1444\" data-end=\"1465\">Support de cellule de charge<\/strong><br data-start=\"1465\" data-end=\"1468\" \/>Puissance jusqu'\u00e0 <strong data-start=\"1483\" data-end=\"1495\">8 \u00d7 350\u03a9<\/strong> des cellules de charge ou <strong data-start=\"1510\" data-end=\"1523\">16 \u00d7 700\u03a9<\/strong>Ce syst\u00e8me est compatible avec les grandes balances au sol, les balances \u00e0 b\u00e9tail et les syst\u00e8mes \u00e0 cellules multiples.<\/p>\n<\/li>\n<li data-start=\"1614\" data-end=\"1750\">\n<p data-start=\"1616\" data-end=\"1750\"><strong data-start=\"1616\" data-end=\"1645\">Modes de pes\u00e9e s\u00e9lectionnables<\/strong><br data-start=\"1645\" data-end=\"1648\" \/>Il prend en charge les fonctions Brut, Net, Tare, Z\u00e9ro et Accumulation pour des op\u00e9rations flexibles dans n'importe quel flux de travail.<\/p>\n<\/li>\n<li data-start=\"1752\" data-end=\"1889\">\n<p data-start=\"1754\" data-end=\"1889\"><strong data-start=\"1754\" data-end=\"1781\">Interface conviviale<\/strong><br data-start=\"1781\" data-end=\"1784\" \/>Panneau frontal simple \u00e0 5 touches (ZERO, TARE, PRINT, FUNC, ON\/OFF) pour une navigation intuitive et une utilisation rapide.<\/p>\n<\/li>\n<li data-start=\"1891\" data-end=\"2012\">\n<p data-start=\"1893\" data-end=\"2012\"><strong data-start=\"1893\" data-end=\"1921\">Support de montage durable<\/strong><br data-start=\"1921\" data-end=\"1924\" \/>Livr\u00e9 avec un support r\u00e9glable en acier inoxydable pour un montage facile sur un mur, un banc ou un poteau.<\/p>\n<\/li>\n<li data-start=\"2014\" data-end=\"2176\">\n<p data-start=\"2016\" data-end=\"2176\"><strong data-start=\"2016\" data-end=\"2032\">Alimentation \u00e9lectrique<\/strong><br data-start=\"2032\" data-end=\"2035\" \/>Comprend un adaptateur mural 110V AC et une batterie interne rechargeable pour une utilisation portable ou ininterrompue. Dur\u00e9e de vie de la batterie : jusqu'\u00e0 100 heures par charge.<\/p>\n<\/li>\n<li data-start=\"2178\" data-end=\"2264\">\n<p data-start=\"2180\" data-end=\"2264\"><strong data-start=\"2180\" data-end=\"2207\">Tol\u00e9rance environnementale<\/strong><br data-start=\"2207\" data-end=\"2210\" \/>Temp\u00e9rature de fonctionnement : -10\u00b0C \u00e0 40\u00b0C (14\u00b0F \u00e0 104\u00b0F)<\/p>\n<\/li>\n<li data-start=\"2266\" data-end=\"2367\">\n<p data-start=\"2268\" data-end=\"2293\"><strong data-start=\"2268\" data-end=\"2291\">Dimensions et poids<\/strong><\/p>\n<ul data-start=\"2296\" data-end=\"2367\">\n<li data-start=\"2296\" data-end=\"2341\">\n<p data-start=\"2298\" data-end=\"2341\">Indicateur : 9,3\u2033 (L) \u00d7 2,8\u2033 (P) \u00d7 6,5\u2033 (H)<\/p>\n<\/li>\n<li data-start=\"2344\" data-end=\"2367\">\n<p data-start=\"2346\" data-end=\"2367\">Poids : Environ 4 livres<\/p>\n<\/li>\n<\/ul>\n<\/li>\n<\/ul>\n<hr data-start=\"2369\" data-end=\"2372\" \/>\n<h4 data-start=\"2374\" data-end=\"2397\">\u2705 <strong data-start=\"2381\" data-end=\"2397\">Applications<\/strong><\/h4>\n<ul data-start=\"2399\" data-end=\"2595\">\n<li data-start=\"2399\" data-end=\"2424\">\n<p data-start=\"2401\" data-end=\"2424\">Entrep\u00f4t et logistique<\/p>\n<\/li>\n<li data-start=\"2425\" data-end=\"2462\">\n<p data-start=\"2427\" data-end=\"2462\">Pesage agricole et du b\u00e9tail<\/p>\n<\/li>\n<li data-start=\"2463\" data-end=\"2506\">\n<p data-start=\"2465\" data-end=\"2506\">Traitement des aliments et environnements de lavage<\/p>\n<\/li>\n<li data-start=\"2507\" data-end=\"2532\">\n<p data-start=\"2509\" data-end=\"2532\">P\u00e8se-palettes et balances au sol<\/p>\n<\/li>\n<li data-start=\"2533\" data-end=\"2571\">\n<p data-start=\"2535\" data-end=\"2571\">Tr\u00e9mies, silos et syst\u00e8mes de dosage<\/p>\n<\/li>\n<li data-start=\"2572\" data-end=\"2595\">\n<p data-start=\"2574\" data-end=\"2595\">P\u00e8se-camions et p\u00e8se-essieux<\/p>\n<\/li>\n<\/ul>","protected":false},"excerpt":{"rendered":"<p>Le <strong data-start=\"2606\" data-end=\"2619\">PS-IN202S<\/strong> est la solution id\u00e9ale pour les op\u00e9rations exigeantes <strong data-start=\"2667\" data-end=\"2680\">pr\u00e9cision<\/strong>, <strong data-start=\"2682\" data-end=\"2696\">la durabilit\u00e9<\/strong>et <strong data-start=\"2702\" data-end=\"2727\">conformit\u00e9 r\u00e9glementaire<\/strong>. Qu'il s'agisse de mettre \u00e0 niveau un \u00e9quipement existant ou de mettre en place un nouveau syst\u00e8me \u00e0 l'\u00e9chelle industrielle, le PS-IN202S offre des performances robustes et une connectivit\u00e9 transparente.<\/p>","protected":false},"featured_media":4328,"comment_status":"open","ping_status":"closed","template":"","meta":[],"product_brand":[41],"product_cat":[32],"product_tag":[],"class_list":{"0":"post-4327","1":"product","2":"type-product","3":"status-publish","4":"has-post-thumbnail","6":"product_brand-prime-scales","7":"product_cat-instruments-parts","9":"first","10":"instock","11":"taxable","12":"shipping-taxable","13":"purchasable","14":"product-type-simple"},"yoast_head":"<!-- This site is optimized with the Yoast SEO plugin v27.4 - https:\/\/yoast.com\/product\/yoast-seo-wordpress\/ -->\n<title>Prime Scales PS-IN202S Stainless Steel NTEP Legal For Trade Indicator - BizAutom<\/title>\n<meta name=\"robots\" content=\"index, follow, max-snippet:-1, max-image-preview:large, max-video-preview:-1\" \/>\n<link rel=\"canonical\" href=\"https:\/\/bizautom.com\/fr\/produit\/prime-scales-ps-in202s-stainless-steel-ntep-legal-for-trade-indicator\/\" \/>\n<meta property=\"og:locale\" content=\"fr_FR\" \/>\n<meta property=\"og:type\" content=\"article\" \/>\n<meta property=\"og:title\" content=\"Prime Scales PS-IN202S Stainless Steel NTEP Legal For Trade Indicator - BizAutom\" \/>\n<meta property=\"og:description\" content=\"The PS-IN202S is the ideal solution for operations demanding precision, durability, and regulatory compliance. Whether you\u2019re upgrading existing equipment or setting up a new industrial scale system, the PS-IN202S offers rugged performance with seamless connectivity.\" \/>\n<meta property=\"og:url\" content=\"https:\/\/bizautom.com\/fr\/produit\/prime-scales-ps-in202s-stainless-steel-ntep-legal-for-trade-indicator\/\" \/>\n<meta property=\"og:site_name\" content=\"BizAutom\" \/>\n<meta property=\"article:publisher\" content=\"https:\/\/www.facebook.com\/people\/TINGCHEN-BizAutom\/61565746662873\/\" \/>\n<meta property=\"article:modified_time\" content=\"2025-05-22T00:03:40+00:00\" \/>\n<meta property=\"og:image\" content=\"https:\/\/bizautom.com\/wp-content\/uploads\/2025\/05\/PS-IN202S-scaled.jpg\" \/>\n\t<meta property=\"og:image:width\" content=\"2560\" \/>\n\t<meta property=\"og:image:height\" content=\"2560\" \/>\n\t<meta property=\"og:image:type\" content=\"image\/jpeg\" \/>\n<meta name=\"twitter:card\" content=\"summary_large_image\" \/>\n<meta name=\"twitter:label1\" content=\"Dur\u00e9e de lecture estim\u00e9e\" \/>\n\t<meta name=\"twitter:data1\" content=\"2 minutes\" \/>\n<!-- \/ Yoast SEO plugin. -->","yoast_head_json":{"title":"Prime Scales PS-IN202S Stainless Steel NTEP Legal For Trade Indicator - BizAutom","robots":{"index":"index","follow":"follow","max-snippet":"max-snippet:-1","max-image-preview":"max-image-preview:large","max-video-preview":"max-video-preview:-1"},"canonical":"https:\/\/bizautom.com\/fr\/produit\/prime-scales-ps-in202s-stainless-steel-ntep-legal-for-trade-indicator\/","og_locale":"fr_FR","og_type":"article","og_title":"Prime Scales PS-IN202S Stainless Steel NTEP Legal For Trade Indicator - BizAutom","og_description":"The PS-IN202S is the ideal solution for operations demanding precision, durability, and regulatory compliance. Whether you\u2019re upgrading existing equipment or setting up a new industrial scale system, the PS-IN202S offers rugged performance with seamless connectivity.","og_url":"https:\/\/bizautom.com\/fr\/produit\/prime-scales-ps-in202s-stainless-steel-ntep-legal-for-trade-indicator\/","og_site_name":"BizAutom","article_publisher":"https:\/\/www.facebook.com\/people\/TINGCHEN-BizAutom\/61565746662873\/","article_modified_time":"2025-05-22T00:03:40+00:00","og_image":[{"width":2560,"height":2560,"url":"https:\/\/bizautom.com\/wp-content\/uploads\/2025\/05\/PS-IN202S-scaled.jpg","type":"image\/jpeg"}],"twitter_card":"summary_large_image","twitter_misc":{"Dur\u00e9e de lecture estim\u00e9e":"2 minutes"},"schema":{"@context":"https:\/\/schema.org","@graph":[{"@type":"WebPage","@id":"https:\/\/bizautom.com\/product\/prime-scales-ps-in202s-stainless-steel-ntep-legal-for-trade-indicator\/","url":"https:\/\/bizautom.com\/product\/prime-scales-ps-in202s-stainless-steel-ntep-legal-for-trade-indicator\/","name":"Prime Scales PS-IN202S Stainless Steel NTEP Legal For Trade Indicator - BizAutom","isPartOf":{"@id":"https:\/\/bizautom.com\/#website"},"primaryImageOfPage":{"@id":"https:\/\/bizautom.com\/product\/prime-scales-ps-in202s-stainless-steel-ntep-legal-for-trade-indicator\/#primaryimage"},"image":{"@id":"https:\/\/bizautom.com\/product\/prime-scales-ps-in202s-stainless-steel-ntep-legal-for-trade-indicator\/#primaryimage"},"thumbnailUrl":"https:\/\/bizautom.com\/wp-content\/uploads\/2025\/05\/PS-IN202S-scaled.jpg","datePublished":"2025-05-22T00:03:39+00:00","dateModified":"2025-05-22T00:03:40+00:00","breadcrumb":{"@id":"https:\/\/bizautom.com\/product\/prime-scales-ps-in202s-stainless-steel-ntep-legal-for-trade-indicator\/#breadcrumb"},"inLanguage":"fr-FR","potentialAction":[{"@type":"ReadAction","target":["https:\/\/bizautom.com\/product\/prime-scales-ps-in202s-stainless-steel-ntep-legal-for-trade-indicator\/"]}]},{"@type":"ImageObject","inLanguage":"fr-FR","@id":"https:\/\/bizautom.com\/product\/prime-scales-ps-in202s-stainless-steel-ntep-legal-for-trade-indicator\/#primaryimage","url":"https:\/\/bizautom.com\/wp-content\/uploads\/2025\/05\/PS-IN202S-scaled.jpg","contentUrl":"https:\/\/bizautom.com\/wp-content\/uploads\/2025\/05\/PS-IN202S-scaled.jpg","width":2560,"height":2560},{"@type":"BreadcrumbList","@id":"https:\/\/bizautom.com\/product\/prime-scales-ps-in202s-stainless-steel-ntep-legal-for-trade-indicator\/#breadcrumb","itemListElement":[{"@type":"ListItem","position":1,"name":"Home","item":"https:\/\/bizautom.com\/"},{"@type":"ListItem","position":2,"name":"Shop","item":"https:\/\/bizautom.com\/shop-2\/"},{"@type":"ListItem","position":3,"name":"Prime Scales PS-IN202S Stainless Steel NTEP Legal For Trade Indicator"}]},{"@type":"WebSite","@id":"https:\/\/bizautom.com\/#website","url":"https:\/\/bizautom.com\/","name":"BizAutom","description":"Rapide. Pr\u00e9cis. Intelligent.","publisher":{"@id":"https:\/\/bizautom.com\/#organization"},"potentialAction":[{"@type":"SearchAction","target":{"@type":"EntryPoint","urlTemplate":"https:\/\/bizautom.com\/?s={search_term_string}"},"query-input":{"@type":"PropertyValueSpecification","valueRequired":true,"valueName":"search_term_string"}}],"inLanguage":"fr-FR"},{"@type":"Organization","@id":"https:\/\/bizautom.com\/#organization","name":"BizAutom","url":"https:\/\/bizautom.com\/","logo":{"@type":"ImageObject","inLanguage":"fr-FR","@id":"https:\/\/bizautom.com\/#\/schema\/logo\/image\/","url":"https:\/\/bizautom.com\/wp-content\/uploads\/2025\/04\/BizAutom_Logo_1.webp","contentUrl":"https:\/\/bizautom.com\/wp-content\/uploads\/2025\/04\/BizAutom_Logo_1.webp","width":455,"height":326,"caption":"BizAutom"},"image":{"@id":"https:\/\/bizautom.com\/#\/schema\/logo\/image\/"},"sameAs":["https:\/\/www.facebook.com\/people\/TINGCHEN-BizAutom\/61565746662873\/"]}]}},"jetpack-related-posts":[{"id":1024,"url":"https:\/\/bizautom.com\/fr\/produit\/prime-scales-ps-in202ss-stainless-steel-ntep-indicator-trade-legal\/","url_meta":{"origin":4327,"position":0},"title":"Prime Scales PS-IN202SS Indicateur NTEP en acier inoxydable - Trade Legal","author":"admin","date":"juillet 20, 2023","format":false,"excerpt":"The Prime PS-IN202SS indicator stands as a Legal For Trade (NTEP approved) device, equipped with serial output compatibility for printers or PCs. Encased in a robust 304 stainless steel enclosure with an IP-67 waterproof rating, it guarantees durability and protection. Renowned as the top choice for floor scales, small truck\u2026","rel":"","context":"Article similaire","block_context":{"text":"Article similaire","link":""},"img":{"alt_text":"prime scales ps-in202","src":"https:\/\/i0.wp.com\/bizautom.com\/wp-content\/uploads\/2023\/07\/PS-IN202SS.jpg?resize=350%2C200&ssl=1","width":350,"height":200,"srcset":"https:\/\/i0.wp.com\/bizautom.com\/wp-content\/uploads\/2023\/07\/PS-IN202SS.jpg?resize=350%2C200&ssl=1 1x, https:\/\/i0.wp.com\/bizautom.com\/wp-content\/uploads\/2023\/07\/PS-IN202SS.jpg?resize=525%2C300&ssl=1 1.5x, https:\/\/i0.wp.com\/bizautom.com\/wp-content\/uploads\/2023\/07\/PS-IN202SS.jpg?resize=700%2C400&ssl=1 2x, https:\/\/i0.wp.com\/bizautom.com\/wp-content\/uploads\/2023\/07\/PS-IN202SS.jpg?resize=1050%2C600&ssl=1 3x, https:\/\/i0.wp.com\/bizautom.com\/wp-content\/uploads\/2023\/07\/PS-IN202SS.jpg?resize=1400%2C800&ssl=1 4x"},"classes":[]},{"id":957,"url":"https:\/\/bizautom.com\/fr\/produit\/prime-scales-ps-in202-digital-indicator-with-rs232-signal-output\/","url_meta":{"origin":4327,"position":1},"title":"Prime Scales PS-IN202 Indicateur num\u00e9rique avec sortie de signal RS232","author":"admin","date":"juillet 18, 2023","format":false,"excerpt":"Que vous ayez besoin d'un indicateur de base ou que vous pr\u00e9voyiez de connecter votre balance au r\u00e9seau BizAutom \u00e0 l'avenir, le PS-IN202 est un choix id\u00e9al.","rel":"","context":"Article similaire","block_context":{"text":"Article similaire","link":""},"img":{"alt_text":"","src":"https:\/\/i0.wp.com\/bizautom.com\/wp-content\/uploads\/2023\/07\/PS-IN202.jpg?resize=350%2C200&ssl=1","width":350,"height":200,"srcset":"https:\/\/i0.wp.com\/bizautom.com\/wp-content\/uploads\/2023\/07\/PS-IN202.jpg?resize=350%2C200&ssl=1 1x, https:\/\/i0.wp.com\/bizautom.com\/wp-content\/uploads\/2023\/07\/PS-IN202.jpg?resize=525%2C300&ssl=1 1.5x, https:\/\/i0.wp.com\/bizautom.com\/wp-content\/uploads\/2023\/07\/PS-IN202.jpg?resize=700%2C400&ssl=1 2x"},"classes":[]},{"id":823,"url":"https:\/\/bizautom.com\/fr\/produit\/prime-scales-row-on-weigh-pallet-jack-floor-scale-with-ps-in202-indicator\/","url_meta":{"origin":4327,"position":2},"title":"Prime Scales Roll On Weigh Pallet Jack \/ Floor Scale avec indicateur PS-IN202","author":"admin","date":"juillet 18, 2023","format":false,"excerpt":"Lorsqu'il s'agit de peser ces objets, une rampe est essentielle, et c'est pr\u00e9cis\u00e9ment ce que proposent nos p\u00e8se-personnes roulants. La conception innovante garantit que lorsque les roues du transpalette, du chariot ou du fauteuil roulant touchent la rampe, celle-ci s'abaisse en douceur jusqu'au sol, supportant le poids en toute s\u00e9curit\u00e9.","rel":"","context":"Article similaire","block_context":{"text":"Article similaire","link":""},"img":{"alt_text":"","src":"https:\/\/i0.wp.com\/bizautom.com\/wp-content\/uploads\/2023\/07\/PS-ROWPalletJack-scaled.jpg?resize=350%2C200&ssl=1","width":350,"height":200,"srcset":"https:\/\/i0.wp.com\/bizautom.com\/wp-content\/uploads\/2023\/07\/PS-ROWPalletJack-scaled.jpg?resize=350%2C200&ssl=1 1x, https:\/\/i0.wp.com\/bizautom.com\/wp-content\/uploads\/2023\/07\/PS-ROWPalletJack-scaled.jpg?resize=525%2C300&ssl=1 1.5x, https:\/\/i0.wp.com\/bizautom.com\/wp-content\/uploads\/2023\/07\/PS-ROWPalletJack-scaled.jpg?resize=700%2C400&ssl=1 2x, https:\/\/i0.wp.com\/bizautom.com\/wp-content\/uploads\/2023\/07\/PS-ROWPalletJack-scaled.jpg?resize=1050%2C600&ssl=1 3x, https:\/\/i0.wp.com\/bizautom.com\/wp-content\/uploads\/2023\/07\/PS-ROWPalletJack-scaled.jpg?resize=1400%2C800&ssl=1 4x"},"classes":[]},{"id":1147,"url":"https:\/\/bizautom.com\/fr\/produit\/prime-scales-row-on-weigh-electric-wheelchair-scale-with-ps-in202\/","url_meta":{"origin":4327,"position":3},"title":"Prime Scales Roll On Weigh Balance \u00e9lectrique pour fauteuil roulant avec PS-IN202","author":"admin","date":"septembre 16, 2023","format":false,"excerpt":"Introduction d'une balance sp\u00e9cialement con\u00e7ue pour peser les personnes en fauteuil roulant \u00e9lectrique, les balances traditionnelles pour fauteuils roulants n'\u00e9tant pas adapt\u00e9es \u00e0 leur taille et \u00e0 leur poids.","rel":"","context":"Article similaire","block_context":{"text":"Article similaire","link":""},"img":{"alt_text":"","src":"https:\/\/i0.wp.com\/bizautom.com\/wp-content\/uploads\/2023\/09\/PS-ROWwheelchair-scaled.jpg?resize=350%2C200&ssl=1","width":350,"height":200,"srcset":"https:\/\/i0.wp.com\/bizautom.com\/wp-content\/uploads\/2023\/09\/PS-ROWwheelchair-scaled.jpg?resize=350%2C200&ssl=1 1x, https:\/\/i0.wp.com\/bizautom.com\/wp-content\/uploads\/2023\/09\/PS-ROWwheelchair-scaled.jpg?resize=525%2C300&ssl=1 1.5x, https:\/\/i0.wp.com\/bizautom.com\/wp-content\/uploads\/2023\/09\/PS-ROWwheelchair-scaled.jpg?resize=700%2C400&ssl=1 2x, https:\/\/i0.wp.com\/bizautom.com\/wp-content\/uploads\/2023\/09\/PS-ROWwheelchair-scaled.jpg?resize=1050%2C600&ssl=1 3x, https:\/\/i0.wp.com\/bizautom.com\/wp-content\/uploads\/2023\/09\/PS-ROWwheelchair-scaled.jpg?resize=1400%2C800&ssl=1 4x"},"classes":[]},{"id":2085,"url":"https:\/\/bizautom.com\/fr\/produit\/bizautom-pc-1-tt-totalizer-indicator-advanced-weighing-and-totalizing-solution\/","url_meta":{"origin":4327,"position":4},"title":"BizAutom PC-1-TT Indicateur totalisateur - Solution avanc\u00e9e de pesage et de totalisation","author":"admin","date":"mars 3, 2025","format":false,"excerpt":"The BizAutom PC-1 Totalizer Indicator is the perfect solution for businesses that require accurate totalization, clear visual alerts, and industrial-grade durability in their weighing processes.","rel":"","context":"Article similaire","block_context":{"text":"Article similaire","link":""},"img":{"alt_text":"","src":"https:\/\/i0.wp.com\/bizautom.com\/wp-content\/uploads\/2025\/03\/Totalizer_Indicator.jpg?resize=350%2C200&ssl=1","width":350,"height":200,"srcset":"https:\/\/i0.wp.com\/bizautom.com\/wp-content\/uploads\/2025\/03\/Totalizer_Indicator.jpg?resize=350%2C200&ssl=1 1x, https:\/\/i0.wp.com\/bizautom.com\/wp-content\/uploads\/2025\/03\/Totalizer_Indicator.jpg?resize=525%2C300&ssl=1 1.5x, https:\/\/i0.wp.com\/bizautom.com\/wp-content\/uploads\/2025\/03\/Totalizer_Indicator.jpg?resize=700%2C400&ssl=1 2x, https:\/\/i0.wp.com\/bizautom.com\/wp-content\/uploads\/2025\/03\/Totalizer_Indicator.jpg?resize=1050%2C600&ssl=1 3x, https:\/\/i0.wp.com\/bizautom.com\/wp-content\/uploads\/2025\/03\/Totalizer_Indicator.jpg?resize=1400%2C800&ssl=1 4x"},"classes":[]},{"id":992,"url":"https:\/\/bizautom.com\/fr\/produit\/ps-wb\/","url_meta":{"origin":4327,"position":5},"title":"Prime Scales PS-WB Barre de charge \/ Barre de pes\u00e9e avec indicateur","author":"admin","date":"juillet 19, 2023","format":false,"excerpt":"Transformez votre goulotte \u00e0 b\u00e9tail, votre palette ou tout autre \u00e9quipement en une balance fiable gr\u00e2ce \u00e0 nos barres de pes\u00e9e. Avec une plateforme sur laquelle les appliquer, vous pouvez facilement convertir des installations existantes en syst\u00e8mes de pesage pr\u00e9cis.","rel":"","context":"Article similaire","block_context":{"text":"Article similaire","link":""},"img":{"alt_text":"","src":"https:\/\/i0.wp.com\/bizautom.com\/wp-content\/uploads\/2023\/07\/PS-WB.jpg?resize=350%2C200&ssl=1","width":350,"height":200,"srcset":"https:\/\/i0.wp.com\/bizautom.com\/wp-content\/uploads\/2023\/07\/PS-WB.jpg?resize=350%2C200&ssl=1 1x, https:\/\/i0.wp.com\/bizautom.com\/wp-content\/uploads\/2023\/07\/PS-WB.jpg?resize=525%2C300&ssl=1 1.5x, https:\/\/i0.wp.com\/bizautom.com\/wp-content\/uploads\/2023\/07\/PS-WB.jpg?resize=700%2C400&ssl=1 2x"},"classes":[]}],"jetpack_sharing_enabled":true,"_links":{"self":[{"href":"https:\/\/bizautom.com\/fr\/wp-json\/wp\/v2\/product\/4327","targetHints":{"allow":["GET"]}}],"collection":[{"href":"https:\/\/bizautom.com\/fr\/wp-json\/wp\/v2\/product"}],"about":[{"href":"https:\/\/bizautom.com\/fr\/wp-json\/wp\/v2\/types\/product"}],"replies":[{"embeddable":true,"href":"https:\/\/bizautom.com\/fr\/wp-json\/wp\/v2\/comments?post=4327"}],"version-history":[{"count":1,"href":"https:\/\/bizautom.com\/fr\/wp-json\/wp\/v2\/product\/4327\/revisions"}],"predecessor-version":[{"id":4329,"href":"https:\/\/bizautom.com\/fr\/wp-json\/wp\/v2\/product\/4327\/revisions\/4329"}],"wp:featuredmedia":[{"embeddable":true,"href":"https:\/\/bizautom.com\/fr\/wp-json\/wp\/v2\/media\/4328"}],"wp:attachment":[{"href":"https:\/\/bizautom.com\/fr\/wp-json\/wp\/v2\/media?parent=4327"}],"wp:term":[{"taxonomy":"product_brand","embeddable":true,"href":"https:\/\/bizautom.com\/fr\/wp-json\/wp\/v2\/product_brand?post=4327"},{"taxonomy":"product_cat","embeddable":true,"href":"https:\/\/bizautom.com\/fr\/wp-json\/wp\/v2\/product_cat?post=4327"},{"taxonomy":"product_tag","embeddable":true,"href":"https:\/\/bizautom.com\/fr\/wp-json\/wp\/v2\/product_tag?post=4327"}],"curies":[{"name":"wp","href":"https:\/\/api.w.org\/{rel}","templated":true}]}}