{"id":4337,"date":"2025-06-10T15:32:40","date_gmt":"2025-06-10T19:32:40","guid":{"rendered":"https:\/\/bizautom.com\/?post_type=product&#038;p=4337"},"modified":"2025-06-16T09:46:22","modified_gmt":"2025-06-16T13:46:22","slug":"bizautom-cubeweigh-dimensioner-and-scale-system","status":"publish","type":"product","link":"https:\/\/bizautom.com\/fr\/produit\/bizautom-cubeweigh-dimensioner-and-scale-system\/","title":{"rendered":"BizAutom BA-CBW Syst\u00e8me de dimensionnement et de pesage CubeWeigh"},"content":{"rendered":"<p data-start=\"195\" data-end=\"520\">Le syst\u00e8me de dimensionneur et de balance BizAutom est une solution puissante con\u00e7ue pour rationaliser vos processus de mesure et d'exp\u00e9dition de palettes. Il suffit de placer la palette sur la balance au sol robuste, puis de faire rouler le dimensionneur jusqu'\u00e0 la palette. En une seule action, le syst\u00e8me saisit instantan\u00e9ment le poids et les dimensions avec une grande pr\u00e9cision.<\/p>\n<p data-start=\"522\" data-end=\"788\">Toutes les donn\u00e9es - poids, longueur, largeur et hauteur - sont automatiquement enregistr\u00e9es et imprim\u00e9es sur place, ce qui r\u00e9duit les saisies manuelles et les erreurs humaines. Int\u00e9gration transparente avec votre syst\u00e8me <strong data-start=\"695\" data-end=\"729\">logiciel d'exp\u00e9dition, WMS ou ERP<\/strong> garantit un flux de donn\u00e9es fluide dans l'ensemble de vos op\u00e9rations logistiques.<\/p>\n<p data-start=\"790\" data-end=\"980\">Am\u00e9liorez la visibilit\u00e9 et la documentation en connectant une cam\u00e9ra optionnelle pour capturer une image de chaque palette. Cette fonction permet la v\u00e9rification des r\u00e9clamations, le suivi des stocks et l'audit des exp\u00e9ditions.<\/p>\n<p data-start=\"982\" data-end=\"999\"><strong data-start=\"982\" data-end=\"999\">Caract\u00e9ristiques principales :<\/strong><\/p>\n<ul data-start=\"1000\" data-end=\"1284\">\n<li data-start=\"1000\" data-end=\"1055\">\n<p data-start=\"1002\" data-end=\"1055\">Dimensionnement et pesage rapides et pr\u00e9cis des palettes<\/p>\n<\/li>\n<li data-start=\"1056\" data-end=\"1106\">\n<p data-start=\"1058\" data-end=\"1106\">Syst\u00e8me facile \u00e0 d\u00e9placer pour une utilisation flexible de l'entrep\u00f4t<\/p>\n<\/li>\n<li data-start=\"1107\" data-end=\"1161\">\n<p data-start=\"1109\" data-end=\"1161\">Saisie, impression et enregistrement num\u00e9rique instantan\u00e9s des donn\u00e9es<\/p>\n<\/li>\n<li data-start=\"1162\" data-end=\"1227\">\n<p data-start=\"1164\" data-end=\"1227\">Pr\u00eat pour l'int\u00e9gration avec les principaux WMS, ERP et plates-formes d'exp\u00e9dition<\/p>\n<\/li>\n<li data-start=\"1228\" data-end=\"1284\">\n<p data-start=\"1230\" data-end=\"1284\">Capture d'images de palettes en option pour une v\u00e9rification suppl\u00e9mentaire<\/p>\n<\/li>\n<\/ul>\n<p data-start=\"1286\" data-end=\"1471\">Id\u00e9al pour les entrep\u00f4ts, les centres d'ex\u00e9cution et les centres de distribution, le syst\u00e8me de dimensionnement et de pesage BizAutom vous aide \u00e0 gagner du temps, \u00e0 r\u00e9duire les erreurs et \u00e0 am\u00e9liorer l'efficacit\u00e9 logistique globale.<\/p>\n<p data-start=\"1286\" data-end=\"1471\"><strong>Sp\u00e9cifications :<\/strong><\/p>\n<p data-start=\"1286\" data-end=\"1471\">Taille de l'\u00e9chelle : 60\u2033x60\u2033<\/p>\n<p data-start=\"1286\" data-end=\"1471\">Taille du bras de mesure : 60\u2033x60\u2033x90\u2033<\/p>\n<p data-start=\"1286\" data-end=\"1471\">Capacit\u00e9 de poids : 10000lbs<\/p>\n<p data-start=\"1286\" data-end=\"1471\">Alimentation : Batterie rechargeable<\/p>\n<p data-start=\"1286\" data-end=\"1471\">Imprimante : Imprimante thermique d'\u00e9tiquettes PS-45<\/p>","protected":false},"excerpt":{"rendered":"<p>Efficace. Pr\u00e9cis. Int\u00e9gr\u00e9.<\/p>","protected":false},"featured_media":4338,"comment_status":"open","ping_status":"closed","template":"","meta":[],"product_brand":[51],"product_cat":[15,30],"product_tag":[],"class_list":{"0":"post-4337","1":"product","2":"type-product","3":"status-publish","4":"has-post-thumbnail","6":"product_brand-bizautom","7":"product_cat-industrial-equipment","8":"product_cat-industrial-scales","10":"first","11":"instock","12":"taxable","13":"shipping-taxable","14":"purchasable","15":"product-type-simple"},"yoast_head":"<!-- This site is optimized with the Yoast SEO plugin v27.4 - https:\/\/yoast.com\/product\/yoast-seo-wordpress\/ -->\n<title>BizAutom BA-CBW CubeWeigh Dimensioner and Scale System - BizAutom<\/title>\n<meta name=\"robots\" content=\"index, follow, max-snippet:-1, max-image-preview:large, max-video-preview:-1\" \/>\n<link rel=\"canonical\" href=\"https:\/\/bizautom.com\/fr\/produit\/bizautom-cubeweigh-dimensioner-and-scale-system\/\" \/>\n<meta property=\"og:locale\" content=\"fr_FR\" \/>\n<meta property=\"og:type\" content=\"article\" \/>\n<meta property=\"og:title\" content=\"BizAutom BA-CBW CubeWeigh Dimensioner and Scale System - BizAutom\" \/>\n<meta property=\"og:description\" content=\"Efficient. Accurate. Integrated.\" \/>\n<meta property=\"og:url\" content=\"https:\/\/bizautom.com\/fr\/produit\/bizautom-cubeweigh-dimensioner-and-scale-system\/\" \/>\n<meta property=\"og:site_name\" content=\"BizAutom\" \/>\n<meta property=\"article:publisher\" content=\"https:\/\/www.facebook.com\/people\/TINGCHEN-BizAutom\/61565746662873\/\" \/>\n<meta property=\"article:modified_time\" content=\"2025-06-16T13:46:22+00:00\" \/>\n<meta property=\"og:image\" content=\"https:\/\/bizautom.com\/wp-content\/uploads\/2025\/06\/CubeWeigh.jpg\" \/>\n\t<meta property=\"og:image:width\" content=\"1765\" \/>\n\t<meta property=\"og:image:height\" content=\"1765\" \/>\n\t<meta property=\"og:image:type\" content=\"image\/jpeg\" \/>\n<meta name=\"twitter:card\" content=\"summary_large_image\" \/>\n<meta name=\"twitter:label1\" content=\"Dur\u00e9e de lecture estim\u00e9e\" \/>\n\t<meta name=\"twitter:data1\" content=\"2 minutes\" \/>\n<!-- \/ Yoast SEO plugin. -->","yoast_head_json":{"title":"BizAutom BA-CBW CubeWeigh Dimensioner and Scale System - BizAutom","robots":{"index":"index","follow":"follow","max-snippet":"max-snippet:-1","max-image-preview":"max-image-preview:large","max-video-preview":"max-video-preview:-1"},"canonical":"https:\/\/bizautom.com\/fr\/produit\/bizautom-cubeweigh-dimensioner-and-scale-system\/","og_locale":"fr_FR","og_type":"article","og_title":"BizAutom BA-CBW CubeWeigh Dimensioner and Scale System - BizAutom","og_description":"Efficient. Accurate. Integrated.","og_url":"https:\/\/bizautom.com\/fr\/produit\/bizautom-cubeweigh-dimensioner-and-scale-system\/","og_site_name":"BizAutom","article_publisher":"https:\/\/www.facebook.com\/people\/TINGCHEN-BizAutom\/61565746662873\/","article_modified_time":"2025-06-16T13:46:22+00:00","og_image":[{"width":1765,"height":1765,"url":"https:\/\/bizautom.com\/wp-content\/uploads\/2025\/06\/CubeWeigh.jpg","type":"image\/jpeg"}],"twitter_card":"summary_large_image","twitter_misc":{"Dur\u00e9e de lecture estim\u00e9e":"2 minutes"},"schema":{"@context":"https:\/\/schema.org","@graph":[{"@type":"WebPage","@id":"https:\/\/bizautom.com\/product\/bizautom-cubeweigh-dimensioner-and-scale-system\/","url":"https:\/\/bizautom.com\/product\/bizautom-cubeweigh-dimensioner-and-scale-system\/","name":"BizAutom BA-CBW CubeWeigh Dimensioner and Scale System - BizAutom","isPartOf":{"@id":"https:\/\/bizautom.com\/#website"},"primaryImageOfPage":{"@id":"https:\/\/bizautom.com\/product\/bizautom-cubeweigh-dimensioner-and-scale-system\/#primaryimage"},"image":{"@id":"https:\/\/bizautom.com\/product\/bizautom-cubeweigh-dimensioner-and-scale-system\/#primaryimage"},"thumbnailUrl":"https:\/\/bizautom.com\/wp-content\/uploads\/2025\/06\/CubeWeigh.jpg","datePublished":"2025-06-10T19:32:40+00:00","dateModified":"2025-06-16T13:46:22+00:00","breadcrumb":{"@id":"https:\/\/bizautom.com\/product\/bizautom-cubeweigh-dimensioner-and-scale-system\/#breadcrumb"},"inLanguage":"fr-FR","potentialAction":[{"@type":"ReadAction","target":["https:\/\/bizautom.com\/product\/bizautom-cubeweigh-dimensioner-and-scale-system\/"]}]},{"@type":"ImageObject","inLanguage":"fr-FR","@id":"https:\/\/bizautom.com\/product\/bizautom-cubeweigh-dimensioner-and-scale-system\/#primaryimage","url":"https:\/\/bizautom.com\/wp-content\/uploads\/2025\/06\/CubeWeigh.jpg","contentUrl":"https:\/\/bizautom.com\/wp-content\/uploads\/2025\/06\/CubeWeigh.jpg","width":1765,"height":1765},{"@type":"BreadcrumbList","@id":"https:\/\/bizautom.com\/product\/bizautom-cubeweigh-dimensioner-and-scale-system\/#breadcrumb","itemListElement":[{"@type":"ListItem","position":1,"name":"Home","item":"https:\/\/bizautom.com\/"},{"@type":"ListItem","position":2,"name":"Shop","item":"https:\/\/bizautom.com\/shop-2\/"},{"@type":"ListItem","position":3,"name":"BizAutom BA-CBW CubeWeigh Dimensioner and Scale System"}]},{"@type":"WebSite","@id":"https:\/\/bizautom.com\/#website","url":"https:\/\/bizautom.com\/","name":"BizAutom","description":"Rapide. Pr\u00e9cis. Intelligent.","publisher":{"@id":"https:\/\/bizautom.com\/#organization"},"potentialAction":[{"@type":"SearchAction","target":{"@type":"EntryPoint","urlTemplate":"https:\/\/bizautom.com\/?s={search_term_string}"},"query-input":{"@type":"PropertyValueSpecification","valueRequired":true,"valueName":"search_term_string"}}],"inLanguage":"fr-FR"},{"@type":"Organization","@id":"https:\/\/bizautom.com\/#organization","name":"BizAutom","url":"https:\/\/bizautom.com\/","logo":{"@type":"ImageObject","inLanguage":"fr-FR","@id":"https:\/\/bizautom.com\/#\/schema\/logo\/image\/","url":"https:\/\/bizautom.com\/wp-content\/uploads\/2025\/04\/BizAutom_Logo_1.webp","contentUrl":"https:\/\/bizautom.com\/wp-content\/uploads\/2025\/04\/BizAutom_Logo_1.webp","width":455,"height":326,"caption":"BizAutom"},"image":{"@id":"https:\/\/bizautom.com\/#\/schema\/logo\/image\/"},"sameAs":["https:\/\/www.facebook.com\/people\/TINGCHEN-BizAutom\/61565746662873\/"]}]}},"jetpack-related-posts":[{"id":823,"url":"https:\/\/bizautom.com\/fr\/produit\/prime-scales-row-on-weigh-pallet-jack-floor-scale-with-ps-in202-indicator\/","url_meta":{"origin":4337,"position":0},"title":"Prime Scales Roll On Weigh Pallet Jack \/ Floor Scale avec indicateur PS-IN202","author":"admin","date":"juillet 18, 2023","format":false,"excerpt":"Lorsqu'il s'agit de peser ces objets, une rampe est essentielle, et c'est pr\u00e9cis\u00e9ment ce que proposent nos p\u00e8se-personnes roulants. La conception innovante garantit que lorsque les roues du transpalette, du chariot ou du fauteuil roulant touchent la rampe, celle-ci s'abaisse en douceur jusqu'au sol, supportant le poids en toute s\u00e9curit\u00e9.","rel":"","context":"Article similaire","block_context":{"text":"Article similaire","link":""},"img":{"alt_text":"","src":"https:\/\/i0.wp.com\/bizautom.com\/wp-content\/uploads\/2023\/07\/PS-ROWPalletJack-scaled.jpg?resize=350%2C200&ssl=1","width":350,"height":200,"srcset":"https:\/\/i0.wp.com\/bizautom.com\/wp-content\/uploads\/2023\/07\/PS-ROWPalletJack-scaled.jpg?resize=350%2C200&ssl=1 1x, https:\/\/i0.wp.com\/bizautom.com\/wp-content\/uploads\/2023\/07\/PS-ROWPalletJack-scaled.jpg?resize=525%2C300&ssl=1 1.5x, https:\/\/i0.wp.com\/bizautom.com\/wp-content\/uploads\/2023\/07\/PS-ROWPalletJack-scaled.jpg?resize=700%2C400&ssl=1 2x, https:\/\/i0.wp.com\/bizautom.com\/wp-content\/uploads\/2023\/07\/PS-ROWPalletJack-scaled.jpg?resize=1050%2C600&ssl=1 3x, https:\/\/i0.wp.com\/bizautom.com\/wp-content\/uploads\/2023\/07\/PS-ROWPalletJack-scaled.jpg?resize=1400%2C800&ssl=1 4x"},"classes":[]},{"id":4160,"url":"https:\/\/bizautom.com\/fr\/produit\/prime-scales-pi-scale-wrap-and-weigh-in-one-seamless-step\/","url_meta":{"origin":4337,"position":1},"title":"Prime Scales PI Scale : Envelopper et peser en une seule \u00e9tape transparente","author":"admin","date":"avril 20, 2025","format":false,"excerpt":"\u00c9liminez les doubles manipulations, acc\u00e9l\u00e9rez votre flux de travail et r\u00e9duisez le temps d'op\u00e9ration jusqu'\u00e0 40% - le tout avec une simple mise \u00e0 niveau.","rel":"","context":"Article similaire","block_context":{"text":"Article similaire","link":""},"img":{"alt_text":"","src":"https:\/\/i0.wp.com\/bizautom.com\/wp-content\/uploads\/2025\/04\/PS-PiScale.jpg?resize=350%2C200&ssl=1","width":350,"height":200,"srcset":"https:\/\/i0.wp.com\/bizautom.com\/wp-content\/uploads\/2025\/04\/PS-PiScale.jpg?resize=350%2C200&ssl=1 1x, https:\/\/i0.wp.com\/bizautom.com\/wp-content\/uploads\/2025\/04\/PS-PiScale.jpg?resize=525%2C300&ssl=1 1.5x, https:\/\/i0.wp.com\/bizautom.com\/wp-content\/uploads\/2025\/04\/PS-PiScale.jpg?resize=700%2C400&ssl=1 2x, https:\/\/i0.wp.com\/bizautom.com\/wp-content\/uploads\/2025\/04\/PS-PiScale.jpg?resize=1050%2C600&ssl=1 3x"},"classes":[]},{"id":1172,"url":"https:\/\/bizautom.com\/fr\/produit\/bizautom-ba-dws2424-laser-dimensional-scale-500x0-1lb-cap-with-printer-software\/","url_meta":{"origin":4337,"position":2},"title":"BizAutom BA-DS2424 Balance dimensionnelle laser 500\u00d70.1lb Cap. avec cam\u00e9ra, scanner, imprimante et logiciel","author":"admin","date":"d\u00e9cembre 29, 2023","format":false,"excerpt":"The BizAutom Laser Dimensional Scale is designed to bring precision and efficiency to your shipping processes. This innovative scale combines advanced weight and dimension measurement technology, streamlining shipping cost management and enhancing overall accuracy.","rel":"","context":"Article similaire","block_context":{"text":"Article similaire","link":""},"img":{"alt_text":"industrial smart scales","src":"https:\/\/i0.wp.com\/bizautom.com\/wp-content\/uploads\/2023\/12\/BA-DS2424-scaled.jpg?resize=350%2C200&ssl=1","width":350,"height":200,"srcset":"https:\/\/i0.wp.com\/bizautom.com\/wp-content\/uploads\/2023\/12\/BA-DS2424-scaled.jpg?resize=350%2C200&ssl=1 1x, https:\/\/i0.wp.com\/bizautom.com\/wp-content\/uploads\/2023\/12\/BA-DS2424-scaled.jpg?resize=525%2C300&ssl=1 1.5x, https:\/\/i0.wp.com\/bizautom.com\/wp-content\/uploads\/2023\/12\/BA-DS2424-scaled.jpg?resize=700%2C400&ssl=1 2x, https:\/\/i0.wp.com\/bizautom.com\/wp-content\/uploads\/2023\/12\/BA-DS2424-scaled.jpg?resize=1050%2C600&ssl=1 3x, https:\/\/i0.wp.com\/bizautom.com\/wp-content\/uploads\/2023\/12\/BA-DS2424-scaled.jpg?resize=1400%2C800&ssl=1 4x"},"classes":[]},{"id":1212,"url":"https:\/\/bizautom.com\/fr\/produit\/bizautom-ba-k120s-g4-versatile-stretch-wrap-machine-with-integrated-3-dimensional-weight-scale-and-label-printer\/","url_meta":{"origin":4337,"position":3},"title":"BizAutom BA-K120S G4 Machine d'emballage \u00e9tirable polyvalente avec balance de poids tridimensionnelle int\u00e9gr\u00e9e et imprimante d'\u00e9tiquettes","author":"admin","date":"janvier 22, 2024","format":false,"excerpt":"Nous vous pr\u00e9sentons la premi\u00e8re banderoleuse au monde dot\u00e9e d'une balance tridimensionnelle int\u00e9gr\u00e9e. Cette machine polyvalente peut emballer, peser, mesurer, imprimer et transmettre en une seule op\u00e9ration, ce qui vous permet d'\u00e9conomiser du temps et de l'argent.","rel":"","context":"Article similaire","block_context":{"text":"Article similaire","link":""},"img":{"alt_text":"","src":"https:\/\/i0.wp.com\/bizautom.com\/wp-content\/uploads\/2024\/01\/BA-K120S-WrappingMachineG4Color.jpg?resize=350%2C200&ssl=1","width":350,"height":200,"srcset":"https:\/\/i0.wp.com\/bizautom.com\/wp-content\/uploads\/2024\/01\/BA-K120S-WrappingMachineG4Color.jpg?resize=350%2C200&ssl=1 1x, https:\/\/i0.wp.com\/bizautom.com\/wp-content\/uploads\/2024\/01\/BA-K120S-WrappingMachineG4Color.jpg?resize=525%2C300&ssl=1 1.5x, https:\/\/i0.wp.com\/bizautom.com\/wp-content\/uploads\/2024\/01\/BA-K120S-WrappingMachineG4Color.jpg?resize=700%2C400&ssl=1 2x"},"classes":[]},{"id":2035,"url":"https:\/\/bizautom.com\/fr\/produit\/prime-systems-ps-k120s-g3-semi-automatic-stretch-wrap-machine-with-weight-and-height-measurement-and-printer\/","url_meta":{"origin":4337,"position":4},"title":"Prime Systems PS-K120S G3 Machine semi-automatique d'emballage sous film \u00e9tirable avec mesure du poids et de la hauteur et imprimante","author":"admin","date":"mars 2, 2025","format":false,"excerpt":"Enhance Your Shipping Efficiency & Cut Costs with the Prime Systems PS-K120S G3!","rel":"","context":"Article similaire","block_context":{"text":"Article similaire","link":""},"img":{"alt_text":"","src":"https:\/\/i0.wp.com\/bizautom.com\/wp-content\/uploads\/2025\/03\/K120S-G3.jpg?resize=350%2C200&ssl=1","width":350,"height":200,"srcset":"https:\/\/i0.wp.com\/bizautom.com\/wp-content\/uploads\/2025\/03\/K120S-G3.jpg?resize=350%2C200&ssl=1 1x, https:\/\/i0.wp.com\/bizautom.com\/wp-content\/uploads\/2025\/03\/K120S-G3.jpg?resize=525%2C300&ssl=1 1.5x, https:\/\/i0.wp.com\/bizautom.com\/wp-content\/uploads\/2025\/03\/K120S-G3.jpg?resize=700%2C400&ssl=1 2x, https:\/\/i0.wp.com\/bizautom.com\/wp-content\/uploads\/2025\/03\/K120S-G3.jpg?resize=1050%2C600&ssl=1 3x, https:\/\/i0.wp.com\/bizautom.com\/wp-content\/uploads\/2025\/03\/K120S-G3.jpg?resize=1400%2C800&ssl=1 4x"},"classes":[]},{"id":992,"url":"https:\/\/bizautom.com\/fr\/produit\/ps-wb\/","url_meta":{"origin":4337,"position":5},"title":"Prime Scales PS-WB Barre de charge \/ Barre de pes\u00e9e avec indicateur","author":"admin","date":"juillet 19, 2023","format":false,"excerpt":"Transformez votre goulotte \u00e0 b\u00e9tail, votre palette ou tout autre \u00e9quipement en une balance fiable gr\u00e2ce \u00e0 nos barres de pes\u00e9e. Avec une plateforme sur laquelle les appliquer, vous pouvez facilement convertir des installations existantes en syst\u00e8mes de pesage pr\u00e9cis.","rel":"","context":"Article similaire","block_context":{"text":"Article similaire","link":""},"img":{"alt_text":"","src":"https:\/\/i0.wp.com\/bizautom.com\/wp-content\/uploads\/2023\/07\/PS-WB.jpg?resize=350%2C200&ssl=1","width":350,"height":200,"srcset":"https:\/\/i0.wp.com\/bizautom.com\/wp-content\/uploads\/2023\/07\/PS-WB.jpg?resize=350%2C200&ssl=1 1x, https:\/\/i0.wp.com\/bizautom.com\/wp-content\/uploads\/2023\/07\/PS-WB.jpg?resize=525%2C300&ssl=1 1.5x, https:\/\/i0.wp.com\/bizautom.com\/wp-content\/uploads\/2023\/07\/PS-WB.jpg?resize=700%2C400&ssl=1 2x"},"classes":[]}],"jetpack_sharing_enabled":true,"_links":{"self":[{"href":"https:\/\/bizautom.com\/fr\/wp-json\/wp\/v2\/product\/4337","targetHints":{"allow":["GET"]}}],"collection":[{"href":"https:\/\/bizautom.com\/fr\/wp-json\/wp\/v2\/product"}],"about":[{"href":"https:\/\/bizautom.com\/fr\/wp-json\/wp\/v2\/types\/product"}],"replies":[{"embeddable":true,"href":"https:\/\/bizautom.com\/fr\/wp-json\/wp\/v2\/comments?post=4337"}],"version-history":[{"count":2,"href":"https:\/\/bizautom.com\/fr\/wp-json\/wp\/v2\/product\/4337\/revisions"}],"predecessor-version":[{"id":4344,"href":"https:\/\/bizautom.com\/fr\/wp-json\/wp\/v2\/product\/4337\/revisions\/4344"}],"wp:featuredmedia":[{"embeddable":true,"href":"https:\/\/bizautom.com\/fr\/wp-json\/wp\/v2\/media\/4338"}],"wp:attachment":[{"href":"https:\/\/bizautom.com\/fr\/wp-json\/wp\/v2\/media?parent=4337"}],"wp:term":[{"taxonomy":"product_brand","embeddable":true,"href":"https:\/\/bizautom.com\/fr\/wp-json\/wp\/v2\/product_brand?post=4337"},{"taxonomy":"product_cat","embeddable":true,"href":"https:\/\/bizautom.com\/fr\/wp-json\/wp\/v2\/product_cat?post=4337"},{"taxonomy":"product_tag","embeddable":true,"href":"https:\/\/bizautom.com\/fr\/wp-json\/wp\/v2\/product_tag?post=4337"}],"curies":[{"name":"wp","href":"https:\/\/api.w.org\/{rel}","templated":true}]}}