{"id":4341,"date":"2025-06-12T15:41:54","date_gmt":"2025-06-12T19:41:54","guid":{"rendered":"https:\/\/bizautom.com\/?post_type=product&#038;p=4341"},"modified":"2025-06-12T15:41:56","modified_gmt":"2025-06-12T19:41:56","slug":"ps-wcs-pro-premium-wheelchair-scale-with-enhanced-safety-and-stability","status":"publish","type":"product","link":"https:\/\/bizautom.com\/fr\/produit\/ps-wcs-pro-premium-wheelchair-scale-with-enhanced-safety-and-stability\/","title":{"rendered":"PS-WCS-Pro - Balance pour fauteuil roulant de qualit\u00e9 sup\u00e9rieure avec s\u00e9curit\u00e9 et stabilit\u00e9 accrues"},"content":{"rendered":"<p data-start=\"192\" data-end=\"541\">Le <strong data-start=\"196\" data-end=\"210\">PS-WCS-Pro<\/strong> est le p\u00e8se-personne pour fauteuil roulant de nouvelle g\u00e9n\u00e9ration, con\u00e7u avec pr\u00e9cision et une s\u00e9curit\u00e9 accrue pour les utilisateurs qui exigent fiabilit\u00e9, durabilit\u00e9 et tranquillit\u00e9 d'esprit. Construit sur la base du populaire PS-WCS, ce mod\u00e8le am\u00e9lior\u00e9 comprend des caract\u00e9ristiques avanc\u00e9es qui rendent la pes\u00e9e plus facile, plus s\u00fbre et plus efficace pour les patients et les soignants.<\/p>\n<h4 data-start=\"543\" data-end=\"565\"><strong data-start=\"548\" data-end=\"565\">Caract\u00e9ristiques principales :<\/strong><\/h4>\n<ul data-start=\"567\" data-end=\"2495\">\n<li data-start=\"567\" data-end=\"1026\">\n<p data-start=\"569\" data-end=\"617\"><strong data-start=\"569\" data-end=\"617\">Conception avanc\u00e9e de la rampe pour une stabilit\u00e9 in\u00e9gal\u00e9e<\/strong><\/p>\n<ul data-start=\"620\" data-end=\"1026\">\n<li data-start=\"620\" data-end=\"773\">\n<p data-start=\"622\" data-end=\"773\">Contrairement aux balances traditionnelles pour fauteuils roulants, le PS-WCS-Pro pr\u00e9sente les caract\u00e9ristiques suivantes <strong data-start=\"684\" data-end=\"772\">des rampes s\u00e9par\u00e9es de la base de la balance et solidement fix\u00e9es aux pieds de la balance<\/strong>.<\/p>\n<\/li>\n<li data-start=\"776\" data-end=\"918\">\n<p data-start=\"778\" data-end=\"918\">Cette conception unique \u00e9limine le risque de basculement de la balance lorsqu'un fauteuil roulant roule dessus, quel que soit le poids de l'occupant ou de la charge.<\/p>\n<\/li>\n<li data-start=\"921\" data-end=\"1026\">\n<p data-start=\"923\" data-end=\"1026\">Assure une entr\u00e9e et une sortie en douceur et en toute s\u00e9curit\u00e9 sans n\u00e9cessiter l'aide d'un soignant pour stabiliser le p\u00e8se-personne.<\/p>\n<\/li>\n<\/ul>\n<\/li>\n<li data-start=\"1028\" data-end=\"1323\">\n<p data-start=\"1030\" data-end=\"1062\"><strong data-start=\"1030\" data-end=\"1062\">Parois lat\u00e9rales de s\u00e9curit\u00e9 int\u00e9gr\u00e9es<\/strong><\/p>\n<ul data-start=\"1065\" data-end=\"1323\">\n<li data-start=\"1065\" data-end=\"1191\">\n<p data-start=\"1067\" data-end=\"1191\">Livr\u00e9 en standard avec <strong data-start=\"1087\" data-end=\"1108\">des parois lat\u00e9rales robustes<\/strong> pour \u00e9viter que les fauteuils roulants ne roulent accidentellement hors de la plate-forme pendant le pesage.<\/p>\n<\/li>\n<li data-start=\"1194\" data-end=\"1323\">\n<p data-start=\"1196\" data-end=\"1323\">Ajoute une couche suppl\u00e9mentaire de s\u00e9curit\u00e9, particuli\u00e8rement utile dans les environnements cliniques ou domestiques o\u00f9 les utilisateurs peuvent avoir besoin d'une protection suppl\u00e9mentaire.<\/p>\n<\/li>\n<\/ul>\n<\/li>\n<li data-start=\"1325\" data-end=\"1580\">\n<p data-start=\"1327\" data-end=\"1363\"><strong data-start=\"1327\" data-end=\"1363\">Plate-forme durable et discr\u00e8te<\/strong><\/p>\n<ul data-start=\"1366\" data-end=\"1580\">\n<li data-start=\"1366\" data-end=\"1489\">\n<p data-start=\"1368\" data-end=\"1489\">La balance est dot\u00e9e d'un <strong data-start=\"1389\" data-end=\"1424\">plate-forme plate de 31\u2033 x 25\u2033<\/strong>La plupart des fauteuils roulants manuels et \u00e9lectriques peuvent y \u00eatre confortablement install\u00e9s.<\/p>\n<\/li>\n<li data-start=\"1492\" data-end=\"1580\">\n<p data-start=\"1494\" data-end=\"1580\"><strong data-start=\"1494\" data-end=\"1516\">Conception \u00e0 profil bas<\/strong> permet aux utilisateurs de l'enfiler et de l'enlever facilement avec un minimum d'effort.<\/p>\n<\/li>\n<\/ul>\n<\/li>\n<li data-start=\"1582\" data-end=\"1848\">\n<p data-start=\"1584\" data-end=\"1617\"><strong data-start=\"1584\" data-end=\"1617\">Pr\u00e9cision et fiabilit\u00e9 \u00e9lev\u00e9es<\/strong><\/p>\n<ul data-start=\"1620\" data-end=\"1848\">\n<li data-start=\"1620\" data-end=\"1703\">\n<p data-start=\"1622\" data-end=\"1703\">Con\u00e7u avec des cellules de charge de pr\u00e9cision pour des lectures de poids coh\u00e9rentes et pr\u00e9cises.<\/p>\n<\/li>\n<li data-start=\"1706\" data-end=\"1848\">\n<p data-start=\"1708\" data-end=\"1848\">Id\u00e9al pour les \u00e9tablissements m\u00e9dicaux, les centres de r\u00e9\u00e9ducation, les maisons de retraite et les environnements de soins \u00e0 domicile o\u00f9 la pr\u00e9cision et la facilit\u00e9 d'utilisation sont essentielles.<\/p>\n<\/li>\n<\/ul>\n<\/li>\n<li data-start=\"1850\" data-end=\"2064\">\n<p data-start=\"1852\" data-end=\"1879\"><strong data-start=\"1852\" data-end=\"1879\">Fonctionnement convivial<\/strong><\/p>\n<ul data-start=\"1882\" data-end=\"2064\">\n<li data-start=\"1882\" data-end=\"1952\">\n<p data-start=\"1884\" data-end=\"1952\">Grand \u00e9cran LCD r\u00e9tro\u00e9clair\u00e9 pour des r\u00e9sultats de poids clairs et faciles \u00e0 lire.<\/p>\n<\/li>\n<li data-start=\"1955\" data-end=\"2064\">\n<p data-start=\"1957\" data-end=\"2064\">Une connectivit\u00e9 optionnelle avec les syst\u00e8mes de DME ou les imprimantes est disponible pour un suivi efficace des donn\u00e9es et de la documentation.<\/p>\n<\/li>\n<\/ul>\n<\/li>\n<li data-start=\"2066\" data-end=\"2287\">\n<p data-start=\"2068\" data-end=\"2091\"><strong data-start=\"2068\" data-end=\"2091\">Construit pour la long\u00e9vit\u00e9<\/strong><\/p>\n<ul data-start=\"2094\" data-end=\"2287\">\n<li data-start=\"2094\" data-end=\"2193\">\n<p data-start=\"2096\" data-end=\"2193\">Construit avec <strong data-start=\"2113\" data-end=\"2139\">cadre en acier tr\u00e8s r\u00e9sistant<\/strong> et antid\u00e9rapante pour des ann\u00e9es de service fiable.<\/p>\n<\/li>\n<li data-start=\"2196\" data-end=\"2287\">\n<p data-start=\"2198\" data-end=\"2287\">Le rev\u00eatement en poudre r\u00e9siste \u00e0 l'usure, aux rayures et \u00e0 la corrosion dans les environnements tr\u00e8s fr\u00e9quent\u00e9s.<\/p>\n<\/li>\n<\/ul>\n<\/li>\n<li data-start=\"2289\" data-end=\"2495\">\n<p data-start=\"2291\" data-end=\"2321\"><strong data-start=\"2291\" data-end=\"2321\">Portable et facile \u00e0 ranger<\/strong><\/p>\n<ul data-start=\"2324\" data-end=\"2495\">\n<li data-start=\"2324\" data-end=\"2430\">\n<p data-start=\"2326\" data-end=\"2430\">Malgr\u00e9 sa robustesse, le PS-WCS-Pro est con\u00e7u pour \u00eatre utilis\u00e9 en toute s\u00e9curit\u00e9. <strong data-start=\"2385\" data-end=\"2417\">l\u00e9ger et facile \u00e0 d\u00e9placer<\/strong> en cas de besoin.<\/p>\n<\/li>\n<li data-start=\"2433\" data-end=\"2495\">\n<p data-start=\"2435\" data-end=\"2495\">Les rails lat\u00e9raux peuvent \u00eatre d\u00e9tach\u00e9s pour un stockage ou un transport compact.<\/p>\n<\/li>\n<\/ul>\n<\/li>\n<\/ul>\n<p data-start=\"2502\" data-end=\"2753\" data-is-last-node=\"\" data-is-only-node=\"\">","protected":false},"excerpt":{"rendered":"<p>Avec ses fonctions de s\u00e9curit\u00e9 avanc\u00e9es, son int\u00e9gration am\u00e9lior\u00e9e des rampes d'acc\u00e8s et sa construction durable, la <strong data-start=\"2594\" data-end=\"2608\">PS-WCS-Pro<\/strong> red\u00e9finit le pesage des fauteuils roulants. Que ce soit dans un \u00e9tablissement m\u00e9dical ou \u00e0 domicile, cette balance offre des performances et une tranquillit\u00e9 d'esprit sur lesquelles vous pouvez compter.<\/p>","protected":false},"featured_media":4342,"comment_status":"open","ping_status":"closed","template":"","meta":[],"product_brand":[41],"product_cat":[29],"product_tag":[],"class_list":{"0":"post-4341","1":"product","2":"type-product","3":"status-publish","4":"has-post-thumbnail","6":"product_brand-prime-scales","7":"product_cat-medical-equipment-scales","9":"first","10":"instock","11":"taxable","12":"shipping-taxable","13":"purchasable","14":"product-type-simple"},"yoast_head":"<!-- This site is optimized with the Yoast SEO plugin v27.4 - https:\/\/yoast.com\/product\/yoast-seo-wordpress\/ -->\n<title>PS-WCS-Pro \u2013 Premium Wheelchair Scale with Enhanced Safety and Stability - BizAutom<\/title>\n<meta name=\"robots\" content=\"index, follow, max-snippet:-1, max-image-preview:large, max-video-preview:-1\" \/>\n<link rel=\"canonical\" href=\"https:\/\/bizautom.com\/fr\/produit\/ps-wcs-pro-premium-wheelchair-scale-with-enhanced-safety-and-stability\/\" \/>\n<meta property=\"og:locale\" content=\"fr_FR\" \/>\n<meta property=\"og:type\" content=\"article\" \/>\n<meta property=\"og:title\" content=\"PS-WCS-Pro \u2013 Premium Wheelchair Scale with Enhanced Safety and Stability - BizAutom\" \/>\n<meta property=\"og:description\" content=\"With its advanced safety features, improved ramp integration, and durable construction, the PS-WCS-Pro redefines wheelchair weighing. Whether in a medical facility or at home, this scale delivers the performance and peace of mind you can count on.\" \/>\n<meta property=\"og:url\" content=\"https:\/\/bizautom.com\/fr\/produit\/ps-wcs-pro-premium-wheelchair-scale-with-enhanced-safety-and-stability\/\" \/>\n<meta property=\"og:site_name\" content=\"BizAutom\" \/>\n<meta property=\"article:publisher\" content=\"https:\/\/www.facebook.com\/people\/TINGCHEN-BizAutom\/61565746662873\/\" \/>\n<meta property=\"article:modified_time\" content=\"2025-06-12T19:41:56+00:00\" \/>\n<meta property=\"og:image\" content=\"https:\/\/bizautom.com\/wp-content\/uploads\/2025\/06\/PS-WCS-Pro.jpg\" \/>\n\t<meta property=\"og:image:width\" content=\"1551\" \/>\n\t<meta property=\"og:image:height\" content=\"1551\" \/>\n\t<meta property=\"og:image:type\" content=\"image\/jpeg\" \/>\n<meta name=\"twitter:card\" content=\"summary_large_image\" \/>\n<meta name=\"twitter:label1\" content=\"Dur\u00e9e de lecture estim\u00e9e\" \/>\n\t<meta name=\"twitter:data1\" content=\"2 minutes\" \/>\n<!-- \/ Yoast SEO plugin. -->","yoast_head_json":{"title":"PS-WCS-Pro \u2013 Premium Wheelchair Scale with Enhanced Safety and Stability - BizAutom","robots":{"index":"index","follow":"follow","max-snippet":"max-snippet:-1","max-image-preview":"max-image-preview:large","max-video-preview":"max-video-preview:-1"},"canonical":"https:\/\/bizautom.com\/fr\/produit\/ps-wcs-pro-premium-wheelchair-scale-with-enhanced-safety-and-stability\/","og_locale":"fr_FR","og_type":"article","og_title":"PS-WCS-Pro \u2013 Premium Wheelchair Scale with Enhanced Safety and Stability - BizAutom","og_description":"With its advanced safety features, improved ramp integration, and durable construction, the PS-WCS-Pro redefines wheelchair weighing. Whether in a medical facility or at home, this scale delivers the performance and peace of mind you can count on.","og_url":"https:\/\/bizautom.com\/fr\/produit\/ps-wcs-pro-premium-wheelchair-scale-with-enhanced-safety-and-stability\/","og_site_name":"BizAutom","article_publisher":"https:\/\/www.facebook.com\/people\/TINGCHEN-BizAutom\/61565746662873\/","article_modified_time":"2025-06-12T19:41:56+00:00","og_image":[{"width":1551,"height":1551,"url":"https:\/\/bizautom.com\/wp-content\/uploads\/2025\/06\/PS-WCS-Pro.jpg","type":"image\/jpeg"}],"twitter_card":"summary_large_image","twitter_misc":{"Dur\u00e9e de lecture estim\u00e9e":"2 minutes"},"schema":{"@context":"https:\/\/schema.org","@graph":[{"@type":"WebPage","@id":"https:\/\/bizautom.com\/product\/ps-wcs-pro-premium-wheelchair-scale-with-enhanced-safety-and-stability\/","url":"https:\/\/bizautom.com\/product\/ps-wcs-pro-premium-wheelchair-scale-with-enhanced-safety-and-stability\/","name":"PS-WCS-Pro \u2013 Premium Wheelchair Scale with Enhanced Safety and Stability - BizAutom","isPartOf":{"@id":"https:\/\/bizautom.com\/#website"},"primaryImageOfPage":{"@id":"https:\/\/bizautom.com\/product\/ps-wcs-pro-premium-wheelchair-scale-with-enhanced-safety-and-stability\/#primaryimage"},"image":{"@id":"https:\/\/bizautom.com\/product\/ps-wcs-pro-premium-wheelchair-scale-with-enhanced-safety-and-stability\/#primaryimage"},"thumbnailUrl":"https:\/\/bizautom.com\/wp-content\/uploads\/2025\/06\/PS-WCS-Pro.jpg","datePublished":"2025-06-12T19:41:54+00:00","dateModified":"2025-06-12T19:41:56+00:00","breadcrumb":{"@id":"https:\/\/bizautom.com\/product\/ps-wcs-pro-premium-wheelchair-scale-with-enhanced-safety-and-stability\/#breadcrumb"},"inLanguage":"fr-FR","potentialAction":[{"@type":"ReadAction","target":["https:\/\/bizautom.com\/product\/ps-wcs-pro-premium-wheelchair-scale-with-enhanced-safety-and-stability\/"]}]},{"@type":"ImageObject","inLanguage":"fr-FR","@id":"https:\/\/bizautom.com\/product\/ps-wcs-pro-premium-wheelchair-scale-with-enhanced-safety-and-stability\/#primaryimage","url":"https:\/\/bizautom.com\/wp-content\/uploads\/2025\/06\/PS-WCS-Pro.jpg","contentUrl":"https:\/\/bizautom.com\/wp-content\/uploads\/2025\/06\/PS-WCS-Pro.jpg","width":1551,"height":1551},{"@type":"BreadcrumbList","@id":"https:\/\/bizautom.com\/product\/ps-wcs-pro-premium-wheelchair-scale-with-enhanced-safety-and-stability\/#breadcrumb","itemListElement":[{"@type":"ListItem","position":1,"name":"Home","item":"https:\/\/bizautom.com\/"},{"@type":"ListItem","position":2,"name":"Shop","item":"https:\/\/bizautom.com\/shop-2\/"},{"@type":"ListItem","position":3,"name":"PS-WCS-Pro \u2013 Premium Wheelchair Scale with Enhanced Safety and Stability"}]},{"@type":"WebSite","@id":"https:\/\/bizautom.com\/#website","url":"https:\/\/bizautom.com\/","name":"BizAutom","description":"Rapide. Pr\u00e9cis. Intelligent.","publisher":{"@id":"https:\/\/bizautom.com\/#organization"},"potentialAction":[{"@type":"SearchAction","target":{"@type":"EntryPoint","urlTemplate":"https:\/\/bizautom.com\/?s={search_term_string}"},"query-input":{"@type":"PropertyValueSpecification","valueRequired":true,"valueName":"search_term_string"}}],"inLanguage":"fr-FR"},{"@type":"Organization","@id":"https:\/\/bizautom.com\/#organization","name":"BizAutom","url":"https:\/\/bizautom.com\/","logo":{"@type":"ImageObject","inLanguage":"fr-FR","@id":"https:\/\/bizautom.com\/#\/schema\/logo\/image\/","url":"https:\/\/bizautom.com\/wp-content\/uploads\/2025\/04\/BizAutom_Logo_1.webp","contentUrl":"https:\/\/bizautom.com\/wp-content\/uploads\/2025\/04\/BizAutom_Logo_1.webp","width":455,"height":326,"caption":"BizAutom"},"image":{"@id":"https:\/\/bizautom.com\/#\/schema\/logo\/image\/"},"sameAs":["https:\/\/www.facebook.com\/people\/TINGCHEN-BizAutom\/61565746662873\/"]}]}},"jetpack-related-posts":[{"id":178,"url":"https:\/\/bizautom.com\/fr\/produit\/wcs\/","url_meta":{"origin":4341,"position":0},"title":"Prime Scales PS-WCS 1000lb Wheelchair Medical Scale with Reading Indicator (Balance m\u00e9dicale pour fauteuils roulants avec indicateur de lecture)","author":"admin","date":"juin 4, 2023","format":false,"excerpt":"Nous comprenons les difficult\u00e9s auxquelles sont confront\u00e9es les personnes en fauteuil roulant. C'est pourquoi nous avons con\u00e7u un p\u00e8se-personne pour fauteuil roulant qui fournit des informations rapides, s\u00fbres et pratiques sur le poids. Notre balance pour fauteuil roulant est sp\u00e9cialement con\u00e7ue pour les fauteuils roulants \u00e0 pouss\u00e9e manuelle. N'h\u00e9sitez pas \u00e0 consulter nos autres offres de fauteuils roulants \u00e9lectriques.","rel":"","context":"Article similaire","block_context":{"text":"Article similaire","link":""},"img":{"alt_text":"","src":"https:\/\/i0.wp.com\/bizautom.com\/wp-content\/uploads\/2023\/06\/PS-WCS-N.jpg?resize=350%2C200&ssl=1","width":350,"height":200,"srcset":"https:\/\/i0.wp.com\/bizautom.com\/wp-content\/uploads\/2023\/06\/PS-WCS-N.jpg?resize=350%2C200&ssl=1 1x, https:\/\/i0.wp.com\/bizautom.com\/wp-content\/uploads\/2023\/06\/PS-WCS-N.jpg?resize=525%2C300&ssl=1 1.5x, https:\/\/i0.wp.com\/bizautom.com\/wp-content\/uploads\/2023\/06\/PS-WCS-N.jpg?resize=700%2C400&ssl=1 2x, https:\/\/i0.wp.com\/bizautom.com\/wp-content\/uploads\/2023\/06\/PS-WCS-N.jpg?resize=1050%2C600&ssl=1 3x, https:\/\/i0.wp.com\/bizautom.com\/wp-content\/uploads\/2023\/06\/PS-WCS-N.jpg?resize=1400%2C800&ssl=1 4x"},"classes":[]},{"id":1147,"url":"https:\/\/bizautom.com\/fr\/produit\/prime-scales-row-on-weigh-electric-wheelchair-scale-with-ps-in202\/","url_meta":{"origin":4341,"position":1},"title":"Prime Scales Roll On Weigh Balance \u00e9lectrique pour fauteuil roulant avec PS-IN202","author":"admin","date":"septembre 16, 2023","format":false,"excerpt":"Introduction d'une balance sp\u00e9cialement con\u00e7ue pour peser les personnes en fauteuil roulant \u00e9lectrique, les balances traditionnelles pour fauteuils roulants n'\u00e9tant pas adapt\u00e9es \u00e0 leur taille et \u00e0 leur poids.","rel":"","context":"Article similaire","block_context":{"text":"Article similaire","link":""},"img":{"alt_text":"","src":"https:\/\/i0.wp.com\/bizautom.com\/wp-content\/uploads\/2023\/09\/PS-ROWwheelchair-scaled.jpg?resize=350%2C200&ssl=1","width":350,"height":200,"srcset":"https:\/\/i0.wp.com\/bizautom.com\/wp-content\/uploads\/2023\/09\/PS-ROWwheelchair-scaled.jpg?resize=350%2C200&ssl=1 1x, https:\/\/i0.wp.com\/bizautom.com\/wp-content\/uploads\/2023\/09\/PS-ROWwheelchair-scaled.jpg?resize=525%2C300&ssl=1 1.5x, https:\/\/i0.wp.com\/bizautom.com\/wp-content\/uploads\/2023\/09\/PS-ROWwheelchair-scaled.jpg?resize=700%2C400&ssl=1 2x, https:\/\/i0.wp.com\/bizautom.com\/wp-content\/uploads\/2023\/09\/PS-ROWwheelchair-scaled.jpg?resize=1050%2C600&ssl=1 3x, https:\/\/i0.wp.com\/bizautom.com\/wp-content\/uploads\/2023\/09\/PS-ROWwheelchair-scaled.jpg?resize=1400%2C800&ssl=1 4x"},"classes":[]},{"id":1522,"url":"https:\/\/bizautom.com\/fr\/produit\/bizautom-row-on-weigh-scale-with-hand-rails\/","url_meta":{"origin":4341,"position":2},"title":"BizAutom Roll On Weigh Scale with Hand Rails (balance \u00e0 roulettes avec rails pour les mains)","author":"admin","date":"ao\u00fbt 29, 2024","format":false,"excerpt":"BizAutom Row On Weigh Scale with Hand Rails, m\u00e9ticuleusement con\u00e7u pour mesurer avec pr\u00e9cision les personnes assises dans diff\u00e9rents types de fauteuils roulants, y compris les fauteuils \u00e9lectriques.","rel":"","context":"Article similaire","block_context":{"text":"Article similaire","link":""},"img":{"alt_text":"","src":"https:\/\/i0.wp.com\/bizautom.com\/wp-content\/uploads\/2024\/08\/BA-WCS-HD_ElectricWheelchair.jpg?resize=350%2C200&ssl=1","width":350,"height":200,"srcset":"https:\/\/i0.wp.com\/bizautom.com\/wp-content\/uploads\/2024\/08\/BA-WCS-HD_ElectricWheelchair.jpg?resize=350%2C200&ssl=1 1x, https:\/\/i0.wp.com\/bizautom.com\/wp-content\/uploads\/2024\/08\/BA-WCS-HD_ElectricWheelchair.jpg?resize=525%2C300&ssl=1 1.5x, https:\/\/i0.wp.com\/bizautom.com\/wp-content\/uploads\/2024\/08\/BA-WCS-HD_ElectricWheelchair.jpg?resize=700%2C400&ssl=1 2x, https:\/\/i0.wp.com\/bizautom.com\/wp-content\/uploads\/2024\/08\/BA-WCS-HD_ElectricWheelchair.jpg?resize=1050%2C600&ssl=1 3x"},"classes":[]},{"id":823,"url":"https:\/\/bizautom.com\/fr\/produit\/prime-scales-row-on-weigh-pallet-jack-floor-scale-with-ps-in202-indicator\/","url_meta":{"origin":4341,"position":3},"title":"Prime Scales Roll On Weigh Pallet Jack \/ Floor Scale avec indicateur PS-IN202","author":"admin","date":"juillet 18, 2023","format":false,"excerpt":"Lorsqu'il s'agit de peser ces objets, une rampe est essentielle, et c'est pr\u00e9cis\u00e9ment ce que proposent nos p\u00e8se-personnes roulants. La conception innovante garantit que lorsque les roues du transpalette, du chariot ou du fauteuil roulant touchent la rampe, celle-ci s'abaisse en douceur jusqu'au sol, supportant le poids en toute s\u00e9curit\u00e9.","rel":"","context":"Article similaire","block_context":{"text":"Article similaire","link":""},"img":{"alt_text":"","src":"https:\/\/i0.wp.com\/bizautom.com\/wp-content\/uploads\/2023\/07\/PS-ROWPalletJack-scaled.jpg?resize=350%2C200&ssl=1","width":350,"height":200,"srcset":"https:\/\/i0.wp.com\/bizautom.com\/wp-content\/uploads\/2023\/07\/PS-ROWPalletJack-scaled.jpg?resize=350%2C200&ssl=1 1x, https:\/\/i0.wp.com\/bizautom.com\/wp-content\/uploads\/2023\/07\/PS-ROWPalletJack-scaled.jpg?resize=525%2C300&ssl=1 1.5x, https:\/\/i0.wp.com\/bizautom.com\/wp-content\/uploads\/2023\/07\/PS-ROWPalletJack-scaled.jpg?resize=700%2C400&ssl=1 2x, https:\/\/i0.wp.com\/bizautom.com\/wp-content\/uploads\/2023\/07\/PS-ROWPalletJack-scaled.jpg?resize=1050%2C600&ssl=1 3x, https:\/\/i0.wp.com\/bizautom.com\/wp-content\/uploads\/2023\/07\/PS-ROWPalletJack-scaled.jpg?resize=1400%2C800&ssl=1 4x"},"classes":[]},{"id":1001,"url":"https:\/\/bizautom.com\/fr\/produit\/prime-scales-ps-700as4422-livestock-scale-veterinary-scale-with-indicator\/","url_meta":{"origin":4341,"position":4},"title":"Prime Scales PS-700AS4422 Balance pour b\u00e9tail | Balance v\u00e9t\u00e9rinaire avec indicateur","author":"admin","date":"juillet 19, 2023","format":false,"excerpt":"L'utilisation de balances pour b\u00e9tail permet d'assurer un suivi pr\u00e9cis et efficace de la sant\u00e9 des animaux \u00e0 diff\u00e9rents stades de leur croissance. La pes\u00e9e des animaux est un aspect crucial de l'exploitation agricole, car elle permet de maintenir des performances optimales et de garantir leur bien-\u00eatre.","rel":"","context":"Article similaire","block_context":{"text":"Article similaire","link":""},"img":{"alt_text":"","src":"https:\/\/i0.wp.com\/bizautom.com\/wp-content\/uploads\/2023\/07\/CloudAnimalScale-Pig.jpg?resize=350%2C200&ssl=1","width":350,"height":200,"srcset":"https:\/\/i0.wp.com\/bizautom.com\/wp-content\/uploads\/2023\/07\/CloudAnimalScale-Pig.jpg?resize=350%2C200&ssl=1 1x, https:\/\/i0.wp.com\/bizautom.com\/wp-content\/uploads\/2023\/07\/CloudAnimalScale-Pig.jpg?resize=525%2C300&ssl=1 1.5x, https:\/\/i0.wp.com\/bizautom.com\/wp-content\/uploads\/2023\/07\/CloudAnimalScale-Pig.jpg?resize=700%2C400&ssl=1 2x, https:\/\/i0.wp.com\/bizautom.com\/wp-content\/uploads\/2023\/07\/CloudAnimalScale-Pig.jpg?resize=1050%2C600&ssl=1 3x, https:\/\/i0.wp.com\/bizautom.com\/wp-content\/uploads\/2023\/07\/CloudAnimalScale-Pig.jpg?resize=1400%2C800&ssl=1 4x"},"classes":[]},{"id":3667,"url":"https:\/\/bizautom.com\/fr\/produit\/prime-scales-ps-b99ss-stainless-steel-portion-scale\/","url_meta":{"origin":4341,"position":5},"title":"Prime Scales PS-B99SS P\u00e8se-portions en acier inoxydable","author":"admin","date":"avril 3, 2025","format":false,"excerpt":"Upgrade your weighing system with the PS-B99SS and experience the perfect balance of accuracy, durability, and convenience!","rel":"","context":"Article similaire","block_context":{"text":"Article similaire","link":""},"img":{"alt_text":"","src":"https:\/\/i0.wp.com\/bizautom.com\/wp-content\/uploads\/2025\/04\/PS-B99SS-scaled.webp?resize=350%2C200&ssl=1","width":350,"height":200,"srcset":"https:\/\/i0.wp.com\/bizautom.com\/wp-content\/uploads\/2025\/04\/PS-B99SS-scaled.webp?resize=350%2C200&ssl=1 1x, https:\/\/i0.wp.com\/bizautom.com\/wp-content\/uploads\/2025\/04\/PS-B99SS-scaled.webp?resize=525%2C300&ssl=1 1.5x, https:\/\/i0.wp.com\/bizautom.com\/wp-content\/uploads\/2025\/04\/PS-B99SS-scaled.webp?resize=700%2C400&ssl=1 2x, https:\/\/i0.wp.com\/bizautom.com\/wp-content\/uploads\/2025\/04\/PS-B99SS-scaled.webp?resize=1050%2C600&ssl=1 3x, https:\/\/i0.wp.com\/bizautom.com\/wp-content\/uploads\/2025\/04\/PS-B99SS-scaled.webp?resize=1400%2C800&ssl=1 4x"},"classes":[]}],"jetpack_sharing_enabled":true,"_links":{"self":[{"href":"https:\/\/bizautom.com\/fr\/wp-json\/wp\/v2\/product\/4341","targetHints":{"allow":["GET"]}}],"collection":[{"href":"https:\/\/bizautom.com\/fr\/wp-json\/wp\/v2\/product"}],"about":[{"href":"https:\/\/bizautom.com\/fr\/wp-json\/wp\/v2\/types\/product"}],"replies":[{"embeddable":true,"href":"https:\/\/bizautom.com\/fr\/wp-json\/wp\/v2\/comments?post=4341"}],"version-history":[{"count":1,"href":"https:\/\/bizautom.com\/fr\/wp-json\/wp\/v2\/product\/4341\/revisions"}],"predecessor-version":[{"id":4343,"href":"https:\/\/bizautom.com\/fr\/wp-json\/wp\/v2\/product\/4341\/revisions\/4343"}],"wp:featuredmedia":[{"embeddable":true,"href":"https:\/\/bizautom.com\/fr\/wp-json\/wp\/v2\/media\/4342"}],"wp:attachment":[{"href":"https:\/\/bizautom.com\/fr\/wp-json\/wp\/v2\/media?parent=4341"}],"wp:term":[{"taxonomy":"product_brand","embeddable":true,"href":"https:\/\/bizautom.com\/fr\/wp-json\/wp\/v2\/product_brand?post=4341"},{"taxonomy":"product_cat","embeddable":true,"href":"https:\/\/bizautom.com\/fr\/wp-json\/wp\/v2\/product_cat?post=4341"},{"taxonomy":"product_tag","embeddable":true,"href":"https:\/\/bizautom.com\/fr\/wp-json\/wp\/v2\/product_tag?post=4341"}],"curies":[{"name":"wp","href":"https:\/\/api.w.org\/{rel}","templated":true}]}}