{"id":1499,"date":"2024-08-17T23:35:34","date_gmt":"2024-08-17T23:35:34","guid":{"rendered":"https:\/\/bizautom.com\/?page_id=1499"},"modified":"2024-08-19T18:55:35","modified_gmt":"2024-08-19T18:55:35","slug":"affordable-scada-systems","status":"publish","type":"page","link":"https:\/\/bizautom.com\/pt\/affordable-scada-systems\/","title":{"rendered":"Sistemas SCADA acess\u00edveis"},"content":{"rendered":"<h3 class=\"wp-block-heading\">Compromisso da BizAutom com solu\u00e7\u00f5es econ\u00f4micas<\/h3>\n\n\n\n<p>Na BizAutom, nos dedicamos a fornecer m\u00e1quinas autom\u00e1ticas de pesagem, medi\u00e7\u00e3o e embalagem de alta qualidade e econ\u00f4micas que atendem \u00e0s diversas necessidades das empresas, independentemente do tamanho. Entendemos que a efici\u00eancia e a precis\u00e3o s\u00e3o essenciais para manter uma vantagem competitiva no mercado atual de ritmo acelerado. \u00c9 por isso que nossas solu\u00e7\u00f5es s\u00e3o projetadas especificamente para agilizar suas opera\u00e7\u00f5es, reduzir custos indiretos e aumentar a produtividade.<\/p>\n\n\n\n<p>Nossas m\u00e1quinas s\u00e3o constru\u00eddas com as mais recentes inova\u00e7\u00f5es em automa\u00e7\u00e3o e s\u00e3o projetadas para serem escalon\u00e1veis, garantindo que possam crescer junto com sua empresa. N\u00e3o importa se voc\u00ea \u00e9 uma pequena empresa que deseja otimizar alguns processos ou uma grande corpora\u00e7\u00e3o que deseja reformular sua linha de produ\u00e7\u00e3o, a BizAutom tem a solu\u00e7\u00e3o certa para voc\u00ea.<\/p>\n\n\n\n<h3 class=\"wp-block-heading\">Aproveitamento da tecnologia SCADA para obter um desempenho superior<\/h3>\n\n\n\n<p>Um dos pilares da nossa tecnologia \u00e9 a integra\u00e7\u00e3o dos sistemas SCADA (Supervisory Control and Data Acquisition, Controle de Supervis\u00e3o e Aquisi\u00e7\u00e3o de Dados). O SCADA \u00e9 uma ferramenta poderosa que permite o monitoramento e o controle em tempo real de processos industriais. Ele \u00e9 amplamente utilizado em setores como manufatura, energia, tratamento de \u00e1gua e transporte, onde a efici\u00eancia, a precis\u00e3o e a confiabilidade s\u00e3o fundamentais.<\/p>\n\n\n\n<h3 class=\"wp-block-heading\">O que \u00e9 SCADA?<\/h3>\n\n\n\n<p>O SCADA \u00e9 um sistema avan\u00e7ado que coleta dados de sensores e dispositivos localizados em uma instala\u00e7\u00e3o de produ\u00e7\u00e3o. Em seguida, esses dados s\u00e3o processados e exibidos em uma interface amig\u00e1vel, permitindo que os operadores monitorem o desempenho do equipamento, acompanhem as m\u00e9tricas de produ\u00e7\u00e3o e respondam a problemas em tempo real. Os sistemas SCADA tamb\u00e9m podem automatizar tarefas de rotina, reduzindo a necessidade de interven\u00e7\u00e3o manual e minimizando o risco de erro humano.<\/p>\n\n\n\n<h3 class=\"wp-block-heading\">Como o SCADA beneficia nossos clientes<\/h3>\n\n\n\n<ol class=\"wp-block-list\">\n<li><strong>Efici\u00eancia aprimorada:<\/strong> Os sistemas SCADA permitem a coleta e a an\u00e1lise de dados em tempo real, possibilitando que as empresas otimizem os processos, reduzam o tempo de inatividade e aumentem a efici\u00eancia geral.<\/li>\n\n\n\n<li><strong>Precis\u00e3o aprimorada:<\/strong> Ao automatizar a coleta e a an\u00e1lise de dados, o SCADA reduz o potencial de erros, garantindo que as medi\u00e7\u00f5es sejam precisas e confi\u00e1veis.<\/li>\n\n\n\n<li><strong>Economia de custos:<\/strong> A automa\u00e7\u00e3o por meio do SCADA minimiza a necessidade de trabalho manual e reduz a probabilidade de erros dispendiosos, levando a uma economia significativa de custos ao longo do tempo.<\/li>\n\n\n\n<li><strong>Escalabilidade:<\/strong> Os sistemas SCADA s\u00e3o altamente escalon\u00e1veis, o que os torna adequados para empresas de todos os tamanhos. \u00c0 medida que suas opera\u00e7\u00f5es crescem, o SCADA pode se adaptar facilmente para gerenciar o aumento dos requisitos de dados e controle.<\/li>\n\n\n\n<li><strong>Monitoramento e controle remotos:<\/strong> O SCADA permite o monitoramento e o controle remoto de equipamentos, proporcionando flexibilidade e garantindo que os processos possam ser gerenciados de qualquer lugar, a qualquer momento.<\/li>\n\n\n\n<li><strong>Tomada de decis\u00e3o orientada por dados:<\/strong> Com o SCADA, as empresas podem aproveitar o poder dos dados para tomar decis\u00f5es informadas, otimizar a aloca\u00e7\u00e3o de recursos e melhorar o desempenho operacional geral.<\/li>\n<\/ol>\n\n\n\n<p>Na BizAutom, temos o compromisso de ajudar nossos clientes a aproveitar os benef\u00edcios da tecnologia SCADA para atingir suas metas operacionais. Nossas m\u00e1quinas n\u00e3o s\u00e3o apenas econ\u00f4micas, mas tamb\u00e9m projetadas para se integrarem perfeitamente aos sistemas SCADA, fornecendo uma solu\u00e7\u00e3o abrangente que gera efici\u00eancia, precis\u00e3o e crescimento.<\/p>\n\n\n\n<p>Deixe a BizAutom ser sua parceira na constru\u00e7\u00e3o de um futuro mais inteligente e eficiente para sua empresa.<\/p>","protected":false},"excerpt":{"rendered":"<p>BizAutom&#8217;s Commitment to Cost-Effective Solutions At BizAutom, we are dedicated to delivering high-quality, cost-effective automatic weighing, measuring, and packing machines that cater to the diverse needs of businesses, regardless of their size. We understand that efficiency and precision are critical to maintaining a competitive edge in today&#8217;s fast-paced market. That&#8217;s why our solutions are specifically [&hellip;]<\/p>\n","protected":false},"author":1,"featured_media":0,"parent":0,"menu_order":0,"comment_status":"closed","ping_status":"closed","template":"","meta":{"footnotes":""},"class_list":["post-1499","page","type-page","status-publish","hentry"],"yoast_head":"<!-- This site is optimized with the Yoast SEO plugin v27.3 - https:\/\/yoast.com\/product\/yoast-seo-wordpress\/ -->\n<title>Affordable SCADA Systems for Efficient Automation Solutions<\/title>\n<meta name=\"description\" content=\"Explore our cost-effective SCADA systems designed to streamline industrial automation, enhance monitoring, &amp; boost productivity with advanced technology!\" \/>\n<meta name=\"robots\" content=\"index, follow, max-snippet:-1, max-image-preview:large, max-video-preview:-1\" \/>\n<link rel=\"canonical\" href=\"https:\/\/bizautom.com\/pt\/affordable-scada-systems\/\" \/>\n<meta property=\"og:locale\" content=\"pt_BR\" \/>\n<meta property=\"og:type\" content=\"article\" \/>\n<meta property=\"og:title\" content=\"Affordable SCADA Systems for Efficient Automation Solutions\" \/>\n<meta property=\"og:description\" content=\"Explore our cost-effective SCADA systems designed to streamline industrial automation, enhance monitoring, &amp; boost productivity with advanced technology!\" \/>\n<meta property=\"og:url\" content=\"https:\/\/bizautom.com\/pt\/affordable-scada-systems\/\" \/>\n<meta property=\"og:site_name\" content=\"BizAutom\" \/>\n<meta property=\"article:publisher\" content=\"https:\/\/www.facebook.com\/people\/TINGCHEN-BizAutom\/61565746662873\/\" \/>\n<meta property=\"article:modified_time\" content=\"2024-08-19T18:55:35+00:00\" \/>\n<meta name=\"twitter:card\" content=\"summary_large_image\" \/>\n<meta name=\"twitter:label1\" content=\"Est. tempo de leitura\" \/>\n\t<meta name=\"twitter:data1\" content=\"3 minutos\" \/>\n<!-- \/ Yoast SEO plugin. -->","yoast_head_json":{"title":"Affordable SCADA Systems for Efficient Automation Solutions","description":"Explore our cost-effective SCADA systems designed to streamline industrial automation, enhance monitoring, & boost productivity with advanced technology!","robots":{"index":"index","follow":"follow","max-snippet":"max-snippet:-1","max-image-preview":"max-image-preview:large","max-video-preview":"max-video-preview:-1"},"canonical":"https:\/\/bizautom.com\/pt\/affordable-scada-systems\/","og_locale":"pt_BR","og_type":"article","og_title":"Affordable SCADA Systems for Efficient Automation Solutions","og_description":"Explore our cost-effective SCADA systems designed to streamline industrial automation, enhance monitoring, & boost productivity with advanced technology!","og_url":"https:\/\/bizautom.com\/pt\/affordable-scada-systems\/","og_site_name":"BizAutom","article_publisher":"https:\/\/www.facebook.com\/people\/TINGCHEN-BizAutom\/61565746662873\/","article_modified_time":"2024-08-19T18:55:35+00:00","twitter_card":"summary_large_image","twitter_misc":{"Est. tempo de leitura":"3 minutos"},"schema":{"@context":"https:\/\/schema.org","@graph":[{"@type":"WebPage","@id":"https:\/\/bizautom.com\/affordable-scada-systems\/","url":"https:\/\/bizautom.com\/affordable-scada-systems\/","name":"Affordable SCADA Systems for Efficient Automation Solutions","isPartOf":{"@id":"https:\/\/bizautom.com\/#website"},"datePublished":"2024-08-17T23:35:34+00:00","dateModified":"2024-08-19T18:55:35+00:00","description":"Explore our cost-effective SCADA systems designed to streamline industrial automation, enhance monitoring, & boost productivity with advanced technology!","breadcrumb":{"@id":"https:\/\/bizautom.com\/affordable-scada-systems\/#breadcrumb"},"inLanguage":"pt-BR","potentialAction":[{"@type":"ReadAction","target":["https:\/\/bizautom.com\/affordable-scada-systems\/"]}]},{"@type":"BreadcrumbList","@id":"https:\/\/bizautom.com\/affordable-scada-systems\/#breadcrumb","itemListElement":[{"@type":"ListItem","position":1,"name":"Home","item":"https:\/\/bizautom.com\/"},{"@type":"ListItem","position":2,"name":"Affordable SCADA Systems"}]},{"@type":"WebSite","@id":"https:\/\/bizautom.com\/#website","url":"https:\/\/bizautom.com\/","name":"BizAutom","description":"R\u00e1pido. Preciso. Inteligente.","publisher":{"@id":"https:\/\/bizautom.com\/#organization"},"potentialAction":[{"@type":"SearchAction","target":{"@type":"EntryPoint","urlTemplate":"https:\/\/bizautom.com\/?s={search_term_string}"},"query-input":{"@type":"PropertyValueSpecification","valueRequired":true,"valueName":"search_term_string"}}],"inLanguage":"pt-BR"},{"@type":"Organization","@id":"https:\/\/bizautom.com\/#organization","name":"BizAutom","url":"https:\/\/bizautom.com\/","logo":{"@type":"ImageObject","inLanguage":"pt-BR","@id":"https:\/\/bizautom.com\/#\/schema\/logo\/image\/","url":"https:\/\/bizautom.com\/wp-content\/uploads\/2025\/04\/BizAutom_Logo_1.webp","contentUrl":"https:\/\/bizautom.com\/wp-content\/uploads\/2025\/04\/BizAutom_Logo_1.webp","width":455,"height":326,"caption":"BizAutom"},"image":{"@id":"https:\/\/bizautom.com\/#\/schema\/logo\/image\/"},"sameAs":["https:\/\/www.facebook.com\/people\/TINGCHEN-BizAutom\/61565746662873\/"]}]}},"jetpack-related-posts":[{"id":353,"url":"https:\/\/bizautom.com\/pt\/bizautom\/","url_meta":{"origin":1499,"position":0},"title":"BizAutom","author":"admin","date":"junho 13, 2023","format":false,"excerpt":"About BizAutom Advanced Equipment Redefined with AI Integration In the realm of cutting-edge technology, BizAutom has emerged as a leading brand synonymous with state-of-the-art equipment seamlessly integrated with artificial intelligence (AI) functions. Our products not only boast advanced features but also possess the ability to \"think,\" \"learn,\" and execute commands\u2026","rel":"","context":"Post similar","block_context":{"text":"Post similar","link":""},"img":{"alt_text":"","src":"","width":0,"height":0},"classes":[]},{"id":2930,"url":"https:\/\/bizautom.com\/pt\/landing-page\/","url_meta":{"origin":1499,"position":1},"title":"Landing page","author":"admin","date":"mar\u00e7o 27, 2025","format":false,"excerpt":"Welcome to BizAutom Revolutionizing Business Automation Empowering Your Business with Cutting-Edge Monitoring Solutions At BizAutom, we specialize in affordable, smart, and efficient automation solutions designed to streamline your operations. From precision weighing, measuring, and packing systems to cutting-edge SCADA technology, our products cater to businesses of all sizes. Whether you're\u2026","rel":"","context":"Post similar","block_context":{"text":"Post similar","link":""},"img":{"alt_text":"","src":"https:\/\/bizautom.com\/wp-content\/uploads\/2025\/03\/222-1024x683.avif","width":350,"height":200,"srcset":"https:\/\/bizautom.com\/wp-content\/uploads\/2025\/03\/222-1024x683.avif 1x, https:\/\/bizautom.com\/wp-content\/uploads\/2025\/03\/222-1024x683.avif 1.5x, https:\/\/bizautom.com\/wp-content\/uploads\/2025\/03\/222-1024x683.avif 2x"},"classes":[]},{"id":2061,"url":"https:\/\/bizautom.com\/pt\/shop-2\/","url_meta":{"origin":1499,"position":2},"title":"Loja","author":"Hitesh Sonwane","date":"mar\u00e7o 3, 2025","format":false,"excerpt":"Products search Home Elevate Your Business with BizAutom - Your Precision Partner in Weighing Solutions Welcome to BizAutom, where precision meets innovation in the world of industrial, farm, medical, and software solutions. As your premier destination for cutting-edge weighing equipment. We understand the crucial role accurate measurements play in the\u2026","rel":"","context":"Post similar","block_context":{"text":"Post similar","link":""},"img":{"alt_text":"","src":"","width":0,"height":0},"classes":[]},{"id":1476,"url":"https:\/\/bizautom.com\/pt\/our-story\/","url_meta":{"origin":1499,"position":3},"title":"Nossa hist\u00f3ria","author":"admin","date":"julho 14, 2024","format":false,"excerpt":"Our Story The BizAutom Story: From Scale to SCADA The Early Days: Mastering the Scale In the fast-paced world of industrial automation, few companies have navigated the landscape as successfully as BizAutom. From its humble beginnings focusing on weight scales to becoming a key player in SCADA (Supervisory Control and\u2026","rel":"","context":"Post similar","block_context":{"text":"Post similar","link":""},"img":{"alt_text":"","src":"","width":0,"height":0},"classes":[]},{"id":80,"url":"https:\/\/bizautom.com\/pt\/about\/","url_meta":{"origin":1499,"position":4},"title":"Sobre","author":"admin","date":"junho 4, 2023","format":false,"excerpt":"About Us Home At BizAutom, we pride ourselves on manufacturing cost-effective automatic weighing, measuring, and packing machines. Focusing on precision, efficiency, and reliability, our cutting-edge technology is designed to cater to businesses of all sizes.With years of industry experience, we understand our customers' diverse needs and challenges. Our mission is\u2026","rel":"","context":"Post similar","block_context":{"text":"Post similar","link":""},"img":{"alt_text":"","src":"","width":0,"height":0},"classes":[]},{"id":3561,"url":"https:\/\/bizautom.com\/pt\/talk-to-our-expert\/","url_meta":{"origin":1499,"position":5},"title":"Fale com nosso especialista","author":"Hitesh Sonwane","date":"abril 3, 2025","format":false,"excerpt":"Precision Care for Peak Performance Core Body Temperature MonitoringEstrus MonitoringHealth MonitoringHerd MonitoringManagement Software Have questions or need assistance? Get in touch with BizAutom \u2013 we're here to help you streamline your business with smart automation solutions! Our Expert Panel and Q\/A Connect with our experts at BizAutom for tailored automation\u2026","rel":"","context":"Post similar","block_context":{"text":"Post similar","link":""},"img":{"alt_text":"","src":"https:\/\/i0.wp.com\/bizautom.com\/wp-content\/uploads\/2025\/04\/BoviVitals_logo_white-150x150.webp?resize=350%2C200&ssl=1","width":350,"height":200},"classes":[]}],"jetpack_sharing_enabled":true,"_links":{"self":[{"href":"https:\/\/bizautom.com\/pt\/wp-json\/wp\/v2\/pages\/1499","targetHints":{"allow":["GET"]}}],"collection":[{"href":"https:\/\/bizautom.com\/pt\/wp-json\/wp\/v2\/pages"}],"about":[{"href":"https:\/\/bizautom.com\/pt\/wp-json\/wp\/v2\/types\/page"}],"author":[{"embeddable":true,"href":"https:\/\/bizautom.com\/pt\/wp-json\/wp\/v2\/users\/1"}],"replies":[{"embeddable":true,"href":"https:\/\/bizautom.com\/pt\/wp-json\/wp\/v2\/comments?post=1499"}],"version-history":[{"count":1,"href":"https:\/\/bizautom.com\/pt\/wp-json\/wp\/v2\/pages\/1499\/revisions"}],"predecessor-version":[{"id":1500,"href":"https:\/\/bizautom.com\/pt\/wp-json\/wp\/v2\/pages\/1499\/revisions\/1500"}],"wp:attachment":[{"href":"https:\/\/bizautom.com\/pt\/wp-json\/wp\/v2\/media?parent=1499"}],"curies":[{"name":"wp","href":"https:\/\/api.w.org\/{rel}","templated":true}]}}