{"id":595,"date":"2023-07-05T14:53:11","date_gmt":"2023-07-05T14:53:11","guid":{"rendered":"https:\/\/bizautom.com\/?page_id=595"},"modified":"2024-08-19T18:55:49","modified_gmt":"2024-08-19T18:55:49","slug":"inquiry","status":"publish","type":"page","link":"https:\/\/bizautom.com\/pt\/inquiry\/","title":{"rendered":"Consulta"},"content":{"rendered":"\t\t<div data-elementor-type=\"wp-page\" data-elementor-id=\"595\" class=\"elementor elementor-595\" data-elementor-post-type=\"page\">\n\t\t\t\t\t\t<section class=\"elementor-section elementor-top-section elementor-element elementor-element-24490f4 elementor-section-boxed elementor-section-height-default elementor-section-height-default\" data-id=\"24490f4\" data-element_type=\"section\" data-e-type=\"section\">\n\t\t\t\t\t\t<div class=\"elementor-container elementor-column-gap-default\">\n\t\t\t\t\t<div class=\"elementor-column elementor-col-100 elementor-top-column elementor-element elementor-element-7776f2b\" data-id=\"7776f2b\" data-element_type=\"column\" data-e-type=\"column\">\n\t\t\t<div class=\"elementor-widget-wrap elementor-element-populated\">\n\t\t\t\t\t\t<div class=\"elementor-element elementor-element-8e05946 elementor-widget elementor-widget-heading\" data-id=\"8e05946\" data-element_type=\"widget\" data-e-type=\"widget\" data-widget_type=\"heading.default\">\n\t\t\t\t\t<h2 class=\"elementor-heading-title elementor-size-default\">Share your thoughts and let us turn them into reality - all at affordable prices! We're here to make it happen for you.<\/h2>\t\t\t\t<\/div>\n\t\t\t\t\t<\/div>\n\t\t<\/div>\n\t\t\t\t\t<\/div>\n\t\t<\/section>\n\t\t\t\t<section class=\"elementor-section elementor-top-section elementor-element elementor-element-92a41d4 elementor-section-boxed elementor-section-height-default elementor-section-height-default\" data-id=\"92a41d4\" data-element_type=\"section\" data-e-type=\"section\">\n\t\t\t\t\t\t<div class=\"elementor-container elementor-column-gap-default\">\n\t\t\t\t\t<div class=\"elementor-column elementor-col-100 elementor-top-column elementor-element elementor-element-481d000\" data-id=\"481d000\" data-element_type=\"column\" data-e-type=\"column\">\n\t\t\t<div class=\"elementor-widget-wrap elementor-element-populated\">\n\t\t\t\t\t\t<div class=\"elementor-element elementor-element-0d8c299 elementor-widget elementor-widget-shortcode\" data-id=\"0d8c299\" data-element_type=\"widget\" data-e-type=\"widget\" data-widget_type=\"shortcode.default\">\n\t\t\t\t\t\t\t<div class=\"elementor-shortcode\"><div class=\"wpforms-container wpforms-container-full wpforms-render-modern\" id=\"wpforms-592\"><form id=\"wpforms-form-592\" class=\"wpforms-validate wpforms-form wpforms-ajax-form\" data-formid=\"592\" method=\"post\" enctype=\"multipart\/form-data\" action=\"\/pt\/wp-json\/wp\/v2\/pages\/595?wpforms_form_id=592\" data-token=\"a68a44bb36967d95daadb52ee562e172\" data-token-time=\"1776207745\"><noscript class=\"wpforms-error-noscript\">Ative o JavaScript no seu navegador para preencher este formul\u00e1rio.<\/noscript><div class=\"wpforms-hidden\" id=\"wpforms-error-noscript\">Ative o JavaScript no seu navegador para preencher este formul\u00e1rio.<\/div><div class=\"wpforms-field-container\"><div id=\"wpforms-592-field_0-container\" class=\"wpforms-field wpforms-field-name\" data-field-id=\"0\"><fieldset><legend class=\"wpforms-field-label\">Name <span class=\"wpforms-required-label\" aria-hidden=\"true\">*<\/span><\/legend><div class=\"wpforms-field-row wpforms-field-medium\"><div class=\"wpforms-field-row-block wpforms-first wpforms-one-half\"><input type=\"text\" id=\"wpforms-592-field_0\" class=\"wpforms-field-name-first wpforms-field-required\" name=\"wpforms[fields][0][first]\" aria-errormessage=\"wpforms-592-field_0-error\" required><label for=\"wpforms-592-field_0\" class=\"wpforms-field-sublabel after\">Nome<\/label><\/div><div class=\"wpforms-field-row-block wpforms-one-half\"><input type=\"text\" id=\"wpforms-592-field_0-last\" class=\"wpforms-field-name-last wpforms-field-required\" name=\"wpforms[fields][0][last]\" aria-errormessage=\"wpforms-592-field_0-last-error\" required><label for=\"wpforms-592-field_0-last\" class=\"wpforms-field-sublabel after\">Sobrenome<\/label><\/div><\/div><\/fieldset><\/div><div id=\"wpforms-592-field_3-container\" class=\"wpforms-field wpforms-field-phone\" data-field-id=\"3\"><label class=\"wpforms-field-label\" for=\"wpforms-592-field_3\">Phone Number <span class=\"wpforms-required-label\" aria-hidden=\"true\">*<\/span><\/label><input type=\"tel\" id=\"wpforms-592-field_3\" class=\"wpforms-field-medium wpforms-field-required wpforms-smart-phone-field\" data-rule-smart-phone-field=\"true\" name=\"wpforms[fields][3]\" aria-errormessage=\"wpforms-592-field_3-error\" required><\/div><div id=\"wpforms-592-field_1-container\" class=\"wpforms-field wpforms-field-email\" data-field-id=\"1\"><label class=\"wpforms-field-label\" for=\"wpforms-592-field_1\">Work Email <span class=\"wpforms-required-label\" aria-hidden=\"true\">*<\/span><\/label><input type=\"email\" id=\"wpforms-592-field_1\" class=\"wpforms-field-medium wpforms-field-required\" name=\"wpforms[fields][1]\" spellcheck=\"false\" aria-errormessage=\"wpforms-592-field_1-error\" required><\/div><div id=\"wpforms-592-field_5-container\" class=\"wpforms-field wpforms-field-select wpforms-field-select-style-modern\" data-field-id=\"5\"><label class=\"wpforms-field-label\" for=\"wpforms-592-field_5\">Business Type <span class=\"wpforms-required-label\" aria-hidden=\"true\">*<\/span><\/label><select id=\"wpforms-592-field_5\" class=\"wpforms-field-medium wpforms-field-required choicesjs-select\" data-size-class=\"wpforms-field-row wpforms-field-medium\" data-search-enabled=\"\" name=\"wpforms[fields][5]\" required=\"required\"><option value=\"\" class=\"placeholder\" disabled  selected='selected'>Please Select<\/option><option value=\"Manufacturer\" >Manufacturer<\/option><option value=\"Wholesaler\" >Wholesaler<\/option><option value=\"Retailer\" >Retailer<\/option><\/select><\/div><div id=\"wpforms-592-field_4-container\" class=\"wpforms-field wpforms-field-text\" data-field-id=\"4\"><label class=\"wpforms-field-label\" for=\"wpforms-592-field_4\">Company Name <span class=\"wpforms-required-label\" aria-hidden=\"true\">*<\/span><\/label><input type=\"text\" id=\"wpforms-592-field_4\" class=\"wpforms-field-medium wpforms-field-required\" name=\"wpforms[fields][4]\" aria-errormessage=\"wpforms-592-field_4-error\" required><\/div><div id=\"wpforms-592-field_6-container\" class=\"wpforms-field wpforms-field-url\" data-field-id=\"6\"><label class=\"wpforms-field-label\" for=\"wpforms-592-field_6\">Website \/ URL<\/label><input type=\"url\" id=\"wpforms-592-field_6\" class=\"wpforms-field-medium\" name=\"wpforms[fields][6]\" aria-errormessage=\"wpforms-592-field_6-error\" ><\/div><div id=\"wpforms-592-field_2-container\" class=\"wpforms-field wpforms-field-textarea\" data-field-id=\"2\"><label class=\"wpforms-field-label\" for=\"wpforms-592-field_2\">Inquiry Details <span class=\"wpforms-required-label\" aria-hidden=\"true\">*<\/span><\/label><textarea id=\"wpforms-592-field_2\" class=\"wpforms-field-medium wpforms-field-required\" name=\"wpforms[fields][2]\" aria-errormessage=\"wpforms-592-field_2-error\" required><\/textarea><\/div><div id=\"wpforms-592-field_7-container\" class=\"wpforms-field wpforms-field-file-upload\" data-field-id=\"7\"><label class=\"wpforms-field-label\" for=\"wpforms-592-field_7\">File Upload<\/label><div\n\t\tclass=\"wpforms-uploader\"\n\t\tdata-field-id=\"7\"\n\t\tdata-form-id=\"592\"\n\t\tdata-input-name=\"wpforms_592_7\"\n\t\tdata-extensions=\"jpg,jpeg,jpe,gif,png,bmp,tiff,tif,webp,avif,ico,heic,heif,heics,heifs,asf,asx,wmv,wmx,wm,avi,divx,mov,qt,mpeg,mpg,mpe,mp4,m4v,ogv,webm,mkv,3gp,3gpp,3g2,3gp2,txt,asc,c,cc,h,srt,csv,tsv,ics,rtx,css,vtt,mp3,m4a,m4b,aac,ra,ram,wav,x-wav,ogg,oga,flac,mid,midi,wma,wax,mka,rtf,pdf,class,tar,zip,gz,gzip,rar,7z,psd,xcf,doc,pot,pps,ppt,wri,xla,xls,xlt,xlw,mpp,docx,docm,dotx,dotm,xlsx,xlsm,xlsb,xltx,xltm,xlam,pptx,pptm,ppsx,ppsm,potx,potm,ppam,sldx,sldm,onetoc,onetoc2,onepkg,oxps,xps,odt,odp,ods,odg,odc,odb,odf,wp,wpd,key,numbers,pages,json\"\n\t\tdata-max-size=\"209715200\"\n\t\tdata-max-file-number=\"1\"\n\t\tdata-post-max-size=\"209715200\"\n\t\tdata-max-parallel-uploads=\"4\"\n\t\tdata-parallel-uploads=\"true\"\n\t\tdata-file-chunk-size=\"2097152\">\n\t<div class=\"dz-message\">\n\t\t<svg viewBox=\"0 0 1024 1024\" focusable=\"false\" data-icon=\"inbox\" width=\"50px\" height=\"50px\" fill=\"currentColor\" aria-hidden=\"true\">\n\t\t\t<path d=\"M885.2 446.3l-.2-.8-112.2-285.1c-5-16.1-19.9-27.2-36.8-27.2H281.2c-17 0-32.1 11.3-36.9 27.6L139.4 443l-.3.7-.2.8c-1.3 4.9-1.7 9.9-1 14.8-.1 1.6-.2 3.2-.2 4.8V830a60.9 60.9 0 0 0 60.8 60.8h627.2c33.5 0 60.8-27.3 60.9-60.8V464.1c0-1.3 0-2.6-.1-3.7.4-4.9 0-9.6-1.3-14.1zm-295.8-43l-.3 15.7c-.8 44.9-31.8 75.1-77.1 75.1-22.1 0-41.1-7.1-54.8-20.6S436 441.2 435.6 419l-.3-15.7H229.5L309 210h399.2l81.7 193.3H589.4zm-375 76.8h157.3c24.3 57.1 76 90.8 140.4 90.8 33.7 0 65-9.4 90.3-27.2 22.2-15.6 39.5-37.4 50.7-63.6h156.5V814H214.4V480.1z\"><\/path>\n\t\t<\/svg>\n\t\t<span class=\"modern-title\">Clique ou arraste um arquivo para esta \u00e1rea para fazer upload.<\/span>\n\n\t\t\t<\/div>\n<\/div>\n<input\n\t\ttype=\"text\"\n\t\tautocomplete=\"off\"\n\t\treadonly\n\t\tclass=\"dropzone-input\"\n\t\tstyle=\"position:absolute!important;clip:rect(0,0,0,0)!important;height:1px!important;width:1px!important;border:0!important;overflow:hidden!important;padding:0!important;margin:0!important;\"\n\t\tid=\"wpforms-592-field_7\"\n\t\tname=\"wpforms_592_7\" \t\tvalue=\"\">\n<\/div><\/div><!-- .wpforms-field-container --><div class=\"wpforms-submit-container\" ><input type=\"hidden\" name=\"wpforms[id]\" value=\"592\"><input type=\"hidden\" name=\"page_title\" value=\"\"><input type=\"hidden\" name=\"page_url\" value=\"https:\/\/bizautom.com\/pt\/wp-json\/wp\/v2\/pages\/595\"><button type=\"submit\" name=\"wpforms[submit]\" id=\"wpforms-submit-592\" class=\"wpforms-submit\" data-alt-text=\"Sending...\" data-submit-text=\"Submit\" aria-live=\"assertive\" value=\"wpforms-submit\">Submit<\/button><img decoding=\"async\" src=\"https:\/\/bizautom.com\/wp-content\/plugins\/wpforms\/assets\/images\/submit-spin.svg\" class=\"wpforms-submit-spinner\" style=\"display: none;\" width=\"26\" height=\"26\" alt=\"Carregando\"><\/div><\/form><\/div>  <!-- .wpforms-container --><\/div>\n\t\t\t\t\t\t<\/div>\n\t\t\t\t\t<\/div>\n\t\t<\/div>\n\t\t\t\t\t<\/div>\n\t\t<\/section>\n\t\t\t\t<\/div>\n\t\t","protected":false},"excerpt":{"rendered":"<p>Compartilhe suas ideias e deixe-nos transform\u00e1-las em realidade - tudo a pre\u00e7os acess\u00edveis! Estamos aqui para fazer isso acontecer para voc\u00ea.<\/p>","protected":false},"author":1,"featured_media":0,"parent":0,"menu_order":0,"comment_status":"closed","ping_status":"closed","template":"","meta":{"footnotes":""},"class_list":["post-595","page","type-page","status-publish","hentry"],"yoast_head":"<!-- This site is optimized with the Yoast SEO plugin v27.4 - https:\/\/yoast.com\/product\/yoast-seo-wordpress\/ -->\n<title>Inquiry Form | BizAutom: Connect with Our Automation Experts<\/title>\n<meta name=\"description\" content=\"Submit your inquiries to BizAutom. Get in touch with our experts for tailored automation solutions and support to drive your business forward. Quote us!\" \/>\n<meta name=\"robots\" content=\"index, follow, max-snippet:-1, max-image-preview:large, max-video-preview:-1\" \/>\n<link rel=\"canonical\" href=\"https:\/\/bizautom.com\/pt\/inquiry\/\" \/>\n<meta property=\"og:locale\" content=\"pt_BR\" \/>\n<meta property=\"og:type\" content=\"article\" \/>\n<meta property=\"og:title\" content=\"Inquiry Form | BizAutom: Connect with Our Automation Experts\" \/>\n<meta property=\"og:description\" content=\"Submit your inquiries to BizAutom. Get in touch with our experts for tailored automation solutions and support to drive your business forward. Quote us!\" \/>\n<meta property=\"og:url\" content=\"https:\/\/bizautom.com\/pt\/inquiry\/\" \/>\n<meta property=\"og:site_name\" content=\"BizAutom\" \/>\n<meta property=\"article:publisher\" content=\"https:\/\/www.facebook.com\/people\/TINGCHEN-BizAutom\/61565746662873\/\" \/>\n<meta property=\"article:modified_time\" content=\"2024-08-19T18:55:49+00:00\" \/>\n<meta name=\"twitter:card\" content=\"summary_large_image\" \/>\n<meta name=\"twitter:label1\" content=\"Est. tempo de leitura\" \/>\n\t<meta name=\"twitter:data1\" content=\"1 minuto\" \/>\n<!-- \/ Yoast SEO plugin. -->","yoast_head_json":{"title":"Inquiry Form | BizAutom: Connect with Our Automation Experts","description":"Submit your inquiries to BizAutom. Get in touch with our experts for tailored automation solutions and support to drive your business forward. Quote us!","robots":{"index":"index","follow":"follow","max-snippet":"max-snippet:-1","max-image-preview":"max-image-preview:large","max-video-preview":"max-video-preview:-1"},"canonical":"https:\/\/bizautom.com\/pt\/inquiry\/","og_locale":"pt_BR","og_type":"article","og_title":"Inquiry Form | BizAutom: Connect with Our Automation Experts","og_description":"Submit your inquiries to BizAutom. Get in touch with our experts for tailored automation solutions and support to drive your business forward. Quote us!","og_url":"https:\/\/bizautom.com\/pt\/inquiry\/","og_site_name":"BizAutom","article_publisher":"https:\/\/www.facebook.com\/people\/TINGCHEN-BizAutom\/61565746662873\/","article_modified_time":"2024-08-19T18:55:49+00:00","twitter_card":"summary_large_image","twitter_misc":{"Est. tempo de leitura":"1 minuto"},"schema":{"@context":"https:\/\/schema.org","@graph":[{"@type":"WebPage","@id":"https:\/\/bizautom.com\/inquiry\/","url":"https:\/\/bizautom.com\/inquiry\/","name":"Inquiry Form | BizAutom: Connect with Our Automation Experts","isPartOf":{"@id":"https:\/\/bizautom.com\/#website"},"datePublished":"2023-07-05T14:53:11+00:00","dateModified":"2024-08-19T18:55:49+00:00","description":"Submit your inquiries to BizAutom. Get in touch with our experts for tailored automation solutions and support to drive your business forward. Quote us!","breadcrumb":{"@id":"https:\/\/bizautom.com\/inquiry\/#breadcrumb"},"inLanguage":"pt-BR","potentialAction":[{"@type":"ReadAction","target":["https:\/\/bizautom.com\/inquiry\/"]}]},{"@type":"BreadcrumbList","@id":"https:\/\/bizautom.com\/inquiry\/#breadcrumb","itemListElement":[{"@type":"ListItem","position":1,"name":"Home","item":"https:\/\/bizautom.com\/"},{"@type":"ListItem","position":2,"name":"Inquiry"}]},{"@type":"WebSite","@id":"https:\/\/bizautom.com\/#website","url":"https:\/\/bizautom.com\/","name":"BizAutom","description":"R\u00e1pido. Preciso. Inteligente.","publisher":{"@id":"https:\/\/bizautom.com\/#organization"},"potentialAction":[{"@type":"SearchAction","target":{"@type":"EntryPoint","urlTemplate":"https:\/\/bizautom.com\/?s={search_term_string}"},"query-input":{"@type":"PropertyValueSpecification","valueRequired":true,"valueName":"search_term_string"}}],"inLanguage":"pt-BR"},{"@type":"Organization","@id":"https:\/\/bizautom.com\/#organization","name":"BizAutom","url":"https:\/\/bizautom.com\/","logo":{"@type":"ImageObject","inLanguage":"pt-BR","@id":"https:\/\/bizautom.com\/#\/schema\/logo\/image\/","url":"https:\/\/bizautom.com\/wp-content\/uploads\/2025\/04\/BizAutom_Logo_1.webp","contentUrl":"https:\/\/bizautom.com\/wp-content\/uploads\/2025\/04\/BizAutom_Logo_1.webp","width":455,"height":326,"caption":"BizAutom"},"image":{"@id":"https:\/\/bizautom.com\/#\/schema\/logo\/image\/"},"sameAs":["https:\/\/www.facebook.com\/people\/TINGCHEN-BizAutom\/61565746662873\/"]}]}},"jetpack-related-posts":[{"id":7,"url":"https:\/\/bizautom.com\/pt\/checkout\/","url_meta":{"origin":595,"position":0},"title":"Checkout","author":"admin","date":"junho 4, 2023","format":false,"excerpt":"In\u00edcio","rel":"","context":"Post similar","block_context":{"text":"Post similar","link":""},"img":{"alt_text":"","src":"","width":0,"height":0},"classes":[]},{"id":8,"url":"https:\/\/bizautom.com\/pt\/my-account\/","url_meta":{"origin":595,"position":1},"title":"Minha conta","author":"admin","date":"junho 4, 2023","format":false,"excerpt":"Home [woocommerce_my_account] Dashboard Orders Downloads Addresses Payment methods Account Details Logout Hello admin (not admin? Log out) From your account dashboard you can view your recent orders, manage your shipping and billing addresses, and edit your password and account details.","rel":"","context":"Post similar","block_context":{"text":"Post similar","link":""},"img":{"alt_text":"","src":"","width":0,"height":0},"classes":[]},{"id":2751,"url":"https:\/\/bizautom.com\/pt\/elementor-2751\/","url_meta":{"origin":595,"position":2},"title":"Elementor #2751","author":"Hitesh Sonwane","date":"mar\u00e7o 22, 2025","format":false,"excerpt":"Fast, Accurate, And Smart Industrial Equipment Welcome to BizAutom, where precision meets innovation in the world of industrial solutions. Our Industrial Equipment Product Page is your gateway to a vast array of cutting-edge solutions designed to redefine efficiency.\u00a0At BizAutom, we understand the crucial role that fast, accurate, and smart industrial\u2026","rel":"","context":"Post similar","block_context":{"text":"Post similar","link":""},"img":{"alt_text":"","src":"","width":0,"height":0},"classes":[]},{"id":2092,"url":"https:\/\/bizautom.com\/pt\/elementor-2092\/","url_meta":{"origin":595,"position":3},"title":"Elementor #2092","author":"Hitesh Sonwane","date":"mar\u00e7o 4, 2025","format":false,"excerpt":"Industrial Equipment Fast, Accurate, And Smart Industrial Equipment Welcome to BizAutom, where precision meets innovation in the world of industrial solutions. Our Industrial Equipment Product Page is your gateway to a vast array of cutting-edge solutions designed to redefine efficiency.\u00a0 At BizAutom, we understand the crucial role that fast, accurate,\u2026","rel":"","context":"Post similar","block_context":{"text":"Post similar","link":""},"img":{"alt_text":"","src":"","width":0,"height":0},"classes":[]},{"id":5418,"url":"https:\/\/bizautom.com\/pt\/toyota-battery-checkweigher-system\/","url_meta":{"origin":595,"position":4},"title":"Car Battery Checkweigher System","author":"Hitesh Sonwane","date":"abril 6, 2026","format":false,"excerpt":"From Manual Inspection to Intelligent Quality Control How BizAutom helped a well-known vehicle manufacturer transform battery inspection into a real-time, data-driven decision system \u2014 improving speed, accuracy, and plant-wide visibility. Case Study: Car Battery Checkweigher System Manual Checks Were Slowing Everything Down Operator Judgment Battery condition evaluated by hand \u2014\u2026","rel":"","context":"Post similar","block_context":{"text":"Post similar","link":""},"img":{"alt_text":"","src":"https:\/\/i0.wp.com\/bizautom.com\/wp-content\/uploads\/2026\/04\/20241007_101328-2048x1243.jpg?resize=350%2C200&ssl=1","width":350,"height":200,"srcset":"https:\/\/i0.wp.com\/bizautom.com\/wp-content\/uploads\/2026\/04\/20241007_101328-2048x1243.jpg?resize=350%2C200&ssl=1 1x, https:\/\/i0.wp.com\/bizautom.com\/wp-content\/uploads\/2026\/04\/20241007_101328-2048x1243.jpg?resize=525%2C300&ssl=1 1.5x, https:\/\/i0.wp.com\/bizautom.com\/wp-content\/uploads\/2026\/04\/20241007_101328-2048x1243.jpg?resize=700%2C400&ssl=1 2x"},"classes":[]},{"id":361,"url":"https:\/\/bizautom.com\/pt\/prime-scales\/","url_meta":{"origin":595,"position":5},"title":"Balan\u00e7as de primeira linha","author":"admin","date":"junho 13, 2023","format":false,"excerpt":"About Prime Scales Introducing Prime Scales: Unparalleled Quality and Affordability in Industrial Weighing Equipment Prime Scales, the foundation upon which all our other brands were built, has established itself as a renowned name in the realm of industrial weighing equipment. Recognizing the vital role these products play in daily business\u2026","rel":"","context":"Post similar","block_context":{"text":"Post similar","link":""},"img":{"alt_text":"","src":"https:\/\/i0.wp.com\/bizautom.com\/wp-content\/uploads\/2023\/06\/Logo_wo_PS.jpg?resize=350%2C200&ssl=1","width":350,"height":200},"classes":[]}],"jetpack_sharing_enabled":true,"_links":{"self":[{"href":"https:\/\/bizautom.com\/pt\/wp-json\/wp\/v2\/pages\/595","targetHints":{"allow":["GET"]}}],"collection":[{"href":"https:\/\/bizautom.com\/pt\/wp-json\/wp\/v2\/pages"}],"about":[{"href":"https:\/\/bizautom.com\/pt\/wp-json\/wp\/v2\/types\/page"}],"author":[{"embeddable":true,"href":"https:\/\/bizautom.com\/pt\/wp-json\/wp\/v2\/users\/1"}],"replies":[{"embeddable":true,"href":"https:\/\/bizautom.com\/pt\/wp-json\/wp\/v2\/comments?post=595"}],"version-history":[{"count":4,"href":"https:\/\/bizautom.com\/pt\/wp-json\/wp\/v2\/pages\/595\/revisions"}],"predecessor-version":[{"id":599,"href":"https:\/\/bizautom.com\/pt\/wp-json\/wp\/v2\/pages\/595\/revisions\/599"}],"wp:attachment":[{"href":"https:\/\/bizautom.com\/pt\/wp-json\/wp\/v2\/media?parent=595"}],"curies":[{"name":"wp","href":"https:\/\/api.w.org\/{rel}","templated":true}]}}