{"id":8,"date":"2023-06-04T01:44:54","date_gmt":"2023-06-04T01:44:54","guid":{"rendered":"https:\/\/bizautom.com\/my-account\/"},"modified":"2024-01-18T08:01:14","modified_gmt":"2024-01-18T08:01:14","slug":"my-account","status":"publish","type":"page","link":"https:\/\/bizautom.com\/pt\/my-account\/","title":{"rendered":"Minha conta"},"content":{"rendered":"<div data-elementor-type=\"wp-page\" data-elementor-id=\"8\" class=\"elementor elementor-8\" data-elementor-post-type=\"page\">\n\t\t\t\t\t\t<section class=\"elementor-section elementor-top-section elementor-element elementor-element-a8a1ef1 elementor-section-boxed elementor-section-height-default elementor-section-height-default\" data-id=\"a8a1ef1\" data-element_type=\"section\" data-e-type=\"section\" data-settings=\"{&quot;background_background&quot;:&quot;classic&quot;}\">\n\t\t\t\t\t\t\t<div class=\"elementor-background-overlay\"><\/div>\n\t\t\t\t\t\t\t<div class=\"elementor-container elementor-column-gap-default\">\n\t\t\t\t\t<div class=\"elementor-column elementor-col-100 elementor-top-column elementor-element elementor-element-918aa0d\" data-id=\"918aa0d\" data-element_type=\"column\" data-e-type=\"column\">\n\t\t\t<div class=\"elementor-widget-wrap elementor-element-populated\">\n\t\t\t\t\t\t<section class=\"elementor-section elementor-inner-section elementor-element elementor-element-b2a3871 elementor-section-boxed elementor-section-height-default elementor-section-height-default\" data-id=\"b2a3871\" data-element_type=\"section\" data-e-type=\"section\">\n\t\t\t\t\t\t<div class=\"elementor-container elementor-column-gap-default\">\n\t\t\t\t\t<div class=\"elementor-column elementor-col-50 elementor-inner-column elementor-element elementor-element-de0c77f\" data-id=\"de0c77f\" data-element_type=\"column\" data-e-type=\"column\">\n\t\t\t<div class=\"elementor-widget-wrap elementor-element-populated\">\n\t\t\t\t\t\t\t<\/div>\n\t\t<\/div>\n\t\t\t\t<div class=\"elementor-column elementor-col-50 elementor-inner-column elementor-element elementor-element-444cd33\" data-id=\"444cd33\" data-element_type=\"column\" data-e-type=\"column\">\n\t\t\t<div class=\"elementor-widget-wrap elementor-element-populated\">\n\t\t\t\t\t\t<div class=\"elementor-element elementor-element-61de744 elementor-widget__width-auto elementor-widget elementor-widget-heading\" data-id=\"61de744\" data-element_type=\"widget\" data-e-type=\"widget\" data-widget_type=\"heading.default\">\n\t\t\t\t\t<p class=\"elementor-heading-title elementor-size-default\"><a href=\"https:\/\/bizautom.com\/pt\">In\u00edcio<\/a><\/p>\t\t\t\t<\/div>\n\t\t\t\t<div class=\"elementor-element elementor-element-238a1e0 elementor-widget__width-auto elementor-view-default elementor-widget elementor-widget-icon\" data-id=\"238a1e0\" data-element_type=\"widget\" data-e-type=\"widget\" data-widget_type=\"icon.default\">\n\t\t\t\t\t\t\t<div class=\"elementor-icon-wrapper\">\n\t\t\t<div class=\"elementor-icon\">\n\t\t\t<svg aria-hidden=\"true\" class=\"e-font-icon-svg e-fas-chevron-right\" viewbox=\"0 0 320 512\" xmlns=\"http:\/\/www.w3.org\/2000\/svg\"><path d=\"M285.476 272.971L91.132 467.314c-9.373 9.373-24.569 9.373-33.941 0l-22.667-22.667c-9.357-9.357-9.375-24.522-.04-33.901L188.505 256 34.484 101.255c-9.335-9.379-9.317-24.544.04-33.901l22.667-22.667c9.373-9.373 24.569-9.373 33.941 0L285.475 239.03c9.373 9.372 9.373 24.568.001 33.941z\"><\/path><\/svg>\t\t\t<\/div>\n\t\t<\/div>\n\t\t\t\t\t\t<\/div>\n\t\t\t\t\t<\/div>\n\t\t<\/div>\n\t\t\t\t\t<\/div>\n\t\t<\/section>\n\t\t\t\t\t<\/div>\n\t\t<\/div>\n\t\t\t\t\t<\/div>\n\t\t<\/section>\n\t\t\t\t<section class=\"elementor-section elementor-top-section elementor-element elementor-element-3c2e8726 elementor-section-boxed elementor-section-height-default elementor-section-height-default\" data-id=\"3c2e8726\" data-element_type=\"section\" data-e-type=\"section\">\n\t\t\t\t\t\t<div class=\"elementor-container elementor-column-gap-default\">\n\t\t\t\t\t<div class=\"elementor-column elementor-col-100 elementor-top-column elementor-element elementor-element-495a3a74\" data-id=\"495a3a74\" data-element_type=\"column\" data-e-type=\"column\">\n\t\t\t<div class=\"elementor-widget-wrap elementor-element-populated\">\n\t\t\t\t\t\t<div class=\"elementor-element elementor-element-dd26d8c e-my-account-tabs-vertical elementor-widget elementor-widget-woocommerce-my-account\" data-id=\"dd26d8c\" data-element_type=\"widget\" data-e-type=\"widget\" data-widget_type=\"woocommerce-my-account.default\">\n\t\t\t\t\t<div class=\"e-my-account-tab e-my-account-tab__\">\t\t\t<div class=\"woocommerce\"><\/div>\t\t<\/div>\n\t\t\t\t\t\t<\/div>\n\t\t\t\t\t<\/div>\n\t\t<\/div>\n\t\t\t\t\t<\/div>\n\t\t<\/section>\n\t\t\t\t<\/div>","protected":false},"excerpt":{"rendered":"<p>Home Dashboard Orders Downloads Addresses Payment methods Account Details Logout Hello admin (not admin? Log out) From your account dashboard you can view your recent orders, manage your shipping and billing addresses, and edit your password and account details.<\/p>","protected":false},"author":1,"featured_media":0,"parent":0,"menu_order":0,"comment_status":"closed","ping_status":"closed","template":"","meta":{"footnotes":""},"class_list":["post-8","page","type-page","status-publish","hentry"],"yoast_head":"<!-- This site is optimized with the Yoast SEO plugin v27.5 - https:\/\/yoast.com\/product\/yoast-seo-wordpress\/ -->\n<title>My account - BizAutom<\/title>\n<meta name=\"robots\" content=\"index, follow, max-snippet:-1, max-image-preview:large, max-video-preview:-1\" \/>\n<link rel=\"canonical\" href=\"https:\/\/bizautom.com\/pt\/my-account\/\" \/>\n<meta property=\"og:locale\" content=\"pt_BR\" \/>\n<meta property=\"og:type\" content=\"article\" \/>\n<meta property=\"og:title\" content=\"My account - BizAutom\" \/>\n<meta property=\"og:description\" content=\"Home Dashboard Orders Downloads Addresses Payment methods Account Details Logout Hello admin (not admin? Log out) From your account dashboard you can view your recent orders, manage your shipping and billing addresses, and edit your password and account details.\" \/>\n<meta property=\"og:url\" content=\"https:\/\/bizautom.com\/pt\/my-account\/\" \/>\n<meta property=\"og:site_name\" content=\"BizAutom\" \/>\n<meta property=\"article:publisher\" content=\"https:\/\/www.facebook.com\/people\/TINGCHEN-BizAutom\/61565746662873\/\" \/>\n<meta property=\"article:modified_time\" content=\"2024-01-18T08:01:14+00:00\" \/>\n<meta name=\"twitter:card\" content=\"summary_large_image\" \/>\n<meta name=\"twitter:label1\" content=\"Est. tempo de leitura\" \/>\n\t<meta name=\"twitter:data1\" content=\"1 minuto\" \/>\n<!-- \/ Yoast SEO plugin. -->","yoast_head_json":{"title":"My account - BizAutom","robots":{"index":"index","follow":"follow","max-snippet":"max-snippet:-1","max-image-preview":"max-image-preview:large","max-video-preview":"max-video-preview:-1"},"canonical":"https:\/\/bizautom.com\/pt\/my-account\/","og_locale":"pt_BR","og_type":"article","og_title":"My account - BizAutom","og_description":"Home Dashboard Orders Downloads Addresses Payment methods Account Details Logout Hello admin (not admin? Log out) From your account dashboard you can view your recent orders, manage your shipping and billing addresses, and edit your password and account details.","og_url":"https:\/\/bizautom.com\/pt\/my-account\/","og_site_name":"BizAutom","article_publisher":"https:\/\/www.facebook.com\/people\/TINGCHEN-BizAutom\/61565746662873\/","article_modified_time":"2024-01-18T08:01:14+00:00","twitter_card":"summary_large_image","twitter_misc":{"Est. tempo de leitura":"1 minuto"},"schema":{"@context":"https:\/\/schema.org","@graph":[{"@type":"WebPage","@id":"https:\/\/bizautom.com\/my-account\/","url":"https:\/\/bizautom.com\/my-account\/","name":"My account - BizAutom","isPartOf":{"@id":"https:\/\/bizautom.com\/#website"},"datePublished":"2023-06-04T01:44:54+00:00","dateModified":"2024-01-18T08:01:14+00:00","breadcrumb":{"@id":"https:\/\/bizautom.com\/my-account\/#breadcrumb"},"inLanguage":"pt-BR","potentialAction":[{"@type":"ReadAction","target":["https:\/\/bizautom.com\/my-account\/"]}]},{"@type":"BreadcrumbList","@id":"https:\/\/bizautom.com\/my-account\/#breadcrumb","itemListElement":[{"@type":"ListItem","position":1,"name":"Home","item":"https:\/\/bizautom.com\/"},{"@type":"ListItem","position":2,"name":"My account"}]},{"@type":"WebSite","@id":"https:\/\/bizautom.com\/#website","url":"https:\/\/bizautom.com\/","name":"BizAutom","description":"R\u00e1pido. Preciso. Inteligente.","publisher":{"@id":"https:\/\/bizautom.com\/#organization"},"potentialAction":[{"@type":"SearchAction","target":{"@type":"EntryPoint","urlTemplate":"https:\/\/bizautom.com\/?s={search_term_string}"},"query-input":{"@type":"PropertyValueSpecification","valueRequired":true,"valueName":"search_term_string"}}],"inLanguage":"pt-BR"},{"@type":"Organization","@id":"https:\/\/bizautom.com\/#organization","name":"BizAutom","url":"https:\/\/bizautom.com\/","logo":{"@type":"ImageObject","inLanguage":"pt-BR","@id":"https:\/\/bizautom.com\/#\/schema\/logo\/image\/","url":"https:\/\/bizautom.com\/wp-content\/uploads\/2025\/04\/BizAutom_Logo_1.webp","contentUrl":"https:\/\/bizautom.com\/wp-content\/uploads\/2025\/04\/BizAutom_Logo_1.webp","width":455,"height":326,"caption":"BizAutom"},"image":{"@id":"https:\/\/bizautom.com\/#\/schema\/logo\/image\/"},"sameAs":["https:\/\/www.facebook.com\/people\/TINGCHEN-BizAutom\/61565746662873\/"]}]}},"jetpack-related-posts":[{"id":7,"url":"https:\/\/bizautom.com\/pt\/checkout\/","url_meta":{"origin":8,"position":0},"title":"Checkout","author":"admin","date":"junho 4, 2023","format":false,"excerpt":"In\u00edcio","rel":"","context":"Post similar","block_context":{"text":"Post similar","link":""},"img":{"alt_text":"","src":"","width":0,"height":0},"classes":[]},{"id":595,"url":"https:\/\/bizautom.com\/pt\/inquiry\/","url_meta":{"origin":8,"position":1},"title":"Consulta","author":"admin","date":"julho 5, 2023","format":false,"excerpt":"Compartilhe suas ideias e deixe-nos transform\u00e1-las em realidade - tudo a pre\u00e7os acess\u00edveis! Estamos aqui para fazer isso acontecer para voc\u00ea.","rel":"","context":"Post similar","block_context":{"text":"Post similar","link":""},"img":{"alt_text":"","src":"","width":0,"height":0},"classes":[]},{"id":2751,"url":"https:\/\/bizautom.com\/pt\/elementor-2751\/","url_meta":{"origin":8,"position":2},"title":"Elementor #2751","author":"Hitesh Sonwane","date":"mar\u00e7o 22, 2025","format":false,"excerpt":"Fast, Accurate, And Smart Industrial Equipment Welcome to BizAutom, where precision meets innovation in the world of industrial solutions. Our Industrial Equipment Product Page is your gateway to a vast array of cutting-edge solutions designed to redefine efficiency.\u00a0At BizAutom, we understand the crucial role that fast, accurate, and smart industrial\u2026","rel":"","context":"Post similar","block_context":{"text":"Post similar","link":""},"img":{"alt_text":"","src":"","width":0,"height":0},"classes":[]},{"id":2092,"url":"https:\/\/bizautom.com\/pt\/elementor-2092\/","url_meta":{"origin":8,"position":3},"title":"Elementor #2092","author":"Hitesh Sonwane","date":"mar\u00e7o 4, 2025","format":false,"excerpt":"Industrial Equipment Fast, Accurate, And Smart Industrial Equipment Welcome to BizAutom, where precision meets innovation in the world of industrial solutions. Our Industrial Equipment Product Page is your gateway to a vast array of cutting-edge solutions designed to redefine efficiency.\u00a0 At BizAutom, we understand the crucial role that fast, accurate,\u2026","rel":"","context":"Post similar","block_context":{"text":"Post similar","link":""},"img":{"alt_text":"","src":"","width":0,"height":0},"classes":[]},{"id":5418,"url":"https:\/\/bizautom.com\/pt\/toyota-battery-checkweigher-system\/","url_meta":{"origin":8,"position":4},"title":"Car Battery Checkweigher System","author":"Hitesh Sonwane","date":"abril 6, 2026","format":false,"excerpt":"From Manual Inspection to Intelligent Quality Control How BizAutom helped a well-known vehicle manufacturer transform battery inspection into a real-time, data-driven decision system \u2014 improving speed, accuracy, and plant-wide visibility. Case Study: Car Battery Checkweigher System Manual Checks Were Slowing Everything Down Operator Judgment Battery condition evaluated by hand \u2014\u2026","rel":"","context":"Post similar","block_context":{"text":"Post similar","link":""},"img":{"alt_text":"","src":"https:\/\/i0.wp.com\/bizautom.com\/wp-content\/uploads\/2026\/04\/20241007_101328-2048x1243.jpg?resize=350%2C200&ssl=1","width":350,"height":200,"srcset":"https:\/\/i0.wp.com\/bizautom.com\/wp-content\/uploads\/2026\/04\/20241007_101328-2048x1243.jpg?resize=350%2C200&ssl=1 1x, https:\/\/i0.wp.com\/bizautom.com\/wp-content\/uploads\/2026\/04\/20241007_101328-2048x1243.jpg?resize=525%2C300&ssl=1 1.5x, https:\/\/i0.wp.com\/bizautom.com\/wp-content\/uploads\/2026\/04\/20241007_101328-2048x1243.jpg?resize=700%2C400&ssl=1 2x"},"classes":[]},{"id":361,"url":"https:\/\/bizautom.com\/pt\/prime-scales\/","url_meta":{"origin":8,"position":5},"title":"Balan\u00e7as de primeira linha","author":"admin","date":"junho 13, 2023","format":false,"excerpt":"About Prime Scales Introducing Prime Scales: Unparalleled Quality and Affordability in Industrial Weighing Equipment Prime Scales, the foundation upon which all our other brands were built, has established itself as a renowned name in the realm of industrial weighing equipment. Recognizing the vital role these products play in daily business\u2026","rel":"","context":"Post similar","block_context":{"text":"Post similar","link":""},"img":{"alt_text":"","src":"https:\/\/i0.wp.com\/bizautom.com\/wp-content\/uploads\/2023\/06\/Logo_wo_PS.jpg?resize=350%2C200&ssl=1","width":350,"height":200},"classes":[]}],"jetpack_sharing_enabled":true,"_links":{"self":[{"href":"https:\/\/bizautom.com\/pt\/wp-json\/wp\/v2\/pages\/8","targetHints":{"allow":["GET"]}}],"collection":[{"href":"https:\/\/bizautom.com\/pt\/wp-json\/wp\/v2\/pages"}],"about":[{"href":"https:\/\/bizautom.com\/pt\/wp-json\/wp\/v2\/types\/page"}],"author":[{"embeddable":true,"href":"https:\/\/bizautom.com\/pt\/wp-json\/wp\/v2\/users\/1"}],"replies":[{"embeddable":true,"href":"https:\/\/bizautom.com\/pt\/wp-json\/wp\/v2\/comments?post=8"}],"version-history":[{"count":3,"href":"https:\/\/bizautom.com\/pt\/wp-json\/wp\/v2\/pages\/8\/revisions"}],"predecessor-version":[{"id":1208,"href":"https:\/\/bizautom.com\/pt\/wp-json\/wp\/v2\/pages\/8\/revisions\/1208"}],"wp:attachment":[{"href":"https:\/\/bizautom.com\/pt\/wp-json\/wp\/v2\/media?parent=8"}],"curies":[{"name":"wp","href":"https:\/\/api.w.org\/{rel}","templated":true}]}}