{"id":1004,"date":"2023-07-20T00:01:19","date_gmt":"2023-07-20T00:01:19","guid":{"rendered":"https:\/\/bizautom.com\/?post_type=product&#038;p=1004"},"modified":"2026-05-04T15:49:48","modified_gmt":"2026-05-04T19:49:48","slug":"prime-scales-ps-4kcs-cattle-scale-livestock-scale-calf-scale-with-indicator","status":"publish","type":"product","link":"https:\/\/bizautom.com\/pt\/produto\/prime-scales-ps-4kcs-cattle-scale-livestock-scale-calf-scale-with-indicator\/","title":{"rendered":"Prime Scales PS-4KCS | PS-4KCS-L Balan\u00e7a de gado | Balan\u00e7a de gado | Balan\u00e7a de bezerros com indicador"},"content":{"rendered":"<h2>Benef\u00edcios da pesagem regular de gado e da balan\u00e7a de gado PS-4KCS<\/h2>\n<h2>Identifica o momento ideal para a reprodu\u00e7\u00e3o com balan\u00e7as de peso de gado<\/h2>\n<p>Determinar o momento ideal para a reprodu\u00e7\u00e3o \u00e9 uma decis\u00e3o fundamental em qualquer fazenda de gado. Ao avaliar os dados de sa\u00fade e peso do rebanho usando uma ferramenta confi\u00e1vel\u00a0<strong>Balan\u00e7as de gado<\/strong>Se voc\u00ea tiver um sistema de controle de qualidade, poder\u00e1 identificar facilmente o momento ideal para a reprodu\u00e7\u00e3o dos animais. Essa abordagem proativa ajuda a evitar complica\u00e7\u00f5es futuras e garante bezerros mais saud\u00e1veis no rebanho.<\/p>\n<h2>Ajuda a determinar a quantidade de ra\u00e7\u00e3o com as melhores balan\u00e7as de gado<\/h2>\n<p>Pesar regularmente seus animais, de prefer\u00eancia com o\u00a0<strong>Melhor balan\u00e7a para gado<\/strong>O controle de peso, que fornece informa\u00e7\u00f5es sobre o estado de sa\u00fade dos animais. Os dados de peso coletados permitem que voc\u00ea ajuste a quantidade de ra\u00e7\u00e3o de acordo, garantindo que eles recebam a quantidade certa de nutri\u00e7\u00e3o. Essas informa\u00e7\u00f5es tamb\u00e9m ajudam a sugerir modifica\u00e7\u00f5es na dieta e a recomendar nutrientes adicionais, o que leva a uma taxa de convers\u00e3o alimentar ideal e a taxas de crescimento espec\u00edficas.<\/p>\n<h2>Monitoramento f\u00e1cil da sa\u00fade dos animais com a plataforma de balan\u00e7a de gado<\/h2>\n<p>A manuten\u00e7\u00e3o de animais saud\u00e1veis em uma fazenda \u00e9 desafiadora, mas crucial. As balan\u00e7as de pesagem de gado, como a\u00a0<strong>Plataforma de balan\u00e7a de gado<\/strong>Os sistemas de controle de peso, como o sistema de controle de peso, simplificam essa tarefa, facilitando o monitoramento da sa\u00fade do animal. A perda repentina de peso pode ser detectada imediatamente, indicando poss\u00edveis doen\u00e7as ou problemas de sa\u00fade. A detec\u00e7\u00e3o precoce permite que voc\u00ea procure assist\u00eancia veterin\u00e1ria e administre o tratamento adequado antes que o problema se espalhe para outros animais.<\/p>\n<h2>Ajuda na escolha do momento do desmame com a balan\u00e7a de gado para venda<\/h2>\n<p>A pesagem dos bezerros \u00e9 igualmente importante, pois influencia a forma como eles se integram ao rebanho. A an\u00e1lise dos dados de peso e do gr\u00e1fico de desempenho dos bezerros, de prefer\u00eancia com um equipamento de alta qualidade, pode ser feita por meio de uma balan\u00e7a de precis\u00e3o.\u00a0<strong>Balan\u00e7a de gado para venda<\/strong>O sistema de controle de qualidade, que \u00e9 o mais recente, ajuda a determinar o momento ideal para o desmame. Essa abordagem baseada em dados garante o desempenho geral de seu rebanho.<\/p>\n<h2>Avalia o desempenho da reprodu\u00e7\u00e3o com a balan\u00e7a de gado<\/h2>\n<p>A pesagem regular dos animais permite que voc\u00ea avalie a adequa\u00e7\u00e3o de diferentes ra\u00e7as \u00e0 sua fazenda. As ra\u00e7as que apresentam ganho de peso consistente s\u00e3o as preferidas para reprodu\u00e7\u00e3o, pois geram bezerros mais saud\u00e1veis e maior retorno sobre o investimento. Al\u00e9m disso, voc\u00ea pode considerar o cruzamento dos animais mais saud\u00e1veis com base nos dados de pesagem coletados ao longo do tempo.<\/p>\n<p>Al\u00e9m disso, a pesagem regular do gado, especialmente com uma balan\u00e7a especializada como a\u00a0<strong>PS-4KCS<\/strong>O sistema de controle de qualidade do gado, o sistema de controle de qualidade do gado, contribui para reduzir o impacto da volatilidade dos pre\u00e7os do gado em seus neg\u00f3cios. Ele maximiza a produ\u00e7\u00e3o, minimiza os custos e o desperd\u00edcio e permite que voc\u00ea atenda \u00e0s exig\u00eancias espec\u00edficas dos compradores de gado, podendo obter pr\u00eamios de pre\u00e7o.<\/p>\n<h2>Principais recursos da balan\u00e7a de gado PS-4KCS<\/h2>\n<ul>\n<li><strong>Capacidade:<\/strong>\u00a04.000 lbs x 0,5<\/li>\n<li><strong>Tamanho:<\/strong>\u00a030\u2033x84\u2033x4\u2033 | 30\u2033x96\u2033x4\u2033 (L) Estrutura de a\u00e7o macio<\/li>\n<li>Equipado com 4 c\u00e9lulas de carga de viga de cisalhamento de a\u00e7o-liga<\/li>\n<li>Textura antiderrapante com corte de diamante para maior seguran\u00e7a<\/li>\n<li>Desconectador de indicador r\u00e1pido para facilitar o manuseio e a portabilidade<\/li>\n<\/ul>\n<p>Invista no bem-estar do seu gado com a precis\u00e3o e a confiabilidade da balan\u00e7a para gado PS-4KCS.<\/p>\n<div class=\"\"><a href=\"https:\/\/bizautom.com\/wp-content\/uploads\/2023\/07\/4KCS_Installation.pdf\" target=\"_blank\" class=\"emd_dl_red_darker\">Manual de instala\u00e7\u00e3o<\/a><\/div>    <style>            \r\n    .emd_dl_red_darker {\r\n        -moz-box-shadow:inset 0px 1px 0px 0px #f5978e;\r\n        -webkit-box-shadow:inset 0px 1px 0px 0px #f5978e;\r\n        box-shadow:inset 0px 1px 0px 0px #f5978e;\r\n        background:-webkit-gradient( linear, left top, left bottom, color-stop(0.05, #f24537), color-stop(1, #c62d1f) );\r\n        background:-moz-linear-gradient( center top, #f24537 5%, #c62d1f 100% );\r\n        filter:progid:DXImageTransform.Microsoft.gradient(startColorstr='#f24537', endColorstr='#c62d1f');\r\n        background-color:#f24537;\r\n        -webkit-border-top-left-radius:0px;\r\n        -moz-border-radius-topleft:0px;\r\n        border-top-left-radius:0px;\r\n        -webkit-border-top-right-radius:0px;\r\n        -moz-border-radius-topright:0px;\r\n        border-top-right-radius:0px;\r\n        -webkit-border-bottom-right-radius:0px;\r\n        -moz-border-radius-bottomright:0px;\r\n        border-bottom-right-radius:0px;\r\n        -webkit-border-bottom-left-radius:0px;\r\n        -moz-border-radius-bottomleft:0px;\r\n        border-bottom-left-radius:0px;\r\n        text-indent:0;\r\n        border:1px solid #d02718;\r\n        display:inline-block;\r\n        color:#ffffff !important;\r\n        font-family:Georgia;\r\n        font-size:15px;\r\n        font-weight:bold;\r\n        font-style:normal;\r\n        height:41px;\r\n        line-height:41px;\r\n        width:180px;\r\n        text-decoration:none;\r\n        text-align:center;\r\n        text-shadow:1px 1px 0px #810e05;\r\n    }\r\n    .emd_dl_red_darker:hover {\r\n        background:-webkit-gradient( linear, left top, left bottom, color-stop(0.05, #c62d1f), color-stop(1, #f24537) );\r\n        background:-moz-linear-gradient( center top, #c62d1f 5%, #f24537 100% );\r\n        filter:progid:DXImageTransform.Microsoft.gradient(startColorstr='#c62d1f', endColorstr='#f24537');\r\n        background-color:#c62d1f;\r\n    }.emd_dl_red_darker:active {\r\n        position:relative;\r\n        top:1px;\r\n    }<\/style>","protected":false},"excerpt":{"rendered":"<p>A pesagem de gado desempenha um papel crucial em qualquer fazenda, servindo como uma ferramenta vital para garantir o bem-estar dos animais em todos os seus est\u00e1gios de crescimento. As balan\u00e7as de gado s\u00e3o inestim\u00e1veis para otimizar o desempenho de seus animais.<\/p>","protected":false},"featured_media":1006,"comment_status":"open","ping_status":"closed","template":"","meta":[],"product_brand":[41],"product_cat":[31],"product_tag":[],"class_list":{"0":"post-1004","1":"product","2":"type-product","3":"status-publish","4":"has-post-thumbnail","6":"product_brand-prime-scales","7":"product_cat-farm-equipment","9":"first","10":"instock","11":"taxable","12":"shipping-taxable","13":"product-type-variable"},"yoast_head":"<!-- This site is optimized with the Yoast SEO plugin v27.5 - https:\/\/yoast.com\/product\/yoast-seo-wordpress\/ -->\n<title>Best Cattle Weight Scale | Cattle Scale Platform | BizAutom<\/title>\n<meta name=\"description\" content=\"Find the best cattle scale for accurate livestock weighing at BizAutom. The Prime Scales PS-4KCS is the perfect cattle scale platform for sale. Book order now!\" \/>\n<meta name=\"robots\" content=\"index, follow, max-snippet:-1, max-image-preview:large, max-video-preview:-1\" \/>\n<link rel=\"canonical\" href=\"https:\/\/bizautom.com\/pt\/produto\/prime-scales-ps-4kcs-cattle-scale-livestock-scale-calf-scale-with-indicator\/\" \/>\n<meta property=\"og:locale\" content=\"pt_BR\" \/>\n<meta property=\"og:type\" content=\"article\" \/>\n<meta property=\"og:title\" content=\"Best Cattle Weight Scale | Cattle Scale Platform | BizAutom\" \/>\n<meta property=\"og:description\" content=\"Find the best cattle scale for accurate livestock weighing at BizAutom. The Prime Scales PS-4KCS is the perfect cattle scale platform for sale. Book order now!\" \/>\n<meta property=\"og:url\" content=\"https:\/\/bizautom.com\/pt\/produto\/prime-scales-ps-4kcs-cattle-scale-livestock-scale-calf-scale-with-indicator\/\" \/>\n<meta property=\"og:site_name\" content=\"BizAutom\" \/>\n<meta property=\"article:publisher\" content=\"https:\/\/www.facebook.com\/people\/TINGCHEN-BizAutom\/61565746662873\/\" \/>\n<meta property=\"article:modified_time\" content=\"2026-05-04T19:49:48+00:00\" \/>\n<meta property=\"og:image\" content=\"https:\/\/bizautom.com\/wp-content\/uploads\/2023\/07\/PS-4KCS.jpg\" \/>\n\t<meta property=\"og:image:width\" content=\"1866\" \/>\n\t<meta property=\"og:image:height\" content=\"1866\" \/>\n\t<meta property=\"og:image:type\" content=\"image\/jpeg\" \/>\n<meta name=\"twitter:card\" content=\"summary_large_image\" \/>\n<meta name=\"twitter:label1\" content=\"Est. tempo de leitura\" \/>\n\t<meta name=\"twitter:data1\" content=\"3 minutos\" \/>\n<!-- \/ Yoast SEO plugin. -->","yoast_head_json":{"title":"Best Cattle Weight Scale | Cattle Scale Platform | BizAutom","description":"Find the best cattle scale for accurate livestock weighing at BizAutom. The Prime Scales PS-4KCS is the perfect cattle scale platform for sale. Book order now!","robots":{"index":"index","follow":"follow","max-snippet":"max-snippet:-1","max-image-preview":"max-image-preview:large","max-video-preview":"max-video-preview:-1"},"canonical":"https:\/\/bizautom.com\/pt\/produto\/prime-scales-ps-4kcs-cattle-scale-livestock-scale-calf-scale-with-indicator\/","og_locale":"pt_BR","og_type":"article","og_title":"Best Cattle Weight Scale | Cattle Scale Platform | BizAutom","og_description":"Find the best cattle scale for accurate livestock weighing at BizAutom. The Prime Scales PS-4KCS is the perfect cattle scale platform for sale. Book order now!","og_url":"https:\/\/bizautom.com\/pt\/produto\/prime-scales-ps-4kcs-cattle-scale-livestock-scale-calf-scale-with-indicator\/","og_site_name":"BizAutom","article_publisher":"https:\/\/www.facebook.com\/people\/TINGCHEN-BizAutom\/61565746662873\/","article_modified_time":"2026-05-04T19:49:48+00:00","og_image":[{"width":1866,"height":1866,"url":"https:\/\/bizautom.com\/wp-content\/uploads\/2023\/07\/PS-4KCS.jpg","type":"image\/jpeg"}],"twitter_card":"summary_large_image","twitter_misc":{"Est. tempo de leitura":"3 minutos"},"schema":{"@context":"https:\/\/schema.org","@graph":[{"@type":"WebPage","@id":"https:\/\/bizautom.com\/product\/prime-scales-ps-4kcs-cattle-scale-livestock-scale-calf-scale-with-indicator\/","url":"https:\/\/bizautom.com\/product\/prime-scales-ps-4kcs-cattle-scale-livestock-scale-calf-scale-with-indicator\/","name":"Best Cattle Weight Scale | Cattle Scale Platform | BizAutom","isPartOf":{"@id":"https:\/\/bizautom.com\/#website"},"primaryImageOfPage":{"@id":"https:\/\/bizautom.com\/product\/prime-scales-ps-4kcs-cattle-scale-livestock-scale-calf-scale-with-indicator\/#primaryimage"},"image":{"@id":"https:\/\/bizautom.com\/product\/prime-scales-ps-4kcs-cattle-scale-livestock-scale-calf-scale-with-indicator\/#primaryimage"},"thumbnailUrl":"https:\/\/bizautom.com\/wp-content\/uploads\/2023\/07\/PS-4KCS.jpg","datePublished":"2023-07-20T00:01:19+00:00","dateModified":"2026-05-04T19:49:48+00:00","description":"Find the best cattle scale for accurate livestock weighing at BizAutom. The Prime Scales PS-4KCS is the perfect cattle scale platform for sale. Book order now!","breadcrumb":{"@id":"https:\/\/bizautom.com\/product\/prime-scales-ps-4kcs-cattle-scale-livestock-scale-calf-scale-with-indicator\/#breadcrumb"},"inLanguage":"pt-BR","potentialAction":[{"@type":"ReadAction","target":["https:\/\/bizautom.com\/product\/prime-scales-ps-4kcs-cattle-scale-livestock-scale-calf-scale-with-indicator\/"]}]},{"@type":"ImageObject","inLanguage":"pt-BR","@id":"https:\/\/bizautom.com\/product\/prime-scales-ps-4kcs-cattle-scale-livestock-scale-calf-scale-with-indicator\/#primaryimage","url":"https:\/\/bizautom.com\/wp-content\/uploads\/2023\/07\/PS-4KCS.jpg","contentUrl":"https:\/\/bizautom.com\/wp-content\/uploads\/2023\/07\/PS-4KCS.jpg","width":1866,"height":1866,"caption":"Veteinary Floor Scale"},{"@type":"BreadcrumbList","@id":"https:\/\/bizautom.com\/product\/prime-scales-ps-4kcs-cattle-scale-livestock-scale-calf-scale-with-indicator\/#breadcrumb","itemListElement":[{"@type":"ListItem","position":1,"name":"Home","item":"https:\/\/bizautom.com\/"},{"@type":"ListItem","position":2,"name":"Shop","item":"https:\/\/bizautom.com\/shop-2\/"},{"@type":"ListItem","position":3,"name":"Prime Scales PS-4KCS | PS-4KCS-L Cattle Scale | Livestock Scale | Calf Scale with Indicator"}]},{"@type":"WebSite","@id":"https:\/\/bizautom.com\/#website","url":"https:\/\/bizautom.com\/","name":"BizAutom","description":"R\u00e1pido. Preciso. Inteligente.","publisher":{"@id":"https:\/\/bizautom.com\/#organization"},"potentialAction":[{"@type":"SearchAction","target":{"@type":"EntryPoint","urlTemplate":"https:\/\/bizautom.com\/?s={search_term_string}"},"query-input":{"@type":"PropertyValueSpecification","valueRequired":true,"valueName":"search_term_string"}}],"inLanguage":"pt-BR"},{"@type":"Organization","@id":"https:\/\/bizautom.com\/#organization","name":"BizAutom","url":"https:\/\/bizautom.com\/","logo":{"@type":"ImageObject","inLanguage":"pt-BR","@id":"https:\/\/bizautom.com\/#\/schema\/logo\/image\/","url":"https:\/\/bizautom.com\/wp-content\/uploads\/2025\/04\/BizAutom_Logo_1.webp","contentUrl":"https:\/\/bizautom.com\/wp-content\/uploads\/2025\/04\/BizAutom_Logo_1.webp","width":455,"height":326,"caption":"BizAutom"},"image":{"@id":"https:\/\/bizautom.com\/#\/schema\/logo\/image\/"},"sameAs":["https:\/\/www.facebook.com\/people\/TINGCHEN-BizAutom\/61565746662873\/"]}]}},"jetpack-related-posts":[{"id":1488,"url":"https:\/\/bizautom.com\/pt\/produto\/bizautom-livestox-caged-cattle-scale-with-bio-microchip-thermometer-and-scada-system\/","url_meta":{"origin":1004,"position":0},"title":"BizAutom LivestoX Balan\u00e7a para gado engaiolado com term\u00f4metro de microchip biol\u00f3gico e sistema SCADA","author":"admin","date":"agosto 14, 2024","format":false,"excerpt":"A BizAutom LivestoX Caged Cattle Scale with Bio Microchip Thermometer and SCADA System \u00e9 um investimento essencial para os fazendeiros que buscam aprimorar suas pr\u00e1ticas de gerenciamento de gado com tecnologia de ponta.","rel":"","context":"Post similar","block_context":{"text":"Post similar","link":""},"img":{"alt_text":"","src":"https:\/\/i0.wp.com\/bizautom.com\/wp-content\/uploads\/2024\/08\/LiveStoX-scaled.jpg?resize=350%2C200&ssl=1","width":350,"height":200,"srcset":"https:\/\/i0.wp.com\/bizautom.com\/wp-content\/uploads\/2024\/08\/LiveStoX-scaled.jpg?resize=350%2C200&ssl=1 1x, https:\/\/i0.wp.com\/bizautom.com\/wp-content\/uploads\/2024\/08\/LiveStoX-scaled.jpg?resize=525%2C300&ssl=1 1.5x, https:\/\/i0.wp.com\/bizautom.com\/wp-content\/uploads\/2024\/08\/LiveStoX-scaled.jpg?resize=700%2C400&ssl=1 2x, https:\/\/i0.wp.com\/bizautom.com\/wp-content\/uploads\/2024\/08\/LiveStoX-scaled.jpg?resize=1050%2C600&ssl=1 3x, https:\/\/i0.wp.com\/bizautom.com\/wp-content\/uploads\/2024\/08\/LiveStoX-scaled.jpg?resize=1400%2C800&ssl=1 4x"},"classes":[]},{"id":992,"url":"https:\/\/bizautom.com\/pt\/produto\/ps-wb\/","url_meta":{"origin":1004,"position":1},"title":"Prime Scales PS-WB Conjuntos de barras de carga\/barras de pesagem com indicador","author":"admin","date":"julho 19, 2023","format":false,"excerpt":"Transforme sua calha de gado, palete ou qualquer outro equipamento em uma balan\u00e7a confi\u00e1vel com nossas Barras de Pesagem. Com uma plataforma para aplic\u00e1-las, voc\u00ea pode converter facilmente as configura\u00e7\u00f5es existentes em sistemas de pesagem precisos.","rel":"","context":"Post similar","block_context":{"text":"Post similar","link":""},"img":{"alt_text":"","src":"https:\/\/i0.wp.com\/bizautom.com\/wp-content\/uploads\/2023\/07\/PS-WB.jpg?resize=350%2C200&ssl=1","width":350,"height":200,"srcset":"https:\/\/i0.wp.com\/bizautom.com\/wp-content\/uploads\/2023\/07\/PS-WB.jpg?resize=350%2C200&ssl=1 1x, https:\/\/i0.wp.com\/bizautom.com\/wp-content\/uploads\/2023\/07\/PS-WB.jpg?resize=525%2C300&ssl=1 1.5x, https:\/\/i0.wp.com\/bizautom.com\/wp-content\/uploads\/2023\/07\/PS-WB.jpg?resize=700%2C400&ssl=1 2x"},"classes":[]},{"id":1596,"url":"https:\/\/bizautom.com\/pt\/produto\/bizautom-livestox-caged-cattle-scale\/","url_meta":{"origin":1004,"position":2},"title":"BizAutom LivestoX Balan\u00e7a para gado engaiolado com indicador de alto n\u00edvel","author":"admin","date":"outubro 20, 2024","format":false,"excerpt":"A balan\u00e7a para gado em gaiola BizAutom LivestoX \u00e9 um investimento essencial para os fazendeiros que desejam aprimorar suas pr\u00e1ticas de gerenciamento de gado com tecnologia de ponta.","rel":"","context":"Post similar","block_context":{"text":"Post similar","link":""},"img":{"alt_text":"","src":"https:\/\/i0.wp.com\/bizautom.com\/wp-content\/uploads\/2024\/10\/LiveStoX202-scaled.jpg?resize=350%2C200&ssl=1","width":350,"height":200,"srcset":"https:\/\/i0.wp.com\/bizautom.com\/wp-content\/uploads\/2024\/10\/LiveStoX202-scaled.jpg?resize=350%2C200&ssl=1 1x, https:\/\/i0.wp.com\/bizautom.com\/wp-content\/uploads\/2024\/10\/LiveStoX202-scaled.jpg?resize=525%2C300&ssl=1 1.5x, https:\/\/i0.wp.com\/bizautom.com\/wp-content\/uploads\/2024\/10\/LiveStoX202-scaled.jpg?resize=700%2C400&ssl=1 2x, https:\/\/i0.wp.com\/bizautom.com\/wp-content\/uploads\/2024\/10\/LiveStoX202-scaled.jpg?resize=1050%2C600&ssl=1 3x, https:\/\/i0.wp.com\/bizautom.com\/wp-content\/uploads\/2024\/10\/LiveStoX202-scaled.jpg?resize=1400%2C800&ssl=1 4x"},"classes":[]},{"id":1001,"url":"https:\/\/bizautom.com\/pt\/produto\/prime-scales-ps-700as4422-livestock-scale-veterinary-scale-with-indicator\/","url_meta":{"origin":1004,"position":3},"title":"Prime Scales PS-700AS4422 Balan\u00e7a para gado | Balan\u00e7a veterin\u00e1ria com indicador","author":"admin","date":"julho 19, 2023","format":false,"excerpt":"Garanta o monitoramento preciso e eficaz da sa\u00fade dos animais em v\u00e1rios est\u00e1gios de crescimento com o uso de balan\u00e7as para gado. A pesagem de animais \u00e9 um aspecto crucial das opera\u00e7\u00f5es agr\u00edcolas, ajudando a manter o desempenho ideal e garantindo seu bem-estar.","rel":"","context":"Post similar","block_context":{"text":"Post similar","link":""},"img":{"alt_text":"","src":"https:\/\/i0.wp.com\/bizautom.com\/wp-content\/uploads\/2023\/07\/CloudAnimalScale-Pig.jpg?resize=350%2C200&ssl=1","width":350,"height":200,"srcset":"https:\/\/i0.wp.com\/bizautom.com\/wp-content\/uploads\/2023\/07\/CloudAnimalScale-Pig.jpg?resize=350%2C200&ssl=1 1x, https:\/\/i0.wp.com\/bizautom.com\/wp-content\/uploads\/2023\/07\/CloudAnimalScale-Pig.jpg?resize=525%2C300&ssl=1 1.5x, https:\/\/i0.wp.com\/bizautom.com\/wp-content\/uploads\/2023\/07\/CloudAnimalScale-Pig.jpg?resize=700%2C400&ssl=1 2x, https:\/\/i0.wp.com\/bizautom.com\/wp-content\/uploads\/2023\/07\/CloudAnimalScale-Pig.jpg?resize=1050%2C600&ssl=1 3x, https:\/\/i0.wp.com\/bizautom.com\/wp-content\/uploads\/2023\/07\/CloudAnimalScale-Pig.jpg?resize=1400%2C800&ssl=1 4x"},"classes":[]},{"id":4327,"url":"https:\/\/bizautom.com\/pt\/produto\/prime-scales-ps-in202s-stainless-steel-ntep-legal-for-trade-indicator\/","url_meta":{"origin":1004,"position":4},"title":"Prime Scales PS-IN202S Indicador de a\u00e7o inoxid\u00e1vel NTEP legal para com\u00e9rcio","author":"admin","date":"maio 21, 2025","format":false,"excerpt":"The PS-IN202S is the ideal solution for operations demanding precision, durability, and regulatory compliance. Whether you\u2019re upgrading existing equipment or setting up a new industrial scale system, the PS-IN202S offers rugged performance with seamless connectivity.","rel":"","context":"Post similar","block_context":{"text":"Post similar","link":""},"img":{"alt_text":"","src":"https:\/\/i0.wp.com\/bizautom.com\/wp-content\/uploads\/2025\/05\/PS-IN202S-scaled.jpg?resize=350%2C200&ssl=1","width":350,"height":200,"srcset":"https:\/\/i0.wp.com\/bizautom.com\/wp-content\/uploads\/2025\/05\/PS-IN202S-scaled.jpg?resize=350%2C200&ssl=1 1x, https:\/\/i0.wp.com\/bizautom.com\/wp-content\/uploads\/2025\/05\/PS-IN202S-scaled.jpg?resize=525%2C300&ssl=1 1.5x, https:\/\/i0.wp.com\/bizautom.com\/wp-content\/uploads\/2025\/05\/PS-IN202S-scaled.jpg?resize=700%2C400&ssl=1 2x, https:\/\/i0.wp.com\/bizautom.com\/wp-content\/uploads\/2025\/05\/PS-IN202S-scaled.jpg?resize=1050%2C600&ssl=1 3x, https:\/\/i0.wp.com\/bizautom.com\/wp-content\/uploads\/2025\/05\/PS-IN202S-scaled.jpg?resize=1400%2C800&ssl=1 4x"},"classes":[]},{"id":823,"url":"https:\/\/bizautom.com\/pt\/produto\/prime-scales-row-on-weigh-pallet-jack-floor-scale-with-ps-in202-indicator\/","url_meta":{"origin":1004,"position":5},"title":"Balan\u00e7as Prime Scales Roll On Weigh Pallet Jack \/ Balan\u00e7a de piso com indicador PS-IN202","author":"admin","date":"julho 18, 2023","format":false,"excerpt":"Quando se trata de pesar esses objetos, uma rampa \u00e9 essencial, e nossas balan\u00e7as Roll On Weigh oferecem exatamente isso. O design inovador garante que, quando as rodas da paleteira, da carreta, do carrinho ou da cadeira de rodas tocam a rampa, ela se abaixa suavemente at\u00e9 o ch\u00e3o, suportando o peso com seguran\u00e7a.","rel":"","context":"Post similar","block_context":{"text":"Post similar","link":""},"img":{"alt_text":"","src":"https:\/\/i0.wp.com\/bizautom.com\/wp-content\/uploads\/2023\/07\/PS-ROWPalletJack-scaled.jpg?resize=350%2C200&ssl=1","width":350,"height":200,"srcset":"https:\/\/i0.wp.com\/bizautom.com\/wp-content\/uploads\/2023\/07\/PS-ROWPalletJack-scaled.jpg?resize=350%2C200&ssl=1 1x, https:\/\/i0.wp.com\/bizautom.com\/wp-content\/uploads\/2023\/07\/PS-ROWPalletJack-scaled.jpg?resize=525%2C300&ssl=1 1.5x, https:\/\/i0.wp.com\/bizautom.com\/wp-content\/uploads\/2023\/07\/PS-ROWPalletJack-scaled.jpg?resize=700%2C400&ssl=1 2x, https:\/\/i0.wp.com\/bizautom.com\/wp-content\/uploads\/2023\/07\/PS-ROWPalletJack-scaled.jpg?resize=1050%2C600&ssl=1 3x, https:\/\/i0.wp.com\/bizautom.com\/wp-content\/uploads\/2023\/07\/PS-ROWPalletJack-scaled.jpg?resize=1400%2C800&ssl=1 4x"},"classes":[]}],"jetpack_sharing_enabled":true,"_links":{"self":[{"href":"https:\/\/bizautom.com\/pt\/wp-json\/wp\/v2\/product\/1004","targetHints":{"allow":["GET"]}}],"collection":[{"href":"https:\/\/bizautom.com\/pt\/wp-json\/wp\/v2\/product"}],"about":[{"href":"https:\/\/bizautom.com\/pt\/wp-json\/wp\/v2\/types\/product"}],"replies":[{"embeddable":true,"href":"https:\/\/bizautom.com\/pt\/wp-json\/wp\/v2\/comments?post=1004"}],"version-history":[{"count":2,"href":"https:\/\/bizautom.com\/pt\/wp-json\/wp\/v2\/product\/1004\/revisions"}],"predecessor-version":[{"id":5857,"href":"https:\/\/bizautom.com\/pt\/wp-json\/wp\/v2\/product\/1004\/revisions\/5857"}],"wp:featuredmedia":[{"embeddable":true,"href":"https:\/\/bizautom.com\/pt\/wp-json\/wp\/v2\/media\/1006"}],"wp:attachment":[{"href":"https:\/\/bizautom.com\/pt\/wp-json\/wp\/v2\/media?parent=1004"}],"wp:term":[{"taxonomy":"product_brand","embeddable":true,"href":"https:\/\/bizautom.com\/pt\/wp-json\/wp\/v2\/product_brand?post=1004"},{"taxonomy":"product_cat","embeddable":true,"href":"https:\/\/bizautom.com\/pt\/wp-json\/wp\/v2\/product_cat?post=1004"},{"taxonomy":"product_tag","embeddable":true,"href":"https:\/\/bizautom.com\/pt\/wp-json\/wp\/v2\/product_tag?post=1004"}],"curies":[{"name":"wp","href":"https:\/\/api.w.org\/{rel}","templated":true}]}}