{"id":1024,"date":"2023-07-20T01:16:38","date_gmt":"2023-07-20T01:16:38","guid":{"rendered":"https:\/\/bizautom.com\/?post_type=product&#038;p=1024"},"modified":"2024-04-09T08:58:30","modified_gmt":"2024-04-09T08:58:30","slug":"prime-scales-ps-in202ss-stainless-steel-ntep-indicator-trade-legal","status":"publish","type":"product","link":"https:\/\/bizautom.com\/pt\/produto\/prime-scales-ps-in202ss-stainless-steel-ntep-indicator-trade-legal\/","title":{"rendered":"Prime Scales PS-IN202SS Indicador NTEP em a\u00e7o inoxid\u00e1vel - Trade Legal"},"content":{"rendered":"<p>O indicador Prime PS-IN202SS \u00e9 um dispositivo de n\u00edvel profissional Legal For Trade (aprovado pelo NTEP) que oferece uma sa\u00edda serial para impressoras ou PCs. Encapsulado em um inv\u00f3lucro dur\u00e1vel de a\u00e7o inoxid\u00e1vel 304 com classifica\u00e7\u00e3o IP-67 \u00e0 prova d'\u00e1gua, ele foi projetado para resistir a ambientes exigentes. Esse indicador \u00e9 amplamente reconhecido como a melhor op\u00e7\u00e3o para balan\u00e7as de piso, balan\u00e7as de caminh\u00f5es pequenos, funis e muito mais.<\/p>\n<p>Principais recursos:<br \/>\nTela de LED super grande e brilhante de 1,5<br \/>\nTaxa de medi\u00e7\u00e3o anal\u00f3gica para digital configur\u00e1vel<br \/>\nAlimenta\u00e7\u00e3o para at\u00e9 oito c\u00e9lulas de carga de 350 ohm<br \/>\nCalibra\u00e7\u00e3o digital completa com faixa total<br \/>\nModos de exibi\u00e7\u00e3o para peso l\u00edquido ou peso bruto<br \/>\nDetec\u00e7\u00e3o de movimento e manuten\u00e7\u00e3o zero autom\u00e1tica<br \/>\nImpressora e sa\u00edda cont\u00ednua de dados<br \/>\nOpera\u00e7\u00e3o com cinco bot\u00f5es para um controle f\u00e1cil de usar<br \/>\nSuporte de montagem na parede ou suporte inclinado para instala\u00e7\u00e3o vers\u00e1til<br \/>\nAlimentado por um adaptador de 110V CA\/CC<br \/>\nTamanho compacto: 9,3\u2033 (C) x 2,8\u2033 (P) x 6,5\u2033 (A) (com suporte)<br \/>\nNTEP COC# 12-112<\/p>\n<div class=\"\"><a href=\"https:\/\/bizautom.com\/wp-content\/uploads\/2023\/07\/PS-IN202SS_Operators_Manual_EnglishSpanish.pdf\" target=\"_blank\" class=\"emd_dl_red_darker\">Manual de instala\u00e7\u00e3o<\/a><\/div>    <style>            \r\n    .emd_dl_red_darker {\r\n        -moz-box-shadow:inset 0px 1px 0px 0px #f5978e;\r\n        -webkit-box-shadow:inset 0px 1px 0px 0px #f5978e;\r\n        box-shadow:inset 0px 1px 0px 0px #f5978e;\r\n        background:-webkit-gradient( linear, left top, left bottom, color-stop(0.05, #f24537), color-stop(1, #c62d1f) );\r\n        background:-moz-linear-gradient( center top, #f24537 5%, #c62d1f 100% );\r\n        filter:progid:DXImageTransform.Microsoft.gradient(startColorstr='#f24537', endColorstr='#c62d1f');\r\n        background-color:#f24537;\r\n        -webkit-border-top-left-radius:0px;\r\n        -moz-border-radius-topleft:0px;\r\n        border-top-left-radius:0px;\r\n        -webkit-border-top-right-radius:0px;\r\n        -moz-border-radius-topright:0px;\r\n        border-top-right-radius:0px;\r\n        -webkit-border-bottom-right-radius:0px;\r\n        -moz-border-radius-bottomright:0px;\r\n        border-bottom-right-radius:0px;\r\n        -webkit-border-bottom-left-radius:0px;\r\n        -moz-border-radius-bottomleft:0px;\r\n        border-bottom-left-radius:0px;\r\n        text-indent:0;\r\n        border:1px solid #d02718;\r\n        display:inline-block;\r\n        color:#ffffff !important;\r\n        font-family:Georgia;\r\n        font-size:15px;\r\n        font-weight:bold;\r\n        font-style:normal;\r\n        height:41px;\r\n        line-height:41px;\r\n        width:180px;\r\n        text-decoration:none;\r\n        text-align:center;\r\n        text-shadow:1px 1px 0px #810e05;\r\n    }\r\n    .emd_dl_red_darker:hover {\r\n        background:-webkit-gradient( linear, left top, left bottom, color-stop(0.05, #c62d1f), color-stop(1, #f24537) );\r\n        background:-moz-linear-gradient( center top, #c62d1f 5%, #f24537 100% );\r\n        filter:progid:DXImageTransform.Microsoft.gradient(startColorstr='#c62d1f', endColorstr='#f24537');\r\n        background-color:#c62d1f;\r\n    }.emd_dl_red_darker:active {\r\n        position:relative;\r\n        top:1px;\r\n    }<\/style>\n<div class=\"\"><a href=\"https:\/\/bizautom.com\/wp-content\/uploads\/2023\/07\/PS-IN202dataFormat-Protocols-1.pdf\" target=\"_blank\" class=\"emd_dl_red_darker\">Formato de dados<\/a><\/div>    <style>            \r\n    .emd_dl_red_darker {\r\n        -moz-box-shadow:inset 0px 1px 0px 0px #f5978e;\r\n        -webkit-box-shadow:inset 0px 1px 0px 0px #f5978e;\r\n        box-shadow:inset 0px 1px 0px 0px #f5978e;\r\n        background:-webkit-gradient( linear, left top, left bottom, color-stop(0.05, #f24537), color-stop(1, #c62d1f) );\r\n        background:-moz-linear-gradient( center top, #f24537 5%, #c62d1f 100% );\r\n        filter:progid:DXImageTransform.Microsoft.gradient(startColorstr='#f24537', endColorstr='#c62d1f');\r\n        background-color:#f24537;\r\n        -webkit-border-top-left-radius:0px;\r\n        -moz-border-radius-topleft:0px;\r\n        border-top-left-radius:0px;\r\n        -webkit-border-top-right-radius:0px;\r\n        -moz-border-radius-topright:0px;\r\n        border-top-right-radius:0px;\r\n        -webkit-border-bottom-right-radius:0px;\r\n        -moz-border-radius-bottomright:0px;\r\n        border-bottom-right-radius:0px;\r\n        -webkit-border-bottom-left-radius:0px;\r\n        -moz-border-radius-bottomleft:0px;\r\n        border-bottom-left-radius:0px;\r\n        text-indent:0;\r\n        border:1px solid #d02718;\r\n        display:inline-block;\r\n        color:#ffffff !important;\r\n        font-family:Georgia;\r\n        font-size:15px;\r\n        font-weight:bold;\r\n        font-style:normal;\r\n        height:41px;\r\n        line-height:41px;\r\n        width:180px;\r\n        text-decoration:none;\r\n        text-align:center;\r\n        text-shadow:1px 1px 0px #810e05;\r\n    }\r\n    .emd_dl_red_darker:hover {\r\n        background:-webkit-gradient( linear, left top, left bottom, color-stop(0.05, #c62d1f), color-stop(1, #f24537) );\r\n        background:-moz-linear-gradient( center top, #c62d1f 5%, #f24537 100% );\r\n        filter:progid:DXImageTransform.Microsoft.gradient(startColorstr='#c62d1f', endColorstr='#f24537');\r\n        background-color:#c62d1f;\r\n    }.emd_dl_red_darker:active {\r\n        position:relative;\r\n        top:1px;\r\n    }<\/style>","protected":false},"excerpt":{"rendered":"<p>O indicador Prime PS-IN202SS \u00e9 um dispositivo Legal For Trade (aprovado pelo NTEP), equipado com compatibilidade de sa\u00edda serial para impressoras ou PCs. Encapsulado em um gabinete robusto de a\u00e7o inoxid\u00e1vel 304 com classifica\u00e7\u00e3o IP-67 \u00e0 prova d'\u00e1gua, ele garante durabilidade e prote\u00e7\u00e3o. Reconhecida como a melhor op\u00e7\u00e3o para balan\u00e7as de piso, balan\u00e7as de caminh\u00f5es pequenos, funis e aplica\u00e7\u00f5es semelhantes, ela conquistou sua popularidade entre os usu\u00e1rios.<\/p>","protected":false},"featured_media":1025,"comment_status":"open","ping_status":"closed","template":"","meta":[],"product_brand":[41],"product_cat":[32],"product_tag":[61],"class_list":{"0":"post-1024","1":"product","2":"type-product","3":"status-publish","4":"has-post-thumbnail","6":"product_brand-prime-scales","7":"product_cat-instruments-parts","8":"product_tag-stainless-steel-indicator","10":"first","11":"instock","12":"taxable","13":"shipping-taxable","14":"purchasable","15":"product-type-simple"},"yoast_head":"<!-- This site is optimized with the Yoast SEO plugin v27.4 - https:\/\/yoast.com\/product\/yoast-seo-wordpress\/ -->\n<title>Prime Scales PS-IN202SS Stainless Steel NTEP Indicator<\/title>\n<meta name=\"description\" content=\"Discover the versatility and precision of Prime Scales PS-IN202SS stainless steel indicator. Perfect for trade-legal weighing. Visit our website for more!\" \/>\n<meta name=\"robots\" content=\"index, follow, max-snippet:-1, max-image-preview:large, max-video-preview:-1\" \/>\n<link rel=\"canonical\" href=\"https:\/\/bizautom.com\/pt\/produto\/prime-scales-ps-in202ss-stainless-steel-ntep-indicator-trade-legal\/\" \/>\n<meta property=\"og:locale\" content=\"pt_BR\" \/>\n<meta property=\"og:type\" content=\"article\" \/>\n<meta property=\"og:title\" content=\"Prime Scales PS-IN202SS Stainless Steel NTEP Indicator\" \/>\n<meta property=\"og:description\" content=\"Discover the versatility and precision of Prime Scales PS-IN202SS stainless steel indicator. Perfect for trade-legal weighing. Visit our website for more!\" \/>\n<meta property=\"og:url\" content=\"https:\/\/bizautom.com\/pt\/produto\/prime-scales-ps-in202ss-stainless-steel-ntep-indicator-trade-legal\/\" \/>\n<meta property=\"og:site_name\" content=\"BizAutom\" \/>\n<meta property=\"article:publisher\" content=\"https:\/\/www.facebook.com\/people\/TINGCHEN-BizAutom\/61565746662873\/\" \/>\n<meta property=\"article:modified_time\" content=\"2024-04-09T08:58:30+00:00\" \/>\n<meta property=\"og:image\" content=\"https:\/\/bizautom.com\/wp-content\/uploads\/2023\/07\/PS-IN202SS.jpg\" \/>\n\t<meta property=\"og:image:width\" content=\"1440\" \/>\n\t<meta property=\"og:image:height\" content=\"1440\" \/>\n\t<meta property=\"og:image:type\" content=\"image\/jpeg\" \/>\n<meta name=\"twitter:card\" content=\"summary_large_image\" \/>\n<meta name=\"twitter:label1\" content=\"Est. tempo de leitura\" \/>\n\t<meta name=\"twitter:data1\" content=\"1 minuto\" \/>\n<!-- \/ Yoast SEO plugin. -->","yoast_head_json":{"title":"Prime Scales PS-IN202SS Stainless Steel NTEP Indicator","description":"Discover the versatility and precision of Prime Scales PS-IN202SS stainless steel indicator. Perfect for trade-legal weighing. Visit our website for more!","robots":{"index":"index","follow":"follow","max-snippet":"max-snippet:-1","max-image-preview":"max-image-preview:large","max-video-preview":"max-video-preview:-1"},"canonical":"https:\/\/bizautom.com\/pt\/produto\/prime-scales-ps-in202ss-stainless-steel-ntep-indicator-trade-legal\/","og_locale":"pt_BR","og_type":"article","og_title":"Prime Scales PS-IN202SS Stainless Steel NTEP Indicator","og_description":"Discover the versatility and precision of Prime Scales PS-IN202SS stainless steel indicator. Perfect for trade-legal weighing. Visit our website for more!","og_url":"https:\/\/bizautom.com\/pt\/produto\/prime-scales-ps-in202ss-stainless-steel-ntep-indicator-trade-legal\/","og_site_name":"BizAutom","article_publisher":"https:\/\/www.facebook.com\/people\/TINGCHEN-BizAutom\/61565746662873\/","article_modified_time":"2024-04-09T08:58:30+00:00","og_image":[{"width":1440,"height":1440,"url":"https:\/\/bizautom.com\/wp-content\/uploads\/2023\/07\/PS-IN202SS.jpg","type":"image\/jpeg"}],"twitter_card":"summary_large_image","twitter_misc":{"Est. tempo de leitura":"1 minuto"},"schema":{"@context":"https:\/\/schema.org","@graph":[{"@type":"WebPage","@id":"https:\/\/bizautom.com\/product\/prime-scales-ps-in202ss-stainless-steel-ntep-indicator-trade-legal\/","url":"https:\/\/bizautom.com\/product\/prime-scales-ps-in202ss-stainless-steel-ntep-indicator-trade-legal\/","name":"Prime Scales PS-IN202SS Stainless Steel NTEP Indicator","isPartOf":{"@id":"https:\/\/bizautom.com\/#website"},"primaryImageOfPage":{"@id":"https:\/\/bizautom.com\/product\/prime-scales-ps-in202ss-stainless-steel-ntep-indicator-trade-legal\/#primaryimage"},"image":{"@id":"https:\/\/bizautom.com\/product\/prime-scales-ps-in202ss-stainless-steel-ntep-indicator-trade-legal\/#primaryimage"},"thumbnailUrl":"https:\/\/bizautom.com\/wp-content\/uploads\/2023\/07\/PS-IN202SS.jpg","datePublished":"2023-07-20T01:16:38+00:00","dateModified":"2024-04-09T08:58:30+00:00","description":"Discover the versatility and precision of Prime Scales PS-IN202SS stainless steel indicator. Perfect for trade-legal weighing. Visit our website for more!","breadcrumb":{"@id":"https:\/\/bizautom.com\/product\/prime-scales-ps-in202ss-stainless-steel-ntep-indicator-trade-legal\/#breadcrumb"},"inLanguage":"pt-BR","potentialAction":[{"@type":"ReadAction","target":["https:\/\/bizautom.com\/product\/prime-scales-ps-in202ss-stainless-steel-ntep-indicator-trade-legal\/"]}]},{"@type":"ImageObject","inLanguage":"pt-BR","@id":"https:\/\/bizautom.com\/product\/prime-scales-ps-in202ss-stainless-steel-ntep-indicator-trade-legal\/#primaryimage","url":"https:\/\/bizautom.com\/wp-content\/uploads\/2023\/07\/PS-IN202SS.jpg","contentUrl":"https:\/\/bizautom.com\/wp-content\/uploads\/2023\/07\/PS-IN202SS.jpg","width":1440,"height":1440,"caption":"prime scales ps-in202"},{"@type":"BreadcrumbList","@id":"https:\/\/bizautom.com\/product\/prime-scales-ps-in202ss-stainless-steel-ntep-indicator-trade-legal\/#breadcrumb","itemListElement":[{"@type":"ListItem","position":1,"name":"Home","item":"https:\/\/bizautom.com\/"},{"@type":"ListItem","position":2,"name":"Shop","item":"https:\/\/bizautom.com\/shop-2\/"},{"@type":"ListItem","position":3,"name":"Prime Scales PS-IN202SS Stainless Steel NTEP Indicator &#8211; Trade Legal"}]},{"@type":"WebSite","@id":"https:\/\/bizautom.com\/#website","url":"https:\/\/bizautom.com\/","name":"BizAutom","description":"R\u00e1pido. Preciso. Inteligente.","publisher":{"@id":"https:\/\/bizautom.com\/#organization"},"potentialAction":[{"@type":"SearchAction","target":{"@type":"EntryPoint","urlTemplate":"https:\/\/bizautom.com\/?s={search_term_string}"},"query-input":{"@type":"PropertyValueSpecification","valueRequired":true,"valueName":"search_term_string"}}],"inLanguage":"pt-BR"},{"@type":"Organization","@id":"https:\/\/bizautom.com\/#organization","name":"BizAutom","url":"https:\/\/bizautom.com\/","logo":{"@type":"ImageObject","inLanguage":"pt-BR","@id":"https:\/\/bizautom.com\/#\/schema\/logo\/image\/","url":"https:\/\/bizautom.com\/wp-content\/uploads\/2025\/04\/BizAutom_Logo_1.webp","contentUrl":"https:\/\/bizautom.com\/wp-content\/uploads\/2025\/04\/BizAutom_Logo_1.webp","width":455,"height":326,"caption":"BizAutom"},"image":{"@id":"https:\/\/bizautom.com\/#\/schema\/logo\/image\/"},"sameAs":["https:\/\/www.facebook.com\/people\/TINGCHEN-BizAutom\/61565746662873\/"]}]}},"jetpack-related-posts":[{"id":4327,"url":"https:\/\/bizautom.com\/pt\/produto\/prime-scales-ps-in202s-stainless-steel-ntep-legal-for-trade-indicator\/","url_meta":{"origin":1024,"position":0},"title":"Prime Scales PS-IN202S Indicador de a\u00e7o inoxid\u00e1vel NTEP legal para com\u00e9rcio","author":"admin","date":"maio 21, 2025","format":false,"excerpt":"The PS-IN202S is the ideal solution for operations demanding precision, durability, and regulatory compliance. Whether you\u2019re upgrading existing equipment or setting up a new industrial scale system, the PS-IN202S offers rugged performance with seamless connectivity.","rel":"","context":"Post similar","block_context":{"text":"Post similar","link":""},"img":{"alt_text":"","src":"https:\/\/i0.wp.com\/bizautom.com\/wp-content\/uploads\/2025\/05\/PS-IN202S-scaled.jpg?resize=350%2C200&ssl=1","width":350,"height":200,"srcset":"https:\/\/i0.wp.com\/bizautom.com\/wp-content\/uploads\/2025\/05\/PS-IN202S-scaled.jpg?resize=350%2C200&ssl=1 1x, https:\/\/i0.wp.com\/bizautom.com\/wp-content\/uploads\/2025\/05\/PS-IN202S-scaled.jpg?resize=525%2C300&ssl=1 1.5x, https:\/\/i0.wp.com\/bizautom.com\/wp-content\/uploads\/2025\/05\/PS-IN202S-scaled.jpg?resize=700%2C400&ssl=1 2x, https:\/\/i0.wp.com\/bizautom.com\/wp-content\/uploads\/2025\/05\/PS-IN202S-scaled.jpg?resize=1050%2C600&ssl=1 3x, https:\/\/i0.wp.com\/bizautom.com\/wp-content\/uploads\/2025\/05\/PS-IN202S-scaled.jpg?resize=1400%2C800&ssl=1 4x"},"classes":[]},{"id":957,"url":"https:\/\/bizautom.com\/pt\/produto\/prime-scales-ps-in202-digital-indicator-with-rs232-signal-output\/","url_meta":{"origin":1024,"position":1},"title":"Prime Scales PS-IN202 Indicador digital com sa\u00edda de sinal RS232","author":"admin","date":"julho 18, 2023","format":false,"excerpt":"Quer voc\u00ea precise de um indicador b\u00e1sico no momento ou preveja a necessidade de conectar sua balan\u00e7a \u00e0 rede BizAutom no futuro, o PS-IN202 \u00e9 a escolha ideal.","rel":"","context":"Post similar","block_context":{"text":"Post similar","link":""},"img":{"alt_text":"","src":"https:\/\/i0.wp.com\/bizautom.com\/wp-content\/uploads\/2023\/07\/PS-IN202.jpg?resize=350%2C200&ssl=1","width":350,"height":200,"srcset":"https:\/\/i0.wp.com\/bizautom.com\/wp-content\/uploads\/2023\/07\/PS-IN202.jpg?resize=350%2C200&ssl=1 1x, https:\/\/i0.wp.com\/bizautom.com\/wp-content\/uploads\/2023\/07\/PS-IN202.jpg?resize=525%2C300&ssl=1 1.5x, https:\/\/i0.wp.com\/bizautom.com\/wp-content\/uploads\/2023\/07\/PS-IN202.jpg?resize=700%2C400&ssl=1 2x"},"classes":[]},{"id":3667,"url":"https:\/\/bizautom.com\/pt\/produto\/prime-scales-ps-b99ss-stainless-steel-portion-scale\/","url_meta":{"origin":1024,"position":2},"title":"Balan\u00e7as Prime Scales PS-B99SS Balan\u00e7a de por\u00e7\u00f5es de a\u00e7o inoxid\u00e1vel","author":"admin","date":"abril 3, 2025","format":false,"excerpt":"Upgrade your weighing system with the PS-B99SS and experience the perfect balance of accuracy, durability, and convenience!","rel":"","context":"Post similar","block_context":{"text":"Post similar","link":""},"img":{"alt_text":"","src":"https:\/\/i0.wp.com\/bizautom.com\/wp-content\/uploads\/2025\/04\/PS-B99SS-scaled.webp?resize=350%2C200&ssl=1","width":350,"height":200,"srcset":"https:\/\/i0.wp.com\/bizautom.com\/wp-content\/uploads\/2025\/04\/PS-B99SS-scaled.webp?resize=350%2C200&ssl=1 1x, https:\/\/i0.wp.com\/bizautom.com\/wp-content\/uploads\/2025\/04\/PS-B99SS-scaled.webp?resize=525%2C300&ssl=1 1.5x, https:\/\/i0.wp.com\/bizautom.com\/wp-content\/uploads\/2025\/04\/PS-B99SS-scaled.webp?resize=700%2C400&ssl=1 2x, https:\/\/i0.wp.com\/bizautom.com\/wp-content\/uploads\/2025\/04\/PS-B99SS-scaled.webp?resize=1050%2C600&ssl=1 3x, https:\/\/i0.wp.com\/bizautom.com\/wp-content\/uploads\/2025\/04\/PS-B99SS-scaled.webp?resize=1400%2C800&ssl=1 4x"},"classes":[]},{"id":823,"url":"https:\/\/bizautom.com\/pt\/produto\/prime-scales-row-on-weigh-pallet-jack-floor-scale-with-ps-in202-indicator\/","url_meta":{"origin":1024,"position":3},"title":"Balan\u00e7as Prime Scales Roll On Weigh Pallet Jack \/ Balan\u00e7a de piso com indicador PS-IN202","author":"admin","date":"julho 18, 2023","format":false,"excerpt":"Quando se trata de pesar esses objetos, uma rampa \u00e9 essencial, e nossas balan\u00e7as Roll On Weigh oferecem exatamente isso. O design inovador garante que, quando as rodas da paleteira, da carreta, do carrinho ou da cadeira de rodas tocam a rampa, ela se abaixa suavemente at\u00e9 o ch\u00e3o, suportando o peso com seguran\u00e7a.","rel":"","context":"Post similar","block_context":{"text":"Post similar","link":""},"img":{"alt_text":"","src":"https:\/\/i0.wp.com\/bizautom.com\/wp-content\/uploads\/2023\/07\/PS-ROWPalletJack-scaled.jpg?resize=350%2C200&ssl=1","width":350,"height":200,"srcset":"https:\/\/i0.wp.com\/bizautom.com\/wp-content\/uploads\/2023\/07\/PS-ROWPalletJack-scaled.jpg?resize=350%2C200&ssl=1 1x, https:\/\/i0.wp.com\/bizautom.com\/wp-content\/uploads\/2023\/07\/PS-ROWPalletJack-scaled.jpg?resize=525%2C300&ssl=1 1.5x, https:\/\/i0.wp.com\/bizautom.com\/wp-content\/uploads\/2023\/07\/PS-ROWPalletJack-scaled.jpg?resize=700%2C400&ssl=1 2x, https:\/\/i0.wp.com\/bizautom.com\/wp-content\/uploads\/2023\/07\/PS-ROWPalletJack-scaled.jpg?resize=1050%2C600&ssl=1 3x, https:\/\/i0.wp.com\/bizautom.com\/wp-content\/uploads\/2023\/07\/PS-ROWPalletJack-scaled.jpg?resize=1400%2C800&ssl=1 4x"},"classes":[]},{"id":3127,"url":"https:\/\/bizautom.com\/pt\/produto\/prime-scales-ps-45-wide-format-thermal-label-paper-serial-printer\/","url_meta":{"origin":1024,"position":4},"title":"Impressora serial de papel\/etiqueta t\u00e9rmica de grande formato Prime Scales PS-45","author":"admin","date":"mar\u00e7o 30, 2025","format":false,"excerpt":"A PS-45 \u00e9 a nossa impressora de formato mais amplo, oferecendo impress\u00f5es instant\u00e2neas com o simples toque de um bot\u00e3o. Ela imprime sem esfor\u00e7o dados de peso, texto, c\u00f3digos de barras, c\u00f3digos QR e n\u00fameros de s\u00e9rie em papel t\u00e9rmico em rolo, etiquetas padr\u00e3o ou etiquetas cont\u00ednuas de at\u00e9 4,5\" de largura.","rel":"","context":"Post similar","block_context":{"text":"Post similar","link":""},"img":{"alt_text":"","src":"https:\/\/i0.wp.com\/bizautom.com\/wp-content\/uploads\/2025\/03\/PS-45.jpg?resize=350%2C200&ssl=1","width":350,"height":200,"srcset":"https:\/\/i0.wp.com\/bizautom.com\/wp-content\/uploads\/2025\/03\/PS-45.jpg?resize=350%2C200&ssl=1 1x, https:\/\/i0.wp.com\/bizautom.com\/wp-content\/uploads\/2025\/03\/PS-45.jpg?resize=525%2C300&ssl=1 1.5x, https:\/\/i0.wp.com\/bizautom.com\/wp-content\/uploads\/2025\/03\/PS-45.jpg?resize=700%2C400&ssl=1 2x, https:\/\/i0.wp.com\/bizautom.com\/wp-content\/uploads\/2025\/03\/PS-45.jpg?resize=1050%2C600&ssl=1 3x, https:\/\/i0.wp.com\/bizautom.com\/wp-content\/uploads\/2025\/03\/PS-45.jpg?resize=1400%2C800&ssl=1 4x"},"classes":[]},{"id":1074,"url":"https:\/\/bizautom.com\/pt\/produto\/prime-scales-ps-35-thermal-label-paper-serial-printer\/","url_meta":{"origin":1024,"position":5},"title":"Impressora serial de papel\/etiqueta t\u00e9rmica PS-35 da Prime Scales","author":"admin","date":"julho 31, 2023","format":false,"excerpt":"A impressora PS-35 \u00e9 a impressora mais avan\u00e7ada de nossa linha. Com um simples pressionar de bot\u00e3o, ela pode imprimir instantaneamente informa\u00e7\u00f5es de peso em papel t\u00e9rmico em rolo, etiquetas comuns ou etiquetas sem forro com espessura m\u00ednima de 0,2 mm.","rel":"","context":"Post similar","block_context":{"text":"Post similar","link":""},"img":{"alt_text":"","src":"https:\/\/i0.wp.com\/bizautom.com\/wp-content\/uploads\/2023\/07\/Main.jpg?resize=350%2C200&ssl=1","width":350,"height":200,"srcset":"https:\/\/i0.wp.com\/bizautom.com\/wp-content\/uploads\/2023\/07\/Main.jpg?resize=350%2C200&ssl=1 1x, https:\/\/i0.wp.com\/bizautom.com\/wp-content\/uploads\/2023\/07\/Main.jpg?resize=525%2C300&ssl=1 1.5x, https:\/\/i0.wp.com\/bizautom.com\/wp-content\/uploads\/2023\/07\/Main.jpg?resize=700%2C400&ssl=1 2x, https:\/\/i0.wp.com\/bizautom.com\/wp-content\/uploads\/2023\/07\/Main.jpg?resize=1050%2C600&ssl=1 3x, https:\/\/i0.wp.com\/bizautom.com\/wp-content\/uploads\/2023\/07\/Main.jpg?resize=1400%2C800&ssl=1 4x"},"classes":[]}],"jetpack_sharing_enabled":true,"_links":{"self":[{"href":"https:\/\/bizautom.com\/pt\/wp-json\/wp\/v2\/product\/1024","targetHints":{"allow":["GET"]}}],"collection":[{"href":"https:\/\/bizautom.com\/pt\/wp-json\/wp\/v2\/product"}],"about":[{"href":"https:\/\/bizautom.com\/pt\/wp-json\/wp\/v2\/types\/product"}],"replies":[{"embeddable":true,"href":"https:\/\/bizautom.com\/pt\/wp-json\/wp\/v2\/comments?post=1024"}],"version-history":[{"count":0,"href":"https:\/\/bizautom.com\/pt\/wp-json\/wp\/v2\/product\/1024\/revisions"}],"wp:featuredmedia":[{"embeddable":true,"href":"https:\/\/bizautom.com\/pt\/wp-json\/wp\/v2\/media\/1025"}],"wp:attachment":[{"href":"https:\/\/bizautom.com\/pt\/wp-json\/wp\/v2\/media?parent=1024"}],"wp:term":[{"taxonomy":"product_brand","embeddable":true,"href":"https:\/\/bizautom.com\/pt\/wp-json\/wp\/v2\/product_brand?post=1024"},{"taxonomy":"product_cat","embeddable":true,"href":"https:\/\/bizautom.com\/pt\/wp-json\/wp\/v2\/product_cat?post=1024"},{"taxonomy":"product_tag","embeddable":true,"href":"https:\/\/bizautom.com\/pt\/wp-json\/wp\/v2\/product_tag?post=1024"}],"curies":[{"name":"wp","href":"https:\/\/api.w.org\/{rel}","templated":true}]}}