{"id":1172,"date":"2023-12-29T07:30:44","date_gmt":"2023-12-29T07:30:44","guid":{"rendered":"https:\/\/bizautom.com\/?post_type=product&#038;p=1172"},"modified":"2025-04-11T18:07:41","modified_gmt":"2025-04-11T22:07:41","slug":"bizautom-ba-dws2424-laser-dimensional-scale-500x0-1lb-cap-with-printer-software","status":"publish","type":"product","link":"https:\/\/bizautom.com\/pt\/produto\/bizautom-ba-dws2424-laser-dimensional-scale-500x0-1lb-cap-with-printer-software\/","title":{"rendered":"BizAutom BA-DS2424 Balan\u00e7a Dimensional a Laser 500\u00d70.1lb Cap. com C\u00e2mera, Scanner, Impressora e Software"},"content":{"rendered":"<p><span style=\"font-weight: 400;\">O envio de mercadorias de forma correta e econ\u00f4mica \u00e9 fundamental para qualquer empresa. Se voc\u00ea usar apenas o peso para definir os custos de remessa, poder\u00e1 acabar pagando mais caro, especialmente para itens grandes, mas leves. \u00c9 a\u00ed que entra o <\/span><b>Balan\u00e7a dimensional a laser BA-DS2424<\/b><span style=\"font-weight: 400;\"> da BizAutom. Ele ajuda voc\u00ea a economizar dinheiro e a aumentar a precis\u00e3o medindo o peso e o tamanho.<\/span><\/p>\n<p><span style=\"font-weight: 400;\">O BA-DS2424 \u00e9 uma ferramenta simples e econ\u00f4mica que usa tecnologia a laser para medir dimens\u00f5es e peso. Ele tem capacidade para 500 lb e resolu\u00e7\u00e3o de 0,1 lb, o que o torna adequado para v\u00e1rios tamanhos de embalagens.<\/span><\/p>\n<h2><b>Por que o peso dimensional \u00e9 importante<\/b><\/h2>\n<p><span style=\"font-weight: 400;\">O peso dimensional (peso DIM) \u00e9 importante ao enviar pacotes porque afeta o custo. Esse m\u00e9todo considera tanto o peso quanto o tamanho de um pacote para calcular as taxas de remessa.\u00a0<\/span><\/p>\n<p><span style=\"font-weight: 400;\">Isso ajuda as empresas a evitar pagar muito caro por itens grandes e leves. Transportadoras como a FedEx e a UPS geralmente cobram com base no peso DIM, portanto, fazer isso corretamente pode economizar dinheiro.<\/span><\/p>\n<p><span style=\"font-weight: 400;\">A balan\u00e7a dimensional a laser ajuda sua empresa a calcular o peso DIM com precis\u00e3o. Dessa forma, voc\u00ea paga apenas o custo real de remessa com base no peso e no tamanho de cada pacote.<\/span><\/p>\n<h2><b>Principais recursos<\/b><\/h2>\n<p><span style=\"font-weight: 400;\">A balan\u00e7a BA-DS2424 tem muitos recursos que a tornam uma excelente ferramenta para as empresas. Aqui est\u00e3o os principais recursos:<\/span><\/p>\n<h3><b>Medi\u00e7\u00f5es precisas de peso<\/b><\/h3>\n<p><span style=\"font-weight: 400;\">Ela apresenta c\u00e9lulas de carga de alta qualidade que garantem a medi\u00e7\u00e3o precisa do peso. Ele pode pesar pacotes de at\u00e9 500 lb com uma resolu\u00e7\u00e3o de 0,1 lb. Isso ajuda a calcular com precis\u00e3o os custos de remessa.<\/span><\/p>\n<h3><b>Tecnologia a laser para medi\u00e7\u00e3o dimensional<\/b><\/h3>\n<p><span style=\"font-weight: 400;\">Em vez de medir manualmente, essa balan\u00e7a usa tecnologia a laser para medir a largura, a profundidade e a altura de embalagens de at\u00e9 20\u2033 x 20\u2033 x 30\u2033. Isso economiza tempo e elimina o risco de erro humano.<\/span><\/p>\n<h3><b>C\u00e1lculo instant\u00e2neo do peso dimensional<\/b><\/h3>\n<p><span style=\"font-weight: 400;\">A balan\u00e7a calcula automaticamente o peso dimensional. Basta inserir as dimens\u00f5es e o peso, e o software calcula rapidamente o peso dimensional com base nos padr\u00f5es da transportadora. Isso ajuda a evitar cobran\u00e7as excessivas pela remessa.<\/span><\/p>\n<h3><b>Integra\u00e7\u00e3o de software f\u00e1cil de usar<\/b><\/h3>\n<p><span style=\"font-weight: 400;\">A balan\u00e7a inclui um software que facilita a remessa. Ela gera t\u00edquetes de remessa detalhados para cada pacote e armazena os dados digitalmente. Ela tamb\u00e9m funciona com outros <a href=\"https:\/\/bizautom.com\/pt\/categoria-produto\/quality-softwares\/\">sistemas de software<\/a> para melhorar o fluxo de trabalho e o acesso aos dados.<\/span><\/p>\n<h3><b>Dur\u00e1vel e vers\u00e1til<\/b><\/h3>\n<p><span style=\"font-weight: 400;\">A balan\u00e7a foi constru\u00edda para durar e pode manusear muitos tipos de pacotes. \u00c9 perfeita para armaz\u00e9ns, centros de distribui\u00e7\u00e3o ou empresas de varejo. Ela oferece a durabilidade e a versatilidade de que voc\u00ea precisa para a expedi\u00e7\u00e3o.<\/span><\/p>\n<h2><b>Como a balan\u00e7a BA-DS2424 beneficia sua empresa<\/b><\/h2>\n<p><span style=\"font-weight: 400;\">A balan\u00e7a \u00e9 mais do que um simples equipamento; \u00e9 um investimento em sua empresa. Ela aumenta a precis\u00e3o e a velocidade de suas remessas. Usando a tecnologia SCADA, a balan\u00e7a ajuda a reduzir os custos calculando com precis\u00e3o o peso dimensional.<\/span><\/p>\n<p><span style=\"font-weight: 400;\">Com essa balan\u00e7a, sua empresa pode evitar taxas extras de remessa, economizar espa\u00e7o e aumentar a efici\u00eancia da remessa. Ela se conecta facilmente ao seu software atual, simplificando o gerenciamento de dados e melhorando seu fluxo de trabalho.<\/span><\/p>\n<h3><b>Principais benef\u00edcios<\/b><\/h3>\n<ul>\n<li style=\"font-weight: 400;\" aria-level=\"1\"><b>Economize dinheiro no frete: <\/b><span style=\"font-weight: 400;\">Evite cobran\u00e7as excessivas com c\u00e1lculos precisos de peso.<\/span><\/li>\n<li style=\"font-weight: 400;\" aria-level=\"1\"><b>Simples de usar: <\/b><span style=\"font-weight: 400;\">A tecnologia a laser e o software f\u00e1cil simplificam o processo.<\/span><\/li>\n<li style=\"font-weight: 400;\" aria-level=\"1\"><b>Aumentar a efici\u00eancia:<\/b><span style=\"font-weight: 400;\"> A automa\u00e7\u00e3o do processo permite que voc\u00ea lide com mais pacotes com menos esfor\u00e7o.<\/span><\/li>\n<li style=\"font-weight: 400;\" aria-level=\"1\"><b>Dur\u00e1vel e confi\u00e1vel:<\/b><span style=\"font-weight: 400;\"> Constru\u00eddo para uso pesado, ele dura muito tempo.<\/span><\/li>\n<li style=\"font-weight: 400;\" aria-level=\"1\"><b>Vers\u00e1til: <\/b><span style=\"font-weight: 400;\">Funciona para empresas de todos os tamanhos e em v\u00e1rios setores.<\/span><\/li>\n<\/ul>\n<h2><b>Perguntas frequentes (FAQs)<\/b><\/h2>\n<ul>\n<li aria-level=\"1\">\n<h3><b>O que \u00e9 peso dimensional e como ele afeta meus custos de remessa?<\/b><\/h3>\n<\/li>\n<\/ul>\n<p><span style=\"font-weight: 400;\">\u00c9 uma forma de calcular os custos de remessa com base no tamanho e no peso de um pacote. Isso garante que voc\u00ea pague pelo espa\u00e7o que seu pacote ocupa, n\u00e3o apenas pelo peso.<\/span><\/p>\n<ul>\n<li aria-level=\"1\">\n<h3><b>Como a balan\u00e7a BA-DS2424 ajuda nos custos de remessa?<\/b><\/h3>\n<\/li>\n<\/ul>\n<p><span style=\"font-weight: 400;\">A balan\u00e7a mede o peso e o tamanho, calculando o peso dimensional em tempo real. Isso ajuda voc\u00ea a pagar o valor correto, evitando cobran\u00e7as extras.<\/span><\/p>\n<ul>\n<li aria-level=\"1\">\n<h3><b>O BA-DS2424 pode manusear itens grandes?<\/b><\/h3>\n<\/li>\n<\/ul>\n<p><span style=\"font-weight: 400;\">Sim, ele pode medir embalagens de at\u00e9 20\u2033 x 20\u2033 x 30\u2033, portanto, funciona tanto para itens pequenos quanto para grandes.<\/span><\/p>\n<ul>\n<li aria-level=\"1\">\n<h3><b>O software do BA-DS2424 \u00e9 f\u00e1cil de usar?<\/b><\/h3>\n<\/li>\n<\/ul>\n<p><span style=\"font-weight: 400;\">Sim, o software \u00e9 simples. Ele calcula automaticamente o peso dimensional e cria t\u00edquetes de remessa, facilitando o processo.<\/span><\/p>\n<ul>\n<li aria-level=\"1\">\n<h3><b>Posso integrar a balan\u00e7a aos meus sistemas existentes?<\/b><\/h3>\n<\/li>\n<\/ul>\n<p><span style=\"font-weight: 400;\">Sim, o software pode se conectar facilmente com seus sistemas atuais, ajudando a manter seus dados de remessa organizados.<\/span><\/p>\n<ul>\n<li aria-level=\"1\">\n<h3><b>Qual \u00e9 a durabilidade dessa balan\u00e7a?<\/b><\/h3>\n<\/li>\n<\/ul>\n<p><span style=\"font-weight: 400;\">Essa balan\u00e7a foi constru\u00edda para durar e pode suportar ambientes de remessa de alto volume para uso a longo prazo.<\/span><\/p>\n<h2><b>Compre agora!<\/b><\/h2>\n<p><span style=\"font-weight: 400;\">A balan\u00e7a dimensional a laser BA-DS2424 da BizAutom \u00e9 perfeita para empresas que desejam aumentar a precis\u00e3o das remessas e reduzir os custos. Ela usa tecnologia a laser avan\u00e7ada para determinar o peso e as dimens\u00f5es com precis\u00e3o.\u00a0<\/span><\/p>\n<p><span style=\"font-weight: 400;\">Com um software simples e f\u00e1cil de usar, essa balan\u00e7a ajuda a simplificar as opera\u00e7\u00f5es, economizar dinheiro e aumentar a efici\u00eancia. Independentemente de voc\u00ea enviar itens pequenos ou grandes, \u00e9 uma maneira confi\u00e1vel e econ\u00f4mica de melhorar seu processo de remessa.<\/span><\/p>\n<p>&nbsp;<\/p>\n<div style=\"width: 800px;\" class=\"wp-video\"><video class=\"wp-video-shortcode\" id=\"video-1172-1\" width=\"800\" height=\"450\" preload=\"metadata\" controls=\"controls\"><source type=\"video\/mp4\" src=\"https:\/\/bizautom.com\/wp-content\/uploads\/2023\/12\/Dim-Scale-Introduction.mp4?_=1\" \/><a href=\"https:\/\/bizautom.com\/wp-content\/uploads\/2023\/12\/Dim-Scale-Introduction.mp4\">https:\/\/bizautom.com\/wp-content\/uploads\/2023\/12\/Dim-Scale-Introduction.mp4<\/a><\/video><\/div>","protected":false},"excerpt":{"rendered":"<p>O <strong>Balan\u00e7a Dimensional a Laser BizAutom<\/strong> foi projetada para trazer precis\u00e3o e efici\u00eancia aos seus processos de remessa. Essa balan\u00e7a inovadora combina tecnologia avan\u00e7ada de medi\u00e7\u00e3o de peso e dimens\u00e3o, simplificando o gerenciamento de custos de remessa e aumentando a precis\u00e3o geral.<\/p>","protected":false},"featured_media":1645,"comment_status":"open","ping_status":"closed","template":"","meta":[],"product_brand":[51],"product_cat":[15,30],"product_tag":[81],"class_list":{"0":"post-1172","1":"product","2":"type-product","3":"status-publish","4":"has-post-thumbnail","6":"product_brand-bizautom","7":"product_cat-industrial-equipment","8":"product_cat-industrial-scales","9":"product_tag-dimensional-weight-scale","11":"first","12":"instock","13":"taxable","14":"shipping-taxable","15":"purchasable","16":"product-type-simple"},"yoast_head":"<!-- This site is optimized with the Yoast SEO plugin v27.4 - https:\/\/yoast.com\/product\/yoast-seo-wordpress\/ -->\n<title>BizAutom BA-DWS2424 Laser Dimensional Scale With Printer &amp; SW<\/title>\n<meta name=\"description\" content=\"Experience precision and efficiency with the BizAutom Laser Dimensional Scale, a cost-effective solution designed to optimize your shipping cost management.\" \/>\n<meta name=\"robots\" content=\"index, follow, max-snippet:-1, max-image-preview:large, max-video-preview:-1\" \/>\n<link rel=\"canonical\" href=\"https:\/\/bizautom.com\/pt\/produto\/bizautom-ba-dws2424-laser-dimensional-scale-500x0-1lb-cap-with-printer-software\/\" \/>\n<meta property=\"og:locale\" content=\"pt_BR\" \/>\n<meta property=\"og:type\" content=\"article\" \/>\n<meta property=\"og:title\" content=\"BizAutom BA-DWS2424 Laser Dimensional Scale With Printer &amp; SW\" \/>\n<meta property=\"og:description\" content=\"Experience precision and efficiency with the BizAutom Laser Dimensional Scale, a cost-effective solution designed to optimize your shipping cost management.\" \/>\n<meta property=\"og:url\" content=\"https:\/\/bizautom.com\/pt\/produto\/bizautom-ba-dws2424-laser-dimensional-scale-500x0-1lb-cap-with-printer-software\/\" \/>\n<meta property=\"og:site_name\" content=\"BizAutom\" \/>\n<meta property=\"article:publisher\" content=\"https:\/\/www.facebook.com\/people\/TINGCHEN-BizAutom\/61565746662873\/\" \/>\n<meta property=\"article:modified_time\" content=\"2025-04-11T22:07:41+00:00\" \/>\n<meta property=\"og:image\" content=\"https:\/\/bizautom.com\/wp-content\/uploads\/2023\/12\/BA-DS2424-scaled.jpg\" \/>\n\t<meta property=\"og:image:width\" content=\"2560\" \/>\n\t<meta property=\"og:image:height\" content=\"2560\" \/>\n\t<meta property=\"og:image:type\" content=\"image\/jpeg\" \/>\n<meta name=\"twitter:card\" content=\"summary_large_image\" \/>\n<meta name=\"twitter:label1\" content=\"Est. tempo de leitura\" \/>\n\t<meta name=\"twitter:data1\" content=\"4 minutos\" \/>\n<!-- \/ Yoast SEO plugin. -->","yoast_head_json":{"title":"BizAutom BA-DWS2424 Laser Dimensional Scale With Printer & SW","description":"Experience precision and efficiency with the BizAutom Laser Dimensional Scale, a cost-effective solution designed to optimize your shipping cost management.","robots":{"index":"index","follow":"follow","max-snippet":"max-snippet:-1","max-image-preview":"max-image-preview:large","max-video-preview":"max-video-preview:-1"},"canonical":"https:\/\/bizautom.com\/pt\/produto\/bizautom-ba-dws2424-laser-dimensional-scale-500x0-1lb-cap-with-printer-software\/","og_locale":"pt_BR","og_type":"article","og_title":"BizAutom BA-DWS2424 Laser Dimensional Scale With Printer & SW","og_description":"Experience precision and efficiency with the BizAutom Laser Dimensional Scale, a cost-effective solution designed to optimize your shipping cost management.","og_url":"https:\/\/bizautom.com\/pt\/produto\/bizautom-ba-dws2424-laser-dimensional-scale-500x0-1lb-cap-with-printer-software\/","og_site_name":"BizAutom","article_publisher":"https:\/\/www.facebook.com\/people\/TINGCHEN-BizAutom\/61565746662873\/","article_modified_time":"2025-04-11T22:07:41+00:00","og_image":[{"width":2560,"height":2560,"url":"https:\/\/bizautom.com\/wp-content\/uploads\/2023\/12\/BA-DS2424-scaled.jpg","type":"image\/jpeg"}],"twitter_card":"summary_large_image","twitter_misc":{"Est. tempo de leitura":"4 minutos"},"schema":{"@context":"https:\/\/schema.org","@graph":[{"@type":"WebPage","@id":"https:\/\/bizautom.com\/product\/bizautom-ba-dws2424-laser-dimensional-scale-500x0-1lb-cap-with-printer-software\/","url":"https:\/\/bizautom.com\/product\/bizautom-ba-dws2424-laser-dimensional-scale-500x0-1lb-cap-with-printer-software\/","name":"BizAutom BA-DWS2424 Laser Dimensional Scale With Printer & SW","isPartOf":{"@id":"https:\/\/bizautom.com\/#website"},"primaryImageOfPage":{"@id":"https:\/\/bizautom.com\/product\/bizautom-ba-dws2424-laser-dimensional-scale-500x0-1lb-cap-with-printer-software\/#primaryimage"},"image":{"@id":"https:\/\/bizautom.com\/product\/bizautom-ba-dws2424-laser-dimensional-scale-500x0-1lb-cap-with-printer-software\/#primaryimage"},"thumbnailUrl":"https:\/\/bizautom.com\/wp-content\/uploads\/2023\/12\/BA-DS2424-scaled.jpg","datePublished":"2023-12-29T07:30:44+00:00","dateModified":"2025-04-11T22:07:41+00:00","description":"Experience precision and efficiency with the BizAutom Laser Dimensional Scale, a cost-effective solution designed to optimize your shipping cost management.","breadcrumb":{"@id":"https:\/\/bizautom.com\/product\/bizautom-ba-dws2424-laser-dimensional-scale-500x0-1lb-cap-with-printer-software\/#breadcrumb"},"inLanguage":"pt-BR","potentialAction":[{"@type":"ReadAction","target":["https:\/\/bizautom.com\/product\/bizautom-ba-dws2424-laser-dimensional-scale-500x0-1lb-cap-with-printer-software\/"]}]},{"@type":"ImageObject","inLanguage":"pt-BR","@id":"https:\/\/bizautom.com\/product\/bizautom-ba-dws2424-laser-dimensional-scale-500x0-1lb-cap-with-printer-software\/#primaryimage","url":"https:\/\/bizautom.com\/wp-content\/uploads\/2023\/12\/BA-DS2424-scaled.jpg","contentUrl":"https:\/\/bizautom.com\/wp-content\/uploads\/2023\/12\/BA-DS2424-scaled.jpg","width":2560,"height":2560,"caption":"industrial smart scales"},{"@type":"BreadcrumbList","@id":"https:\/\/bizautom.com\/product\/bizautom-ba-dws2424-laser-dimensional-scale-500x0-1lb-cap-with-printer-software\/#breadcrumb","itemListElement":[{"@type":"ListItem","position":1,"name":"Home","item":"https:\/\/bizautom.com\/"},{"@type":"ListItem","position":2,"name":"Shop","item":"https:\/\/bizautom.com\/shop-2\/"},{"@type":"ListItem","position":3,"name":"BizAutom BA-DS2424 Laser Dimensional Scale 500&#215;0.1lb Cap. with Camera, Scanner, Printer &#038; Software"}]},{"@type":"WebSite","@id":"https:\/\/bizautom.com\/#website","url":"https:\/\/bizautom.com\/","name":"BizAutom","description":"R\u00e1pido. Preciso. Inteligente.","publisher":{"@id":"https:\/\/bizautom.com\/#organization"},"potentialAction":[{"@type":"SearchAction","target":{"@type":"EntryPoint","urlTemplate":"https:\/\/bizautom.com\/?s={search_term_string}"},"query-input":{"@type":"PropertyValueSpecification","valueRequired":true,"valueName":"search_term_string"}}],"inLanguage":"pt-BR"},{"@type":"Organization","@id":"https:\/\/bizautom.com\/#organization","name":"BizAutom","url":"https:\/\/bizautom.com\/","logo":{"@type":"ImageObject","inLanguage":"pt-BR","@id":"https:\/\/bizautom.com\/#\/schema\/logo\/image\/","url":"https:\/\/bizautom.com\/wp-content\/uploads\/2025\/04\/BizAutom_Logo_1.webp","contentUrl":"https:\/\/bizautom.com\/wp-content\/uploads\/2025\/04\/BizAutom_Logo_1.webp","width":455,"height":326,"caption":"BizAutom"},"image":{"@id":"https:\/\/bizautom.com\/#\/schema\/logo\/image\/"},"sameAs":["https:\/\/www.facebook.com\/people\/TINGCHEN-BizAutom\/61565746662873\/"]}]}},"jetpack-related-posts":[{"id":1212,"url":"https:\/\/bizautom.com\/pt\/produto\/bizautom-ba-k120s-g4-versatile-stretch-wrap-machine-with-integrated-3-dimensional-weight-scale-and-label-printer\/","url_meta":{"origin":1172,"position":0},"title":"BizAutom BA-K120S G4 M\u00e1quina vers\u00e1til para embalagem el\u00e1stica com balan\u00e7a de peso tridimensional integrada e impressora de etiquetas","author":"admin","date":"janeiro 22, 2024","format":false,"excerpt":"Apresentamos a primeira empacotadora extens\u00edvel do mundo com uma balan\u00e7a de peso tridimensional integrada. Essa m\u00e1quina vers\u00e1til pode embalar, pesar, medir, imprimir e transmitir em uma \u00fanica opera\u00e7\u00e3o, otimizando a economia de tempo e de custos para voc\u00ea.","rel":"","context":"Post similar","block_context":{"text":"Post similar","link":""},"img":{"alt_text":"","src":"https:\/\/i0.wp.com\/bizautom.com\/wp-content\/uploads\/2024\/01\/BA-K120S-WrappingMachineG4Color.jpg?resize=350%2C200&ssl=1","width":350,"height":200,"srcset":"https:\/\/i0.wp.com\/bizautom.com\/wp-content\/uploads\/2024\/01\/BA-K120S-WrappingMachineG4Color.jpg?resize=350%2C200&ssl=1 1x, https:\/\/i0.wp.com\/bizautom.com\/wp-content\/uploads\/2024\/01\/BA-K120S-WrappingMachineG4Color.jpg?resize=525%2C300&ssl=1 1.5x, https:\/\/i0.wp.com\/bizautom.com\/wp-content\/uploads\/2024\/01\/BA-K120S-WrappingMachineG4Color.jpg?resize=700%2C400&ssl=1 2x"},"classes":[]},{"id":4337,"url":"https:\/\/bizautom.com\/pt\/produto\/bizautom-cubeweigh-dimensioner-and-scale-system\/","url_meta":{"origin":1172,"position":1},"title":"Sistema de balan\u00e7a e dimensionador CubeWeigh da BizAutom BA-CBW","author":"admin","date":"junho 10, 2025","format":false,"excerpt":"Eficiente. Preciso. Integrado.","rel":"","context":"Post similar","block_context":{"text":"Post similar","link":""},"img":{"alt_text":"","src":"https:\/\/i0.wp.com\/bizautom.com\/wp-content\/uploads\/2025\/06\/CubeWeigh.jpg?resize=350%2C200&ssl=1","width":350,"height":200,"srcset":"https:\/\/i0.wp.com\/bizautom.com\/wp-content\/uploads\/2025\/06\/CubeWeigh.jpg?resize=350%2C200&ssl=1 1x, https:\/\/i0.wp.com\/bizautom.com\/wp-content\/uploads\/2025\/06\/CubeWeigh.jpg?resize=525%2C300&ssl=1 1.5x, https:\/\/i0.wp.com\/bizautom.com\/wp-content\/uploads\/2025\/06\/CubeWeigh.jpg?resize=700%2C400&ssl=1 2x, https:\/\/i0.wp.com\/bizautom.com\/wp-content\/uploads\/2025\/06\/CubeWeigh.jpg?resize=1050%2C600&ssl=1 3x, https:\/\/i0.wp.com\/bizautom.com\/wp-content\/uploads\/2025\/06\/CubeWeigh.jpg?resize=1400%2C800&ssl=1 4x"},"classes":[]},{"id":3763,"url":"https:\/\/bizautom.com\/pt\/produto\/ba-ds2424-shipstation-version-automated-shipping-integration-that-saves-big-on-labor\/","url_meta":{"origin":1172,"position":2},"title":"BA-DS2424-Auto - Balan\u00e7a de dimens\u00e3o automatizada com integra\u00e7\u00e3o de remessa que economiza muito em m\u00e3o de obra","author":"admin","date":"abril 8, 2025","format":false,"excerpt":"\ud83d\udee0\ufe0f Ready to Save Time and Labor? If your team is still doing shipping the manual way, it\u2019s time to level up. The BA-DS2424 Shipstation Version can reduce your processing time by over 60% per order, eliminate repetitive data entry, and help your warehouse ship more with fewer hands. Stop\u2026","rel":"","context":"Post similar","block_context":{"text":"Post similar","link":""},"img":{"alt_text":"","src":"https:\/\/i0.wp.com\/bizautom.com\/wp-content\/uploads\/2025\/04\/BA-DS2424-Auto-scaled.webp?resize=350%2C200&ssl=1","width":350,"height":200,"srcset":"https:\/\/i0.wp.com\/bizautom.com\/wp-content\/uploads\/2025\/04\/BA-DS2424-Auto-scaled.webp?resize=350%2C200&ssl=1 1x, https:\/\/i0.wp.com\/bizautom.com\/wp-content\/uploads\/2025\/04\/BA-DS2424-Auto-scaled.webp?resize=525%2C300&ssl=1 1.5x, https:\/\/i0.wp.com\/bizautom.com\/wp-content\/uploads\/2025\/04\/BA-DS2424-Auto-scaled.webp?resize=700%2C400&ssl=1 2x, https:\/\/i0.wp.com\/bizautom.com\/wp-content\/uploads\/2025\/04\/BA-DS2424-Auto-scaled.webp?resize=1050%2C600&ssl=1 3x, https:\/\/i0.wp.com\/bizautom.com\/wp-content\/uploads\/2025\/04\/BA-DS2424-Auto-scaled.webp?resize=1400%2C800&ssl=1 4x"},"classes":[]},{"id":4345,"url":"https:\/\/bizautom.com\/pt\/produto\/bizautom-ba-dc130-dual-counting-scale-with-data-storage-and-software-integration\/","url_meta":{"origin":1172,"position":3},"title":"Balan\u00e7a de contagem dupla BizAutom BA-DC130 com armazenamento de dados e integra\u00e7\u00e3o de software","author":"admin","date":"junho 17, 2025","format":false,"excerpt":"The BizAutom BA-DC130 Dual Counting Scale is more than just a counting device\u2014it\u2019s a versatile, smart, and scalable system designed to simplify complex inventory and production tasks. Whether you're counting thousands of small components or managing heavy parts across large platforms, the BA-DC130 delivers the speed, accuracy, and connectivity modern\u2026","rel":"","context":"Post similar","block_context":{"text":"Post similar","link":""},"img":{"alt_text":"","src":"https:\/\/i0.wp.com\/bizautom.com\/wp-content\/uploads\/2025\/06\/DualCountScaleFloorScale.jpg?resize=350%2C200&ssl=1","width":350,"height":200,"srcset":"https:\/\/i0.wp.com\/bizautom.com\/wp-content\/uploads\/2025\/06\/DualCountScaleFloorScale.jpg?resize=350%2C200&ssl=1 1x, https:\/\/i0.wp.com\/bizautom.com\/wp-content\/uploads\/2025\/06\/DualCountScaleFloorScale.jpg?resize=525%2C300&ssl=1 1.5x, https:\/\/i0.wp.com\/bizautom.com\/wp-content\/uploads\/2025\/06\/DualCountScaleFloorScale.jpg?resize=700%2C400&ssl=1 2x, https:\/\/i0.wp.com\/bizautom.com\/wp-content\/uploads\/2025\/06\/DualCountScaleFloorScale.jpg?resize=1050%2C600&ssl=1 3x, https:\/\/i0.wp.com\/bizautom.com\/wp-content\/uploads\/2025\/06\/DualCountScaleFloorScale.jpg?resize=1400%2C800&ssl=1 4x"},"classes":[]},{"id":1575,"url":"https:\/\/bizautom.com\/pt\/produto\/bizautom-ba-sbm4-tank-scale-kit-load-cell-module-kit\/","url_meta":{"origin":1172,"position":4},"title":"BizAutom BA-LCM-SB Conjunto de montagem de balan\u00e7a de tanque de silo","author":"admin","date":"setembro 28, 2024","format":false,"excerpt":"Equip your facility with the BizAutom BA-LCM-SBS Silo Tank Scale Mount Assembly for seamless, accurate weight management, essential for inventory control and production efficiency. This assembly\u2019s robust design and flexible applications make it a reliable choice across diverse sectors, delivering consistent and precise weight data to support your operation\u2019s success.","rel":"","context":"Post similar","block_context":{"text":"Post similar","link":""},"img":{"alt_text":"","src":"https:\/\/i0.wp.com\/bizautom.com\/wp-content\/uploads\/2024\/09\/BA-LCM-SB-scaled.jpg?resize=350%2C200&ssl=1","width":350,"height":200,"srcset":"https:\/\/i0.wp.com\/bizautom.com\/wp-content\/uploads\/2024\/09\/BA-LCM-SB-scaled.jpg?resize=350%2C200&ssl=1 1x, https:\/\/i0.wp.com\/bizautom.com\/wp-content\/uploads\/2024\/09\/BA-LCM-SB-scaled.jpg?resize=525%2C300&ssl=1 1.5x, https:\/\/i0.wp.com\/bizautom.com\/wp-content\/uploads\/2024\/09\/BA-LCM-SB-scaled.jpg?resize=700%2C400&ssl=1 2x, https:\/\/i0.wp.com\/bizautom.com\/wp-content\/uploads\/2024\/09\/BA-LCM-SB-scaled.jpg?resize=1050%2C600&ssl=1 3x, https:\/\/i0.wp.com\/bizautom.com\/wp-content\/uploads\/2024\/09\/BA-LCM-SB-scaled.jpg?resize=1400%2C800&ssl=1 4x"},"classes":[]},{"id":1628,"url":"https:\/\/bizautom.com\/pt\/produto\/bizautom-ba-lcm-sb-silo-tank-scale-mount-assembly-kit-4-module-set\/","url_meta":{"origin":1172,"position":5},"title":"BizAutom BA-LCM-SB-4 Kit de montagem em escala de tanque de silo (conjunto de 4 m\u00f3dulos)","author":"admin","date":"outubro 26, 2024","format":false,"excerpt":"The all-include kit of BizAutom BA-LCM-SB Silo Tank Scale Mount Assembly for seamless, accurate weight management, essential for inventory control and production efficiency. It includes 4 load cell modules, 1 indicator, 1 junction box and other accessories.","rel":"","context":"Post similar","block_context":{"text":"Post similar","link":""},"img":{"alt_text":"","src":"https:\/\/i0.wp.com\/bizautom.com\/wp-content\/uploads\/2024\/09\/LoadcellModules-1-scaled.jpg?resize=350%2C200&ssl=1","width":350,"height":200,"srcset":"https:\/\/i0.wp.com\/bizautom.com\/wp-content\/uploads\/2024\/09\/LoadcellModules-1-scaled.jpg?resize=350%2C200&ssl=1 1x, https:\/\/i0.wp.com\/bizautom.com\/wp-content\/uploads\/2024\/09\/LoadcellModules-1-scaled.jpg?resize=525%2C300&ssl=1 1.5x, https:\/\/i0.wp.com\/bizautom.com\/wp-content\/uploads\/2024\/09\/LoadcellModules-1-scaled.jpg?resize=700%2C400&ssl=1 2x, https:\/\/i0.wp.com\/bizautom.com\/wp-content\/uploads\/2024\/09\/LoadcellModules-1-scaled.jpg?resize=1050%2C600&ssl=1 3x, https:\/\/i0.wp.com\/bizautom.com\/wp-content\/uploads\/2024\/09\/LoadcellModules-1-scaled.jpg?resize=1400%2C800&ssl=1 4x"},"classes":[]}],"jetpack_sharing_enabled":true,"_links":{"self":[{"href":"https:\/\/bizautom.com\/pt\/wp-json\/wp\/v2\/product\/1172","targetHints":{"allow":["GET"]}}],"collection":[{"href":"https:\/\/bizautom.com\/pt\/wp-json\/wp\/v2\/product"}],"about":[{"href":"https:\/\/bizautom.com\/pt\/wp-json\/wp\/v2\/types\/product"}],"replies":[{"embeddable":true,"href":"https:\/\/bizautom.com\/pt\/wp-json\/wp\/v2\/comments?post=1172"}],"version-history":[{"count":4,"href":"https:\/\/bizautom.com\/pt\/wp-json\/wp\/v2\/product\/1172\/revisions"}],"predecessor-version":[{"id":4150,"href":"https:\/\/bizautom.com\/pt\/wp-json\/wp\/v2\/product\/1172\/revisions\/4150"}],"wp:featuredmedia":[{"embeddable":true,"href":"https:\/\/bizautom.com\/pt\/wp-json\/wp\/v2\/media\/1645"}],"wp:attachment":[{"href":"https:\/\/bizautom.com\/pt\/wp-json\/wp\/v2\/media?parent=1172"}],"wp:term":[{"taxonomy":"product_brand","embeddable":true,"href":"https:\/\/bizautom.com\/pt\/wp-json\/wp\/v2\/product_brand?post=1172"},{"taxonomy":"product_cat","embeddable":true,"href":"https:\/\/bizautom.com\/pt\/wp-json\/wp\/v2\/product_cat?post=1172"},{"taxonomy":"product_tag","embeddable":true,"href":"https:\/\/bizautom.com\/pt\/wp-json\/wp\/v2\/product_tag?post=1172"}],"curies":[{"name":"wp","href":"https:\/\/api.w.org\/{rel}","templated":true}]}}